{"id":201185,"date":"2024-05-15T17:54:22","date_gmt":"2024-05-15T15:54:22","guid":{"rendered":"https:\/\/shop.bantam.ch\/produit\/tente-de-toit-vista\/"},"modified":"2026-04-19T01:32:10","modified_gmt":"2026-04-18T23:32:10","slug":"tente-de-toit-vista","status":"publish","type":"product","link":"https:\/\/shop.bantam.ch\/fr\/produit\/tente-de-toit-vista\/","title":{"rendered":"Tente de toit Vista"},"content":{"rendered":"<p>Vivez l&rsquo;ultime sensation de libert\u00e9 avec la tente de toit Hapro Vista. Un design unique, un standard \u00e9lev\u00e9 et des fonctions innovantes caract\u00e9risent la Vista. Le m\u00e9canisme de pliage avanc\u00e9 garantit un pliage et un d\u00e9pliage simples et rapides comme l&rsquo;\u00e9clair, de sorte que vous \u00eates pr\u00eat pour votre prochaine aventure en 60 secondes seulement. La toile de tente r\u00e9sistante en coton de De Waard, l&rsquo;int\u00e9rieur spacieux et le matelas \u00e9pais \u00e0 double couche garantissent des nuits confortables sous un ciel \u00e9toil\u00e9.<\/p>\n<ul>\n<li>Lanterneau panoramique: gr\u00e2ce au lanterneau panoramique, vous pouvez profiter du ciel \u00e9toil\u00e9 tout en vous endormant doucement. Vous pr\u00e9f\u00e9rez un environnement de sommeil sombre ? Fermez simplement la fen\u00eatre avec le rideau d&rsquo;occultation<\/li>\n<li>\u00c9l\u00e9gant et silencieux: Le syst\u00e8me de haubanage innovant et brevet\u00e9, avec ses barres t\u00e9lescopiques int\u00e9gr\u00e9es \u00e0 l&rsquo;armature en aluminium, garantit un haubanage simple, rapide et surtout bien tendu de la toile de coton. Cela permet de passer des nuits tranquilles sans que les \u00e9l\u00e9ments de la tente ne volent, m\u00eame s&rsquo;il y a du vent dehors<\/li>\n<li>Entr\u00e9e et fen\u00eatres: L&rsquo;entr\u00e9e, la fen\u00eatre de toit et les deux fen\u00eatres lat\u00e9rales sont \u00e9quip\u00e9es de rideaux d&rsquo;occultation. En outre, l&rsquo;entr\u00e9e et la fen\u00eatre de toit sont \u00e9quip\u00e9es d&rsquo;une moustiquaire \u00e0 mailles fines<\/li>\n<li>Fixation de la tente de toit Premium-Fit: Le syst\u00e8me brevet\u00e9 de fixation de la tente de toit Premium-Fit avec dispositif antivol assure un montage rapide, s\u00fbr et facile de la tente Hapro Vista sur les barres de toit (ou le ch\u00e2ssis de toit)<\/li>\n<li>Matelas luxueux: un matelas en mousse froide \u00e0 deux couches de 5 cm d&rsquo;\u00e9paisseur combin\u00e9 \u00e0 un matelas anti-condensation de 1 cm d&rsquo;\u00e9paisseur garantit des nuits confortables en toute saison<\/li>\n<li>\u00c9chelle t\u00e9lescopique: l&rsquo;\u00e9chelle est int\u00e9gr\u00e9e dans le m\u00e9canisme de pliage du Vista et peut \u00eatre d\u00e9ploy\u00e9e jusqu&rsquo;\u00e0 210 cm, ce qui la rend adapt\u00e9e \u00e0 la plupart des v\u00e9hicules. Pour les v\u00e9hicules plus hauts, une rallonge (jusqu&rsquo;\u00e0 60 cm) est disponible en accessoire<\/li>\n<li>Rangement facile: gr\u00e2ce \u00e0 sa conception ing\u00e9nieuse, les matelas, coussins et couvertures peuvent rester dans la tente lorsque celle-ci est repli\u00e9<\/li>\n<li>Tente de toit \u00e0 coque dure: la coque dure solide et r\u00e9sistante aux chocs est fabriqu\u00e9e en ABS\/ASA. Ce m\u00e9lange unique la rend incroyablement solide et r\u00e9sistante aux UV, ce qui garantit la long\u00e9vit\u00e9 de la tente de toit<\/li>\n<li>\u00c9clairage LED int\u00e9gr\u00e9: la tente Hapro Vista dispose d&rsquo;un \u00e9clairage LED int\u00e9gr\u00e9 avec connexion USB-C. La rampe d&rsquo;\u00e9clairage est parfaitement int\u00e9gr\u00e9e dans le profil\u00e9 de toit central en aluminium et s&rsquo;\u00e9tend sur toute la longueur de la tente de toit<\/li>\n<li>Le Hapro Vista est pr\u00eat \u00e0 l&#8217;emploi en 60 secondes seulement: un syst\u00e8me de pliage avanc\u00e9 garantit un pliage et un d\u00e9pliage rapides et simples de la tente de toit<\/li>\n<li>Fermetures \u00e0 glissi\u00e8re r\u00e9sistantes: La tente est \u00e9quip\u00e9e de fermetures \u00e0 glissi\u00e8re YKK soigneusement s\u00e9lectionn\u00e9es, robustes et r\u00e9sistantes, qui r\u00e9sistent \u00e0 des conditions extr\u00eames et \u00e0 une utilisation intensive<\/li>\n<\/ul>\n<p>Mat\u00e9riaux:&nbsp;<br \/>\nTente: 100 % coton (l\u00e9ger, respirant, 230 g)<br \/>\nCoque rigide: 100 % ABS\/ASA (r\u00e9sistant aux chocs, aux UV)<br \/>\nMatelas: 100 % mousse froide (double couche)<br \/>\nCadre int\u00e9rieur: 100 % aluminium<br \/>\nConstruction du fond: 100 % construction alv\u00e9olaire l\u00e9g\u00e8re en polypropyl\u00e8ne avec surface en fibre de verre<\/p>\n<p>Contenu de la livraison:&nbsp;<br \/>\nInclus \u00c9chelle<br \/>\nMatelas<br \/>\n\u00c9clairage int\u00e9rieur LED int\u00e9gr\u00e9 avec USB-C<br \/>\nOuvertures avec moustiquaire \u00e0 mailles fines<br \/>\nLanterneau panoramique avec stores d&rsquo;occultation<br \/>\nSyst\u00e8me antivol<br \/>\nVerrouillage central<\/p>\n","protected":false},"excerpt":{"rendered":"<p>Vivez l&rsquo;ultime sensation de libert\u00e9 avec la tente de toit Hapro Vista. Un design unique, un standard \u00e9lev\u00e9 et des fonctions innovantes caract\u00e9risent la Vista. Le m\u00e9canisme de pliage avanc\u00e9 garantit un pliage et un d\u00e9pliage simples et rapides comme l&rsquo;\u00e9clair, de sorte que vous \u00eates pr\u00eat pour votre prochaine aventure en 60 secondes seulement. [&hellip;]<\/p>\n","protected":false},"featured_media":201175,"template":"","meta":{"_acf_changed":false},"product_featured_cat":[],"product_brand":[],"product_cat":[4243],"product_tag":[],"class_list":{"0":"post-201185","1":"product","2":"type-product","3":"status-publish","4":"has-post-thumbnail","6":"product_cat-tentes-de-toit","8":"first","9":"instock","10":"taxable","11":"shipping-taxable","12":"purchasable","13":"product-type-variable"},"acf":[],"yoast_head":"<!-- This site is optimized with the Yoast SEO plugin v27.4 - https:\/\/yoast.com\/product\/yoast-seo-wordpress\/ -->\n<title>Tente de toit Vista - Bantam Wankm\u00fcller SA<\/title>\n<meta name=\"robots\" content=\"index, follow, max-snippet:-1, max-image-preview:large, max-video-preview:-1\" \/>\n<link rel=\"canonical\" href=\"https:\/\/shop.bantam.ch\/fr\/produit\/tente-de-toit-vista\/\" \/>\n<meta property=\"og:locale\" content=\"fr_FR\" \/>\n<meta property=\"og:type\" content=\"article\" \/>\n<meta property=\"og:title\" content=\"Tente de toit Vista - Bantam Wankm\u00fcller SA\" \/>\n<meta property=\"og:description\" content=\"Vivez l&rsquo;ultime sensation de libert\u00e9 avec la tente de toit Hapro Vista. Un design unique, un standard \u00e9lev\u00e9 et des fonctions innovantes caract\u00e9risent la Vista. Le m\u00e9canisme de pliage avanc\u00e9 garantit un pliage et un d\u00e9pliage simples et rapides comme l&rsquo;\u00e9clair, de sorte que vous \u00eates pr\u00eat pour votre prochaine aventure en 60 secondes seulement. [&hellip;]\" \/>\n<meta property=\"og:url\" content=\"https:\/\/shop.bantam.ch\/fr\/produit\/tente-de-toit-vista\/\" \/>\n<meta property=\"og:site_name\" content=\"Bantam Wankm\u00fcller SA\" \/>\n<meta property=\"article:modified_time\" content=\"2026-04-18T23:32:10+00:00\" \/>\n<meta name=\"twitter:card\" content=\"summary_large_image\" \/>\n<meta name=\"twitter:label1\" content=\"Dur\u00e9e de lecture estim\u00e9e\" \/>\n\t<meta name=\"twitter:data1\" content=\"3 minutes\" \/>\n<script type=\"application\/ld+json\" class=\"yoast-schema-graph\">{\"@context\":\"https:\\\/\\\/schema.org\",\"@graph\":[{\"@type\":\"WebPage\",\"@id\":\"https:\\\/\\\/shop.bantam.ch\\\/fr\\\/produit\\\/tente-de-toit-vista\\\/\",\"url\":\"https:\\\/\\\/shop.bantam.ch\\\/fr\\\/produit\\\/tente-de-toit-vista\\\/\",\"name\":\"Tente de toit Vista - Bantam Wankm\u00fcller SA\",\"isPartOf\":{\"@id\":\"https:\\\/\\\/shop.bantam.ch\\\/fr\\\/#website\"},\"primaryImageOfPage\":{\"@id\":\"https:\\\/\\\/shop.bantam.ch\\\/fr\\\/produit\\\/tente-de-toit-vista\\\/#primaryimage\"},\"image\":{\"@id\":\"https:\\\/\\\/shop.bantam.ch\\\/fr\\\/produit\\\/tente-de-toit-vista\\\/#primaryimage\"},\"thumbnailUrl\":\"https:\\\/\\\/shop.bantam.ch\\\/wp-content\\\/uploads\\\/2024\\\/05\\\/Movera-L-9971379100.jpg\",\"datePublished\":\"2024-05-15T15:54:22+00:00\",\"dateModified\":\"2026-04-18T23:32:10+00:00\",\"breadcrumb\":{\"@id\":\"https:\\\/\\\/shop.bantam.ch\\\/fr\\\/produit\\\/tente-de-toit-vista\\\/#breadcrumb\"},\"inLanguage\":\"fr-FR\",\"potentialAction\":[{\"@type\":\"ReadAction\",\"target\":[\"https:\\\/\\\/shop.bantam.ch\\\/fr\\\/produit\\\/tente-de-toit-vista\\\/\"]}]},{\"@type\":\"ImageObject\",\"inLanguage\":\"fr-FR\",\"@id\":\"https:\\\/\\\/shop.bantam.ch\\\/fr\\\/produit\\\/tente-de-toit-vista\\\/#primaryimage\",\"url\":\"https:\\\/\\\/shop.bantam.ch\\\/wp-content\\\/uploads\\\/2024\\\/05\\\/Movera-L-9971379100.jpg\",\"contentUrl\":\"https:\\\/\\\/shop.bantam.ch\\\/wp-content\\\/uploads\\\/2024\\\/05\\\/Movera-L-9971379100.jpg\",\"width\":640,\"height\":452},{\"@type\":\"BreadcrumbList\",\"@id\":\"https:\\\/\\\/shop.bantam.ch\\\/fr\\\/produit\\\/tente-de-toit-vista\\\/#breadcrumb\",\"itemListElement\":[{\"@type\":\"ListItem\",\"position\":1,\"name\":\"Accueil\",\"item\":\"https:\\\/\\\/shop.bantam.ch\\\/fr\\\/\"},{\"@type\":\"ListItem\",\"position\":2,\"name\":\"Boutique\",\"item\":\"https:\\\/\\\/shop.bantam.ch\\\/fr\\\/boutique\\\/\"},{\"@type\":\"ListItem\",\"position\":3,\"name\":\"Tente de toit Vista\"}]},{\"@type\":\"WebSite\",\"@id\":\"https:\\\/\\\/shop.bantam.ch\\\/fr\\\/#website\",\"url\":\"https:\\\/\\\/shop.bantam.ch\\\/fr\\\/\",\"name\":\"Bantam Wankm\u00fcller SA\",\"description\":\"\",\"publisher\":{\"@id\":\"https:\\\/\\\/shop.bantam.ch\\\/fr\\\/#organization\"},\"inLanguage\":\"fr-FR\"},{\"@type\":\"Organization\",\"@id\":\"https:\\\/\\\/shop.bantam.ch\\\/fr\\\/#organization\",\"name\":\"Bantam Wankm\u00fcller SA\",\"url\":\"https:\\\/\\\/shop.bantam.ch\\\/fr\\\/\",\"logo\":{\"@type\":\"ImageObject\",\"inLanguage\":\"fr-FR\",\"@id\":\"https:\\\/\\\/shop.bantam.ch\\\/fr\\\/#\\\/schema\\\/logo\\\/image\\\/\",\"url\":\"https:\\\/\\\/shop.bantam.ch\\\/wp-content\\\/uploads\\\/2022\\\/12\\\/bantam-logo.png\",\"contentUrl\":\"https:\\\/\\\/shop.bantam.ch\\\/wp-content\\\/uploads\\\/2022\\\/12\\\/bantam-logo.png\",\"width\":320,\"height\":71,\"caption\":\"Bantam Wankm\u00fcller SA\"},\"image\":{\"@id\":\"https:\\\/\\\/shop.bantam.ch\\\/fr\\\/#\\\/schema\\\/logo\\\/image\\\/\"}}]}<\/script>\n<!-- \/ Yoast SEO plugin. -->","yoast_head_json":{"title":"Tente de toit Vista - Bantam Wankm\u00fcller SA","robots":{"index":"index","follow":"follow","max-snippet":"max-snippet:-1","max-image-preview":"max-image-preview:large","max-video-preview":"max-video-preview:-1"},"canonical":"https:\/\/shop.bantam.ch\/fr\/produit\/tente-de-toit-vista\/","og_locale":"fr_FR","og_type":"article","og_title":"Tente de toit Vista - Bantam Wankm\u00fcller SA","og_description":"Vivez l&rsquo;ultime sensation de libert\u00e9 avec la tente de toit Hapro Vista. Un design unique, un standard \u00e9lev\u00e9 et des fonctions innovantes caract\u00e9risent la Vista. Le m\u00e9canisme de pliage avanc\u00e9 garantit un pliage et un d\u00e9pliage simples et rapides comme l&rsquo;\u00e9clair, de sorte que vous \u00eates pr\u00eat pour votre prochaine aventure en 60 secondes seulement. [&hellip;]","og_url":"https:\/\/shop.bantam.ch\/fr\/produit\/tente-de-toit-vista\/","og_site_name":"Bantam Wankm\u00fcller SA","article_modified_time":"2026-04-18T23:32:10+00:00","twitter_card":"summary_large_image","twitter_misc":{"Dur\u00e9e de lecture estim\u00e9e":"3 minutes"},"schema":{"@context":"https:\/\/schema.org","@graph":[{"@type":"WebPage","@id":"https:\/\/shop.bantam.ch\/fr\/produit\/tente-de-toit-vista\/","url":"https:\/\/shop.bantam.ch\/fr\/produit\/tente-de-toit-vista\/","name":"Tente de toit Vista - Bantam Wankm\u00fcller SA","isPartOf":{"@id":"https:\/\/shop.bantam.ch\/fr\/#website"},"primaryImageOfPage":{"@id":"https:\/\/shop.bantam.ch\/fr\/produit\/tente-de-toit-vista\/#primaryimage"},"image":{"@id":"https:\/\/shop.bantam.ch\/fr\/produit\/tente-de-toit-vista\/#primaryimage"},"thumbnailUrl":"https:\/\/shop.bantam.ch\/wp-content\/uploads\/2024\/05\/Movera-L-9971379100.jpg","datePublished":"2024-05-15T15:54:22+00:00","dateModified":"2026-04-18T23:32:10+00:00","breadcrumb":{"@id":"https:\/\/shop.bantam.ch\/fr\/produit\/tente-de-toit-vista\/#breadcrumb"},"inLanguage":"fr-FR","potentialAction":[{"@type":"ReadAction","target":["https:\/\/shop.bantam.ch\/fr\/produit\/tente-de-toit-vista\/"]}]},{"@type":"ImageObject","inLanguage":"fr-FR","@id":"https:\/\/shop.bantam.ch\/fr\/produit\/tente-de-toit-vista\/#primaryimage","url":"https:\/\/shop.bantam.ch\/wp-content\/uploads\/2024\/05\/Movera-L-9971379100.jpg","contentUrl":"https:\/\/shop.bantam.ch\/wp-content\/uploads\/2024\/05\/Movera-L-9971379100.jpg","width":640,"height":452},{"@type":"BreadcrumbList","@id":"https:\/\/shop.bantam.ch\/fr\/produit\/tente-de-toit-vista\/#breadcrumb","itemListElement":[{"@type":"ListItem","position":1,"name":"Accueil","item":"https:\/\/shop.bantam.ch\/fr\/"},{"@type":"ListItem","position":2,"name":"Boutique","item":"https:\/\/shop.bantam.ch\/fr\/boutique\/"},{"@type":"ListItem","position":3,"name":"Tente de toit Vista"}]},{"@type":"WebSite","@id":"https:\/\/shop.bantam.ch\/fr\/#website","url":"https:\/\/shop.bantam.ch\/fr\/","name":"Bantam Wankm\u00fcller SA","description":"","publisher":{"@id":"https:\/\/shop.bantam.ch\/fr\/#organization"},"inLanguage":"fr-FR"},{"@type":"Organization","@id":"https:\/\/shop.bantam.ch\/fr\/#organization","name":"Bantam Wankm\u00fcller SA","url":"https:\/\/shop.bantam.ch\/fr\/","logo":{"@type":"ImageObject","inLanguage":"fr-FR","@id":"https:\/\/shop.bantam.ch\/fr\/#\/schema\/logo\/image\/","url":"https:\/\/shop.bantam.ch\/wp-content\/uploads\/2022\/12\/bantam-logo.png","contentUrl":"https:\/\/shop.bantam.ch\/wp-content\/uploads\/2022\/12\/bantam-logo.png","width":320,"height":71,"caption":"Bantam Wankm\u00fcller SA"},"image":{"@id":"https:\/\/shop.bantam.ch\/fr\/#\/schema\/logo\/image\/"}}]}},"_links":{"self":[{"href":"https:\/\/shop.bantam.ch\/fr\/wp-json\/wp\/v2\/product\/201185","targetHints":{"allow":["GET"]}}],"collection":[{"href":"https:\/\/shop.bantam.ch\/fr\/wp-json\/wp\/v2\/product"}],"about":[{"href":"https:\/\/shop.bantam.ch\/fr\/wp-json\/wp\/v2\/types\/product"}],"wp:featuredmedia":[{"embeddable":true,"href":"https:\/\/shop.bantam.ch\/fr\/wp-json\/wp\/v2\/media\/201175"}],"wp:attachment":[{"href":"https:\/\/shop.bantam.ch\/fr\/wp-json\/wp\/v2\/media?parent=201185"}],"wp:term":[{"taxonomy":"product_featured_cat","embeddable":true,"href":"https:\/\/shop.bantam.ch\/fr\/wp-json\/wp\/v2\/product_featured_cat?post=201185"},{"taxonomy":"product_brand","embeddable":true,"href":"https:\/\/shop.bantam.ch\/fr\/wp-json\/wp\/v2\/product_brand?post=201185"},{"taxonomy":"product_cat","embeddable":true,"href":"https:\/\/shop.bantam.ch\/fr\/wp-json\/wp\/v2\/product_cat?post=201185"},{"taxonomy":"product_tag","embeddable":true,"href":"https:\/\/shop.bantam.ch\/fr\/wp-json\/wp\/v2\/product_tag?post=201185"}],"curies":[{"name":"wp","href":"https:\/\/api.w.org\/{rel}","templated":true}]}}