{"id":201147,"date":"2024-05-15T17:53:26","date_gmt":"2024-05-15T15:53:26","guid":{"rendered":"https:\/\/shop.bantam.ch\/produit\/fixgo-adapter-puffer-peggy-peg-lot-de-2\/"},"modified":"2026-04-18T23:17:18","modified_gmt":"2026-04-18T21:17:18","slug":"fixgo-adapter-puffer-peggy-peg-lot-de-2","status":"publish","type":"product","link":"https:\/\/shop.bantam.ch\/fr\/produit\/fixgo-adapter-puffer-peggy-peg-lot-de-2\/","title":{"rendered":"Fix&amp;Go Adapter Puffer Peggy Peg, lot de 2"},"content":{"rendered":"<p>Fixer facilement les stores au sol : La plaque d&rsquo;ancrage Fix&amp;Go 2.0 est la solution pour une fixation simple du store sur l&#8217;emplacement. C&rsquo;est pourquoi de nombreux campeurs nous ont demand\u00e9 une possibilit\u00e9 de relier les barres rondes d&rsquo;une voile d&rsquo;ombrage, de simples stores \u00e0 barres ou d&rsquo;un store 180\u00b0\/270\u00b0 \u00e0 notre pratique plaque d&rsquo;ancrage Fix&amp;Go 2.0. Notre solution : l&rsquo;adaptateur Fix&amp;Go. Celui-ci est utilis\u00e9 \u00e0 la place du bouchon aveugle souvent utilis\u00e9 \u00e0 l&rsquo;extr\u00e9mit\u00e9 de la barre. En le tordant simplement \u00e0 la main, l&rsquo;adaptateur Fix&amp;Go s&rsquo;adapte aux tubes d&rsquo;un diam\u00e8tre int\u00e9rieur de 18 \u00e0 27 mm et se fixe solidement dans la barre. Cet adaptateur intelligent est donc compatible avec les m\u00e2ts de tente les plus courants. Autre point : l&rsquo;adaptateur Fix&amp;Go est si petit et compact qu&rsquo;il peut g\u00e9n\u00e9ralement rester sur le m\u00e2t et que tout rentre ainsi sans probl\u00e8me, par exemple dans le sac d&rsquo;un store. Si cela n&rsquo;est pas possible, l&rsquo;adaptateur Fix&amp;Go se d\u00e9monte en quelques secondes.L&rsquo;adaptateur Fix&amp;Go s&rsquo;ins\u00e8re parfaitement dans l&rsquo;\u00e9videment de la plaque d&rsquo;ancrage Fix&amp;Go 2.0. Gr\u00e2ce \u00e0 la polyvalence de la plaque d&rsquo;ancrage, les barres peuvent \u00eatre fix\u00e9es en toute s\u00e9curit\u00e9 sur presque tous les sols &#8211; et aussi rapidement retir\u00e9es si le temps change un jour.<\/p>\n","protected":false},"excerpt":{"rendered":"<p>Fixer facilement les stores au sol : La plaque d&rsquo;ancrage Fix&amp;Go 2.0 est la solution pour une fixation simple du store sur l&#8217;emplacement. C&rsquo;est pourquoi de nombreux campeurs nous ont demand\u00e9 une possibilit\u00e9 de relier les barres rondes d&rsquo;une voile d&rsquo;ombrage, de simples stores \u00e0 barres ou d&rsquo;un store 180\u00b0\/270\u00b0 \u00e0 notre pratique plaque d&rsquo;ancrage [&hellip;]<\/p>\n","protected":false},"featured_media":207636,"template":"","meta":{"_acf_changed":false},"product_featured_cat":[],"product_brand":[],"product_cat":[4227],"product_tag":[],"class_list":{"0":"post-201147","1":"product","2":"type-product","3":"status-publish","4":"has-post-thumbnail","6":"product_cat-fixations-de-store","8":"first","9":"instock","10":"taxable","11":"shipping-taxable","12":"purchasable","13":"product-type-simple"},"acf":[],"yoast_head":"<!-- This site is optimized with the Yoast SEO plugin v27.4 - https:\/\/yoast.com\/product\/yoast-seo-wordpress\/ -->\n<title>Fix&amp;Go Adapter Puffer Peggy Peg, lot de 2 - Bantam Wankm\u00fcller SA<\/title>\n<meta name=\"robots\" content=\"index, follow, max-snippet:-1, max-image-preview:large, max-video-preview:-1\" \/>\n<link rel=\"canonical\" href=\"https:\/\/shop.bantam.ch\/fr\/produit\/fixgo-adapter-puffer-peggy-peg-lot-de-2\/\" \/>\n<meta property=\"og:locale\" content=\"fr_FR\" \/>\n<meta property=\"og:type\" content=\"article\" \/>\n<meta property=\"og:title\" content=\"Fix&amp;Go Adapter Puffer Peggy Peg, lot de 2 - Bantam Wankm\u00fcller SA\" \/>\n<meta property=\"og:description\" content=\"Fixer facilement les stores au sol : La plaque d&rsquo;ancrage Fix&amp;Go 2.0 est la solution pour une fixation simple du store sur l&#8217;emplacement. C&rsquo;est pourquoi de nombreux campeurs nous ont demand\u00e9 une possibilit\u00e9 de relier les barres rondes d&rsquo;une voile d&rsquo;ombrage, de simples stores \u00e0 barres ou d&rsquo;un store 180\u00b0\/270\u00b0 \u00e0 notre pratique plaque d&rsquo;ancrage [&hellip;]\" \/>\n<meta property=\"og:url\" content=\"https:\/\/shop.bantam.ch\/fr\/produit\/fixgo-adapter-puffer-peggy-peg-lot-de-2\/\" \/>\n<meta property=\"og:site_name\" content=\"Bantam Wankm\u00fcller SA\" \/>\n<meta property=\"article:modified_time\" content=\"2026-04-18T21:17:18+00:00\" \/>\n<meta name=\"twitter:card\" content=\"summary_large_image\" \/>\n<meta name=\"twitter:label1\" content=\"Dur\u00e9e de lecture estim\u00e9e\" \/>\n\t<meta name=\"twitter:data1\" content=\"1 minute\" \/>\n<script type=\"application\/ld+json\" class=\"yoast-schema-graph\">{\"@context\":\"https:\\\/\\\/schema.org\",\"@graph\":[{\"@type\":\"WebPage\",\"@id\":\"https:\\\/\\\/shop.bantam.ch\\\/fr\\\/produit\\\/fixgo-adapter-puffer-peggy-peg-lot-de-2\\\/\",\"url\":\"https:\\\/\\\/shop.bantam.ch\\\/fr\\\/produit\\\/fixgo-adapter-puffer-peggy-peg-lot-de-2\\\/\",\"name\":\"Fix&amp;Go Adapter Puffer Peggy Peg, lot de 2 - Bantam Wankm\u00fcller SA\",\"isPartOf\":{\"@id\":\"https:\\\/\\\/shop.bantam.ch\\\/fr\\\/#website\"},\"primaryImageOfPage\":{\"@id\":\"https:\\\/\\\/shop.bantam.ch\\\/fr\\\/produit\\\/fixgo-adapter-puffer-peggy-peg-lot-de-2\\\/#primaryimage\"},\"image\":{\"@id\":\"https:\\\/\\\/shop.bantam.ch\\\/fr\\\/produit\\\/fixgo-adapter-puffer-peggy-peg-lot-de-2\\\/#primaryimage\"},\"thumbnailUrl\":\"https:\\\/\\\/shop.bantam.ch\\\/wp-content\\\/uploads\\\/2024\\\/09\\\/Movera-L-9971368100.jpg\",\"datePublished\":\"2024-05-15T15:53:26+00:00\",\"dateModified\":\"2026-04-18T21:17:18+00:00\",\"breadcrumb\":{\"@id\":\"https:\\\/\\\/shop.bantam.ch\\\/fr\\\/produit\\\/fixgo-adapter-puffer-peggy-peg-lot-de-2\\\/#breadcrumb\"},\"inLanguage\":\"fr-FR\",\"potentialAction\":[{\"@type\":\"ReadAction\",\"target\":[\"https:\\\/\\\/shop.bantam.ch\\\/fr\\\/produit\\\/fixgo-adapter-puffer-peggy-peg-lot-de-2\\\/\"]}]},{\"@type\":\"ImageObject\",\"inLanguage\":\"fr-FR\",\"@id\":\"https:\\\/\\\/shop.bantam.ch\\\/fr\\\/produit\\\/fixgo-adapter-puffer-peggy-peg-lot-de-2\\\/#primaryimage\",\"url\":\"https:\\\/\\\/shop.bantam.ch\\\/wp-content\\\/uploads\\\/2024\\\/09\\\/Movera-L-9971368100.jpg\",\"contentUrl\":\"https:\\\/\\\/shop.bantam.ch\\\/wp-content\\\/uploads\\\/2024\\\/09\\\/Movera-L-9971368100.jpg\",\"width\":640,\"height\":853},{\"@type\":\"BreadcrumbList\",\"@id\":\"https:\\\/\\\/shop.bantam.ch\\\/fr\\\/produit\\\/fixgo-adapter-puffer-peggy-peg-lot-de-2\\\/#breadcrumb\",\"itemListElement\":[{\"@type\":\"ListItem\",\"position\":1,\"name\":\"Accueil\",\"item\":\"https:\\\/\\\/shop.bantam.ch\\\/fr\\\/\"},{\"@type\":\"ListItem\",\"position\":2,\"name\":\"Boutique\",\"item\":\"https:\\\/\\\/shop.bantam.ch\\\/fr\\\/boutique\\\/\"},{\"@type\":\"ListItem\",\"position\":3,\"name\":\"Fix&amp;Go Adapter Puffer Peggy Peg, lot de 2\"}]},{\"@type\":\"WebSite\",\"@id\":\"https:\\\/\\\/shop.bantam.ch\\\/fr\\\/#website\",\"url\":\"https:\\\/\\\/shop.bantam.ch\\\/fr\\\/\",\"name\":\"Bantam Wankm\u00fcller SA\",\"description\":\"\",\"publisher\":{\"@id\":\"https:\\\/\\\/shop.bantam.ch\\\/fr\\\/#organization\"},\"inLanguage\":\"fr-FR\"},{\"@type\":\"Organization\",\"@id\":\"https:\\\/\\\/shop.bantam.ch\\\/fr\\\/#organization\",\"name\":\"Bantam Wankm\u00fcller SA\",\"url\":\"https:\\\/\\\/shop.bantam.ch\\\/fr\\\/\",\"logo\":{\"@type\":\"ImageObject\",\"inLanguage\":\"fr-FR\",\"@id\":\"https:\\\/\\\/shop.bantam.ch\\\/fr\\\/#\\\/schema\\\/logo\\\/image\\\/\",\"url\":\"https:\\\/\\\/shop.bantam.ch\\\/wp-content\\\/uploads\\\/2022\\\/12\\\/bantam-logo.png\",\"contentUrl\":\"https:\\\/\\\/shop.bantam.ch\\\/wp-content\\\/uploads\\\/2022\\\/12\\\/bantam-logo.png\",\"width\":320,\"height\":71,\"caption\":\"Bantam Wankm\u00fcller SA\"},\"image\":{\"@id\":\"https:\\\/\\\/shop.bantam.ch\\\/fr\\\/#\\\/schema\\\/logo\\\/image\\\/\"}}]}<\/script>\n<!-- \/ Yoast SEO plugin. -->","yoast_head_json":{"title":"Fix&amp;Go Adapter Puffer Peggy Peg, lot de 2 - Bantam Wankm\u00fcller SA","robots":{"index":"index","follow":"follow","max-snippet":"max-snippet:-1","max-image-preview":"max-image-preview:large","max-video-preview":"max-video-preview:-1"},"canonical":"https:\/\/shop.bantam.ch\/fr\/produit\/fixgo-adapter-puffer-peggy-peg-lot-de-2\/","og_locale":"fr_FR","og_type":"article","og_title":"Fix&amp;Go Adapter Puffer Peggy Peg, lot de 2 - Bantam Wankm\u00fcller SA","og_description":"Fixer facilement les stores au sol : La plaque d&rsquo;ancrage Fix&amp;Go 2.0 est la solution pour une fixation simple du store sur l&#8217;emplacement. C&rsquo;est pourquoi de nombreux campeurs nous ont demand\u00e9 une possibilit\u00e9 de relier les barres rondes d&rsquo;une voile d&rsquo;ombrage, de simples stores \u00e0 barres ou d&rsquo;un store 180\u00b0\/270\u00b0 \u00e0 notre pratique plaque d&rsquo;ancrage [&hellip;]","og_url":"https:\/\/shop.bantam.ch\/fr\/produit\/fixgo-adapter-puffer-peggy-peg-lot-de-2\/","og_site_name":"Bantam Wankm\u00fcller SA","article_modified_time":"2026-04-18T21:17:18+00:00","twitter_card":"summary_large_image","twitter_misc":{"Dur\u00e9e de lecture estim\u00e9e":"1 minute"},"schema":{"@context":"https:\/\/schema.org","@graph":[{"@type":"WebPage","@id":"https:\/\/shop.bantam.ch\/fr\/produit\/fixgo-adapter-puffer-peggy-peg-lot-de-2\/","url":"https:\/\/shop.bantam.ch\/fr\/produit\/fixgo-adapter-puffer-peggy-peg-lot-de-2\/","name":"Fix&amp;Go Adapter Puffer Peggy Peg, lot de 2 - Bantam Wankm\u00fcller SA","isPartOf":{"@id":"https:\/\/shop.bantam.ch\/fr\/#website"},"primaryImageOfPage":{"@id":"https:\/\/shop.bantam.ch\/fr\/produit\/fixgo-adapter-puffer-peggy-peg-lot-de-2\/#primaryimage"},"image":{"@id":"https:\/\/shop.bantam.ch\/fr\/produit\/fixgo-adapter-puffer-peggy-peg-lot-de-2\/#primaryimage"},"thumbnailUrl":"https:\/\/shop.bantam.ch\/wp-content\/uploads\/2024\/09\/Movera-L-9971368100.jpg","datePublished":"2024-05-15T15:53:26+00:00","dateModified":"2026-04-18T21:17:18+00:00","breadcrumb":{"@id":"https:\/\/shop.bantam.ch\/fr\/produit\/fixgo-adapter-puffer-peggy-peg-lot-de-2\/#breadcrumb"},"inLanguage":"fr-FR","potentialAction":[{"@type":"ReadAction","target":["https:\/\/shop.bantam.ch\/fr\/produit\/fixgo-adapter-puffer-peggy-peg-lot-de-2\/"]}]},{"@type":"ImageObject","inLanguage":"fr-FR","@id":"https:\/\/shop.bantam.ch\/fr\/produit\/fixgo-adapter-puffer-peggy-peg-lot-de-2\/#primaryimage","url":"https:\/\/shop.bantam.ch\/wp-content\/uploads\/2024\/09\/Movera-L-9971368100.jpg","contentUrl":"https:\/\/shop.bantam.ch\/wp-content\/uploads\/2024\/09\/Movera-L-9971368100.jpg","width":640,"height":853},{"@type":"BreadcrumbList","@id":"https:\/\/shop.bantam.ch\/fr\/produit\/fixgo-adapter-puffer-peggy-peg-lot-de-2\/#breadcrumb","itemListElement":[{"@type":"ListItem","position":1,"name":"Accueil","item":"https:\/\/shop.bantam.ch\/fr\/"},{"@type":"ListItem","position":2,"name":"Boutique","item":"https:\/\/shop.bantam.ch\/fr\/boutique\/"},{"@type":"ListItem","position":3,"name":"Fix&amp;Go Adapter Puffer Peggy Peg, lot de 2"}]},{"@type":"WebSite","@id":"https:\/\/shop.bantam.ch\/fr\/#website","url":"https:\/\/shop.bantam.ch\/fr\/","name":"Bantam Wankm\u00fcller SA","description":"","publisher":{"@id":"https:\/\/shop.bantam.ch\/fr\/#organization"},"inLanguage":"fr-FR"},{"@type":"Organization","@id":"https:\/\/shop.bantam.ch\/fr\/#organization","name":"Bantam Wankm\u00fcller SA","url":"https:\/\/shop.bantam.ch\/fr\/","logo":{"@type":"ImageObject","inLanguage":"fr-FR","@id":"https:\/\/shop.bantam.ch\/fr\/#\/schema\/logo\/image\/","url":"https:\/\/shop.bantam.ch\/wp-content\/uploads\/2022\/12\/bantam-logo.png","contentUrl":"https:\/\/shop.bantam.ch\/wp-content\/uploads\/2022\/12\/bantam-logo.png","width":320,"height":71,"caption":"Bantam Wankm\u00fcller SA"},"image":{"@id":"https:\/\/shop.bantam.ch\/fr\/#\/schema\/logo\/image\/"}}]}},"_links":{"self":[{"href":"https:\/\/shop.bantam.ch\/fr\/wp-json\/wp\/v2\/product\/201147","targetHints":{"allow":["GET"]}}],"collection":[{"href":"https:\/\/shop.bantam.ch\/fr\/wp-json\/wp\/v2\/product"}],"about":[{"href":"https:\/\/shop.bantam.ch\/fr\/wp-json\/wp\/v2\/types\/product"}],"wp:featuredmedia":[{"embeddable":true,"href":"https:\/\/shop.bantam.ch\/fr\/wp-json\/wp\/v2\/media\/207636"}],"wp:attachment":[{"href":"https:\/\/shop.bantam.ch\/fr\/wp-json\/wp\/v2\/media?parent=201147"}],"wp:term":[{"taxonomy":"product_featured_cat","embeddable":true,"href":"https:\/\/shop.bantam.ch\/fr\/wp-json\/wp\/v2\/product_featured_cat?post=201147"},{"taxonomy":"product_brand","embeddable":true,"href":"https:\/\/shop.bantam.ch\/fr\/wp-json\/wp\/v2\/product_brand?post=201147"},{"taxonomy":"product_cat","embeddable":true,"href":"https:\/\/shop.bantam.ch\/fr\/wp-json\/wp\/v2\/product_cat?post=201147"},{"taxonomy":"product_tag","embeddable":true,"href":"https:\/\/shop.bantam.ch\/fr\/wp-json\/wp\/v2\/product_tag?post=201147"}],"curies":[{"name":"wp","href":"https:\/\/api.w.org\/{rel}","templated":true}]}}