{"id":201141,"date":"2024-05-15T17:53:19","date_gmt":"2024-05-15T15:53:19","guid":{"rendered":"https:\/\/shop.bantam.ch\/produit\/panneaux-muraux-thule-subsola-support-pale\/"},"modified":"2026-04-18T23:17:18","modified_gmt":"2026-04-18T21:17:18","slug":"panneaux-muraux-thule-subsola-support-pale","status":"publish","type":"product","link":"https:\/\/shop.bantam.ch\/fr\/produit\/panneaux-muraux-thule-subsola-support-pale\/","title":{"rendered":"Panneaux muraux THULE Subsola Support Pale"},"content":{"rendered":"<p>Panneaux modernes et modulaires pour un espace de vie \u00e9largi.<\/p>\n<p>Ce produit est con\u00e7u pour les propri\u00e9taires de monospaces compacts. Il permet d&rsquo;augmenter l&rsquo;espace de vie avec intimit\u00e9 et protection contre les intemp\u00e9ries et offre une modularit\u00e9 moderne et intelligente.<\/p>\n<ul>\n<li>\u00c9largissez votre espace de vie en dehors du store de votre van et profitez de plus d&rsquo;intimit\u00e9.<\/li>\n<li>Mat\u00e9riau respirant et r\u00e9sistant \u00e0 l&rsquo;eau offrant intimit\u00e9 et protection contre le soleil et la pluie.<\/li>\n<li>Les panneaux triangulaires dot\u00e9s de fermetures \u00e0 glissi\u00e8re et de bourrelets de qualit\u00e9 sup\u00e9rieure peuvent \u00eatre combin\u00e9s de diff\u00e9rentes mani\u00e8res pour un am\u00e9nagement parfait.<\/li>\n<li>La barre r\u00e9glable permet de cr\u00e9er plus d&rsquo;intimit\u00e9 si n\u00e9cessaire ou d&rsquo;adapter les panneaux aux changements de temps.<\/li>\n<li>Les panneaux peuvent \u00eatre rang\u00e9s dans un sac de qualit\u00e9 sup\u00e9rieure pour que vous ayez toujours tout sur vous.<\/li>\n<li>&nbsp;Disponible en package lat\u00e9ral et frontal, qui peuvent \u00e9galement \u00eatre combin\u00e9s. Vous pouvez \u00e9galement ajouter des panneaux ou des barres suppl\u00e9mentaires (vendus s\u00e9par\u00e9ment) pour personnaliser votre am\u00e9nagement ext\u00e9rieur.<\/li>\n<li>Les panneaux Thule Subsola sont compatibles avec les stores suivants : T 4200, TO 4900, Thule HideAway, TO 5102, VW, Thule Sidehill et TO 5200 avec 2.60m de longueur et 2.00 m d&rsquo;extension.<\/li>\n<\/ul>\n","protected":false},"excerpt":{"rendered":"<p>Panneaux modernes et modulaires pour un espace de vie \u00e9largi. Ce produit est con\u00e7u pour les propri\u00e9taires de monospaces compacts. Il permet d&rsquo;augmenter l&rsquo;espace de vie avec intimit\u00e9 et protection contre les intemp\u00e9ries et offre une modularit\u00e9 moderne et intelligente. \u00c9largissez votre espace de vie en dehors du store de votre van et profitez de [&hellip;]<\/p>\n","protected":false},"featured_media":207634,"template":"","meta":{"_acf_changed":false},"product_featured_cat":[],"product_brand":[],"product_cat":[4257],"product_tag":[],"class_list":{"0":"post-201141","1":"product","2":"type-product","3":"status-publish","4":"has-post-thumbnail","6":"product_cat-armatures-et-accessoires-pour-armatures","8":"first","9":"instock","10":"taxable","11":"shipping-taxable","12":"purchasable","13":"product-type-simple"},"acf":[],"yoast_head":"<!-- This site is optimized with the Yoast SEO plugin v27.4 - https:\/\/yoast.com\/product\/yoast-seo-wordpress\/ -->\n<title>Panneaux muraux THULE Subsola Support Pale - Bantam Wankm\u00fcller SA<\/title>\n<meta name=\"robots\" content=\"index, follow, max-snippet:-1, max-image-preview:large, max-video-preview:-1\" \/>\n<link rel=\"canonical\" href=\"https:\/\/shop.bantam.ch\/fr\/produit\/panneaux-muraux-thule-subsola-support-pale\/\" \/>\n<meta property=\"og:locale\" content=\"fr_FR\" \/>\n<meta property=\"og:type\" content=\"article\" \/>\n<meta property=\"og:title\" content=\"Panneaux muraux THULE Subsola Support Pale - Bantam Wankm\u00fcller SA\" \/>\n<meta property=\"og:description\" content=\"Panneaux modernes et modulaires pour un espace de vie \u00e9largi. Ce produit est con\u00e7u pour les propri\u00e9taires de monospaces compacts. Il permet d&rsquo;augmenter l&rsquo;espace de vie avec intimit\u00e9 et protection contre les intemp\u00e9ries et offre une modularit\u00e9 moderne et intelligente. \u00c9largissez votre espace de vie en dehors du store de votre van et profitez de [&hellip;]\" \/>\n<meta property=\"og:url\" content=\"https:\/\/shop.bantam.ch\/fr\/produit\/panneaux-muraux-thule-subsola-support-pale\/\" \/>\n<meta property=\"og:site_name\" content=\"Bantam Wankm\u00fcller SA\" \/>\n<meta property=\"article:modified_time\" content=\"2026-04-18T21:17:18+00:00\" \/>\n<meta name=\"twitter:card\" content=\"summary_large_image\" \/>\n<meta name=\"twitter:label1\" content=\"Dur\u00e9e de lecture estim\u00e9e\" \/>\n\t<meta name=\"twitter:data1\" content=\"1 minute\" \/>\n<script type=\"application\/ld+json\" class=\"yoast-schema-graph\">{\"@context\":\"https:\\\/\\\/schema.org\",\"@graph\":[{\"@type\":\"WebPage\",\"@id\":\"https:\\\/\\\/shop.bantam.ch\\\/fr\\\/produit\\\/panneaux-muraux-thule-subsola-support-pale\\\/\",\"url\":\"https:\\\/\\\/shop.bantam.ch\\\/fr\\\/produit\\\/panneaux-muraux-thule-subsola-support-pale\\\/\",\"name\":\"Panneaux muraux THULE Subsola Support Pale - Bantam Wankm\u00fcller SA\",\"isPartOf\":{\"@id\":\"https:\\\/\\\/shop.bantam.ch\\\/fr\\\/#website\"},\"primaryImageOfPage\":{\"@id\":\"https:\\\/\\\/shop.bantam.ch\\\/fr\\\/produit\\\/panneaux-muraux-thule-subsola-support-pale\\\/#primaryimage\"},\"image\":{\"@id\":\"https:\\\/\\\/shop.bantam.ch\\\/fr\\\/produit\\\/panneaux-muraux-thule-subsola-support-pale\\\/#primaryimage\"},\"thumbnailUrl\":\"https:\\\/\\\/shop.bantam.ch\\\/wp-content\\\/uploads\\\/2024\\\/09\\\/Movera-L-9971365100.jpg\",\"datePublished\":\"2024-05-15T15:53:19+00:00\",\"dateModified\":\"2026-04-18T21:17:18+00:00\",\"breadcrumb\":{\"@id\":\"https:\\\/\\\/shop.bantam.ch\\\/fr\\\/produit\\\/panneaux-muraux-thule-subsola-support-pale\\\/#breadcrumb\"},\"inLanguage\":\"fr-FR\",\"potentialAction\":[{\"@type\":\"ReadAction\",\"target\":[\"https:\\\/\\\/shop.bantam.ch\\\/fr\\\/produit\\\/panneaux-muraux-thule-subsola-support-pale\\\/\"]}]},{\"@type\":\"ImageObject\",\"inLanguage\":\"fr-FR\",\"@id\":\"https:\\\/\\\/shop.bantam.ch\\\/fr\\\/produit\\\/panneaux-muraux-thule-subsola-support-pale\\\/#primaryimage\",\"url\":\"https:\\\/\\\/shop.bantam.ch\\\/wp-content\\\/uploads\\\/2024\\\/09\\\/Movera-L-9971365100.jpg\",\"contentUrl\":\"https:\\\/\\\/shop.bantam.ch\\\/wp-content\\\/uploads\\\/2024\\\/09\\\/Movera-L-9971365100.jpg\",\"width\":640,\"height\":427},{\"@type\":\"BreadcrumbList\",\"@id\":\"https:\\\/\\\/shop.bantam.ch\\\/fr\\\/produit\\\/panneaux-muraux-thule-subsola-support-pale\\\/#breadcrumb\",\"itemListElement\":[{\"@type\":\"ListItem\",\"position\":1,\"name\":\"Accueil\",\"item\":\"https:\\\/\\\/shop.bantam.ch\\\/fr\\\/\"},{\"@type\":\"ListItem\",\"position\":2,\"name\":\"Boutique\",\"item\":\"https:\\\/\\\/shop.bantam.ch\\\/fr\\\/boutique\\\/\"},{\"@type\":\"ListItem\",\"position\":3,\"name\":\"Panneaux muraux THULE Subsola Support Pale\"}]},{\"@type\":\"WebSite\",\"@id\":\"https:\\\/\\\/shop.bantam.ch\\\/fr\\\/#website\",\"url\":\"https:\\\/\\\/shop.bantam.ch\\\/fr\\\/\",\"name\":\"Bantam Wankm\u00fcller SA\",\"description\":\"\",\"publisher\":{\"@id\":\"https:\\\/\\\/shop.bantam.ch\\\/fr\\\/#organization\"},\"inLanguage\":\"fr-FR\"},{\"@type\":\"Organization\",\"@id\":\"https:\\\/\\\/shop.bantam.ch\\\/fr\\\/#organization\",\"name\":\"Bantam Wankm\u00fcller SA\",\"url\":\"https:\\\/\\\/shop.bantam.ch\\\/fr\\\/\",\"logo\":{\"@type\":\"ImageObject\",\"inLanguage\":\"fr-FR\",\"@id\":\"https:\\\/\\\/shop.bantam.ch\\\/fr\\\/#\\\/schema\\\/logo\\\/image\\\/\",\"url\":\"https:\\\/\\\/shop.bantam.ch\\\/wp-content\\\/uploads\\\/2022\\\/12\\\/bantam-logo.png\",\"contentUrl\":\"https:\\\/\\\/shop.bantam.ch\\\/wp-content\\\/uploads\\\/2022\\\/12\\\/bantam-logo.png\",\"width\":320,\"height\":71,\"caption\":\"Bantam Wankm\u00fcller SA\"},\"image\":{\"@id\":\"https:\\\/\\\/shop.bantam.ch\\\/fr\\\/#\\\/schema\\\/logo\\\/image\\\/\"}}]}<\/script>\n<!-- \/ Yoast SEO plugin. -->","yoast_head_json":{"title":"Panneaux muraux THULE Subsola Support Pale - Bantam Wankm\u00fcller SA","robots":{"index":"index","follow":"follow","max-snippet":"max-snippet:-1","max-image-preview":"max-image-preview:large","max-video-preview":"max-video-preview:-1"},"canonical":"https:\/\/shop.bantam.ch\/fr\/produit\/panneaux-muraux-thule-subsola-support-pale\/","og_locale":"fr_FR","og_type":"article","og_title":"Panneaux muraux THULE Subsola Support Pale - Bantam Wankm\u00fcller SA","og_description":"Panneaux modernes et modulaires pour un espace de vie \u00e9largi. Ce produit est con\u00e7u pour les propri\u00e9taires de monospaces compacts. Il permet d&rsquo;augmenter l&rsquo;espace de vie avec intimit\u00e9 et protection contre les intemp\u00e9ries et offre une modularit\u00e9 moderne et intelligente. \u00c9largissez votre espace de vie en dehors du store de votre van et profitez de [&hellip;]","og_url":"https:\/\/shop.bantam.ch\/fr\/produit\/panneaux-muraux-thule-subsola-support-pale\/","og_site_name":"Bantam Wankm\u00fcller SA","article_modified_time":"2026-04-18T21:17:18+00:00","twitter_card":"summary_large_image","twitter_misc":{"Dur\u00e9e de lecture estim\u00e9e":"1 minute"},"schema":{"@context":"https:\/\/schema.org","@graph":[{"@type":"WebPage","@id":"https:\/\/shop.bantam.ch\/fr\/produit\/panneaux-muraux-thule-subsola-support-pale\/","url":"https:\/\/shop.bantam.ch\/fr\/produit\/panneaux-muraux-thule-subsola-support-pale\/","name":"Panneaux muraux THULE Subsola Support Pale - Bantam Wankm\u00fcller SA","isPartOf":{"@id":"https:\/\/shop.bantam.ch\/fr\/#website"},"primaryImageOfPage":{"@id":"https:\/\/shop.bantam.ch\/fr\/produit\/panneaux-muraux-thule-subsola-support-pale\/#primaryimage"},"image":{"@id":"https:\/\/shop.bantam.ch\/fr\/produit\/panneaux-muraux-thule-subsola-support-pale\/#primaryimage"},"thumbnailUrl":"https:\/\/shop.bantam.ch\/wp-content\/uploads\/2024\/09\/Movera-L-9971365100.jpg","datePublished":"2024-05-15T15:53:19+00:00","dateModified":"2026-04-18T21:17:18+00:00","breadcrumb":{"@id":"https:\/\/shop.bantam.ch\/fr\/produit\/panneaux-muraux-thule-subsola-support-pale\/#breadcrumb"},"inLanguage":"fr-FR","potentialAction":[{"@type":"ReadAction","target":["https:\/\/shop.bantam.ch\/fr\/produit\/panneaux-muraux-thule-subsola-support-pale\/"]}]},{"@type":"ImageObject","inLanguage":"fr-FR","@id":"https:\/\/shop.bantam.ch\/fr\/produit\/panneaux-muraux-thule-subsola-support-pale\/#primaryimage","url":"https:\/\/shop.bantam.ch\/wp-content\/uploads\/2024\/09\/Movera-L-9971365100.jpg","contentUrl":"https:\/\/shop.bantam.ch\/wp-content\/uploads\/2024\/09\/Movera-L-9971365100.jpg","width":640,"height":427},{"@type":"BreadcrumbList","@id":"https:\/\/shop.bantam.ch\/fr\/produit\/panneaux-muraux-thule-subsola-support-pale\/#breadcrumb","itemListElement":[{"@type":"ListItem","position":1,"name":"Accueil","item":"https:\/\/shop.bantam.ch\/fr\/"},{"@type":"ListItem","position":2,"name":"Boutique","item":"https:\/\/shop.bantam.ch\/fr\/boutique\/"},{"@type":"ListItem","position":3,"name":"Panneaux muraux THULE Subsola Support Pale"}]},{"@type":"WebSite","@id":"https:\/\/shop.bantam.ch\/fr\/#website","url":"https:\/\/shop.bantam.ch\/fr\/","name":"Bantam Wankm\u00fcller SA","description":"","publisher":{"@id":"https:\/\/shop.bantam.ch\/fr\/#organization"},"inLanguage":"fr-FR"},{"@type":"Organization","@id":"https:\/\/shop.bantam.ch\/fr\/#organization","name":"Bantam Wankm\u00fcller SA","url":"https:\/\/shop.bantam.ch\/fr\/","logo":{"@type":"ImageObject","inLanguage":"fr-FR","@id":"https:\/\/shop.bantam.ch\/fr\/#\/schema\/logo\/image\/","url":"https:\/\/shop.bantam.ch\/wp-content\/uploads\/2022\/12\/bantam-logo.png","contentUrl":"https:\/\/shop.bantam.ch\/wp-content\/uploads\/2022\/12\/bantam-logo.png","width":320,"height":71,"caption":"Bantam Wankm\u00fcller SA"},"image":{"@id":"https:\/\/shop.bantam.ch\/fr\/#\/schema\/logo\/image\/"}}]}},"_links":{"self":[{"href":"https:\/\/shop.bantam.ch\/fr\/wp-json\/wp\/v2\/product\/201141","targetHints":{"allow":["GET"]}}],"collection":[{"href":"https:\/\/shop.bantam.ch\/fr\/wp-json\/wp\/v2\/product"}],"about":[{"href":"https:\/\/shop.bantam.ch\/fr\/wp-json\/wp\/v2\/types\/product"}],"wp:featuredmedia":[{"embeddable":true,"href":"https:\/\/shop.bantam.ch\/fr\/wp-json\/wp\/v2\/media\/207634"}],"wp:attachment":[{"href":"https:\/\/shop.bantam.ch\/fr\/wp-json\/wp\/v2\/media?parent=201141"}],"wp:term":[{"taxonomy":"product_featured_cat","embeddable":true,"href":"https:\/\/shop.bantam.ch\/fr\/wp-json\/wp\/v2\/product_featured_cat?post=201141"},{"taxonomy":"product_brand","embeddable":true,"href":"https:\/\/shop.bantam.ch\/fr\/wp-json\/wp\/v2\/product_brand?post=201141"},{"taxonomy":"product_cat","embeddable":true,"href":"https:\/\/shop.bantam.ch\/fr\/wp-json\/wp\/v2\/product_cat?post=201141"},{"taxonomy":"product_tag","embeddable":true,"href":"https:\/\/shop.bantam.ch\/fr\/wp-json\/wp\/v2\/product_tag?post=201141"}],"curies":[{"name":"wp","href":"https:\/\/api.w.org\/{rel}","templated":true}]}}