{"id":200959,"date":"2024-05-15T17:49:09","date_gmt":"2024-05-15T15:49:09","guid":{"rendered":"https:\/\/shop.bantam.ch\/produit\/rafter-fiamma-led-f45-et-f80s\/"},"modified":"2026-04-18T23:16:57","modified_gmt":"2026-04-18T21:16:57","slug":"rafter-fiamma-led-f45-et-f80s","status":"publish","type":"product","link":"https:\/\/shop.bantam.ch\/fr\/produit\/rafter-fiamma-led-f45-et-f80s\/","title":{"rendered":"Rafter FIAMMA LED F45 et F80s"},"content":{"rendered":"<p>Refonte de la barre de tension Rafter LED, avec une fixation plus simple et plus pratique sur le store.<\/p>\n<p>Caract\u00e9ristiques:<\/p>\n<ul>\n<li>Alimentation \u00e9lectrique par prise jack et<\/li>\n<li>allume-cigare (prise 12V)<\/li>\n<li>Lumi\u00e8re uniforme gr\u00e2ce au diffuseur en PVC<\/li>\n<li>\u00c9quip\u00e9 de bandes de LED COB*. Lumi\u00e8re neutre 4.000 K<\/li>\n<li>Version pour F45\/F80s et version pour CaravanStore<\/li>\n<\/ul>\n","protected":false},"excerpt":{"rendered":"<p>Refonte de la barre de tension Rafter LED, avec une fixation plus simple et plus pratique sur le store. Caract\u00e9ristiques: Alimentation \u00e9lectrique par prise jack et allume-cigare (prise 12V) Lumi\u00e8re uniforme gr\u00e2ce au diffuseur en PVC \u00c9quip\u00e9 de bandes de LED COB*. Lumi\u00e8re neutre 4.000 K Version pour F45\/F80s et version pour CaravanStore<\/p>\n","protected":false},"featured_media":207602,"template":"","meta":{"_acf_changed":false},"product_featured_cat":[],"product_brand":[],"product_cat":[5121],"product_tag":[],"class_list":{"0":"post-200959","1":"product","2":"type-product","3":"status-publish","4":"has-post-thumbnail","6":"product_cat-stores-eclairage","8":"first","9":"instock","10":"taxable","11":"shipping-taxable","12":"purchasable","13":"product-type-simple"},"acf":[],"yoast_head":"<!-- This site is optimized with the Yoast SEO plugin v27.4 - https:\/\/yoast.com\/product\/yoast-seo-wordpress\/ -->\n<title>Rafter FIAMMA LED F45 et F80s - Bantam Wankm\u00fcller SA<\/title>\n<meta name=\"robots\" content=\"index, follow, max-snippet:-1, max-image-preview:large, max-video-preview:-1\" \/>\n<link rel=\"canonical\" href=\"https:\/\/shop.bantam.ch\/fr\/produit\/rafter-fiamma-led-f45-et-f80s\/\" \/>\n<meta property=\"og:locale\" content=\"fr_FR\" \/>\n<meta property=\"og:type\" content=\"article\" \/>\n<meta property=\"og:title\" content=\"Rafter FIAMMA LED F45 et F80s - Bantam Wankm\u00fcller SA\" \/>\n<meta property=\"og:description\" content=\"Refonte de la barre de tension Rafter LED, avec une fixation plus simple et plus pratique sur le store. Caract\u00e9ristiques: Alimentation \u00e9lectrique par prise jack et allume-cigare (prise 12V) Lumi\u00e8re uniforme gr\u00e2ce au diffuseur en PVC \u00c9quip\u00e9 de bandes de LED COB*. Lumi\u00e8re neutre 4.000 K Version pour F45\/F80s et version pour CaravanStore\" \/>\n<meta property=\"og:url\" content=\"https:\/\/shop.bantam.ch\/fr\/produit\/rafter-fiamma-led-f45-et-f80s\/\" \/>\n<meta property=\"og:site_name\" content=\"Bantam Wankm\u00fcller SA\" \/>\n<meta property=\"article:modified_time\" content=\"2026-04-18T21:16:57+00:00\" \/>\n<meta name=\"twitter:card\" content=\"summary_large_image\" \/>\n<script type=\"application\/ld+json\" class=\"yoast-schema-graph\">{\"@context\":\"https:\\\/\\\/schema.org\",\"@graph\":[{\"@type\":\"WebPage\",\"@id\":\"https:\\\/\\\/shop.bantam.ch\\\/fr\\\/produit\\\/rafter-fiamma-led-f45-et-f80s\\\/\",\"url\":\"https:\\\/\\\/shop.bantam.ch\\\/fr\\\/produit\\\/rafter-fiamma-led-f45-et-f80s\\\/\",\"name\":\"Rafter FIAMMA LED F45 et F80s - Bantam Wankm\u00fcller SA\",\"isPartOf\":{\"@id\":\"https:\\\/\\\/shop.bantam.ch\\\/fr\\\/#website\"},\"primaryImageOfPage\":{\"@id\":\"https:\\\/\\\/shop.bantam.ch\\\/fr\\\/produit\\\/rafter-fiamma-led-f45-et-f80s\\\/#primaryimage\"},\"image\":{\"@id\":\"https:\\\/\\\/shop.bantam.ch\\\/fr\\\/produit\\\/rafter-fiamma-led-f45-et-f80s\\\/#primaryimage\"},\"thumbnailUrl\":\"https:\\\/\\\/shop.bantam.ch\\\/wp-content\\\/uploads\\\/2024\\\/09\\\/Movera-L-9971336100.jpg\",\"datePublished\":\"2024-05-15T15:49:09+00:00\",\"dateModified\":\"2026-04-18T21:16:57+00:00\",\"breadcrumb\":{\"@id\":\"https:\\\/\\\/shop.bantam.ch\\\/fr\\\/produit\\\/rafter-fiamma-led-f45-et-f80s\\\/#breadcrumb\"},\"inLanguage\":\"fr-FR\",\"potentialAction\":[{\"@type\":\"ReadAction\",\"target\":[\"https:\\\/\\\/shop.bantam.ch\\\/fr\\\/produit\\\/rafter-fiamma-led-f45-et-f80s\\\/\"]}]},{\"@type\":\"ImageObject\",\"inLanguage\":\"fr-FR\",\"@id\":\"https:\\\/\\\/shop.bantam.ch\\\/fr\\\/produit\\\/rafter-fiamma-led-f45-et-f80s\\\/#primaryimage\",\"url\":\"https:\\\/\\\/shop.bantam.ch\\\/wp-content\\\/uploads\\\/2024\\\/09\\\/Movera-L-9971336100.jpg\",\"contentUrl\":\"https:\\\/\\\/shop.bantam.ch\\\/wp-content\\\/uploads\\\/2024\\\/09\\\/Movera-L-9971336100.jpg\",\"width\":640,\"height\":186},{\"@type\":\"BreadcrumbList\",\"@id\":\"https:\\\/\\\/shop.bantam.ch\\\/fr\\\/produit\\\/rafter-fiamma-led-f45-et-f80s\\\/#breadcrumb\",\"itemListElement\":[{\"@type\":\"ListItem\",\"position\":1,\"name\":\"Accueil\",\"item\":\"https:\\\/\\\/shop.bantam.ch\\\/fr\\\/\"},{\"@type\":\"ListItem\",\"position\":2,\"name\":\"Boutique\",\"item\":\"https:\\\/\\\/shop.bantam.ch\\\/fr\\\/boutique\\\/\"},{\"@type\":\"ListItem\",\"position\":3,\"name\":\"Rafter FIAMMA LED F45 et F80s\"}]},{\"@type\":\"WebSite\",\"@id\":\"https:\\\/\\\/shop.bantam.ch\\\/fr\\\/#website\",\"url\":\"https:\\\/\\\/shop.bantam.ch\\\/fr\\\/\",\"name\":\"Bantam Wankm\u00fcller SA\",\"description\":\"\",\"publisher\":{\"@id\":\"https:\\\/\\\/shop.bantam.ch\\\/fr\\\/#organization\"},\"inLanguage\":\"fr-FR\"},{\"@type\":\"Organization\",\"@id\":\"https:\\\/\\\/shop.bantam.ch\\\/fr\\\/#organization\",\"name\":\"Bantam Wankm\u00fcller SA\",\"url\":\"https:\\\/\\\/shop.bantam.ch\\\/fr\\\/\",\"logo\":{\"@type\":\"ImageObject\",\"inLanguage\":\"fr-FR\",\"@id\":\"https:\\\/\\\/shop.bantam.ch\\\/fr\\\/#\\\/schema\\\/logo\\\/image\\\/\",\"url\":\"https:\\\/\\\/shop.bantam.ch\\\/wp-content\\\/uploads\\\/2022\\\/12\\\/bantam-logo.png\",\"contentUrl\":\"https:\\\/\\\/shop.bantam.ch\\\/wp-content\\\/uploads\\\/2022\\\/12\\\/bantam-logo.png\",\"width\":320,\"height\":71,\"caption\":\"Bantam Wankm\u00fcller SA\"},\"image\":{\"@id\":\"https:\\\/\\\/shop.bantam.ch\\\/fr\\\/#\\\/schema\\\/logo\\\/image\\\/\"}}]}<\/script>\n<!-- \/ Yoast SEO plugin. -->","yoast_head_json":{"title":"Rafter FIAMMA LED F45 et F80s - Bantam Wankm\u00fcller SA","robots":{"index":"index","follow":"follow","max-snippet":"max-snippet:-1","max-image-preview":"max-image-preview:large","max-video-preview":"max-video-preview:-1"},"canonical":"https:\/\/shop.bantam.ch\/fr\/produit\/rafter-fiamma-led-f45-et-f80s\/","og_locale":"fr_FR","og_type":"article","og_title":"Rafter FIAMMA LED F45 et F80s - Bantam Wankm\u00fcller SA","og_description":"Refonte de la barre de tension Rafter LED, avec une fixation plus simple et plus pratique sur le store. Caract\u00e9ristiques: Alimentation \u00e9lectrique par prise jack et allume-cigare (prise 12V) Lumi\u00e8re uniforme gr\u00e2ce au diffuseur en PVC \u00c9quip\u00e9 de bandes de LED COB*. Lumi\u00e8re neutre 4.000 K Version pour F45\/F80s et version pour CaravanStore","og_url":"https:\/\/shop.bantam.ch\/fr\/produit\/rafter-fiamma-led-f45-et-f80s\/","og_site_name":"Bantam Wankm\u00fcller SA","article_modified_time":"2026-04-18T21:16:57+00:00","twitter_card":"summary_large_image","schema":{"@context":"https:\/\/schema.org","@graph":[{"@type":"WebPage","@id":"https:\/\/shop.bantam.ch\/fr\/produit\/rafter-fiamma-led-f45-et-f80s\/","url":"https:\/\/shop.bantam.ch\/fr\/produit\/rafter-fiamma-led-f45-et-f80s\/","name":"Rafter FIAMMA LED F45 et F80s - Bantam Wankm\u00fcller SA","isPartOf":{"@id":"https:\/\/shop.bantam.ch\/fr\/#website"},"primaryImageOfPage":{"@id":"https:\/\/shop.bantam.ch\/fr\/produit\/rafter-fiamma-led-f45-et-f80s\/#primaryimage"},"image":{"@id":"https:\/\/shop.bantam.ch\/fr\/produit\/rafter-fiamma-led-f45-et-f80s\/#primaryimage"},"thumbnailUrl":"https:\/\/shop.bantam.ch\/wp-content\/uploads\/2024\/09\/Movera-L-9971336100.jpg","datePublished":"2024-05-15T15:49:09+00:00","dateModified":"2026-04-18T21:16:57+00:00","breadcrumb":{"@id":"https:\/\/shop.bantam.ch\/fr\/produit\/rafter-fiamma-led-f45-et-f80s\/#breadcrumb"},"inLanguage":"fr-FR","potentialAction":[{"@type":"ReadAction","target":["https:\/\/shop.bantam.ch\/fr\/produit\/rafter-fiamma-led-f45-et-f80s\/"]}]},{"@type":"ImageObject","inLanguage":"fr-FR","@id":"https:\/\/shop.bantam.ch\/fr\/produit\/rafter-fiamma-led-f45-et-f80s\/#primaryimage","url":"https:\/\/shop.bantam.ch\/wp-content\/uploads\/2024\/09\/Movera-L-9971336100.jpg","contentUrl":"https:\/\/shop.bantam.ch\/wp-content\/uploads\/2024\/09\/Movera-L-9971336100.jpg","width":640,"height":186},{"@type":"BreadcrumbList","@id":"https:\/\/shop.bantam.ch\/fr\/produit\/rafter-fiamma-led-f45-et-f80s\/#breadcrumb","itemListElement":[{"@type":"ListItem","position":1,"name":"Accueil","item":"https:\/\/shop.bantam.ch\/fr\/"},{"@type":"ListItem","position":2,"name":"Boutique","item":"https:\/\/shop.bantam.ch\/fr\/boutique\/"},{"@type":"ListItem","position":3,"name":"Rafter FIAMMA LED F45 et F80s"}]},{"@type":"WebSite","@id":"https:\/\/shop.bantam.ch\/fr\/#website","url":"https:\/\/shop.bantam.ch\/fr\/","name":"Bantam Wankm\u00fcller SA","description":"","publisher":{"@id":"https:\/\/shop.bantam.ch\/fr\/#organization"},"inLanguage":"fr-FR"},{"@type":"Organization","@id":"https:\/\/shop.bantam.ch\/fr\/#organization","name":"Bantam Wankm\u00fcller SA","url":"https:\/\/shop.bantam.ch\/fr\/","logo":{"@type":"ImageObject","inLanguage":"fr-FR","@id":"https:\/\/shop.bantam.ch\/fr\/#\/schema\/logo\/image\/","url":"https:\/\/shop.bantam.ch\/wp-content\/uploads\/2022\/12\/bantam-logo.png","contentUrl":"https:\/\/shop.bantam.ch\/wp-content\/uploads\/2022\/12\/bantam-logo.png","width":320,"height":71,"caption":"Bantam Wankm\u00fcller SA"},"image":{"@id":"https:\/\/shop.bantam.ch\/fr\/#\/schema\/logo\/image\/"}}]}},"_links":{"self":[{"href":"https:\/\/shop.bantam.ch\/fr\/wp-json\/wp\/v2\/product\/200959","targetHints":{"allow":["GET"]}}],"collection":[{"href":"https:\/\/shop.bantam.ch\/fr\/wp-json\/wp\/v2\/product"}],"about":[{"href":"https:\/\/shop.bantam.ch\/fr\/wp-json\/wp\/v2\/types\/product"}],"wp:featuredmedia":[{"embeddable":true,"href":"https:\/\/shop.bantam.ch\/fr\/wp-json\/wp\/v2\/media\/207602"}],"wp:attachment":[{"href":"https:\/\/shop.bantam.ch\/fr\/wp-json\/wp\/v2\/media?parent=200959"}],"wp:term":[{"taxonomy":"product_featured_cat","embeddable":true,"href":"https:\/\/shop.bantam.ch\/fr\/wp-json\/wp\/v2\/product_featured_cat?post=200959"},{"taxonomy":"product_brand","embeddable":true,"href":"https:\/\/shop.bantam.ch\/fr\/wp-json\/wp\/v2\/product_brand?post=200959"},{"taxonomy":"product_cat","embeddable":true,"href":"https:\/\/shop.bantam.ch\/fr\/wp-json\/wp\/v2\/product_cat?post=200959"},{"taxonomy":"product_tag","embeddable":true,"href":"https:\/\/shop.bantam.ch\/fr\/wp-json\/wp\/v2\/product_tag?post=200959"}],"curies":[{"name":"wp","href":"https:\/\/api.w.org\/{rel}","templated":true}]}}