{"id":200819,"date":"2024-05-15T17:46:09","date_gmt":"2024-05-15T15:46:09","guid":{"rendered":"https:\/\/shop.bantam.ch\/produit\/store-banne-mural-f43van\/"},"modified":"2026-04-20T01:37:56","modified_gmt":"2026-04-19T23:37:56","slug":"store-banne-mural-f43van","status":"publish","type":"product","link":"https:\/\/shop.bantam.ch\/fr\/produit\/store-banne-mural-f43van\/","title":{"rendered":"Store banne mural F43Van"},"content":{"rendered":"<p>Store mural avec manivelle magn\u00e9tique, version sp\u00e9ciale d\u00e9velopp\u00e9e pour le camping-car \u00e9galement avec toit relevable. Compact et avec un design innovant qui s&rsquo;adapte harmonieusement \u00e0 l&rsquo;esth\u00e9tique du v\u00e9hicule, que ce soit avec ou sans toit relevable.<\/p>\n<ul>\n<li>Ouverture par treuil avec fermeture magn\u00e9tique dans l&#8217;embout, position confortable gr\u00e2ce \u00e0 la<\/li>\n<li>hauteur de montage du store sur la camionnette<\/li>\n<li>Ouverture du store avec inclinaison n\u00e9gative pour profiter de tout l&rsquo;espace \u00e0 la hauteur maximale (2,20 m).<\/li>\n<li>d&rsquo;utiliser l&rsquo;espace disponible<\/li>\n<li>Dispositif LED dans le bo\u00eetier visible m\u00eame lorsque le store est ferm\u00e9. Encastr\u00e9<\/li>\n<li>Fermeture du panneau frontal<\/li>\n<li>Deux rails de fixation cach\u00e9s, l&rsquo;un dans le bandeau frontal, l&rsquo;autre dans le bo\u00eetier (pour la fixation du store).<\/li>\n<li>fixation de l&rsquo;auvent Room Van Premium)<\/li>\n<li>Fermeture du bandeau frontal et support de pied de support en une seule pi\u00e8ce<\/li>\n<li>La forme compacte r\u00e9duit la hauteur maximale et permet, m\u00eame avec l&rsquo;auvent mont\u00e9, de<\/li>\n<li>l&rsquo;entr\u00e9e dans les parkings couverts<\/li>\n<li>Longueur 270 avec extension de 225 cm, 300 avec extension de 250 cm<\/li>\n<li>Compatible avec les accessoires F40van : parois avant, Room Van Premium et Rafter LED Van (uniquement pour la longueur 270)<\/li>\n<\/ul>\n<p>Mat\u00e9riaux:<br \/>\nToile: 90 % PVC, 10 % polyester<br \/>\nBo\u00eetier: aluminium<\/p>\n","protected":false},"excerpt":{"rendered":"<p>Store mural avec manivelle magn\u00e9tique, version sp\u00e9ciale d\u00e9velopp\u00e9e pour le camping-car \u00e9galement avec toit relevable. Compact et avec un design innovant qui s&rsquo;adapte harmonieusement \u00e0 l&rsquo;esth\u00e9tique du v\u00e9hicule, que ce soit avec ou sans toit relevable. Ouverture par treuil avec fermeture magn\u00e9tique dans l&#8217;embout, position confortable gr\u00e2ce \u00e0 la hauteur de montage du store sur [&hellip;]<\/p>\n","protected":false},"featured_media":200809,"template":"","meta":{"_acf_changed":false},"product_featured_cat":[],"product_brand":[],"product_cat":[4213],"product_tag":[],"class_list":{"0":"post-200819","1":"product","2":"type-product","3":"status-publish","4":"has-post-thumbnail","6":"product_cat-stores-a-cassette","8":"first","9":"instock","10":"taxable","11":"shipping-taxable","12":"purchasable","13":"product-type-variable"},"acf":[],"yoast_head":"<!-- This site is optimized with the Yoast SEO plugin v27.4 - https:\/\/yoast.com\/product\/yoast-seo-wordpress\/ -->\n<title>Store banne mural F43Van - Bantam Wankm\u00fcller SA<\/title>\n<meta name=\"robots\" content=\"index, follow, max-snippet:-1, max-image-preview:large, max-video-preview:-1\" \/>\n<link rel=\"canonical\" href=\"https:\/\/shop.bantam.ch\/fr\/produit\/store-banne-mural-f43van\/\" \/>\n<meta property=\"og:locale\" content=\"fr_FR\" \/>\n<meta property=\"og:type\" content=\"article\" \/>\n<meta property=\"og:title\" content=\"Store banne mural F43Van - Bantam Wankm\u00fcller SA\" \/>\n<meta property=\"og:description\" content=\"Store mural avec manivelle magn\u00e9tique, version sp\u00e9ciale d\u00e9velopp\u00e9e pour le camping-car \u00e9galement avec toit relevable. Compact et avec un design innovant qui s&rsquo;adapte harmonieusement \u00e0 l&rsquo;esth\u00e9tique du v\u00e9hicule, que ce soit avec ou sans toit relevable. Ouverture par treuil avec fermeture magn\u00e9tique dans l&#8217;embout, position confortable gr\u00e2ce \u00e0 la hauteur de montage du store sur [&hellip;]\" \/>\n<meta property=\"og:url\" content=\"https:\/\/shop.bantam.ch\/fr\/produit\/store-banne-mural-f43van\/\" \/>\n<meta property=\"og:site_name\" content=\"Bantam Wankm\u00fcller SA\" \/>\n<meta property=\"article:modified_time\" content=\"2026-04-19T23:37:56+00:00\" \/>\n<meta name=\"twitter:card\" content=\"summary_large_image\" \/>\n<meta name=\"twitter:label1\" content=\"Dur\u00e9e de lecture estim\u00e9e\" \/>\n\t<meta name=\"twitter:data1\" content=\"1 minute\" \/>\n<script type=\"application\/ld+json\" class=\"yoast-schema-graph\">{\"@context\":\"https:\\\/\\\/schema.org\",\"@graph\":[{\"@type\":\"WebPage\",\"@id\":\"https:\\\/\\\/shop.bantam.ch\\\/fr\\\/produit\\\/store-banne-mural-f43van\\\/\",\"url\":\"https:\\\/\\\/shop.bantam.ch\\\/fr\\\/produit\\\/store-banne-mural-f43van\\\/\",\"name\":\"Store banne mural F43Van - Bantam Wankm\u00fcller SA\",\"isPartOf\":{\"@id\":\"https:\\\/\\\/shop.bantam.ch\\\/fr\\\/#website\"},\"primaryImageOfPage\":{\"@id\":\"https:\\\/\\\/shop.bantam.ch\\\/fr\\\/produit\\\/store-banne-mural-f43van\\\/#primaryimage\"},\"image\":{\"@id\":\"https:\\\/\\\/shop.bantam.ch\\\/fr\\\/produit\\\/store-banne-mural-f43van\\\/#primaryimage\"},\"thumbnailUrl\":\"https:\\\/\\\/shop.bantam.ch\\\/wp-content\\\/uploads\\\/2024\\\/05\\\/Movera-L-0106772100.jpg\",\"datePublished\":\"2024-05-15T15:46:09+00:00\",\"dateModified\":\"2026-04-19T23:37:56+00:00\",\"breadcrumb\":{\"@id\":\"https:\\\/\\\/shop.bantam.ch\\\/fr\\\/produit\\\/store-banne-mural-f43van\\\/#breadcrumb\"},\"inLanguage\":\"fr-FR\",\"potentialAction\":[{\"@type\":\"ReadAction\",\"target\":[\"https:\\\/\\\/shop.bantam.ch\\\/fr\\\/produit\\\/store-banne-mural-f43van\\\/\"]}]},{\"@type\":\"ImageObject\",\"inLanguage\":\"fr-FR\",\"@id\":\"https:\\\/\\\/shop.bantam.ch\\\/fr\\\/produit\\\/store-banne-mural-f43van\\\/#primaryimage\",\"url\":\"https:\\\/\\\/shop.bantam.ch\\\/wp-content\\\/uploads\\\/2024\\\/05\\\/Movera-L-0106772100.jpg\",\"contentUrl\":\"https:\\\/\\\/shop.bantam.ch\\\/wp-content\\\/uploads\\\/2024\\\/05\\\/Movera-L-0106772100.jpg\",\"width\":640,\"height\":360},{\"@type\":\"BreadcrumbList\",\"@id\":\"https:\\\/\\\/shop.bantam.ch\\\/fr\\\/produit\\\/store-banne-mural-f43van\\\/#breadcrumb\",\"itemListElement\":[{\"@type\":\"ListItem\",\"position\":1,\"name\":\"Accueil\",\"item\":\"https:\\\/\\\/shop.bantam.ch\\\/fr\\\/\"},{\"@type\":\"ListItem\",\"position\":2,\"name\":\"Boutique\",\"item\":\"https:\\\/\\\/shop.bantam.ch\\\/fr\\\/boutique\\\/\"},{\"@type\":\"ListItem\",\"position\":3,\"name\":\"Store banne mural F43Van\"}]},{\"@type\":\"WebSite\",\"@id\":\"https:\\\/\\\/shop.bantam.ch\\\/fr\\\/#website\",\"url\":\"https:\\\/\\\/shop.bantam.ch\\\/fr\\\/\",\"name\":\"Bantam Wankm\u00fcller SA\",\"description\":\"\",\"publisher\":{\"@id\":\"https:\\\/\\\/shop.bantam.ch\\\/fr\\\/#organization\"},\"inLanguage\":\"fr-FR\"},{\"@type\":\"Organization\",\"@id\":\"https:\\\/\\\/shop.bantam.ch\\\/fr\\\/#organization\",\"name\":\"Bantam Wankm\u00fcller SA\",\"url\":\"https:\\\/\\\/shop.bantam.ch\\\/fr\\\/\",\"logo\":{\"@type\":\"ImageObject\",\"inLanguage\":\"fr-FR\",\"@id\":\"https:\\\/\\\/shop.bantam.ch\\\/fr\\\/#\\\/schema\\\/logo\\\/image\\\/\",\"url\":\"https:\\\/\\\/shop.bantam.ch\\\/wp-content\\\/uploads\\\/2022\\\/12\\\/bantam-logo.png\",\"contentUrl\":\"https:\\\/\\\/shop.bantam.ch\\\/wp-content\\\/uploads\\\/2022\\\/12\\\/bantam-logo.png\",\"width\":320,\"height\":71,\"caption\":\"Bantam Wankm\u00fcller SA\"},\"image\":{\"@id\":\"https:\\\/\\\/shop.bantam.ch\\\/fr\\\/#\\\/schema\\\/logo\\\/image\\\/\"}}]}<\/script>\n<!-- \/ Yoast SEO plugin. -->","yoast_head_json":{"title":"Store banne mural F43Van - Bantam Wankm\u00fcller SA","robots":{"index":"index","follow":"follow","max-snippet":"max-snippet:-1","max-image-preview":"max-image-preview:large","max-video-preview":"max-video-preview:-1"},"canonical":"https:\/\/shop.bantam.ch\/fr\/produit\/store-banne-mural-f43van\/","og_locale":"fr_FR","og_type":"article","og_title":"Store banne mural F43Van - Bantam Wankm\u00fcller SA","og_description":"Store mural avec manivelle magn\u00e9tique, version sp\u00e9ciale d\u00e9velopp\u00e9e pour le camping-car \u00e9galement avec toit relevable. Compact et avec un design innovant qui s&rsquo;adapte harmonieusement \u00e0 l&rsquo;esth\u00e9tique du v\u00e9hicule, que ce soit avec ou sans toit relevable. Ouverture par treuil avec fermeture magn\u00e9tique dans l&#8217;embout, position confortable gr\u00e2ce \u00e0 la hauteur de montage du store sur [&hellip;]","og_url":"https:\/\/shop.bantam.ch\/fr\/produit\/store-banne-mural-f43van\/","og_site_name":"Bantam Wankm\u00fcller SA","article_modified_time":"2026-04-19T23:37:56+00:00","twitter_card":"summary_large_image","twitter_misc":{"Dur\u00e9e de lecture estim\u00e9e":"1 minute"},"schema":{"@context":"https:\/\/schema.org","@graph":[{"@type":"WebPage","@id":"https:\/\/shop.bantam.ch\/fr\/produit\/store-banne-mural-f43van\/","url":"https:\/\/shop.bantam.ch\/fr\/produit\/store-banne-mural-f43van\/","name":"Store banne mural F43Van - Bantam Wankm\u00fcller SA","isPartOf":{"@id":"https:\/\/shop.bantam.ch\/fr\/#website"},"primaryImageOfPage":{"@id":"https:\/\/shop.bantam.ch\/fr\/produit\/store-banne-mural-f43van\/#primaryimage"},"image":{"@id":"https:\/\/shop.bantam.ch\/fr\/produit\/store-banne-mural-f43van\/#primaryimage"},"thumbnailUrl":"https:\/\/shop.bantam.ch\/wp-content\/uploads\/2024\/05\/Movera-L-0106772100.jpg","datePublished":"2024-05-15T15:46:09+00:00","dateModified":"2026-04-19T23:37:56+00:00","breadcrumb":{"@id":"https:\/\/shop.bantam.ch\/fr\/produit\/store-banne-mural-f43van\/#breadcrumb"},"inLanguage":"fr-FR","potentialAction":[{"@type":"ReadAction","target":["https:\/\/shop.bantam.ch\/fr\/produit\/store-banne-mural-f43van\/"]}]},{"@type":"ImageObject","inLanguage":"fr-FR","@id":"https:\/\/shop.bantam.ch\/fr\/produit\/store-banne-mural-f43van\/#primaryimage","url":"https:\/\/shop.bantam.ch\/wp-content\/uploads\/2024\/05\/Movera-L-0106772100.jpg","contentUrl":"https:\/\/shop.bantam.ch\/wp-content\/uploads\/2024\/05\/Movera-L-0106772100.jpg","width":640,"height":360},{"@type":"BreadcrumbList","@id":"https:\/\/shop.bantam.ch\/fr\/produit\/store-banne-mural-f43van\/#breadcrumb","itemListElement":[{"@type":"ListItem","position":1,"name":"Accueil","item":"https:\/\/shop.bantam.ch\/fr\/"},{"@type":"ListItem","position":2,"name":"Boutique","item":"https:\/\/shop.bantam.ch\/fr\/boutique\/"},{"@type":"ListItem","position":3,"name":"Store banne mural F43Van"}]},{"@type":"WebSite","@id":"https:\/\/shop.bantam.ch\/fr\/#website","url":"https:\/\/shop.bantam.ch\/fr\/","name":"Bantam Wankm\u00fcller SA","description":"","publisher":{"@id":"https:\/\/shop.bantam.ch\/fr\/#organization"},"inLanguage":"fr-FR"},{"@type":"Organization","@id":"https:\/\/shop.bantam.ch\/fr\/#organization","name":"Bantam Wankm\u00fcller SA","url":"https:\/\/shop.bantam.ch\/fr\/","logo":{"@type":"ImageObject","inLanguage":"fr-FR","@id":"https:\/\/shop.bantam.ch\/fr\/#\/schema\/logo\/image\/","url":"https:\/\/shop.bantam.ch\/wp-content\/uploads\/2022\/12\/bantam-logo.png","contentUrl":"https:\/\/shop.bantam.ch\/wp-content\/uploads\/2022\/12\/bantam-logo.png","width":320,"height":71,"caption":"Bantam Wankm\u00fcller SA"},"image":{"@id":"https:\/\/shop.bantam.ch\/fr\/#\/schema\/logo\/image\/"}}]}},"_links":{"self":[{"href":"https:\/\/shop.bantam.ch\/fr\/wp-json\/wp\/v2\/product\/200819","targetHints":{"allow":["GET"]}}],"collection":[{"href":"https:\/\/shop.bantam.ch\/fr\/wp-json\/wp\/v2\/product"}],"about":[{"href":"https:\/\/shop.bantam.ch\/fr\/wp-json\/wp\/v2\/types\/product"}],"wp:featuredmedia":[{"embeddable":true,"href":"https:\/\/shop.bantam.ch\/fr\/wp-json\/wp\/v2\/media\/200809"}],"wp:attachment":[{"href":"https:\/\/shop.bantam.ch\/fr\/wp-json\/wp\/v2\/media?parent=200819"}],"wp:term":[{"taxonomy":"product_featured_cat","embeddable":true,"href":"https:\/\/shop.bantam.ch\/fr\/wp-json\/wp\/v2\/product_featured_cat?post=200819"},{"taxonomy":"product_brand","embeddable":true,"href":"https:\/\/shop.bantam.ch\/fr\/wp-json\/wp\/v2\/product_brand?post=200819"},{"taxonomy":"product_cat","embeddable":true,"href":"https:\/\/shop.bantam.ch\/fr\/wp-json\/wp\/v2\/product_cat?post=200819"},{"taxonomy":"product_tag","embeddable":true,"href":"https:\/\/shop.bantam.ch\/fr\/wp-json\/wp\/v2\/product_tag?post=200819"}],"curies":[{"name":"wp","href":"https:\/\/api.w.org\/{rel}","templated":true}]}}