{"id":200767,"date":"2024-05-15T17:44:16","date_gmt":"2024-05-15T15:44:16","guid":{"rendered":"https:\/\/shop.bantam.ch\/produit\/auvent-one-side\/"},"modified":"2026-04-22T01:34:18","modified_gmt":"2026-04-21T23:34:18","slug":"auvent-one-side","status":"publish","type":"product","link":"https:\/\/shop.bantam.ch\/fr\/produit\/auvent-one-side\/","title":{"rendered":"auvent One Side"},"content":{"rendered":"<p>WIGO ONE &#8211; une solution pour TOUTES les exigences<\/p>\n<p>&nbsp;<\/p>\n<p>Le nouveau ONE de WIGO r\u00e9unit en un seul produit une protection contre le soleil, le vent, la vue, les moustiques et la pluie. En m\u00eame temps, il peut \u00eatre transform\u00e9 en tr\u00e8s peu de temps en un auvent \u00e0 part enti\u00e8re. Fini le temps des nombreux compromis. Un seul produit &#8211; tous les probl\u00e8mes sont r\u00e9solus !<br \/>\nLe nouveau ONE se compose d&rsquo;une paroi avant et de deux parties lat\u00e9rales. Il offre une qualit\u00e9 exceptionnelle et est facile \u00e0 monter. Un montage partiel est possible. La paroi avant est simplement ins\u00e9r\u00e9e dans la barre frontale du store et reli\u00e9e aux parois lat\u00e9rales par une fermeture \u00e9clair. Les grandes fen\u00eatres permettent de mieux voir l&rsquo;ext\u00e9rieur et d&rsquo;avoir plus de lumi\u00e8re.<br \/>\nLa paroi avant et les parois lat\u00e9rales sont \u00e9quip\u00e9es de s\u00e9rie d&rsquo;un film teint\u00e9 qui peut \u00eatre retir\u00e9 si n\u00e9cessaire. (Reli\u00e9 par du velcro et une fermeture \u00e9clair).<br \/>\nAinsi, la fa\u00e7ade\/les parois conviennent \u00e9galement comme protection solaire SCREENER et peuvent \u00eatre hauban\u00e9es sur le c\u00f4t\u00e9. Le SCREENER est alors perm\u00e9able \u00e0 l&rsquo;air.<br \/>\nAvec le ONE PAKET (coussin de compensation, y compris coussin de pression), le ONE peut \u00e9galement \u00eatre transform\u00e9 en auvent ferm\u00e9 \u00e0 part enti\u00e8re en tr\u00e8s peu de temps.<br \/>\nIl est possible d&rsquo;augmenter la surface habitable gr\u00e2ce \u00e0 l&rsquo;\u00c9LARGISSEMENT DES COINS.<br \/>\nPossibilit\u00e9 de porte Font et paroi lat\u00e9rale. (fermeture \u00e9clair)<br \/>\nDisponible en 4 hauteurs et 3 profondeurs diff\u00e9rentes. La plupart des v\u00e9hicules de base comme les camping-cars\/fourgons\/caravanes et les camping-cars sont ainsi couverts.<\/p>\n<ul>\n<li>Les parois frontales et lat\u00e9rales peuvent \u00eatre command\u00e9es et livr\u00e9es s\u00e9par\u00e9ment<\/li>\n<li>ONE est disponible pour le store Thule et pour le store WIGO ROLLI<\/li>\n<\/ul>\n<p>ONE &#8211; Un produit &#8211; tout est fait!<\/p>\n<p>\nMat\u00e9riaux:<br \/>\nParoi frontale: 100 % polyester enduit d&rsquo;acrylate<br \/>\nBande anti-salissures: 100 % chlorure de polyvinyle<\/p>\n<p>Contenu de la livraison:<br \/>\nInclus Paroi lat\u00e9rale<br \/>\nMat\u00e9riel de haubanage Rolli<br \/>\nSac de rangement WIGO noir<\/p>\n","protected":false},"excerpt":{"rendered":"<p>WIGO ONE &#8211; une solution pour TOUTES les exigences &nbsp; Le nouveau ONE de WIGO r\u00e9unit en un seul produit une protection contre le soleil, le vent, la vue, les moustiques et la pluie. En m\u00eame temps, il peut \u00eatre transform\u00e9 en tr\u00e8s peu de temps en un auvent \u00e0 part enti\u00e8re. Fini le temps [&hellip;]<\/p>\n","protected":false},"featured_media":200757,"template":"","meta":{"_acf_changed":false},"product_featured_cat":[],"product_brand":[],"product_cat":[4223],"product_tag":[],"class_list":{"0":"post-200767","1":"product","2":"type-product","3":"status-publish","4":"has-post-thumbnail","6":"product_cat-stores-et-auvents","8":"first","9":"instock","10":"taxable","11":"shipping-taxable","12":"purchasable","13":"product-type-variable"},"acf":[],"yoast_head":"<!-- This site is optimized with the Yoast SEO plugin v27.4 - https:\/\/yoast.com\/product\/yoast-seo-wordpress\/ -->\n<title>auvent One Side - Bantam Wankm\u00fcller SA<\/title>\n<meta name=\"robots\" content=\"index, follow, max-snippet:-1, max-image-preview:large, max-video-preview:-1\" \/>\n<link rel=\"canonical\" href=\"https:\/\/shop.bantam.ch\/fr\/produit\/auvent-one-side\/\" \/>\n<meta property=\"og:locale\" content=\"fr_FR\" \/>\n<meta property=\"og:type\" content=\"article\" \/>\n<meta property=\"og:title\" content=\"auvent One Side - Bantam Wankm\u00fcller SA\" \/>\n<meta property=\"og:description\" content=\"WIGO ONE &#8211; une solution pour TOUTES les exigences &nbsp; Le nouveau ONE de WIGO r\u00e9unit en un seul produit une protection contre le soleil, le vent, la vue, les moustiques et la pluie. En m\u00eame temps, il peut \u00eatre transform\u00e9 en tr\u00e8s peu de temps en un auvent \u00e0 part enti\u00e8re. Fini le temps [&hellip;]\" \/>\n<meta property=\"og:url\" content=\"https:\/\/shop.bantam.ch\/fr\/produit\/auvent-one-side\/\" \/>\n<meta property=\"og:site_name\" content=\"Bantam Wankm\u00fcller SA\" \/>\n<meta property=\"article:modified_time\" content=\"2026-04-21T23:34:18+00:00\" \/>\n<meta name=\"twitter:card\" content=\"summary_large_image\" \/>\n<meta name=\"twitter:label1\" content=\"Dur\u00e9e de lecture estim\u00e9e\" \/>\n\t<meta name=\"twitter:data1\" content=\"2 minutes\" \/>\n<script type=\"application\/ld+json\" class=\"yoast-schema-graph\">{\"@context\":\"https:\\\/\\\/schema.org\",\"@graph\":[{\"@type\":\"WebPage\",\"@id\":\"https:\\\/\\\/shop.bantam.ch\\\/fr\\\/produit\\\/auvent-one-side\\\/\",\"url\":\"https:\\\/\\\/shop.bantam.ch\\\/fr\\\/produit\\\/auvent-one-side\\\/\",\"name\":\"auvent One Side - Bantam Wankm\u00fcller SA\",\"isPartOf\":{\"@id\":\"https:\\\/\\\/shop.bantam.ch\\\/fr\\\/#website\"},\"primaryImageOfPage\":{\"@id\":\"https:\\\/\\\/shop.bantam.ch\\\/fr\\\/produit\\\/auvent-one-side\\\/#primaryimage\"},\"image\":{\"@id\":\"https:\\\/\\\/shop.bantam.ch\\\/fr\\\/produit\\\/auvent-one-side\\\/#primaryimage\"},\"thumbnailUrl\":\"https:\\\/\\\/shop.bantam.ch\\\/wp-content\\\/uploads\\\/2024\\\/05\\\/Movera-L-0106768100.jpg\",\"datePublished\":\"2024-05-15T15:44:16+00:00\",\"dateModified\":\"2026-04-21T23:34:18+00:00\",\"breadcrumb\":{\"@id\":\"https:\\\/\\\/shop.bantam.ch\\\/fr\\\/produit\\\/auvent-one-side\\\/#breadcrumb\"},\"inLanguage\":\"fr-FR\",\"potentialAction\":[{\"@type\":\"ReadAction\",\"target\":[\"https:\\\/\\\/shop.bantam.ch\\\/fr\\\/produit\\\/auvent-one-side\\\/\"]}]},{\"@type\":\"ImageObject\",\"inLanguage\":\"fr-FR\",\"@id\":\"https:\\\/\\\/shop.bantam.ch\\\/fr\\\/produit\\\/auvent-one-side\\\/#primaryimage\",\"url\":\"https:\\\/\\\/shop.bantam.ch\\\/wp-content\\\/uploads\\\/2024\\\/05\\\/Movera-L-0106768100.jpg\",\"contentUrl\":\"https:\\\/\\\/shop.bantam.ch\\\/wp-content\\\/uploads\\\/2024\\\/05\\\/Movera-L-0106768100.jpg\",\"width\":640,\"height\":386},{\"@type\":\"BreadcrumbList\",\"@id\":\"https:\\\/\\\/shop.bantam.ch\\\/fr\\\/produit\\\/auvent-one-side\\\/#breadcrumb\",\"itemListElement\":[{\"@type\":\"ListItem\",\"position\":1,\"name\":\"Accueil\",\"item\":\"https:\\\/\\\/shop.bantam.ch\\\/fr\\\/\"},{\"@type\":\"ListItem\",\"position\":2,\"name\":\"Boutique\",\"item\":\"https:\\\/\\\/shop.bantam.ch\\\/fr\\\/boutique\\\/\"},{\"@type\":\"ListItem\",\"position\":3,\"name\":\"auvent One Side\"}]},{\"@type\":\"WebSite\",\"@id\":\"https:\\\/\\\/shop.bantam.ch\\\/fr\\\/#website\",\"url\":\"https:\\\/\\\/shop.bantam.ch\\\/fr\\\/\",\"name\":\"Bantam Wankm\u00fcller SA\",\"description\":\"\",\"publisher\":{\"@id\":\"https:\\\/\\\/shop.bantam.ch\\\/fr\\\/#organization\"},\"inLanguage\":\"fr-FR\"},{\"@type\":\"Organization\",\"@id\":\"https:\\\/\\\/shop.bantam.ch\\\/fr\\\/#organization\",\"name\":\"Bantam Wankm\u00fcller SA\",\"url\":\"https:\\\/\\\/shop.bantam.ch\\\/fr\\\/\",\"logo\":{\"@type\":\"ImageObject\",\"inLanguage\":\"fr-FR\",\"@id\":\"https:\\\/\\\/shop.bantam.ch\\\/fr\\\/#\\\/schema\\\/logo\\\/image\\\/\",\"url\":\"https:\\\/\\\/shop.bantam.ch\\\/wp-content\\\/uploads\\\/2022\\\/12\\\/bantam-logo.png\",\"contentUrl\":\"https:\\\/\\\/shop.bantam.ch\\\/wp-content\\\/uploads\\\/2022\\\/12\\\/bantam-logo.png\",\"width\":320,\"height\":71,\"caption\":\"Bantam Wankm\u00fcller SA\"},\"image\":{\"@id\":\"https:\\\/\\\/shop.bantam.ch\\\/fr\\\/#\\\/schema\\\/logo\\\/image\\\/\"}}]}<\/script>\n<!-- \/ Yoast SEO plugin. -->","yoast_head_json":{"title":"auvent One Side - Bantam Wankm\u00fcller SA","robots":{"index":"index","follow":"follow","max-snippet":"max-snippet:-1","max-image-preview":"max-image-preview:large","max-video-preview":"max-video-preview:-1"},"canonical":"https:\/\/shop.bantam.ch\/fr\/produit\/auvent-one-side\/","og_locale":"fr_FR","og_type":"article","og_title":"auvent One Side - Bantam Wankm\u00fcller SA","og_description":"WIGO ONE &#8211; une solution pour TOUTES les exigences &nbsp; Le nouveau ONE de WIGO r\u00e9unit en un seul produit une protection contre le soleil, le vent, la vue, les moustiques et la pluie. En m\u00eame temps, il peut \u00eatre transform\u00e9 en tr\u00e8s peu de temps en un auvent \u00e0 part enti\u00e8re. Fini le temps [&hellip;]","og_url":"https:\/\/shop.bantam.ch\/fr\/produit\/auvent-one-side\/","og_site_name":"Bantam Wankm\u00fcller SA","article_modified_time":"2026-04-21T23:34:18+00:00","twitter_card":"summary_large_image","twitter_misc":{"Dur\u00e9e de lecture estim\u00e9e":"2 minutes"},"schema":{"@context":"https:\/\/schema.org","@graph":[{"@type":"WebPage","@id":"https:\/\/shop.bantam.ch\/fr\/produit\/auvent-one-side\/","url":"https:\/\/shop.bantam.ch\/fr\/produit\/auvent-one-side\/","name":"auvent One Side - Bantam Wankm\u00fcller SA","isPartOf":{"@id":"https:\/\/shop.bantam.ch\/fr\/#website"},"primaryImageOfPage":{"@id":"https:\/\/shop.bantam.ch\/fr\/produit\/auvent-one-side\/#primaryimage"},"image":{"@id":"https:\/\/shop.bantam.ch\/fr\/produit\/auvent-one-side\/#primaryimage"},"thumbnailUrl":"https:\/\/shop.bantam.ch\/wp-content\/uploads\/2024\/05\/Movera-L-0106768100.jpg","datePublished":"2024-05-15T15:44:16+00:00","dateModified":"2026-04-21T23:34:18+00:00","breadcrumb":{"@id":"https:\/\/shop.bantam.ch\/fr\/produit\/auvent-one-side\/#breadcrumb"},"inLanguage":"fr-FR","potentialAction":[{"@type":"ReadAction","target":["https:\/\/shop.bantam.ch\/fr\/produit\/auvent-one-side\/"]}]},{"@type":"ImageObject","inLanguage":"fr-FR","@id":"https:\/\/shop.bantam.ch\/fr\/produit\/auvent-one-side\/#primaryimage","url":"https:\/\/shop.bantam.ch\/wp-content\/uploads\/2024\/05\/Movera-L-0106768100.jpg","contentUrl":"https:\/\/shop.bantam.ch\/wp-content\/uploads\/2024\/05\/Movera-L-0106768100.jpg","width":640,"height":386},{"@type":"BreadcrumbList","@id":"https:\/\/shop.bantam.ch\/fr\/produit\/auvent-one-side\/#breadcrumb","itemListElement":[{"@type":"ListItem","position":1,"name":"Accueil","item":"https:\/\/shop.bantam.ch\/fr\/"},{"@type":"ListItem","position":2,"name":"Boutique","item":"https:\/\/shop.bantam.ch\/fr\/boutique\/"},{"@type":"ListItem","position":3,"name":"auvent One Side"}]},{"@type":"WebSite","@id":"https:\/\/shop.bantam.ch\/fr\/#website","url":"https:\/\/shop.bantam.ch\/fr\/","name":"Bantam Wankm\u00fcller SA","description":"","publisher":{"@id":"https:\/\/shop.bantam.ch\/fr\/#organization"},"inLanguage":"fr-FR"},{"@type":"Organization","@id":"https:\/\/shop.bantam.ch\/fr\/#organization","name":"Bantam Wankm\u00fcller SA","url":"https:\/\/shop.bantam.ch\/fr\/","logo":{"@type":"ImageObject","inLanguage":"fr-FR","@id":"https:\/\/shop.bantam.ch\/fr\/#\/schema\/logo\/image\/","url":"https:\/\/shop.bantam.ch\/wp-content\/uploads\/2022\/12\/bantam-logo.png","contentUrl":"https:\/\/shop.bantam.ch\/wp-content\/uploads\/2022\/12\/bantam-logo.png","width":320,"height":71,"caption":"Bantam Wankm\u00fcller SA"},"image":{"@id":"https:\/\/shop.bantam.ch\/fr\/#\/schema\/logo\/image\/"}}]}},"_links":{"self":[{"href":"https:\/\/shop.bantam.ch\/fr\/wp-json\/wp\/v2\/product\/200767","targetHints":{"allow":["GET"]}}],"collection":[{"href":"https:\/\/shop.bantam.ch\/fr\/wp-json\/wp\/v2\/product"}],"about":[{"href":"https:\/\/shop.bantam.ch\/fr\/wp-json\/wp\/v2\/types\/product"}],"wp:featuredmedia":[{"embeddable":true,"href":"https:\/\/shop.bantam.ch\/fr\/wp-json\/wp\/v2\/media\/200757"}],"wp:attachment":[{"href":"https:\/\/shop.bantam.ch\/fr\/wp-json\/wp\/v2\/media?parent=200767"}],"wp:term":[{"taxonomy":"product_featured_cat","embeddable":true,"href":"https:\/\/shop.bantam.ch\/fr\/wp-json\/wp\/v2\/product_featured_cat?post=200767"},{"taxonomy":"product_brand","embeddable":true,"href":"https:\/\/shop.bantam.ch\/fr\/wp-json\/wp\/v2\/product_brand?post=200767"},{"taxonomy":"product_cat","embeddable":true,"href":"https:\/\/shop.bantam.ch\/fr\/wp-json\/wp\/v2\/product_cat?post=200767"},{"taxonomy":"product_tag","embeddable":true,"href":"https:\/\/shop.bantam.ch\/fr\/wp-json\/wp\/v2\/product_tag?post=200767"}],"curies":[{"name":"wp","href":"https:\/\/api.w.org\/{rel}","templated":true}]}}