{"id":200703,"date":"2024-05-15T17:42:45","date_gmt":"2024-05-15T15:42:45","guid":{"rendered":"https:\/\/shop.bantam.ch\/produit\/combine-cuisson-evier-integre-thetford-topline-111-avec-allumage-electronique\/"},"modified":"2026-04-22T23:14:04","modified_gmt":"2026-04-22T21:14:04","slug":"combine-cuisson-evier-integre-thetford-topline-111-avec-allumage-electronique","status":"publish","type":"product","link":"https:\/\/shop.bantam.ch\/fr\/produit\/combine-cuisson-evier-integre-thetford-topline-111-avec-allumage-electronique\/","title":{"rendered":"Combin\u00e9 cuisson\/\u00e9vier int\u00e9gr\u00e9 THETFORD Topline 111 avec allumage \u00e9lectronique"},"content":{"rendered":"<p>La s\u00e9rie Topline 111 est un appareil combin\u00e9 sp\u00e9cialement con\u00e7u pour les camping-cars &nbsp;<br \/>.<br \/>\nSes dimensions, notamment sa largeur de 900 mm et sa profondeur de seulement 370 mm, sont optimis\u00e9es pour le plan de cuisine \u00e9troit des campervans et offrent les fonctions de base de deux br\u00fbleurs \u00e0 gaz et d&rsquo;un \u00e9vier.<\/p>\n","protected":false},"excerpt":{"rendered":"<p>La s\u00e9rie Topline 111 est un appareil combin\u00e9 sp\u00e9cialement con\u00e7u pour les camping-cars &nbsp;. Ses dimensions, notamment sa largeur de 900 mm et sa profondeur de seulement 370 mm, sont optimis\u00e9es pour le plan de cuisine \u00e9troit des campervans et offrent les fonctions de base de deux br\u00fbleurs \u00e0 gaz et d&rsquo;un \u00e9vier.<\/p>\n","protected":false},"featured_media":207596,"template":"","meta":{"_acf_changed":false},"product_featured_cat":[],"product_brand":[],"product_cat":[4313],"product_tag":[],"class_list":{"0":"post-200703","1":"product","2":"type-product","3":"status-publish","4":"has-post-thumbnail","6":"product_cat-combinaisons-cuisine-evier","8":"first","9":"instock","10":"taxable","11":"shipping-taxable","12":"purchasable","13":"product-type-simple"},"acf":[],"yoast_head":"<!-- This site is optimized with the Yoast SEO plugin v27.4 - https:\/\/yoast.com\/product\/yoast-seo-wordpress\/ -->\n<title>Combin\u00e9 cuisson\/\u00e9vier int\u00e9gr\u00e9 THETFORD Topline 111 avec allumage \u00e9lectronique - Bantam Wankm\u00fcller SA<\/title>\n<meta name=\"robots\" content=\"index, follow, max-snippet:-1, max-image-preview:large, max-video-preview:-1\" \/>\n<link rel=\"canonical\" href=\"https:\/\/shop.bantam.ch\/fr\/produit\/combine-cuisson-evier-integre-thetford-topline-111-avec-allumage-electronique\/\" \/>\n<meta property=\"og:locale\" content=\"fr_FR\" \/>\n<meta property=\"og:type\" content=\"article\" \/>\n<meta property=\"og:title\" content=\"Combin\u00e9 cuisson\/\u00e9vier int\u00e9gr\u00e9 THETFORD Topline 111 avec allumage \u00e9lectronique - Bantam Wankm\u00fcller SA\" \/>\n<meta property=\"og:description\" content=\"La s\u00e9rie Topline 111 est un appareil combin\u00e9 sp\u00e9cialement con\u00e7u pour les camping-cars &nbsp;. Ses dimensions, notamment sa largeur de 900 mm et sa profondeur de seulement 370 mm, sont optimis\u00e9es pour le plan de cuisine \u00e9troit des campervans et offrent les fonctions de base de deux br\u00fbleurs \u00e0 gaz et d&rsquo;un \u00e9vier.\" \/>\n<meta property=\"og:url\" content=\"https:\/\/shop.bantam.ch\/fr\/produit\/combine-cuisson-evier-integre-thetford-topline-111-avec-allumage-electronique\/\" \/>\n<meta property=\"og:site_name\" content=\"Bantam Wankm\u00fcller SA\" \/>\n<meta property=\"article:modified_time\" content=\"2026-04-22T21:14:04+00:00\" \/>\n<meta name=\"twitter:card\" content=\"summary_large_image\" \/>\n<script type=\"application\/ld+json\" class=\"yoast-schema-graph\">{\"@context\":\"https:\\\/\\\/schema.org\",\"@graph\":[{\"@type\":\"WebPage\",\"@id\":\"https:\\\/\\\/shop.bantam.ch\\\/fr\\\/produit\\\/combine-cuisson-evier-integre-thetford-topline-111-avec-allumage-electronique\\\/\",\"url\":\"https:\\\/\\\/shop.bantam.ch\\\/fr\\\/produit\\\/combine-cuisson-evier-integre-thetford-topline-111-avec-allumage-electronique\\\/\",\"name\":\"Combin\u00e9 cuisson\\\/\u00e9vier int\u00e9gr\u00e9 THETFORD Topline 111 avec allumage \u00e9lectronique - Bantam Wankm\u00fcller SA\",\"isPartOf\":{\"@id\":\"https:\\\/\\\/shop.bantam.ch\\\/fr\\\/#website\"},\"primaryImageOfPage\":{\"@id\":\"https:\\\/\\\/shop.bantam.ch\\\/fr\\\/produit\\\/combine-cuisson-evier-integre-thetford-topline-111-avec-allumage-electronique\\\/#primaryimage\"},\"image\":{\"@id\":\"https:\\\/\\\/shop.bantam.ch\\\/fr\\\/produit\\\/combine-cuisson-evier-integre-thetford-topline-111-avec-allumage-electronique\\\/#primaryimage\"},\"thumbnailUrl\":\"https:\\\/\\\/shop.bantam.ch\\\/wp-content\\\/uploads\\\/2024\\\/09\\\/Movera-L-9975327100.png\",\"datePublished\":\"2024-05-15T15:42:45+00:00\",\"dateModified\":\"2026-04-22T21:14:04+00:00\",\"breadcrumb\":{\"@id\":\"https:\\\/\\\/shop.bantam.ch\\\/fr\\\/produit\\\/combine-cuisson-evier-integre-thetford-topline-111-avec-allumage-electronique\\\/#breadcrumb\"},\"inLanguage\":\"fr-FR\",\"potentialAction\":[{\"@type\":\"ReadAction\",\"target\":[\"https:\\\/\\\/shop.bantam.ch\\\/fr\\\/produit\\\/combine-cuisson-evier-integre-thetford-topline-111-avec-allumage-electronique\\\/\"]}]},{\"@type\":\"ImageObject\",\"inLanguage\":\"fr-FR\",\"@id\":\"https:\\\/\\\/shop.bantam.ch\\\/fr\\\/produit\\\/combine-cuisson-evier-integre-thetford-topline-111-avec-allumage-electronique\\\/#primaryimage\",\"url\":\"https:\\\/\\\/shop.bantam.ch\\\/wp-content\\\/uploads\\\/2024\\\/09\\\/Movera-L-9975327100.png\",\"contentUrl\":\"https:\\\/\\\/shop.bantam.ch\\\/wp-content\\\/uploads\\\/2024\\\/09\\\/Movera-L-9975327100.png\",\"width\":640,\"height\":480},{\"@type\":\"BreadcrumbList\",\"@id\":\"https:\\\/\\\/shop.bantam.ch\\\/fr\\\/produit\\\/combine-cuisson-evier-integre-thetford-topline-111-avec-allumage-electronique\\\/#breadcrumb\",\"itemListElement\":[{\"@type\":\"ListItem\",\"position\":1,\"name\":\"Accueil\",\"item\":\"https:\\\/\\\/shop.bantam.ch\\\/fr\\\/\"},{\"@type\":\"ListItem\",\"position\":2,\"name\":\"Boutique\",\"item\":\"https:\\\/\\\/shop.bantam.ch\\\/fr\\\/boutique\\\/\"},{\"@type\":\"ListItem\",\"position\":3,\"name\":\"Combin\u00e9 cuisson\\\/\u00e9vier int\u00e9gr\u00e9 THETFORD Topline 111 avec allumage \u00e9lectronique\"}]},{\"@type\":\"WebSite\",\"@id\":\"https:\\\/\\\/shop.bantam.ch\\\/fr\\\/#website\",\"url\":\"https:\\\/\\\/shop.bantam.ch\\\/fr\\\/\",\"name\":\"Bantam Wankm\u00fcller SA\",\"description\":\"\",\"publisher\":{\"@id\":\"https:\\\/\\\/shop.bantam.ch\\\/fr\\\/#organization\"},\"inLanguage\":\"fr-FR\"},{\"@type\":\"Organization\",\"@id\":\"https:\\\/\\\/shop.bantam.ch\\\/fr\\\/#organization\",\"name\":\"Bantam Wankm\u00fcller SA\",\"url\":\"https:\\\/\\\/shop.bantam.ch\\\/fr\\\/\",\"logo\":{\"@type\":\"ImageObject\",\"inLanguage\":\"fr-FR\",\"@id\":\"https:\\\/\\\/shop.bantam.ch\\\/fr\\\/#\\\/schema\\\/logo\\\/image\\\/\",\"url\":\"https:\\\/\\\/shop.bantam.ch\\\/wp-content\\\/uploads\\\/2022\\\/12\\\/bantam-logo.png\",\"contentUrl\":\"https:\\\/\\\/shop.bantam.ch\\\/wp-content\\\/uploads\\\/2022\\\/12\\\/bantam-logo.png\",\"width\":320,\"height\":71,\"caption\":\"Bantam Wankm\u00fcller SA\"},\"image\":{\"@id\":\"https:\\\/\\\/shop.bantam.ch\\\/fr\\\/#\\\/schema\\\/logo\\\/image\\\/\"}}]}<\/script>\n<!-- \/ Yoast SEO plugin. -->","yoast_head_json":{"title":"Combin\u00e9 cuisson\/\u00e9vier int\u00e9gr\u00e9 THETFORD Topline 111 avec allumage \u00e9lectronique - Bantam Wankm\u00fcller SA","robots":{"index":"index","follow":"follow","max-snippet":"max-snippet:-1","max-image-preview":"max-image-preview:large","max-video-preview":"max-video-preview:-1"},"canonical":"https:\/\/shop.bantam.ch\/fr\/produit\/combine-cuisson-evier-integre-thetford-topline-111-avec-allumage-electronique\/","og_locale":"fr_FR","og_type":"article","og_title":"Combin\u00e9 cuisson\/\u00e9vier int\u00e9gr\u00e9 THETFORD Topline 111 avec allumage \u00e9lectronique - Bantam Wankm\u00fcller SA","og_description":"La s\u00e9rie Topline 111 est un appareil combin\u00e9 sp\u00e9cialement con\u00e7u pour les camping-cars &nbsp;. Ses dimensions, notamment sa largeur de 900 mm et sa profondeur de seulement 370 mm, sont optimis\u00e9es pour le plan de cuisine \u00e9troit des campervans et offrent les fonctions de base de deux br\u00fbleurs \u00e0 gaz et d&rsquo;un \u00e9vier.","og_url":"https:\/\/shop.bantam.ch\/fr\/produit\/combine-cuisson-evier-integre-thetford-topline-111-avec-allumage-electronique\/","og_site_name":"Bantam Wankm\u00fcller SA","article_modified_time":"2026-04-22T21:14:04+00:00","twitter_card":"summary_large_image","schema":{"@context":"https:\/\/schema.org","@graph":[{"@type":"WebPage","@id":"https:\/\/shop.bantam.ch\/fr\/produit\/combine-cuisson-evier-integre-thetford-topline-111-avec-allumage-electronique\/","url":"https:\/\/shop.bantam.ch\/fr\/produit\/combine-cuisson-evier-integre-thetford-topline-111-avec-allumage-electronique\/","name":"Combin\u00e9 cuisson\/\u00e9vier int\u00e9gr\u00e9 THETFORD Topline 111 avec allumage \u00e9lectronique - Bantam Wankm\u00fcller SA","isPartOf":{"@id":"https:\/\/shop.bantam.ch\/fr\/#website"},"primaryImageOfPage":{"@id":"https:\/\/shop.bantam.ch\/fr\/produit\/combine-cuisson-evier-integre-thetford-topline-111-avec-allumage-electronique\/#primaryimage"},"image":{"@id":"https:\/\/shop.bantam.ch\/fr\/produit\/combine-cuisson-evier-integre-thetford-topline-111-avec-allumage-electronique\/#primaryimage"},"thumbnailUrl":"https:\/\/shop.bantam.ch\/wp-content\/uploads\/2024\/09\/Movera-L-9975327100.png","datePublished":"2024-05-15T15:42:45+00:00","dateModified":"2026-04-22T21:14:04+00:00","breadcrumb":{"@id":"https:\/\/shop.bantam.ch\/fr\/produit\/combine-cuisson-evier-integre-thetford-topline-111-avec-allumage-electronique\/#breadcrumb"},"inLanguage":"fr-FR","potentialAction":[{"@type":"ReadAction","target":["https:\/\/shop.bantam.ch\/fr\/produit\/combine-cuisson-evier-integre-thetford-topline-111-avec-allumage-electronique\/"]}]},{"@type":"ImageObject","inLanguage":"fr-FR","@id":"https:\/\/shop.bantam.ch\/fr\/produit\/combine-cuisson-evier-integre-thetford-topline-111-avec-allumage-electronique\/#primaryimage","url":"https:\/\/shop.bantam.ch\/wp-content\/uploads\/2024\/09\/Movera-L-9975327100.png","contentUrl":"https:\/\/shop.bantam.ch\/wp-content\/uploads\/2024\/09\/Movera-L-9975327100.png","width":640,"height":480},{"@type":"BreadcrumbList","@id":"https:\/\/shop.bantam.ch\/fr\/produit\/combine-cuisson-evier-integre-thetford-topline-111-avec-allumage-electronique\/#breadcrumb","itemListElement":[{"@type":"ListItem","position":1,"name":"Accueil","item":"https:\/\/shop.bantam.ch\/fr\/"},{"@type":"ListItem","position":2,"name":"Boutique","item":"https:\/\/shop.bantam.ch\/fr\/boutique\/"},{"@type":"ListItem","position":3,"name":"Combin\u00e9 cuisson\/\u00e9vier int\u00e9gr\u00e9 THETFORD Topline 111 avec allumage \u00e9lectronique"}]},{"@type":"WebSite","@id":"https:\/\/shop.bantam.ch\/fr\/#website","url":"https:\/\/shop.bantam.ch\/fr\/","name":"Bantam Wankm\u00fcller SA","description":"","publisher":{"@id":"https:\/\/shop.bantam.ch\/fr\/#organization"},"inLanguage":"fr-FR"},{"@type":"Organization","@id":"https:\/\/shop.bantam.ch\/fr\/#organization","name":"Bantam Wankm\u00fcller SA","url":"https:\/\/shop.bantam.ch\/fr\/","logo":{"@type":"ImageObject","inLanguage":"fr-FR","@id":"https:\/\/shop.bantam.ch\/fr\/#\/schema\/logo\/image\/","url":"https:\/\/shop.bantam.ch\/wp-content\/uploads\/2022\/12\/bantam-logo.png","contentUrl":"https:\/\/shop.bantam.ch\/wp-content\/uploads\/2022\/12\/bantam-logo.png","width":320,"height":71,"caption":"Bantam Wankm\u00fcller SA"},"image":{"@id":"https:\/\/shop.bantam.ch\/fr\/#\/schema\/logo\/image\/"}}]}},"_links":{"self":[{"href":"https:\/\/shop.bantam.ch\/fr\/wp-json\/wp\/v2\/product\/200703","targetHints":{"allow":["GET"]}}],"collection":[{"href":"https:\/\/shop.bantam.ch\/fr\/wp-json\/wp\/v2\/product"}],"about":[{"href":"https:\/\/shop.bantam.ch\/fr\/wp-json\/wp\/v2\/types\/product"}],"wp:featuredmedia":[{"embeddable":true,"href":"https:\/\/shop.bantam.ch\/fr\/wp-json\/wp\/v2\/media\/207596"}],"wp:attachment":[{"href":"https:\/\/shop.bantam.ch\/fr\/wp-json\/wp\/v2\/media?parent=200703"}],"wp:term":[{"taxonomy":"product_featured_cat","embeddable":true,"href":"https:\/\/shop.bantam.ch\/fr\/wp-json\/wp\/v2\/product_featured_cat?post=200703"},{"taxonomy":"product_brand","embeddable":true,"href":"https:\/\/shop.bantam.ch\/fr\/wp-json\/wp\/v2\/product_brand?post=200703"},{"taxonomy":"product_cat","embeddable":true,"href":"https:\/\/shop.bantam.ch\/fr\/wp-json\/wp\/v2\/product_cat?post=200703"},{"taxonomy":"product_tag","embeddable":true,"href":"https:\/\/shop.bantam.ch\/fr\/wp-json\/wp\/v2\/product_tag?post=200703"}],"curies":[{"name":"wp","href":"https:\/\/api.w.org\/{rel}","templated":true}]}}