{"id":200589,"date":"2024-05-15T17:39:44","date_gmt":"2024-05-15T15:39:44","guid":{"rendered":"https:\/\/shop.bantam.ch\/produit\/rolli-protect-modul\/"},"modified":"2026-04-18T01:28:11","modified_gmt":"2026-04-17T23:28:11","slug":"rolli-protect-modul","status":"publish","type":"product","link":"https:\/\/shop.bantam.ch\/fr\/produit\/rolli-protect-modul\/","title":{"rendered":"ROLLI PROTECT MODUL"},"content":{"rendered":"<p>Protection modulaire contre le vent et les regards indiscrets. Compos\u00e9 de 5 \u00e9l\u00e9ments individuels, le syst\u00e8me Rolli PROTECT peut \u00eatre assembl\u00e9 individuellement. 5 designs diff\u00e9rents permettent une protection unique contre le vent et les intemp\u00e9ries. L&rsquo;\u00e9l\u00e9ment de connexion permet de relier le Rolli PROTECT SYSTEM au store, ce qui le rend extr\u00eamement stable et robuste. Possible individuellement \u00e0 droite et \u00e0 gauche. Les anciens mod\u00e8les de rollis peuvent \u00eatre \u00e9quip\u00e9s ult\u00e9rieurement.<\/p>\n<ul>\n<li>ROLLI PROTECT SYSTEM pour tous les mod\u00e8les ROLLI<\/li>\n<li>Zone prot\u00e9g\u00e9e raccord\u00e9e au store ROLLI.<\/li>\n<li>Connexion au ROLLI<\/li>\n<li>Connexion au Rolli pouvant \u00eatre install\u00e9e ult\u00e9rieurement pour les anciens mod\u00e8les.<\/li>\n<li>Possibilit\u00e9 de combiner des modules individuels entre eux.<\/li>\n<li>Connexion au ROLLI \u00e0 droite ou \u00e0 gauche.<\/li>\n<li>C\u00f4t\u00e9 gauche au choix.<\/li>\n<li>Combinable \u00e0 l&rsquo;infini.<\/li>\n<li>Mat\u00e9riaux de la plus haute qualit\u00e9 et finition optimale<\/li>\n<\/ul>\n<p>Mat\u00e9riaux:<br \/>\nParoi avant: 100 % polyester enduit d&rsquo;acrylate<br \/>\nBande anti-salissures: 100 % chlorure de polyvinyle<\/p>\n<p>Contenu de la livraison:<br \/>\nModule 1-5:&nbsp;<br \/>\nInclus le module Rolli PROTECT<br \/>\nModule Rolli PROTECT<br \/>\nBarre transversale 22 mm acier aplati<br \/>\nDouille de sol<br \/>\n5 x \u00e9chelles de haubanage<br \/>\n2 x clous de terre en plastique<\/p>\n<p>Module 6:<br \/>\nInclus compris le module Rolli PROTECT Connexion<br \/>\n\u00c2me de bourrelet<br \/>\nProfil\u00e9 de bourrelet double<br \/>\n2 x \u00e9chelles de haubanage<br \/>\n2 x clous de terre en plastique<\/p>\n","protected":false},"excerpt":{"rendered":"<p>Protection modulaire contre le vent et les regards indiscrets. Compos\u00e9 de 5 \u00e9l\u00e9ments individuels, le syst\u00e8me Rolli PROTECT peut \u00eatre assembl\u00e9 individuellement. 5 designs diff\u00e9rents permettent une protection unique contre le vent et les intemp\u00e9ries. L&rsquo;\u00e9l\u00e9ment de connexion permet de relier le Rolli PROTECT SYSTEM au store, ce qui le rend extr\u00eamement stable et robuste. [&hellip;]<\/p>\n","protected":false},"featured_media":200587,"template":"","meta":{"_acf_changed":false},"product_featured_cat":[],"product_brand":[],"product_cat":[4223],"product_tag":[],"class_list":{"0":"post-200589","1":"product","2":"type-product","3":"status-publish","4":"has-post-thumbnail","6":"product_cat-stores-et-auvents","8":"first","9":"instock","10":"taxable","11":"shipping-taxable","12":"purchasable","13":"product-type-variable"},"acf":[],"yoast_head":"<!-- This site is optimized with the Yoast SEO plugin v27.4 - https:\/\/yoast.com\/product\/yoast-seo-wordpress\/ -->\n<title>ROLLI PROTECT MODUL - Bantam Wankm\u00fcller SA<\/title>\n<meta name=\"robots\" content=\"index, follow, max-snippet:-1, max-image-preview:large, max-video-preview:-1\" \/>\n<link rel=\"canonical\" href=\"https:\/\/shop.bantam.ch\/fr\/produit\/rolli-protect-modul\/\" \/>\n<meta property=\"og:locale\" content=\"fr_FR\" \/>\n<meta property=\"og:type\" content=\"article\" \/>\n<meta property=\"og:title\" content=\"ROLLI PROTECT MODUL - Bantam Wankm\u00fcller SA\" \/>\n<meta property=\"og:description\" content=\"Protection modulaire contre le vent et les regards indiscrets. Compos\u00e9 de 5 \u00e9l\u00e9ments individuels, le syst\u00e8me Rolli PROTECT peut \u00eatre assembl\u00e9 individuellement. 5 designs diff\u00e9rents permettent une protection unique contre le vent et les intemp\u00e9ries. L&rsquo;\u00e9l\u00e9ment de connexion permet de relier le Rolli PROTECT SYSTEM au store, ce qui le rend extr\u00eamement stable et robuste. [&hellip;]\" \/>\n<meta property=\"og:url\" content=\"https:\/\/shop.bantam.ch\/fr\/produit\/rolli-protect-modul\/\" \/>\n<meta property=\"og:site_name\" content=\"Bantam Wankm\u00fcller SA\" \/>\n<meta property=\"article:modified_time\" content=\"2026-04-17T23:28:11+00:00\" \/>\n<meta name=\"twitter:card\" content=\"summary_large_image\" \/>\n<meta name=\"twitter:label1\" content=\"Dur\u00e9e de lecture estim\u00e9e\" \/>\n\t<meta name=\"twitter:data1\" content=\"1 minute\" \/>\n<script type=\"application\/ld+json\" class=\"yoast-schema-graph\">{\"@context\":\"https:\\\/\\\/schema.org\",\"@graph\":[{\"@type\":\"WebPage\",\"@id\":\"https:\\\/\\\/shop.bantam.ch\\\/fr\\\/produit\\\/rolli-protect-modul\\\/\",\"url\":\"https:\\\/\\\/shop.bantam.ch\\\/fr\\\/produit\\\/rolli-protect-modul\\\/\",\"name\":\"ROLLI PROTECT MODUL - Bantam Wankm\u00fcller SA\",\"isPartOf\":{\"@id\":\"https:\\\/\\\/shop.bantam.ch\\\/fr\\\/#website\"},\"primaryImageOfPage\":{\"@id\":\"https:\\\/\\\/shop.bantam.ch\\\/fr\\\/produit\\\/rolli-protect-modul\\\/#primaryimage\"},\"image\":{\"@id\":\"https:\\\/\\\/shop.bantam.ch\\\/fr\\\/produit\\\/rolli-protect-modul\\\/#primaryimage\"},\"thumbnailUrl\":\"https:\\\/\\\/shop.bantam.ch\\\/wp-content\\\/uploads\\\/2024\\\/05\\\/Movera-L-0106731100.jpg\",\"datePublished\":\"2024-05-15T15:39:44+00:00\",\"dateModified\":\"2026-04-17T23:28:11+00:00\",\"breadcrumb\":{\"@id\":\"https:\\\/\\\/shop.bantam.ch\\\/fr\\\/produit\\\/rolli-protect-modul\\\/#breadcrumb\"},\"inLanguage\":\"fr-FR\",\"potentialAction\":[{\"@type\":\"ReadAction\",\"target\":[\"https:\\\/\\\/shop.bantam.ch\\\/fr\\\/produit\\\/rolli-protect-modul\\\/\"]}]},{\"@type\":\"ImageObject\",\"inLanguage\":\"fr-FR\",\"@id\":\"https:\\\/\\\/shop.bantam.ch\\\/fr\\\/produit\\\/rolli-protect-modul\\\/#primaryimage\",\"url\":\"https:\\\/\\\/shop.bantam.ch\\\/wp-content\\\/uploads\\\/2024\\\/05\\\/Movera-L-0106731100.jpg\",\"contentUrl\":\"https:\\\/\\\/shop.bantam.ch\\\/wp-content\\\/uploads\\\/2024\\\/05\\\/Movera-L-0106731100.jpg\",\"width\":640,\"height\":360},{\"@type\":\"BreadcrumbList\",\"@id\":\"https:\\\/\\\/shop.bantam.ch\\\/fr\\\/produit\\\/rolli-protect-modul\\\/#breadcrumb\",\"itemListElement\":[{\"@type\":\"ListItem\",\"position\":1,\"name\":\"Accueil\",\"item\":\"https:\\\/\\\/shop.bantam.ch\\\/fr\\\/\"},{\"@type\":\"ListItem\",\"position\":2,\"name\":\"Boutique\",\"item\":\"https:\\\/\\\/shop.bantam.ch\\\/fr\\\/boutique\\\/\"},{\"@type\":\"ListItem\",\"position\":3,\"name\":\"ROLLI PROTECT MODUL\"}]},{\"@type\":\"WebSite\",\"@id\":\"https:\\\/\\\/shop.bantam.ch\\\/fr\\\/#website\",\"url\":\"https:\\\/\\\/shop.bantam.ch\\\/fr\\\/\",\"name\":\"Bantam Wankm\u00fcller SA\",\"description\":\"\",\"publisher\":{\"@id\":\"https:\\\/\\\/shop.bantam.ch\\\/fr\\\/#organization\"},\"inLanguage\":\"fr-FR\"},{\"@type\":\"Organization\",\"@id\":\"https:\\\/\\\/shop.bantam.ch\\\/fr\\\/#organization\",\"name\":\"Bantam Wankm\u00fcller SA\",\"url\":\"https:\\\/\\\/shop.bantam.ch\\\/fr\\\/\",\"logo\":{\"@type\":\"ImageObject\",\"inLanguage\":\"fr-FR\",\"@id\":\"https:\\\/\\\/shop.bantam.ch\\\/fr\\\/#\\\/schema\\\/logo\\\/image\\\/\",\"url\":\"https:\\\/\\\/shop.bantam.ch\\\/wp-content\\\/uploads\\\/2022\\\/12\\\/bantam-logo.png\",\"contentUrl\":\"https:\\\/\\\/shop.bantam.ch\\\/wp-content\\\/uploads\\\/2022\\\/12\\\/bantam-logo.png\",\"width\":320,\"height\":71,\"caption\":\"Bantam Wankm\u00fcller SA\"},\"image\":{\"@id\":\"https:\\\/\\\/shop.bantam.ch\\\/fr\\\/#\\\/schema\\\/logo\\\/image\\\/\"}}]}<\/script>\n<!-- \/ Yoast SEO plugin. -->","yoast_head_json":{"title":"ROLLI PROTECT MODUL - Bantam Wankm\u00fcller SA","robots":{"index":"index","follow":"follow","max-snippet":"max-snippet:-1","max-image-preview":"max-image-preview:large","max-video-preview":"max-video-preview:-1"},"canonical":"https:\/\/shop.bantam.ch\/fr\/produit\/rolli-protect-modul\/","og_locale":"fr_FR","og_type":"article","og_title":"ROLLI PROTECT MODUL - Bantam Wankm\u00fcller SA","og_description":"Protection modulaire contre le vent et les regards indiscrets. Compos\u00e9 de 5 \u00e9l\u00e9ments individuels, le syst\u00e8me Rolli PROTECT peut \u00eatre assembl\u00e9 individuellement. 5 designs diff\u00e9rents permettent une protection unique contre le vent et les intemp\u00e9ries. L&rsquo;\u00e9l\u00e9ment de connexion permet de relier le Rolli PROTECT SYSTEM au store, ce qui le rend extr\u00eamement stable et robuste. [&hellip;]","og_url":"https:\/\/shop.bantam.ch\/fr\/produit\/rolli-protect-modul\/","og_site_name":"Bantam Wankm\u00fcller SA","article_modified_time":"2026-04-17T23:28:11+00:00","twitter_card":"summary_large_image","twitter_misc":{"Dur\u00e9e de lecture estim\u00e9e":"1 minute"},"schema":{"@context":"https:\/\/schema.org","@graph":[{"@type":"WebPage","@id":"https:\/\/shop.bantam.ch\/fr\/produit\/rolli-protect-modul\/","url":"https:\/\/shop.bantam.ch\/fr\/produit\/rolli-protect-modul\/","name":"ROLLI PROTECT MODUL - Bantam Wankm\u00fcller SA","isPartOf":{"@id":"https:\/\/shop.bantam.ch\/fr\/#website"},"primaryImageOfPage":{"@id":"https:\/\/shop.bantam.ch\/fr\/produit\/rolli-protect-modul\/#primaryimage"},"image":{"@id":"https:\/\/shop.bantam.ch\/fr\/produit\/rolli-protect-modul\/#primaryimage"},"thumbnailUrl":"https:\/\/shop.bantam.ch\/wp-content\/uploads\/2024\/05\/Movera-L-0106731100.jpg","datePublished":"2024-05-15T15:39:44+00:00","dateModified":"2026-04-17T23:28:11+00:00","breadcrumb":{"@id":"https:\/\/shop.bantam.ch\/fr\/produit\/rolli-protect-modul\/#breadcrumb"},"inLanguage":"fr-FR","potentialAction":[{"@type":"ReadAction","target":["https:\/\/shop.bantam.ch\/fr\/produit\/rolli-protect-modul\/"]}]},{"@type":"ImageObject","inLanguage":"fr-FR","@id":"https:\/\/shop.bantam.ch\/fr\/produit\/rolli-protect-modul\/#primaryimage","url":"https:\/\/shop.bantam.ch\/wp-content\/uploads\/2024\/05\/Movera-L-0106731100.jpg","contentUrl":"https:\/\/shop.bantam.ch\/wp-content\/uploads\/2024\/05\/Movera-L-0106731100.jpg","width":640,"height":360},{"@type":"BreadcrumbList","@id":"https:\/\/shop.bantam.ch\/fr\/produit\/rolli-protect-modul\/#breadcrumb","itemListElement":[{"@type":"ListItem","position":1,"name":"Accueil","item":"https:\/\/shop.bantam.ch\/fr\/"},{"@type":"ListItem","position":2,"name":"Boutique","item":"https:\/\/shop.bantam.ch\/fr\/boutique\/"},{"@type":"ListItem","position":3,"name":"ROLLI PROTECT MODUL"}]},{"@type":"WebSite","@id":"https:\/\/shop.bantam.ch\/fr\/#website","url":"https:\/\/shop.bantam.ch\/fr\/","name":"Bantam Wankm\u00fcller SA","description":"","publisher":{"@id":"https:\/\/shop.bantam.ch\/fr\/#organization"},"inLanguage":"fr-FR"},{"@type":"Organization","@id":"https:\/\/shop.bantam.ch\/fr\/#organization","name":"Bantam Wankm\u00fcller SA","url":"https:\/\/shop.bantam.ch\/fr\/","logo":{"@type":"ImageObject","inLanguage":"fr-FR","@id":"https:\/\/shop.bantam.ch\/fr\/#\/schema\/logo\/image\/","url":"https:\/\/shop.bantam.ch\/wp-content\/uploads\/2022\/12\/bantam-logo.png","contentUrl":"https:\/\/shop.bantam.ch\/wp-content\/uploads\/2022\/12\/bantam-logo.png","width":320,"height":71,"caption":"Bantam Wankm\u00fcller SA"},"image":{"@id":"https:\/\/shop.bantam.ch\/fr\/#\/schema\/logo\/image\/"}}]}},"_links":{"self":[{"href":"https:\/\/shop.bantam.ch\/fr\/wp-json\/wp\/v2\/product\/200589","targetHints":{"allow":["GET"]}}],"collection":[{"href":"https:\/\/shop.bantam.ch\/fr\/wp-json\/wp\/v2\/product"}],"about":[{"href":"https:\/\/shop.bantam.ch\/fr\/wp-json\/wp\/v2\/types\/product"}],"wp:featuredmedia":[{"embeddable":true,"href":"https:\/\/shop.bantam.ch\/fr\/wp-json\/wp\/v2\/media\/200587"}],"wp:attachment":[{"href":"https:\/\/shop.bantam.ch\/fr\/wp-json\/wp\/v2\/media?parent=200589"}],"wp:term":[{"taxonomy":"product_featured_cat","embeddable":true,"href":"https:\/\/shop.bantam.ch\/fr\/wp-json\/wp\/v2\/product_featured_cat?post=200589"},{"taxonomy":"product_brand","embeddable":true,"href":"https:\/\/shop.bantam.ch\/fr\/wp-json\/wp\/v2\/product_brand?post=200589"},{"taxonomy":"product_cat","embeddable":true,"href":"https:\/\/shop.bantam.ch\/fr\/wp-json\/wp\/v2\/product_cat?post=200589"},{"taxonomy":"product_tag","embeddable":true,"href":"https:\/\/shop.bantam.ch\/fr\/wp-json\/wp\/v2\/product_tag?post=200589"}],"curies":[{"name":"wp","href":"https:\/\/api.w.org\/{rel}","templated":true}]}}