{"id":200496,"date":"2024-05-15T17:36:24","date_gmt":"2024-05-15T15:36:24","guid":{"rendered":"https:\/\/shop.bantam.ch\/produit\/sac-de-couch-highpeak-tr300\/"},"modified":"2026-04-19T23:19:25","modified_gmt":"2026-04-19T21:19:25","slug":"sac-de-couch-highpeak-tr300","status":"publish","type":"product","link":"https:\/\/shop.bantam.ch\/fr\/produit\/sac-de-couch-highpeak-tr300\/","title":{"rendered":"Sac de couch HighPeak TR300"},"content":{"rendered":"<p>La housse ext\u00e9rieure est trait\u00e9e avec le BIONIC-FINISH\u00aeECO sans PFC. Ce traitement \u00e9cologique et durable est r\u00e9sistant \u00e0 la salet\u00e9 et \u00e0 l&rsquo;eau. Le TR 300 est un sac de couchage momie confort 3 saisons (printemps \/ \u00e9t\u00e9 \/ automne) haut de gamme et fonctionnel avec un large domaine d&rsquo;utilisation pour le camping, le trekking et la randonn\u00e9e. Le garnissage haut de gamme en fibres synth\u00e9tiques Dura Loft\u00ae H1 a une excellente performance thermique. Les fibres creuses sont ind\u00e9chirables et silicon\u00e9es pour garantir une bonne compressibilit\u00e9 et un bon gonflant. La housse ext\u00e9rieure est agr\u00e9ablement douce et r\u00e9sistante. La doublure int\u00e9rieure est compos\u00e9e d&rsquo;un mat\u00e9riau respirant et doux pour la peau. La capuche \u00e0 contour r\u00e9glable et le col thermique r\u00e9duisent la perte de chaleur pour une isolation optimale et un meilleur confort. La fermeture \u00e9clair double sens sur toute la longueur peut \u00eatre coupl\u00e9e et s&rsquo;ouvre \u00e9galement au niveau des pieds pour laisser circuler l&rsquo;air. La bande de recouvrement de la fermeture \u00e9clair avec protection anti-pince emp\u00eache les ponts thermiques pour une isolation optimale et l&rsquo;accrochage de la fermeture \u00e9clair. Le curseur de la fermeture \u00e9clair est dot\u00e9 d&rsquo;une poign\u00e9e encastr\u00e9e ergonomique. Une poche int\u00e9rieure utile avec fermeture velcro se trouve \u00e0 l&rsquo;int\u00e9rieur. Le sac de compression r\u00e9duit le volume de rangement au minimum. Le sac de couchage est adapt\u00e9 \u00e0 une taille maximale de 200 cm. Lavable en machine \u00e0 30\u00b0.<\/p>\n<p>Mat\u00e9riel:<br \/>\n100% polyester&nbsp;<br \/>\n&nbsp;<\/p>\n","protected":false},"excerpt":{"rendered":"<p>La housse ext\u00e9rieure est trait\u00e9e avec le BIONIC-FINISH\u00aeECO sans PFC. Ce traitement \u00e9cologique et durable est r\u00e9sistant \u00e0 la salet\u00e9 et \u00e0 l&rsquo;eau. Le TR 300 est un sac de couchage momie confort 3 saisons (printemps \/ \u00e9t\u00e9 \/ automne) haut de gamme et fonctionnel avec un large domaine d&rsquo;utilisation pour le camping, le trekking [&hellip;]<\/p>\n","protected":false},"featured_media":207582,"template":"","meta":{"_acf_changed":false},"product_featured_cat":[],"product_brand":[],"product_cat":[4451],"product_tag":[],"class_list":{"0":"post-200496","1":"product","2":"type-product","3":"status-publish","4":"has-post-thumbnail","6":"product_cat-sacs-de-couchage-momie","8":"first","9":"instock","10":"taxable","11":"shipping-taxable","12":"purchasable","13":"product-type-simple"},"acf":[],"yoast_head":"<!-- This site is optimized with the Yoast SEO plugin v27.4 - https:\/\/yoast.com\/product\/yoast-seo-wordpress\/ -->\n<title>Sac de couch HighPeak TR300 - Bantam Wankm\u00fcller SA<\/title>\n<meta name=\"robots\" content=\"index, follow, max-snippet:-1, max-image-preview:large, max-video-preview:-1\" \/>\n<link rel=\"canonical\" href=\"https:\/\/shop.bantam.ch\/fr\/produit\/sac-de-couch-highpeak-tr300\/\" \/>\n<meta property=\"og:locale\" content=\"fr_FR\" \/>\n<meta property=\"og:type\" content=\"article\" \/>\n<meta property=\"og:title\" content=\"Sac de couch HighPeak TR300 - Bantam Wankm\u00fcller SA\" \/>\n<meta property=\"og:description\" content=\"La housse ext\u00e9rieure est trait\u00e9e avec le BIONIC-FINISH\u00aeECO sans PFC. Ce traitement \u00e9cologique et durable est r\u00e9sistant \u00e0 la salet\u00e9 et \u00e0 l&rsquo;eau. Le TR 300 est un sac de couchage momie confort 3 saisons (printemps \/ \u00e9t\u00e9 \/ automne) haut de gamme et fonctionnel avec un large domaine d&rsquo;utilisation pour le camping, le trekking [&hellip;]\" \/>\n<meta property=\"og:url\" content=\"https:\/\/shop.bantam.ch\/fr\/produit\/sac-de-couch-highpeak-tr300\/\" \/>\n<meta property=\"og:site_name\" content=\"Bantam Wankm\u00fcller SA\" \/>\n<meta property=\"article:modified_time\" content=\"2026-04-19T21:19:25+00:00\" \/>\n<meta name=\"twitter:card\" content=\"summary_large_image\" \/>\n<meta name=\"twitter:label1\" content=\"Dur\u00e9e de lecture estim\u00e9e\" \/>\n\t<meta name=\"twitter:data1\" content=\"1 minute\" \/>\n<script type=\"application\/ld+json\" class=\"yoast-schema-graph\">{\"@context\":\"https:\\\/\\\/schema.org\",\"@graph\":[{\"@type\":\"WebPage\",\"@id\":\"https:\\\/\\\/shop.bantam.ch\\\/fr\\\/produit\\\/sac-de-couch-highpeak-tr300\\\/\",\"url\":\"https:\\\/\\\/shop.bantam.ch\\\/fr\\\/produit\\\/sac-de-couch-highpeak-tr300\\\/\",\"name\":\"Sac de couch HighPeak TR300 - Bantam Wankm\u00fcller SA\",\"isPartOf\":{\"@id\":\"https:\\\/\\\/shop.bantam.ch\\\/fr\\\/#website\"},\"primaryImageOfPage\":{\"@id\":\"https:\\\/\\\/shop.bantam.ch\\\/fr\\\/produit\\\/sac-de-couch-highpeak-tr300\\\/#primaryimage\"},\"image\":{\"@id\":\"https:\\\/\\\/shop.bantam.ch\\\/fr\\\/produit\\\/sac-de-couch-highpeak-tr300\\\/#primaryimage\"},\"thumbnailUrl\":\"https:\\\/\\\/shop.bantam.ch\\\/wp-content\\\/uploads\\\/2024\\\/09\\\/Movera-L-9975313100.jpg\",\"datePublished\":\"2024-05-15T15:36:24+00:00\",\"dateModified\":\"2026-04-19T21:19:25+00:00\",\"breadcrumb\":{\"@id\":\"https:\\\/\\\/shop.bantam.ch\\\/fr\\\/produit\\\/sac-de-couch-highpeak-tr300\\\/#breadcrumb\"},\"inLanguage\":\"fr-FR\",\"potentialAction\":[{\"@type\":\"ReadAction\",\"target\":[\"https:\\\/\\\/shop.bantam.ch\\\/fr\\\/produit\\\/sac-de-couch-highpeak-tr300\\\/\"]}]},{\"@type\":\"ImageObject\",\"inLanguage\":\"fr-FR\",\"@id\":\"https:\\\/\\\/shop.bantam.ch\\\/fr\\\/produit\\\/sac-de-couch-highpeak-tr300\\\/#primaryimage\",\"url\":\"https:\\\/\\\/shop.bantam.ch\\\/wp-content\\\/uploads\\\/2024\\\/09\\\/Movera-L-9975313100.jpg\",\"contentUrl\":\"https:\\\/\\\/shop.bantam.ch\\\/wp-content\\\/uploads\\\/2024\\\/09\\\/Movera-L-9975313100.jpg\",\"width\":640,\"height\":328},{\"@type\":\"BreadcrumbList\",\"@id\":\"https:\\\/\\\/shop.bantam.ch\\\/fr\\\/produit\\\/sac-de-couch-highpeak-tr300\\\/#breadcrumb\",\"itemListElement\":[{\"@type\":\"ListItem\",\"position\":1,\"name\":\"Accueil\",\"item\":\"https:\\\/\\\/shop.bantam.ch\\\/fr\\\/\"},{\"@type\":\"ListItem\",\"position\":2,\"name\":\"Boutique\",\"item\":\"https:\\\/\\\/shop.bantam.ch\\\/fr\\\/boutique\\\/\"},{\"@type\":\"ListItem\",\"position\":3,\"name\":\"Sac de couch HighPeak TR300\"}]},{\"@type\":\"WebSite\",\"@id\":\"https:\\\/\\\/shop.bantam.ch\\\/fr\\\/#website\",\"url\":\"https:\\\/\\\/shop.bantam.ch\\\/fr\\\/\",\"name\":\"Bantam Wankm\u00fcller SA\",\"description\":\"\",\"publisher\":{\"@id\":\"https:\\\/\\\/shop.bantam.ch\\\/fr\\\/#organization\"},\"inLanguage\":\"fr-FR\"},{\"@type\":\"Organization\",\"@id\":\"https:\\\/\\\/shop.bantam.ch\\\/fr\\\/#organization\",\"name\":\"Bantam Wankm\u00fcller SA\",\"url\":\"https:\\\/\\\/shop.bantam.ch\\\/fr\\\/\",\"logo\":{\"@type\":\"ImageObject\",\"inLanguage\":\"fr-FR\",\"@id\":\"https:\\\/\\\/shop.bantam.ch\\\/fr\\\/#\\\/schema\\\/logo\\\/image\\\/\",\"url\":\"https:\\\/\\\/shop.bantam.ch\\\/wp-content\\\/uploads\\\/2022\\\/12\\\/bantam-logo.png\",\"contentUrl\":\"https:\\\/\\\/shop.bantam.ch\\\/wp-content\\\/uploads\\\/2022\\\/12\\\/bantam-logo.png\",\"width\":320,\"height\":71,\"caption\":\"Bantam Wankm\u00fcller SA\"},\"image\":{\"@id\":\"https:\\\/\\\/shop.bantam.ch\\\/fr\\\/#\\\/schema\\\/logo\\\/image\\\/\"}}]}<\/script>\n<!-- \/ Yoast SEO plugin. -->","yoast_head_json":{"title":"Sac de couch HighPeak TR300 - Bantam Wankm\u00fcller SA","robots":{"index":"index","follow":"follow","max-snippet":"max-snippet:-1","max-image-preview":"max-image-preview:large","max-video-preview":"max-video-preview:-1"},"canonical":"https:\/\/shop.bantam.ch\/fr\/produit\/sac-de-couch-highpeak-tr300\/","og_locale":"fr_FR","og_type":"article","og_title":"Sac de couch HighPeak TR300 - Bantam Wankm\u00fcller SA","og_description":"La housse ext\u00e9rieure est trait\u00e9e avec le BIONIC-FINISH\u00aeECO sans PFC. Ce traitement \u00e9cologique et durable est r\u00e9sistant \u00e0 la salet\u00e9 et \u00e0 l&rsquo;eau. Le TR 300 est un sac de couchage momie confort 3 saisons (printemps \/ \u00e9t\u00e9 \/ automne) haut de gamme et fonctionnel avec un large domaine d&rsquo;utilisation pour le camping, le trekking [&hellip;]","og_url":"https:\/\/shop.bantam.ch\/fr\/produit\/sac-de-couch-highpeak-tr300\/","og_site_name":"Bantam Wankm\u00fcller SA","article_modified_time":"2026-04-19T21:19:25+00:00","twitter_card":"summary_large_image","twitter_misc":{"Dur\u00e9e de lecture estim\u00e9e":"1 minute"},"schema":{"@context":"https:\/\/schema.org","@graph":[{"@type":"WebPage","@id":"https:\/\/shop.bantam.ch\/fr\/produit\/sac-de-couch-highpeak-tr300\/","url":"https:\/\/shop.bantam.ch\/fr\/produit\/sac-de-couch-highpeak-tr300\/","name":"Sac de couch HighPeak TR300 - Bantam Wankm\u00fcller SA","isPartOf":{"@id":"https:\/\/shop.bantam.ch\/fr\/#website"},"primaryImageOfPage":{"@id":"https:\/\/shop.bantam.ch\/fr\/produit\/sac-de-couch-highpeak-tr300\/#primaryimage"},"image":{"@id":"https:\/\/shop.bantam.ch\/fr\/produit\/sac-de-couch-highpeak-tr300\/#primaryimage"},"thumbnailUrl":"https:\/\/shop.bantam.ch\/wp-content\/uploads\/2024\/09\/Movera-L-9975313100.jpg","datePublished":"2024-05-15T15:36:24+00:00","dateModified":"2026-04-19T21:19:25+00:00","breadcrumb":{"@id":"https:\/\/shop.bantam.ch\/fr\/produit\/sac-de-couch-highpeak-tr300\/#breadcrumb"},"inLanguage":"fr-FR","potentialAction":[{"@type":"ReadAction","target":["https:\/\/shop.bantam.ch\/fr\/produit\/sac-de-couch-highpeak-tr300\/"]}]},{"@type":"ImageObject","inLanguage":"fr-FR","@id":"https:\/\/shop.bantam.ch\/fr\/produit\/sac-de-couch-highpeak-tr300\/#primaryimage","url":"https:\/\/shop.bantam.ch\/wp-content\/uploads\/2024\/09\/Movera-L-9975313100.jpg","contentUrl":"https:\/\/shop.bantam.ch\/wp-content\/uploads\/2024\/09\/Movera-L-9975313100.jpg","width":640,"height":328},{"@type":"BreadcrumbList","@id":"https:\/\/shop.bantam.ch\/fr\/produit\/sac-de-couch-highpeak-tr300\/#breadcrumb","itemListElement":[{"@type":"ListItem","position":1,"name":"Accueil","item":"https:\/\/shop.bantam.ch\/fr\/"},{"@type":"ListItem","position":2,"name":"Boutique","item":"https:\/\/shop.bantam.ch\/fr\/boutique\/"},{"@type":"ListItem","position":3,"name":"Sac de couch HighPeak TR300"}]},{"@type":"WebSite","@id":"https:\/\/shop.bantam.ch\/fr\/#website","url":"https:\/\/shop.bantam.ch\/fr\/","name":"Bantam Wankm\u00fcller SA","description":"","publisher":{"@id":"https:\/\/shop.bantam.ch\/fr\/#organization"},"inLanguage":"fr-FR"},{"@type":"Organization","@id":"https:\/\/shop.bantam.ch\/fr\/#organization","name":"Bantam Wankm\u00fcller SA","url":"https:\/\/shop.bantam.ch\/fr\/","logo":{"@type":"ImageObject","inLanguage":"fr-FR","@id":"https:\/\/shop.bantam.ch\/fr\/#\/schema\/logo\/image\/","url":"https:\/\/shop.bantam.ch\/wp-content\/uploads\/2022\/12\/bantam-logo.png","contentUrl":"https:\/\/shop.bantam.ch\/wp-content\/uploads\/2022\/12\/bantam-logo.png","width":320,"height":71,"caption":"Bantam Wankm\u00fcller SA"},"image":{"@id":"https:\/\/shop.bantam.ch\/fr\/#\/schema\/logo\/image\/"}}]}},"_links":{"self":[{"href":"https:\/\/shop.bantam.ch\/fr\/wp-json\/wp\/v2\/product\/200496","targetHints":{"allow":["GET"]}}],"collection":[{"href":"https:\/\/shop.bantam.ch\/fr\/wp-json\/wp\/v2\/product"}],"about":[{"href":"https:\/\/shop.bantam.ch\/fr\/wp-json\/wp\/v2\/types\/product"}],"wp:featuredmedia":[{"embeddable":true,"href":"https:\/\/shop.bantam.ch\/fr\/wp-json\/wp\/v2\/media\/207582"}],"wp:attachment":[{"href":"https:\/\/shop.bantam.ch\/fr\/wp-json\/wp\/v2\/media?parent=200496"}],"wp:term":[{"taxonomy":"product_featured_cat","embeddable":true,"href":"https:\/\/shop.bantam.ch\/fr\/wp-json\/wp\/v2\/product_featured_cat?post=200496"},{"taxonomy":"product_brand","embeddable":true,"href":"https:\/\/shop.bantam.ch\/fr\/wp-json\/wp\/v2\/product_brand?post=200496"},{"taxonomy":"product_cat","embeddable":true,"href":"https:\/\/shop.bantam.ch\/fr\/wp-json\/wp\/v2\/product_cat?post=200496"},{"taxonomy":"product_tag","embeddable":true,"href":"https:\/\/shop.bantam.ch\/fr\/wp-json\/wp\/v2\/product_tag?post=200496"}],"curies":[{"name":"wp","href":"https:\/\/api.w.org\/{rel}","templated":true}]}}