{"id":200484,"date":"2024-05-15T17:36:16","date_gmt":"2024-05-15T15:36:16","guid":{"rendered":"https:\/\/shop.bantam.ch\/produit\/sac-de-couch-highpeak-easy-travel\/"},"modified":"2026-04-18T23:16:43","modified_gmt":"2026-04-18T21:16:43","slug":"sac-de-couch-highpeak-easy-travel","status":"publish","type":"product","link":"https:\/\/shop.bantam.ch\/fr\/produit\/sac-de-couch-highpeak-easy-travel\/","title":{"rendered":"Sac de couch HighPeak Easy Travel"},"content":{"rendered":"<p>La housse ext\u00e9rieure est trait\u00e9e avec le BIONIC-FINISH\u00aeECO sans PFC. Ce traitement \u00e9cologique et durable est r\u00e9sistant \u00e0 la salet\u00e9 et \u00e0 l&rsquo;eau. Le Easy Travel est un sac de couchage confortable 2 saisons (printemps\/\u00e9t\u00e9) avec une capuche et une grande libert\u00e9 de mouvement. Il est parfaitement adapt\u00e9 au camping, aux festivals et aux visites chez des amis. Le garnissage haut de gamme en fibres synth\u00e9tiques Dura Loft\u00ae H1 a une excellente performance thermique. Les fibres creuses sont ind\u00e9chirables et silicon\u00e9es pour garantir une bonne compressibilit\u00e9 et un bon gonflant. La housse ext\u00e9rieure est agr\u00e9ablement douce et r\u00e9sistante. La doublure int\u00e9rieure est compos\u00e9e d&rsquo;un mat\u00e9riau respirant et doux pour la peau. La capuche r\u00e9glable r\u00e9duit la perte de chaleur et offre plus de confort. Le sac de couchage peut \u00e9galement \u00eatre ouvert au niveau des pieds pour faire circuler l&rsquo;air gr\u00e2ce \u00e0 la fermeture \u00e9clair \u00e0 double sens de circulation ou \u00eatre compl\u00e8tement ouvert comme couverture. Le rabat de la fermeture \u00e9clair \u00e9vite les ponts thermiques pour une isolation optimale. Le curseur de la fermeture \u00e9clair est dot\u00e9 d&rsquo;une poign\u00e9e ergonomique. Une poche int\u00e9rieure utile avec fermeture velcro se trouve \u00e0 l&rsquo;int\u00e9rieur. Le sac de couchage est adapt\u00e9 \u00e0 une taille maximale de 190 cm. Lavable en machine \u00e0 30\u00b0.<\/p>\n<p>Mat\u00e9riaux:<br \/>\n100% polyester&nbsp;<br \/>\n&nbsp;<\/p>\n","protected":false},"excerpt":{"rendered":"<p>La housse ext\u00e9rieure est trait\u00e9e avec le BIONIC-FINISH\u00aeECO sans PFC. Ce traitement \u00e9cologique et durable est r\u00e9sistant \u00e0 la salet\u00e9 et \u00e0 l&rsquo;eau. Le Easy Travel est un sac de couchage confortable 2 saisons (printemps\/\u00e9t\u00e9) avec une capuche et une grande libert\u00e9 de mouvement. Il est parfaitement adapt\u00e9 au camping, aux festivals et aux visites [&hellip;]<\/p>\n","protected":false},"featured_media":207580,"template":"","meta":{"_acf_changed":false},"product_featured_cat":[],"product_brand":[],"product_cat":[4451],"product_tag":[],"class_list":{"0":"post-200484","1":"product","2":"type-product","3":"status-publish","4":"has-post-thumbnail","6":"product_cat-sacs-de-couchage-momie","8":"first","9":"instock","10":"taxable","11":"shipping-taxable","12":"purchasable","13":"product-type-simple"},"acf":[],"yoast_head":"<!-- This site is optimized with the Yoast SEO plugin v27.4 - https:\/\/yoast.com\/product\/yoast-seo-wordpress\/ -->\n<title>Sac de couch HighPeak Easy Travel - Bantam Wankm\u00fcller SA<\/title>\n<meta name=\"robots\" content=\"index, follow, max-snippet:-1, max-image-preview:large, max-video-preview:-1\" \/>\n<link rel=\"canonical\" href=\"https:\/\/shop.bantam.ch\/fr\/produit\/sac-de-couch-highpeak-easy-travel\/\" \/>\n<meta property=\"og:locale\" content=\"fr_FR\" \/>\n<meta property=\"og:type\" content=\"article\" \/>\n<meta property=\"og:title\" content=\"Sac de couch HighPeak Easy Travel - Bantam Wankm\u00fcller SA\" \/>\n<meta property=\"og:description\" content=\"La housse ext\u00e9rieure est trait\u00e9e avec le BIONIC-FINISH\u00aeECO sans PFC. Ce traitement \u00e9cologique et durable est r\u00e9sistant \u00e0 la salet\u00e9 et \u00e0 l&rsquo;eau. Le Easy Travel est un sac de couchage confortable 2 saisons (printemps\/\u00e9t\u00e9) avec une capuche et une grande libert\u00e9 de mouvement. Il est parfaitement adapt\u00e9 au camping, aux festivals et aux visites [&hellip;]\" \/>\n<meta property=\"og:url\" content=\"https:\/\/shop.bantam.ch\/fr\/produit\/sac-de-couch-highpeak-easy-travel\/\" \/>\n<meta property=\"og:site_name\" content=\"Bantam Wankm\u00fcller SA\" \/>\n<meta property=\"article:modified_time\" content=\"2026-04-18T21:16:43+00:00\" \/>\n<meta name=\"twitter:card\" content=\"summary_large_image\" \/>\n<meta name=\"twitter:label1\" content=\"Dur\u00e9e de lecture estim\u00e9e\" \/>\n\t<meta name=\"twitter:data1\" content=\"1 minute\" \/>\n<script type=\"application\/ld+json\" class=\"yoast-schema-graph\">{\"@context\":\"https:\\\/\\\/schema.org\",\"@graph\":[{\"@type\":\"WebPage\",\"@id\":\"https:\\\/\\\/shop.bantam.ch\\\/fr\\\/produit\\\/sac-de-couch-highpeak-easy-travel\\\/\",\"url\":\"https:\\\/\\\/shop.bantam.ch\\\/fr\\\/produit\\\/sac-de-couch-highpeak-easy-travel\\\/\",\"name\":\"Sac de couch HighPeak Easy Travel - Bantam Wankm\u00fcller SA\",\"isPartOf\":{\"@id\":\"https:\\\/\\\/shop.bantam.ch\\\/fr\\\/#website\"},\"primaryImageOfPage\":{\"@id\":\"https:\\\/\\\/shop.bantam.ch\\\/fr\\\/produit\\\/sac-de-couch-highpeak-easy-travel\\\/#primaryimage\"},\"image\":{\"@id\":\"https:\\\/\\\/shop.bantam.ch\\\/fr\\\/produit\\\/sac-de-couch-highpeak-easy-travel\\\/#primaryimage\"},\"thumbnailUrl\":\"https:\\\/\\\/shop.bantam.ch\\\/wp-content\\\/uploads\\\/2024\\\/09\\\/Movera-L-9975311100.jpg\",\"datePublished\":\"2024-05-15T15:36:16+00:00\",\"dateModified\":\"2026-04-18T21:16:43+00:00\",\"breadcrumb\":{\"@id\":\"https:\\\/\\\/shop.bantam.ch\\\/fr\\\/produit\\\/sac-de-couch-highpeak-easy-travel\\\/#breadcrumb\"},\"inLanguage\":\"fr-FR\",\"potentialAction\":[{\"@type\":\"ReadAction\",\"target\":[\"https:\\\/\\\/shop.bantam.ch\\\/fr\\\/produit\\\/sac-de-couch-highpeak-easy-travel\\\/\"]}]},{\"@type\":\"ImageObject\",\"inLanguage\":\"fr-FR\",\"@id\":\"https:\\\/\\\/shop.bantam.ch\\\/fr\\\/produit\\\/sac-de-couch-highpeak-easy-travel\\\/#primaryimage\",\"url\":\"https:\\\/\\\/shop.bantam.ch\\\/wp-content\\\/uploads\\\/2024\\\/09\\\/Movera-L-9975311100.jpg\",\"contentUrl\":\"https:\\\/\\\/shop.bantam.ch\\\/wp-content\\\/uploads\\\/2024\\\/09\\\/Movera-L-9975311100.jpg\",\"width\":640,\"height\":328},{\"@type\":\"BreadcrumbList\",\"@id\":\"https:\\\/\\\/shop.bantam.ch\\\/fr\\\/produit\\\/sac-de-couch-highpeak-easy-travel\\\/#breadcrumb\",\"itemListElement\":[{\"@type\":\"ListItem\",\"position\":1,\"name\":\"Accueil\",\"item\":\"https:\\\/\\\/shop.bantam.ch\\\/fr\\\/\"},{\"@type\":\"ListItem\",\"position\":2,\"name\":\"Boutique\",\"item\":\"https:\\\/\\\/shop.bantam.ch\\\/fr\\\/boutique\\\/\"},{\"@type\":\"ListItem\",\"position\":3,\"name\":\"Sac de couch HighPeak Easy Travel\"}]},{\"@type\":\"WebSite\",\"@id\":\"https:\\\/\\\/shop.bantam.ch\\\/fr\\\/#website\",\"url\":\"https:\\\/\\\/shop.bantam.ch\\\/fr\\\/\",\"name\":\"Bantam Wankm\u00fcller SA\",\"description\":\"\",\"publisher\":{\"@id\":\"https:\\\/\\\/shop.bantam.ch\\\/fr\\\/#organization\"},\"inLanguage\":\"fr-FR\"},{\"@type\":\"Organization\",\"@id\":\"https:\\\/\\\/shop.bantam.ch\\\/fr\\\/#organization\",\"name\":\"Bantam Wankm\u00fcller SA\",\"url\":\"https:\\\/\\\/shop.bantam.ch\\\/fr\\\/\",\"logo\":{\"@type\":\"ImageObject\",\"inLanguage\":\"fr-FR\",\"@id\":\"https:\\\/\\\/shop.bantam.ch\\\/fr\\\/#\\\/schema\\\/logo\\\/image\\\/\",\"url\":\"https:\\\/\\\/shop.bantam.ch\\\/wp-content\\\/uploads\\\/2022\\\/12\\\/bantam-logo.png\",\"contentUrl\":\"https:\\\/\\\/shop.bantam.ch\\\/wp-content\\\/uploads\\\/2022\\\/12\\\/bantam-logo.png\",\"width\":320,\"height\":71,\"caption\":\"Bantam Wankm\u00fcller SA\"},\"image\":{\"@id\":\"https:\\\/\\\/shop.bantam.ch\\\/fr\\\/#\\\/schema\\\/logo\\\/image\\\/\"}}]}<\/script>\n<!-- \/ Yoast SEO plugin. -->","yoast_head_json":{"title":"Sac de couch HighPeak Easy Travel - Bantam Wankm\u00fcller SA","robots":{"index":"index","follow":"follow","max-snippet":"max-snippet:-1","max-image-preview":"max-image-preview:large","max-video-preview":"max-video-preview:-1"},"canonical":"https:\/\/shop.bantam.ch\/fr\/produit\/sac-de-couch-highpeak-easy-travel\/","og_locale":"fr_FR","og_type":"article","og_title":"Sac de couch HighPeak Easy Travel - Bantam Wankm\u00fcller SA","og_description":"La housse ext\u00e9rieure est trait\u00e9e avec le BIONIC-FINISH\u00aeECO sans PFC. Ce traitement \u00e9cologique et durable est r\u00e9sistant \u00e0 la salet\u00e9 et \u00e0 l&rsquo;eau. Le Easy Travel est un sac de couchage confortable 2 saisons (printemps\/\u00e9t\u00e9) avec une capuche et une grande libert\u00e9 de mouvement. Il est parfaitement adapt\u00e9 au camping, aux festivals et aux visites [&hellip;]","og_url":"https:\/\/shop.bantam.ch\/fr\/produit\/sac-de-couch-highpeak-easy-travel\/","og_site_name":"Bantam Wankm\u00fcller SA","article_modified_time":"2026-04-18T21:16:43+00:00","twitter_card":"summary_large_image","twitter_misc":{"Dur\u00e9e de lecture estim\u00e9e":"1 minute"},"schema":{"@context":"https:\/\/schema.org","@graph":[{"@type":"WebPage","@id":"https:\/\/shop.bantam.ch\/fr\/produit\/sac-de-couch-highpeak-easy-travel\/","url":"https:\/\/shop.bantam.ch\/fr\/produit\/sac-de-couch-highpeak-easy-travel\/","name":"Sac de couch HighPeak Easy Travel - Bantam Wankm\u00fcller SA","isPartOf":{"@id":"https:\/\/shop.bantam.ch\/fr\/#website"},"primaryImageOfPage":{"@id":"https:\/\/shop.bantam.ch\/fr\/produit\/sac-de-couch-highpeak-easy-travel\/#primaryimage"},"image":{"@id":"https:\/\/shop.bantam.ch\/fr\/produit\/sac-de-couch-highpeak-easy-travel\/#primaryimage"},"thumbnailUrl":"https:\/\/shop.bantam.ch\/wp-content\/uploads\/2024\/09\/Movera-L-9975311100.jpg","datePublished":"2024-05-15T15:36:16+00:00","dateModified":"2026-04-18T21:16:43+00:00","breadcrumb":{"@id":"https:\/\/shop.bantam.ch\/fr\/produit\/sac-de-couch-highpeak-easy-travel\/#breadcrumb"},"inLanguage":"fr-FR","potentialAction":[{"@type":"ReadAction","target":["https:\/\/shop.bantam.ch\/fr\/produit\/sac-de-couch-highpeak-easy-travel\/"]}]},{"@type":"ImageObject","inLanguage":"fr-FR","@id":"https:\/\/shop.bantam.ch\/fr\/produit\/sac-de-couch-highpeak-easy-travel\/#primaryimage","url":"https:\/\/shop.bantam.ch\/wp-content\/uploads\/2024\/09\/Movera-L-9975311100.jpg","contentUrl":"https:\/\/shop.bantam.ch\/wp-content\/uploads\/2024\/09\/Movera-L-9975311100.jpg","width":640,"height":328},{"@type":"BreadcrumbList","@id":"https:\/\/shop.bantam.ch\/fr\/produit\/sac-de-couch-highpeak-easy-travel\/#breadcrumb","itemListElement":[{"@type":"ListItem","position":1,"name":"Accueil","item":"https:\/\/shop.bantam.ch\/fr\/"},{"@type":"ListItem","position":2,"name":"Boutique","item":"https:\/\/shop.bantam.ch\/fr\/boutique\/"},{"@type":"ListItem","position":3,"name":"Sac de couch HighPeak Easy Travel"}]},{"@type":"WebSite","@id":"https:\/\/shop.bantam.ch\/fr\/#website","url":"https:\/\/shop.bantam.ch\/fr\/","name":"Bantam Wankm\u00fcller SA","description":"","publisher":{"@id":"https:\/\/shop.bantam.ch\/fr\/#organization"},"inLanguage":"fr-FR"},{"@type":"Organization","@id":"https:\/\/shop.bantam.ch\/fr\/#organization","name":"Bantam Wankm\u00fcller SA","url":"https:\/\/shop.bantam.ch\/fr\/","logo":{"@type":"ImageObject","inLanguage":"fr-FR","@id":"https:\/\/shop.bantam.ch\/fr\/#\/schema\/logo\/image\/","url":"https:\/\/shop.bantam.ch\/wp-content\/uploads\/2022\/12\/bantam-logo.png","contentUrl":"https:\/\/shop.bantam.ch\/wp-content\/uploads\/2022\/12\/bantam-logo.png","width":320,"height":71,"caption":"Bantam Wankm\u00fcller SA"},"image":{"@id":"https:\/\/shop.bantam.ch\/fr\/#\/schema\/logo\/image\/"}}]}},"_links":{"self":[{"href":"https:\/\/shop.bantam.ch\/fr\/wp-json\/wp\/v2\/product\/200484","targetHints":{"allow":["GET"]}}],"collection":[{"href":"https:\/\/shop.bantam.ch\/fr\/wp-json\/wp\/v2\/product"}],"about":[{"href":"https:\/\/shop.bantam.ch\/fr\/wp-json\/wp\/v2\/types\/product"}],"wp:featuredmedia":[{"embeddable":true,"href":"https:\/\/shop.bantam.ch\/fr\/wp-json\/wp\/v2\/media\/207580"}],"wp:attachment":[{"href":"https:\/\/shop.bantam.ch\/fr\/wp-json\/wp\/v2\/media?parent=200484"}],"wp:term":[{"taxonomy":"product_featured_cat","embeddable":true,"href":"https:\/\/shop.bantam.ch\/fr\/wp-json\/wp\/v2\/product_featured_cat?post=200484"},{"taxonomy":"product_brand","embeddable":true,"href":"https:\/\/shop.bantam.ch\/fr\/wp-json\/wp\/v2\/product_brand?post=200484"},{"taxonomy":"product_cat","embeddable":true,"href":"https:\/\/shop.bantam.ch\/fr\/wp-json\/wp\/v2\/product_cat?post=200484"},{"taxonomy":"product_tag","embeddable":true,"href":"https:\/\/shop.bantam.ch\/fr\/wp-json\/wp\/v2\/product_tag?post=200484"}],"curies":[{"name":"wp","href":"https:\/\/api.w.org\/{rel}","templated":true}]}}