{"id":200460,"date":"2024-05-15T17:35:59","date_gmt":"2024-05-15T15:35:59","guid":{"rendered":"https:\/\/shop.bantam.ch\/produit\/sac-de-couch-highpeak-conon-7\/"},"modified":"2026-04-18T23:16:37","modified_gmt":"2026-04-18T21:16:37","slug":"sac-de-couch-highpeak-conon-7","status":"publish","type":"product","link":"https:\/\/shop.bantam.ch\/fr\/produit\/sac-de-couch-highpeak-conon-7\/","title":{"rendered":"Sac de couch HighPeak Conon 7"},"content":{"rendered":"<p>Sac de couchage \u00e0 couverture avec t\u00eate de lit pour un confort de sommeil maximal et une fonctionnalit\u00e9 pour le camping, les cabanes, les caravanes et les camping-cars. Des mat\u00e9riaux de qualit\u00e9 sup\u00e9rieure sont utilis\u00e9s.&nbsp;<br \/>\nLa housse ext\u00e9rieure et la housse int\u00e9rieure sont en coton m\u00e9lang\u00e9 noble et respirant, 65% polyester \/ 35% coton. Garnissage en fibres synth\u00e9tiques Dura Loft\u00ae H1 de haute qualit\u00e9 avec des valeurs d&rsquo;isolation \u00e9lev\u00e9es. La fibre se comprime facilement et a une longue dur\u00e9e de vie. Isole m\u00eame lorsqu&rsquo;elle est humide et s\u00e8che rapidement. Le sac de couchage a une capuche r\u00e9glable et une poche int\u00e9rieure pour les objets de valeur. La fermeture \u00e9clair \u00e0 deux voies peut \u00e9galement \u00eatre ouverte au niveau des pieds pour laisser circuler l&rsquo;air. La bande de protection thermique en polyester Oxford 210D coupe-vent \u00e9vite les ponts thermiques. Fermeture \u00e9clair anti-pincement et curseur de fermeture \u00e9clair avec poign\u00e9e ergonomique pour une utilisation facile. Sac de compression robuste en Oxford. Jusqu&rsquo;\u00e0 une taille maximale de 190 cm. Lavable en machine \u00e0 30\u00b0.<\/p>\n<p>Mati\u00e8re de base:<br \/>\n65% polyester&nbsp;<br \/>\n35% coton<\/p>\n","protected":false},"excerpt":{"rendered":"<p>Sac de couchage \u00e0 couverture avec t\u00eate de lit pour un confort de sommeil maximal et une fonctionnalit\u00e9 pour le camping, les cabanes, les caravanes et les camping-cars. Des mat\u00e9riaux de qualit\u00e9 sup\u00e9rieure sont utilis\u00e9s.&nbsp; La housse ext\u00e9rieure et la housse int\u00e9rieure sont en coton m\u00e9lang\u00e9 noble et respirant, 65% polyester \/ 35% coton. Garnissage [&hellip;]<\/p>\n","protected":false},"featured_media":207576,"template":"","meta":{"_acf_changed":false},"product_featured_cat":[],"product_brand":[],"product_cat":[4453],"product_tag":[],"class_list":{"0":"post-200460","1":"product","2":"type-product","3":"status-publish","4":"has-post-thumbnail","6":"product_cat-sacs-de-couchage-couverture","8":"first","9":"instock","10":"taxable","11":"shipping-taxable","12":"purchasable","13":"product-type-simple"},"acf":[],"yoast_head":"<!-- This site is optimized with the Yoast SEO plugin v27.4 - https:\/\/yoast.com\/product\/yoast-seo-wordpress\/ -->\n<title>Sac de couch HighPeak Conon 7 - Bantam Wankm\u00fcller SA<\/title>\n<meta name=\"robots\" content=\"index, follow, max-snippet:-1, max-image-preview:large, max-video-preview:-1\" \/>\n<link rel=\"canonical\" href=\"https:\/\/shop.bantam.ch\/fr\/produit\/sac-de-couch-highpeak-conon-7\/\" \/>\n<meta property=\"og:locale\" content=\"fr_FR\" \/>\n<meta property=\"og:type\" content=\"article\" \/>\n<meta property=\"og:title\" content=\"Sac de couch HighPeak Conon 7 - Bantam Wankm\u00fcller SA\" \/>\n<meta property=\"og:description\" content=\"Sac de couchage \u00e0 couverture avec t\u00eate de lit pour un confort de sommeil maximal et une fonctionnalit\u00e9 pour le camping, les cabanes, les caravanes et les camping-cars. Des mat\u00e9riaux de qualit\u00e9 sup\u00e9rieure sont utilis\u00e9s.&nbsp; La housse ext\u00e9rieure et la housse int\u00e9rieure sont en coton m\u00e9lang\u00e9 noble et respirant, 65% polyester \/ 35% coton. Garnissage [&hellip;]\" \/>\n<meta property=\"og:url\" content=\"https:\/\/shop.bantam.ch\/fr\/produit\/sac-de-couch-highpeak-conon-7\/\" \/>\n<meta property=\"og:site_name\" content=\"Bantam Wankm\u00fcller SA\" \/>\n<meta property=\"article:modified_time\" content=\"2026-04-18T21:16:37+00:00\" \/>\n<meta name=\"twitter:card\" content=\"summary_large_image\" \/>\n<meta name=\"twitter:label1\" content=\"Dur\u00e9e de lecture estim\u00e9e\" \/>\n\t<meta name=\"twitter:data1\" content=\"1 minute\" \/>\n<script type=\"application\/ld+json\" class=\"yoast-schema-graph\">{\"@context\":\"https:\\\/\\\/schema.org\",\"@graph\":[{\"@type\":\"WebPage\",\"@id\":\"https:\\\/\\\/shop.bantam.ch\\\/fr\\\/produit\\\/sac-de-couch-highpeak-conon-7\\\/\",\"url\":\"https:\\\/\\\/shop.bantam.ch\\\/fr\\\/produit\\\/sac-de-couch-highpeak-conon-7\\\/\",\"name\":\"Sac de couch HighPeak Conon 7 - Bantam Wankm\u00fcller SA\",\"isPartOf\":{\"@id\":\"https:\\\/\\\/shop.bantam.ch\\\/fr\\\/#website\"},\"primaryImageOfPage\":{\"@id\":\"https:\\\/\\\/shop.bantam.ch\\\/fr\\\/produit\\\/sac-de-couch-highpeak-conon-7\\\/#primaryimage\"},\"image\":{\"@id\":\"https:\\\/\\\/shop.bantam.ch\\\/fr\\\/produit\\\/sac-de-couch-highpeak-conon-7\\\/#primaryimage\"},\"thumbnailUrl\":\"https:\\\/\\\/shop.bantam.ch\\\/wp-content\\\/uploads\\\/2024\\\/09\\\/Movera-L-9975309100.jpg\",\"datePublished\":\"2024-05-15T15:35:59+00:00\",\"dateModified\":\"2026-04-18T21:16:37+00:00\",\"breadcrumb\":{\"@id\":\"https:\\\/\\\/shop.bantam.ch\\\/fr\\\/produit\\\/sac-de-couch-highpeak-conon-7\\\/#breadcrumb\"},\"inLanguage\":\"fr-FR\",\"potentialAction\":[{\"@type\":\"ReadAction\",\"target\":[\"https:\\\/\\\/shop.bantam.ch\\\/fr\\\/produit\\\/sac-de-couch-highpeak-conon-7\\\/\"]}]},{\"@type\":\"ImageObject\",\"inLanguage\":\"fr-FR\",\"@id\":\"https:\\\/\\\/shop.bantam.ch\\\/fr\\\/produit\\\/sac-de-couch-highpeak-conon-7\\\/#primaryimage\",\"url\":\"https:\\\/\\\/shop.bantam.ch\\\/wp-content\\\/uploads\\\/2024\\\/09\\\/Movera-L-9975309100.jpg\",\"contentUrl\":\"https:\\\/\\\/shop.bantam.ch\\\/wp-content\\\/uploads\\\/2024\\\/09\\\/Movera-L-9975309100.jpg\",\"width\":640,\"height\":337},{\"@type\":\"BreadcrumbList\",\"@id\":\"https:\\\/\\\/shop.bantam.ch\\\/fr\\\/produit\\\/sac-de-couch-highpeak-conon-7\\\/#breadcrumb\",\"itemListElement\":[{\"@type\":\"ListItem\",\"position\":1,\"name\":\"Accueil\",\"item\":\"https:\\\/\\\/shop.bantam.ch\\\/fr\\\/\"},{\"@type\":\"ListItem\",\"position\":2,\"name\":\"Boutique\",\"item\":\"https:\\\/\\\/shop.bantam.ch\\\/fr\\\/boutique\\\/\"},{\"@type\":\"ListItem\",\"position\":3,\"name\":\"Sac de couch HighPeak Conon 7\"}]},{\"@type\":\"WebSite\",\"@id\":\"https:\\\/\\\/shop.bantam.ch\\\/fr\\\/#website\",\"url\":\"https:\\\/\\\/shop.bantam.ch\\\/fr\\\/\",\"name\":\"Bantam Wankm\u00fcller SA\",\"description\":\"\",\"publisher\":{\"@id\":\"https:\\\/\\\/shop.bantam.ch\\\/fr\\\/#organization\"},\"inLanguage\":\"fr-FR\"},{\"@type\":\"Organization\",\"@id\":\"https:\\\/\\\/shop.bantam.ch\\\/fr\\\/#organization\",\"name\":\"Bantam Wankm\u00fcller SA\",\"url\":\"https:\\\/\\\/shop.bantam.ch\\\/fr\\\/\",\"logo\":{\"@type\":\"ImageObject\",\"inLanguage\":\"fr-FR\",\"@id\":\"https:\\\/\\\/shop.bantam.ch\\\/fr\\\/#\\\/schema\\\/logo\\\/image\\\/\",\"url\":\"https:\\\/\\\/shop.bantam.ch\\\/wp-content\\\/uploads\\\/2022\\\/12\\\/bantam-logo.png\",\"contentUrl\":\"https:\\\/\\\/shop.bantam.ch\\\/wp-content\\\/uploads\\\/2022\\\/12\\\/bantam-logo.png\",\"width\":320,\"height\":71,\"caption\":\"Bantam Wankm\u00fcller SA\"},\"image\":{\"@id\":\"https:\\\/\\\/shop.bantam.ch\\\/fr\\\/#\\\/schema\\\/logo\\\/image\\\/\"}}]}<\/script>\n<!-- \/ Yoast SEO plugin. -->","yoast_head_json":{"title":"Sac de couch HighPeak Conon 7 - Bantam Wankm\u00fcller SA","robots":{"index":"index","follow":"follow","max-snippet":"max-snippet:-1","max-image-preview":"max-image-preview:large","max-video-preview":"max-video-preview:-1"},"canonical":"https:\/\/shop.bantam.ch\/fr\/produit\/sac-de-couch-highpeak-conon-7\/","og_locale":"fr_FR","og_type":"article","og_title":"Sac de couch HighPeak Conon 7 - Bantam Wankm\u00fcller SA","og_description":"Sac de couchage \u00e0 couverture avec t\u00eate de lit pour un confort de sommeil maximal et une fonctionnalit\u00e9 pour le camping, les cabanes, les caravanes et les camping-cars. Des mat\u00e9riaux de qualit\u00e9 sup\u00e9rieure sont utilis\u00e9s.&nbsp; La housse ext\u00e9rieure et la housse int\u00e9rieure sont en coton m\u00e9lang\u00e9 noble et respirant, 65% polyester \/ 35% coton. Garnissage [&hellip;]","og_url":"https:\/\/shop.bantam.ch\/fr\/produit\/sac-de-couch-highpeak-conon-7\/","og_site_name":"Bantam Wankm\u00fcller SA","article_modified_time":"2026-04-18T21:16:37+00:00","twitter_card":"summary_large_image","twitter_misc":{"Dur\u00e9e de lecture estim\u00e9e":"1 minute"},"schema":{"@context":"https:\/\/schema.org","@graph":[{"@type":"WebPage","@id":"https:\/\/shop.bantam.ch\/fr\/produit\/sac-de-couch-highpeak-conon-7\/","url":"https:\/\/shop.bantam.ch\/fr\/produit\/sac-de-couch-highpeak-conon-7\/","name":"Sac de couch HighPeak Conon 7 - Bantam Wankm\u00fcller SA","isPartOf":{"@id":"https:\/\/shop.bantam.ch\/fr\/#website"},"primaryImageOfPage":{"@id":"https:\/\/shop.bantam.ch\/fr\/produit\/sac-de-couch-highpeak-conon-7\/#primaryimage"},"image":{"@id":"https:\/\/shop.bantam.ch\/fr\/produit\/sac-de-couch-highpeak-conon-7\/#primaryimage"},"thumbnailUrl":"https:\/\/shop.bantam.ch\/wp-content\/uploads\/2024\/09\/Movera-L-9975309100.jpg","datePublished":"2024-05-15T15:35:59+00:00","dateModified":"2026-04-18T21:16:37+00:00","breadcrumb":{"@id":"https:\/\/shop.bantam.ch\/fr\/produit\/sac-de-couch-highpeak-conon-7\/#breadcrumb"},"inLanguage":"fr-FR","potentialAction":[{"@type":"ReadAction","target":["https:\/\/shop.bantam.ch\/fr\/produit\/sac-de-couch-highpeak-conon-7\/"]}]},{"@type":"ImageObject","inLanguage":"fr-FR","@id":"https:\/\/shop.bantam.ch\/fr\/produit\/sac-de-couch-highpeak-conon-7\/#primaryimage","url":"https:\/\/shop.bantam.ch\/wp-content\/uploads\/2024\/09\/Movera-L-9975309100.jpg","contentUrl":"https:\/\/shop.bantam.ch\/wp-content\/uploads\/2024\/09\/Movera-L-9975309100.jpg","width":640,"height":337},{"@type":"BreadcrumbList","@id":"https:\/\/shop.bantam.ch\/fr\/produit\/sac-de-couch-highpeak-conon-7\/#breadcrumb","itemListElement":[{"@type":"ListItem","position":1,"name":"Accueil","item":"https:\/\/shop.bantam.ch\/fr\/"},{"@type":"ListItem","position":2,"name":"Boutique","item":"https:\/\/shop.bantam.ch\/fr\/boutique\/"},{"@type":"ListItem","position":3,"name":"Sac de couch HighPeak Conon 7"}]},{"@type":"WebSite","@id":"https:\/\/shop.bantam.ch\/fr\/#website","url":"https:\/\/shop.bantam.ch\/fr\/","name":"Bantam Wankm\u00fcller SA","description":"","publisher":{"@id":"https:\/\/shop.bantam.ch\/fr\/#organization"},"inLanguage":"fr-FR"},{"@type":"Organization","@id":"https:\/\/shop.bantam.ch\/fr\/#organization","name":"Bantam Wankm\u00fcller SA","url":"https:\/\/shop.bantam.ch\/fr\/","logo":{"@type":"ImageObject","inLanguage":"fr-FR","@id":"https:\/\/shop.bantam.ch\/fr\/#\/schema\/logo\/image\/","url":"https:\/\/shop.bantam.ch\/wp-content\/uploads\/2022\/12\/bantam-logo.png","contentUrl":"https:\/\/shop.bantam.ch\/wp-content\/uploads\/2022\/12\/bantam-logo.png","width":320,"height":71,"caption":"Bantam Wankm\u00fcller SA"},"image":{"@id":"https:\/\/shop.bantam.ch\/fr\/#\/schema\/logo\/image\/"}}]}},"_links":{"self":[{"href":"https:\/\/shop.bantam.ch\/fr\/wp-json\/wp\/v2\/product\/200460","targetHints":{"allow":["GET"]}}],"collection":[{"href":"https:\/\/shop.bantam.ch\/fr\/wp-json\/wp\/v2\/product"}],"about":[{"href":"https:\/\/shop.bantam.ch\/fr\/wp-json\/wp\/v2\/types\/product"}],"wp:featuredmedia":[{"embeddable":true,"href":"https:\/\/shop.bantam.ch\/fr\/wp-json\/wp\/v2\/media\/207576"}],"wp:attachment":[{"href":"https:\/\/shop.bantam.ch\/fr\/wp-json\/wp\/v2\/media?parent=200460"}],"wp:term":[{"taxonomy":"product_featured_cat","embeddable":true,"href":"https:\/\/shop.bantam.ch\/fr\/wp-json\/wp\/v2\/product_featured_cat?post=200460"},{"taxonomy":"product_brand","embeddable":true,"href":"https:\/\/shop.bantam.ch\/fr\/wp-json\/wp\/v2\/product_brand?post=200460"},{"taxonomy":"product_cat","embeddable":true,"href":"https:\/\/shop.bantam.ch\/fr\/wp-json\/wp\/v2\/product_cat?post=200460"},{"taxonomy":"product_tag","embeddable":true,"href":"https:\/\/shop.bantam.ch\/fr\/wp-json\/wp\/v2\/product_tag?post=200460"}],"curies":[{"name":"wp","href":"https:\/\/api.w.org\/{rel}","templated":true}]}}