{"id":200392,"date":"2024-05-15T17:34:45","date_gmt":"2024-05-15T15:34:45","guid":{"rendered":"https:\/\/shop.bantam.ch\/produit\/solette-zip-canvas-oriental\/"},"modified":"2026-04-18T01:27:14","modified_gmt":"2026-04-17T23:27:14","slug":"solette-zip-canvas-oriental","status":"publish","type":"product","link":"https:\/\/shop.bantam.ch\/fr\/produit\/solette-zip-canvas-oriental\/","title":{"rendered":"Solette Zip-Canvas &#8211; Oriental"},"content":{"rendered":"<p>\nLe voile d\u2019ombrage connectable BENT \u00abTC-Zip-Canvas Single\u00bb est modulable, fonctionnel, variable et se distingue par sa maniabilit\u00e9. Un poids plume d\u2019environ 620 g seulement et un faible encombrement. Fabriqu\u00e9 avec un tissu polyester 150 D robuste, enduit de polyur\u00e9thane (PU), avec une colonne d\u2019eau de 1500 mm, \u00e9tanche \u00e0 l\u2019eau et coutures scell\u00e9es. Le tissu est dot\u00e9 d\u2019une protection UV 60 (norme 801). La norme UV 801 est l\u2019un des syst\u00e8mes de test et de certification les plus stricts au monde pour les voiles d\u2019ombrage. La voile d\u2019ombrage connectable \u00ab Zip-Protect Canvas Single \u00bb est \u00e9quip\u00e9 sur les trois c\u00f4t\u00e9s de fermetures \u00e0 glissi\u00e8re de marque SBS de haute qualit\u00e9 et offre de nombreuses possibilit\u00e9s d\u2019agencement moderne pour une protection optimale contre les intemp\u00e9ries. Les voiles d\u2019ombrage connectables \u00ab Zip-Canvas \u00bb peuvent \u00eatre reli\u00e9s dans tous les sens, mont\u00e9s et d\u00e9mont\u00e9s, ou compl\u00e9t\u00e9s par d\u2019autres produits BENT comme le tapis connectable \u00ab Zip-Carpet \u00bb au moyen de fermetures \u00e9clair. La construction en triangle isoc\u00e8le et la construction renforc\u00e9e des angles permettent un haubanage optimal de la voile d\u2019ombrage. Sac de rangement pratique et robuste en polyester 150 D avec fermeture rapide, sangles d\u2019\u00e9paule et faible encombrement pour un rangement et un transport facile. Id\u00e9al pour le camping, le camping-car, le caravaning, \u00e0 la plage, dans le jardin, lors de festivals ou pour la d\u00e9tente.<\/p>\n<p>BENT s&rsquo;engage d\u00e9lib\u00e9r\u00e9ment en faveur de la durabilit\u00e9 \u00e9cologique et renonce \u00e0 l\u2019utilisation de perfluorocarbures (PFC) nocifs pour l\u2019environnement dans les rev\u00eatements hydrofuges.<\/p>\n<p>&nbsp;<\/p>\n<p>Mat\u00e9riau:<br \/>\n100 % polyester<\/p>\n<p>Contenu de la livraison:<br \/>\nInclus 1 solette<br \/>\n1 sac de transport avec cordon<br \/>\n3 cordes de haubanage avec tendeur 3 trous en aluminium + sac<br \/>\nSac pour piquets<br \/>\nPlaque de fixation pour barres optionnelles<\/p>\n","protected":false},"excerpt":{"rendered":"<p>Le voile d\u2019ombrage connectable BENT \u00abTC-Zip-Canvas Single\u00bb est modulable, fonctionnel, variable et se distingue par sa maniabilit\u00e9. Un poids plume d\u2019environ 620 g seulement et un faible encombrement. Fabriqu\u00e9 avec un tissu polyester 150 D robuste, enduit de polyur\u00e9thane (PU), avec une colonne d\u2019eau de 1500 mm, \u00e9tanche \u00e0 l\u2019eau et coutures scell\u00e9es. Le tissu [&hellip;]<\/p>\n","protected":false},"featured_media":200388,"template":"","meta":{"_acf_changed":false},"product_featured_cat":[],"product_brand":[],"product_cat":[4249],"product_tag":[],"class_list":{"0":"post-200392","1":"product","2":"type-product","3":"status-publish","4":"has-post-thumbnail","6":"product_cat-toits-solairesvoiles-et-tarps-pour-le-camping","8":"first","9":"instock","10":"taxable","11":"shipping-taxable","12":"purchasable","13":"product-type-variable"},"acf":[],"yoast_head":"<!-- This site is optimized with the Yoast SEO plugin v27.4 - https:\/\/yoast.com\/product\/yoast-seo-wordpress\/ -->\n<title>Solette Zip-Canvas - Oriental - Bantam Wankm\u00fcller SA<\/title>\n<meta name=\"robots\" content=\"index, follow, max-snippet:-1, max-image-preview:large, max-video-preview:-1\" \/>\n<link rel=\"canonical\" href=\"https:\/\/shop.bantam.ch\/fr\/produit\/solette-zip-canvas-oriental\/\" \/>\n<meta property=\"og:locale\" content=\"fr_FR\" \/>\n<meta property=\"og:type\" content=\"article\" \/>\n<meta property=\"og:title\" content=\"Solette Zip-Canvas - Oriental - Bantam Wankm\u00fcller SA\" \/>\n<meta property=\"og:description\" content=\"Le voile d\u2019ombrage connectable BENT \u00abTC-Zip-Canvas Single\u00bb est modulable, fonctionnel, variable et se distingue par sa maniabilit\u00e9. Un poids plume d\u2019environ 620 g seulement et un faible encombrement. Fabriqu\u00e9 avec un tissu polyester 150 D robuste, enduit de polyur\u00e9thane (PU), avec une colonne d\u2019eau de 1500 mm, \u00e9tanche \u00e0 l\u2019eau et coutures scell\u00e9es. Le tissu [&hellip;]\" \/>\n<meta property=\"og:url\" content=\"https:\/\/shop.bantam.ch\/fr\/produit\/solette-zip-canvas-oriental\/\" \/>\n<meta property=\"og:site_name\" content=\"Bantam Wankm\u00fcller SA\" \/>\n<meta property=\"article:modified_time\" content=\"2026-04-17T23:27:14+00:00\" \/>\n<meta name=\"twitter:card\" content=\"summary_large_image\" \/>\n<meta name=\"twitter:label1\" content=\"Dur\u00e9e de lecture estim\u00e9e\" \/>\n\t<meta name=\"twitter:data1\" content=\"2 minutes\" \/>\n<script type=\"application\/ld+json\" class=\"yoast-schema-graph\">{\"@context\":\"https:\\\/\\\/schema.org\",\"@graph\":[{\"@type\":\"WebPage\",\"@id\":\"https:\\\/\\\/shop.bantam.ch\\\/fr\\\/produit\\\/solette-zip-canvas-oriental\\\/\",\"url\":\"https:\\\/\\\/shop.bantam.ch\\\/fr\\\/produit\\\/solette-zip-canvas-oriental\\\/\",\"name\":\"Solette Zip-Canvas - Oriental - Bantam Wankm\u00fcller SA\",\"isPartOf\":{\"@id\":\"https:\\\/\\\/shop.bantam.ch\\\/fr\\\/#website\"},\"primaryImageOfPage\":{\"@id\":\"https:\\\/\\\/shop.bantam.ch\\\/fr\\\/produit\\\/solette-zip-canvas-oriental\\\/#primaryimage\"},\"image\":{\"@id\":\"https:\\\/\\\/shop.bantam.ch\\\/fr\\\/produit\\\/solette-zip-canvas-oriental\\\/#primaryimage\"},\"thumbnailUrl\":\"https:\\\/\\\/shop.bantam.ch\\\/wp-content\\\/uploads\\\/2024\\\/05\\\/Movera-L-9971147100.jpg\",\"datePublished\":\"2024-05-15T15:34:45+00:00\",\"dateModified\":\"2026-04-17T23:27:14+00:00\",\"breadcrumb\":{\"@id\":\"https:\\\/\\\/shop.bantam.ch\\\/fr\\\/produit\\\/solette-zip-canvas-oriental\\\/#breadcrumb\"},\"inLanguage\":\"fr-FR\",\"potentialAction\":[{\"@type\":\"ReadAction\",\"target\":[\"https:\\\/\\\/shop.bantam.ch\\\/fr\\\/produit\\\/solette-zip-canvas-oriental\\\/\"]}]},{\"@type\":\"ImageObject\",\"inLanguage\":\"fr-FR\",\"@id\":\"https:\\\/\\\/shop.bantam.ch\\\/fr\\\/produit\\\/solette-zip-canvas-oriental\\\/#primaryimage\",\"url\":\"https:\\\/\\\/shop.bantam.ch\\\/wp-content\\\/uploads\\\/2024\\\/05\\\/Movera-L-9971147100.jpg\",\"contentUrl\":\"https:\\\/\\\/shop.bantam.ch\\\/wp-content\\\/uploads\\\/2024\\\/05\\\/Movera-L-9971147100.jpg\",\"width\":640,\"height\":427},{\"@type\":\"BreadcrumbList\",\"@id\":\"https:\\\/\\\/shop.bantam.ch\\\/fr\\\/produit\\\/solette-zip-canvas-oriental\\\/#breadcrumb\",\"itemListElement\":[{\"@type\":\"ListItem\",\"position\":1,\"name\":\"Accueil\",\"item\":\"https:\\\/\\\/shop.bantam.ch\\\/fr\\\/\"},{\"@type\":\"ListItem\",\"position\":2,\"name\":\"Boutique\",\"item\":\"https:\\\/\\\/shop.bantam.ch\\\/fr\\\/boutique\\\/\"},{\"@type\":\"ListItem\",\"position\":3,\"name\":\"Solette Zip-Canvas &#8211; Oriental\"}]},{\"@type\":\"WebSite\",\"@id\":\"https:\\\/\\\/shop.bantam.ch\\\/fr\\\/#website\",\"url\":\"https:\\\/\\\/shop.bantam.ch\\\/fr\\\/\",\"name\":\"Bantam Wankm\u00fcller SA\",\"description\":\"\",\"publisher\":{\"@id\":\"https:\\\/\\\/shop.bantam.ch\\\/fr\\\/#organization\"},\"inLanguage\":\"fr-FR\"},{\"@type\":\"Organization\",\"@id\":\"https:\\\/\\\/shop.bantam.ch\\\/fr\\\/#organization\",\"name\":\"Bantam Wankm\u00fcller SA\",\"url\":\"https:\\\/\\\/shop.bantam.ch\\\/fr\\\/\",\"logo\":{\"@type\":\"ImageObject\",\"inLanguage\":\"fr-FR\",\"@id\":\"https:\\\/\\\/shop.bantam.ch\\\/fr\\\/#\\\/schema\\\/logo\\\/image\\\/\",\"url\":\"https:\\\/\\\/shop.bantam.ch\\\/wp-content\\\/uploads\\\/2022\\\/12\\\/bantam-logo.png\",\"contentUrl\":\"https:\\\/\\\/shop.bantam.ch\\\/wp-content\\\/uploads\\\/2022\\\/12\\\/bantam-logo.png\",\"width\":320,\"height\":71,\"caption\":\"Bantam Wankm\u00fcller SA\"},\"image\":{\"@id\":\"https:\\\/\\\/shop.bantam.ch\\\/fr\\\/#\\\/schema\\\/logo\\\/image\\\/\"}}]}<\/script>\n<!-- \/ Yoast SEO plugin. -->","yoast_head_json":{"title":"Solette Zip-Canvas - Oriental - Bantam Wankm\u00fcller SA","robots":{"index":"index","follow":"follow","max-snippet":"max-snippet:-1","max-image-preview":"max-image-preview:large","max-video-preview":"max-video-preview:-1"},"canonical":"https:\/\/shop.bantam.ch\/fr\/produit\/solette-zip-canvas-oriental\/","og_locale":"fr_FR","og_type":"article","og_title":"Solette Zip-Canvas - Oriental - Bantam Wankm\u00fcller SA","og_description":"Le voile d\u2019ombrage connectable BENT \u00abTC-Zip-Canvas Single\u00bb est modulable, fonctionnel, variable et se distingue par sa maniabilit\u00e9. Un poids plume d\u2019environ 620 g seulement et un faible encombrement. Fabriqu\u00e9 avec un tissu polyester 150 D robuste, enduit de polyur\u00e9thane (PU), avec une colonne d\u2019eau de 1500 mm, \u00e9tanche \u00e0 l\u2019eau et coutures scell\u00e9es. Le tissu [&hellip;]","og_url":"https:\/\/shop.bantam.ch\/fr\/produit\/solette-zip-canvas-oriental\/","og_site_name":"Bantam Wankm\u00fcller SA","article_modified_time":"2026-04-17T23:27:14+00:00","twitter_card":"summary_large_image","twitter_misc":{"Dur\u00e9e de lecture estim\u00e9e":"2 minutes"},"schema":{"@context":"https:\/\/schema.org","@graph":[{"@type":"WebPage","@id":"https:\/\/shop.bantam.ch\/fr\/produit\/solette-zip-canvas-oriental\/","url":"https:\/\/shop.bantam.ch\/fr\/produit\/solette-zip-canvas-oriental\/","name":"Solette Zip-Canvas - Oriental - Bantam Wankm\u00fcller SA","isPartOf":{"@id":"https:\/\/shop.bantam.ch\/fr\/#website"},"primaryImageOfPage":{"@id":"https:\/\/shop.bantam.ch\/fr\/produit\/solette-zip-canvas-oriental\/#primaryimage"},"image":{"@id":"https:\/\/shop.bantam.ch\/fr\/produit\/solette-zip-canvas-oriental\/#primaryimage"},"thumbnailUrl":"https:\/\/shop.bantam.ch\/wp-content\/uploads\/2024\/05\/Movera-L-9971147100.jpg","datePublished":"2024-05-15T15:34:45+00:00","dateModified":"2026-04-17T23:27:14+00:00","breadcrumb":{"@id":"https:\/\/shop.bantam.ch\/fr\/produit\/solette-zip-canvas-oriental\/#breadcrumb"},"inLanguage":"fr-FR","potentialAction":[{"@type":"ReadAction","target":["https:\/\/shop.bantam.ch\/fr\/produit\/solette-zip-canvas-oriental\/"]}]},{"@type":"ImageObject","inLanguage":"fr-FR","@id":"https:\/\/shop.bantam.ch\/fr\/produit\/solette-zip-canvas-oriental\/#primaryimage","url":"https:\/\/shop.bantam.ch\/wp-content\/uploads\/2024\/05\/Movera-L-9971147100.jpg","contentUrl":"https:\/\/shop.bantam.ch\/wp-content\/uploads\/2024\/05\/Movera-L-9971147100.jpg","width":640,"height":427},{"@type":"BreadcrumbList","@id":"https:\/\/shop.bantam.ch\/fr\/produit\/solette-zip-canvas-oriental\/#breadcrumb","itemListElement":[{"@type":"ListItem","position":1,"name":"Accueil","item":"https:\/\/shop.bantam.ch\/fr\/"},{"@type":"ListItem","position":2,"name":"Boutique","item":"https:\/\/shop.bantam.ch\/fr\/boutique\/"},{"@type":"ListItem","position":3,"name":"Solette Zip-Canvas &#8211; Oriental"}]},{"@type":"WebSite","@id":"https:\/\/shop.bantam.ch\/fr\/#website","url":"https:\/\/shop.bantam.ch\/fr\/","name":"Bantam Wankm\u00fcller SA","description":"","publisher":{"@id":"https:\/\/shop.bantam.ch\/fr\/#organization"},"inLanguage":"fr-FR"},{"@type":"Organization","@id":"https:\/\/shop.bantam.ch\/fr\/#organization","name":"Bantam Wankm\u00fcller SA","url":"https:\/\/shop.bantam.ch\/fr\/","logo":{"@type":"ImageObject","inLanguage":"fr-FR","@id":"https:\/\/shop.bantam.ch\/fr\/#\/schema\/logo\/image\/","url":"https:\/\/shop.bantam.ch\/wp-content\/uploads\/2022\/12\/bantam-logo.png","contentUrl":"https:\/\/shop.bantam.ch\/wp-content\/uploads\/2022\/12\/bantam-logo.png","width":320,"height":71,"caption":"Bantam Wankm\u00fcller SA"},"image":{"@id":"https:\/\/shop.bantam.ch\/fr\/#\/schema\/logo\/image\/"}}]}},"_links":{"self":[{"href":"https:\/\/shop.bantam.ch\/fr\/wp-json\/wp\/v2\/product\/200392","targetHints":{"allow":["GET"]}}],"collection":[{"href":"https:\/\/shop.bantam.ch\/fr\/wp-json\/wp\/v2\/product"}],"about":[{"href":"https:\/\/shop.bantam.ch\/fr\/wp-json\/wp\/v2\/types\/product"}],"wp:featuredmedia":[{"embeddable":true,"href":"https:\/\/shop.bantam.ch\/fr\/wp-json\/wp\/v2\/media\/200388"}],"wp:attachment":[{"href":"https:\/\/shop.bantam.ch\/fr\/wp-json\/wp\/v2\/media?parent=200392"}],"wp:term":[{"taxonomy":"product_featured_cat","embeddable":true,"href":"https:\/\/shop.bantam.ch\/fr\/wp-json\/wp\/v2\/product_featured_cat?post=200392"},{"taxonomy":"product_brand","embeddable":true,"href":"https:\/\/shop.bantam.ch\/fr\/wp-json\/wp\/v2\/product_brand?post=200392"},{"taxonomy":"product_cat","embeddable":true,"href":"https:\/\/shop.bantam.ch\/fr\/wp-json\/wp\/v2\/product_cat?post=200392"},{"taxonomy":"product_tag","embeddable":true,"href":"https:\/\/shop.bantam.ch\/fr\/wp-json\/wp\/v2\/product_tag?post=200392"}],"curies":[{"name":"wp","href":"https:\/\/api.w.org\/{rel}","templated":true}]}}