{"id":200354,"date":"2024-05-15T17:33:13","date_gmt":"2024-05-15T15:33:13","guid":{"rendered":"https:\/\/shop.bantam.ch\/produit\/rolli-bloxx-one-front\/"},"modified":"2026-04-22T01:32:33","modified_gmt":"2026-04-21T23:32:33","slug":"rolli-bloxx-one-front","status":"publish","type":"product","link":"https:\/\/shop.bantam.ch\/fr\/produit\/rolli-bloxx-one-front\/","title":{"rendered":"ROLLI BLOXX One Front"},"content":{"rendered":"<p>Le ROLLI BLOXX ONE est un peu comme le couteau suisse de WIGO. Les parties lat\u00e9rales et la paroi avant peuvent \u00eatre soit ferm\u00e9es dans les coins par une fermeture \u00e9clair, soit d\u00e9pli\u00e9es sur le c\u00f4t\u00e9 en un tour de main. Lors des chaudes journ\u00e9es d&rsquo;\u00e9t\u00e9, le BLOXX ONE est bien a\u00e9r\u00e9 gr\u00e2ce \u00e0 la fermeture lat\u00e9rale et peut \u00eatre compl\u00e8tement ferm\u00e9 en cas de pluie ou d&rsquo;orage. Le BLOXX ONE peut \u00eatre enti\u00e8rement ferm\u00e9 gr\u00e2ce aux fermetures \u00e9clair situ\u00e9es dans les coins. Le film de la fen\u00eatre peut \u00eatre compl\u00e8tement enroul\u00e9 ou directement retir\u00e9. L&rsquo;entr\u00e9e sur la paroi lat\u00e9rale s&rsquo;ouvre \u00e9galement en un tour de main gr\u00e2ce \u00e0 une fermeture \u00e9clair.<\/p>\n<ul>\n<li>Combinaison entre le ROLLI BLOXX SYSTEM et la tente de store ROLLI<\/li>\n<li>Les \u00e9l\u00e9ments avant et lat\u00e9raux sont reli\u00e9s par une fermeture \u00e9clair dans les coins<\/li>\n<li>l&rsquo;\u00e9l\u00e9ment lat\u00e9ral peut \u00eatre utilis\u00e9 comme porte gr\u00e2ce \u00e0 des fermetures \u00e9clair cousues<\/li>\n<li>Le film de la fen\u00eatre peut \u00eatre retir\u00e9 en option<\/li>\n<li>Screengaze extr\u00eamement stable. Extra perm\u00e9able \u00e0 l&rsquo;air<\/li>\n<li>Combinaison parfaite de protection contre le vent, la pluie et les regards indiscrets<\/li>\n<li>Montage facile et rapide<\/li>\n<li>Film de fen\u00eatre teint\u00e9<\/li>\n<li>Fen\u00eatre AIR Vent<\/li>\n<\/ul>\n<p>Mat\u00e9riaux:<br \/>\nParoi frontal: 100 % polyester enduit d&rsquo;acrylate<br \/>\nBande anti-salissures: 100 % chlorure de polyvinyle<\/p>\n<p>Contenu de la livraison:<br \/>\nIncluse Paroi frontal<br \/>\nMat\u00e9riel de haubanage Rolli<br \/>\nSac de rangement WIGO noir<\/p>\n","protected":false},"excerpt":{"rendered":"<p>Le ROLLI BLOXX ONE est un peu comme le couteau suisse de WIGO. Les parties lat\u00e9rales et la paroi avant peuvent \u00eatre soit ferm\u00e9es dans les coins par une fermeture \u00e9clair, soit d\u00e9pli\u00e9es sur le c\u00f4t\u00e9 en un tour de main. Lors des chaudes journ\u00e9es d&rsquo;\u00e9t\u00e9, le BLOXX ONE est bien a\u00e9r\u00e9 gr\u00e2ce \u00e0 la [&hellip;]<\/p>\n","protected":false},"featured_media":200352,"template":"","meta":{"_acf_changed":false},"product_featured_cat":[],"product_brand":[],"product_cat":[4223],"product_tag":[],"class_list":{"0":"post-200354","1":"product","2":"type-product","3":"status-publish","4":"has-post-thumbnail","6":"product_cat-stores-et-auvents","8":"first","9":"instock","10":"taxable","11":"shipping-taxable","12":"purchasable","13":"product-type-variable"},"acf":[],"yoast_head":"<!-- This site is optimized with the Yoast SEO plugin v27.4 - https:\/\/yoast.com\/product\/yoast-seo-wordpress\/ -->\n<title>ROLLI BLOXX One Front - Bantam Wankm\u00fcller SA<\/title>\n<meta name=\"robots\" content=\"index, follow, max-snippet:-1, max-image-preview:large, max-video-preview:-1\" \/>\n<link rel=\"canonical\" href=\"https:\/\/shop.bantam.ch\/fr\/produit\/rolli-bloxx-one-front\/\" \/>\n<meta property=\"og:locale\" content=\"fr_FR\" \/>\n<meta property=\"og:type\" content=\"article\" \/>\n<meta property=\"og:title\" content=\"ROLLI BLOXX One Front - Bantam Wankm\u00fcller SA\" \/>\n<meta property=\"og:description\" content=\"Le ROLLI BLOXX ONE est un peu comme le couteau suisse de WIGO. Les parties lat\u00e9rales et la paroi avant peuvent \u00eatre soit ferm\u00e9es dans les coins par une fermeture \u00e9clair, soit d\u00e9pli\u00e9es sur le c\u00f4t\u00e9 en un tour de main. Lors des chaudes journ\u00e9es d&rsquo;\u00e9t\u00e9, le BLOXX ONE est bien a\u00e9r\u00e9 gr\u00e2ce \u00e0 la [&hellip;]\" \/>\n<meta property=\"og:url\" content=\"https:\/\/shop.bantam.ch\/fr\/produit\/rolli-bloxx-one-front\/\" \/>\n<meta property=\"og:site_name\" content=\"Bantam Wankm\u00fcller SA\" \/>\n<meta property=\"article:modified_time\" content=\"2026-04-21T23:32:33+00:00\" \/>\n<meta name=\"twitter:card\" content=\"summary_large_image\" \/>\n<meta name=\"twitter:label1\" content=\"Dur\u00e9e de lecture estim\u00e9e\" \/>\n\t<meta name=\"twitter:data1\" content=\"1 minute\" \/>\n<script type=\"application\/ld+json\" class=\"yoast-schema-graph\">{\"@context\":\"https:\\\/\\\/schema.org\",\"@graph\":[{\"@type\":\"WebPage\",\"@id\":\"https:\\\/\\\/shop.bantam.ch\\\/fr\\\/produit\\\/rolli-bloxx-one-front\\\/\",\"url\":\"https:\\\/\\\/shop.bantam.ch\\\/fr\\\/produit\\\/rolli-bloxx-one-front\\\/\",\"name\":\"ROLLI BLOXX One Front - Bantam Wankm\u00fcller SA\",\"isPartOf\":{\"@id\":\"https:\\\/\\\/shop.bantam.ch\\\/fr\\\/#website\"},\"primaryImageOfPage\":{\"@id\":\"https:\\\/\\\/shop.bantam.ch\\\/fr\\\/produit\\\/rolli-bloxx-one-front\\\/#primaryimage\"},\"image\":{\"@id\":\"https:\\\/\\\/shop.bantam.ch\\\/fr\\\/produit\\\/rolli-bloxx-one-front\\\/#primaryimage\"},\"thumbnailUrl\":\"https:\\\/\\\/shop.bantam.ch\\\/wp-content\\\/uploads\\\/2024\\\/05\\\/Movera-L-0106718100.jpg\",\"datePublished\":\"2024-05-15T15:33:13+00:00\",\"dateModified\":\"2026-04-21T23:32:33+00:00\",\"breadcrumb\":{\"@id\":\"https:\\\/\\\/shop.bantam.ch\\\/fr\\\/produit\\\/rolli-bloxx-one-front\\\/#breadcrumb\"},\"inLanguage\":\"fr-FR\",\"potentialAction\":[{\"@type\":\"ReadAction\",\"target\":[\"https:\\\/\\\/shop.bantam.ch\\\/fr\\\/produit\\\/rolli-bloxx-one-front\\\/\"]}]},{\"@type\":\"ImageObject\",\"inLanguage\":\"fr-FR\",\"@id\":\"https:\\\/\\\/shop.bantam.ch\\\/fr\\\/produit\\\/rolli-bloxx-one-front\\\/#primaryimage\",\"url\":\"https:\\\/\\\/shop.bantam.ch\\\/wp-content\\\/uploads\\\/2024\\\/05\\\/Movera-L-0106718100.jpg\",\"contentUrl\":\"https:\\\/\\\/shop.bantam.ch\\\/wp-content\\\/uploads\\\/2024\\\/05\\\/Movera-L-0106718100.jpg\",\"width\":640,\"height\":412},{\"@type\":\"BreadcrumbList\",\"@id\":\"https:\\\/\\\/shop.bantam.ch\\\/fr\\\/produit\\\/rolli-bloxx-one-front\\\/#breadcrumb\",\"itemListElement\":[{\"@type\":\"ListItem\",\"position\":1,\"name\":\"Accueil\",\"item\":\"https:\\\/\\\/shop.bantam.ch\\\/fr\\\/\"},{\"@type\":\"ListItem\",\"position\":2,\"name\":\"Boutique\",\"item\":\"https:\\\/\\\/shop.bantam.ch\\\/fr\\\/boutique\\\/\"},{\"@type\":\"ListItem\",\"position\":3,\"name\":\"ROLLI BLOXX One Front\"}]},{\"@type\":\"WebSite\",\"@id\":\"https:\\\/\\\/shop.bantam.ch\\\/fr\\\/#website\",\"url\":\"https:\\\/\\\/shop.bantam.ch\\\/fr\\\/\",\"name\":\"Bantam Wankm\u00fcller SA\",\"description\":\"\",\"publisher\":{\"@id\":\"https:\\\/\\\/shop.bantam.ch\\\/fr\\\/#organization\"},\"inLanguage\":\"fr-FR\"},{\"@type\":\"Organization\",\"@id\":\"https:\\\/\\\/shop.bantam.ch\\\/fr\\\/#organization\",\"name\":\"Bantam Wankm\u00fcller SA\",\"url\":\"https:\\\/\\\/shop.bantam.ch\\\/fr\\\/\",\"logo\":{\"@type\":\"ImageObject\",\"inLanguage\":\"fr-FR\",\"@id\":\"https:\\\/\\\/shop.bantam.ch\\\/fr\\\/#\\\/schema\\\/logo\\\/image\\\/\",\"url\":\"https:\\\/\\\/shop.bantam.ch\\\/wp-content\\\/uploads\\\/2022\\\/12\\\/bantam-logo.png\",\"contentUrl\":\"https:\\\/\\\/shop.bantam.ch\\\/wp-content\\\/uploads\\\/2022\\\/12\\\/bantam-logo.png\",\"width\":320,\"height\":71,\"caption\":\"Bantam Wankm\u00fcller SA\"},\"image\":{\"@id\":\"https:\\\/\\\/shop.bantam.ch\\\/fr\\\/#\\\/schema\\\/logo\\\/image\\\/\"}}]}<\/script>\n<!-- \/ Yoast SEO plugin. -->","yoast_head_json":{"title":"ROLLI BLOXX One Front - Bantam Wankm\u00fcller SA","robots":{"index":"index","follow":"follow","max-snippet":"max-snippet:-1","max-image-preview":"max-image-preview:large","max-video-preview":"max-video-preview:-1"},"canonical":"https:\/\/shop.bantam.ch\/fr\/produit\/rolli-bloxx-one-front\/","og_locale":"fr_FR","og_type":"article","og_title":"ROLLI BLOXX One Front - Bantam Wankm\u00fcller SA","og_description":"Le ROLLI BLOXX ONE est un peu comme le couteau suisse de WIGO. Les parties lat\u00e9rales et la paroi avant peuvent \u00eatre soit ferm\u00e9es dans les coins par une fermeture \u00e9clair, soit d\u00e9pli\u00e9es sur le c\u00f4t\u00e9 en un tour de main. Lors des chaudes journ\u00e9es d&rsquo;\u00e9t\u00e9, le BLOXX ONE est bien a\u00e9r\u00e9 gr\u00e2ce \u00e0 la [&hellip;]","og_url":"https:\/\/shop.bantam.ch\/fr\/produit\/rolli-bloxx-one-front\/","og_site_name":"Bantam Wankm\u00fcller SA","article_modified_time":"2026-04-21T23:32:33+00:00","twitter_card":"summary_large_image","twitter_misc":{"Dur\u00e9e de lecture estim\u00e9e":"1 minute"},"schema":{"@context":"https:\/\/schema.org","@graph":[{"@type":"WebPage","@id":"https:\/\/shop.bantam.ch\/fr\/produit\/rolli-bloxx-one-front\/","url":"https:\/\/shop.bantam.ch\/fr\/produit\/rolli-bloxx-one-front\/","name":"ROLLI BLOXX One Front - Bantam Wankm\u00fcller SA","isPartOf":{"@id":"https:\/\/shop.bantam.ch\/fr\/#website"},"primaryImageOfPage":{"@id":"https:\/\/shop.bantam.ch\/fr\/produit\/rolli-bloxx-one-front\/#primaryimage"},"image":{"@id":"https:\/\/shop.bantam.ch\/fr\/produit\/rolli-bloxx-one-front\/#primaryimage"},"thumbnailUrl":"https:\/\/shop.bantam.ch\/wp-content\/uploads\/2024\/05\/Movera-L-0106718100.jpg","datePublished":"2024-05-15T15:33:13+00:00","dateModified":"2026-04-21T23:32:33+00:00","breadcrumb":{"@id":"https:\/\/shop.bantam.ch\/fr\/produit\/rolli-bloxx-one-front\/#breadcrumb"},"inLanguage":"fr-FR","potentialAction":[{"@type":"ReadAction","target":["https:\/\/shop.bantam.ch\/fr\/produit\/rolli-bloxx-one-front\/"]}]},{"@type":"ImageObject","inLanguage":"fr-FR","@id":"https:\/\/shop.bantam.ch\/fr\/produit\/rolli-bloxx-one-front\/#primaryimage","url":"https:\/\/shop.bantam.ch\/wp-content\/uploads\/2024\/05\/Movera-L-0106718100.jpg","contentUrl":"https:\/\/shop.bantam.ch\/wp-content\/uploads\/2024\/05\/Movera-L-0106718100.jpg","width":640,"height":412},{"@type":"BreadcrumbList","@id":"https:\/\/shop.bantam.ch\/fr\/produit\/rolli-bloxx-one-front\/#breadcrumb","itemListElement":[{"@type":"ListItem","position":1,"name":"Accueil","item":"https:\/\/shop.bantam.ch\/fr\/"},{"@type":"ListItem","position":2,"name":"Boutique","item":"https:\/\/shop.bantam.ch\/fr\/boutique\/"},{"@type":"ListItem","position":3,"name":"ROLLI BLOXX One Front"}]},{"@type":"WebSite","@id":"https:\/\/shop.bantam.ch\/fr\/#website","url":"https:\/\/shop.bantam.ch\/fr\/","name":"Bantam Wankm\u00fcller SA","description":"","publisher":{"@id":"https:\/\/shop.bantam.ch\/fr\/#organization"},"inLanguage":"fr-FR"},{"@type":"Organization","@id":"https:\/\/shop.bantam.ch\/fr\/#organization","name":"Bantam Wankm\u00fcller SA","url":"https:\/\/shop.bantam.ch\/fr\/","logo":{"@type":"ImageObject","inLanguage":"fr-FR","@id":"https:\/\/shop.bantam.ch\/fr\/#\/schema\/logo\/image\/","url":"https:\/\/shop.bantam.ch\/wp-content\/uploads\/2022\/12\/bantam-logo.png","contentUrl":"https:\/\/shop.bantam.ch\/wp-content\/uploads\/2022\/12\/bantam-logo.png","width":320,"height":71,"caption":"Bantam Wankm\u00fcller SA"},"image":{"@id":"https:\/\/shop.bantam.ch\/fr\/#\/schema\/logo\/image\/"}}]}},"_links":{"self":[{"href":"https:\/\/shop.bantam.ch\/fr\/wp-json\/wp\/v2\/product\/200354","targetHints":{"allow":["GET"]}}],"collection":[{"href":"https:\/\/shop.bantam.ch\/fr\/wp-json\/wp\/v2\/product"}],"about":[{"href":"https:\/\/shop.bantam.ch\/fr\/wp-json\/wp\/v2\/types\/product"}],"wp:featuredmedia":[{"embeddable":true,"href":"https:\/\/shop.bantam.ch\/fr\/wp-json\/wp\/v2\/media\/200352"}],"wp:attachment":[{"href":"https:\/\/shop.bantam.ch\/fr\/wp-json\/wp\/v2\/media?parent=200354"}],"wp:term":[{"taxonomy":"product_featured_cat","embeddable":true,"href":"https:\/\/shop.bantam.ch\/fr\/wp-json\/wp\/v2\/product_featured_cat?post=200354"},{"taxonomy":"product_brand","embeddable":true,"href":"https:\/\/shop.bantam.ch\/fr\/wp-json\/wp\/v2\/product_brand?post=200354"},{"taxonomy":"product_cat","embeddable":true,"href":"https:\/\/shop.bantam.ch\/fr\/wp-json\/wp\/v2\/product_cat?post=200354"},{"taxonomy":"product_tag","embeddable":true,"href":"https:\/\/shop.bantam.ch\/fr\/wp-json\/wp\/v2\/product_tag?post=200354"}],"curies":[{"name":"wp","href":"https:\/\/api.w.org\/{rel}","templated":true}]}}