{"id":200346,"date":"2024-05-15T17:33:00","date_gmt":"2024-05-15T15:33:00","guid":{"rendered":"https:\/\/shop.bantam.ch\/produit\/distrib-sacs-a-crot-flamingo-avec-lampe-de-poche-led-dicky\/"},"modified":"2026-04-19T23:19:18","modified_gmt":"2026-04-19T21:19:18","slug":"distrib-sacs-a-crot-flamingo-avec-lampe-de-poche-led-dicky","status":"publish","type":"product","link":"https:\/\/shop.bantam.ch\/fr\/produit\/distrib-sacs-a-crot-flamingo-avec-lampe-de-poche-led-dicky\/","title":{"rendered":"Distrib. sacs \u00e0 crot Flamingo avec lampe de poche LED Dicky"},"content":{"rendered":"<p>Plus jamais de sacs \u00e0 d\u00e9jections canines oubli\u00e9s lors des promenades ! Ce distributeur s&rsquo;attache facilement \u00e0 la laisse \u00e0 l&rsquo;aide du mousqueton et distribue les sachets sans effort. Pour les promenades nocturnes, il comprend des piles 3LR44 et une lampe LED \u00e0 faible consommation d&rsquo;\u00e9nergie (bouton marche\/arr\u00eat). Un rouleau de 15 sacs \u00e0 crottes 320x220mm est inclus. Prot\u00e9g\u00e9 contre les \u00e9claboussures. Fermeture \u00e0 vis.&nbsp;<\/p>\n<p>Mat\u00e9riau :<br \/>\nPlastique<\/p>\n","protected":false},"excerpt":{"rendered":"<p>Plus jamais de sacs \u00e0 d\u00e9jections canines oubli\u00e9s lors des promenades ! Ce distributeur s&rsquo;attache facilement \u00e0 la laisse \u00e0 l&rsquo;aide du mousqueton et distribue les sachets sans effort. Pour les promenades nocturnes, il comprend des piles 3LR44 et une lampe LED \u00e0 faible consommation d&rsquo;\u00e9nergie (bouton marche\/arr\u00eat). Un rouleau de 15 sacs \u00e0 crottes [&hellip;]<\/p>\n","protected":false},"featured_media":207570,"template":"","meta":{"_acf_changed":false},"product_featured_cat":[],"product_brand":[],"product_cat":[4399],"product_tag":[],"class_list":{"0":"post-200346","1":"product","2":"type-product","3":"status-publish","4":"has-post-thumbnail","6":"product_cat-soins-et-hygiene-des-chiens","8":"first","9":"instock","10":"taxable","11":"shipping-taxable","12":"purchasable","13":"product-type-simple"},"acf":[],"yoast_head":"<!-- This site is optimized with the Yoast SEO plugin v27.4 - https:\/\/yoast.com\/product\/yoast-seo-wordpress\/ -->\n<title>Distrib. sacs \u00e0 crot Flamingo avec lampe de poche LED Dicky - Bantam Wankm\u00fcller SA<\/title>\n<meta name=\"robots\" content=\"index, follow, max-snippet:-1, max-image-preview:large, max-video-preview:-1\" \/>\n<link rel=\"canonical\" href=\"https:\/\/shop.bantam.ch\/fr\/produit\/distrib-sacs-a-crot-flamingo-avec-lampe-de-poche-led-dicky\/\" \/>\n<meta property=\"og:locale\" content=\"fr_FR\" \/>\n<meta property=\"og:type\" content=\"article\" \/>\n<meta property=\"og:title\" content=\"Distrib. sacs \u00e0 crot Flamingo avec lampe de poche LED Dicky - Bantam Wankm\u00fcller SA\" \/>\n<meta property=\"og:description\" content=\"Plus jamais de sacs \u00e0 d\u00e9jections canines oubli\u00e9s lors des promenades ! Ce distributeur s&rsquo;attache facilement \u00e0 la laisse \u00e0 l&rsquo;aide du mousqueton et distribue les sachets sans effort. Pour les promenades nocturnes, il comprend des piles 3LR44 et une lampe LED \u00e0 faible consommation d&rsquo;\u00e9nergie (bouton marche\/arr\u00eat). Un rouleau de 15 sacs \u00e0 crottes [&hellip;]\" \/>\n<meta property=\"og:url\" content=\"https:\/\/shop.bantam.ch\/fr\/produit\/distrib-sacs-a-crot-flamingo-avec-lampe-de-poche-led-dicky\/\" \/>\n<meta property=\"og:site_name\" content=\"Bantam Wankm\u00fcller SA\" \/>\n<meta property=\"article:modified_time\" content=\"2026-04-19T21:19:18+00:00\" \/>\n<meta name=\"twitter:card\" content=\"summary_large_image\" \/>\n<script type=\"application\/ld+json\" class=\"yoast-schema-graph\">{\"@context\":\"https:\\\/\\\/schema.org\",\"@graph\":[{\"@type\":\"WebPage\",\"@id\":\"https:\\\/\\\/shop.bantam.ch\\\/fr\\\/produit\\\/distrib-sacs-a-crot-flamingo-avec-lampe-de-poche-led-dicky\\\/\",\"url\":\"https:\\\/\\\/shop.bantam.ch\\\/fr\\\/produit\\\/distrib-sacs-a-crot-flamingo-avec-lampe-de-poche-led-dicky\\\/\",\"name\":\"Distrib. sacs \u00e0 crot Flamingo avec lampe de poche LED Dicky - Bantam Wankm\u00fcller SA\",\"isPartOf\":{\"@id\":\"https:\\\/\\\/shop.bantam.ch\\\/fr\\\/#website\"},\"primaryImageOfPage\":{\"@id\":\"https:\\\/\\\/shop.bantam.ch\\\/fr\\\/produit\\\/distrib-sacs-a-crot-flamingo-avec-lampe-de-poche-led-dicky\\\/#primaryimage\"},\"image\":{\"@id\":\"https:\\\/\\\/shop.bantam.ch\\\/fr\\\/produit\\\/distrib-sacs-a-crot-flamingo-avec-lampe-de-poche-led-dicky\\\/#primaryimage\"},\"thumbnailUrl\":\"https:\\\/\\\/shop.bantam.ch\\\/wp-content\\\/uploads\\\/2024\\\/09\\\/Movera-L-9975300100.jpg\",\"datePublished\":\"2024-05-15T15:33:00+00:00\",\"dateModified\":\"2026-04-19T21:19:18+00:00\",\"breadcrumb\":{\"@id\":\"https:\\\/\\\/shop.bantam.ch\\\/fr\\\/produit\\\/distrib-sacs-a-crot-flamingo-avec-lampe-de-poche-led-dicky\\\/#breadcrumb\"},\"inLanguage\":\"fr-FR\",\"potentialAction\":[{\"@type\":\"ReadAction\",\"target\":[\"https:\\\/\\\/shop.bantam.ch\\\/fr\\\/produit\\\/distrib-sacs-a-crot-flamingo-avec-lampe-de-poche-led-dicky\\\/\"]}]},{\"@type\":\"ImageObject\",\"inLanguage\":\"fr-FR\",\"@id\":\"https:\\\/\\\/shop.bantam.ch\\\/fr\\\/produit\\\/distrib-sacs-a-crot-flamingo-avec-lampe-de-poche-led-dicky\\\/#primaryimage\",\"url\":\"https:\\\/\\\/shop.bantam.ch\\\/wp-content\\\/uploads\\\/2024\\\/09\\\/Movera-L-9975300100.jpg\",\"contentUrl\":\"https:\\\/\\\/shop.bantam.ch\\\/wp-content\\\/uploads\\\/2024\\\/09\\\/Movera-L-9975300100.jpg\",\"width\":556,\"height\":2000},{\"@type\":\"BreadcrumbList\",\"@id\":\"https:\\\/\\\/shop.bantam.ch\\\/fr\\\/produit\\\/distrib-sacs-a-crot-flamingo-avec-lampe-de-poche-led-dicky\\\/#breadcrumb\",\"itemListElement\":[{\"@type\":\"ListItem\",\"position\":1,\"name\":\"Accueil\",\"item\":\"https:\\\/\\\/shop.bantam.ch\\\/fr\\\/\"},{\"@type\":\"ListItem\",\"position\":2,\"name\":\"Boutique\",\"item\":\"https:\\\/\\\/shop.bantam.ch\\\/fr\\\/boutique\\\/\"},{\"@type\":\"ListItem\",\"position\":3,\"name\":\"Distrib. sacs \u00e0 crot Flamingo avec lampe de poche LED Dicky\"}]},{\"@type\":\"WebSite\",\"@id\":\"https:\\\/\\\/shop.bantam.ch\\\/fr\\\/#website\",\"url\":\"https:\\\/\\\/shop.bantam.ch\\\/fr\\\/\",\"name\":\"Bantam Wankm\u00fcller SA\",\"description\":\"\",\"publisher\":{\"@id\":\"https:\\\/\\\/shop.bantam.ch\\\/fr\\\/#organization\"},\"inLanguage\":\"fr-FR\"},{\"@type\":\"Organization\",\"@id\":\"https:\\\/\\\/shop.bantam.ch\\\/fr\\\/#organization\",\"name\":\"Bantam Wankm\u00fcller SA\",\"url\":\"https:\\\/\\\/shop.bantam.ch\\\/fr\\\/\",\"logo\":{\"@type\":\"ImageObject\",\"inLanguage\":\"fr-FR\",\"@id\":\"https:\\\/\\\/shop.bantam.ch\\\/fr\\\/#\\\/schema\\\/logo\\\/image\\\/\",\"url\":\"https:\\\/\\\/shop.bantam.ch\\\/wp-content\\\/uploads\\\/2022\\\/12\\\/bantam-logo.png\",\"contentUrl\":\"https:\\\/\\\/shop.bantam.ch\\\/wp-content\\\/uploads\\\/2022\\\/12\\\/bantam-logo.png\",\"width\":320,\"height\":71,\"caption\":\"Bantam Wankm\u00fcller SA\"},\"image\":{\"@id\":\"https:\\\/\\\/shop.bantam.ch\\\/fr\\\/#\\\/schema\\\/logo\\\/image\\\/\"}}]}<\/script>\n<!-- \/ Yoast SEO plugin. -->","yoast_head_json":{"title":"Distrib. sacs \u00e0 crot Flamingo avec lampe de poche LED Dicky - Bantam Wankm\u00fcller SA","robots":{"index":"index","follow":"follow","max-snippet":"max-snippet:-1","max-image-preview":"max-image-preview:large","max-video-preview":"max-video-preview:-1"},"canonical":"https:\/\/shop.bantam.ch\/fr\/produit\/distrib-sacs-a-crot-flamingo-avec-lampe-de-poche-led-dicky\/","og_locale":"fr_FR","og_type":"article","og_title":"Distrib. sacs \u00e0 crot Flamingo avec lampe de poche LED Dicky - Bantam Wankm\u00fcller SA","og_description":"Plus jamais de sacs \u00e0 d\u00e9jections canines oubli\u00e9s lors des promenades ! Ce distributeur s&rsquo;attache facilement \u00e0 la laisse \u00e0 l&rsquo;aide du mousqueton et distribue les sachets sans effort. Pour les promenades nocturnes, il comprend des piles 3LR44 et une lampe LED \u00e0 faible consommation d&rsquo;\u00e9nergie (bouton marche\/arr\u00eat). Un rouleau de 15 sacs \u00e0 crottes [&hellip;]","og_url":"https:\/\/shop.bantam.ch\/fr\/produit\/distrib-sacs-a-crot-flamingo-avec-lampe-de-poche-led-dicky\/","og_site_name":"Bantam Wankm\u00fcller SA","article_modified_time":"2026-04-19T21:19:18+00:00","twitter_card":"summary_large_image","schema":{"@context":"https:\/\/schema.org","@graph":[{"@type":"WebPage","@id":"https:\/\/shop.bantam.ch\/fr\/produit\/distrib-sacs-a-crot-flamingo-avec-lampe-de-poche-led-dicky\/","url":"https:\/\/shop.bantam.ch\/fr\/produit\/distrib-sacs-a-crot-flamingo-avec-lampe-de-poche-led-dicky\/","name":"Distrib. sacs \u00e0 crot Flamingo avec lampe de poche LED Dicky - Bantam Wankm\u00fcller SA","isPartOf":{"@id":"https:\/\/shop.bantam.ch\/fr\/#website"},"primaryImageOfPage":{"@id":"https:\/\/shop.bantam.ch\/fr\/produit\/distrib-sacs-a-crot-flamingo-avec-lampe-de-poche-led-dicky\/#primaryimage"},"image":{"@id":"https:\/\/shop.bantam.ch\/fr\/produit\/distrib-sacs-a-crot-flamingo-avec-lampe-de-poche-led-dicky\/#primaryimage"},"thumbnailUrl":"https:\/\/shop.bantam.ch\/wp-content\/uploads\/2024\/09\/Movera-L-9975300100.jpg","datePublished":"2024-05-15T15:33:00+00:00","dateModified":"2026-04-19T21:19:18+00:00","breadcrumb":{"@id":"https:\/\/shop.bantam.ch\/fr\/produit\/distrib-sacs-a-crot-flamingo-avec-lampe-de-poche-led-dicky\/#breadcrumb"},"inLanguage":"fr-FR","potentialAction":[{"@type":"ReadAction","target":["https:\/\/shop.bantam.ch\/fr\/produit\/distrib-sacs-a-crot-flamingo-avec-lampe-de-poche-led-dicky\/"]}]},{"@type":"ImageObject","inLanguage":"fr-FR","@id":"https:\/\/shop.bantam.ch\/fr\/produit\/distrib-sacs-a-crot-flamingo-avec-lampe-de-poche-led-dicky\/#primaryimage","url":"https:\/\/shop.bantam.ch\/wp-content\/uploads\/2024\/09\/Movera-L-9975300100.jpg","contentUrl":"https:\/\/shop.bantam.ch\/wp-content\/uploads\/2024\/09\/Movera-L-9975300100.jpg","width":556,"height":2000},{"@type":"BreadcrumbList","@id":"https:\/\/shop.bantam.ch\/fr\/produit\/distrib-sacs-a-crot-flamingo-avec-lampe-de-poche-led-dicky\/#breadcrumb","itemListElement":[{"@type":"ListItem","position":1,"name":"Accueil","item":"https:\/\/shop.bantam.ch\/fr\/"},{"@type":"ListItem","position":2,"name":"Boutique","item":"https:\/\/shop.bantam.ch\/fr\/boutique\/"},{"@type":"ListItem","position":3,"name":"Distrib. sacs \u00e0 crot Flamingo avec lampe de poche LED Dicky"}]},{"@type":"WebSite","@id":"https:\/\/shop.bantam.ch\/fr\/#website","url":"https:\/\/shop.bantam.ch\/fr\/","name":"Bantam Wankm\u00fcller SA","description":"","publisher":{"@id":"https:\/\/shop.bantam.ch\/fr\/#organization"},"inLanguage":"fr-FR"},{"@type":"Organization","@id":"https:\/\/shop.bantam.ch\/fr\/#organization","name":"Bantam Wankm\u00fcller SA","url":"https:\/\/shop.bantam.ch\/fr\/","logo":{"@type":"ImageObject","inLanguage":"fr-FR","@id":"https:\/\/shop.bantam.ch\/fr\/#\/schema\/logo\/image\/","url":"https:\/\/shop.bantam.ch\/wp-content\/uploads\/2022\/12\/bantam-logo.png","contentUrl":"https:\/\/shop.bantam.ch\/wp-content\/uploads\/2022\/12\/bantam-logo.png","width":320,"height":71,"caption":"Bantam Wankm\u00fcller SA"},"image":{"@id":"https:\/\/shop.bantam.ch\/fr\/#\/schema\/logo\/image\/"}}]}},"_links":{"self":[{"href":"https:\/\/shop.bantam.ch\/fr\/wp-json\/wp\/v2\/product\/200346","targetHints":{"allow":["GET"]}}],"collection":[{"href":"https:\/\/shop.bantam.ch\/fr\/wp-json\/wp\/v2\/product"}],"about":[{"href":"https:\/\/shop.bantam.ch\/fr\/wp-json\/wp\/v2\/types\/product"}],"wp:featuredmedia":[{"embeddable":true,"href":"https:\/\/shop.bantam.ch\/fr\/wp-json\/wp\/v2\/media\/207570"}],"wp:attachment":[{"href":"https:\/\/shop.bantam.ch\/fr\/wp-json\/wp\/v2\/media?parent=200346"}],"wp:term":[{"taxonomy":"product_featured_cat","embeddable":true,"href":"https:\/\/shop.bantam.ch\/fr\/wp-json\/wp\/v2\/product_featured_cat?post=200346"},{"taxonomy":"product_brand","embeddable":true,"href":"https:\/\/shop.bantam.ch\/fr\/wp-json\/wp\/v2\/product_brand?post=200346"},{"taxonomy":"product_cat","embeddable":true,"href":"https:\/\/shop.bantam.ch\/fr\/wp-json\/wp\/v2\/product_cat?post=200346"},{"taxonomy":"product_tag","embeddable":true,"href":"https:\/\/shop.bantam.ch\/fr\/wp-json\/wp\/v2\/product_tag?post=200346"}],"curies":[{"name":"wp","href":"https:\/\/api.w.org\/{rel}","templated":true}]}}