{"id":200316,"date":"2024-05-15T17:32:29","date_gmt":"2024-05-15T15:32:29","guid":{"rendered":"https:\/\/shop.bantam.ch\/produit\/grattoir-a-chaussures-lako-33-x-39-cm\/"},"modified":"2026-04-17T23:13:18","modified_gmt":"2026-04-17T21:13:18","slug":"grattoir-a-chaussures-lako-33-x-39-cm","status":"publish","type":"product","link":"https:\/\/shop.bantam.ch\/fr\/produit\/grattoir-a-chaussures-lako-33-x-39-cm\/","title":{"rendered":"Grattoir \u00e0 chaussures LAKO 33 x 39 cm"},"content":{"rendered":"<p>Le paillasson Cleaner en caoutchouc et coco est utilisable \u00e0 l&rsquo;ext\u00e9rieur et facile \u00e0 entretenir. Le paillasson en caoutchouc est \u00e9quip\u00e9 de petits picots qui permettent de nettoyer facilement les chaussures. Les rang\u00e9es de coco ins\u00e9r\u00e9es sur les c\u00f4t\u00e9s et au centre facilitent \u00e9galement le nettoyage des chaussures. Le All-Rounder ne laisse aucune salet\u00e9 ni humidit\u00e9 p\u00e9n\u00e9trer \u00e0 l&rsquo;int\u00e9rieur de votre maison. Ses dimensions de 33&#215;39 cm sont compactes et conviennent \u00e0 presque tous les types de portes.<\/p>\n<p>Mat\u00e9riel:<br \/>\n85% caoutchouc, 10% coco, 5% fil m\u00e9tallique<\/p>\n","protected":false},"excerpt":{"rendered":"<p>Le paillasson Cleaner en caoutchouc et coco est utilisable \u00e0 l&rsquo;ext\u00e9rieur et facile \u00e0 entretenir. Le paillasson en caoutchouc est \u00e9quip\u00e9 de petits picots qui permettent de nettoyer facilement les chaussures. Les rang\u00e9es de coco ins\u00e9r\u00e9es sur les c\u00f4t\u00e9s et au centre facilitent \u00e9galement le nettoyage des chaussures. Le All-Rounder ne laisse aucune salet\u00e9 ni [&hellip;]<\/p>\n","protected":false},"featured_media":207494,"template":"","meta":{"_acf_changed":false},"product_featured_cat":[],"product_brand":[],"product_cat":[4261],"product_tag":[],"class_list":{"0":"post-200316","1":"product","2":"type-product","3":"status-publish","4":"has-post-thumbnail","6":"product_cat-tapis-de-tente-et-planchers","8":"first","9":"instock","10":"taxable","11":"shipping-taxable","12":"purchasable","13":"product-type-simple"},"acf":[],"yoast_head":"<!-- This site is optimized with the Yoast SEO plugin v27.4 - https:\/\/yoast.com\/product\/yoast-seo-wordpress\/ -->\n<title>Grattoir \u00e0 chaussures LAKO 33 x 39 cm - Bantam Wankm\u00fcller SA<\/title>\n<meta name=\"robots\" content=\"index, follow, max-snippet:-1, max-image-preview:large, max-video-preview:-1\" \/>\n<link rel=\"canonical\" href=\"https:\/\/shop.bantam.ch\/fr\/produit\/grattoir-a-chaussures-lako-33-x-39-cm\/\" \/>\n<meta property=\"og:locale\" content=\"fr_FR\" \/>\n<meta property=\"og:type\" content=\"article\" \/>\n<meta property=\"og:title\" content=\"Grattoir \u00e0 chaussures LAKO 33 x 39 cm - Bantam Wankm\u00fcller SA\" \/>\n<meta property=\"og:description\" content=\"Le paillasson Cleaner en caoutchouc et coco est utilisable \u00e0 l&rsquo;ext\u00e9rieur et facile \u00e0 entretenir. Le paillasson en caoutchouc est \u00e9quip\u00e9 de petits picots qui permettent de nettoyer facilement les chaussures. Les rang\u00e9es de coco ins\u00e9r\u00e9es sur les c\u00f4t\u00e9s et au centre facilitent \u00e9galement le nettoyage des chaussures. Le All-Rounder ne laisse aucune salet\u00e9 ni [&hellip;]\" \/>\n<meta property=\"og:url\" content=\"https:\/\/shop.bantam.ch\/fr\/produit\/grattoir-a-chaussures-lako-33-x-39-cm\/\" \/>\n<meta property=\"og:site_name\" content=\"Bantam Wankm\u00fcller SA\" \/>\n<meta property=\"article:modified_time\" content=\"2026-04-17T21:13:18+00:00\" \/>\n<meta name=\"twitter:card\" content=\"summary_large_image\" \/>\n<script type=\"application\/ld+json\" class=\"yoast-schema-graph\">{\"@context\":\"https:\\\/\\\/schema.org\",\"@graph\":[{\"@type\":\"WebPage\",\"@id\":\"https:\\\/\\\/shop.bantam.ch\\\/fr\\\/produit\\\/grattoir-a-chaussures-lako-33-x-39-cm\\\/\",\"url\":\"https:\\\/\\\/shop.bantam.ch\\\/fr\\\/produit\\\/grattoir-a-chaussures-lako-33-x-39-cm\\\/\",\"name\":\"Grattoir \u00e0 chaussures LAKO 33 x 39 cm - Bantam Wankm\u00fcller SA\",\"isPartOf\":{\"@id\":\"https:\\\/\\\/shop.bantam.ch\\\/fr\\\/#website\"},\"primaryImageOfPage\":{\"@id\":\"https:\\\/\\\/shop.bantam.ch\\\/fr\\\/produit\\\/grattoir-a-chaussures-lako-33-x-39-cm\\\/#primaryimage\"},\"image\":{\"@id\":\"https:\\\/\\\/shop.bantam.ch\\\/fr\\\/produit\\\/grattoir-a-chaussures-lako-33-x-39-cm\\\/#primaryimage\"},\"thumbnailUrl\":\"https:\\\/\\\/shop.bantam.ch\\\/wp-content\\\/uploads\\\/2024\\\/09\\\/Movera-L-9971098100.jpg\",\"datePublished\":\"2024-05-15T15:32:29+00:00\",\"dateModified\":\"2026-04-17T21:13:18+00:00\",\"breadcrumb\":{\"@id\":\"https:\\\/\\\/shop.bantam.ch\\\/fr\\\/produit\\\/grattoir-a-chaussures-lako-33-x-39-cm\\\/#breadcrumb\"},\"inLanguage\":\"fr-FR\",\"potentialAction\":[{\"@type\":\"ReadAction\",\"target\":[\"https:\\\/\\\/shop.bantam.ch\\\/fr\\\/produit\\\/grattoir-a-chaussures-lako-33-x-39-cm\\\/\"]}]},{\"@type\":\"ImageObject\",\"inLanguage\":\"fr-FR\",\"@id\":\"https:\\\/\\\/shop.bantam.ch\\\/fr\\\/produit\\\/grattoir-a-chaussures-lako-33-x-39-cm\\\/#primaryimage\",\"url\":\"https:\\\/\\\/shop.bantam.ch\\\/wp-content\\\/uploads\\\/2024\\\/09\\\/Movera-L-9971098100.jpg\",\"contentUrl\":\"https:\\\/\\\/shop.bantam.ch\\\/wp-content\\\/uploads\\\/2024\\\/09\\\/Movera-L-9971098100.jpg\",\"width\":640,\"height\":499},{\"@type\":\"BreadcrumbList\",\"@id\":\"https:\\\/\\\/shop.bantam.ch\\\/fr\\\/produit\\\/grattoir-a-chaussures-lako-33-x-39-cm\\\/#breadcrumb\",\"itemListElement\":[{\"@type\":\"ListItem\",\"position\":1,\"name\":\"Accueil\",\"item\":\"https:\\\/\\\/shop.bantam.ch\\\/fr\\\/\"},{\"@type\":\"ListItem\",\"position\":2,\"name\":\"Boutique\",\"item\":\"https:\\\/\\\/shop.bantam.ch\\\/fr\\\/boutique\\\/\"},{\"@type\":\"ListItem\",\"position\":3,\"name\":\"Grattoir \u00e0 chaussures LAKO 33 x 39 cm\"}]},{\"@type\":\"WebSite\",\"@id\":\"https:\\\/\\\/shop.bantam.ch\\\/fr\\\/#website\",\"url\":\"https:\\\/\\\/shop.bantam.ch\\\/fr\\\/\",\"name\":\"Bantam Wankm\u00fcller SA\",\"description\":\"\",\"publisher\":{\"@id\":\"https:\\\/\\\/shop.bantam.ch\\\/fr\\\/#organization\"},\"inLanguage\":\"fr-FR\"},{\"@type\":\"Organization\",\"@id\":\"https:\\\/\\\/shop.bantam.ch\\\/fr\\\/#organization\",\"name\":\"Bantam Wankm\u00fcller SA\",\"url\":\"https:\\\/\\\/shop.bantam.ch\\\/fr\\\/\",\"logo\":{\"@type\":\"ImageObject\",\"inLanguage\":\"fr-FR\",\"@id\":\"https:\\\/\\\/shop.bantam.ch\\\/fr\\\/#\\\/schema\\\/logo\\\/image\\\/\",\"url\":\"https:\\\/\\\/shop.bantam.ch\\\/wp-content\\\/uploads\\\/2022\\\/12\\\/bantam-logo.png\",\"contentUrl\":\"https:\\\/\\\/shop.bantam.ch\\\/wp-content\\\/uploads\\\/2022\\\/12\\\/bantam-logo.png\",\"width\":320,\"height\":71,\"caption\":\"Bantam Wankm\u00fcller SA\"},\"image\":{\"@id\":\"https:\\\/\\\/shop.bantam.ch\\\/fr\\\/#\\\/schema\\\/logo\\\/image\\\/\"}}]}<\/script>\n<!-- \/ Yoast SEO plugin. -->","yoast_head_json":{"title":"Grattoir \u00e0 chaussures LAKO 33 x 39 cm - Bantam Wankm\u00fcller SA","robots":{"index":"index","follow":"follow","max-snippet":"max-snippet:-1","max-image-preview":"max-image-preview:large","max-video-preview":"max-video-preview:-1"},"canonical":"https:\/\/shop.bantam.ch\/fr\/produit\/grattoir-a-chaussures-lako-33-x-39-cm\/","og_locale":"fr_FR","og_type":"article","og_title":"Grattoir \u00e0 chaussures LAKO 33 x 39 cm - Bantam Wankm\u00fcller SA","og_description":"Le paillasson Cleaner en caoutchouc et coco est utilisable \u00e0 l&rsquo;ext\u00e9rieur et facile \u00e0 entretenir. Le paillasson en caoutchouc est \u00e9quip\u00e9 de petits picots qui permettent de nettoyer facilement les chaussures. Les rang\u00e9es de coco ins\u00e9r\u00e9es sur les c\u00f4t\u00e9s et au centre facilitent \u00e9galement le nettoyage des chaussures. Le All-Rounder ne laisse aucune salet\u00e9 ni [&hellip;]","og_url":"https:\/\/shop.bantam.ch\/fr\/produit\/grattoir-a-chaussures-lako-33-x-39-cm\/","og_site_name":"Bantam Wankm\u00fcller SA","article_modified_time":"2026-04-17T21:13:18+00:00","twitter_card":"summary_large_image","schema":{"@context":"https:\/\/schema.org","@graph":[{"@type":"WebPage","@id":"https:\/\/shop.bantam.ch\/fr\/produit\/grattoir-a-chaussures-lako-33-x-39-cm\/","url":"https:\/\/shop.bantam.ch\/fr\/produit\/grattoir-a-chaussures-lako-33-x-39-cm\/","name":"Grattoir \u00e0 chaussures LAKO 33 x 39 cm - Bantam Wankm\u00fcller SA","isPartOf":{"@id":"https:\/\/shop.bantam.ch\/fr\/#website"},"primaryImageOfPage":{"@id":"https:\/\/shop.bantam.ch\/fr\/produit\/grattoir-a-chaussures-lako-33-x-39-cm\/#primaryimage"},"image":{"@id":"https:\/\/shop.bantam.ch\/fr\/produit\/grattoir-a-chaussures-lako-33-x-39-cm\/#primaryimage"},"thumbnailUrl":"https:\/\/shop.bantam.ch\/wp-content\/uploads\/2024\/09\/Movera-L-9971098100.jpg","datePublished":"2024-05-15T15:32:29+00:00","dateModified":"2026-04-17T21:13:18+00:00","breadcrumb":{"@id":"https:\/\/shop.bantam.ch\/fr\/produit\/grattoir-a-chaussures-lako-33-x-39-cm\/#breadcrumb"},"inLanguage":"fr-FR","potentialAction":[{"@type":"ReadAction","target":["https:\/\/shop.bantam.ch\/fr\/produit\/grattoir-a-chaussures-lako-33-x-39-cm\/"]}]},{"@type":"ImageObject","inLanguage":"fr-FR","@id":"https:\/\/shop.bantam.ch\/fr\/produit\/grattoir-a-chaussures-lako-33-x-39-cm\/#primaryimage","url":"https:\/\/shop.bantam.ch\/wp-content\/uploads\/2024\/09\/Movera-L-9971098100.jpg","contentUrl":"https:\/\/shop.bantam.ch\/wp-content\/uploads\/2024\/09\/Movera-L-9971098100.jpg","width":640,"height":499},{"@type":"BreadcrumbList","@id":"https:\/\/shop.bantam.ch\/fr\/produit\/grattoir-a-chaussures-lako-33-x-39-cm\/#breadcrumb","itemListElement":[{"@type":"ListItem","position":1,"name":"Accueil","item":"https:\/\/shop.bantam.ch\/fr\/"},{"@type":"ListItem","position":2,"name":"Boutique","item":"https:\/\/shop.bantam.ch\/fr\/boutique\/"},{"@type":"ListItem","position":3,"name":"Grattoir \u00e0 chaussures LAKO 33 x 39 cm"}]},{"@type":"WebSite","@id":"https:\/\/shop.bantam.ch\/fr\/#website","url":"https:\/\/shop.bantam.ch\/fr\/","name":"Bantam Wankm\u00fcller SA","description":"","publisher":{"@id":"https:\/\/shop.bantam.ch\/fr\/#organization"},"inLanguage":"fr-FR"},{"@type":"Organization","@id":"https:\/\/shop.bantam.ch\/fr\/#organization","name":"Bantam Wankm\u00fcller SA","url":"https:\/\/shop.bantam.ch\/fr\/","logo":{"@type":"ImageObject","inLanguage":"fr-FR","@id":"https:\/\/shop.bantam.ch\/fr\/#\/schema\/logo\/image\/","url":"https:\/\/shop.bantam.ch\/wp-content\/uploads\/2022\/12\/bantam-logo.png","contentUrl":"https:\/\/shop.bantam.ch\/wp-content\/uploads\/2022\/12\/bantam-logo.png","width":320,"height":71,"caption":"Bantam Wankm\u00fcller SA"},"image":{"@id":"https:\/\/shop.bantam.ch\/fr\/#\/schema\/logo\/image\/"}}]}},"_links":{"self":[{"href":"https:\/\/shop.bantam.ch\/fr\/wp-json\/wp\/v2\/product\/200316","targetHints":{"allow":["GET"]}}],"collection":[{"href":"https:\/\/shop.bantam.ch\/fr\/wp-json\/wp\/v2\/product"}],"about":[{"href":"https:\/\/shop.bantam.ch\/fr\/wp-json\/wp\/v2\/types\/product"}],"wp:featuredmedia":[{"embeddable":true,"href":"https:\/\/shop.bantam.ch\/fr\/wp-json\/wp\/v2\/media\/207494"}],"wp:attachment":[{"href":"https:\/\/shop.bantam.ch\/fr\/wp-json\/wp\/v2\/media?parent=200316"}],"wp:term":[{"taxonomy":"product_featured_cat","embeddable":true,"href":"https:\/\/shop.bantam.ch\/fr\/wp-json\/wp\/v2\/product_featured_cat?post=200316"},{"taxonomy":"product_brand","embeddable":true,"href":"https:\/\/shop.bantam.ch\/fr\/wp-json\/wp\/v2\/product_brand?post=200316"},{"taxonomy":"product_cat","embeddable":true,"href":"https:\/\/shop.bantam.ch\/fr\/wp-json\/wp\/v2\/product_cat?post=200316"},{"taxonomy":"product_tag","embeddable":true,"href":"https:\/\/shop.bantam.ch\/fr\/wp-json\/wp\/v2\/product_tag?post=200316"}],"curies":[{"name":"wp","href":"https:\/\/api.w.org\/{rel}","templated":true}]}}