{"id":200234,"date":"2024-05-15T17:30:36","date_gmt":"2024-05-15T15:30:36","guid":{"rendered":"https:\/\/shop.bantam.ch\/produit\/tapis-de-store-arisol-standard-rigato\/"},"modified":"2026-04-18T01:26:36","modified_gmt":"2026-04-17T23:26:36","slug":"tapis-de-store-arisol-standard-rigato","status":"publish","type":"product","link":"https:\/\/shop.bantam.ch\/fr\/produit\/tapis-de-store-arisol-standard-rigato\/","title":{"rendered":"Tapis de store Arisol Standard Rigato"},"content":{"rendered":"<p>Tapis\/rev\u00eatement\/tapis de tente extr\u00eamement r\u00e9sistant pour les vestibules de camping-cars. Id\u00e9al sous le store, sur la terrasse, le balcon et dans le jardin.<\/p>\n<ul>\n<li>Laisse respirer le sol, est doux, r\u00e9sistant \u00e0 la moisissure et durable<\/li>\n<li>Hautement r\u00e9sistant aux crevaisons<\/li>\n<li>Ne s&rsquo;ab\u00eeme pas au soleil &#8211; r\u00e9siste aux UV<\/li>\n<li>Se pr\u00eate \u00e0 une d\u00e9composition durable<\/li>\n<li>Offre un drainage des liquides vers le sol<\/li>\n<li>Le filet \u00e0 mailles fines permet de maintenir facilement la surface du tapis propre, car il est \u00e0 la fois perm\u00e9able \u00e0 l&rsquo;air et imperm\u00e9able \u00e0 l&rsquo;eau et aux salissures<\/li>\n<\/ul>\n<p>Mat\u00e9riel:<\/p>\n<p>100 % polypropyl\u00e8ne<\/p>\n<p>Contenu de la livraison:&nbsp;<br \/>\nInclus Sac de transport<br \/>\nPiquets<br \/>\nClips de fixation<br \/>\n&nbsp;<\/p>\n","protected":false},"excerpt":{"rendered":"<p>Tapis\/rev\u00eatement\/tapis de tente extr\u00eamement r\u00e9sistant pour les vestibules de camping-cars. Id\u00e9al sous le store, sur la terrasse, le balcon et dans le jardin. Laisse respirer le sol, est doux, r\u00e9sistant \u00e0 la moisissure et durable Hautement r\u00e9sistant aux crevaisons Ne s&rsquo;ab\u00eeme pas au soleil &#8211; r\u00e9siste aux UV Se pr\u00eate \u00e0 une d\u00e9composition durable Offre [&hellip;]<\/p>\n","protected":false},"featured_media":200228,"template":"","meta":{"_acf_changed":false},"product_featured_cat":[],"product_brand":[],"product_cat":[4261],"product_tag":[],"class_list":{"0":"post-200234","1":"product","2":"type-product","3":"status-publish","4":"has-post-thumbnail","6":"product_cat-tapis-de-tente-et-planchers","8":"first","9":"instock","10":"taxable","11":"shipping-taxable","12":"purchasable","13":"product-type-variable"},"acf":[],"yoast_head":"<!-- This site is optimized with the Yoast SEO plugin v27.4 - https:\/\/yoast.com\/product\/yoast-seo-wordpress\/ -->\n<title>Tapis de store Arisol Standard Rigato - Bantam Wankm\u00fcller SA<\/title>\n<meta name=\"robots\" content=\"index, follow, max-snippet:-1, max-image-preview:large, max-video-preview:-1\" \/>\n<link rel=\"canonical\" href=\"https:\/\/shop.bantam.ch\/fr\/produit\/tapis-de-store-arisol-standard-rigato\/\" \/>\n<meta property=\"og:locale\" content=\"fr_FR\" \/>\n<meta property=\"og:type\" content=\"article\" \/>\n<meta property=\"og:title\" content=\"Tapis de store Arisol Standard Rigato - Bantam Wankm\u00fcller SA\" \/>\n<meta property=\"og:description\" content=\"Tapis\/rev\u00eatement\/tapis de tente extr\u00eamement r\u00e9sistant pour les vestibules de camping-cars. Id\u00e9al sous le store, sur la terrasse, le balcon et dans le jardin. Laisse respirer le sol, est doux, r\u00e9sistant \u00e0 la moisissure et durable Hautement r\u00e9sistant aux crevaisons Ne s&rsquo;ab\u00eeme pas au soleil &#8211; r\u00e9siste aux UV Se pr\u00eate \u00e0 une d\u00e9composition durable Offre [&hellip;]\" \/>\n<meta property=\"og:url\" content=\"https:\/\/shop.bantam.ch\/fr\/produit\/tapis-de-store-arisol-standard-rigato\/\" \/>\n<meta property=\"og:site_name\" content=\"Bantam Wankm\u00fcller SA\" \/>\n<meta property=\"article:modified_time\" content=\"2026-04-17T23:26:36+00:00\" \/>\n<meta name=\"twitter:card\" content=\"summary_large_image\" \/>\n<meta name=\"twitter:label1\" content=\"Dur\u00e9e de lecture estim\u00e9e\" \/>\n\t<meta name=\"twitter:data1\" content=\"1 minute\" \/>\n<script type=\"application\/ld+json\" class=\"yoast-schema-graph\">{\"@context\":\"https:\\\/\\\/schema.org\",\"@graph\":[{\"@type\":\"WebPage\",\"@id\":\"https:\\\/\\\/shop.bantam.ch\\\/fr\\\/produit\\\/tapis-de-store-arisol-standard-rigato\\\/\",\"url\":\"https:\\\/\\\/shop.bantam.ch\\\/fr\\\/produit\\\/tapis-de-store-arisol-standard-rigato\\\/\",\"name\":\"Tapis de store Arisol Standard Rigato - Bantam Wankm\u00fcller SA\",\"isPartOf\":{\"@id\":\"https:\\\/\\\/shop.bantam.ch\\\/fr\\\/#website\"},\"primaryImageOfPage\":{\"@id\":\"https:\\\/\\\/shop.bantam.ch\\\/fr\\\/produit\\\/tapis-de-store-arisol-standard-rigato\\\/#primaryimage\"},\"image\":{\"@id\":\"https:\\\/\\\/shop.bantam.ch\\\/fr\\\/produit\\\/tapis-de-store-arisol-standard-rigato\\\/#primaryimage\"},\"thumbnailUrl\":\"https:\\\/\\\/shop.bantam.ch\\\/wp-content\\\/uploads\\\/2024\\\/05\\\/Movera-L-0106705100.jpg\",\"datePublished\":\"2024-05-15T15:30:36+00:00\",\"dateModified\":\"2026-04-17T23:26:36+00:00\",\"breadcrumb\":{\"@id\":\"https:\\\/\\\/shop.bantam.ch\\\/fr\\\/produit\\\/tapis-de-store-arisol-standard-rigato\\\/#breadcrumb\"},\"inLanguage\":\"fr-FR\",\"potentialAction\":[{\"@type\":\"ReadAction\",\"target\":[\"https:\\\/\\\/shop.bantam.ch\\\/fr\\\/produit\\\/tapis-de-store-arisol-standard-rigato\\\/\"]}]},{\"@type\":\"ImageObject\",\"inLanguage\":\"fr-FR\",\"@id\":\"https:\\\/\\\/shop.bantam.ch\\\/fr\\\/produit\\\/tapis-de-store-arisol-standard-rigato\\\/#primaryimage\",\"url\":\"https:\\\/\\\/shop.bantam.ch\\\/wp-content\\\/uploads\\\/2024\\\/05\\\/Movera-L-0106705100.jpg\",\"contentUrl\":\"https:\\\/\\\/shop.bantam.ch\\\/wp-content\\\/uploads\\\/2024\\\/05\\\/Movera-L-0106705100.jpg\",\"width\":640,\"height\":764},{\"@type\":\"BreadcrumbList\",\"@id\":\"https:\\\/\\\/shop.bantam.ch\\\/fr\\\/produit\\\/tapis-de-store-arisol-standard-rigato\\\/#breadcrumb\",\"itemListElement\":[{\"@type\":\"ListItem\",\"position\":1,\"name\":\"Accueil\",\"item\":\"https:\\\/\\\/shop.bantam.ch\\\/fr\\\/\"},{\"@type\":\"ListItem\",\"position\":2,\"name\":\"Boutique\",\"item\":\"https:\\\/\\\/shop.bantam.ch\\\/fr\\\/boutique\\\/\"},{\"@type\":\"ListItem\",\"position\":3,\"name\":\"Tapis de store Arisol Standard Rigato\"}]},{\"@type\":\"WebSite\",\"@id\":\"https:\\\/\\\/shop.bantam.ch\\\/fr\\\/#website\",\"url\":\"https:\\\/\\\/shop.bantam.ch\\\/fr\\\/\",\"name\":\"Bantam Wankm\u00fcller SA\",\"description\":\"\",\"publisher\":{\"@id\":\"https:\\\/\\\/shop.bantam.ch\\\/fr\\\/#organization\"},\"inLanguage\":\"fr-FR\"},{\"@type\":\"Organization\",\"@id\":\"https:\\\/\\\/shop.bantam.ch\\\/fr\\\/#organization\",\"name\":\"Bantam Wankm\u00fcller SA\",\"url\":\"https:\\\/\\\/shop.bantam.ch\\\/fr\\\/\",\"logo\":{\"@type\":\"ImageObject\",\"inLanguage\":\"fr-FR\",\"@id\":\"https:\\\/\\\/shop.bantam.ch\\\/fr\\\/#\\\/schema\\\/logo\\\/image\\\/\",\"url\":\"https:\\\/\\\/shop.bantam.ch\\\/wp-content\\\/uploads\\\/2022\\\/12\\\/bantam-logo.png\",\"contentUrl\":\"https:\\\/\\\/shop.bantam.ch\\\/wp-content\\\/uploads\\\/2022\\\/12\\\/bantam-logo.png\",\"width\":320,\"height\":71,\"caption\":\"Bantam Wankm\u00fcller SA\"},\"image\":{\"@id\":\"https:\\\/\\\/shop.bantam.ch\\\/fr\\\/#\\\/schema\\\/logo\\\/image\\\/\"}}]}<\/script>\n<!-- \/ Yoast SEO plugin. -->","yoast_head_json":{"title":"Tapis de store Arisol Standard Rigato - Bantam Wankm\u00fcller SA","robots":{"index":"index","follow":"follow","max-snippet":"max-snippet:-1","max-image-preview":"max-image-preview:large","max-video-preview":"max-video-preview:-1"},"canonical":"https:\/\/shop.bantam.ch\/fr\/produit\/tapis-de-store-arisol-standard-rigato\/","og_locale":"fr_FR","og_type":"article","og_title":"Tapis de store Arisol Standard Rigato - Bantam Wankm\u00fcller SA","og_description":"Tapis\/rev\u00eatement\/tapis de tente extr\u00eamement r\u00e9sistant pour les vestibules de camping-cars. Id\u00e9al sous le store, sur la terrasse, le balcon et dans le jardin. Laisse respirer le sol, est doux, r\u00e9sistant \u00e0 la moisissure et durable Hautement r\u00e9sistant aux crevaisons Ne s&rsquo;ab\u00eeme pas au soleil &#8211; r\u00e9siste aux UV Se pr\u00eate \u00e0 une d\u00e9composition durable Offre [&hellip;]","og_url":"https:\/\/shop.bantam.ch\/fr\/produit\/tapis-de-store-arisol-standard-rigato\/","og_site_name":"Bantam Wankm\u00fcller SA","article_modified_time":"2026-04-17T23:26:36+00:00","twitter_card":"summary_large_image","twitter_misc":{"Dur\u00e9e de lecture estim\u00e9e":"1 minute"},"schema":{"@context":"https:\/\/schema.org","@graph":[{"@type":"WebPage","@id":"https:\/\/shop.bantam.ch\/fr\/produit\/tapis-de-store-arisol-standard-rigato\/","url":"https:\/\/shop.bantam.ch\/fr\/produit\/tapis-de-store-arisol-standard-rigato\/","name":"Tapis de store Arisol Standard Rigato - Bantam Wankm\u00fcller SA","isPartOf":{"@id":"https:\/\/shop.bantam.ch\/fr\/#website"},"primaryImageOfPage":{"@id":"https:\/\/shop.bantam.ch\/fr\/produit\/tapis-de-store-arisol-standard-rigato\/#primaryimage"},"image":{"@id":"https:\/\/shop.bantam.ch\/fr\/produit\/tapis-de-store-arisol-standard-rigato\/#primaryimage"},"thumbnailUrl":"https:\/\/shop.bantam.ch\/wp-content\/uploads\/2024\/05\/Movera-L-0106705100.jpg","datePublished":"2024-05-15T15:30:36+00:00","dateModified":"2026-04-17T23:26:36+00:00","breadcrumb":{"@id":"https:\/\/shop.bantam.ch\/fr\/produit\/tapis-de-store-arisol-standard-rigato\/#breadcrumb"},"inLanguage":"fr-FR","potentialAction":[{"@type":"ReadAction","target":["https:\/\/shop.bantam.ch\/fr\/produit\/tapis-de-store-arisol-standard-rigato\/"]}]},{"@type":"ImageObject","inLanguage":"fr-FR","@id":"https:\/\/shop.bantam.ch\/fr\/produit\/tapis-de-store-arisol-standard-rigato\/#primaryimage","url":"https:\/\/shop.bantam.ch\/wp-content\/uploads\/2024\/05\/Movera-L-0106705100.jpg","contentUrl":"https:\/\/shop.bantam.ch\/wp-content\/uploads\/2024\/05\/Movera-L-0106705100.jpg","width":640,"height":764},{"@type":"BreadcrumbList","@id":"https:\/\/shop.bantam.ch\/fr\/produit\/tapis-de-store-arisol-standard-rigato\/#breadcrumb","itemListElement":[{"@type":"ListItem","position":1,"name":"Accueil","item":"https:\/\/shop.bantam.ch\/fr\/"},{"@type":"ListItem","position":2,"name":"Boutique","item":"https:\/\/shop.bantam.ch\/fr\/boutique\/"},{"@type":"ListItem","position":3,"name":"Tapis de store Arisol Standard Rigato"}]},{"@type":"WebSite","@id":"https:\/\/shop.bantam.ch\/fr\/#website","url":"https:\/\/shop.bantam.ch\/fr\/","name":"Bantam Wankm\u00fcller SA","description":"","publisher":{"@id":"https:\/\/shop.bantam.ch\/fr\/#organization"},"inLanguage":"fr-FR"},{"@type":"Organization","@id":"https:\/\/shop.bantam.ch\/fr\/#organization","name":"Bantam Wankm\u00fcller SA","url":"https:\/\/shop.bantam.ch\/fr\/","logo":{"@type":"ImageObject","inLanguage":"fr-FR","@id":"https:\/\/shop.bantam.ch\/fr\/#\/schema\/logo\/image\/","url":"https:\/\/shop.bantam.ch\/wp-content\/uploads\/2022\/12\/bantam-logo.png","contentUrl":"https:\/\/shop.bantam.ch\/wp-content\/uploads\/2022\/12\/bantam-logo.png","width":320,"height":71,"caption":"Bantam Wankm\u00fcller SA"},"image":{"@id":"https:\/\/shop.bantam.ch\/fr\/#\/schema\/logo\/image\/"}}]}},"_links":{"self":[{"href":"https:\/\/shop.bantam.ch\/fr\/wp-json\/wp\/v2\/product\/200234","targetHints":{"allow":["GET"]}}],"collection":[{"href":"https:\/\/shop.bantam.ch\/fr\/wp-json\/wp\/v2\/product"}],"about":[{"href":"https:\/\/shop.bantam.ch\/fr\/wp-json\/wp\/v2\/types\/product"}],"wp:featuredmedia":[{"embeddable":true,"href":"https:\/\/shop.bantam.ch\/fr\/wp-json\/wp\/v2\/media\/200228"}],"wp:attachment":[{"href":"https:\/\/shop.bantam.ch\/fr\/wp-json\/wp\/v2\/media?parent=200234"}],"wp:term":[{"taxonomy":"product_featured_cat","embeddable":true,"href":"https:\/\/shop.bantam.ch\/fr\/wp-json\/wp\/v2\/product_featured_cat?post=200234"},{"taxonomy":"product_brand","embeddable":true,"href":"https:\/\/shop.bantam.ch\/fr\/wp-json\/wp\/v2\/product_brand?post=200234"},{"taxonomy":"product_cat","embeddable":true,"href":"https:\/\/shop.bantam.ch\/fr\/wp-json\/wp\/v2\/product_cat?post=200234"},{"taxonomy":"product_tag","embeddable":true,"href":"https:\/\/shop.bantam.ch\/fr\/wp-json\/wp\/v2\/product_tag?post=200234"}],"curies":[{"name":"wp","href":"https:\/\/api.w.org\/{rel}","templated":true}]}}