{"id":200210,"date":"2024-05-15T17:29:51","date_gmt":"2024-05-15T15:29:51","guid":{"rendered":"https:\/\/shop.bantam.ch\/produit\/jeu-de-tuyaux-du-detendeur-gok-pour-appareil-a-cartouches-a-gaz-eu-avec-filetage-ag-7-16-28-unef\/"},"modified":"2026-04-17T23:13:17","modified_gmt":"2026-04-17T21:13:17","slug":"jeu-de-tuyaux-du-detendeur-gok-pour-appareil-a-cartouches-a-gaz-eu-avec-filetage-ag-7-16-28-unef","status":"publish","type":"product","link":"https:\/\/shop.bantam.ch\/fr\/produit\/jeu-de-tuyaux-du-detendeur-gok-pour-appareil-a-cartouches-a-gaz-eu-avec-filetage-ag-7-16-28-unef\/","title":{"rendered":"Jeu de tuyaux du d\u00e9tendeur GOK pour appareil \u00e0 cartouches \u00e0 gaz EU avec filetage AG 7\/16-28 UNEF"},"content":{"rendered":"<p>Vanne de commutation automatique avec r\u00e9gulateur basse pression int\u00e9gr\u00e9 pour l&rsquo;installation \u00e0 deux bouteilles, pour le raccordement aux bouteilles de gaz au moyen d&rsquo;une conduite flexible haute pression, pour la r\u00e9gulation de la pression \u00e0 la pression nominale de l&rsquo;appareil \u00e0 gaz.<\/p>\n<p>comprenant : 2 x Caramatic ConnectBasic (longueur : 450 mm), 2 x Caramatic ConnectClean 2.0 avec \u00e9querre de fixation, vanne d&rsquo;inversion automatique, r\u00e9gulateur basse pression avec soupape d&rsquo;\u00e9vacuation de s\u00e9curit\u00e9 PRV, bouton de commande, t\u00e9moin de fonctionnement et de r\u00e9serve, s\u00e9curit\u00e9 antiretour du gaz, dispositif de contr\u00f4le et support mural<\/p>\n","protected":false},"excerpt":{"rendered":"<p>Vanne de commutation automatique avec r\u00e9gulateur basse pression int\u00e9gr\u00e9 pour l&rsquo;installation \u00e0 deux bouteilles, pour le raccordement aux bouteilles de gaz au moyen d&rsquo;une conduite flexible haute pression, pour la r\u00e9gulation de la pression \u00e0 la pression nominale de l&rsquo;appareil \u00e0 gaz. comprenant : 2 x Caramatic ConnectBasic (longueur : 450 mm), 2 x Caramatic [&hellip;]<\/p>\n","protected":false},"featured_media":207566,"template":"","meta":{"_acf_changed":false},"product_featured_cat":[],"product_brand":[],"product_cat":[4493],"product_tag":[],"class_list":{"0":"post-200210","1":"product","2":"type-product","3":"status-publish","4":"has-post-thumbnail","6":"product_cat-flexibles-gaz","8":"first","9":"instock","10":"taxable","11":"shipping-taxable","12":"purchasable","13":"product-type-simple"},"acf":[],"yoast_head":"<!-- This site is optimized with the Yoast SEO plugin v27.4 - https:\/\/yoast.com\/product\/yoast-seo-wordpress\/ -->\n<title>Jeu de tuyaux du d\u00e9tendeur GOK pour appareil \u00e0 cartouches \u00e0 gaz EU avec filetage AG 7\/16-28 UNEF - Bantam Wankm\u00fcller SA<\/title>\n<meta name=\"robots\" content=\"index, follow, max-snippet:-1, max-image-preview:large, max-video-preview:-1\" \/>\n<link rel=\"canonical\" href=\"https:\/\/shop.bantam.ch\/fr\/produit\/jeu-de-tuyaux-du-detendeur-gok-pour-appareil-a-cartouches-a-gaz-eu-avec-filetage-ag-7-16-28-unef\/\" \/>\n<meta property=\"og:locale\" content=\"fr_FR\" \/>\n<meta property=\"og:type\" content=\"article\" \/>\n<meta property=\"og:title\" content=\"Jeu de tuyaux du d\u00e9tendeur GOK pour appareil \u00e0 cartouches \u00e0 gaz EU avec filetage AG 7\/16-28 UNEF - Bantam Wankm\u00fcller SA\" \/>\n<meta property=\"og:description\" content=\"Vanne de commutation automatique avec r\u00e9gulateur basse pression int\u00e9gr\u00e9 pour l&rsquo;installation \u00e0 deux bouteilles, pour le raccordement aux bouteilles de gaz au moyen d&rsquo;une conduite flexible haute pression, pour la r\u00e9gulation de la pression \u00e0 la pression nominale de l&rsquo;appareil \u00e0 gaz. comprenant : 2 x Caramatic ConnectBasic (longueur : 450 mm), 2 x Caramatic [&hellip;]\" \/>\n<meta property=\"og:url\" content=\"https:\/\/shop.bantam.ch\/fr\/produit\/jeu-de-tuyaux-du-detendeur-gok-pour-appareil-a-cartouches-a-gaz-eu-avec-filetage-ag-7-16-28-unef\/\" \/>\n<meta property=\"og:site_name\" content=\"Bantam Wankm\u00fcller SA\" \/>\n<meta property=\"article:modified_time\" content=\"2026-04-17T21:13:17+00:00\" \/>\n<meta name=\"twitter:card\" content=\"summary_large_image\" \/>\n<script type=\"application\/ld+json\" class=\"yoast-schema-graph\">{\"@context\":\"https:\\\/\\\/schema.org\",\"@graph\":[{\"@type\":\"WebPage\",\"@id\":\"https:\\\/\\\/shop.bantam.ch\\\/fr\\\/produit\\\/jeu-de-tuyaux-du-detendeur-gok-pour-appareil-a-cartouches-a-gaz-eu-avec-filetage-ag-7-16-28-unef\\\/\",\"url\":\"https:\\\/\\\/shop.bantam.ch\\\/fr\\\/produit\\\/jeu-de-tuyaux-du-detendeur-gok-pour-appareil-a-cartouches-a-gaz-eu-avec-filetage-ag-7-16-28-unef\\\/\",\"name\":\"Jeu de tuyaux du d\u00e9tendeur GOK pour appareil \u00e0 cartouches \u00e0 gaz EU avec filetage AG 7\\\/16-28 UNEF - Bantam Wankm\u00fcller SA\",\"isPartOf\":{\"@id\":\"https:\\\/\\\/shop.bantam.ch\\\/fr\\\/#website\"},\"primaryImageOfPage\":{\"@id\":\"https:\\\/\\\/shop.bantam.ch\\\/fr\\\/produit\\\/jeu-de-tuyaux-du-detendeur-gok-pour-appareil-a-cartouches-a-gaz-eu-avec-filetage-ag-7-16-28-unef\\\/#primaryimage\"},\"image\":{\"@id\":\"https:\\\/\\\/shop.bantam.ch\\\/fr\\\/produit\\\/jeu-de-tuyaux-du-detendeur-gok-pour-appareil-a-cartouches-a-gaz-eu-avec-filetage-ag-7-16-28-unef\\\/#primaryimage\"},\"thumbnailUrl\":\"https:\\\/\\\/shop.bantam.ch\\\/wp-content\\\/uploads\\\/2024\\\/09\\\/Movera-L-9975290100.jpg\",\"datePublished\":\"2024-05-15T15:29:51+00:00\",\"dateModified\":\"2026-04-17T21:13:17+00:00\",\"breadcrumb\":{\"@id\":\"https:\\\/\\\/shop.bantam.ch\\\/fr\\\/produit\\\/jeu-de-tuyaux-du-detendeur-gok-pour-appareil-a-cartouches-a-gaz-eu-avec-filetage-ag-7-16-28-unef\\\/#breadcrumb\"},\"inLanguage\":\"fr-FR\",\"potentialAction\":[{\"@type\":\"ReadAction\",\"target\":[\"https:\\\/\\\/shop.bantam.ch\\\/fr\\\/produit\\\/jeu-de-tuyaux-du-detendeur-gok-pour-appareil-a-cartouches-a-gaz-eu-avec-filetage-ag-7-16-28-unef\\\/\"]}]},{\"@type\":\"ImageObject\",\"inLanguage\":\"fr-FR\",\"@id\":\"https:\\\/\\\/shop.bantam.ch\\\/fr\\\/produit\\\/jeu-de-tuyaux-du-detendeur-gok-pour-appareil-a-cartouches-a-gaz-eu-avec-filetage-ag-7-16-28-unef\\\/#primaryimage\",\"url\":\"https:\\\/\\\/shop.bantam.ch\\\/wp-content\\\/uploads\\\/2024\\\/09\\\/Movera-L-9975290100.jpg\",\"contentUrl\":\"https:\\\/\\\/shop.bantam.ch\\\/wp-content\\\/uploads\\\/2024\\\/09\\\/Movera-L-9975290100.jpg\",\"width\":250,\"height\":214},{\"@type\":\"BreadcrumbList\",\"@id\":\"https:\\\/\\\/shop.bantam.ch\\\/fr\\\/produit\\\/jeu-de-tuyaux-du-detendeur-gok-pour-appareil-a-cartouches-a-gaz-eu-avec-filetage-ag-7-16-28-unef\\\/#breadcrumb\",\"itemListElement\":[{\"@type\":\"ListItem\",\"position\":1,\"name\":\"Accueil\",\"item\":\"https:\\\/\\\/shop.bantam.ch\\\/fr\\\/\"},{\"@type\":\"ListItem\",\"position\":2,\"name\":\"Boutique\",\"item\":\"https:\\\/\\\/shop.bantam.ch\\\/fr\\\/boutique\\\/\"},{\"@type\":\"ListItem\",\"position\":3,\"name\":\"Jeu de tuyaux du d\u00e9tendeur GOK pour appareil \u00e0 cartouches \u00e0 gaz EU avec filetage AG 7\\\/16-28 UNEF\"}]},{\"@type\":\"WebSite\",\"@id\":\"https:\\\/\\\/shop.bantam.ch\\\/fr\\\/#website\",\"url\":\"https:\\\/\\\/shop.bantam.ch\\\/fr\\\/\",\"name\":\"Bantam Wankm\u00fcller SA\",\"description\":\"\",\"publisher\":{\"@id\":\"https:\\\/\\\/shop.bantam.ch\\\/fr\\\/#organization\"},\"inLanguage\":\"fr-FR\"},{\"@type\":\"Organization\",\"@id\":\"https:\\\/\\\/shop.bantam.ch\\\/fr\\\/#organization\",\"name\":\"Bantam Wankm\u00fcller SA\",\"url\":\"https:\\\/\\\/shop.bantam.ch\\\/fr\\\/\",\"logo\":{\"@type\":\"ImageObject\",\"inLanguage\":\"fr-FR\",\"@id\":\"https:\\\/\\\/shop.bantam.ch\\\/fr\\\/#\\\/schema\\\/logo\\\/image\\\/\",\"url\":\"https:\\\/\\\/shop.bantam.ch\\\/wp-content\\\/uploads\\\/2022\\\/12\\\/bantam-logo.png\",\"contentUrl\":\"https:\\\/\\\/shop.bantam.ch\\\/wp-content\\\/uploads\\\/2022\\\/12\\\/bantam-logo.png\",\"width\":320,\"height\":71,\"caption\":\"Bantam Wankm\u00fcller SA\"},\"image\":{\"@id\":\"https:\\\/\\\/shop.bantam.ch\\\/fr\\\/#\\\/schema\\\/logo\\\/image\\\/\"}}]}<\/script>\n<!-- \/ Yoast SEO plugin. -->","yoast_head_json":{"title":"Jeu de tuyaux du d\u00e9tendeur GOK pour appareil \u00e0 cartouches \u00e0 gaz EU avec filetage AG 7\/16-28 UNEF - Bantam Wankm\u00fcller SA","robots":{"index":"index","follow":"follow","max-snippet":"max-snippet:-1","max-image-preview":"max-image-preview:large","max-video-preview":"max-video-preview:-1"},"canonical":"https:\/\/shop.bantam.ch\/fr\/produit\/jeu-de-tuyaux-du-detendeur-gok-pour-appareil-a-cartouches-a-gaz-eu-avec-filetage-ag-7-16-28-unef\/","og_locale":"fr_FR","og_type":"article","og_title":"Jeu de tuyaux du d\u00e9tendeur GOK pour appareil \u00e0 cartouches \u00e0 gaz EU avec filetage AG 7\/16-28 UNEF - Bantam Wankm\u00fcller SA","og_description":"Vanne de commutation automatique avec r\u00e9gulateur basse pression int\u00e9gr\u00e9 pour l&rsquo;installation \u00e0 deux bouteilles, pour le raccordement aux bouteilles de gaz au moyen d&rsquo;une conduite flexible haute pression, pour la r\u00e9gulation de la pression \u00e0 la pression nominale de l&rsquo;appareil \u00e0 gaz. comprenant : 2 x Caramatic ConnectBasic (longueur : 450 mm), 2 x Caramatic [&hellip;]","og_url":"https:\/\/shop.bantam.ch\/fr\/produit\/jeu-de-tuyaux-du-detendeur-gok-pour-appareil-a-cartouches-a-gaz-eu-avec-filetage-ag-7-16-28-unef\/","og_site_name":"Bantam Wankm\u00fcller SA","article_modified_time":"2026-04-17T21:13:17+00:00","twitter_card":"summary_large_image","schema":{"@context":"https:\/\/schema.org","@graph":[{"@type":"WebPage","@id":"https:\/\/shop.bantam.ch\/fr\/produit\/jeu-de-tuyaux-du-detendeur-gok-pour-appareil-a-cartouches-a-gaz-eu-avec-filetage-ag-7-16-28-unef\/","url":"https:\/\/shop.bantam.ch\/fr\/produit\/jeu-de-tuyaux-du-detendeur-gok-pour-appareil-a-cartouches-a-gaz-eu-avec-filetage-ag-7-16-28-unef\/","name":"Jeu de tuyaux du d\u00e9tendeur GOK pour appareil \u00e0 cartouches \u00e0 gaz EU avec filetage AG 7\/16-28 UNEF - Bantam Wankm\u00fcller SA","isPartOf":{"@id":"https:\/\/shop.bantam.ch\/fr\/#website"},"primaryImageOfPage":{"@id":"https:\/\/shop.bantam.ch\/fr\/produit\/jeu-de-tuyaux-du-detendeur-gok-pour-appareil-a-cartouches-a-gaz-eu-avec-filetage-ag-7-16-28-unef\/#primaryimage"},"image":{"@id":"https:\/\/shop.bantam.ch\/fr\/produit\/jeu-de-tuyaux-du-detendeur-gok-pour-appareil-a-cartouches-a-gaz-eu-avec-filetage-ag-7-16-28-unef\/#primaryimage"},"thumbnailUrl":"https:\/\/shop.bantam.ch\/wp-content\/uploads\/2024\/09\/Movera-L-9975290100.jpg","datePublished":"2024-05-15T15:29:51+00:00","dateModified":"2026-04-17T21:13:17+00:00","breadcrumb":{"@id":"https:\/\/shop.bantam.ch\/fr\/produit\/jeu-de-tuyaux-du-detendeur-gok-pour-appareil-a-cartouches-a-gaz-eu-avec-filetage-ag-7-16-28-unef\/#breadcrumb"},"inLanguage":"fr-FR","potentialAction":[{"@type":"ReadAction","target":["https:\/\/shop.bantam.ch\/fr\/produit\/jeu-de-tuyaux-du-detendeur-gok-pour-appareil-a-cartouches-a-gaz-eu-avec-filetage-ag-7-16-28-unef\/"]}]},{"@type":"ImageObject","inLanguage":"fr-FR","@id":"https:\/\/shop.bantam.ch\/fr\/produit\/jeu-de-tuyaux-du-detendeur-gok-pour-appareil-a-cartouches-a-gaz-eu-avec-filetage-ag-7-16-28-unef\/#primaryimage","url":"https:\/\/shop.bantam.ch\/wp-content\/uploads\/2024\/09\/Movera-L-9975290100.jpg","contentUrl":"https:\/\/shop.bantam.ch\/wp-content\/uploads\/2024\/09\/Movera-L-9975290100.jpg","width":250,"height":214},{"@type":"BreadcrumbList","@id":"https:\/\/shop.bantam.ch\/fr\/produit\/jeu-de-tuyaux-du-detendeur-gok-pour-appareil-a-cartouches-a-gaz-eu-avec-filetage-ag-7-16-28-unef\/#breadcrumb","itemListElement":[{"@type":"ListItem","position":1,"name":"Accueil","item":"https:\/\/shop.bantam.ch\/fr\/"},{"@type":"ListItem","position":2,"name":"Boutique","item":"https:\/\/shop.bantam.ch\/fr\/boutique\/"},{"@type":"ListItem","position":3,"name":"Jeu de tuyaux du d\u00e9tendeur GOK pour appareil \u00e0 cartouches \u00e0 gaz EU avec filetage AG 7\/16-28 UNEF"}]},{"@type":"WebSite","@id":"https:\/\/shop.bantam.ch\/fr\/#website","url":"https:\/\/shop.bantam.ch\/fr\/","name":"Bantam Wankm\u00fcller SA","description":"","publisher":{"@id":"https:\/\/shop.bantam.ch\/fr\/#organization"},"inLanguage":"fr-FR"},{"@type":"Organization","@id":"https:\/\/shop.bantam.ch\/fr\/#organization","name":"Bantam Wankm\u00fcller SA","url":"https:\/\/shop.bantam.ch\/fr\/","logo":{"@type":"ImageObject","inLanguage":"fr-FR","@id":"https:\/\/shop.bantam.ch\/fr\/#\/schema\/logo\/image\/","url":"https:\/\/shop.bantam.ch\/wp-content\/uploads\/2022\/12\/bantam-logo.png","contentUrl":"https:\/\/shop.bantam.ch\/wp-content\/uploads\/2022\/12\/bantam-logo.png","width":320,"height":71,"caption":"Bantam Wankm\u00fcller SA"},"image":{"@id":"https:\/\/shop.bantam.ch\/fr\/#\/schema\/logo\/image\/"}}]}},"_links":{"self":[{"href":"https:\/\/shop.bantam.ch\/fr\/wp-json\/wp\/v2\/product\/200210","targetHints":{"allow":["GET"]}}],"collection":[{"href":"https:\/\/shop.bantam.ch\/fr\/wp-json\/wp\/v2\/product"}],"about":[{"href":"https:\/\/shop.bantam.ch\/fr\/wp-json\/wp\/v2\/types\/product"}],"wp:featuredmedia":[{"embeddable":true,"href":"https:\/\/shop.bantam.ch\/fr\/wp-json\/wp\/v2\/media\/207566"}],"wp:attachment":[{"href":"https:\/\/shop.bantam.ch\/fr\/wp-json\/wp\/v2\/media?parent=200210"}],"wp:term":[{"taxonomy":"product_featured_cat","embeddable":true,"href":"https:\/\/shop.bantam.ch\/fr\/wp-json\/wp\/v2\/product_featured_cat?post=200210"},{"taxonomy":"product_brand","embeddable":true,"href":"https:\/\/shop.bantam.ch\/fr\/wp-json\/wp\/v2\/product_brand?post=200210"},{"taxonomy":"product_cat","embeddable":true,"href":"https:\/\/shop.bantam.ch\/fr\/wp-json\/wp\/v2\/product_cat?post=200210"},{"taxonomy":"product_tag","embeddable":true,"href":"https:\/\/shop.bantam.ch\/fr\/wp-json\/wp\/v2\/product_tag?post=200210"}],"curies":[{"name":"wp","href":"https:\/\/api.w.org\/{rel}","templated":true}]}}