{"id":200128,"date":"2024-05-15T17:27:38","date_gmt":"2024-05-15T15:27:38","guid":{"rendered":"https:\/\/shop.bantam.ch\/produit\/rechaud-de-camping-barbecue-campingaz-tour-grill-s-couleur-silver-noir\/"},"modified":"2026-04-21T23:17:20","modified_gmt":"2026-04-21T21:17:20","slug":"rechaud-de-camping-barbecue-campingaz-tour-grill-s-couleur-silver-noir","status":"publish","type":"product","link":"https:\/\/shop.bantam.ch\/fr\/produit\/rechaud-de-camping-barbecue-campingaz-tour-grill-s-couleur-silver-noir\/","title":{"rendered":"R\u00e9chaud de camping- &amp; barbecue Campingaz Tour &amp; Grill S Couleur : silver, noir"},"content":{"rendered":"<p>Le Tour &amp; Grill S est le barbecue mobile parfait pour les d\u00e9placements. Malgr\u00e9 sa portabilit\u00e9 et sa l\u00e9g\u00e8ret\u00e9, il offre des performances impressionnantes.<br \/>\nSa surface de cuisson en acier \u00e9maill\u00e9 et son puissant br\u00fbleur en acier inoxydable de 2,4 kW garantissent une cuisson homog\u00e8ne et optimale.<br \/>\nGr\u00e2ce \u00e0 son maniement simple, le barbecue peut \u00eatre transport\u00e9 sans effort et utilis\u00e9 rapidement, que ce soit comme barbecue sur pied ou comme barbecue de table. Pour utiliser le Tour &amp; Grill S comme barbecue sur pied, il suffit d&rsquo;encliqueter les pieds en acier et la tablette.<br \/>\nLa tablette peut \u00eatre utilis\u00e9e pour ranger la cartouche de gaz et, par exemple, les \u00e9pices.<br \/>\n&nbsp;<\/p>\n","protected":false},"excerpt":{"rendered":"<p>Le Tour &amp; Grill S est le barbecue mobile parfait pour les d\u00e9placements. Malgr\u00e9 sa portabilit\u00e9 et sa l\u00e9g\u00e8ret\u00e9, il offre des performances impressionnantes. Sa surface de cuisson en acier \u00e9maill\u00e9 et son puissant br\u00fbleur en acier inoxydable de 2,4 kW garantissent une cuisson homog\u00e8ne et optimale. Gr\u00e2ce \u00e0 son maniement simple, le barbecue peut [&hellip;]<\/p>\n","protected":false},"featured_media":207542,"template":"","meta":{"_acf_changed":false},"product_featured_cat":[],"product_brand":[],"product_cat":[4279,4305],"product_tag":[],"class_list":{"0":"post-200128","1":"product","2":"type-product","3":"status-publish","4":"has-post-thumbnail","6":"product_cat-barbecues-a-gaz","7":"product_cat-rechauds","9":"first","10":"instock","11":"taxable","12":"shipping-taxable","13":"purchasable","14":"product-type-simple"},"acf":[],"yoast_head":"<!-- This site is optimized with the Yoast SEO plugin v27.4 - https:\/\/yoast.com\/product\/yoast-seo-wordpress\/ -->\n<title>R\u00e9chaud de camping- &amp; barbecue Campingaz Tour &amp; Grill S Couleur : silver, noir - Bantam Wankm\u00fcller SA<\/title>\n<meta name=\"robots\" content=\"index, follow, max-snippet:-1, max-image-preview:large, max-video-preview:-1\" \/>\n<link rel=\"canonical\" href=\"https:\/\/shop.bantam.ch\/fr\/produit\/rechaud-de-camping-barbecue-campingaz-tour-grill-s-couleur-silver-noir\/\" \/>\n<meta property=\"og:locale\" content=\"fr_FR\" \/>\n<meta property=\"og:type\" content=\"article\" \/>\n<meta property=\"og:title\" content=\"R\u00e9chaud de camping- &amp; barbecue Campingaz Tour &amp; Grill S Couleur : silver, noir - Bantam Wankm\u00fcller SA\" \/>\n<meta property=\"og:description\" content=\"Le Tour &amp; Grill S est le barbecue mobile parfait pour les d\u00e9placements. Malgr\u00e9 sa portabilit\u00e9 et sa l\u00e9g\u00e8ret\u00e9, il offre des performances impressionnantes. Sa surface de cuisson en acier \u00e9maill\u00e9 et son puissant br\u00fbleur en acier inoxydable de 2,4 kW garantissent une cuisson homog\u00e8ne et optimale. Gr\u00e2ce \u00e0 son maniement simple, le barbecue peut [&hellip;]\" \/>\n<meta property=\"og:url\" content=\"https:\/\/shop.bantam.ch\/fr\/produit\/rechaud-de-camping-barbecue-campingaz-tour-grill-s-couleur-silver-noir\/\" \/>\n<meta property=\"og:site_name\" content=\"Bantam Wankm\u00fcller SA\" \/>\n<meta property=\"article:modified_time\" content=\"2026-04-21T21:17:20+00:00\" \/>\n<meta name=\"twitter:card\" content=\"summary_large_image\" \/>\n<meta name=\"twitter:label1\" content=\"Dur\u00e9e de lecture estim\u00e9e\" \/>\n\t<meta name=\"twitter:data1\" content=\"1 minute\" \/>\n<script type=\"application\/ld+json\" class=\"yoast-schema-graph\">{\"@context\":\"https:\\\/\\\/schema.org\",\"@graph\":[{\"@type\":\"WebPage\",\"@id\":\"https:\\\/\\\/shop.bantam.ch\\\/fr\\\/produit\\\/rechaud-de-camping-barbecue-campingaz-tour-grill-s-couleur-silver-noir\\\/\",\"url\":\"https:\\\/\\\/shop.bantam.ch\\\/fr\\\/produit\\\/rechaud-de-camping-barbecue-campingaz-tour-grill-s-couleur-silver-noir\\\/\",\"name\":\"R\u00e9chaud de camping- &amp; barbecue Campingaz Tour &amp; Grill S Couleur : silver, noir - Bantam Wankm\u00fcller SA\",\"isPartOf\":{\"@id\":\"https:\\\/\\\/shop.bantam.ch\\\/fr\\\/#website\"},\"primaryImageOfPage\":{\"@id\":\"https:\\\/\\\/shop.bantam.ch\\\/fr\\\/produit\\\/rechaud-de-camping-barbecue-campingaz-tour-grill-s-couleur-silver-noir\\\/#primaryimage\"},\"image\":{\"@id\":\"https:\\\/\\\/shop.bantam.ch\\\/fr\\\/produit\\\/rechaud-de-camping-barbecue-campingaz-tour-grill-s-couleur-silver-noir\\\/#primaryimage\"},\"thumbnailUrl\":\"https:\\\/\\\/shop.bantam.ch\\\/wp-content\\\/uploads\\\/2024\\\/09\\\/Movera-L-9975244100.jpg\",\"datePublished\":\"2024-05-15T15:27:38+00:00\",\"dateModified\":\"2026-04-21T21:17:20+00:00\",\"breadcrumb\":{\"@id\":\"https:\\\/\\\/shop.bantam.ch\\\/fr\\\/produit\\\/rechaud-de-camping-barbecue-campingaz-tour-grill-s-couleur-silver-noir\\\/#breadcrumb\"},\"inLanguage\":\"fr-FR\",\"potentialAction\":[{\"@type\":\"ReadAction\",\"target\":[\"https:\\\/\\\/shop.bantam.ch\\\/fr\\\/produit\\\/rechaud-de-camping-barbecue-campingaz-tour-grill-s-couleur-silver-noir\\\/\"]}]},{\"@type\":\"ImageObject\",\"inLanguage\":\"fr-FR\",\"@id\":\"https:\\\/\\\/shop.bantam.ch\\\/fr\\\/produit\\\/rechaud-de-camping-barbecue-campingaz-tour-grill-s-couleur-silver-noir\\\/#primaryimage\",\"url\":\"https:\\\/\\\/shop.bantam.ch\\\/wp-content\\\/uploads\\\/2024\\\/09\\\/Movera-L-9975244100.jpg\",\"contentUrl\":\"https:\\\/\\\/shop.bantam.ch\\\/wp-content\\\/uploads\\\/2024\\\/09\\\/Movera-L-9975244100.jpg\",\"width\":640,\"height\":640},{\"@type\":\"BreadcrumbList\",\"@id\":\"https:\\\/\\\/shop.bantam.ch\\\/fr\\\/produit\\\/rechaud-de-camping-barbecue-campingaz-tour-grill-s-couleur-silver-noir\\\/#breadcrumb\",\"itemListElement\":[{\"@type\":\"ListItem\",\"position\":1,\"name\":\"Accueil\",\"item\":\"https:\\\/\\\/shop.bantam.ch\\\/fr\\\/\"},{\"@type\":\"ListItem\",\"position\":2,\"name\":\"Boutique\",\"item\":\"https:\\\/\\\/shop.bantam.ch\\\/fr\\\/boutique\\\/\"},{\"@type\":\"ListItem\",\"position\":3,\"name\":\"R\u00e9chaud de camping- &amp; barbecue Campingaz Tour &amp; Grill S Couleur : silver, noir\"}]},{\"@type\":\"WebSite\",\"@id\":\"https:\\\/\\\/shop.bantam.ch\\\/fr\\\/#website\",\"url\":\"https:\\\/\\\/shop.bantam.ch\\\/fr\\\/\",\"name\":\"Bantam Wankm\u00fcller SA\",\"description\":\"\",\"publisher\":{\"@id\":\"https:\\\/\\\/shop.bantam.ch\\\/fr\\\/#organization\"},\"inLanguage\":\"fr-FR\"},{\"@type\":\"Organization\",\"@id\":\"https:\\\/\\\/shop.bantam.ch\\\/fr\\\/#organization\",\"name\":\"Bantam Wankm\u00fcller SA\",\"url\":\"https:\\\/\\\/shop.bantam.ch\\\/fr\\\/\",\"logo\":{\"@type\":\"ImageObject\",\"inLanguage\":\"fr-FR\",\"@id\":\"https:\\\/\\\/shop.bantam.ch\\\/fr\\\/#\\\/schema\\\/logo\\\/image\\\/\",\"url\":\"https:\\\/\\\/shop.bantam.ch\\\/wp-content\\\/uploads\\\/2022\\\/12\\\/bantam-logo.png\",\"contentUrl\":\"https:\\\/\\\/shop.bantam.ch\\\/wp-content\\\/uploads\\\/2022\\\/12\\\/bantam-logo.png\",\"width\":320,\"height\":71,\"caption\":\"Bantam Wankm\u00fcller SA\"},\"image\":{\"@id\":\"https:\\\/\\\/shop.bantam.ch\\\/fr\\\/#\\\/schema\\\/logo\\\/image\\\/\"}}]}<\/script>\n<!-- \/ Yoast SEO plugin. -->","yoast_head_json":{"title":"R\u00e9chaud de camping- &amp; barbecue Campingaz Tour &amp; Grill S Couleur : silver, noir - Bantam Wankm\u00fcller SA","robots":{"index":"index","follow":"follow","max-snippet":"max-snippet:-1","max-image-preview":"max-image-preview:large","max-video-preview":"max-video-preview:-1"},"canonical":"https:\/\/shop.bantam.ch\/fr\/produit\/rechaud-de-camping-barbecue-campingaz-tour-grill-s-couleur-silver-noir\/","og_locale":"fr_FR","og_type":"article","og_title":"R\u00e9chaud de camping- &amp; barbecue Campingaz Tour &amp; Grill S Couleur : silver, noir - Bantam Wankm\u00fcller SA","og_description":"Le Tour &amp; Grill S est le barbecue mobile parfait pour les d\u00e9placements. Malgr\u00e9 sa portabilit\u00e9 et sa l\u00e9g\u00e8ret\u00e9, il offre des performances impressionnantes. Sa surface de cuisson en acier \u00e9maill\u00e9 et son puissant br\u00fbleur en acier inoxydable de 2,4 kW garantissent une cuisson homog\u00e8ne et optimale. Gr\u00e2ce \u00e0 son maniement simple, le barbecue peut [&hellip;]","og_url":"https:\/\/shop.bantam.ch\/fr\/produit\/rechaud-de-camping-barbecue-campingaz-tour-grill-s-couleur-silver-noir\/","og_site_name":"Bantam Wankm\u00fcller SA","article_modified_time":"2026-04-21T21:17:20+00:00","twitter_card":"summary_large_image","twitter_misc":{"Dur\u00e9e de lecture estim\u00e9e":"1 minute"},"schema":{"@context":"https:\/\/schema.org","@graph":[{"@type":"WebPage","@id":"https:\/\/shop.bantam.ch\/fr\/produit\/rechaud-de-camping-barbecue-campingaz-tour-grill-s-couleur-silver-noir\/","url":"https:\/\/shop.bantam.ch\/fr\/produit\/rechaud-de-camping-barbecue-campingaz-tour-grill-s-couleur-silver-noir\/","name":"R\u00e9chaud de camping- &amp; barbecue Campingaz Tour &amp; Grill S Couleur : silver, noir - Bantam Wankm\u00fcller SA","isPartOf":{"@id":"https:\/\/shop.bantam.ch\/fr\/#website"},"primaryImageOfPage":{"@id":"https:\/\/shop.bantam.ch\/fr\/produit\/rechaud-de-camping-barbecue-campingaz-tour-grill-s-couleur-silver-noir\/#primaryimage"},"image":{"@id":"https:\/\/shop.bantam.ch\/fr\/produit\/rechaud-de-camping-barbecue-campingaz-tour-grill-s-couleur-silver-noir\/#primaryimage"},"thumbnailUrl":"https:\/\/shop.bantam.ch\/wp-content\/uploads\/2024\/09\/Movera-L-9975244100.jpg","datePublished":"2024-05-15T15:27:38+00:00","dateModified":"2026-04-21T21:17:20+00:00","breadcrumb":{"@id":"https:\/\/shop.bantam.ch\/fr\/produit\/rechaud-de-camping-barbecue-campingaz-tour-grill-s-couleur-silver-noir\/#breadcrumb"},"inLanguage":"fr-FR","potentialAction":[{"@type":"ReadAction","target":["https:\/\/shop.bantam.ch\/fr\/produit\/rechaud-de-camping-barbecue-campingaz-tour-grill-s-couleur-silver-noir\/"]}]},{"@type":"ImageObject","inLanguage":"fr-FR","@id":"https:\/\/shop.bantam.ch\/fr\/produit\/rechaud-de-camping-barbecue-campingaz-tour-grill-s-couleur-silver-noir\/#primaryimage","url":"https:\/\/shop.bantam.ch\/wp-content\/uploads\/2024\/09\/Movera-L-9975244100.jpg","contentUrl":"https:\/\/shop.bantam.ch\/wp-content\/uploads\/2024\/09\/Movera-L-9975244100.jpg","width":640,"height":640},{"@type":"BreadcrumbList","@id":"https:\/\/shop.bantam.ch\/fr\/produit\/rechaud-de-camping-barbecue-campingaz-tour-grill-s-couleur-silver-noir\/#breadcrumb","itemListElement":[{"@type":"ListItem","position":1,"name":"Accueil","item":"https:\/\/shop.bantam.ch\/fr\/"},{"@type":"ListItem","position":2,"name":"Boutique","item":"https:\/\/shop.bantam.ch\/fr\/boutique\/"},{"@type":"ListItem","position":3,"name":"R\u00e9chaud de camping- &amp; barbecue Campingaz Tour &amp; Grill S Couleur : silver, noir"}]},{"@type":"WebSite","@id":"https:\/\/shop.bantam.ch\/fr\/#website","url":"https:\/\/shop.bantam.ch\/fr\/","name":"Bantam Wankm\u00fcller SA","description":"","publisher":{"@id":"https:\/\/shop.bantam.ch\/fr\/#organization"},"inLanguage":"fr-FR"},{"@type":"Organization","@id":"https:\/\/shop.bantam.ch\/fr\/#organization","name":"Bantam Wankm\u00fcller SA","url":"https:\/\/shop.bantam.ch\/fr\/","logo":{"@type":"ImageObject","inLanguage":"fr-FR","@id":"https:\/\/shop.bantam.ch\/fr\/#\/schema\/logo\/image\/","url":"https:\/\/shop.bantam.ch\/wp-content\/uploads\/2022\/12\/bantam-logo.png","contentUrl":"https:\/\/shop.bantam.ch\/wp-content\/uploads\/2022\/12\/bantam-logo.png","width":320,"height":71,"caption":"Bantam Wankm\u00fcller SA"},"image":{"@id":"https:\/\/shop.bantam.ch\/fr\/#\/schema\/logo\/image\/"}}]}},"_links":{"self":[{"href":"https:\/\/shop.bantam.ch\/fr\/wp-json\/wp\/v2\/product\/200128","targetHints":{"allow":["GET"]}}],"collection":[{"href":"https:\/\/shop.bantam.ch\/fr\/wp-json\/wp\/v2\/product"}],"about":[{"href":"https:\/\/shop.bantam.ch\/fr\/wp-json\/wp\/v2\/types\/product"}],"wp:featuredmedia":[{"embeddable":true,"href":"https:\/\/shop.bantam.ch\/fr\/wp-json\/wp\/v2\/media\/207542"}],"wp:attachment":[{"href":"https:\/\/shop.bantam.ch\/fr\/wp-json\/wp\/v2\/media?parent=200128"}],"wp:term":[{"taxonomy":"product_featured_cat","embeddable":true,"href":"https:\/\/shop.bantam.ch\/fr\/wp-json\/wp\/v2\/product_featured_cat?post=200128"},{"taxonomy":"product_brand","embeddable":true,"href":"https:\/\/shop.bantam.ch\/fr\/wp-json\/wp\/v2\/product_brand?post=200128"},{"taxonomy":"product_cat","embeddable":true,"href":"https:\/\/shop.bantam.ch\/fr\/wp-json\/wp\/v2\/product_cat?post=200128"},{"taxonomy":"product_tag","embeddable":true,"href":"https:\/\/shop.bantam.ch\/fr\/wp-json\/wp\/v2\/product_tag?post=200128"}],"curies":[{"name":"wp","href":"https:\/\/api.w.org\/{rel}","templated":true}]}}