{"id":200094,"date":"2024-05-15T17:27:06","date_gmt":"2024-05-15T15:27:06","guid":{"rendered":"https:\/\/shop.bantam.ch\/produit\/barbecue-de-table-campingaz-attitude-2go-electric\/"},"modified":"2026-04-19T23:18:44","modified_gmt":"2026-04-19T21:18:44","slug":"barbecue-de-table-campingaz-attitude-2go-electric","status":"publish","type":"product","link":"https:\/\/shop.bantam.ch\/fr\/produit\/barbecue-de-table-campingaz-attitude-2go-electric\/","title":{"rendered":"Barbecue de table Campingaz Attitude 2go Electric"},"content":{"rendered":"<p>D\u00e9couvre le barbecue de table \u00e9lectronique Attitude 2go Electric &#8211; un compagnon parfait qui promet de d\u00e9licieuses grillades aussi bien \u00e0 l&rsquo;int\u00e9rieur qu&rsquo;\u00e0 l&rsquo;ext\u00e9rieur. Fabriqu\u00e9 \u00e0 partir de mat\u00e9riaux durables et solides, il est dot\u00e9 de poign\u00e9es arrondies qui permettent de le soulever sans effort. Le gril de table pr\u00e9mont\u00e9 peut \u00eatre rapidement d\u00e9ball\u00e9 et branch\u00e9, tu peux donc imm\u00e9diatement tester et profiter de la polyvalence de ce gril, que ce soit dans la cuisine \u00e0 la maison, \u00e0 l&rsquo;ext\u00e9rieur sur le balcon ou dans le jardin.&nbsp;<\/p>\n","protected":false},"excerpt":{"rendered":"<p>D\u00e9couvre le barbecue de table \u00e9lectronique Attitude 2go Electric &#8211; un compagnon parfait qui promet de d\u00e9licieuses grillades aussi bien \u00e0 l&rsquo;int\u00e9rieur qu&rsquo;\u00e0 l&rsquo;ext\u00e9rieur. Fabriqu\u00e9 \u00e0 partir de mat\u00e9riaux durables et solides, il est dot\u00e9 de poign\u00e9es arrondies qui permettent de le soulever sans effort. Le gril de table pr\u00e9mont\u00e9 peut \u00eatre rapidement d\u00e9ball\u00e9 et [&hellip;]<\/p>\n","protected":false},"featured_media":207534,"template":"","meta":{"_acf_changed":false},"product_featured_cat":[],"product_brand":[],"product_cat":[4277],"product_tag":[],"class_list":{"0":"post-200094","1":"product","2":"type-product","3":"status-publish","4":"has-post-thumbnail","6":"product_cat-barbecues-electriques","8":"first","9":"instock","10":"taxable","11":"shipping-taxable","12":"purchasable","13":"product-type-simple"},"acf":[],"yoast_head":"<!-- This site is optimized with the Yoast SEO plugin v27.4 - https:\/\/yoast.com\/product\/yoast-seo-wordpress\/ -->\n<title>Barbecue de table Campingaz Attitude 2go Electric - Bantam Wankm\u00fcller SA<\/title>\n<meta name=\"robots\" content=\"index, follow, max-snippet:-1, max-image-preview:large, max-video-preview:-1\" \/>\n<link rel=\"canonical\" href=\"https:\/\/shop.bantam.ch\/fr\/produit\/barbecue-de-table-campingaz-attitude-2go-electric\/\" \/>\n<meta property=\"og:locale\" content=\"fr_FR\" \/>\n<meta property=\"og:type\" content=\"article\" \/>\n<meta property=\"og:title\" content=\"Barbecue de table Campingaz Attitude 2go Electric - Bantam Wankm\u00fcller SA\" \/>\n<meta property=\"og:description\" content=\"D\u00e9couvre le barbecue de table \u00e9lectronique Attitude 2go Electric &#8211; un compagnon parfait qui promet de d\u00e9licieuses grillades aussi bien \u00e0 l&rsquo;int\u00e9rieur qu&rsquo;\u00e0 l&rsquo;ext\u00e9rieur. Fabriqu\u00e9 \u00e0 partir de mat\u00e9riaux durables et solides, il est dot\u00e9 de poign\u00e9es arrondies qui permettent de le soulever sans effort. Le gril de table pr\u00e9mont\u00e9 peut \u00eatre rapidement d\u00e9ball\u00e9 et [&hellip;]\" \/>\n<meta property=\"og:url\" content=\"https:\/\/shop.bantam.ch\/fr\/produit\/barbecue-de-table-campingaz-attitude-2go-electric\/\" \/>\n<meta property=\"og:site_name\" content=\"Bantam Wankm\u00fcller SA\" \/>\n<meta property=\"article:modified_time\" content=\"2026-04-19T21:18:44+00:00\" \/>\n<meta name=\"twitter:card\" content=\"summary_large_image\" \/>\n<script type=\"application\/ld+json\" class=\"yoast-schema-graph\">{\"@context\":\"https:\\\/\\\/schema.org\",\"@graph\":[{\"@type\":\"WebPage\",\"@id\":\"https:\\\/\\\/shop.bantam.ch\\\/fr\\\/produit\\\/barbecue-de-table-campingaz-attitude-2go-electric\\\/\",\"url\":\"https:\\\/\\\/shop.bantam.ch\\\/fr\\\/produit\\\/barbecue-de-table-campingaz-attitude-2go-electric\\\/\",\"name\":\"Barbecue de table Campingaz Attitude 2go Electric - Bantam Wankm\u00fcller SA\",\"isPartOf\":{\"@id\":\"https:\\\/\\\/shop.bantam.ch\\\/fr\\\/#website\"},\"primaryImageOfPage\":{\"@id\":\"https:\\\/\\\/shop.bantam.ch\\\/fr\\\/produit\\\/barbecue-de-table-campingaz-attitude-2go-electric\\\/#primaryimage\"},\"image\":{\"@id\":\"https:\\\/\\\/shop.bantam.ch\\\/fr\\\/produit\\\/barbecue-de-table-campingaz-attitude-2go-electric\\\/#primaryimage\"},\"thumbnailUrl\":\"https:\\\/\\\/shop.bantam.ch\\\/wp-content\\\/uploads\\\/2024\\\/09\\\/Movera-L-9975239100.jpg\",\"datePublished\":\"2024-05-15T15:27:06+00:00\",\"dateModified\":\"2026-04-19T21:18:44+00:00\",\"breadcrumb\":{\"@id\":\"https:\\\/\\\/shop.bantam.ch\\\/fr\\\/produit\\\/barbecue-de-table-campingaz-attitude-2go-electric\\\/#breadcrumb\"},\"inLanguage\":\"fr-FR\",\"potentialAction\":[{\"@type\":\"ReadAction\",\"target\":[\"https:\\\/\\\/shop.bantam.ch\\\/fr\\\/produit\\\/barbecue-de-table-campingaz-attitude-2go-electric\\\/\"]}]},{\"@type\":\"ImageObject\",\"inLanguage\":\"fr-FR\",\"@id\":\"https:\\\/\\\/shop.bantam.ch\\\/fr\\\/produit\\\/barbecue-de-table-campingaz-attitude-2go-electric\\\/#primaryimage\",\"url\":\"https:\\\/\\\/shop.bantam.ch\\\/wp-content\\\/uploads\\\/2024\\\/09\\\/Movera-L-9975239100.jpg\",\"contentUrl\":\"https:\\\/\\\/shop.bantam.ch\\\/wp-content\\\/uploads\\\/2024\\\/09\\\/Movera-L-9975239100.jpg\",\"width\":640,\"height\":640},{\"@type\":\"BreadcrumbList\",\"@id\":\"https:\\\/\\\/shop.bantam.ch\\\/fr\\\/produit\\\/barbecue-de-table-campingaz-attitude-2go-electric\\\/#breadcrumb\",\"itemListElement\":[{\"@type\":\"ListItem\",\"position\":1,\"name\":\"Accueil\",\"item\":\"https:\\\/\\\/shop.bantam.ch\\\/fr\\\/\"},{\"@type\":\"ListItem\",\"position\":2,\"name\":\"Boutique\",\"item\":\"https:\\\/\\\/shop.bantam.ch\\\/fr\\\/boutique\\\/\"},{\"@type\":\"ListItem\",\"position\":3,\"name\":\"Barbecue de table Campingaz Attitude 2go Electric\"}]},{\"@type\":\"WebSite\",\"@id\":\"https:\\\/\\\/shop.bantam.ch\\\/fr\\\/#website\",\"url\":\"https:\\\/\\\/shop.bantam.ch\\\/fr\\\/\",\"name\":\"Bantam Wankm\u00fcller SA\",\"description\":\"\",\"publisher\":{\"@id\":\"https:\\\/\\\/shop.bantam.ch\\\/fr\\\/#organization\"},\"inLanguage\":\"fr-FR\"},{\"@type\":\"Organization\",\"@id\":\"https:\\\/\\\/shop.bantam.ch\\\/fr\\\/#organization\",\"name\":\"Bantam Wankm\u00fcller SA\",\"url\":\"https:\\\/\\\/shop.bantam.ch\\\/fr\\\/\",\"logo\":{\"@type\":\"ImageObject\",\"inLanguage\":\"fr-FR\",\"@id\":\"https:\\\/\\\/shop.bantam.ch\\\/fr\\\/#\\\/schema\\\/logo\\\/image\\\/\",\"url\":\"https:\\\/\\\/shop.bantam.ch\\\/wp-content\\\/uploads\\\/2022\\\/12\\\/bantam-logo.png\",\"contentUrl\":\"https:\\\/\\\/shop.bantam.ch\\\/wp-content\\\/uploads\\\/2022\\\/12\\\/bantam-logo.png\",\"width\":320,\"height\":71,\"caption\":\"Bantam Wankm\u00fcller SA\"},\"image\":{\"@id\":\"https:\\\/\\\/shop.bantam.ch\\\/fr\\\/#\\\/schema\\\/logo\\\/image\\\/\"}}]}<\/script>\n<!-- \/ Yoast SEO plugin. -->","yoast_head_json":{"title":"Barbecue de table Campingaz Attitude 2go Electric - Bantam Wankm\u00fcller SA","robots":{"index":"index","follow":"follow","max-snippet":"max-snippet:-1","max-image-preview":"max-image-preview:large","max-video-preview":"max-video-preview:-1"},"canonical":"https:\/\/shop.bantam.ch\/fr\/produit\/barbecue-de-table-campingaz-attitude-2go-electric\/","og_locale":"fr_FR","og_type":"article","og_title":"Barbecue de table Campingaz Attitude 2go Electric - Bantam Wankm\u00fcller SA","og_description":"D\u00e9couvre le barbecue de table \u00e9lectronique Attitude 2go Electric &#8211; un compagnon parfait qui promet de d\u00e9licieuses grillades aussi bien \u00e0 l&rsquo;int\u00e9rieur qu&rsquo;\u00e0 l&rsquo;ext\u00e9rieur. Fabriqu\u00e9 \u00e0 partir de mat\u00e9riaux durables et solides, il est dot\u00e9 de poign\u00e9es arrondies qui permettent de le soulever sans effort. Le gril de table pr\u00e9mont\u00e9 peut \u00eatre rapidement d\u00e9ball\u00e9 et [&hellip;]","og_url":"https:\/\/shop.bantam.ch\/fr\/produit\/barbecue-de-table-campingaz-attitude-2go-electric\/","og_site_name":"Bantam Wankm\u00fcller SA","article_modified_time":"2026-04-19T21:18:44+00:00","twitter_card":"summary_large_image","schema":{"@context":"https:\/\/schema.org","@graph":[{"@type":"WebPage","@id":"https:\/\/shop.bantam.ch\/fr\/produit\/barbecue-de-table-campingaz-attitude-2go-electric\/","url":"https:\/\/shop.bantam.ch\/fr\/produit\/barbecue-de-table-campingaz-attitude-2go-electric\/","name":"Barbecue de table Campingaz Attitude 2go Electric - Bantam Wankm\u00fcller SA","isPartOf":{"@id":"https:\/\/shop.bantam.ch\/fr\/#website"},"primaryImageOfPage":{"@id":"https:\/\/shop.bantam.ch\/fr\/produit\/barbecue-de-table-campingaz-attitude-2go-electric\/#primaryimage"},"image":{"@id":"https:\/\/shop.bantam.ch\/fr\/produit\/barbecue-de-table-campingaz-attitude-2go-electric\/#primaryimage"},"thumbnailUrl":"https:\/\/shop.bantam.ch\/wp-content\/uploads\/2024\/09\/Movera-L-9975239100.jpg","datePublished":"2024-05-15T15:27:06+00:00","dateModified":"2026-04-19T21:18:44+00:00","breadcrumb":{"@id":"https:\/\/shop.bantam.ch\/fr\/produit\/barbecue-de-table-campingaz-attitude-2go-electric\/#breadcrumb"},"inLanguage":"fr-FR","potentialAction":[{"@type":"ReadAction","target":["https:\/\/shop.bantam.ch\/fr\/produit\/barbecue-de-table-campingaz-attitude-2go-electric\/"]}]},{"@type":"ImageObject","inLanguage":"fr-FR","@id":"https:\/\/shop.bantam.ch\/fr\/produit\/barbecue-de-table-campingaz-attitude-2go-electric\/#primaryimage","url":"https:\/\/shop.bantam.ch\/wp-content\/uploads\/2024\/09\/Movera-L-9975239100.jpg","contentUrl":"https:\/\/shop.bantam.ch\/wp-content\/uploads\/2024\/09\/Movera-L-9975239100.jpg","width":640,"height":640},{"@type":"BreadcrumbList","@id":"https:\/\/shop.bantam.ch\/fr\/produit\/barbecue-de-table-campingaz-attitude-2go-electric\/#breadcrumb","itemListElement":[{"@type":"ListItem","position":1,"name":"Accueil","item":"https:\/\/shop.bantam.ch\/fr\/"},{"@type":"ListItem","position":2,"name":"Boutique","item":"https:\/\/shop.bantam.ch\/fr\/boutique\/"},{"@type":"ListItem","position":3,"name":"Barbecue de table Campingaz Attitude 2go Electric"}]},{"@type":"WebSite","@id":"https:\/\/shop.bantam.ch\/fr\/#website","url":"https:\/\/shop.bantam.ch\/fr\/","name":"Bantam Wankm\u00fcller SA","description":"","publisher":{"@id":"https:\/\/shop.bantam.ch\/fr\/#organization"},"inLanguage":"fr-FR"},{"@type":"Organization","@id":"https:\/\/shop.bantam.ch\/fr\/#organization","name":"Bantam Wankm\u00fcller SA","url":"https:\/\/shop.bantam.ch\/fr\/","logo":{"@type":"ImageObject","inLanguage":"fr-FR","@id":"https:\/\/shop.bantam.ch\/fr\/#\/schema\/logo\/image\/","url":"https:\/\/shop.bantam.ch\/wp-content\/uploads\/2022\/12\/bantam-logo.png","contentUrl":"https:\/\/shop.bantam.ch\/wp-content\/uploads\/2022\/12\/bantam-logo.png","width":320,"height":71,"caption":"Bantam Wankm\u00fcller SA"},"image":{"@id":"https:\/\/shop.bantam.ch\/fr\/#\/schema\/logo\/image\/"}}]}},"_links":{"self":[{"href":"https:\/\/shop.bantam.ch\/fr\/wp-json\/wp\/v2\/product\/200094","targetHints":{"allow":["GET"]}}],"collection":[{"href":"https:\/\/shop.bantam.ch\/fr\/wp-json\/wp\/v2\/product"}],"about":[{"href":"https:\/\/shop.bantam.ch\/fr\/wp-json\/wp\/v2\/types\/product"}],"wp:featuredmedia":[{"embeddable":true,"href":"https:\/\/shop.bantam.ch\/fr\/wp-json\/wp\/v2\/media\/207534"}],"wp:attachment":[{"href":"https:\/\/shop.bantam.ch\/fr\/wp-json\/wp\/v2\/media?parent=200094"}],"wp:term":[{"taxonomy":"product_featured_cat","embeddable":true,"href":"https:\/\/shop.bantam.ch\/fr\/wp-json\/wp\/v2\/product_featured_cat?post=200094"},{"taxonomy":"product_brand","embeddable":true,"href":"https:\/\/shop.bantam.ch\/fr\/wp-json\/wp\/v2\/product_brand?post=200094"},{"taxonomy":"product_cat","embeddable":true,"href":"https:\/\/shop.bantam.ch\/fr\/wp-json\/wp\/v2\/product_cat?post=200094"},{"taxonomy":"product_tag","embeddable":true,"href":"https:\/\/shop.bantam.ch\/fr\/wp-json\/wp\/v2\/product_tag?post=200094"}],"curies":[{"name":"wp","href":"https:\/\/api.w.org\/{rel}","templated":true}]}}