{"id":200056,"date":"2024-05-15T17:26:16","date_gmt":"2024-05-15T15:26:16","guid":{"rendered":"https:\/\/shop.bantam.ch\/produit\/moule-a-patisserie-omnia-base\/"},"modified":"2026-04-17T23:12:51","modified_gmt":"2026-04-17T21:12:51","slug":"moule-a-patisserie-omnia-base","status":"publish","type":"product","link":"https:\/\/shop.bantam.ch\/fr\/produit\/moule-a-patisserie-omnia-base\/","title":{"rendered":"Moule \u00e0 p\u00e2tisserie OMNIA Base"},"content":{"rendered":"<p>La base Omnia Base doit toujours \u00eatre utilis\u00e9e avec un moule Omnia et un couvercle. Le four ne fonctionne qu&rsquo;avec les trois pi\u00e8ces ensemble. La base convient \u00e9galement au moule Omnia Maxiform 3L et au moule Omnia avec rev\u00eatement antiadh\u00e9sif. Il ne doit pas y avoir d&rsquo;eau dans la partie inf\u00e9rieure. La partie inf\u00e9rieure du moule Omnia est chauff\u00e9e par de l&rsquo;air chaud.<\/p>\n<p>La partie inf\u00e9rieure inoxydable devient tr\u00e8s chaude (jusqu&rsquo;\u00e0 300 degr\u00e9s C\/527 degr\u00e9s F). Placez Omnia au milieu du four et jamais de mani\u00e8re \u00e0 ce que la partie inf\u00e9rieure touche le bord du four. En raison de la temp\u00e9rature \u00e9lev\u00e9e, la couleur de la partie inf\u00e9rieure change.<\/p>\n","protected":false},"excerpt":{"rendered":"<p>La base Omnia Base doit toujours \u00eatre utilis\u00e9e avec un moule Omnia et un couvercle. Le four ne fonctionne qu&rsquo;avec les trois pi\u00e8ces ensemble. La base convient \u00e9galement au moule Omnia Maxiform 3L et au moule Omnia avec rev\u00eatement antiadh\u00e9sif. Il ne doit pas y avoir d&rsquo;eau dans la partie inf\u00e9rieure. La partie inf\u00e9rieure du [&hellip;]<\/p>\n","protected":false},"featured_media":207532,"template":"","meta":{"_acf_changed":false},"product_featured_cat":[],"product_brand":[],"product_cat":[4339],"product_tag":[],"class_list":{"0":"post-200056","1":"product","2":"type-product","3":"status-publish","4":"has-post-thumbnail","6":"product_cat-accessoires-pour-barbecue","8":"first","9":"instock","10":"taxable","11":"shipping-taxable","12":"purchasable","13":"product-type-simple"},"acf":[],"yoast_head":"<!-- This site is optimized with the Yoast SEO plugin v27.4 - https:\/\/yoast.com\/product\/yoast-seo-wordpress\/ -->\n<title>Moule \u00e0 p\u00e2tisserie OMNIA Base - Bantam Wankm\u00fcller SA<\/title>\n<meta name=\"robots\" content=\"index, follow, max-snippet:-1, max-image-preview:large, max-video-preview:-1\" \/>\n<link rel=\"canonical\" href=\"https:\/\/shop.bantam.ch\/fr\/produit\/moule-a-patisserie-omnia-base\/\" \/>\n<meta property=\"og:locale\" content=\"fr_FR\" \/>\n<meta property=\"og:type\" content=\"article\" \/>\n<meta property=\"og:title\" content=\"Moule \u00e0 p\u00e2tisserie OMNIA Base - Bantam Wankm\u00fcller SA\" \/>\n<meta property=\"og:description\" content=\"La base Omnia Base doit toujours \u00eatre utilis\u00e9e avec un moule Omnia et un couvercle. Le four ne fonctionne qu&rsquo;avec les trois pi\u00e8ces ensemble. La base convient \u00e9galement au moule Omnia Maxiform 3L et au moule Omnia avec rev\u00eatement antiadh\u00e9sif. Il ne doit pas y avoir d&rsquo;eau dans la partie inf\u00e9rieure. La partie inf\u00e9rieure du [&hellip;]\" \/>\n<meta property=\"og:url\" content=\"https:\/\/shop.bantam.ch\/fr\/produit\/moule-a-patisserie-omnia-base\/\" \/>\n<meta property=\"og:site_name\" content=\"Bantam Wankm\u00fcller SA\" \/>\n<meta property=\"article:modified_time\" content=\"2026-04-17T21:12:51+00:00\" \/>\n<meta property=\"og:image\" content=\"https:\/\/shop.bantam.ch\/wp-content\/uploads\/2024\/05\/Movera-L-9975229100.jpg\" \/>\n\t<meta property=\"og:image:width\" content=\"640\" \/>\n\t<meta property=\"og:image:height\" content=\"512\" \/>\n\t<meta property=\"og:image:type\" content=\"image\/jpeg\" \/>\n<meta name=\"twitter:card\" content=\"summary_large_image\" \/>\n<meta name=\"twitter:label1\" content=\"Dur\u00e9e de lecture estim\u00e9e\" \/>\n\t<meta name=\"twitter:data1\" content=\"1 minute\" \/>\n<script type=\"application\/ld+json\" class=\"yoast-schema-graph\">{\"@context\":\"https:\\\/\\\/schema.org\",\"@graph\":[{\"@type\":\"WebPage\",\"@id\":\"https:\\\/\\\/shop.bantam.ch\\\/fr\\\/produit\\\/moule-a-patisserie-omnia-base\\\/\",\"url\":\"https:\\\/\\\/shop.bantam.ch\\\/fr\\\/produit\\\/moule-a-patisserie-omnia-base\\\/\",\"name\":\"Moule \u00e0 p\u00e2tisserie OMNIA Base - Bantam Wankm\u00fcller SA\",\"isPartOf\":{\"@id\":\"https:\\\/\\\/shop.bantam.ch\\\/fr\\\/#website\"},\"primaryImageOfPage\":{\"@id\":\"https:\\\/\\\/shop.bantam.ch\\\/fr\\\/produit\\\/moule-a-patisserie-omnia-base\\\/#primaryimage\"},\"image\":{\"@id\":\"https:\\\/\\\/shop.bantam.ch\\\/fr\\\/produit\\\/moule-a-patisserie-omnia-base\\\/#primaryimage\"},\"thumbnailUrl\":\"https:\\\/\\\/shop.bantam.ch\\\/wp-content\\\/uploads\\\/2024\\\/09\\\/Movera-L-9975229100.jpg\",\"datePublished\":\"2024-05-15T15:26:16+00:00\",\"dateModified\":\"2026-04-17T21:12:51+00:00\",\"breadcrumb\":{\"@id\":\"https:\\\/\\\/shop.bantam.ch\\\/fr\\\/produit\\\/moule-a-patisserie-omnia-base\\\/#breadcrumb\"},\"inLanguage\":\"fr-FR\",\"potentialAction\":[{\"@type\":\"ReadAction\",\"target\":[\"https:\\\/\\\/shop.bantam.ch\\\/fr\\\/produit\\\/moule-a-patisserie-omnia-base\\\/\"]}]},{\"@type\":\"ImageObject\",\"inLanguage\":\"fr-FR\",\"@id\":\"https:\\\/\\\/shop.bantam.ch\\\/fr\\\/produit\\\/moule-a-patisserie-omnia-base\\\/#primaryimage\",\"url\":\"https:\\\/\\\/shop.bantam.ch\\\/wp-content\\\/uploads\\\/2024\\\/09\\\/Movera-L-9975229100.jpg\",\"contentUrl\":\"https:\\\/\\\/shop.bantam.ch\\\/wp-content\\\/uploads\\\/2024\\\/09\\\/Movera-L-9975229100.jpg\",\"width\":640,\"height\":512},{\"@type\":\"BreadcrumbList\",\"@id\":\"https:\\\/\\\/shop.bantam.ch\\\/fr\\\/produit\\\/moule-a-patisserie-omnia-base\\\/#breadcrumb\",\"itemListElement\":[{\"@type\":\"ListItem\",\"position\":1,\"name\":\"Accueil\",\"item\":\"https:\\\/\\\/shop.bantam.ch\\\/fr\\\/\"},{\"@type\":\"ListItem\",\"position\":2,\"name\":\"Boutique\",\"item\":\"https:\\\/\\\/shop.bantam.ch\\\/fr\\\/boutique\\\/\"},{\"@type\":\"ListItem\",\"position\":3,\"name\":\"Moule \u00e0 p\u00e2tisserie OMNIA Base\"}]},{\"@type\":\"WebSite\",\"@id\":\"https:\\\/\\\/shop.bantam.ch\\\/fr\\\/#website\",\"url\":\"https:\\\/\\\/shop.bantam.ch\\\/fr\\\/\",\"name\":\"Bantam Wankm\u00fcller SA\",\"description\":\"\",\"publisher\":{\"@id\":\"https:\\\/\\\/shop.bantam.ch\\\/fr\\\/#organization\"},\"inLanguage\":\"fr-FR\"},{\"@type\":\"Organization\",\"@id\":\"https:\\\/\\\/shop.bantam.ch\\\/fr\\\/#organization\",\"name\":\"Bantam Wankm\u00fcller SA\",\"url\":\"https:\\\/\\\/shop.bantam.ch\\\/fr\\\/\",\"logo\":{\"@type\":\"ImageObject\",\"inLanguage\":\"fr-FR\",\"@id\":\"https:\\\/\\\/shop.bantam.ch\\\/fr\\\/#\\\/schema\\\/logo\\\/image\\\/\",\"url\":\"https:\\\/\\\/shop.bantam.ch\\\/wp-content\\\/uploads\\\/2022\\\/12\\\/bantam-logo.png\",\"contentUrl\":\"https:\\\/\\\/shop.bantam.ch\\\/wp-content\\\/uploads\\\/2022\\\/12\\\/bantam-logo.png\",\"width\":320,\"height\":71,\"caption\":\"Bantam Wankm\u00fcller SA\"},\"image\":{\"@id\":\"https:\\\/\\\/shop.bantam.ch\\\/fr\\\/#\\\/schema\\\/logo\\\/image\\\/\"}}]}<\/script>\n<!-- \/ Yoast SEO plugin. -->","yoast_head_json":{"title":"Moule \u00e0 p\u00e2tisserie OMNIA Base - Bantam Wankm\u00fcller SA","robots":{"index":"index","follow":"follow","max-snippet":"max-snippet:-1","max-image-preview":"max-image-preview:large","max-video-preview":"max-video-preview:-1"},"canonical":"https:\/\/shop.bantam.ch\/fr\/produit\/moule-a-patisserie-omnia-base\/","og_locale":"fr_FR","og_type":"article","og_title":"Moule \u00e0 p\u00e2tisserie OMNIA Base - Bantam Wankm\u00fcller SA","og_description":"La base Omnia Base doit toujours \u00eatre utilis\u00e9e avec un moule Omnia et un couvercle. Le four ne fonctionne qu&rsquo;avec les trois pi\u00e8ces ensemble. La base convient \u00e9galement au moule Omnia Maxiform 3L et au moule Omnia avec rev\u00eatement antiadh\u00e9sif. Il ne doit pas y avoir d&rsquo;eau dans la partie inf\u00e9rieure. La partie inf\u00e9rieure du [&hellip;]","og_url":"https:\/\/shop.bantam.ch\/fr\/produit\/moule-a-patisserie-omnia-base\/","og_site_name":"Bantam Wankm\u00fcller SA","article_modified_time":"2026-04-17T21:12:51+00:00","og_image":[{"width":640,"height":512,"url":"https:\/\/shop.bantam.ch\/wp-content\/uploads\/2024\/05\/Movera-L-9975229100.jpg","type":"image\/jpeg"}],"twitter_card":"summary_large_image","twitter_misc":{"Dur\u00e9e de lecture estim\u00e9e":"1 minute"},"schema":{"@context":"https:\/\/schema.org","@graph":[{"@type":"WebPage","@id":"https:\/\/shop.bantam.ch\/fr\/produit\/moule-a-patisserie-omnia-base\/","url":"https:\/\/shop.bantam.ch\/fr\/produit\/moule-a-patisserie-omnia-base\/","name":"Moule \u00e0 p\u00e2tisserie OMNIA Base - Bantam Wankm\u00fcller SA","isPartOf":{"@id":"https:\/\/shop.bantam.ch\/fr\/#website"},"primaryImageOfPage":{"@id":"https:\/\/shop.bantam.ch\/fr\/produit\/moule-a-patisserie-omnia-base\/#primaryimage"},"image":{"@id":"https:\/\/shop.bantam.ch\/fr\/produit\/moule-a-patisserie-omnia-base\/#primaryimage"},"thumbnailUrl":"https:\/\/shop.bantam.ch\/wp-content\/uploads\/2024\/09\/Movera-L-9975229100.jpg","datePublished":"2024-05-15T15:26:16+00:00","dateModified":"2026-04-17T21:12:51+00:00","breadcrumb":{"@id":"https:\/\/shop.bantam.ch\/fr\/produit\/moule-a-patisserie-omnia-base\/#breadcrumb"},"inLanguage":"fr-FR","potentialAction":[{"@type":"ReadAction","target":["https:\/\/shop.bantam.ch\/fr\/produit\/moule-a-patisserie-omnia-base\/"]}]},{"@type":"ImageObject","inLanguage":"fr-FR","@id":"https:\/\/shop.bantam.ch\/fr\/produit\/moule-a-patisserie-omnia-base\/#primaryimage","url":"https:\/\/shop.bantam.ch\/wp-content\/uploads\/2024\/09\/Movera-L-9975229100.jpg","contentUrl":"https:\/\/shop.bantam.ch\/wp-content\/uploads\/2024\/09\/Movera-L-9975229100.jpg","width":640,"height":512},{"@type":"BreadcrumbList","@id":"https:\/\/shop.bantam.ch\/fr\/produit\/moule-a-patisserie-omnia-base\/#breadcrumb","itemListElement":[{"@type":"ListItem","position":1,"name":"Accueil","item":"https:\/\/shop.bantam.ch\/fr\/"},{"@type":"ListItem","position":2,"name":"Boutique","item":"https:\/\/shop.bantam.ch\/fr\/boutique\/"},{"@type":"ListItem","position":3,"name":"Moule \u00e0 p\u00e2tisserie OMNIA Base"}]},{"@type":"WebSite","@id":"https:\/\/shop.bantam.ch\/fr\/#website","url":"https:\/\/shop.bantam.ch\/fr\/","name":"Bantam Wankm\u00fcller SA","description":"","publisher":{"@id":"https:\/\/shop.bantam.ch\/fr\/#organization"},"inLanguage":"fr-FR"},{"@type":"Organization","@id":"https:\/\/shop.bantam.ch\/fr\/#organization","name":"Bantam Wankm\u00fcller SA","url":"https:\/\/shop.bantam.ch\/fr\/","logo":{"@type":"ImageObject","inLanguage":"fr-FR","@id":"https:\/\/shop.bantam.ch\/fr\/#\/schema\/logo\/image\/","url":"https:\/\/shop.bantam.ch\/wp-content\/uploads\/2022\/12\/bantam-logo.png","contentUrl":"https:\/\/shop.bantam.ch\/wp-content\/uploads\/2022\/12\/bantam-logo.png","width":320,"height":71,"caption":"Bantam Wankm\u00fcller SA"},"image":{"@id":"https:\/\/shop.bantam.ch\/fr\/#\/schema\/logo\/image\/"}}]}},"_links":{"self":[{"href":"https:\/\/shop.bantam.ch\/fr\/wp-json\/wp\/v2\/product\/200056","targetHints":{"allow":["GET"]}}],"collection":[{"href":"https:\/\/shop.bantam.ch\/fr\/wp-json\/wp\/v2\/product"}],"about":[{"href":"https:\/\/shop.bantam.ch\/fr\/wp-json\/wp\/v2\/types\/product"}],"wp:featuredmedia":[{"embeddable":true,"href":"https:\/\/shop.bantam.ch\/fr\/wp-json\/wp\/v2\/media\/207532"}],"wp:attachment":[{"href":"https:\/\/shop.bantam.ch\/fr\/wp-json\/wp\/v2\/media?parent=200056"}],"wp:term":[{"taxonomy":"product_featured_cat","embeddable":true,"href":"https:\/\/shop.bantam.ch\/fr\/wp-json\/wp\/v2\/product_featured_cat?post=200056"},{"taxonomy":"product_brand","embeddable":true,"href":"https:\/\/shop.bantam.ch\/fr\/wp-json\/wp\/v2\/product_brand?post=200056"},{"taxonomy":"product_cat","embeddable":true,"href":"https:\/\/shop.bantam.ch\/fr\/wp-json\/wp\/v2\/product_cat?post=200056"},{"taxonomy":"product_tag","embeddable":true,"href":"https:\/\/shop.bantam.ch\/fr\/wp-json\/wp\/v2\/product_tag?post=200056"}],"curies":[{"name":"wp","href":"https:\/\/api.w.org\/{rel}","templated":true}]}}