{"id":199952,"date":"2024-05-15T17:23:13","date_gmt":"2024-05-15T15:23:13","guid":{"rendered":"https:\/\/shop.bantam.ch\/produit\/systeme-satellite-automatique-alden-as4-60-skew-gps-incl-a-i-o-smart\/"},"modified":"2026-04-18T01:25:09","modified_gmt":"2026-04-17T23:25:09","slug":"systeme-satellite-automatique-alden-as4-60-skew-gps-incl-a-i-o-smart","status":"publish","type":"product","link":"https:\/\/shop.bantam.ch\/fr\/produit\/systeme-satellite-automatique-alden-as4-60-skew-gps-incl-a-i-o-smart\/","title":{"rendered":"Syst\u00e8me satellite automatique Alden AS4 60 SKEW \/ GPS incl. A.I.O. SMART"},"content":{"rendered":"<p>L&rsquo;AS4 est probablement l&rsquo;antenne la plus rapide, la plus silencieuse et la moins gourmande en \u00e9nergie du march\u00e9. La principale diff\u00e9rence entre les deux types d&rsquo;AS (AS2 et AS4) r\u00e9side uniquement dans leur vitesse de rotation. L&rsquo;AS4 HD est \u00e9quip\u00e9e de s\u00e9rie du syst\u00e8me ALDEN SKEWmatic, qui optimise la r\u00e9ception sur les bords des zones de couverture au moyen de l&rsquo;AutoSKEW et du GPS.<\/p>\n<ul>\n<li>Garantie \u00e0 vie<\/li>\n<li>Qualit\u00e9 haut de gamme<\/li>\n<li>Alignement remarquablement rapide<\/li>\n<\/ul>\n<p>A.I.O.\u00ae HD EVO Smart Tout-en-un<br \/>\nL&rsquo;appareil combine un t\u00e9l\u00e9viseur intelligent avec un r\u00e9cepteur et un module de commande (interchangeable) dans un seul bo\u00eetier. Seule une t\u00e9l\u00e9commande pour un menu de commande est n\u00e9cessaire. Appareil peu encombrant avec triple tuner int\u00e9gr\u00e9, ainsi que fonction Android Smart, Bluetooth et lecteur USB. Angle de vision \u00e9norme 178 \/ 178 (V \/ H).<\/p>\n","protected":false},"excerpt":{"rendered":"<p>L&rsquo;AS4 est probablement l&rsquo;antenne la plus rapide, la plus silencieuse et la moins gourmande en \u00e9nergie du march\u00e9. La principale diff\u00e9rence entre les deux types d&rsquo;AS (AS2 et AS4) r\u00e9side uniquement dans leur vitesse de rotation. L&rsquo;AS4 HD est \u00e9quip\u00e9e de s\u00e9rie du syst\u00e8me ALDEN SKEWmatic, qui optimise la r\u00e9ception sur les bords des zones [&hellip;]<\/p>\n","protected":false},"featured_media":199948,"template":"","meta":{"_acf_changed":false},"product_featured_cat":[],"product_brand":[],"product_cat":[4529],"product_tag":[],"class_list":{"0":"post-199952","1":"product","2":"type-product","3":"status-publish","4":"has-post-thumbnail","6":"product_cat-systemes-complets-de-satellites-et-televiseurs","8":"first","9":"instock","10":"taxable","11":"shipping-taxable","12":"purchasable","13":"product-type-variable"},"acf":[],"yoast_head":"<!-- This site is optimized with the Yoast SEO plugin v27.4 - https:\/\/yoast.com\/product\/yoast-seo-wordpress\/ -->\n<title>Syst\u00e8me satellite automatique Alden AS4 60 SKEW \/ GPS incl. A.I.O. SMART - Bantam Wankm\u00fcller SA<\/title>\n<meta name=\"robots\" content=\"index, follow, max-snippet:-1, max-image-preview:large, max-video-preview:-1\" \/>\n<link rel=\"canonical\" href=\"https:\/\/shop.bantam.ch\/fr\/produit\/systeme-satellite-automatique-alden-as4-60-skew-gps-incl-a-i-o-smart\/\" \/>\n<meta property=\"og:locale\" content=\"fr_FR\" \/>\n<meta property=\"og:type\" content=\"article\" \/>\n<meta property=\"og:title\" content=\"Syst\u00e8me satellite automatique Alden AS4 60 SKEW \/ GPS incl. A.I.O. SMART - Bantam Wankm\u00fcller SA\" \/>\n<meta property=\"og:description\" content=\"L&rsquo;AS4 est probablement l&rsquo;antenne la plus rapide, la plus silencieuse et la moins gourmande en \u00e9nergie du march\u00e9. La principale diff\u00e9rence entre les deux types d&rsquo;AS (AS2 et AS4) r\u00e9side uniquement dans leur vitesse de rotation. L&rsquo;AS4 HD est \u00e9quip\u00e9e de s\u00e9rie du syst\u00e8me ALDEN SKEWmatic, qui optimise la r\u00e9ception sur les bords des zones [&hellip;]\" \/>\n<meta property=\"og:url\" content=\"https:\/\/shop.bantam.ch\/fr\/produit\/systeme-satellite-automatique-alden-as4-60-skew-gps-incl-a-i-o-smart\/\" \/>\n<meta property=\"og:site_name\" content=\"Bantam Wankm\u00fcller SA\" \/>\n<meta property=\"article:modified_time\" content=\"2026-04-17T23:25:09+00:00\" \/>\n<meta name=\"twitter:card\" content=\"summary_large_image\" \/>\n<meta name=\"twitter:label1\" content=\"Dur\u00e9e de lecture estim\u00e9e\" \/>\n\t<meta name=\"twitter:data1\" content=\"1 minute\" \/>\n<script type=\"application\/ld+json\" class=\"yoast-schema-graph\">{\"@context\":\"https:\\\/\\\/schema.org\",\"@graph\":[{\"@type\":\"WebPage\",\"@id\":\"https:\\\/\\\/shop.bantam.ch\\\/fr\\\/produit\\\/systeme-satellite-automatique-alden-as4-60-skew-gps-incl-a-i-o-smart\\\/\",\"url\":\"https:\\\/\\\/shop.bantam.ch\\\/fr\\\/produit\\\/systeme-satellite-automatique-alden-as4-60-skew-gps-incl-a-i-o-smart\\\/\",\"name\":\"Syst\u00e8me satellite automatique Alden AS4 60 SKEW \\\/ GPS incl. A.I.O. SMART - Bantam Wankm\u00fcller SA\",\"isPartOf\":{\"@id\":\"https:\\\/\\\/shop.bantam.ch\\\/fr\\\/#website\"},\"primaryImageOfPage\":{\"@id\":\"https:\\\/\\\/shop.bantam.ch\\\/fr\\\/produit\\\/systeme-satellite-automatique-alden-as4-60-skew-gps-incl-a-i-o-smart\\\/#primaryimage\"},\"image\":{\"@id\":\"https:\\\/\\\/shop.bantam.ch\\\/fr\\\/produit\\\/systeme-satellite-automatique-alden-as4-60-skew-gps-incl-a-i-o-smart\\\/#primaryimage\"},\"thumbnailUrl\":\"https:\\\/\\\/shop.bantam.ch\\\/wp-content\\\/uploads\\\/2024\\\/05\\\/Movera-L-0106862100.jpg\",\"datePublished\":\"2024-05-15T15:23:13+00:00\",\"dateModified\":\"2026-04-17T23:25:09+00:00\",\"breadcrumb\":{\"@id\":\"https:\\\/\\\/shop.bantam.ch\\\/fr\\\/produit\\\/systeme-satellite-automatique-alden-as4-60-skew-gps-incl-a-i-o-smart\\\/#breadcrumb\"},\"inLanguage\":\"fr-FR\",\"potentialAction\":[{\"@type\":\"ReadAction\",\"target\":[\"https:\\\/\\\/shop.bantam.ch\\\/fr\\\/produit\\\/systeme-satellite-automatique-alden-as4-60-skew-gps-incl-a-i-o-smart\\\/\"]}]},{\"@type\":\"ImageObject\",\"inLanguage\":\"fr-FR\",\"@id\":\"https:\\\/\\\/shop.bantam.ch\\\/fr\\\/produit\\\/systeme-satellite-automatique-alden-as4-60-skew-gps-incl-a-i-o-smart\\\/#primaryimage\",\"url\":\"https:\\\/\\\/shop.bantam.ch\\\/wp-content\\\/uploads\\\/2024\\\/05\\\/Movera-L-0106862100.jpg\",\"contentUrl\":\"https:\\\/\\\/shop.bantam.ch\\\/wp-content\\\/uploads\\\/2024\\\/05\\\/Movera-L-0106862100.jpg\",\"width\":640,\"height\":755},{\"@type\":\"BreadcrumbList\",\"@id\":\"https:\\\/\\\/shop.bantam.ch\\\/fr\\\/produit\\\/systeme-satellite-automatique-alden-as4-60-skew-gps-incl-a-i-o-smart\\\/#breadcrumb\",\"itemListElement\":[{\"@type\":\"ListItem\",\"position\":1,\"name\":\"Accueil\",\"item\":\"https:\\\/\\\/shop.bantam.ch\\\/fr\\\/\"},{\"@type\":\"ListItem\",\"position\":2,\"name\":\"Boutique\",\"item\":\"https:\\\/\\\/shop.bantam.ch\\\/fr\\\/boutique\\\/\"},{\"@type\":\"ListItem\",\"position\":3,\"name\":\"Syst\u00e8me satellite automatique Alden AS4 60 SKEW \\\/ GPS incl. A.I.O. SMART\"}]},{\"@type\":\"WebSite\",\"@id\":\"https:\\\/\\\/shop.bantam.ch\\\/fr\\\/#website\",\"url\":\"https:\\\/\\\/shop.bantam.ch\\\/fr\\\/\",\"name\":\"Bantam Wankm\u00fcller SA\",\"description\":\"\",\"publisher\":{\"@id\":\"https:\\\/\\\/shop.bantam.ch\\\/fr\\\/#organization\"},\"inLanguage\":\"fr-FR\"},{\"@type\":\"Organization\",\"@id\":\"https:\\\/\\\/shop.bantam.ch\\\/fr\\\/#organization\",\"name\":\"Bantam Wankm\u00fcller SA\",\"url\":\"https:\\\/\\\/shop.bantam.ch\\\/fr\\\/\",\"logo\":{\"@type\":\"ImageObject\",\"inLanguage\":\"fr-FR\",\"@id\":\"https:\\\/\\\/shop.bantam.ch\\\/fr\\\/#\\\/schema\\\/logo\\\/image\\\/\",\"url\":\"https:\\\/\\\/shop.bantam.ch\\\/wp-content\\\/uploads\\\/2022\\\/12\\\/bantam-logo.png\",\"contentUrl\":\"https:\\\/\\\/shop.bantam.ch\\\/wp-content\\\/uploads\\\/2022\\\/12\\\/bantam-logo.png\",\"width\":320,\"height\":71,\"caption\":\"Bantam Wankm\u00fcller SA\"},\"image\":{\"@id\":\"https:\\\/\\\/shop.bantam.ch\\\/fr\\\/#\\\/schema\\\/logo\\\/image\\\/\"}}]}<\/script>\n<!-- \/ Yoast SEO plugin. -->","yoast_head_json":{"title":"Syst\u00e8me satellite automatique Alden AS4 60 SKEW \/ GPS incl. A.I.O. SMART - Bantam Wankm\u00fcller SA","robots":{"index":"index","follow":"follow","max-snippet":"max-snippet:-1","max-image-preview":"max-image-preview:large","max-video-preview":"max-video-preview:-1"},"canonical":"https:\/\/shop.bantam.ch\/fr\/produit\/systeme-satellite-automatique-alden-as4-60-skew-gps-incl-a-i-o-smart\/","og_locale":"fr_FR","og_type":"article","og_title":"Syst\u00e8me satellite automatique Alden AS4 60 SKEW \/ GPS incl. A.I.O. SMART - Bantam Wankm\u00fcller SA","og_description":"L&rsquo;AS4 est probablement l&rsquo;antenne la plus rapide, la plus silencieuse et la moins gourmande en \u00e9nergie du march\u00e9. La principale diff\u00e9rence entre les deux types d&rsquo;AS (AS2 et AS4) r\u00e9side uniquement dans leur vitesse de rotation. L&rsquo;AS4 HD est \u00e9quip\u00e9e de s\u00e9rie du syst\u00e8me ALDEN SKEWmatic, qui optimise la r\u00e9ception sur les bords des zones [&hellip;]","og_url":"https:\/\/shop.bantam.ch\/fr\/produit\/systeme-satellite-automatique-alden-as4-60-skew-gps-incl-a-i-o-smart\/","og_site_name":"Bantam Wankm\u00fcller SA","article_modified_time":"2026-04-17T23:25:09+00:00","twitter_card":"summary_large_image","twitter_misc":{"Dur\u00e9e de lecture estim\u00e9e":"1 minute"},"schema":{"@context":"https:\/\/schema.org","@graph":[{"@type":"WebPage","@id":"https:\/\/shop.bantam.ch\/fr\/produit\/systeme-satellite-automatique-alden-as4-60-skew-gps-incl-a-i-o-smart\/","url":"https:\/\/shop.bantam.ch\/fr\/produit\/systeme-satellite-automatique-alden-as4-60-skew-gps-incl-a-i-o-smart\/","name":"Syst\u00e8me satellite automatique Alden AS4 60 SKEW \/ GPS incl. A.I.O. SMART - Bantam Wankm\u00fcller SA","isPartOf":{"@id":"https:\/\/shop.bantam.ch\/fr\/#website"},"primaryImageOfPage":{"@id":"https:\/\/shop.bantam.ch\/fr\/produit\/systeme-satellite-automatique-alden-as4-60-skew-gps-incl-a-i-o-smart\/#primaryimage"},"image":{"@id":"https:\/\/shop.bantam.ch\/fr\/produit\/systeme-satellite-automatique-alden-as4-60-skew-gps-incl-a-i-o-smart\/#primaryimage"},"thumbnailUrl":"https:\/\/shop.bantam.ch\/wp-content\/uploads\/2024\/05\/Movera-L-0106862100.jpg","datePublished":"2024-05-15T15:23:13+00:00","dateModified":"2026-04-17T23:25:09+00:00","breadcrumb":{"@id":"https:\/\/shop.bantam.ch\/fr\/produit\/systeme-satellite-automatique-alden-as4-60-skew-gps-incl-a-i-o-smart\/#breadcrumb"},"inLanguage":"fr-FR","potentialAction":[{"@type":"ReadAction","target":["https:\/\/shop.bantam.ch\/fr\/produit\/systeme-satellite-automatique-alden-as4-60-skew-gps-incl-a-i-o-smart\/"]}]},{"@type":"ImageObject","inLanguage":"fr-FR","@id":"https:\/\/shop.bantam.ch\/fr\/produit\/systeme-satellite-automatique-alden-as4-60-skew-gps-incl-a-i-o-smart\/#primaryimage","url":"https:\/\/shop.bantam.ch\/wp-content\/uploads\/2024\/05\/Movera-L-0106862100.jpg","contentUrl":"https:\/\/shop.bantam.ch\/wp-content\/uploads\/2024\/05\/Movera-L-0106862100.jpg","width":640,"height":755},{"@type":"BreadcrumbList","@id":"https:\/\/shop.bantam.ch\/fr\/produit\/systeme-satellite-automatique-alden-as4-60-skew-gps-incl-a-i-o-smart\/#breadcrumb","itemListElement":[{"@type":"ListItem","position":1,"name":"Accueil","item":"https:\/\/shop.bantam.ch\/fr\/"},{"@type":"ListItem","position":2,"name":"Boutique","item":"https:\/\/shop.bantam.ch\/fr\/boutique\/"},{"@type":"ListItem","position":3,"name":"Syst\u00e8me satellite automatique Alden AS4 60 SKEW \/ GPS incl. A.I.O. SMART"}]},{"@type":"WebSite","@id":"https:\/\/shop.bantam.ch\/fr\/#website","url":"https:\/\/shop.bantam.ch\/fr\/","name":"Bantam Wankm\u00fcller SA","description":"","publisher":{"@id":"https:\/\/shop.bantam.ch\/fr\/#organization"},"inLanguage":"fr-FR"},{"@type":"Organization","@id":"https:\/\/shop.bantam.ch\/fr\/#organization","name":"Bantam Wankm\u00fcller SA","url":"https:\/\/shop.bantam.ch\/fr\/","logo":{"@type":"ImageObject","inLanguage":"fr-FR","@id":"https:\/\/shop.bantam.ch\/fr\/#\/schema\/logo\/image\/","url":"https:\/\/shop.bantam.ch\/wp-content\/uploads\/2022\/12\/bantam-logo.png","contentUrl":"https:\/\/shop.bantam.ch\/wp-content\/uploads\/2022\/12\/bantam-logo.png","width":320,"height":71,"caption":"Bantam Wankm\u00fcller SA"},"image":{"@id":"https:\/\/shop.bantam.ch\/fr\/#\/schema\/logo\/image\/"}}]}},"_links":{"self":[{"href":"https:\/\/shop.bantam.ch\/fr\/wp-json\/wp\/v2\/product\/199952","targetHints":{"allow":["GET"]}}],"collection":[{"href":"https:\/\/shop.bantam.ch\/fr\/wp-json\/wp\/v2\/product"}],"about":[{"href":"https:\/\/shop.bantam.ch\/fr\/wp-json\/wp\/v2\/types\/product"}],"wp:featuredmedia":[{"embeddable":true,"href":"https:\/\/shop.bantam.ch\/fr\/wp-json\/wp\/v2\/media\/199948"}],"wp:attachment":[{"href":"https:\/\/shop.bantam.ch\/fr\/wp-json\/wp\/v2\/media?parent=199952"}],"wp:term":[{"taxonomy":"product_featured_cat","embeddable":true,"href":"https:\/\/shop.bantam.ch\/fr\/wp-json\/wp\/v2\/product_featured_cat?post=199952"},{"taxonomy":"product_brand","embeddable":true,"href":"https:\/\/shop.bantam.ch\/fr\/wp-json\/wp\/v2\/product_brand?post=199952"},{"taxonomy":"product_cat","embeddable":true,"href":"https:\/\/shop.bantam.ch\/fr\/wp-json\/wp\/v2\/product_cat?post=199952"},{"taxonomy":"product_tag","embeddable":true,"href":"https:\/\/shop.bantam.ch\/fr\/wp-json\/wp\/v2\/product_tag?post=199952"}],"curies":[{"name":"wp","href":"https:\/\/api.w.org\/{rel}","templated":true}]}}