{"id":199776,"date":"2024-05-15T17:19:06","date_gmt":"2024-05-15T15:19:06","guid":{"rendered":"https:\/\/shop.bantam.ch\/produit\/auvent-outwell-forecast-canopy-couleur-green\/"},"modified":"2026-04-19T23:18:30","modified_gmt":"2026-04-19T21:18:30","slug":"auvent-outwell-forecast-canopy-couleur-green","status":"publish","type":"product","link":"https:\/\/shop.bantam.ch\/fr\/produit\/auvent-outwell-forecast-canopy-couleur-green\/","title":{"rendered":"Auvent Outwell Forecast Canopy couleur green"},"content":{"rendered":"<p>Le Forecrest Canopy vous permet de vous abriter partout. Id\u00e9al pour les excursions d&rsquo;une journ\u00e9e, cet abri se fixe rapidement et facilement gr\u00e2ce \u00e0 ses ventouses s\u00fbres. Vous disposez ainsi d&rsquo;un excellent endroit pour manger, vous d\u00e9tendre et ranger vos v\u00e9los ou vos planches de surf. Les tiges en aluminium assurent la stabilit\u00e9 par temps venteux tout en r\u00e9duisant le poids et l&rsquo;encombrement. Convient aux SUV, MPV et breaks.<\/p>\n<ul>\n<li>Produit Caring Choice. R\u00e9duire l&rsquo;impact environnemental pas \u00e0 pas<\/li>\n<li>Convient aux v\u00e9hicules tels que SUV, MPV et breaks<\/li>\n<li>Les ventouses permettent une fixation rapide et facile<\/li>\n<li>L\u00e9g\u00e8ret\u00e9 et petite taille de rangement<\/li>\n<li>Offre ombre, protection et intimit\u00e9<\/li>\n<li>Peut \u00e9galement \u00eatre fix\u00e9 au-dessus du toit \u00e0 l&rsquo;aide de cordes de haubanage<\/li>\n<\/ul>\n<p>Mat\u00e9riaux:<br \/>\nTente: 100 % polyester<br \/>\nArmature: aluminium<\/p>\n<p>\nContenu de la livraison:<br \/>\nInclus 2 ventouses<br \/>\nPiquets<br \/>\nCordes d&rsquo;ancrage<\/p>\n","protected":false},"excerpt":{"rendered":"<p>Le Forecrest Canopy vous permet de vous abriter partout. Id\u00e9al pour les excursions d&rsquo;une journ\u00e9e, cet abri se fixe rapidement et facilement gr\u00e2ce \u00e0 ses ventouses s\u00fbres. Vous disposez ainsi d&rsquo;un excellent endroit pour manger, vous d\u00e9tendre et ranger vos v\u00e9los ou vos planches de surf. Les tiges en aluminium assurent la stabilit\u00e9 par temps [&hellip;]<\/p>\n","protected":false},"featured_media":207482,"template":"","meta":{"_acf_changed":false},"product_featured_cat":[],"product_brand":[],"product_cat":[4251],"product_tag":[],"class_list":{"0":"post-199776","1":"product","2":"type-product","3":"status-publish","4":"has-post-thumbnail","6":"product_cat-voile-dombrage-pour-camping-cars","8":"first","9":"instock","10":"taxable","11":"shipping-taxable","12":"purchasable","13":"product-type-simple"},"acf":[],"yoast_head":"<!-- This site is optimized with the Yoast SEO plugin v27.4 - https:\/\/yoast.com\/product\/yoast-seo-wordpress\/ -->\n<title>Auvent Outwell Forecast Canopy couleur green - Bantam Wankm\u00fcller SA<\/title>\n<meta name=\"robots\" content=\"index, follow, max-snippet:-1, max-image-preview:large, max-video-preview:-1\" \/>\n<link rel=\"canonical\" href=\"https:\/\/shop.bantam.ch\/fr\/produit\/auvent-outwell-forecast-canopy-couleur-green\/\" \/>\n<meta property=\"og:locale\" content=\"fr_FR\" \/>\n<meta property=\"og:type\" content=\"article\" \/>\n<meta property=\"og:title\" content=\"Auvent Outwell Forecast Canopy couleur green - Bantam Wankm\u00fcller SA\" \/>\n<meta property=\"og:description\" content=\"Le Forecrest Canopy vous permet de vous abriter partout. Id\u00e9al pour les excursions d&rsquo;une journ\u00e9e, cet abri se fixe rapidement et facilement gr\u00e2ce \u00e0 ses ventouses s\u00fbres. Vous disposez ainsi d&rsquo;un excellent endroit pour manger, vous d\u00e9tendre et ranger vos v\u00e9los ou vos planches de surf. Les tiges en aluminium assurent la stabilit\u00e9 par temps [&hellip;]\" \/>\n<meta property=\"og:url\" content=\"https:\/\/shop.bantam.ch\/fr\/produit\/auvent-outwell-forecast-canopy-couleur-green\/\" \/>\n<meta property=\"og:site_name\" content=\"Bantam Wankm\u00fcller SA\" \/>\n<meta property=\"article:modified_time\" content=\"2026-04-19T21:18:30+00:00\" \/>\n<meta name=\"twitter:card\" content=\"summary_large_image\" \/>\n<meta name=\"twitter:label1\" content=\"Dur\u00e9e de lecture estim\u00e9e\" \/>\n\t<meta name=\"twitter:data1\" content=\"1 minute\" \/>\n<script type=\"application\/ld+json\" class=\"yoast-schema-graph\">{\"@context\":\"https:\\\/\\\/schema.org\",\"@graph\":[{\"@type\":\"WebPage\",\"@id\":\"https:\\\/\\\/shop.bantam.ch\\\/fr\\\/produit\\\/auvent-outwell-forecast-canopy-couleur-green\\\/\",\"url\":\"https:\\\/\\\/shop.bantam.ch\\\/fr\\\/produit\\\/auvent-outwell-forecast-canopy-couleur-green\\\/\",\"name\":\"Auvent Outwell Forecast Canopy couleur green - Bantam Wankm\u00fcller SA\",\"isPartOf\":{\"@id\":\"https:\\\/\\\/shop.bantam.ch\\\/fr\\\/#website\"},\"primaryImageOfPage\":{\"@id\":\"https:\\\/\\\/shop.bantam.ch\\\/fr\\\/produit\\\/auvent-outwell-forecast-canopy-couleur-green\\\/#primaryimage\"},\"image\":{\"@id\":\"https:\\\/\\\/shop.bantam.ch\\\/fr\\\/produit\\\/auvent-outwell-forecast-canopy-couleur-green\\\/#primaryimage\"},\"thumbnailUrl\":\"https:\\\/\\\/shop.bantam.ch\\\/wp-content\\\/uploads\\\/2024\\\/09\\\/Movera-L-9971056100.jpg\",\"datePublished\":\"2024-05-15T15:19:06+00:00\",\"dateModified\":\"2026-04-19T21:18:30+00:00\",\"breadcrumb\":{\"@id\":\"https:\\\/\\\/shop.bantam.ch\\\/fr\\\/produit\\\/auvent-outwell-forecast-canopy-couleur-green\\\/#breadcrumb\"},\"inLanguage\":\"fr-FR\",\"potentialAction\":[{\"@type\":\"ReadAction\",\"target\":[\"https:\\\/\\\/shop.bantam.ch\\\/fr\\\/produit\\\/auvent-outwell-forecast-canopy-couleur-green\\\/\"]}]},{\"@type\":\"ImageObject\",\"inLanguage\":\"fr-FR\",\"@id\":\"https:\\\/\\\/shop.bantam.ch\\\/fr\\\/produit\\\/auvent-outwell-forecast-canopy-couleur-green\\\/#primaryimage\",\"url\":\"https:\\\/\\\/shop.bantam.ch\\\/wp-content\\\/uploads\\\/2024\\\/09\\\/Movera-L-9971056100.jpg\",\"contentUrl\":\"https:\\\/\\\/shop.bantam.ch\\\/wp-content\\\/uploads\\\/2024\\\/09\\\/Movera-L-9971056100.jpg\",\"width\":640,\"height\":360},{\"@type\":\"BreadcrumbList\",\"@id\":\"https:\\\/\\\/shop.bantam.ch\\\/fr\\\/produit\\\/auvent-outwell-forecast-canopy-couleur-green\\\/#breadcrumb\",\"itemListElement\":[{\"@type\":\"ListItem\",\"position\":1,\"name\":\"Accueil\",\"item\":\"https:\\\/\\\/shop.bantam.ch\\\/fr\\\/\"},{\"@type\":\"ListItem\",\"position\":2,\"name\":\"Boutique\",\"item\":\"https:\\\/\\\/shop.bantam.ch\\\/fr\\\/boutique\\\/\"},{\"@type\":\"ListItem\",\"position\":3,\"name\":\"Auvent Outwell Forecast Canopy couleur green\"}]},{\"@type\":\"WebSite\",\"@id\":\"https:\\\/\\\/shop.bantam.ch\\\/fr\\\/#website\",\"url\":\"https:\\\/\\\/shop.bantam.ch\\\/fr\\\/\",\"name\":\"Bantam Wankm\u00fcller SA\",\"description\":\"\",\"publisher\":{\"@id\":\"https:\\\/\\\/shop.bantam.ch\\\/fr\\\/#organization\"},\"inLanguage\":\"fr-FR\"},{\"@type\":\"Organization\",\"@id\":\"https:\\\/\\\/shop.bantam.ch\\\/fr\\\/#organization\",\"name\":\"Bantam Wankm\u00fcller SA\",\"url\":\"https:\\\/\\\/shop.bantam.ch\\\/fr\\\/\",\"logo\":{\"@type\":\"ImageObject\",\"inLanguage\":\"fr-FR\",\"@id\":\"https:\\\/\\\/shop.bantam.ch\\\/fr\\\/#\\\/schema\\\/logo\\\/image\\\/\",\"url\":\"https:\\\/\\\/shop.bantam.ch\\\/wp-content\\\/uploads\\\/2022\\\/12\\\/bantam-logo.png\",\"contentUrl\":\"https:\\\/\\\/shop.bantam.ch\\\/wp-content\\\/uploads\\\/2022\\\/12\\\/bantam-logo.png\",\"width\":320,\"height\":71,\"caption\":\"Bantam Wankm\u00fcller SA\"},\"image\":{\"@id\":\"https:\\\/\\\/shop.bantam.ch\\\/fr\\\/#\\\/schema\\\/logo\\\/image\\\/\"}}]}<\/script>\n<!-- \/ Yoast SEO plugin. -->","yoast_head_json":{"title":"Auvent Outwell Forecast Canopy couleur green - Bantam Wankm\u00fcller SA","robots":{"index":"index","follow":"follow","max-snippet":"max-snippet:-1","max-image-preview":"max-image-preview:large","max-video-preview":"max-video-preview:-1"},"canonical":"https:\/\/shop.bantam.ch\/fr\/produit\/auvent-outwell-forecast-canopy-couleur-green\/","og_locale":"fr_FR","og_type":"article","og_title":"Auvent Outwell Forecast Canopy couleur green - Bantam Wankm\u00fcller SA","og_description":"Le Forecrest Canopy vous permet de vous abriter partout. Id\u00e9al pour les excursions d&rsquo;une journ\u00e9e, cet abri se fixe rapidement et facilement gr\u00e2ce \u00e0 ses ventouses s\u00fbres. Vous disposez ainsi d&rsquo;un excellent endroit pour manger, vous d\u00e9tendre et ranger vos v\u00e9los ou vos planches de surf. Les tiges en aluminium assurent la stabilit\u00e9 par temps [&hellip;]","og_url":"https:\/\/shop.bantam.ch\/fr\/produit\/auvent-outwell-forecast-canopy-couleur-green\/","og_site_name":"Bantam Wankm\u00fcller SA","article_modified_time":"2026-04-19T21:18:30+00:00","twitter_card":"summary_large_image","twitter_misc":{"Dur\u00e9e de lecture estim\u00e9e":"1 minute"},"schema":{"@context":"https:\/\/schema.org","@graph":[{"@type":"WebPage","@id":"https:\/\/shop.bantam.ch\/fr\/produit\/auvent-outwell-forecast-canopy-couleur-green\/","url":"https:\/\/shop.bantam.ch\/fr\/produit\/auvent-outwell-forecast-canopy-couleur-green\/","name":"Auvent Outwell Forecast Canopy couleur green - Bantam Wankm\u00fcller SA","isPartOf":{"@id":"https:\/\/shop.bantam.ch\/fr\/#website"},"primaryImageOfPage":{"@id":"https:\/\/shop.bantam.ch\/fr\/produit\/auvent-outwell-forecast-canopy-couleur-green\/#primaryimage"},"image":{"@id":"https:\/\/shop.bantam.ch\/fr\/produit\/auvent-outwell-forecast-canopy-couleur-green\/#primaryimage"},"thumbnailUrl":"https:\/\/shop.bantam.ch\/wp-content\/uploads\/2024\/09\/Movera-L-9971056100.jpg","datePublished":"2024-05-15T15:19:06+00:00","dateModified":"2026-04-19T21:18:30+00:00","breadcrumb":{"@id":"https:\/\/shop.bantam.ch\/fr\/produit\/auvent-outwell-forecast-canopy-couleur-green\/#breadcrumb"},"inLanguage":"fr-FR","potentialAction":[{"@type":"ReadAction","target":["https:\/\/shop.bantam.ch\/fr\/produit\/auvent-outwell-forecast-canopy-couleur-green\/"]}]},{"@type":"ImageObject","inLanguage":"fr-FR","@id":"https:\/\/shop.bantam.ch\/fr\/produit\/auvent-outwell-forecast-canopy-couleur-green\/#primaryimage","url":"https:\/\/shop.bantam.ch\/wp-content\/uploads\/2024\/09\/Movera-L-9971056100.jpg","contentUrl":"https:\/\/shop.bantam.ch\/wp-content\/uploads\/2024\/09\/Movera-L-9971056100.jpg","width":640,"height":360},{"@type":"BreadcrumbList","@id":"https:\/\/shop.bantam.ch\/fr\/produit\/auvent-outwell-forecast-canopy-couleur-green\/#breadcrumb","itemListElement":[{"@type":"ListItem","position":1,"name":"Accueil","item":"https:\/\/shop.bantam.ch\/fr\/"},{"@type":"ListItem","position":2,"name":"Boutique","item":"https:\/\/shop.bantam.ch\/fr\/boutique\/"},{"@type":"ListItem","position":3,"name":"Auvent Outwell Forecast Canopy couleur green"}]},{"@type":"WebSite","@id":"https:\/\/shop.bantam.ch\/fr\/#website","url":"https:\/\/shop.bantam.ch\/fr\/","name":"Bantam Wankm\u00fcller SA","description":"","publisher":{"@id":"https:\/\/shop.bantam.ch\/fr\/#organization"},"inLanguage":"fr-FR"},{"@type":"Organization","@id":"https:\/\/shop.bantam.ch\/fr\/#organization","name":"Bantam Wankm\u00fcller SA","url":"https:\/\/shop.bantam.ch\/fr\/","logo":{"@type":"ImageObject","inLanguage":"fr-FR","@id":"https:\/\/shop.bantam.ch\/fr\/#\/schema\/logo\/image\/","url":"https:\/\/shop.bantam.ch\/wp-content\/uploads\/2022\/12\/bantam-logo.png","contentUrl":"https:\/\/shop.bantam.ch\/wp-content\/uploads\/2022\/12\/bantam-logo.png","width":320,"height":71,"caption":"Bantam Wankm\u00fcller SA"},"image":{"@id":"https:\/\/shop.bantam.ch\/fr\/#\/schema\/logo\/image\/"}}]}},"_links":{"self":[{"href":"https:\/\/shop.bantam.ch\/fr\/wp-json\/wp\/v2\/product\/199776","targetHints":{"allow":["GET"]}}],"collection":[{"href":"https:\/\/shop.bantam.ch\/fr\/wp-json\/wp\/v2\/product"}],"about":[{"href":"https:\/\/shop.bantam.ch\/fr\/wp-json\/wp\/v2\/types\/product"}],"wp:featuredmedia":[{"embeddable":true,"href":"https:\/\/shop.bantam.ch\/fr\/wp-json\/wp\/v2\/media\/207482"}],"wp:attachment":[{"href":"https:\/\/shop.bantam.ch\/fr\/wp-json\/wp\/v2\/media?parent=199776"}],"wp:term":[{"taxonomy":"product_featured_cat","embeddable":true,"href":"https:\/\/shop.bantam.ch\/fr\/wp-json\/wp\/v2\/product_featured_cat?post=199776"},{"taxonomy":"product_brand","embeddable":true,"href":"https:\/\/shop.bantam.ch\/fr\/wp-json\/wp\/v2\/product_brand?post=199776"},{"taxonomy":"product_cat","embeddable":true,"href":"https:\/\/shop.bantam.ch\/fr\/wp-json\/wp\/v2\/product_cat?post=199776"},{"taxonomy":"product_tag","embeddable":true,"href":"https:\/\/shop.bantam.ch\/fr\/wp-json\/wp\/v2\/product_tag?post=199776"}],"curies":[{"name":"wp","href":"https:\/\/api.w.org\/{rel}","templated":true}]}}