{"id":199698,"date":"2024-05-15T17:17:49","date_gmt":"2024-05-15T15:17:49","guid":{"rendered":"https:\/\/shop.bantam.ch\/produit\/onduleur-sinusoidal-teleco-ti-si-act-ral-7016\/"},"modified":"2026-05-03T01:17:11","modified_gmt":"2026-05-02T23:17:11","slug":"onduleur-sinusoidal-teleco-ti-si-act-ral-7016","status":"publish","type":"product","link":"https:\/\/shop.bantam.ch\/fr\/produit\/onduleur-sinusoidal-teleco-ti-si-act-ral-7016\/","title":{"rendered":"Onduleur sinuso\u00efdal TELECO TI SI-ACT-RAL 7016"},"content":{"rendered":"<p>L&rsquo;onduleur sinuso\u00efdal fonctionne avec le courant de 12 V provenant de la batterie de bord et, gr\u00e2ce \u00e0 la fonction ACT (AC Transfer), \u00e9galement avec le courant du r\u00e9seau \u00e9lectrique externe, si celui-ci est disponible lorsque le v\u00e9hicule est \u00e0 l&rsquo;arr\u00eat. L&rsquo;alimentation externe est prioritaire et la commutation se fait automatiquement afin d&rsquo;\u00e9conomiser la batterie. L&rsquo;\u00e9lectronique de commande garantit un fonctionnement optimal et offre en outre une protection contre les courts-circuits et les surcharges. Deux prises de sortie Schuko et une prise USB sont disponibles pour charger un appareil mobile.<\/p>\n","protected":false},"excerpt":{"rendered":"<p>L&rsquo;onduleur sinuso\u00efdal fonctionne avec le courant de 12 V provenant de la batterie de bord et, gr\u00e2ce \u00e0 la fonction ACT (AC Transfer), \u00e9galement avec le courant du r\u00e9seau \u00e9lectrique externe, si celui-ci est disponible lorsque le v\u00e9hicule est \u00e0 l&rsquo;arr\u00eat. L&rsquo;alimentation externe est prioritaire et la commutation se fait automatiquement afin d&rsquo;\u00e9conomiser la batterie. [&hellip;]<\/p>\n","protected":false},"featured_media":199696,"template":"","meta":{"_acf_changed":false},"product_featured_cat":[],"product_brand":[],"product_cat":[4169],"product_tag":[],"class_list":{"0":"post-199698","1":"product","2":"type-product","3":"status-publish","4":"has-post-thumbnail","6":"product_cat-onduleurs","8":"first","9":"instock","10":"taxable","11":"shipping-taxable","12":"purchasable","13":"product-type-variable"},"acf":[],"yoast_head":"<!-- This site is optimized with the Yoast SEO plugin v27.5 - https:\/\/yoast.com\/product\/yoast-seo-wordpress\/ -->\n<title>Onduleur sinuso\u00efdal TELECO TI SI-ACT-RAL 7016 - Bantam<\/title>\n<meta name=\"robots\" content=\"index, follow, max-snippet:-1, max-image-preview:large, max-video-preview:-1\" \/>\n<link rel=\"canonical\" href=\"https:\/\/shop.bantam.ch\/fr\/produit\/onduleur-sinusoidal-teleco-ti-si-act-ral-7016\/\" \/>\n<meta property=\"og:locale\" content=\"fr_FR\" \/>\n<meta property=\"og:type\" content=\"article\" \/>\n<meta property=\"og:title\" content=\"Onduleur sinuso\u00efdal TELECO TI SI-ACT-RAL 7016 - Bantam\" \/>\n<meta property=\"og:description\" content=\"L&rsquo;onduleur sinuso\u00efdal fonctionne avec le courant de 12 V provenant de la batterie de bord et, gr\u00e2ce \u00e0 la fonction ACT (AC Transfer), \u00e9galement avec le courant du r\u00e9seau \u00e9lectrique externe, si celui-ci est disponible lorsque le v\u00e9hicule est \u00e0 l&rsquo;arr\u00eat. L&rsquo;alimentation externe est prioritaire et la commutation se fait automatiquement afin d&rsquo;\u00e9conomiser la batterie. [&hellip;]\" \/>\n<meta property=\"og:url\" content=\"https:\/\/shop.bantam.ch\/fr\/produit\/onduleur-sinusoidal-teleco-ti-si-act-ral-7016\/\" \/>\n<meta property=\"og:site_name\" content=\"Bantam\" \/>\n<meta property=\"article:modified_time\" content=\"2026-05-02T23:17:11+00:00\" \/>\n<meta name=\"twitter:card\" content=\"summary_large_image\" \/>\n<script type=\"application\/ld+json\" class=\"yoast-schema-graph\">{\"@context\":\"https:\\\/\\\/schema.org\",\"@graph\":[{\"@type\":\"WebPage\",\"@id\":\"https:\\\/\\\/shop.bantam.ch\\\/fr\\\/produit\\\/onduleur-sinusoidal-teleco-ti-si-act-ral-7016\\\/\",\"url\":\"https:\\\/\\\/shop.bantam.ch\\\/fr\\\/produit\\\/onduleur-sinusoidal-teleco-ti-si-act-ral-7016\\\/\",\"name\":\"Onduleur sinuso\u00efdal TELECO TI SI-ACT-RAL 7016 - Bantam\",\"isPartOf\":{\"@id\":\"https:\\\/\\\/shop.bantam.ch\\\/fr\\\/#website\"},\"primaryImageOfPage\":{\"@id\":\"https:\\\/\\\/shop.bantam.ch\\\/fr\\\/produit\\\/onduleur-sinusoidal-teleco-ti-si-act-ral-7016\\\/#primaryimage\"},\"image\":{\"@id\":\"https:\\\/\\\/shop.bantam.ch\\\/fr\\\/produit\\\/onduleur-sinusoidal-teleco-ti-si-act-ral-7016\\\/#primaryimage\"},\"thumbnailUrl\":\"https:\\\/\\\/shop.bantam.ch\\\/wp-content\\\/uploads\\\/2024\\\/05\\\/Movera-L-9971048100.png\",\"datePublished\":\"2024-05-15T15:17:49+00:00\",\"dateModified\":\"2026-05-02T23:17:11+00:00\",\"breadcrumb\":{\"@id\":\"https:\\\/\\\/shop.bantam.ch\\\/fr\\\/produit\\\/onduleur-sinusoidal-teleco-ti-si-act-ral-7016\\\/#breadcrumb\"},\"inLanguage\":\"fr-FR\",\"potentialAction\":[{\"@type\":\"ReadAction\",\"target\":[\"https:\\\/\\\/shop.bantam.ch\\\/fr\\\/produit\\\/onduleur-sinusoidal-teleco-ti-si-act-ral-7016\\\/\"]}]},{\"@type\":\"ImageObject\",\"inLanguage\":\"fr-FR\",\"@id\":\"https:\\\/\\\/shop.bantam.ch\\\/fr\\\/produit\\\/onduleur-sinusoidal-teleco-ti-si-act-ral-7016\\\/#primaryimage\",\"url\":\"https:\\\/\\\/shop.bantam.ch\\\/wp-content\\\/uploads\\\/2024\\\/05\\\/Movera-L-9971048100.png\",\"contentUrl\":\"https:\\\/\\\/shop.bantam.ch\\\/wp-content\\\/uploads\\\/2024\\\/05\\\/Movera-L-9971048100.png\",\"width\":640,\"height\":480},{\"@type\":\"BreadcrumbList\",\"@id\":\"https:\\\/\\\/shop.bantam.ch\\\/fr\\\/produit\\\/onduleur-sinusoidal-teleco-ti-si-act-ral-7016\\\/#breadcrumb\",\"itemListElement\":[{\"@type\":\"ListItem\",\"position\":1,\"name\":\"Accueil\",\"item\":\"https:\\\/\\\/shop.bantam.ch\\\/fr\\\/\"},{\"@type\":\"ListItem\",\"position\":2,\"name\":\"Boutique\",\"item\":\"https:\\\/\\\/shop.bantam.ch\\\/fr\\\/boutique\\\/\"},{\"@type\":\"ListItem\",\"position\":3,\"name\":\"Onduleur sinuso\u00efdal TELECO TI SI-ACT-RAL 7016\"}]},{\"@type\":\"WebSite\",\"@id\":\"https:\\\/\\\/shop.bantam.ch\\\/fr\\\/#website\",\"url\":\"https:\\\/\\\/shop.bantam.ch\\\/fr\\\/\",\"name\":\"Bantam\",\"description\":\"\",\"publisher\":{\"@id\":\"https:\\\/\\\/shop.bantam.ch\\\/fr\\\/#organization\"},\"inLanguage\":\"fr-FR\"},{\"@type\":\"Organization\",\"@id\":\"https:\\\/\\\/shop.bantam.ch\\\/fr\\\/#organization\",\"name\":\"Bantam\",\"url\":\"https:\\\/\\\/shop.bantam.ch\\\/fr\\\/\",\"logo\":{\"@type\":\"ImageObject\",\"inLanguage\":\"fr-FR\",\"@id\":\"https:\\\/\\\/shop.bantam.ch\\\/fr\\\/#\\\/schema\\\/logo\\\/image\\\/\",\"url\":\"https:\\\/\\\/shop.bantam.ch\\\/wp-content\\\/uploads\\\/2022\\\/12\\\/bantam-logo.png\",\"contentUrl\":\"https:\\\/\\\/shop.bantam.ch\\\/wp-content\\\/uploads\\\/2022\\\/12\\\/bantam-logo.png\",\"width\":320,\"height\":71,\"caption\":\"Bantam\"},\"image\":{\"@id\":\"https:\\\/\\\/shop.bantam.ch\\\/fr\\\/#\\\/schema\\\/logo\\\/image\\\/\"}}]}<\/script>\n<!-- \/ Yoast SEO plugin. -->","yoast_head_json":{"title":"Onduleur sinuso\u00efdal TELECO TI SI-ACT-RAL 7016 - Bantam","robots":{"index":"index","follow":"follow","max-snippet":"max-snippet:-1","max-image-preview":"max-image-preview:large","max-video-preview":"max-video-preview:-1"},"canonical":"https:\/\/shop.bantam.ch\/fr\/produit\/onduleur-sinusoidal-teleco-ti-si-act-ral-7016\/","og_locale":"fr_FR","og_type":"article","og_title":"Onduleur sinuso\u00efdal TELECO TI SI-ACT-RAL 7016 - Bantam","og_description":"L&rsquo;onduleur sinuso\u00efdal fonctionne avec le courant de 12 V provenant de la batterie de bord et, gr\u00e2ce \u00e0 la fonction ACT (AC Transfer), \u00e9galement avec le courant du r\u00e9seau \u00e9lectrique externe, si celui-ci est disponible lorsque le v\u00e9hicule est \u00e0 l&rsquo;arr\u00eat. L&rsquo;alimentation externe est prioritaire et la commutation se fait automatiquement afin d&rsquo;\u00e9conomiser la batterie. [&hellip;]","og_url":"https:\/\/shop.bantam.ch\/fr\/produit\/onduleur-sinusoidal-teleco-ti-si-act-ral-7016\/","og_site_name":"Bantam","article_modified_time":"2026-05-02T23:17:11+00:00","twitter_card":"summary_large_image","schema":{"@context":"https:\/\/schema.org","@graph":[{"@type":"WebPage","@id":"https:\/\/shop.bantam.ch\/fr\/produit\/onduleur-sinusoidal-teleco-ti-si-act-ral-7016\/","url":"https:\/\/shop.bantam.ch\/fr\/produit\/onduleur-sinusoidal-teleco-ti-si-act-ral-7016\/","name":"Onduleur sinuso\u00efdal TELECO TI SI-ACT-RAL 7016 - Bantam","isPartOf":{"@id":"https:\/\/shop.bantam.ch\/fr\/#website"},"primaryImageOfPage":{"@id":"https:\/\/shop.bantam.ch\/fr\/produit\/onduleur-sinusoidal-teleco-ti-si-act-ral-7016\/#primaryimage"},"image":{"@id":"https:\/\/shop.bantam.ch\/fr\/produit\/onduleur-sinusoidal-teleco-ti-si-act-ral-7016\/#primaryimage"},"thumbnailUrl":"https:\/\/shop.bantam.ch\/wp-content\/uploads\/2024\/05\/Movera-L-9971048100.png","datePublished":"2024-05-15T15:17:49+00:00","dateModified":"2026-05-02T23:17:11+00:00","breadcrumb":{"@id":"https:\/\/shop.bantam.ch\/fr\/produit\/onduleur-sinusoidal-teleco-ti-si-act-ral-7016\/#breadcrumb"},"inLanguage":"fr-FR","potentialAction":[{"@type":"ReadAction","target":["https:\/\/shop.bantam.ch\/fr\/produit\/onduleur-sinusoidal-teleco-ti-si-act-ral-7016\/"]}]},{"@type":"ImageObject","inLanguage":"fr-FR","@id":"https:\/\/shop.bantam.ch\/fr\/produit\/onduleur-sinusoidal-teleco-ti-si-act-ral-7016\/#primaryimage","url":"https:\/\/shop.bantam.ch\/wp-content\/uploads\/2024\/05\/Movera-L-9971048100.png","contentUrl":"https:\/\/shop.bantam.ch\/wp-content\/uploads\/2024\/05\/Movera-L-9971048100.png","width":640,"height":480},{"@type":"BreadcrumbList","@id":"https:\/\/shop.bantam.ch\/fr\/produit\/onduleur-sinusoidal-teleco-ti-si-act-ral-7016\/#breadcrumb","itemListElement":[{"@type":"ListItem","position":1,"name":"Accueil","item":"https:\/\/shop.bantam.ch\/fr\/"},{"@type":"ListItem","position":2,"name":"Boutique","item":"https:\/\/shop.bantam.ch\/fr\/boutique\/"},{"@type":"ListItem","position":3,"name":"Onduleur sinuso\u00efdal TELECO TI SI-ACT-RAL 7016"}]},{"@type":"WebSite","@id":"https:\/\/shop.bantam.ch\/fr\/#website","url":"https:\/\/shop.bantam.ch\/fr\/","name":"Bantam","description":"","publisher":{"@id":"https:\/\/shop.bantam.ch\/fr\/#organization"},"inLanguage":"fr-FR"},{"@type":"Organization","@id":"https:\/\/shop.bantam.ch\/fr\/#organization","name":"Bantam","url":"https:\/\/shop.bantam.ch\/fr\/","logo":{"@type":"ImageObject","inLanguage":"fr-FR","@id":"https:\/\/shop.bantam.ch\/fr\/#\/schema\/logo\/image\/","url":"https:\/\/shop.bantam.ch\/wp-content\/uploads\/2022\/12\/bantam-logo.png","contentUrl":"https:\/\/shop.bantam.ch\/wp-content\/uploads\/2022\/12\/bantam-logo.png","width":320,"height":71,"caption":"Bantam"},"image":{"@id":"https:\/\/shop.bantam.ch\/fr\/#\/schema\/logo\/image\/"}}]}},"_links":{"self":[{"href":"https:\/\/shop.bantam.ch\/fr\/wp-json\/wp\/v2\/product\/199698","targetHints":{"allow":["GET"]}}],"collection":[{"href":"https:\/\/shop.bantam.ch\/fr\/wp-json\/wp\/v2\/product"}],"about":[{"href":"https:\/\/shop.bantam.ch\/fr\/wp-json\/wp\/v2\/types\/product"}],"wp:featuredmedia":[{"embeddable":true,"href":"https:\/\/shop.bantam.ch\/fr\/wp-json\/wp\/v2\/media\/199696"}],"wp:attachment":[{"href":"https:\/\/shop.bantam.ch\/fr\/wp-json\/wp\/v2\/media?parent=199698"}],"wp:term":[{"taxonomy":"product_featured_cat","embeddable":true,"href":"https:\/\/shop.bantam.ch\/fr\/wp-json\/wp\/v2\/product_featured_cat?post=199698"},{"taxonomy":"product_brand","embeddable":true,"href":"https:\/\/shop.bantam.ch\/fr\/wp-json\/wp\/v2\/product_brand?post=199698"},{"taxonomy":"product_cat","embeddable":true,"href":"https:\/\/shop.bantam.ch\/fr\/wp-json\/wp\/v2\/product_cat?post=199698"},{"taxonomy":"product_tag","embeddable":true,"href":"https:\/\/shop.bantam.ch\/fr\/wp-json\/wp\/v2\/product_tag?post=199698"}],"curies":[{"name":"wp","href":"https:\/\/api.w.org\/{rel}","templated":true}]}}