{"id":199658,"date":"2024-05-15T17:16:46","date_gmt":"2024-05-15T15:16:46","guid":{"rendered":"https:\/\/shop.bantam.ch\/produit\/kit-declairage-solaire-phaesu-n-contenu-lampe-led-lampe-detachable-emboitable-module-solaire-usb\/"},"modified":"2026-04-19T23:18:21","modified_gmt":"2026-04-19T21:18:21","slug":"kit-declairage-solaire-phaesu-n-contenu-lampe-led-lampe-detachable-emboitable-module-solaire-usb","status":"publish","type":"product","link":"https:\/\/shop.bantam.ch\/fr\/produit\/kit-declairage-solaire-phaesu-n-contenu-lampe-led-lampe-detachable-emboitable-module-solaire-usb\/","title":{"rendered":"Kit d&rsquo;\u00e9clairage solaire Phaesu n Contenu : lampe LED, lampe d\u00e9tachable\/embo\u00eetable, module solaire, USB"},"content":{"rendered":"<p>Le Solar Lightkit Mini On comprend:<\/p>\n<p>\nLampe LED blanche \u00e0 intensit\u00e9 variable (210\/105 lm,max. 4 W)<br \/>\nLampe d\u00e9tachable\/attachable par aimant<br \/>\nPanneau solaire de 3 watts<br \/>\nUSB (800mA) L-Ion, 1800mAh, 3,7 V pour smartphones et appareils USB<\/p>\n","protected":false},"excerpt":{"rendered":"<p>Le Solar Lightkit Mini On comprend: Lampe LED blanche \u00e0 intensit\u00e9 variable (210\/105 lm,max. 4 W) Lampe d\u00e9tachable\/attachable par aimant Panneau solaire de 3 watts USB (800mA) L-Ion, 1800mAh, 3,7 V pour smartphones et appareils USB<\/p>\n","protected":false},"featured_media":207468,"template":"","meta":{"_acf_changed":false},"product_featured_cat":[],"product_brand":[],"product_cat":[4371,4883],"product_tag":[],"class_list":{"0":"post-199658","1":"product","2":"type-product","3":"status-publish","4":"has-post-thumbnail","6":"product_cat-lampes-solaires","7":"product_cat-modules-solaires","9":"first","10":"instock","11":"taxable","12":"shipping-taxable","13":"purchasable","14":"product-type-simple"},"acf":[],"yoast_head":"<!-- This site is optimized with the Yoast SEO plugin v27.4 - https:\/\/yoast.com\/product\/yoast-seo-wordpress\/ -->\n<title>Kit d&#039;\u00e9clairage solaire Phaesu n Contenu : lampe LED, lampe d\u00e9tachable\/embo\u00eetable, module solaire, USB - Bantam Wankm\u00fcller SA<\/title>\n<meta name=\"robots\" content=\"index, follow, max-snippet:-1, max-image-preview:large, max-video-preview:-1\" \/>\n<link rel=\"canonical\" href=\"https:\/\/shop.bantam.ch\/fr\/produit\/kit-declairage-solaire-phaesu-n-contenu-lampe-led-lampe-detachable-emboitable-module-solaire-usb\/\" \/>\n<meta property=\"og:locale\" content=\"fr_FR\" \/>\n<meta property=\"og:type\" content=\"article\" \/>\n<meta property=\"og:title\" content=\"Kit d&#039;\u00e9clairage solaire Phaesu n Contenu : lampe LED, lampe d\u00e9tachable\/embo\u00eetable, module solaire, USB - Bantam Wankm\u00fcller SA\" \/>\n<meta property=\"og:description\" content=\"Le Solar Lightkit Mini On comprend: Lampe LED blanche \u00e0 intensit\u00e9 variable (210\/105 lm,max. 4 W) Lampe d\u00e9tachable\/attachable par aimant Panneau solaire de 3 watts USB (800mA) L-Ion, 1800mAh, 3,7 V pour smartphones et appareils USB\" \/>\n<meta property=\"og:url\" content=\"https:\/\/shop.bantam.ch\/fr\/produit\/kit-declairage-solaire-phaesu-n-contenu-lampe-led-lampe-detachable-emboitable-module-solaire-usb\/\" \/>\n<meta property=\"og:site_name\" content=\"Bantam Wankm\u00fcller SA\" \/>\n<meta property=\"article:modified_time\" content=\"2026-04-19T21:18:21+00:00\" \/>\n<meta name=\"twitter:card\" content=\"summary_large_image\" \/>\n<script type=\"application\/ld+json\" class=\"yoast-schema-graph\">{\"@context\":\"https:\\\/\\\/schema.org\",\"@graph\":[{\"@type\":\"WebPage\",\"@id\":\"https:\\\/\\\/shop.bantam.ch\\\/fr\\\/produit\\\/kit-declairage-solaire-phaesu-n-contenu-lampe-led-lampe-detachable-emboitable-module-solaire-usb\\\/\",\"url\":\"https:\\\/\\\/shop.bantam.ch\\\/fr\\\/produit\\\/kit-declairage-solaire-phaesu-n-contenu-lampe-led-lampe-detachable-emboitable-module-solaire-usb\\\/\",\"name\":\"Kit d'\u00e9clairage solaire Phaesu n Contenu : lampe LED, lampe d\u00e9tachable\\\/embo\u00eetable, module solaire, USB - Bantam Wankm\u00fcller SA\",\"isPartOf\":{\"@id\":\"https:\\\/\\\/shop.bantam.ch\\\/fr\\\/#website\"},\"primaryImageOfPage\":{\"@id\":\"https:\\\/\\\/shop.bantam.ch\\\/fr\\\/produit\\\/kit-declairage-solaire-phaesu-n-contenu-lampe-led-lampe-detachable-emboitable-module-solaire-usb\\\/#primaryimage\"},\"image\":{\"@id\":\"https:\\\/\\\/shop.bantam.ch\\\/fr\\\/produit\\\/kit-declairage-solaire-phaesu-n-contenu-lampe-led-lampe-detachable-emboitable-module-solaire-usb\\\/#primaryimage\"},\"thumbnailUrl\":\"https:\\\/\\\/shop.bantam.ch\\\/wp-content\\\/uploads\\\/2024\\\/09\\\/Movera-L-9971042100.jpg\",\"datePublished\":\"2024-05-15T15:16:46+00:00\",\"dateModified\":\"2026-04-19T21:18:21+00:00\",\"breadcrumb\":{\"@id\":\"https:\\\/\\\/shop.bantam.ch\\\/fr\\\/produit\\\/kit-declairage-solaire-phaesu-n-contenu-lampe-led-lampe-detachable-emboitable-module-solaire-usb\\\/#breadcrumb\"},\"inLanguage\":\"fr-FR\",\"potentialAction\":[{\"@type\":\"ReadAction\",\"target\":[\"https:\\\/\\\/shop.bantam.ch\\\/fr\\\/produit\\\/kit-declairage-solaire-phaesu-n-contenu-lampe-led-lampe-detachable-emboitable-module-solaire-usb\\\/\"]}]},{\"@type\":\"ImageObject\",\"inLanguage\":\"fr-FR\",\"@id\":\"https:\\\/\\\/shop.bantam.ch\\\/fr\\\/produit\\\/kit-declairage-solaire-phaesu-n-contenu-lampe-led-lampe-detachable-emboitable-module-solaire-usb\\\/#primaryimage\",\"url\":\"https:\\\/\\\/shop.bantam.ch\\\/wp-content\\\/uploads\\\/2024\\\/09\\\/Movera-L-9971042100.jpg\",\"contentUrl\":\"https:\\\/\\\/shop.bantam.ch\\\/wp-content\\\/uploads\\\/2024\\\/09\\\/Movera-L-9971042100.jpg\",\"width\":621,\"height\":402},{\"@type\":\"BreadcrumbList\",\"@id\":\"https:\\\/\\\/shop.bantam.ch\\\/fr\\\/produit\\\/kit-declairage-solaire-phaesu-n-contenu-lampe-led-lampe-detachable-emboitable-module-solaire-usb\\\/#breadcrumb\",\"itemListElement\":[{\"@type\":\"ListItem\",\"position\":1,\"name\":\"Accueil\",\"item\":\"https:\\\/\\\/shop.bantam.ch\\\/fr\\\/\"},{\"@type\":\"ListItem\",\"position\":2,\"name\":\"Boutique\",\"item\":\"https:\\\/\\\/shop.bantam.ch\\\/fr\\\/boutique\\\/\"},{\"@type\":\"ListItem\",\"position\":3,\"name\":\"Kit d&rsquo;\u00e9clairage solaire Phaesu n Contenu : lampe LED, lampe d\u00e9tachable\\\/embo\u00eetable, module solaire, USB\"}]},{\"@type\":\"WebSite\",\"@id\":\"https:\\\/\\\/shop.bantam.ch\\\/fr\\\/#website\",\"url\":\"https:\\\/\\\/shop.bantam.ch\\\/fr\\\/\",\"name\":\"Bantam Wankm\u00fcller SA\",\"description\":\"\",\"publisher\":{\"@id\":\"https:\\\/\\\/shop.bantam.ch\\\/fr\\\/#organization\"},\"inLanguage\":\"fr-FR\"},{\"@type\":\"Organization\",\"@id\":\"https:\\\/\\\/shop.bantam.ch\\\/fr\\\/#organization\",\"name\":\"Bantam Wankm\u00fcller SA\",\"url\":\"https:\\\/\\\/shop.bantam.ch\\\/fr\\\/\",\"logo\":{\"@type\":\"ImageObject\",\"inLanguage\":\"fr-FR\",\"@id\":\"https:\\\/\\\/shop.bantam.ch\\\/fr\\\/#\\\/schema\\\/logo\\\/image\\\/\",\"url\":\"https:\\\/\\\/shop.bantam.ch\\\/wp-content\\\/uploads\\\/2022\\\/12\\\/bantam-logo.png\",\"contentUrl\":\"https:\\\/\\\/shop.bantam.ch\\\/wp-content\\\/uploads\\\/2022\\\/12\\\/bantam-logo.png\",\"width\":320,\"height\":71,\"caption\":\"Bantam Wankm\u00fcller SA\"},\"image\":{\"@id\":\"https:\\\/\\\/shop.bantam.ch\\\/fr\\\/#\\\/schema\\\/logo\\\/image\\\/\"}}]}<\/script>\n<!-- \/ Yoast SEO plugin. -->","yoast_head_json":{"title":"Kit d'\u00e9clairage solaire Phaesu n Contenu : lampe LED, lampe d\u00e9tachable\/embo\u00eetable, module solaire, USB - Bantam Wankm\u00fcller SA","robots":{"index":"index","follow":"follow","max-snippet":"max-snippet:-1","max-image-preview":"max-image-preview:large","max-video-preview":"max-video-preview:-1"},"canonical":"https:\/\/shop.bantam.ch\/fr\/produit\/kit-declairage-solaire-phaesu-n-contenu-lampe-led-lampe-detachable-emboitable-module-solaire-usb\/","og_locale":"fr_FR","og_type":"article","og_title":"Kit d'\u00e9clairage solaire Phaesu n Contenu : lampe LED, lampe d\u00e9tachable\/embo\u00eetable, module solaire, USB - Bantam Wankm\u00fcller SA","og_description":"Le Solar Lightkit Mini On comprend: Lampe LED blanche \u00e0 intensit\u00e9 variable (210\/105 lm,max. 4 W) Lampe d\u00e9tachable\/attachable par aimant Panneau solaire de 3 watts USB (800mA) L-Ion, 1800mAh, 3,7 V pour smartphones et appareils USB","og_url":"https:\/\/shop.bantam.ch\/fr\/produit\/kit-declairage-solaire-phaesu-n-contenu-lampe-led-lampe-detachable-emboitable-module-solaire-usb\/","og_site_name":"Bantam Wankm\u00fcller SA","article_modified_time":"2026-04-19T21:18:21+00:00","twitter_card":"summary_large_image","schema":{"@context":"https:\/\/schema.org","@graph":[{"@type":"WebPage","@id":"https:\/\/shop.bantam.ch\/fr\/produit\/kit-declairage-solaire-phaesu-n-contenu-lampe-led-lampe-detachable-emboitable-module-solaire-usb\/","url":"https:\/\/shop.bantam.ch\/fr\/produit\/kit-declairage-solaire-phaesu-n-contenu-lampe-led-lampe-detachable-emboitable-module-solaire-usb\/","name":"Kit d'\u00e9clairage solaire Phaesu n Contenu : lampe LED, lampe d\u00e9tachable\/embo\u00eetable, module solaire, USB - Bantam Wankm\u00fcller SA","isPartOf":{"@id":"https:\/\/shop.bantam.ch\/fr\/#website"},"primaryImageOfPage":{"@id":"https:\/\/shop.bantam.ch\/fr\/produit\/kit-declairage-solaire-phaesu-n-contenu-lampe-led-lampe-detachable-emboitable-module-solaire-usb\/#primaryimage"},"image":{"@id":"https:\/\/shop.bantam.ch\/fr\/produit\/kit-declairage-solaire-phaesu-n-contenu-lampe-led-lampe-detachable-emboitable-module-solaire-usb\/#primaryimage"},"thumbnailUrl":"https:\/\/shop.bantam.ch\/wp-content\/uploads\/2024\/09\/Movera-L-9971042100.jpg","datePublished":"2024-05-15T15:16:46+00:00","dateModified":"2026-04-19T21:18:21+00:00","breadcrumb":{"@id":"https:\/\/shop.bantam.ch\/fr\/produit\/kit-declairage-solaire-phaesu-n-contenu-lampe-led-lampe-detachable-emboitable-module-solaire-usb\/#breadcrumb"},"inLanguage":"fr-FR","potentialAction":[{"@type":"ReadAction","target":["https:\/\/shop.bantam.ch\/fr\/produit\/kit-declairage-solaire-phaesu-n-contenu-lampe-led-lampe-detachable-emboitable-module-solaire-usb\/"]}]},{"@type":"ImageObject","inLanguage":"fr-FR","@id":"https:\/\/shop.bantam.ch\/fr\/produit\/kit-declairage-solaire-phaesu-n-contenu-lampe-led-lampe-detachable-emboitable-module-solaire-usb\/#primaryimage","url":"https:\/\/shop.bantam.ch\/wp-content\/uploads\/2024\/09\/Movera-L-9971042100.jpg","contentUrl":"https:\/\/shop.bantam.ch\/wp-content\/uploads\/2024\/09\/Movera-L-9971042100.jpg","width":621,"height":402},{"@type":"BreadcrumbList","@id":"https:\/\/shop.bantam.ch\/fr\/produit\/kit-declairage-solaire-phaesu-n-contenu-lampe-led-lampe-detachable-emboitable-module-solaire-usb\/#breadcrumb","itemListElement":[{"@type":"ListItem","position":1,"name":"Accueil","item":"https:\/\/shop.bantam.ch\/fr\/"},{"@type":"ListItem","position":2,"name":"Boutique","item":"https:\/\/shop.bantam.ch\/fr\/boutique\/"},{"@type":"ListItem","position":3,"name":"Kit d&rsquo;\u00e9clairage solaire Phaesu n Contenu : lampe LED, lampe d\u00e9tachable\/embo\u00eetable, module solaire, USB"}]},{"@type":"WebSite","@id":"https:\/\/shop.bantam.ch\/fr\/#website","url":"https:\/\/shop.bantam.ch\/fr\/","name":"Bantam Wankm\u00fcller SA","description":"","publisher":{"@id":"https:\/\/shop.bantam.ch\/fr\/#organization"},"inLanguage":"fr-FR"},{"@type":"Organization","@id":"https:\/\/shop.bantam.ch\/fr\/#organization","name":"Bantam Wankm\u00fcller SA","url":"https:\/\/shop.bantam.ch\/fr\/","logo":{"@type":"ImageObject","inLanguage":"fr-FR","@id":"https:\/\/shop.bantam.ch\/fr\/#\/schema\/logo\/image\/","url":"https:\/\/shop.bantam.ch\/wp-content\/uploads\/2022\/12\/bantam-logo.png","contentUrl":"https:\/\/shop.bantam.ch\/wp-content\/uploads\/2022\/12\/bantam-logo.png","width":320,"height":71,"caption":"Bantam Wankm\u00fcller SA"},"image":{"@id":"https:\/\/shop.bantam.ch\/fr\/#\/schema\/logo\/image\/"}}]}},"_links":{"self":[{"href":"https:\/\/shop.bantam.ch\/fr\/wp-json\/wp\/v2\/product\/199658","targetHints":{"allow":["GET"]}}],"collection":[{"href":"https:\/\/shop.bantam.ch\/fr\/wp-json\/wp\/v2\/product"}],"about":[{"href":"https:\/\/shop.bantam.ch\/fr\/wp-json\/wp\/v2\/types\/product"}],"wp:featuredmedia":[{"embeddable":true,"href":"https:\/\/shop.bantam.ch\/fr\/wp-json\/wp\/v2\/media\/207468"}],"wp:attachment":[{"href":"https:\/\/shop.bantam.ch\/fr\/wp-json\/wp\/v2\/media?parent=199658"}],"wp:term":[{"taxonomy":"product_featured_cat","embeddable":true,"href":"https:\/\/shop.bantam.ch\/fr\/wp-json\/wp\/v2\/product_featured_cat?post=199658"},{"taxonomy":"product_brand","embeddable":true,"href":"https:\/\/shop.bantam.ch\/fr\/wp-json\/wp\/v2\/product_brand?post=199658"},{"taxonomy":"product_cat","embeddable":true,"href":"https:\/\/shop.bantam.ch\/fr\/wp-json\/wp\/v2\/product_cat?post=199658"},{"taxonomy":"product_tag","embeddable":true,"href":"https:\/\/shop.bantam.ch\/fr\/wp-json\/wp\/v2\/product_tag?post=199658"}],"curies":[{"name":"wp","href":"https:\/\/api.w.org\/{rel}","templated":true}]}}