{"id":199648,"date":"2024-05-15T17:16:27","date_gmt":"2024-05-15T15:16:27","guid":{"rendered":"https:\/\/shop.bantam.ch\/produit\/lampe-solaire-de-table-led-eglo-couleur-noir-cuivre\/"},"modified":"2026-04-19T23:18:15","modified_gmt":"2026-04-19T21:18:15","slug":"lampe-solaire-de-table-led-eglo-couleur-noir-cuivre","status":"publish","type":"product","link":"https:\/\/shop.bantam.ch\/fr\/produit\/lampe-solaire-de-table-led-eglo-couleur-noir-cuivre\/","title":{"rendered":"Lampe solaire de table LED EGLO couleur noir\/cuivre"},"content":{"rendered":"<p>Cette lampe solaire chic est fabriqu\u00e9e en acier noir et cuivre avec des motifs d\u00e9taill\u00e9s. Elle offre une exp\u00e9rience d&rsquo;\u00e9clairage particuli\u00e8re pour vos espaces ext\u00e9rieurs.<\/p>\n<ul>\n<li>Degr\u00e9 de protection: IP44<\/li>\n<li>Classe de protection: III<\/li>\n<li>Nombre de flammes: 1<\/li>\n<li>Mat\u00e9riau: acier<\/li>\n<li>Type de batterie: AAA ; Ni-Mh; 300mAh<\/li>\n<\/ul>\n","protected":false},"excerpt":{"rendered":"<p>Cette lampe solaire chic est fabriqu\u00e9e en acier noir et cuivre avec des motifs d\u00e9taill\u00e9s. Elle offre une exp\u00e9rience d&rsquo;\u00e9clairage particuli\u00e8re pour vos espaces ext\u00e9rieurs. Degr\u00e9 de protection: IP44 Classe de protection: III Nombre de flammes: 1 Mat\u00e9riau: acier Type de batterie: AAA ; Ni-Mh; 300mAh<\/p>\n","protected":false},"featured_media":207462,"template":"","meta":{"_acf_changed":false},"product_featured_cat":[],"product_brand":[],"product_cat":[4371],"product_tag":[],"class_list":{"0":"post-199648","1":"product","2":"type-product","3":"status-publish","4":"has-post-thumbnail","6":"product_cat-lampes-solaires","8":"first","9":"instock","10":"taxable","11":"shipping-taxable","12":"purchasable","13":"product-type-simple"},"acf":[],"yoast_head":"<!-- This site is optimized with the Yoast SEO plugin v27.4 - https:\/\/yoast.com\/product\/yoast-seo-wordpress\/ -->\n<title>Lampe solaire de table LED EGLO couleur noir\/cuivre - Bantam Wankm\u00fcller SA<\/title>\n<meta name=\"robots\" content=\"index, follow, max-snippet:-1, max-image-preview:large, max-video-preview:-1\" \/>\n<link rel=\"canonical\" href=\"https:\/\/shop.bantam.ch\/fr\/produit\/lampe-solaire-de-table-led-eglo-couleur-noir-cuivre\/\" \/>\n<meta property=\"og:locale\" content=\"fr_FR\" \/>\n<meta property=\"og:type\" content=\"article\" \/>\n<meta property=\"og:title\" content=\"Lampe solaire de table LED EGLO couleur noir\/cuivre - Bantam Wankm\u00fcller SA\" \/>\n<meta property=\"og:description\" content=\"Cette lampe solaire chic est fabriqu\u00e9e en acier noir et cuivre avec des motifs d\u00e9taill\u00e9s. Elle offre une exp\u00e9rience d&rsquo;\u00e9clairage particuli\u00e8re pour vos espaces ext\u00e9rieurs. Degr\u00e9 de protection: IP44 Classe de protection: III Nombre de flammes: 1 Mat\u00e9riau: acier Type de batterie: AAA ; Ni-Mh; 300mAh\" \/>\n<meta property=\"og:url\" content=\"https:\/\/shop.bantam.ch\/fr\/produit\/lampe-solaire-de-table-led-eglo-couleur-noir-cuivre\/\" \/>\n<meta property=\"og:site_name\" content=\"Bantam Wankm\u00fcller SA\" \/>\n<meta property=\"article:modified_time\" content=\"2026-04-19T21:18:15+00:00\" \/>\n<meta property=\"og:image\" content=\"https:\/\/shop.bantam.ch\/wp-content\/uploads\/2024\/05\/Movera-L-9971037100.jpg\" \/>\n\t<meta property=\"og:image:width\" content=\"640\" \/>\n\t<meta property=\"og:image:height\" content=\"640\" \/>\n\t<meta property=\"og:image:type\" content=\"image\/jpeg\" \/>\n<meta name=\"twitter:card\" content=\"summary_large_image\" \/>\n<script type=\"application\/ld+json\" class=\"yoast-schema-graph\">{\"@context\":\"https:\\\/\\\/schema.org\",\"@graph\":[{\"@type\":\"WebPage\",\"@id\":\"https:\\\/\\\/shop.bantam.ch\\\/fr\\\/produit\\\/lampe-solaire-de-table-led-eglo-couleur-noir-cuivre\\\/\",\"url\":\"https:\\\/\\\/shop.bantam.ch\\\/fr\\\/produit\\\/lampe-solaire-de-table-led-eglo-couleur-noir-cuivre\\\/\",\"name\":\"Lampe solaire de table LED EGLO couleur noir\\\/cuivre - Bantam Wankm\u00fcller SA\",\"isPartOf\":{\"@id\":\"https:\\\/\\\/shop.bantam.ch\\\/fr\\\/#website\"},\"primaryImageOfPage\":{\"@id\":\"https:\\\/\\\/shop.bantam.ch\\\/fr\\\/produit\\\/lampe-solaire-de-table-led-eglo-couleur-noir-cuivre\\\/#primaryimage\"},\"image\":{\"@id\":\"https:\\\/\\\/shop.bantam.ch\\\/fr\\\/produit\\\/lampe-solaire-de-table-led-eglo-couleur-noir-cuivre\\\/#primaryimage\"},\"thumbnailUrl\":\"https:\\\/\\\/shop.bantam.ch\\\/wp-content\\\/uploads\\\/2024\\\/09\\\/Movera-L-9971037100.jpg\",\"datePublished\":\"2024-05-15T15:16:27+00:00\",\"dateModified\":\"2026-04-19T21:18:15+00:00\",\"breadcrumb\":{\"@id\":\"https:\\\/\\\/shop.bantam.ch\\\/fr\\\/produit\\\/lampe-solaire-de-table-led-eglo-couleur-noir-cuivre\\\/#breadcrumb\"},\"inLanguage\":\"fr-FR\",\"potentialAction\":[{\"@type\":\"ReadAction\",\"target\":[\"https:\\\/\\\/shop.bantam.ch\\\/fr\\\/produit\\\/lampe-solaire-de-table-led-eglo-couleur-noir-cuivre\\\/\"]}]},{\"@type\":\"ImageObject\",\"inLanguage\":\"fr-FR\",\"@id\":\"https:\\\/\\\/shop.bantam.ch\\\/fr\\\/produit\\\/lampe-solaire-de-table-led-eglo-couleur-noir-cuivre\\\/#primaryimage\",\"url\":\"https:\\\/\\\/shop.bantam.ch\\\/wp-content\\\/uploads\\\/2024\\\/09\\\/Movera-L-9971037100.jpg\",\"contentUrl\":\"https:\\\/\\\/shop.bantam.ch\\\/wp-content\\\/uploads\\\/2024\\\/09\\\/Movera-L-9971037100.jpg\",\"width\":640,\"height\":640},{\"@type\":\"BreadcrumbList\",\"@id\":\"https:\\\/\\\/shop.bantam.ch\\\/fr\\\/produit\\\/lampe-solaire-de-table-led-eglo-couleur-noir-cuivre\\\/#breadcrumb\",\"itemListElement\":[{\"@type\":\"ListItem\",\"position\":1,\"name\":\"Accueil\",\"item\":\"https:\\\/\\\/shop.bantam.ch\\\/fr\\\/\"},{\"@type\":\"ListItem\",\"position\":2,\"name\":\"Boutique\",\"item\":\"https:\\\/\\\/shop.bantam.ch\\\/fr\\\/boutique\\\/\"},{\"@type\":\"ListItem\",\"position\":3,\"name\":\"Lampe solaire de table LED EGLO couleur noir\\\/cuivre\"}]},{\"@type\":\"WebSite\",\"@id\":\"https:\\\/\\\/shop.bantam.ch\\\/fr\\\/#website\",\"url\":\"https:\\\/\\\/shop.bantam.ch\\\/fr\\\/\",\"name\":\"Bantam Wankm\u00fcller SA\",\"description\":\"\",\"publisher\":{\"@id\":\"https:\\\/\\\/shop.bantam.ch\\\/fr\\\/#organization\"},\"inLanguage\":\"fr-FR\"},{\"@type\":\"Organization\",\"@id\":\"https:\\\/\\\/shop.bantam.ch\\\/fr\\\/#organization\",\"name\":\"Bantam Wankm\u00fcller SA\",\"url\":\"https:\\\/\\\/shop.bantam.ch\\\/fr\\\/\",\"logo\":{\"@type\":\"ImageObject\",\"inLanguage\":\"fr-FR\",\"@id\":\"https:\\\/\\\/shop.bantam.ch\\\/fr\\\/#\\\/schema\\\/logo\\\/image\\\/\",\"url\":\"https:\\\/\\\/shop.bantam.ch\\\/wp-content\\\/uploads\\\/2022\\\/12\\\/bantam-logo.png\",\"contentUrl\":\"https:\\\/\\\/shop.bantam.ch\\\/wp-content\\\/uploads\\\/2022\\\/12\\\/bantam-logo.png\",\"width\":320,\"height\":71,\"caption\":\"Bantam Wankm\u00fcller SA\"},\"image\":{\"@id\":\"https:\\\/\\\/shop.bantam.ch\\\/fr\\\/#\\\/schema\\\/logo\\\/image\\\/\"}}]}<\/script>\n<!-- \/ Yoast SEO plugin. -->","yoast_head_json":{"title":"Lampe solaire de table LED EGLO couleur noir\/cuivre - Bantam Wankm\u00fcller SA","robots":{"index":"index","follow":"follow","max-snippet":"max-snippet:-1","max-image-preview":"max-image-preview:large","max-video-preview":"max-video-preview:-1"},"canonical":"https:\/\/shop.bantam.ch\/fr\/produit\/lampe-solaire-de-table-led-eglo-couleur-noir-cuivre\/","og_locale":"fr_FR","og_type":"article","og_title":"Lampe solaire de table LED EGLO couleur noir\/cuivre - Bantam Wankm\u00fcller SA","og_description":"Cette lampe solaire chic est fabriqu\u00e9e en acier noir et cuivre avec des motifs d\u00e9taill\u00e9s. Elle offre une exp\u00e9rience d&rsquo;\u00e9clairage particuli\u00e8re pour vos espaces ext\u00e9rieurs. Degr\u00e9 de protection: IP44 Classe de protection: III Nombre de flammes: 1 Mat\u00e9riau: acier Type de batterie: AAA ; Ni-Mh; 300mAh","og_url":"https:\/\/shop.bantam.ch\/fr\/produit\/lampe-solaire-de-table-led-eglo-couleur-noir-cuivre\/","og_site_name":"Bantam Wankm\u00fcller SA","article_modified_time":"2026-04-19T21:18:15+00:00","og_image":[{"width":640,"height":640,"url":"https:\/\/shop.bantam.ch\/wp-content\/uploads\/2024\/05\/Movera-L-9971037100.jpg","type":"image\/jpeg"}],"twitter_card":"summary_large_image","schema":{"@context":"https:\/\/schema.org","@graph":[{"@type":"WebPage","@id":"https:\/\/shop.bantam.ch\/fr\/produit\/lampe-solaire-de-table-led-eglo-couleur-noir-cuivre\/","url":"https:\/\/shop.bantam.ch\/fr\/produit\/lampe-solaire-de-table-led-eglo-couleur-noir-cuivre\/","name":"Lampe solaire de table LED EGLO couleur noir\/cuivre - Bantam Wankm\u00fcller SA","isPartOf":{"@id":"https:\/\/shop.bantam.ch\/fr\/#website"},"primaryImageOfPage":{"@id":"https:\/\/shop.bantam.ch\/fr\/produit\/lampe-solaire-de-table-led-eglo-couleur-noir-cuivre\/#primaryimage"},"image":{"@id":"https:\/\/shop.bantam.ch\/fr\/produit\/lampe-solaire-de-table-led-eglo-couleur-noir-cuivre\/#primaryimage"},"thumbnailUrl":"https:\/\/shop.bantam.ch\/wp-content\/uploads\/2024\/09\/Movera-L-9971037100.jpg","datePublished":"2024-05-15T15:16:27+00:00","dateModified":"2026-04-19T21:18:15+00:00","breadcrumb":{"@id":"https:\/\/shop.bantam.ch\/fr\/produit\/lampe-solaire-de-table-led-eglo-couleur-noir-cuivre\/#breadcrumb"},"inLanguage":"fr-FR","potentialAction":[{"@type":"ReadAction","target":["https:\/\/shop.bantam.ch\/fr\/produit\/lampe-solaire-de-table-led-eglo-couleur-noir-cuivre\/"]}]},{"@type":"ImageObject","inLanguage":"fr-FR","@id":"https:\/\/shop.bantam.ch\/fr\/produit\/lampe-solaire-de-table-led-eglo-couleur-noir-cuivre\/#primaryimage","url":"https:\/\/shop.bantam.ch\/wp-content\/uploads\/2024\/09\/Movera-L-9971037100.jpg","contentUrl":"https:\/\/shop.bantam.ch\/wp-content\/uploads\/2024\/09\/Movera-L-9971037100.jpg","width":640,"height":640},{"@type":"BreadcrumbList","@id":"https:\/\/shop.bantam.ch\/fr\/produit\/lampe-solaire-de-table-led-eglo-couleur-noir-cuivre\/#breadcrumb","itemListElement":[{"@type":"ListItem","position":1,"name":"Accueil","item":"https:\/\/shop.bantam.ch\/fr\/"},{"@type":"ListItem","position":2,"name":"Boutique","item":"https:\/\/shop.bantam.ch\/fr\/boutique\/"},{"@type":"ListItem","position":3,"name":"Lampe solaire de table LED EGLO couleur noir\/cuivre"}]},{"@type":"WebSite","@id":"https:\/\/shop.bantam.ch\/fr\/#website","url":"https:\/\/shop.bantam.ch\/fr\/","name":"Bantam Wankm\u00fcller SA","description":"","publisher":{"@id":"https:\/\/shop.bantam.ch\/fr\/#organization"},"inLanguage":"fr-FR"},{"@type":"Organization","@id":"https:\/\/shop.bantam.ch\/fr\/#organization","name":"Bantam Wankm\u00fcller SA","url":"https:\/\/shop.bantam.ch\/fr\/","logo":{"@type":"ImageObject","inLanguage":"fr-FR","@id":"https:\/\/shop.bantam.ch\/fr\/#\/schema\/logo\/image\/","url":"https:\/\/shop.bantam.ch\/wp-content\/uploads\/2022\/12\/bantam-logo.png","contentUrl":"https:\/\/shop.bantam.ch\/wp-content\/uploads\/2022\/12\/bantam-logo.png","width":320,"height":71,"caption":"Bantam Wankm\u00fcller SA"},"image":{"@id":"https:\/\/shop.bantam.ch\/fr\/#\/schema\/logo\/image\/"}}]}},"_links":{"self":[{"href":"https:\/\/shop.bantam.ch\/fr\/wp-json\/wp\/v2\/product\/199648","targetHints":{"allow":["GET"]}}],"collection":[{"href":"https:\/\/shop.bantam.ch\/fr\/wp-json\/wp\/v2\/product"}],"about":[{"href":"https:\/\/shop.bantam.ch\/fr\/wp-json\/wp\/v2\/types\/product"}],"wp:featuredmedia":[{"embeddable":true,"href":"https:\/\/shop.bantam.ch\/fr\/wp-json\/wp\/v2\/media\/207462"}],"wp:attachment":[{"href":"https:\/\/shop.bantam.ch\/fr\/wp-json\/wp\/v2\/media?parent=199648"}],"wp:term":[{"taxonomy":"product_featured_cat","embeddable":true,"href":"https:\/\/shop.bantam.ch\/fr\/wp-json\/wp\/v2\/product_featured_cat?post=199648"},{"taxonomy":"product_brand","embeddable":true,"href":"https:\/\/shop.bantam.ch\/fr\/wp-json\/wp\/v2\/product_brand?post=199648"},{"taxonomy":"product_cat","embeddable":true,"href":"https:\/\/shop.bantam.ch\/fr\/wp-json\/wp\/v2\/product_cat?post=199648"},{"taxonomy":"product_tag","embeddable":true,"href":"https:\/\/shop.bantam.ch\/fr\/wp-json\/wp\/v2\/product_tag?post=199648"}],"curies":[{"name":"wp","href":"https:\/\/api.w.org\/{rel}","templated":true}]}}