{"id":199644,"date":"2024-05-15T17:16:21","date_gmt":"2024-05-15T15:16:21","guid":{"rendered":"https:\/\/shop.bantam.ch\/produit\/lampe-solaire-a-led-eglo-4-flammes-couleur-blanc-transparent\/"},"modified":"2026-04-19T23:18:15","modified_gmt":"2026-04-19T21:18:15","slug":"lampe-solaire-a-led-eglo-4-flammes-couleur-blanc-transparent","status":"publish","type":"product","link":"https:\/\/shop.bantam.ch\/fr\/produit\/lampe-solaire-a-led-eglo-4-flammes-couleur-blanc-transparent\/","title":{"rendered":"Lampe solaire \u00e0 LED EGLO 4 flammes couleur blanc\/ transparent"},"content":{"rendered":"<p>Cette ampoule solaire fournit une lumi\u00e8re douce pour les douces nuits d&rsquo;\u00e9t\u00e9 \u00e0 l&rsquo;ext\u00e9rieur. Elle se fixe rapidement et sans effort.<\/p>\n<ul>\n<li>Indice de protection: IP44<\/li>\n<li>Classe de protection: III<\/li>\n<li>Nombre de flammes: 4<\/li>\n<li>Mat\u00e9riau: plastique<\/li>\n<li>Type de batterie: Ni-Mh; 80mAh<\/li>\n<\/ul>\n","protected":false},"excerpt":{"rendered":"<p>Cette ampoule solaire fournit une lumi\u00e8re douce pour les douces nuits d&rsquo;\u00e9t\u00e9 \u00e0 l&rsquo;ext\u00e9rieur. Elle se fixe rapidement et sans effort. Indice de protection: IP44 Classe de protection: III Nombre de flammes: 4 Mat\u00e9riau: plastique Type de batterie: Ni-Mh; 80mAh<\/p>\n","protected":false},"featured_media":207460,"template":"","meta":{"_acf_changed":false},"product_featured_cat":[],"product_brand":[],"product_cat":[4371],"product_tag":[],"class_list":{"0":"post-199644","1":"product","2":"type-product","3":"status-publish","4":"has-post-thumbnail","6":"product_cat-lampes-solaires","8":"first","9":"instock","10":"taxable","11":"shipping-taxable","12":"purchasable","13":"product-type-simple"},"acf":[],"yoast_head":"<!-- This site is optimized with the Yoast SEO plugin v27.4 - https:\/\/yoast.com\/product\/yoast-seo-wordpress\/ -->\n<title>Lampe solaire \u00e0 LED EGLO 4 flammes couleur blanc\/ transparent - Bantam Wankm\u00fcller SA<\/title>\n<meta name=\"robots\" content=\"index, follow, max-snippet:-1, max-image-preview:large, max-video-preview:-1\" \/>\n<link rel=\"canonical\" href=\"https:\/\/shop.bantam.ch\/fr\/produit\/lampe-solaire-a-led-eglo-4-flammes-couleur-blanc-transparent\/\" \/>\n<meta property=\"og:locale\" content=\"fr_FR\" \/>\n<meta property=\"og:type\" content=\"article\" \/>\n<meta property=\"og:title\" content=\"Lampe solaire \u00e0 LED EGLO 4 flammes couleur blanc\/ transparent - Bantam Wankm\u00fcller SA\" \/>\n<meta property=\"og:description\" content=\"Cette ampoule solaire fournit une lumi\u00e8re douce pour les douces nuits d&rsquo;\u00e9t\u00e9 \u00e0 l&rsquo;ext\u00e9rieur. Elle se fixe rapidement et sans effort. Indice de protection: IP44 Classe de protection: III Nombre de flammes: 4 Mat\u00e9riau: plastique Type de batterie: Ni-Mh; 80mAh\" \/>\n<meta property=\"og:url\" content=\"https:\/\/shop.bantam.ch\/fr\/produit\/lampe-solaire-a-led-eglo-4-flammes-couleur-blanc-transparent\/\" \/>\n<meta property=\"og:site_name\" content=\"Bantam Wankm\u00fcller SA\" \/>\n<meta property=\"article:modified_time\" content=\"2026-04-19T21:18:15+00:00\" \/>\n<meta name=\"twitter:card\" content=\"summary_large_image\" \/>\n<script type=\"application\/ld+json\" class=\"yoast-schema-graph\">{\"@context\":\"https:\\\/\\\/schema.org\",\"@graph\":[{\"@type\":\"WebPage\",\"@id\":\"https:\\\/\\\/shop.bantam.ch\\\/fr\\\/produit\\\/lampe-solaire-a-led-eglo-4-flammes-couleur-blanc-transparent\\\/\",\"url\":\"https:\\\/\\\/shop.bantam.ch\\\/fr\\\/produit\\\/lampe-solaire-a-led-eglo-4-flammes-couleur-blanc-transparent\\\/\",\"name\":\"Lampe solaire \u00e0 LED EGLO 4 flammes couleur blanc\\\/ transparent - Bantam Wankm\u00fcller SA\",\"isPartOf\":{\"@id\":\"https:\\\/\\\/shop.bantam.ch\\\/fr\\\/#website\"},\"primaryImageOfPage\":{\"@id\":\"https:\\\/\\\/shop.bantam.ch\\\/fr\\\/produit\\\/lampe-solaire-a-led-eglo-4-flammes-couleur-blanc-transparent\\\/#primaryimage\"},\"image\":{\"@id\":\"https:\\\/\\\/shop.bantam.ch\\\/fr\\\/produit\\\/lampe-solaire-a-led-eglo-4-flammes-couleur-blanc-transparent\\\/#primaryimage\"},\"thumbnailUrl\":\"https:\\\/\\\/shop.bantam.ch\\\/wp-content\\\/uploads\\\/2024\\\/09\\\/Movera-L-9971036100.jpg\",\"datePublished\":\"2024-05-15T15:16:21+00:00\",\"dateModified\":\"2026-04-19T21:18:15+00:00\",\"breadcrumb\":{\"@id\":\"https:\\\/\\\/shop.bantam.ch\\\/fr\\\/produit\\\/lampe-solaire-a-led-eglo-4-flammes-couleur-blanc-transparent\\\/#breadcrumb\"},\"inLanguage\":\"fr-FR\",\"potentialAction\":[{\"@type\":\"ReadAction\",\"target\":[\"https:\\\/\\\/shop.bantam.ch\\\/fr\\\/produit\\\/lampe-solaire-a-led-eglo-4-flammes-couleur-blanc-transparent\\\/\"]}]},{\"@type\":\"ImageObject\",\"inLanguage\":\"fr-FR\",\"@id\":\"https:\\\/\\\/shop.bantam.ch\\\/fr\\\/produit\\\/lampe-solaire-a-led-eglo-4-flammes-couleur-blanc-transparent\\\/#primaryimage\",\"url\":\"https:\\\/\\\/shop.bantam.ch\\\/wp-content\\\/uploads\\\/2024\\\/09\\\/Movera-L-9971036100.jpg\",\"contentUrl\":\"https:\\\/\\\/shop.bantam.ch\\\/wp-content\\\/uploads\\\/2024\\\/09\\\/Movera-L-9971036100.jpg\",\"width\":640,\"height\":640},{\"@type\":\"BreadcrumbList\",\"@id\":\"https:\\\/\\\/shop.bantam.ch\\\/fr\\\/produit\\\/lampe-solaire-a-led-eglo-4-flammes-couleur-blanc-transparent\\\/#breadcrumb\",\"itemListElement\":[{\"@type\":\"ListItem\",\"position\":1,\"name\":\"Accueil\",\"item\":\"https:\\\/\\\/shop.bantam.ch\\\/fr\\\/\"},{\"@type\":\"ListItem\",\"position\":2,\"name\":\"Boutique\",\"item\":\"https:\\\/\\\/shop.bantam.ch\\\/fr\\\/boutique\\\/\"},{\"@type\":\"ListItem\",\"position\":3,\"name\":\"Lampe solaire \u00e0 LED EGLO 4 flammes couleur blanc\\\/ transparent\"}]},{\"@type\":\"WebSite\",\"@id\":\"https:\\\/\\\/shop.bantam.ch\\\/fr\\\/#website\",\"url\":\"https:\\\/\\\/shop.bantam.ch\\\/fr\\\/\",\"name\":\"Bantam Wankm\u00fcller SA\",\"description\":\"\",\"publisher\":{\"@id\":\"https:\\\/\\\/shop.bantam.ch\\\/fr\\\/#organization\"},\"inLanguage\":\"fr-FR\"},{\"@type\":\"Organization\",\"@id\":\"https:\\\/\\\/shop.bantam.ch\\\/fr\\\/#organization\",\"name\":\"Bantam Wankm\u00fcller SA\",\"url\":\"https:\\\/\\\/shop.bantam.ch\\\/fr\\\/\",\"logo\":{\"@type\":\"ImageObject\",\"inLanguage\":\"fr-FR\",\"@id\":\"https:\\\/\\\/shop.bantam.ch\\\/fr\\\/#\\\/schema\\\/logo\\\/image\\\/\",\"url\":\"https:\\\/\\\/shop.bantam.ch\\\/wp-content\\\/uploads\\\/2022\\\/12\\\/bantam-logo.png\",\"contentUrl\":\"https:\\\/\\\/shop.bantam.ch\\\/wp-content\\\/uploads\\\/2022\\\/12\\\/bantam-logo.png\",\"width\":320,\"height\":71,\"caption\":\"Bantam Wankm\u00fcller SA\"},\"image\":{\"@id\":\"https:\\\/\\\/shop.bantam.ch\\\/fr\\\/#\\\/schema\\\/logo\\\/image\\\/\"}}]}<\/script>\n<!-- \/ Yoast SEO plugin. -->","yoast_head_json":{"title":"Lampe solaire \u00e0 LED EGLO 4 flammes couleur blanc\/ transparent - Bantam Wankm\u00fcller SA","robots":{"index":"index","follow":"follow","max-snippet":"max-snippet:-1","max-image-preview":"max-image-preview:large","max-video-preview":"max-video-preview:-1"},"canonical":"https:\/\/shop.bantam.ch\/fr\/produit\/lampe-solaire-a-led-eglo-4-flammes-couleur-blanc-transparent\/","og_locale":"fr_FR","og_type":"article","og_title":"Lampe solaire \u00e0 LED EGLO 4 flammes couleur blanc\/ transparent - Bantam Wankm\u00fcller SA","og_description":"Cette ampoule solaire fournit une lumi\u00e8re douce pour les douces nuits d&rsquo;\u00e9t\u00e9 \u00e0 l&rsquo;ext\u00e9rieur. Elle se fixe rapidement et sans effort. Indice de protection: IP44 Classe de protection: III Nombre de flammes: 4 Mat\u00e9riau: plastique Type de batterie: Ni-Mh; 80mAh","og_url":"https:\/\/shop.bantam.ch\/fr\/produit\/lampe-solaire-a-led-eglo-4-flammes-couleur-blanc-transparent\/","og_site_name":"Bantam Wankm\u00fcller SA","article_modified_time":"2026-04-19T21:18:15+00:00","twitter_card":"summary_large_image","schema":{"@context":"https:\/\/schema.org","@graph":[{"@type":"WebPage","@id":"https:\/\/shop.bantam.ch\/fr\/produit\/lampe-solaire-a-led-eglo-4-flammes-couleur-blanc-transparent\/","url":"https:\/\/shop.bantam.ch\/fr\/produit\/lampe-solaire-a-led-eglo-4-flammes-couleur-blanc-transparent\/","name":"Lampe solaire \u00e0 LED EGLO 4 flammes couleur blanc\/ transparent - Bantam Wankm\u00fcller SA","isPartOf":{"@id":"https:\/\/shop.bantam.ch\/fr\/#website"},"primaryImageOfPage":{"@id":"https:\/\/shop.bantam.ch\/fr\/produit\/lampe-solaire-a-led-eglo-4-flammes-couleur-blanc-transparent\/#primaryimage"},"image":{"@id":"https:\/\/shop.bantam.ch\/fr\/produit\/lampe-solaire-a-led-eglo-4-flammes-couleur-blanc-transparent\/#primaryimage"},"thumbnailUrl":"https:\/\/shop.bantam.ch\/wp-content\/uploads\/2024\/09\/Movera-L-9971036100.jpg","datePublished":"2024-05-15T15:16:21+00:00","dateModified":"2026-04-19T21:18:15+00:00","breadcrumb":{"@id":"https:\/\/shop.bantam.ch\/fr\/produit\/lampe-solaire-a-led-eglo-4-flammes-couleur-blanc-transparent\/#breadcrumb"},"inLanguage":"fr-FR","potentialAction":[{"@type":"ReadAction","target":["https:\/\/shop.bantam.ch\/fr\/produit\/lampe-solaire-a-led-eglo-4-flammes-couleur-blanc-transparent\/"]}]},{"@type":"ImageObject","inLanguage":"fr-FR","@id":"https:\/\/shop.bantam.ch\/fr\/produit\/lampe-solaire-a-led-eglo-4-flammes-couleur-blanc-transparent\/#primaryimage","url":"https:\/\/shop.bantam.ch\/wp-content\/uploads\/2024\/09\/Movera-L-9971036100.jpg","contentUrl":"https:\/\/shop.bantam.ch\/wp-content\/uploads\/2024\/09\/Movera-L-9971036100.jpg","width":640,"height":640},{"@type":"BreadcrumbList","@id":"https:\/\/shop.bantam.ch\/fr\/produit\/lampe-solaire-a-led-eglo-4-flammes-couleur-blanc-transparent\/#breadcrumb","itemListElement":[{"@type":"ListItem","position":1,"name":"Accueil","item":"https:\/\/shop.bantam.ch\/fr\/"},{"@type":"ListItem","position":2,"name":"Boutique","item":"https:\/\/shop.bantam.ch\/fr\/boutique\/"},{"@type":"ListItem","position":3,"name":"Lampe solaire \u00e0 LED EGLO 4 flammes couleur blanc\/ transparent"}]},{"@type":"WebSite","@id":"https:\/\/shop.bantam.ch\/fr\/#website","url":"https:\/\/shop.bantam.ch\/fr\/","name":"Bantam Wankm\u00fcller SA","description":"","publisher":{"@id":"https:\/\/shop.bantam.ch\/fr\/#organization"},"inLanguage":"fr-FR"},{"@type":"Organization","@id":"https:\/\/shop.bantam.ch\/fr\/#organization","name":"Bantam Wankm\u00fcller SA","url":"https:\/\/shop.bantam.ch\/fr\/","logo":{"@type":"ImageObject","inLanguage":"fr-FR","@id":"https:\/\/shop.bantam.ch\/fr\/#\/schema\/logo\/image\/","url":"https:\/\/shop.bantam.ch\/wp-content\/uploads\/2022\/12\/bantam-logo.png","contentUrl":"https:\/\/shop.bantam.ch\/wp-content\/uploads\/2022\/12\/bantam-logo.png","width":320,"height":71,"caption":"Bantam Wankm\u00fcller SA"},"image":{"@id":"https:\/\/shop.bantam.ch\/fr\/#\/schema\/logo\/image\/"}}]}},"_links":{"self":[{"href":"https:\/\/shop.bantam.ch\/fr\/wp-json\/wp\/v2\/product\/199644","targetHints":{"allow":["GET"]}}],"collection":[{"href":"https:\/\/shop.bantam.ch\/fr\/wp-json\/wp\/v2\/product"}],"about":[{"href":"https:\/\/shop.bantam.ch\/fr\/wp-json\/wp\/v2\/types\/product"}],"wp:featuredmedia":[{"embeddable":true,"href":"https:\/\/shop.bantam.ch\/fr\/wp-json\/wp\/v2\/media\/207460"}],"wp:attachment":[{"href":"https:\/\/shop.bantam.ch\/fr\/wp-json\/wp\/v2\/media?parent=199644"}],"wp:term":[{"taxonomy":"product_featured_cat","embeddable":true,"href":"https:\/\/shop.bantam.ch\/fr\/wp-json\/wp\/v2\/product_featured_cat?post=199644"},{"taxonomy":"product_brand","embeddable":true,"href":"https:\/\/shop.bantam.ch\/fr\/wp-json\/wp\/v2\/product_brand?post=199644"},{"taxonomy":"product_cat","embeddable":true,"href":"https:\/\/shop.bantam.ch\/fr\/wp-json\/wp\/v2\/product_cat?post=199644"},{"taxonomy":"product_tag","embeddable":true,"href":"https:\/\/shop.bantam.ch\/fr\/wp-json\/wp\/v2\/product_tag?post=199644"}],"curies":[{"name":"wp","href":"https:\/\/api.w.org\/{rel}","templated":true}]}}