{"id":199630,"date":"2024-05-15T17:15:54","date_gmt":"2024-05-15T15:15:54","guid":{"rendered":"https:\/\/shop.bantam.ch\/produit\/kit-module-solaire-fly-weight-premium\/"},"modified":"2026-04-19T01:25:25","modified_gmt":"2026-04-18T23:25:25","slug":"kit-module-solaire-fly-weight-premium","status":"publish","type":"product","link":"https:\/\/shop.bantam.ch\/fr\/produit\/kit-module-solaire-fly-weight-premium\/","title":{"rendered":"Kit module solaire Fly Weight Premium"},"content":{"rendered":"<p>Fly Weight est un kit de modules solaires avec \u00e9lectronique int\u00e9gr\u00e9e qui fait honneur \u00e0 son nom en offrant un rendement \u00e9nerg\u00e9tique \u00e9lev\u00e9 dans un espace r\u00e9duit et un poids minime. Pli\u00e9 dans son cadre textile et sangl\u00e9, ce module est un compagnon discret. Dans la poche ext\u00e9rieure, on range un chargeur pour charger une batterie de 12V, ainsi que les c\u00e2bles n\u00e9cessaires. La sortie USB du r\u00e9gulateur permet d&rsquo;alimenter des t\u00e9l\u00e9phones mobiles, des tablettes et des appareils audio.<\/p>\n<ul>\n<li>Rendement \u00e9nerg\u00e9tique \u00e9lev\u00e9<\/li>\n<li>Extr\u00eamement l\u00e9ger<\/li>\n<li>Electronique solaire int\u00e9gr\u00e9e<\/li>\n<li>Sortie USB (pas pour le MPPT Premium)<\/li>\n<li>Pliable et portable<\/li>\n<li>Des entretoises int\u00e9gr\u00e9es et repliables permettent une mise en hauteur<\/li>\n<li>Le lamin\u00e9 ETFE est extr\u00eamement translucide et s\u00e9duit par sa long\u00e9vit\u00e9 et sa r\u00e9sistance<\/li>\n<li>Encore moins sensible \u00e0 la flexion gr\u00e2ce au film renforc\u00e9 au verso<\/li>\n<li>Les \u0153illets int\u00e9gr\u00e9s permettent de tendre le module.<\/li>\n<\/ul>\n<p>Contenu de la livraison:&nbsp;<br \/>\nInclus 2 x 36 cellules ou 3 x 12 cellules<br \/>\nCadre textile<br \/>\nC\u00e2ble de 5 m\u00e8tres avec pinces de batterie<br \/>\nR\u00e9gulateur de charge avec \u00e9cran LCD et USB (5 VDC \/ 1500 mA)<\/p>\n","protected":false},"excerpt":{"rendered":"<p>Fly Weight est un kit de modules solaires avec \u00e9lectronique int\u00e9gr\u00e9e qui fait honneur \u00e0 son nom en offrant un rendement \u00e9nerg\u00e9tique \u00e9lev\u00e9 dans un espace r\u00e9duit et un poids minime. Pli\u00e9 dans son cadre textile et sangl\u00e9, ce module est un compagnon discret. Dans la poche ext\u00e9rieure, on range un chargeur pour charger une [&hellip;]<\/p>\n","protected":false},"featured_media":199628,"template":"","meta":{"_acf_changed":false},"product_featured_cat":[],"product_brand":[],"product_cat":[4879],"product_tag":[],"class_list":{"0":"post-199630","1":"product","2":"type-product","3":"status-publish","4":"has-post-thumbnail","6":"product_cat-kits-solaires","8":"first","9":"instock","10":"taxable","11":"shipping-taxable","12":"purchasable","13":"product-type-variable"},"acf":[],"yoast_head":"<!-- This site is optimized with the Yoast SEO plugin v27.4 - https:\/\/yoast.com\/product\/yoast-seo-wordpress\/ -->\n<title>Kit module solaire Fly Weight Premium - Bantam Wankm\u00fcller SA<\/title>\n<meta name=\"robots\" content=\"index, follow, max-snippet:-1, max-image-preview:large, max-video-preview:-1\" \/>\n<link rel=\"canonical\" href=\"https:\/\/shop.bantam.ch\/fr\/produit\/kit-module-solaire-fly-weight-premium\/\" \/>\n<meta property=\"og:locale\" content=\"fr_FR\" \/>\n<meta property=\"og:type\" content=\"article\" \/>\n<meta property=\"og:title\" content=\"Kit module solaire Fly Weight Premium - Bantam Wankm\u00fcller SA\" \/>\n<meta property=\"og:description\" content=\"Fly Weight est un kit de modules solaires avec \u00e9lectronique int\u00e9gr\u00e9e qui fait honneur \u00e0 son nom en offrant un rendement \u00e9nerg\u00e9tique \u00e9lev\u00e9 dans un espace r\u00e9duit et un poids minime. Pli\u00e9 dans son cadre textile et sangl\u00e9, ce module est un compagnon discret. Dans la poche ext\u00e9rieure, on range un chargeur pour charger une [&hellip;]\" \/>\n<meta property=\"og:url\" content=\"https:\/\/shop.bantam.ch\/fr\/produit\/kit-module-solaire-fly-weight-premium\/\" \/>\n<meta property=\"og:site_name\" content=\"Bantam Wankm\u00fcller SA\" \/>\n<meta property=\"article:modified_time\" content=\"2026-04-18T23:25:25+00:00\" \/>\n<meta name=\"twitter:card\" content=\"summary_large_image\" \/>\n<meta name=\"twitter:label1\" content=\"Dur\u00e9e de lecture estim\u00e9e\" \/>\n\t<meta name=\"twitter:data1\" content=\"1 minute\" \/>\n<script type=\"application\/ld+json\" class=\"yoast-schema-graph\">{\"@context\":\"https:\\\/\\\/schema.org\",\"@graph\":[{\"@type\":\"WebPage\",\"@id\":\"https:\\\/\\\/shop.bantam.ch\\\/fr\\\/produit\\\/kit-module-solaire-fly-weight-premium\\\/\",\"url\":\"https:\\\/\\\/shop.bantam.ch\\\/fr\\\/produit\\\/kit-module-solaire-fly-weight-premium\\\/\",\"name\":\"Kit module solaire Fly Weight Premium - Bantam Wankm\u00fcller SA\",\"isPartOf\":{\"@id\":\"https:\\\/\\\/shop.bantam.ch\\\/fr\\\/#website\"},\"primaryImageOfPage\":{\"@id\":\"https:\\\/\\\/shop.bantam.ch\\\/fr\\\/produit\\\/kit-module-solaire-fly-weight-premium\\\/#primaryimage\"},\"image\":{\"@id\":\"https:\\\/\\\/shop.bantam.ch\\\/fr\\\/produit\\\/kit-module-solaire-fly-weight-premium\\\/#primaryimage\"},\"thumbnailUrl\":\"https:\\\/\\\/shop.bantam.ch\\\/wp-content\\\/uploads\\\/2024\\\/05\\\/Movera-L-9971032100.jpg\",\"datePublished\":\"2024-05-15T15:15:54+00:00\",\"dateModified\":\"2026-04-18T23:25:25+00:00\",\"breadcrumb\":{\"@id\":\"https:\\\/\\\/shop.bantam.ch\\\/fr\\\/produit\\\/kit-module-solaire-fly-weight-premium\\\/#breadcrumb\"},\"inLanguage\":\"fr-FR\",\"potentialAction\":[{\"@type\":\"ReadAction\",\"target\":[\"https:\\\/\\\/shop.bantam.ch\\\/fr\\\/produit\\\/kit-module-solaire-fly-weight-premium\\\/\"]}]},{\"@type\":\"ImageObject\",\"inLanguage\":\"fr-FR\",\"@id\":\"https:\\\/\\\/shop.bantam.ch\\\/fr\\\/produit\\\/kit-module-solaire-fly-weight-premium\\\/#primaryimage\",\"url\":\"https:\\\/\\\/shop.bantam.ch\\\/wp-content\\\/uploads\\\/2024\\\/05\\\/Movera-L-9971032100.jpg\",\"contentUrl\":\"https:\\\/\\\/shop.bantam.ch\\\/wp-content\\\/uploads\\\/2024\\\/05\\\/Movera-L-9971032100.jpg\",\"width\":500,\"height\":500},{\"@type\":\"BreadcrumbList\",\"@id\":\"https:\\\/\\\/shop.bantam.ch\\\/fr\\\/produit\\\/kit-module-solaire-fly-weight-premium\\\/#breadcrumb\",\"itemListElement\":[{\"@type\":\"ListItem\",\"position\":1,\"name\":\"Accueil\",\"item\":\"https:\\\/\\\/shop.bantam.ch\\\/fr\\\/\"},{\"@type\":\"ListItem\",\"position\":2,\"name\":\"Boutique\",\"item\":\"https:\\\/\\\/shop.bantam.ch\\\/fr\\\/boutique\\\/\"},{\"@type\":\"ListItem\",\"position\":3,\"name\":\"Kit module solaire Fly Weight Premium\"}]},{\"@type\":\"WebSite\",\"@id\":\"https:\\\/\\\/shop.bantam.ch\\\/fr\\\/#website\",\"url\":\"https:\\\/\\\/shop.bantam.ch\\\/fr\\\/\",\"name\":\"Bantam Wankm\u00fcller SA\",\"description\":\"\",\"publisher\":{\"@id\":\"https:\\\/\\\/shop.bantam.ch\\\/fr\\\/#organization\"},\"inLanguage\":\"fr-FR\"},{\"@type\":\"Organization\",\"@id\":\"https:\\\/\\\/shop.bantam.ch\\\/fr\\\/#organization\",\"name\":\"Bantam Wankm\u00fcller SA\",\"url\":\"https:\\\/\\\/shop.bantam.ch\\\/fr\\\/\",\"logo\":{\"@type\":\"ImageObject\",\"inLanguage\":\"fr-FR\",\"@id\":\"https:\\\/\\\/shop.bantam.ch\\\/fr\\\/#\\\/schema\\\/logo\\\/image\\\/\",\"url\":\"https:\\\/\\\/shop.bantam.ch\\\/wp-content\\\/uploads\\\/2022\\\/12\\\/bantam-logo.png\",\"contentUrl\":\"https:\\\/\\\/shop.bantam.ch\\\/wp-content\\\/uploads\\\/2022\\\/12\\\/bantam-logo.png\",\"width\":320,\"height\":71,\"caption\":\"Bantam Wankm\u00fcller SA\"},\"image\":{\"@id\":\"https:\\\/\\\/shop.bantam.ch\\\/fr\\\/#\\\/schema\\\/logo\\\/image\\\/\"}}]}<\/script>\n<!-- \/ Yoast SEO plugin. -->","yoast_head_json":{"title":"Kit module solaire Fly Weight Premium - Bantam Wankm\u00fcller SA","robots":{"index":"index","follow":"follow","max-snippet":"max-snippet:-1","max-image-preview":"max-image-preview:large","max-video-preview":"max-video-preview:-1"},"canonical":"https:\/\/shop.bantam.ch\/fr\/produit\/kit-module-solaire-fly-weight-premium\/","og_locale":"fr_FR","og_type":"article","og_title":"Kit module solaire Fly Weight Premium - Bantam Wankm\u00fcller SA","og_description":"Fly Weight est un kit de modules solaires avec \u00e9lectronique int\u00e9gr\u00e9e qui fait honneur \u00e0 son nom en offrant un rendement \u00e9nerg\u00e9tique \u00e9lev\u00e9 dans un espace r\u00e9duit et un poids minime. Pli\u00e9 dans son cadre textile et sangl\u00e9, ce module est un compagnon discret. Dans la poche ext\u00e9rieure, on range un chargeur pour charger une [&hellip;]","og_url":"https:\/\/shop.bantam.ch\/fr\/produit\/kit-module-solaire-fly-weight-premium\/","og_site_name":"Bantam Wankm\u00fcller SA","article_modified_time":"2026-04-18T23:25:25+00:00","twitter_card":"summary_large_image","twitter_misc":{"Dur\u00e9e de lecture estim\u00e9e":"1 minute"},"schema":{"@context":"https:\/\/schema.org","@graph":[{"@type":"WebPage","@id":"https:\/\/shop.bantam.ch\/fr\/produit\/kit-module-solaire-fly-weight-premium\/","url":"https:\/\/shop.bantam.ch\/fr\/produit\/kit-module-solaire-fly-weight-premium\/","name":"Kit module solaire Fly Weight Premium - Bantam Wankm\u00fcller SA","isPartOf":{"@id":"https:\/\/shop.bantam.ch\/fr\/#website"},"primaryImageOfPage":{"@id":"https:\/\/shop.bantam.ch\/fr\/produit\/kit-module-solaire-fly-weight-premium\/#primaryimage"},"image":{"@id":"https:\/\/shop.bantam.ch\/fr\/produit\/kit-module-solaire-fly-weight-premium\/#primaryimage"},"thumbnailUrl":"https:\/\/shop.bantam.ch\/wp-content\/uploads\/2024\/05\/Movera-L-9971032100.jpg","datePublished":"2024-05-15T15:15:54+00:00","dateModified":"2026-04-18T23:25:25+00:00","breadcrumb":{"@id":"https:\/\/shop.bantam.ch\/fr\/produit\/kit-module-solaire-fly-weight-premium\/#breadcrumb"},"inLanguage":"fr-FR","potentialAction":[{"@type":"ReadAction","target":["https:\/\/shop.bantam.ch\/fr\/produit\/kit-module-solaire-fly-weight-premium\/"]}]},{"@type":"ImageObject","inLanguage":"fr-FR","@id":"https:\/\/shop.bantam.ch\/fr\/produit\/kit-module-solaire-fly-weight-premium\/#primaryimage","url":"https:\/\/shop.bantam.ch\/wp-content\/uploads\/2024\/05\/Movera-L-9971032100.jpg","contentUrl":"https:\/\/shop.bantam.ch\/wp-content\/uploads\/2024\/05\/Movera-L-9971032100.jpg","width":500,"height":500},{"@type":"BreadcrumbList","@id":"https:\/\/shop.bantam.ch\/fr\/produit\/kit-module-solaire-fly-weight-premium\/#breadcrumb","itemListElement":[{"@type":"ListItem","position":1,"name":"Accueil","item":"https:\/\/shop.bantam.ch\/fr\/"},{"@type":"ListItem","position":2,"name":"Boutique","item":"https:\/\/shop.bantam.ch\/fr\/boutique\/"},{"@type":"ListItem","position":3,"name":"Kit module solaire Fly Weight Premium"}]},{"@type":"WebSite","@id":"https:\/\/shop.bantam.ch\/fr\/#website","url":"https:\/\/shop.bantam.ch\/fr\/","name":"Bantam Wankm\u00fcller SA","description":"","publisher":{"@id":"https:\/\/shop.bantam.ch\/fr\/#organization"},"inLanguage":"fr-FR"},{"@type":"Organization","@id":"https:\/\/shop.bantam.ch\/fr\/#organization","name":"Bantam Wankm\u00fcller SA","url":"https:\/\/shop.bantam.ch\/fr\/","logo":{"@type":"ImageObject","inLanguage":"fr-FR","@id":"https:\/\/shop.bantam.ch\/fr\/#\/schema\/logo\/image\/","url":"https:\/\/shop.bantam.ch\/wp-content\/uploads\/2022\/12\/bantam-logo.png","contentUrl":"https:\/\/shop.bantam.ch\/wp-content\/uploads\/2022\/12\/bantam-logo.png","width":320,"height":71,"caption":"Bantam Wankm\u00fcller SA"},"image":{"@id":"https:\/\/shop.bantam.ch\/fr\/#\/schema\/logo\/image\/"}}]}},"_links":{"self":[{"href":"https:\/\/shop.bantam.ch\/fr\/wp-json\/wp\/v2\/product\/199630","targetHints":{"allow":["GET"]}}],"collection":[{"href":"https:\/\/shop.bantam.ch\/fr\/wp-json\/wp\/v2\/product"}],"about":[{"href":"https:\/\/shop.bantam.ch\/fr\/wp-json\/wp\/v2\/types\/product"}],"wp:featuredmedia":[{"embeddable":true,"href":"https:\/\/shop.bantam.ch\/fr\/wp-json\/wp\/v2\/media\/199628"}],"wp:attachment":[{"href":"https:\/\/shop.bantam.ch\/fr\/wp-json\/wp\/v2\/media?parent=199630"}],"wp:term":[{"taxonomy":"product_featured_cat","embeddable":true,"href":"https:\/\/shop.bantam.ch\/fr\/wp-json\/wp\/v2\/product_featured_cat?post=199630"},{"taxonomy":"product_brand","embeddable":true,"href":"https:\/\/shop.bantam.ch\/fr\/wp-json\/wp\/v2\/product_brand?post=199630"},{"taxonomy":"product_cat","embeddable":true,"href":"https:\/\/shop.bantam.ch\/fr\/wp-json\/wp\/v2\/product_cat?post=199630"},{"taxonomy":"product_tag","embeddable":true,"href":"https:\/\/shop.bantam.ch\/fr\/wp-json\/wp\/v2\/product_tag?post=199630"}],"curies":[{"name":"wp","href":"https:\/\/api.w.org\/{rel}","templated":true}]}}