{"id":199616,"date":"2024-05-15T17:15:23","date_gmt":"2024-05-15T15:15:23","guid":{"rendered":"https:\/\/shop.bantam.ch\/produit\/coupe-batterie-proplus-100-a-2-poles\/"},"modified":"2026-04-18T23:15:25","modified_gmt":"2026-04-18T21:15:25","slug":"coupe-batterie-proplus-100-a-2-poles","status":"publish","type":"product","link":"https:\/\/shop.bantam.ch\/fr\/produit\/coupe-batterie-proplus-100-a-2-poles\/","title":{"rendered":"Coupe-batterie ProPlus 100 A, 2 p\u00f4les"},"content":{"rendered":"<p>Le coupe-circuit permet de s\u00e9parer une batterie de tous les consommateurs de la voiture. Il suffit de tourner la cl\u00e9 pour que le v\u00e9hicule ne puisse plus \u00eatre vol\u00e9. Il est souvent utilis\u00e9 dans le domaine des caravanes. Dans la caravane\/le camping-car, les batteries sont d\u00e9branch\u00e9es.<\/p>\n<ul>\n<li>Avec capuchon de protection en caoutchouc pour emp\u00eacher la p\u00e9n\u00e9tration de salet\u00e9s<\/li>\n<li>Pr\u00e9vu pour \u00eatre encastr\u00e9<\/li>\n<li>Emp\u00eache la d\u00e9charge par courant de fuite<\/li>\n<li>Pour couper rapidement les circuits \u00e9lectriques, par ex. pour les camping-cars, les caravanes, les v\u00e9hicules automobiles, les voitures anciennes, les machines de chantier<\/li>\n<li>Puissance continue: 100 A, puissance de pointe: 500 A<\/li>\n<li>Tension de service 12 V, 24 V, 36 V, 48 V&nbsp;<\/li>\n<\/ul>\n<p>Contenu de la livraison :&nbsp;<\/p>\n<p>Inlcus 2 cl\u00e9s<\/p>\n","protected":false},"excerpt":{"rendered":"<p>Le coupe-circuit permet de s\u00e9parer une batterie de tous les consommateurs de la voiture. Il suffit de tourner la cl\u00e9 pour que le v\u00e9hicule ne puisse plus \u00eatre vol\u00e9. Il est souvent utilis\u00e9 dans le domaine des caravanes. Dans la caravane\/le camping-car, les batteries sont d\u00e9branch\u00e9es. Avec capuchon de protection en caoutchouc pour emp\u00eacher la [&hellip;]<\/p>\n","protected":false},"featured_media":207454,"template":"","meta":{"_acf_changed":false},"product_featured_cat":[],"product_brand":[],"product_cat":[5115],"product_tag":[],"class_list":{"0":"post-199616","1":"product","2":"type-product","3":"status-publish","4":"has-post-thumbnail","6":"product_cat-moniteur-de-batterie-et-interrupteurs","8":"first","9":"instock","10":"taxable","11":"shipping-taxable","12":"purchasable","13":"product-type-simple"},"acf":[],"yoast_head":"<!-- This site is optimized with the Yoast SEO plugin v27.4 - https:\/\/yoast.com\/product\/yoast-seo-wordpress\/ -->\n<title>Coupe-batterie ProPlus 100 A, 2 p\u00f4les - Bantam Wankm\u00fcller SA<\/title>\n<meta name=\"robots\" content=\"index, follow, max-snippet:-1, max-image-preview:large, max-video-preview:-1\" \/>\n<link rel=\"canonical\" href=\"https:\/\/shop.bantam.ch\/fr\/produit\/coupe-batterie-proplus-100-a-2-poles\/\" \/>\n<meta property=\"og:locale\" content=\"fr_FR\" \/>\n<meta property=\"og:type\" content=\"article\" \/>\n<meta property=\"og:title\" content=\"Coupe-batterie ProPlus 100 A, 2 p\u00f4les - Bantam Wankm\u00fcller SA\" \/>\n<meta property=\"og:description\" content=\"Le coupe-circuit permet de s\u00e9parer une batterie de tous les consommateurs de la voiture. Il suffit de tourner la cl\u00e9 pour que le v\u00e9hicule ne puisse plus \u00eatre vol\u00e9. Il est souvent utilis\u00e9 dans le domaine des caravanes. Dans la caravane\/le camping-car, les batteries sont d\u00e9branch\u00e9es. Avec capuchon de protection en caoutchouc pour emp\u00eacher la [&hellip;]\" \/>\n<meta property=\"og:url\" content=\"https:\/\/shop.bantam.ch\/fr\/produit\/coupe-batterie-proplus-100-a-2-poles\/\" \/>\n<meta property=\"og:site_name\" content=\"Bantam Wankm\u00fcller SA\" \/>\n<meta property=\"article:modified_time\" content=\"2026-04-18T21:15:25+00:00\" \/>\n<meta name=\"twitter:card\" content=\"summary_large_image\" \/>\n<meta name=\"twitter:label1\" content=\"Dur\u00e9e de lecture estim\u00e9e\" \/>\n\t<meta name=\"twitter:data1\" content=\"1 minute\" \/>\n<script type=\"application\/ld+json\" class=\"yoast-schema-graph\">{\"@context\":\"https:\\\/\\\/schema.org\",\"@graph\":[{\"@type\":\"WebPage\",\"@id\":\"https:\\\/\\\/shop.bantam.ch\\\/fr\\\/produit\\\/coupe-batterie-proplus-100-a-2-poles\\\/\",\"url\":\"https:\\\/\\\/shop.bantam.ch\\\/fr\\\/produit\\\/coupe-batterie-proplus-100-a-2-poles\\\/\",\"name\":\"Coupe-batterie ProPlus 100 A, 2 p\u00f4les - Bantam Wankm\u00fcller SA\",\"isPartOf\":{\"@id\":\"https:\\\/\\\/shop.bantam.ch\\\/fr\\\/#website\"},\"primaryImageOfPage\":{\"@id\":\"https:\\\/\\\/shop.bantam.ch\\\/fr\\\/produit\\\/coupe-batterie-proplus-100-a-2-poles\\\/#primaryimage\"},\"image\":{\"@id\":\"https:\\\/\\\/shop.bantam.ch\\\/fr\\\/produit\\\/coupe-batterie-proplus-100-a-2-poles\\\/#primaryimage\"},\"thumbnailUrl\":\"https:\\\/\\\/shop.bantam.ch\\\/wp-content\\\/uploads\\\/2024\\\/09\\\/Movera-L-9971029100.jpg\",\"datePublished\":\"2024-05-15T15:15:23+00:00\",\"dateModified\":\"2026-04-18T21:15:25+00:00\",\"breadcrumb\":{\"@id\":\"https:\\\/\\\/shop.bantam.ch\\\/fr\\\/produit\\\/coupe-batterie-proplus-100-a-2-poles\\\/#breadcrumb\"},\"inLanguage\":\"fr-FR\",\"potentialAction\":[{\"@type\":\"ReadAction\",\"target\":[\"https:\\\/\\\/shop.bantam.ch\\\/fr\\\/produit\\\/coupe-batterie-proplus-100-a-2-poles\\\/\"]}]},{\"@type\":\"ImageObject\",\"inLanguage\":\"fr-FR\",\"@id\":\"https:\\\/\\\/shop.bantam.ch\\\/fr\\\/produit\\\/coupe-batterie-proplus-100-a-2-poles\\\/#primaryimage\",\"url\":\"https:\\\/\\\/shop.bantam.ch\\\/wp-content\\\/uploads\\\/2024\\\/09\\\/Movera-L-9971029100.jpg\",\"contentUrl\":\"https:\\\/\\\/shop.bantam.ch\\\/wp-content\\\/uploads\\\/2024\\\/09\\\/Movera-L-9971029100.jpg\",\"width\":449,\"height\":449},{\"@type\":\"BreadcrumbList\",\"@id\":\"https:\\\/\\\/shop.bantam.ch\\\/fr\\\/produit\\\/coupe-batterie-proplus-100-a-2-poles\\\/#breadcrumb\",\"itemListElement\":[{\"@type\":\"ListItem\",\"position\":1,\"name\":\"Accueil\",\"item\":\"https:\\\/\\\/shop.bantam.ch\\\/fr\\\/\"},{\"@type\":\"ListItem\",\"position\":2,\"name\":\"Boutique\",\"item\":\"https:\\\/\\\/shop.bantam.ch\\\/fr\\\/boutique\\\/\"},{\"@type\":\"ListItem\",\"position\":3,\"name\":\"Coupe-batterie ProPlus 100 A, 2 p\u00f4les\"}]},{\"@type\":\"WebSite\",\"@id\":\"https:\\\/\\\/shop.bantam.ch\\\/fr\\\/#website\",\"url\":\"https:\\\/\\\/shop.bantam.ch\\\/fr\\\/\",\"name\":\"Bantam Wankm\u00fcller SA\",\"description\":\"\",\"publisher\":{\"@id\":\"https:\\\/\\\/shop.bantam.ch\\\/fr\\\/#organization\"},\"inLanguage\":\"fr-FR\"},{\"@type\":\"Organization\",\"@id\":\"https:\\\/\\\/shop.bantam.ch\\\/fr\\\/#organization\",\"name\":\"Bantam Wankm\u00fcller SA\",\"url\":\"https:\\\/\\\/shop.bantam.ch\\\/fr\\\/\",\"logo\":{\"@type\":\"ImageObject\",\"inLanguage\":\"fr-FR\",\"@id\":\"https:\\\/\\\/shop.bantam.ch\\\/fr\\\/#\\\/schema\\\/logo\\\/image\\\/\",\"url\":\"https:\\\/\\\/shop.bantam.ch\\\/wp-content\\\/uploads\\\/2022\\\/12\\\/bantam-logo.png\",\"contentUrl\":\"https:\\\/\\\/shop.bantam.ch\\\/wp-content\\\/uploads\\\/2022\\\/12\\\/bantam-logo.png\",\"width\":320,\"height\":71,\"caption\":\"Bantam Wankm\u00fcller SA\"},\"image\":{\"@id\":\"https:\\\/\\\/shop.bantam.ch\\\/fr\\\/#\\\/schema\\\/logo\\\/image\\\/\"}}]}<\/script>\n<!-- \/ Yoast SEO plugin. -->","yoast_head_json":{"title":"Coupe-batterie ProPlus 100 A, 2 p\u00f4les - Bantam Wankm\u00fcller SA","robots":{"index":"index","follow":"follow","max-snippet":"max-snippet:-1","max-image-preview":"max-image-preview:large","max-video-preview":"max-video-preview:-1"},"canonical":"https:\/\/shop.bantam.ch\/fr\/produit\/coupe-batterie-proplus-100-a-2-poles\/","og_locale":"fr_FR","og_type":"article","og_title":"Coupe-batterie ProPlus 100 A, 2 p\u00f4les - Bantam Wankm\u00fcller SA","og_description":"Le coupe-circuit permet de s\u00e9parer une batterie de tous les consommateurs de la voiture. Il suffit de tourner la cl\u00e9 pour que le v\u00e9hicule ne puisse plus \u00eatre vol\u00e9. Il est souvent utilis\u00e9 dans le domaine des caravanes. Dans la caravane\/le camping-car, les batteries sont d\u00e9branch\u00e9es. Avec capuchon de protection en caoutchouc pour emp\u00eacher la [&hellip;]","og_url":"https:\/\/shop.bantam.ch\/fr\/produit\/coupe-batterie-proplus-100-a-2-poles\/","og_site_name":"Bantam Wankm\u00fcller SA","article_modified_time":"2026-04-18T21:15:25+00:00","twitter_card":"summary_large_image","twitter_misc":{"Dur\u00e9e de lecture estim\u00e9e":"1 minute"},"schema":{"@context":"https:\/\/schema.org","@graph":[{"@type":"WebPage","@id":"https:\/\/shop.bantam.ch\/fr\/produit\/coupe-batterie-proplus-100-a-2-poles\/","url":"https:\/\/shop.bantam.ch\/fr\/produit\/coupe-batterie-proplus-100-a-2-poles\/","name":"Coupe-batterie ProPlus 100 A, 2 p\u00f4les - Bantam Wankm\u00fcller SA","isPartOf":{"@id":"https:\/\/shop.bantam.ch\/fr\/#website"},"primaryImageOfPage":{"@id":"https:\/\/shop.bantam.ch\/fr\/produit\/coupe-batterie-proplus-100-a-2-poles\/#primaryimage"},"image":{"@id":"https:\/\/shop.bantam.ch\/fr\/produit\/coupe-batterie-proplus-100-a-2-poles\/#primaryimage"},"thumbnailUrl":"https:\/\/shop.bantam.ch\/wp-content\/uploads\/2024\/09\/Movera-L-9971029100.jpg","datePublished":"2024-05-15T15:15:23+00:00","dateModified":"2026-04-18T21:15:25+00:00","breadcrumb":{"@id":"https:\/\/shop.bantam.ch\/fr\/produit\/coupe-batterie-proplus-100-a-2-poles\/#breadcrumb"},"inLanguage":"fr-FR","potentialAction":[{"@type":"ReadAction","target":["https:\/\/shop.bantam.ch\/fr\/produit\/coupe-batterie-proplus-100-a-2-poles\/"]}]},{"@type":"ImageObject","inLanguage":"fr-FR","@id":"https:\/\/shop.bantam.ch\/fr\/produit\/coupe-batterie-proplus-100-a-2-poles\/#primaryimage","url":"https:\/\/shop.bantam.ch\/wp-content\/uploads\/2024\/09\/Movera-L-9971029100.jpg","contentUrl":"https:\/\/shop.bantam.ch\/wp-content\/uploads\/2024\/09\/Movera-L-9971029100.jpg","width":449,"height":449},{"@type":"BreadcrumbList","@id":"https:\/\/shop.bantam.ch\/fr\/produit\/coupe-batterie-proplus-100-a-2-poles\/#breadcrumb","itemListElement":[{"@type":"ListItem","position":1,"name":"Accueil","item":"https:\/\/shop.bantam.ch\/fr\/"},{"@type":"ListItem","position":2,"name":"Boutique","item":"https:\/\/shop.bantam.ch\/fr\/boutique\/"},{"@type":"ListItem","position":3,"name":"Coupe-batterie ProPlus 100 A, 2 p\u00f4les"}]},{"@type":"WebSite","@id":"https:\/\/shop.bantam.ch\/fr\/#website","url":"https:\/\/shop.bantam.ch\/fr\/","name":"Bantam Wankm\u00fcller SA","description":"","publisher":{"@id":"https:\/\/shop.bantam.ch\/fr\/#organization"},"inLanguage":"fr-FR"},{"@type":"Organization","@id":"https:\/\/shop.bantam.ch\/fr\/#organization","name":"Bantam Wankm\u00fcller SA","url":"https:\/\/shop.bantam.ch\/fr\/","logo":{"@type":"ImageObject","inLanguage":"fr-FR","@id":"https:\/\/shop.bantam.ch\/fr\/#\/schema\/logo\/image\/","url":"https:\/\/shop.bantam.ch\/wp-content\/uploads\/2022\/12\/bantam-logo.png","contentUrl":"https:\/\/shop.bantam.ch\/wp-content\/uploads\/2022\/12\/bantam-logo.png","width":320,"height":71,"caption":"Bantam Wankm\u00fcller SA"},"image":{"@id":"https:\/\/shop.bantam.ch\/fr\/#\/schema\/logo\/image\/"}}]}},"_links":{"self":[{"href":"https:\/\/shop.bantam.ch\/fr\/wp-json\/wp\/v2\/product\/199616","targetHints":{"allow":["GET"]}}],"collection":[{"href":"https:\/\/shop.bantam.ch\/fr\/wp-json\/wp\/v2\/product"}],"about":[{"href":"https:\/\/shop.bantam.ch\/fr\/wp-json\/wp\/v2\/types\/product"}],"wp:featuredmedia":[{"embeddable":true,"href":"https:\/\/shop.bantam.ch\/fr\/wp-json\/wp\/v2\/media\/207454"}],"wp:attachment":[{"href":"https:\/\/shop.bantam.ch\/fr\/wp-json\/wp\/v2\/media?parent=199616"}],"wp:term":[{"taxonomy":"product_featured_cat","embeddable":true,"href":"https:\/\/shop.bantam.ch\/fr\/wp-json\/wp\/v2\/product_featured_cat?post=199616"},{"taxonomy":"product_brand","embeddable":true,"href":"https:\/\/shop.bantam.ch\/fr\/wp-json\/wp\/v2\/product_brand?post=199616"},{"taxonomy":"product_cat","embeddable":true,"href":"https:\/\/shop.bantam.ch\/fr\/wp-json\/wp\/v2\/product_cat?post=199616"},{"taxonomy":"product_tag","embeddable":true,"href":"https:\/\/shop.bantam.ch\/fr\/wp-json\/wp\/v2\/product_tag?post=199616"}],"curies":[{"name":"wp","href":"https:\/\/api.w.org\/{rel}","templated":true}]}}