{"id":199590,"date":"2024-05-15T17:14:41","date_gmt":"2024-05-15T15:14:41","guid":{"rendered":"https:\/\/shop.bantam.ch\/produit\/extensions-dauvent-wigo-buddy-ambiente\/"},"modified":"2026-04-18T23:15:23","modified_gmt":"2026-04-18T21:15:23","slug":"extensions-dauvent-wigo-buddy-ambiente","status":"publish","type":"product","link":"https:\/\/shop.bantam.ch\/fr\/produit\/extensions-dauvent-wigo-buddy-ambiente\/","title":{"rendered":"Extensions d&rsquo;auvent WIGO &#8211; Buddy Ambiente"},"content":{"rendered":"<p>Le complexe d&rsquo;extension l\u00e9ger et rapide \u00e0 monter est le compagnon de camping parfait pour les campeurs de longue dur\u00e9e ou les familles \u00e0 la recherche d&rsquo;un espace miraculeux. Gr\u00e2ce \u00e0 sa porte extra large, BUDDY peut \u00eatre utilis\u00e9 comme d\u00e9barras, garage \u00e0 v\u00e9los ou chambre d&rsquo;enfant.<\/p>\n<ul>\n<li>Extension moderne pour les mod\u00e8les ROLLI PLUS<\/li>\n<li>Adapt\u00e9 individuellement aux diff\u00e9rents designs ou mat\u00e9riaux.<\/li>\n<li>Montage facile et rapide.<\/li>\n<li>Grande stabilit\u00e9, manipulation simple.<\/li>\n<li>Qualit\u00e9 sup\u00e9rieure des mat\u00e9riaux et meilleure finition.<\/li>\n<li>Pas besoin de barre de toit.<\/li>\n<li>Paroi frontale avec porte d&rsquo;entr\u00e9e<\/li>\n<li>Protection contre les regards indiscrets gr\u00e2ce aux fen\u00eatres \u00e9troites plac\u00e9es en hauteur<\/li>\n<li>S\u00e9parable par la paroi lat\u00e9rale du ROLLI PLUS<\/li>\n<li>Utilisable de diff\u00e9rentes mani\u00e8res comme chambre d&rsquo;enfant, v\u00e9los \u00e9lectriques, quads, v\u00e9los, espace de rangement suppl\u00e9mentaire<\/li>\n<li>Fermetures \u00e0 glissi\u00e8re couvertes<\/li>\n<li>Porte extra large<\/li>\n<\/ul>\n<p>Mat\u00e9riaux:<br \/>\nToit : 65 % polyester, 35 % PVA<br \/>\nParoi lat\u00e9rale et frontale : 100 % polyester avec rev\u00eatement PVC<br \/>\nPanneau anti-\u00e9claboussures et bande anti-salissures : 100 % rev\u00eatement PVC<\/p>\n<p>\nContenu de la livraison:<br \/>\nInlcus tente&nbsp;&nbsp;<br \/>\n2 x m\u00e2t de montage Rolli avec ardillon Alu 28 avec Power Grip &nbsp;&nbsp;<br \/>\nMat\u00e9riel de haubanage Rolli &nbsp;&nbsp;<br \/>\nSet de sangles de temp\u00eate Rolli &nbsp; &nbsp;&nbsp;<br \/>\nSac WIGO noir<\/p>\n","protected":false},"excerpt":{"rendered":"<p>Le complexe d&rsquo;extension l\u00e9ger et rapide \u00e0 monter est le compagnon de camping parfait pour les campeurs de longue dur\u00e9e ou les familles \u00e0 la recherche d&rsquo;un espace miraculeux. Gr\u00e2ce \u00e0 sa porte extra large, BUDDY peut \u00eatre utilis\u00e9 comme d\u00e9barras, garage \u00e0 v\u00e9los ou chambre d&rsquo;enfant. Extension moderne pour les mod\u00e8les ROLLI PLUS Adapt\u00e9 [&hellip;]<\/p>\n","protected":false},"featured_media":207442,"template":"","meta":{"_acf_changed":false},"product_featured_cat":[],"product_brand":[3042],"product_cat":[4223],"product_tag":[],"class_list":{"0":"post-199590","1":"product","2":"type-product","3":"status-publish","4":"has-post-thumbnail","6":"product_brand-wigo","7":"product_cat-stores-et-auvents","9":"first","10":"instock","11":"taxable","12":"shipping-taxable","13":"purchasable","14":"product-type-simple"},"acf":[],"yoast_head":"<!-- This site is optimized with the Yoast SEO plugin v27.4 - https:\/\/yoast.com\/product\/yoast-seo-wordpress\/ -->\n<title>Extensions d&#039;auvent WIGO - Buddy Ambiente - Bantam Wankm\u00fcller SA<\/title>\n<meta name=\"robots\" content=\"index, follow, max-snippet:-1, max-image-preview:large, max-video-preview:-1\" \/>\n<link rel=\"canonical\" href=\"https:\/\/shop.bantam.ch\/fr\/produit\/extensions-dauvent-wigo-buddy-ambiente\/\" \/>\n<meta property=\"og:locale\" content=\"fr_FR\" \/>\n<meta property=\"og:type\" content=\"article\" \/>\n<meta property=\"og:title\" content=\"Extensions d&#039;auvent WIGO - Buddy Ambiente - Bantam Wankm\u00fcller SA\" \/>\n<meta property=\"og:description\" content=\"Le complexe d&rsquo;extension l\u00e9ger et rapide \u00e0 monter est le compagnon de camping parfait pour les campeurs de longue dur\u00e9e ou les familles \u00e0 la recherche d&rsquo;un espace miraculeux. Gr\u00e2ce \u00e0 sa porte extra large, BUDDY peut \u00eatre utilis\u00e9 comme d\u00e9barras, garage \u00e0 v\u00e9los ou chambre d&rsquo;enfant. Extension moderne pour les mod\u00e8les ROLLI PLUS Adapt\u00e9 [&hellip;]\" \/>\n<meta property=\"og:url\" content=\"https:\/\/shop.bantam.ch\/fr\/produit\/extensions-dauvent-wigo-buddy-ambiente\/\" \/>\n<meta property=\"og:site_name\" content=\"Bantam Wankm\u00fcller SA\" \/>\n<meta property=\"article:modified_time\" content=\"2026-04-18T21:15:23+00:00\" \/>\n<meta property=\"og:image\" content=\"https:\/\/shop.bantam.ch\/wp-content\/uploads\/2024\/05\/Movera-L-9971021100.jpg\" \/>\n\t<meta property=\"og:image:width\" content=\"600\" \/>\n\t<meta property=\"og:image:height\" content=\"600\" \/>\n\t<meta property=\"og:image:type\" content=\"image\/jpeg\" \/>\n<meta name=\"twitter:card\" content=\"summary_large_image\" \/>\n<meta name=\"twitter:label1\" content=\"Dur\u00e9e de lecture estim\u00e9e\" \/>\n\t<meta name=\"twitter:data1\" content=\"1 minute\" \/>\n<script type=\"application\/ld+json\" class=\"yoast-schema-graph\">{\"@context\":\"https:\\\/\\\/schema.org\",\"@graph\":[{\"@type\":\"WebPage\",\"@id\":\"https:\\\/\\\/shop.bantam.ch\\\/fr\\\/produit\\\/extensions-dauvent-wigo-buddy-ambiente\\\/\",\"url\":\"https:\\\/\\\/shop.bantam.ch\\\/fr\\\/produit\\\/extensions-dauvent-wigo-buddy-ambiente\\\/\",\"name\":\"Extensions d'auvent WIGO - Buddy Ambiente - Bantam Wankm\u00fcller SA\",\"isPartOf\":{\"@id\":\"https:\\\/\\\/shop.bantam.ch\\\/fr\\\/#website\"},\"primaryImageOfPage\":{\"@id\":\"https:\\\/\\\/shop.bantam.ch\\\/fr\\\/produit\\\/extensions-dauvent-wigo-buddy-ambiente\\\/#primaryimage\"},\"image\":{\"@id\":\"https:\\\/\\\/shop.bantam.ch\\\/fr\\\/produit\\\/extensions-dauvent-wigo-buddy-ambiente\\\/#primaryimage\"},\"thumbnailUrl\":\"https:\\\/\\\/shop.bantam.ch\\\/wp-content\\\/uploads\\\/2024\\\/09\\\/Movera-L-9971021100.jpg\",\"datePublished\":\"2024-05-15T15:14:41+00:00\",\"dateModified\":\"2026-04-18T21:15:23+00:00\",\"breadcrumb\":{\"@id\":\"https:\\\/\\\/shop.bantam.ch\\\/fr\\\/produit\\\/extensions-dauvent-wigo-buddy-ambiente\\\/#breadcrumb\"},\"inLanguage\":\"fr-FR\",\"potentialAction\":[{\"@type\":\"ReadAction\",\"target\":[\"https:\\\/\\\/shop.bantam.ch\\\/fr\\\/produit\\\/extensions-dauvent-wigo-buddy-ambiente\\\/\"]}]},{\"@type\":\"ImageObject\",\"inLanguage\":\"fr-FR\",\"@id\":\"https:\\\/\\\/shop.bantam.ch\\\/fr\\\/produit\\\/extensions-dauvent-wigo-buddy-ambiente\\\/#primaryimage\",\"url\":\"https:\\\/\\\/shop.bantam.ch\\\/wp-content\\\/uploads\\\/2024\\\/09\\\/Movera-L-9971021100.jpg\",\"contentUrl\":\"https:\\\/\\\/shop.bantam.ch\\\/wp-content\\\/uploads\\\/2024\\\/09\\\/Movera-L-9971021100.jpg\",\"width\":600,\"height\":600},{\"@type\":\"BreadcrumbList\",\"@id\":\"https:\\\/\\\/shop.bantam.ch\\\/fr\\\/produit\\\/extensions-dauvent-wigo-buddy-ambiente\\\/#breadcrumb\",\"itemListElement\":[{\"@type\":\"ListItem\",\"position\":1,\"name\":\"Accueil\",\"item\":\"https:\\\/\\\/shop.bantam.ch\\\/fr\\\/\"},{\"@type\":\"ListItem\",\"position\":2,\"name\":\"Boutique\",\"item\":\"https:\\\/\\\/shop.bantam.ch\\\/fr\\\/boutique\\\/\"},{\"@type\":\"ListItem\",\"position\":3,\"name\":\"Extensions d&#8217;auvent WIGO &#8211; Buddy Ambiente\"}]},{\"@type\":\"WebSite\",\"@id\":\"https:\\\/\\\/shop.bantam.ch\\\/fr\\\/#website\",\"url\":\"https:\\\/\\\/shop.bantam.ch\\\/fr\\\/\",\"name\":\"Bantam Wankm\u00fcller SA\",\"description\":\"\",\"publisher\":{\"@id\":\"https:\\\/\\\/shop.bantam.ch\\\/fr\\\/#organization\"},\"inLanguage\":\"fr-FR\"},{\"@type\":\"Organization\",\"@id\":\"https:\\\/\\\/shop.bantam.ch\\\/fr\\\/#organization\",\"name\":\"Bantam Wankm\u00fcller SA\",\"url\":\"https:\\\/\\\/shop.bantam.ch\\\/fr\\\/\",\"logo\":{\"@type\":\"ImageObject\",\"inLanguage\":\"fr-FR\",\"@id\":\"https:\\\/\\\/shop.bantam.ch\\\/fr\\\/#\\\/schema\\\/logo\\\/image\\\/\",\"url\":\"https:\\\/\\\/shop.bantam.ch\\\/wp-content\\\/uploads\\\/2022\\\/12\\\/bantam-logo.png\",\"contentUrl\":\"https:\\\/\\\/shop.bantam.ch\\\/wp-content\\\/uploads\\\/2022\\\/12\\\/bantam-logo.png\",\"width\":320,\"height\":71,\"caption\":\"Bantam Wankm\u00fcller SA\"},\"image\":{\"@id\":\"https:\\\/\\\/shop.bantam.ch\\\/fr\\\/#\\\/schema\\\/logo\\\/image\\\/\"}}]}<\/script>\n<!-- \/ Yoast SEO plugin. -->","yoast_head_json":{"title":"Extensions d'auvent WIGO - Buddy Ambiente - Bantam Wankm\u00fcller SA","robots":{"index":"index","follow":"follow","max-snippet":"max-snippet:-1","max-image-preview":"max-image-preview:large","max-video-preview":"max-video-preview:-1"},"canonical":"https:\/\/shop.bantam.ch\/fr\/produit\/extensions-dauvent-wigo-buddy-ambiente\/","og_locale":"fr_FR","og_type":"article","og_title":"Extensions d'auvent WIGO - Buddy Ambiente - Bantam Wankm\u00fcller SA","og_description":"Le complexe d&rsquo;extension l\u00e9ger et rapide \u00e0 monter est le compagnon de camping parfait pour les campeurs de longue dur\u00e9e ou les familles \u00e0 la recherche d&rsquo;un espace miraculeux. Gr\u00e2ce \u00e0 sa porte extra large, BUDDY peut \u00eatre utilis\u00e9 comme d\u00e9barras, garage \u00e0 v\u00e9los ou chambre d&rsquo;enfant. Extension moderne pour les mod\u00e8les ROLLI PLUS Adapt\u00e9 [&hellip;]","og_url":"https:\/\/shop.bantam.ch\/fr\/produit\/extensions-dauvent-wigo-buddy-ambiente\/","og_site_name":"Bantam Wankm\u00fcller SA","article_modified_time":"2026-04-18T21:15:23+00:00","og_image":[{"width":600,"height":600,"url":"https:\/\/shop.bantam.ch\/wp-content\/uploads\/2024\/05\/Movera-L-9971021100.jpg","type":"image\/jpeg"}],"twitter_card":"summary_large_image","twitter_misc":{"Dur\u00e9e de lecture estim\u00e9e":"1 minute"},"schema":{"@context":"https:\/\/schema.org","@graph":[{"@type":"WebPage","@id":"https:\/\/shop.bantam.ch\/fr\/produit\/extensions-dauvent-wigo-buddy-ambiente\/","url":"https:\/\/shop.bantam.ch\/fr\/produit\/extensions-dauvent-wigo-buddy-ambiente\/","name":"Extensions d'auvent WIGO - Buddy Ambiente - Bantam Wankm\u00fcller SA","isPartOf":{"@id":"https:\/\/shop.bantam.ch\/fr\/#website"},"primaryImageOfPage":{"@id":"https:\/\/shop.bantam.ch\/fr\/produit\/extensions-dauvent-wigo-buddy-ambiente\/#primaryimage"},"image":{"@id":"https:\/\/shop.bantam.ch\/fr\/produit\/extensions-dauvent-wigo-buddy-ambiente\/#primaryimage"},"thumbnailUrl":"https:\/\/shop.bantam.ch\/wp-content\/uploads\/2024\/09\/Movera-L-9971021100.jpg","datePublished":"2024-05-15T15:14:41+00:00","dateModified":"2026-04-18T21:15:23+00:00","breadcrumb":{"@id":"https:\/\/shop.bantam.ch\/fr\/produit\/extensions-dauvent-wigo-buddy-ambiente\/#breadcrumb"},"inLanguage":"fr-FR","potentialAction":[{"@type":"ReadAction","target":["https:\/\/shop.bantam.ch\/fr\/produit\/extensions-dauvent-wigo-buddy-ambiente\/"]}]},{"@type":"ImageObject","inLanguage":"fr-FR","@id":"https:\/\/shop.bantam.ch\/fr\/produit\/extensions-dauvent-wigo-buddy-ambiente\/#primaryimage","url":"https:\/\/shop.bantam.ch\/wp-content\/uploads\/2024\/09\/Movera-L-9971021100.jpg","contentUrl":"https:\/\/shop.bantam.ch\/wp-content\/uploads\/2024\/09\/Movera-L-9971021100.jpg","width":600,"height":600},{"@type":"BreadcrumbList","@id":"https:\/\/shop.bantam.ch\/fr\/produit\/extensions-dauvent-wigo-buddy-ambiente\/#breadcrumb","itemListElement":[{"@type":"ListItem","position":1,"name":"Accueil","item":"https:\/\/shop.bantam.ch\/fr\/"},{"@type":"ListItem","position":2,"name":"Boutique","item":"https:\/\/shop.bantam.ch\/fr\/boutique\/"},{"@type":"ListItem","position":3,"name":"Extensions d&#8217;auvent WIGO &#8211; Buddy Ambiente"}]},{"@type":"WebSite","@id":"https:\/\/shop.bantam.ch\/fr\/#website","url":"https:\/\/shop.bantam.ch\/fr\/","name":"Bantam Wankm\u00fcller SA","description":"","publisher":{"@id":"https:\/\/shop.bantam.ch\/fr\/#organization"},"inLanguage":"fr-FR"},{"@type":"Organization","@id":"https:\/\/shop.bantam.ch\/fr\/#organization","name":"Bantam Wankm\u00fcller SA","url":"https:\/\/shop.bantam.ch\/fr\/","logo":{"@type":"ImageObject","inLanguage":"fr-FR","@id":"https:\/\/shop.bantam.ch\/fr\/#\/schema\/logo\/image\/","url":"https:\/\/shop.bantam.ch\/wp-content\/uploads\/2022\/12\/bantam-logo.png","contentUrl":"https:\/\/shop.bantam.ch\/wp-content\/uploads\/2022\/12\/bantam-logo.png","width":320,"height":71,"caption":"Bantam Wankm\u00fcller SA"},"image":{"@id":"https:\/\/shop.bantam.ch\/fr\/#\/schema\/logo\/image\/"}}]}},"_links":{"self":[{"href":"https:\/\/shop.bantam.ch\/fr\/wp-json\/wp\/v2\/product\/199590","targetHints":{"allow":["GET"]}}],"collection":[{"href":"https:\/\/shop.bantam.ch\/fr\/wp-json\/wp\/v2\/product"}],"about":[{"href":"https:\/\/shop.bantam.ch\/fr\/wp-json\/wp\/v2\/types\/product"}],"wp:featuredmedia":[{"embeddable":true,"href":"https:\/\/shop.bantam.ch\/fr\/wp-json\/wp\/v2\/media\/207442"}],"wp:attachment":[{"href":"https:\/\/shop.bantam.ch\/fr\/wp-json\/wp\/v2\/media?parent=199590"}],"wp:term":[{"taxonomy":"product_featured_cat","embeddable":true,"href":"https:\/\/shop.bantam.ch\/fr\/wp-json\/wp\/v2\/product_featured_cat?post=199590"},{"taxonomy":"product_brand","embeddable":true,"href":"https:\/\/shop.bantam.ch\/fr\/wp-json\/wp\/v2\/product_brand?post=199590"},{"taxonomy":"product_cat","embeddable":true,"href":"https:\/\/shop.bantam.ch\/fr\/wp-json\/wp\/v2\/product_cat?post=199590"},{"taxonomy":"product_tag","embeddable":true,"href":"https:\/\/shop.bantam.ch\/fr\/wp-json\/wp\/v2\/product_tag?post=199590"}],"curies":[{"name":"wp","href":"https:\/\/api.w.org\/{rel}","templated":true}]}}