{"id":199586,"date":"2024-05-15T17:14:34","date_gmt":"2024-05-15T15:14:34","guid":{"rendered":"https:\/\/shop.bantam.ch\/produit\/smart-home-panel-ecoflow-combo-avec-13-relais-module\/"},"modified":"2026-05-01T23:08:52","modified_gmt":"2026-05-01T21:08:52","slug":"smart-home-panel-ecoflow-combo-avec-13-relais-module","status":"publish","type":"product","link":"https:\/\/shop.bantam.ch\/fr\/produit\/smart-home-panel-ecoflow-combo-avec-13-relais-module\/","title":{"rendered":"Smart Home Panel ECOFLOW Combo avec 13 Relais Module"},"content":{"rendered":"<p>Un syst\u00e8me de batterie intelligent pour la maison. Le module Smart Home a \u00e9t\u00e9 sp\u00e9cialement con\u00e7u pour l&rsquo;\u00e9cosyst\u00e8me DELTA Pro et relie la station d&rsquo;alimentation portable DELTA Pro directement aux lignes \u00e9lectriques de votre maison.Alimentation de secours pour les appareils m\u00e9nagers importants. En cas de panne du r\u00e9seau \u00e9lectrique, le module Smart Home passe imm\u00e9diatement \u00e0 l&rsquo;alimentation par batterie en utilisant toutes les unit\u00e9s DELTA Pro connect\u00e9es. Avec un \u00e9quipement ad\u00e9quat, votre maison est aliment\u00e9e en toute s\u00e9curit\u00e9 avec une puissance allant jusqu&rsquo;\u00e0 7200 W et 25 kWh d&rsquo;\u00e9nergie. Contr\u00f4le par l&rsquo;application EcoFlow. Surveillez, contr\u00f4lez et g\u00e9rez votre \u00e9lectricit\u00e9 via l&rsquo;application EcoFlow. L&rsquo;application vous montre les donn\u00e9es en temps r\u00e9el et vous permet d&rsquo;\u00e9viter des prix d&rsquo;\u00e9lectricit\u00e9 on\u00e9reux. \u00c9viter des prix d&rsquo;\u00e9lectricit\u00e9 on\u00e9reux. Si votre consommation d&rsquo;\u00e9lectricit\u00e9 est factur\u00e9e en fonction du temps, vous pouvez utiliser le module Smart Home et les DELTA Pros connect\u00e9s pour stocker de l&rsquo;\u00e9nergie lorsque le prix de l&rsquo;\u00e9lectricit\u00e9 est bas et utiliser l&rsquo;\u00e9lectricit\u00e9 stock\u00e9e lorsque le prix de l&rsquo;\u00e9lectricit\u00e9 est \u00e9lev\u00e9. Durable et ind\u00e9pendant. En connectant des modules solaires compatibles MC4 aux DELTA Pro, votre maison devient encore plus \u00e9cologique. Le module Smart Home relie l&rsquo;\u00e9nergie solaire gratuite et renouvelable \u00e0 vos prises de courant, lampes et autres consommateurs. Avec suffisamment d&rsquo;\u00e9nergie solaire, vous pouvez devenir ind\u00e9pendant du r\u00e9seau \u00e9lectrique.<\/p>\n<p>&nbsp;<\/p>\n<p>Contenu de la livraison:<br \/>\nInclus Panneau EcoFlow Smart Home<br \/>\nModules relais (8x13A; 5x16A)<br \/>\nC\u00e2ble de raccordement Infinity<br \/>\nSet de c\u00e2bles de raccordement<br \/>\nSupport mural<br \/>\nManuel d&rsquo;installation<\/p>\n","protected":false},"excerpt":{"rendered":"<p>Un syst\u00e8me de batterie intelligent pour la maison. Le module Smart Home a \u00e9t\u00e9 sp\u00e9cialement con\u00e7u pour l&rsquo;\u00e9cosyst\u00e8me DELTA Pro et relie la station d&rsquo;alimentation portable DELTA Pro directement aux lignes \u00e9lectriques de votre maison.Alimentation de secours pour les appareils m\u00e9nagers importants. En cas de panne du r\u00e9seau \u00e9lectrique, le module Smart Home passe imm\u00e9diatement [&hellip;]<\/p>\n","protected":false},"featured_media":207440,"template":"","meta":{"_acf_changed":false},"product_featured_cat":[],"product_brand":[3628],"product_cat":[4191],"product_tag":[],"class_list":{"0":"post-199586","1":"product","2":"type-product","3":"status-publish","4":"has-post-thumbnail","6":"product_brand-ecoflow","7":"product_cat-panneaux-daffichage","9":"first","10":"instock","11":"taxable","12":"shipping-taxable","13":"purchasable","14":"product-type-simple"},"acf":[],"yoast_head":"<!-- This site is optimized with the Yoast SEO plugin v27.5 - https:\/\/yoast.com\/product\/yoast-seo-wordpress\/ -->\n<title>Smart Home Panel ECOFLOW Combo avec 13 Relais Module - Bantam<\/title>\n<meta name=\"robots\" content=\"index, follow, max-snippet:-1, max-image-preview:large, max-video-preview:-1\" \/>\n<link rel=\"canonical\" href=\"https:\/\/shop.bantam.ch\/fr\/produit\/smart-home-panel-ecoflow-combo-avec-13-relais-module\/\" \/>\n<meta property=\"og:locale\" content=\"fr_FR\" \/>\n<meta property=\"og:type\" content=\"article\" \/>\n<meta property=\"og:title\" content=\"Smart Home Panel ECOFLOW Combo avec 13 Relais Module - Bantam\" \/>\n<meta property=\"og:description\" content=\"Un syst\u00e8me de batterie intelligent pour la maison. Le module Smart Home a \u00e9t\u00e9 sp\u00e9cialement con\u00e7u pour l&rsquo;\u00e9cosyst\u00e8me DELTA Pro et relie la station d&rsquo;alimentation portable DELTA Pro directement aux lignes \u00e9lectriques de votre maison.Alimentation de secours pour les appareils m\u00e9nagers importants. En cas de panne du r\u00e9seau \u00e9lectrique, le module Smart Home passe imm\u00e9diatement [&hellip;]\" \/>\n<meta property=\"og:url\" content=\"https:\/\/shop.bantam.ch\/fr\/produit\/smart-home-panel-ecoflow-combo-avec-13-relais-module\/\" \/>\n<meta property=\"og:site_name\" content=\"Bantam\" \/>\n<meta property=\"article:modified_time\" content=\"2026-05-01T21:08:52+00:00\" \/>\n<meta property=\"og:image\" content=\"https:\/\/shop.bantam.ch\/wp-content\/uploads\/2024\/05\/Movera-L-9971017100.jpg\" \/>\n\t<meta property=\"og:image:width\" content=\"583\" \/>\n\t<meta property=\"og:image:height\" content=\"835\" \/>\n\t<meta property=\"og:image:type\" content=\"image\/jpeg\" \/>\n<meta name=\"twitter:card\" content=\"summary_large_image\" \/>\n<meta name=\"twitter:label1\" content=\"Dur\u00e9e de lecture estim\u00e9e\" \/>\n\t<meta name=\"twitter:data1\" content=\"1 minute\" \/>\n<script type=\"application\/ld+json\" class=\"yoast-schema-graph\">{\"@context\":\"https:\\\/\\\/schema.org\",\"@graph\":[{\"@type\":\"WebPage\",\"@id\":\"https:\\\/\\\/shop.bantam.ch\\\/fr\\\/produit\\\/smart-home-panel-ecoflow-combo-avec-13-relais-module\\\/\",\"url\":\"https:\\\/\\\/shop.bantam.ch\\\/fr\\\/produit\\\/smart-home-panel-ecoflow-combo-avec-13-relais-module\\\/\",\"name\":\"Smart Home Panel ECOFLOW Combo avec 13 Relais Module - Bantam\",\"isPartOf\":{\"@id\":\"https:\\\/\\\/shop.bantam.ch\\\/fr\\\/#website\"},\"primaryImageOfPage\":{\"@id\":\"https:\\\/\\\/shop.bantam.ch\\\/fr\\\/produit\\\/smart-home-panel-ecoflow-combo-avec-13-relais-module\\\/#primaryimage\"},\"image\":{\"@id\":\"https:\\\/\\\/shop.bantam.ch\\\/fr\\\/produit\\\/smart-home-panel-ecoflow-combo-avec-13-relais-module\\\/#primaryimage\"},\"thumbnailUrl\":\"https:\\\/\\\/shop.bantam.ch\\\/wp-content\\\/uploads\\\/2024\\\/09\\\/Movera-L-9971017100.jpg\",\"datePublished\":\"2024-05-15T15:14:34+00:00\",\"dateModified\":\"2026-05-01T21:08:52+00:00\",\"breadcrumb\":{\"@id\":\"https:\\\/\\\/shop.bantam.ch\\\/fr\\\/produit\\\/smart-home-panel-ecoflow-combo-avec-13-relais-module\\\/#breadcrumb\"},\"inLanguage\":\"fr-FR\",\"potentialAction\":[{\"@type\":\"ReadAction\",\"target\":[\"https:\\\/\\\/shop.bantam.ch\\\/fr\\\/produit\\\/smart-home-panel-ecoflow-combo-avec-13-relais-module\\\/\"]}]},{\"@type\":\"ImageObject\",\"inLanguage\":\"fr-FR\",\"@id\":\"https:\\\/\\\/shop.bantam.ch\\\/fr\\\/produit\\\/smart-home-panel-ecoflow-combo-avec-13-relais-module\\\/#primaryimage\",\"url\":\"https:\\\/\\\/shop.bantam.ch\\\/wp-content\\\/uploads\\\/2024\\\/09\\\/Movera-L-9971017100.jpg\",\"contentUrl\":\"https:\\\/\\\/shop.bantam.ch\\\/wp-content\\\/uploads\\\/2024\\\/09\\\/Movera-L-9971017100.jpg\",\"width\":583,\"height\":835},{\"@type\":\"BreadcrumbList\",\"@id\":\"https:\\\/\\\/shop.bantam.ch\\\/fr\\\/produit\\\/smart-home-panel-ecoflow-combo-avec-13-relais-module\\\/#breadcrumb\",\"itemListElement\":[{\"@type\":\"ListItem\",\"position\":1,\"name\":\"Accueil\",\"item\":\"https:\\\/\\\/shop.bantam.ch\\\/fr\\\/\"},{\"@type\":\"ListItem\",\"position\":2,\"name\":\"Boutique\",\"item\":\"https:\\\/\\\/shop.bantam.ch\\\/fr\\\/boutique\\\/\"},{\"@type\":\"ListItem\",\"position\":3,\"name\":\"Smart Home Panel ECOFLOW Combo avec 13 Relais Module\"}]},{\"@type\":\"WebSite\",\"@id\":\"https:\\\/\\\/shop.bantam.ch\\\/fr\\\/#website\",\"url\":\"https:\\\/\\\/shop.bantam.ch\\\/fr\\\/\",\"name\":\"Bantam\",\"description\":\"\",\"publisher\":{\"@id\":\"https:\\\/\\\/shop.bantam.ch\\\/fr\\\/#organization\"},\"inLanguage\":\"fr-FR\"},{\"@type\":\"Organization\",\"@id\":\"https:\\\/\\\/shop.bantam.ch\\\/fr\\\/#organization\",\"name\":\"Bantam\",\"url\":\"https:\\\/\\\/shop.bantam.ch\\\/fr\\\/\",\"logo\":{\"@type\":\"ImageObject\",\"inLanguage\":\"fr-FR\",\"@id\":\"https:\\\/\\\/shop.bantam.ch\\\/fr\\\/#\\\/schema\\\/logo\\\/image\\\/\",\"url\":\"https:\\\/\\\/shop.bantam.ch\\\/wp-content\\\/uploads\\\/2022\\\/12\\\/bantam-logo.png\",\"contentUrl\":\"https:\\\/\\\/shop.bantam.ch\\\/wp-content\\\/uploads\\\/2022\\\/12\\\/bantam-logo.png\",\"width\":320,\"height\":71,\"caption\":\"Bantam\"},\"image\":{\"@id\":\"https:\\\/\\\/shop.bantam.ch\\\/fr\\\/#\\\/schema\\\/logo\\\/image\\\/\"}}]}<\/script>\n<!-- \/ Yoast SEO plugin. -->","yoast_head_json":{"title":"Smart Home Panel ECOFLOW Combo avec 13 Relais Module - Bantam","robots":{"index":"index","follow":"follow","max-snippet":"max-snippet:-1","max-image-preview":"max-image-preview:large","max-video-preview":"max-video-preview:-1"},"canonical":"https:\/\/shop.bantam.ch\/fr\/produit\/smart-home-panel-ecoflow-combo-avec-13-relais-module\/","og_locale":"fr_FR","og_type":"article","og_title":"Smart Home Panel ECOFLOW Combo avec 13 Relais Module - Bantam","og_description":"Un syst\u00e8me de batterie intelligent pour la maison. Le module Smart Home a \u00e9t\u00e9 sp\u00e9cialement con\u00e7u pour l&rsquo;\u00e9cosyst\u00e8me DELTA Pro et relie la station d&rsquo;alimentation portable DELTA Pro directement aux lignes \u00e9lectriques de votre maison.Alimentation de secours pour les appareils m\u00e9nagers importants. En cas de panne du r\u00e9seau \u00e9lectrique, le module Smart Home passe imm\u00e9diatement [&hellip;]","og_url":"https:\/\/shop.bantam.ch\/fr\/produit\/smart-home-panel-ecoflow-combo-avec-13-relais-module\/","og_site_name":"Bantam","article_modified_time":"2026-05-01T21:08:52+00:00","og_image":[{"width":583,"height":835,"url":"https:\/\/shop.bantam.ch\/wp-content\/uploads\/2024\/05\/Movera-L-9971017100.jpg","type":"image\/jpeg"}],"twitter_card":"summary_large_image","twitter_misc":{"Dur\u00e9e de lecture estim\u00e9e":"1 minute"},"schema":{"@context":"https:\/\/schema.org","@graph":[{"@type":"WebPage","@id":"https:\/\/shop.bantam.ch\/fr\/produit\/smart-home-panel-ecoflow-combo-avec-13-relais-module\/","url":"https:\/\/shop.bantam.ch\/fr\/produit\/smart-home-panel-ecoflow-combo-avec-13-relais-module\/","name":"Smart Home Panel ECOFLOW Combo avec 13 Relais Module - Bantam","isPartOf":{"@id":"https:\/\/shop.bantam.ch\/fr\/#website"},"primaryImageOfPage":{"@id":"https:\/\/shop.bantam.ch\/fr\/produit\/smart-home-panel-ecoflow-combo-avec-13-relais-module\/#primaryimage"},"image":{"@id":"https:\/\/shop.bantam.ch\/fr\/produit\/smart-home-panel-ecoflow-combo-avec-13-relais-module\/#primaryimage"},"thumbnailUrl":"https:\/\/shop.bantam.ch\/wp-content\/uploads\/2024\/09\/Movera-L-9971017100.jpg","datePublished":"2024-05-15T15:14:34+00:00","dateModified":"2026-05-01T21:08:52+00:00","breadcrumb":{"@id":"https:\/\/shop.bantam.ch\/fr\/produit\/smart-home-panel-ecoflow-combo-avec-13-relais-module\/#breadcrumb"},"inLanguage":"fr-FR","potentialAction":[{"@type":"ReadAction","target":["https:\/\/shop.bantam.ch\/fr\/produit\/smart-home-panel-ecoflow-combo-avec-13-relais-module\/"]}]},{"@type":"ImageObject","inLanguage":"fr-FR","@id":"https:\/\/shop.bantam.ch\/fr\/produit\/smart-home-panel-ecoflow-combo-avec-13-relais-module\/#primaryimage","url":"https:\/\/shop.bantam.ch\/wp-content\/uploads\/2024\/09\/Movera-L-9971017100.jpg","contentUrl":"https:\/\/shop.bantam.ch\/wp-content\/uploads\/2024\/09\/Movera-L-9971017100.jpg","width":583,"height":835},{"@type":"BreadcrumbList","@id":"https:\/\/shop.bantam.ch\/fr\/produit\/smart-home-panel-ecoflow-combo-avec-13-relais-module\/#breadcrumb","itemListElement":[{"@type":"ListItem","position":1,"name":"Accueil","item":"https:\/\/shop.bantam.ch\/fr\/"},{"@type":"ListItem","position":2,"name":"Boutique","item":"https:\/\/shop.bantam.ch\/fr\/boutique\/"},{"@type":"ListItem","position":3,"name":"Smart Home Panel ECOFLOW Combo avec 13 Relais Module"}]},{"@type":"WebSite","@id":"https:\/\/shop.bantam.ch\/fr\/#website","url":"https:\/\/shop.bantam.ch\/fr\/","name":"Bantam","description":"","publisher":{"@id":"https:\/\/shop.bantam.ch\/fr\/#organization"},"inLanguage":"fr-FR"},{"@type":"Organization","@id":"https:\/\/shop.bantam.ch\/fr\/#organization","name":"Bantam","url":"https:\/\/shop.bantam.ch\/fr\/","logo":{"@type":"ImageObject","inLanguage":"fr-FR","@id":"https:\/\/shop.bantam.ch\/fr\/#\/schema\/logo\/image\/","url":"https:\/\/shop.bantam.ch\/wp-content\/uploads\/2022\/12\/bantam-logo.png","contentUrl":"https:\/\/shop.bantam.ch\/wp-content\/uploads\/2022\/12\/bantam-logo.png","width":320,"height":71,"caption":"Bantam"},"image":{"@id":"https:\/\/shop.bantam.ch\/fr\/#\/schema\/logo\/image\/"}}]}},"_links":{"self":[{"href":"https:\/\/shop.bantam.ch\/fr\/wp-json\/wp\/v2\/product\/199586","targetHints":{"allow":["GET"]}}],"collection":[{"href":"https:\/\/shop.bantam.ch\/fr\/wp-json\/wp\/v2\/product"}],"about":[{"href":"https:\/\/shop.bantam.ch\/fr\/wp-json\/wp\/v2\/types\/product"}],"wp:featuredmedia":[{"embeddable":true,"href":"https:\/\/shop.bantam.ch\/fr\/wp-json\/wp\/v2\/media\/207440"}],"wp:attachment":[{"href":"https:\/\/shop.bantam.ch\/fr\/wp-json\/wp\/v2\/media?parent=199586"}],"wp:term":[{"taxonomy":"product_featured_cat","embeddable":true,"href":"https:\/\/shop.bantam.ch\/fr\/wp-json\/wp\/v2\/product_featured_cat?post=199586"},{"taxonomy":"product_brand","embeddable":true,"href":"https:\/\/shop.bantam.ch\/fr\/wp-json\/wp\/v2\/product_brand?post=199586"},{"taxonomy":"product_cat","embeddable":true,"href":"https:\/\/shop.bantam.ch\/fr\/wp-json\/wp\/v2\/product_cat?post=199586"},{"taxonomy":"product_tag","embeddable":true,"href":"https:\/\/shop.bantam.ch\/fr\/wp-json\/wp\/v2\/product_tag?post=199586"}],"curies":[{"name":"wp","href":"https:\/\/api.w.org\/{rel}","templated":true}]}}