{"id":199570,"date":"2024-05-15T17:14:19","date_gmt":"2024-05-15T15:14:19","guid":{"rendered":"https:\/\/shop.bantam.ch\/produit\/panneau-solaire-ecoflow-100-w-flex\/"},"modified":"2026-04-21T23:16:27","modified_gmt":"2026-04-21T21:16:27","slug":"panneau-solaire-ecoflow-100-w-flex","status":"publish","type":"product","link":"https:\/\/shop.bantam.ch\/fr\/produit\/panneau-solaire-ecoflow-100-w-flex\/","title":{"rendered":"Panneau solaire ECOFLOW 100 W Flex"},"content":{"rendered":"<p><strong>Extr\u00eamement l\u00e9ger:<\/strong> avec un poids de seulement 2,3 kg, ce panneau solaire flexible est facile \u00e0 emporter et \u00e0 installer et n&rsquo;ajoute presque pas de poids suppl\u00e9mentaire \u00e0 votre v\u00e9hicule. Les panneaux solaires flexibles conviennent aux toits qui ne peuvent pas supporter la charge des panneaux rigides standard, ce qui en fait une option plus polyvalente.<\/p>\n<p><strong>Flexibles:<\/strong> leur conception adaptable convient \u00e0 une grande vari\u00e9t\u00e9 de surfaces incurv\u00e9es, ce qui les rend id\u00e9aux pour une installation sur les camping-cars, les toits de voiture et les bateaux.<\/p>\n<p><strong>R\u00e9sistant aux intemp\u00e9ries:<\/strong> avec un indice de protection IP68, le panneau solaire flexible peut \u00eatre utilis\u00e9 par tous les temps, il est \u00e9tanche \u00e0 la poussi\u00e8re et capable de r\u00e9sister \u00e0 la salet\u00e9 et aux jets d&rsquo;eau \u00e0 basse pression.<\/p>\n<p><strong>Compatibilit\u00e9 universelle<\/strong>: le panneau solaire flexible 100 W est livr\u00e9 avec un c\u00e2ble d&rsquo;un m\u00e8tre de long qui vous offre une grande libert\u00e9 de mouvement pour positionner les diff\u00e9rents panneaux et maximiser ainsi le rayonnement solaire. Gr\u00e2ce \u00e0 un connecteur solaire, le panneau flexible 100 W est compatible avec d&rsquo;autres syst\u00e8mes solaires et stations de puissance de fournisseurs tiers.<\/p>\n<p>&nbsp;<\/p>\n<p>Contenu de la livraison:<br \/>\nInclus Panneau solaire flexible EcoFlow 100 W<\/p>\n","protected":false},"excerpt":{"rendered":"<p>Extr\u00eamement l\u00e9ger: avec un poids de seulement 2,3 kg, ce panneau solaire flexible est facile \u00e0 emporter et \u00e0 installer et n&rsquo;ajoute presque pas de poids suppl\u00e9mentaire \u00e0 votre v\u00e9hicule. Les panneaux solaires flexibles conviennent aux toits qui ne peuvent pas supporter la charge des panneaux rigides standard, ce qui en fait une option plus [&hellip;]<\/p>\n","protected":false},"featured_media":207436,"template":"","meta":{"_acf_changed":false},"product_featured_cat":[],"product_brand":[3628],"product_cat":[4883],"product_tag":[],"class_list":{"0":"post-199570","1":"product","2":"type-product","3":"status-publish","4":"has-post-thumbnail","6":"product_brand-ecoflow","7":"product_cat-modules-solaires","9":"first","10":"instock","11":"taxable","12":"shipping-taxable","13":"purchasable","14":"product-type-simple"},"acf":[],"yoast_head":"<!-- This site is optimized with the Yoast SEO plugin v27.4 - https:\/\/yoast.com\/product\/yoast-seo-wordpress\/ -->\n<title>Panneau solaire ECOFLOW 100 W Flex - Bantam Wankm\u00fcller SA<\/title>\n<meta name=\"robots\" content=\"index, follow, max-snippet:-1, max-image-preview:large, max-video-preview:-1\" \/>\n<link rel=\"canonical\" href=\"https:\/\/shop.bantam.ch\/fr\/produit\/panneau-solaire-ecoflow-100-w-flex\/\" \/>\n<meta property=\"og:locale\" content=\"fr_FR\" \/>\n<meta property=\"og:type\" content=\"article\" \/>\n<meta property=\"og:title\" content=\"Panneau solaire ECOFLOW 100 W Flex - Bantam Wankm\u00fcller SA\" \/>\n<meta property=\"og:description\" content=\"Extr\u00eamement l\u00e9ger: avec un poids de seulement 2,3 kg, ce panneau solaire flexible est facile \u00e0 emporter et \u00e0 installer et n&rsquo;ajoute presque pas de poids suppl\u00e9mentaire \u00e0 votre v\u00e9hicule. Les panneaux solaires flexibles conviennent aux toits qui ne peuvent pas supporter la charge des panneaux rigides standard, ce qui en fait une option plus [&hellip;]\" \/>\n<meta property=\"og:url\" content=\"https:\/\/shop.bantam.ch\/fr\/produit\/panneau-solaire-ecoflow-100-w-flex\/\" \/>\n<meta property=\"og:site_name\" content=\"Bantam Wankm\u00fcller SA\" \/>\n<meta property=\"article:modified_time\" content=\"2026-04-21T21:16:27+00:00\" \/>\n<meta property=\"og:image\" content=\"https:\/\/shop.bantam.ch\/wp-content\/uploads\/2024\/05\/Movera-L-9971013200.jpg\" \/>\n\t<meta property=\"og:image:width\" content=\"640\" \/>\n\t<meta property=\"og:image:height\" content=\"640\" \/>\n\t<meta property=\"og:image:type\" content=\"image\/jpeg\" \/>\n<meta name=\"twitter:card\" content=\"summary_large_image\" \/>\n<meta name=\"twitter:label1\" content=\"Dur\u00e9e de lecture estim\u00e9e\" \/>\n\t<meta name=\"twitter:data1\" content=\"1 minute\" \/>\n<script type=\"application\/ld+json\" class=\"yoast-schema-graph\">{\"@context\":\"https:\\\/\\\/schema.org\",\"@graph\":[{\"@type\":\"WebPage\",\"@id\":\"https:\\\/\\\/shop.bantam.ch\\\/fr\\\/produit\\\/panneau-solaire-ecoflow-100-w-flex\\\/\",\"url\":\"https:\\\/\\\/shop.bantam.ch\\\/fr\\\/produit\\\/panneau-solaire-ecoflow-100-w-flex\\\/\",\"name\":\"Panneau solaire ECOFLOW 100 W Flex - Bantam Wankm\u00fcller SA\",\"isPartOf\":{\"@id\":\"https:\\\/\\\/shop.bantam.ch\\\/fr\\\/#website\"},\"primaryImageOfPage\":{\"@id\":\"https:\\\/\\\/shop.bantam.ch\\\/fr\\\/produit\\\/panneau-solaire-ecoflow-100-w-flex\\\/#primaryimage\"},\"image\":{\"@id\":\"https:\\\/\\\/shop.bantam.ch\\\/fr\\\/produit\\\/panneau-solaire-ecoflow-100-w-flex\\\/#primaryimage\"},\"thumbnailUrl\":\"https:\\\/\\\/shop.bantam.ch\\\/wp-content\\\/uploads\\\/2024\\\/09\\\/Movera-L-9971013200.jpg\",\"datePublished\":\"2024-05-15T15:14:19+00:00\",\"dateModified\":\"2026-04-21T21:16:27+00:00\",\"breadcrumb\":{\"@id\":\"https:\\\/\\\/shop.bantam.ch\\\/fr\\\/produit\\\/panneau-solaire-ecoflow-100-w-flex\\\/#breadcrumb\"},\"inLanguage\":\"fr-FR\",\"potentialAction\":[{\"@type\":\"ReadAction\",\"target\":[\"https:\\\/\\\/shop.bantam.ch\\\/fr\\\/produit\\\/panneau-solaire-ecoflow-100-w-flex\\\/\"]}]},{\"@type\":\"ImageObject\",\"inLanguage\":\"fr-FR\",\"@id\":\"https:\\\/\\\/shop.bantam.ch\\\/fr\\\/produit\\\/panneau-solaire-ecoflow-100-w-flex\\\/#primaryimage\",\"url\":\"https:\\\/\\\/shop.bantam.ch\\\/wp-content\\\/uploads\\\/2024\\\/09\\\/Movera-L-9971013200.jpg\",\"contentUrl\":\"https:\\\/\\\/shop.bantam.ch\\\/wp-content\\\/uploads\\\/2024\\\/09\\\/Movera-L-9971013200.jpg\",\"width\":640,\"height\":640},{\"@type\":\"BreadcrumbList\",\"@id\":\"https:\\\/\\\/shop.bantam.ch\\\/fr\\\/produit\\\/panneau-solaire-ecoflow-100-w-flex\\\/#breadcrumb\",\"itemListElement\":[{\"@type\":\"ListItem\",\"position\":1,\"name\":\"Accueil\",\"item\":\"https:\\\/\\\/shop.bantam.ch\\\/fr\\\/\"},{\"@type\":\"ListItem\",\"position\":2,\"name\":\"Boutique\",\"item\":\"https:\\\/\\\/shop.bantam.ch\\\/fr\\\/boutique\\\/\"},{\"@type\":\"ListItem\",\"position\":3,\"name\":\"Panneau solaire ECOFLOW 100 W Flex\"}]},{\"@type\":\"WebSite\",\"@id\":\"https:\\\/\\\/shop.bantam.ch\\\/fr\\\/#website\",\"url\":\"https:\\\/\\\/shop.bantam.ch\\\/fr\\\/\",\"name\":\"Bantam Wankm\u00fcller SA\",\"description\":\"\",\"publisher\":{\"@id\":\"https:\\\/\\\/shop.bantam.ch\\\/fr\\\/#organization\"},\"inLanguage\":\"fr-FR\"},{\"@type\":\"Organization\",\"@id\":\"https:\\\/\\\/shop.bantam.ch\\\/fr\\\/#organization\",\"name\":\"Bantam Wankm\u00fcller SA\",\"url\":\"https:\\\/\\\/shop.bantam.ch\\\/fr\\\/\",\"logo\":{\"@type\":\"ImageObject\",\"inLanguage\":\"fr-FR\",\"@id\":\"https:\\\/\\\/shop.bantam.ch\\\/fr\\\/#\\\/schema\\\/logo\\\/image\\\/\",\"url\":\"https:\\\/\\\/shop.bantam.ch\\\/wp-content\\\/uploads\\\/2022\\\/12\\\/bantam-logo.png\",\"contentUrl\":\"https:\\\/\\\/shop.bantam.ch\\\/wp-content\\\/uploads\\\/2022\\\/12\\\/bantam-logo.png\",\"width\":320,\"height\":71,\"caption\":\"Bantam Wankm\u00fcller SA\"},\"image\":{\"@id\":\"https:\\\/\\\/shop.bantam.ch\\\/fr\\\/#\\\/schema\\\/logo\\\/image\\\/\"}}]}<\/script>\n<!-- \/ Yoast SEO plugin. -->","yoast_head_json":{"title":"Panneau solaire ECOFLOW 100 W Flex - Bantam Wankm\u00fcller SA","robots":{"index":"index","follow":"follow","max-snippet":"max-snippet:-1","max-image-preview":"max-image-preview:large","max-video-preview":"max-video-preview:-1"},"canonical":"https:\/\/shop.bantam.ch\/fr\/produit\/panneau-solaire-ecoflow-100-w-flex\/","og_locale":"fr_FR","og_type":"article","og_title":"Panneau solaire ECOFLOW 100 W Flex - Bantam Wankm\u00fcller SA","og_description":"Extr\u00eamement l\u00e9ger: avec un poids de seulement 2,3 kg, ce panneau solaire flexible est facile \u00e0 emporter et \u00e0 installer et n&rsquo;ajoute presque pas de poids suppl\u00e9mentaire \u00e0 votre v\u00e9hicule. Les panneaux solaires flexibles conviennent aux toits qui ne peuvent pas supporter la charge des panneaux rigides standard, ce qui en fait une option plus [&hellip;]","og_url":"https:\/\/shop.bantam.ch\/fr\/produit\/panneau-solaire-ecoflow-100-w-flex\/","og_site_name":"Bantam Wankm\u00fcller SA","article_modified_time":"2026-04-21T21:16:27+00:00","og_image":[{"width":640,"height":640,"url":"https:\/\/shop.bantam.ch\/wp-content\/uploads\/2024\/05\/Movera-L-9971013200.jpg","type":"image\/jpeg"}],"twitter_card":"summary_large_image","twitter_misc":{"Dur\u00e9e de lecture estim\u00e9e":"1 minute"},"schema":{"@context":"https:\/\/schema.org","@graph":[{"@type":"WebPage","@id":"https:\/\/shop.bantam.ch\/fr\/produit\/panneau-solaire-ecoflow-100-w-flex\/","url":"https:\/\/shop.bantam.ch\/fr\/produit\/panneau-solaire-ecoflow-100-w-flex\/","name":"Panneau solaire ECOFLOW 100 W Flex - Bantam Wankm\u00fcller SA","isPartOf":{"@id":"https:\/\/shop.bantam.ch\/fr\/#website"},"primaryImageOfPage":{"@id":"https:\/\/shop.bantam.ch\/fr\/produit\/panneau-solaire-ecoflow-100-w-flex\/#primaryimage"},"image":{"@id":"https:\/\/shop.bantam.ch\/fr\/produit\/panneau-solaire-ecoflow-100-w-flex\/#primaryimage"},"thumbnailUrl":"https:\/\/shop.bantam.ch\/wp-content\/uploads\/2024\/09\/Movera-L-9971013200.jpg","datePublished":"2024-05-15T15:14:19+00:00","dateModified":"2026-04-21T21:16:27+00:00","breadcrumb":{"@id":"https:\/\/shop.bantam.ch\/fr\/produit\/panneau-solaire-ecoflow-100-w-flex\/#breadcrumb"},"inLanguage":"fr-FR","potentialAction":[{"@type":"ReadAction","target":["https:\/\/shop.bantam.ch\/fr\/produit\/panneau-solaire-ecoflow-100-w-flex\/"]}]},{"@type":"ImageObject","inLanguage":"fr-FR","@id":"https:\/\/shop.bantam.ch\/fr\/produit\/panneau-solaire-ecoflow-100-w-flex\/#primaryimage","url":"https:\/\/shop.bantam.ch\/wp-content\/uploads\/2024\/09\/Movera-L-9971013200.jpg","contentUrl":"https:\/\/shop.bantam.ch\/wp-content\/uploads\/2024\/09\/Movera-L-9971013200.jpg","width":640,"height":640},{"@type":"BreadcrumbList","@id":"https:\/\/shop.bantam.ch\/fr\/produit\/panneau-solaire-ecoflow-100-w-flex\/#breadcrumb","itemListElement":[{"@type":"ListItem","position":1,"name":"Accueil","item":"https:\/\/shop.bantam.ch\/fr\/"},{"@type":"ListItem","position":2,"name":"Boutique","item":"https:\/\/shop.bantam.ch\/fr\/boutique\/"},{"@type":"ListItem","position":3,"name":"Panneau solaire ECOFLOW 100 W Flex"}]},{"@type":"WebSite","@id":"https:\/\/shop.bantam.ch\/fr\/#website","url":"https:\/\/shop.bantam.ch\/fr\/","name":"Bantam Wankm\u00fcller SA","description":"","publisher":{"@id":"https:\/\/shop.bantam.ch\/fr\/#organization"},"inLanguage":"fr-FR"},{"@type":"Organization","@id":"https:\/\/shop.bantam.ch\/fr\/#organization","name":"Bantam Wankm\u00fcller SA","url":"https:\/\/shop.bantam.ch\/fr\/","logo":{"@type":"ImageObject","inLanguage":"fr-FR","@id":"https:\/\/shop.bantam.ch\/fr\/#\/schema\/logo\/image\/","url":"https:\/\/shop.bantam.ch\/wp-content\/uploads\/2022\/12\/bantam-logo.png","contentUrl":"https:\/\/shop.bantam.ch\/wp-content\/uploads\/2022\/12\/bantam-logo.png","width":320,"height":71,"caption":"Bantam Wankm\u00fcller SA"},"image":{"@id":"https:\/\/shop.bantam.ch\/fr\/#\/schema\/logo\/image\/"}}]}},"_links":{"self":[{"href":"https:\/\/shop.bantam.ch\/fr\/wp-json\/wp\/v2\/product\/199570","targetHints":{"allow":["GET"]}}],"collection":[{"href":"https:\/\/shop.bantam.ch\/fr\/wp-json\/wp\/v2\/product"}],"about":[{"href":"https:\/\/shop.bantam.ch\/fr\/wp-json\/wp\/v2\/types\/product"}],"wp:featuredmedia":[{"embeddable":true,"href":"https:\/\/shop.bantam.ch\/fr\/wp-json\/wp\/v2\/media\/207436"}],"wp:attachment":[{"href":"https:\/\/shop.bantam.ch\/fr\/wp-json\/wp\/v2\/media?parent=199570"}],"wp:term":[{"taxonomy":"product_featured_cat","embeddable":true,"href":"https:\/\/shop.bantam.ch\/fr\/wp-json\/wp\/v2\/product_featured_cat?post=199570"},{"taxonomy":"product_brand","embeddable":true,"href":"https:\/\/shop.bantam.ch\/fr\/wp-json\/wp\/v2\/product_brand?post=199570"},{"taxonomy":"product_cat","embeddable":true,"href":"https:\/\/shop.bantam.ch\/fr\/wp-json\/wp\/v2\/product_cat?post=199570"},{"taxonomy":"product_tag","embeddable":true,"href":"https:\/\/shop.bantam.ch\/fr\/wp-json\/wp\/v2\/product_tag?post=199570"}],"curies":[{"name":"wp","href":"https:\/\/api.w.org\/{rel}","templated":true}]}}