{"id":199564,"date":"2024-05-15T17:14:10","date_gmt":"2024-05-15T15:14:10","guid":{"rendered":"https:\/\/shop.bantam.ch\/produit\/power-hub-ecoflow-get-set-kit\/"},"modified":"2026-05-02T23:08:27","modified_gmt":"2026-05-02T21:08:27","slug":"power-hub-ecoflow-get-set-kit","status":"publish","type":"product","link":"https:\/\/shop.bantam.ch\/fr\/produit\/power-hub-ecoflow-get-set-kit\/","title":{"rendered":"Power Hub ECOFLOW Get Set Kit"},"content":{"rendered":"<p><strong>EcoFlow Power Hub Get Set Kit Power Hub avec c\u00e2ble Set:<\/strong> Les kits Power Ecoflow sont la solution d&rsquo;alimentation \u00e9lectrique &lsquo;tout en un&rsquo; ultime pour votre camping-car ou votre caravane. Le c\u0153ur du syst\u00e8me, le Power Hub, est compact, puissant et l\u00e9ger. Il r\u00e9unit tous les composants n\u00e9cessaires \u00e0 une alimentation \u00e9lectrique autonome dans votre v\u00e9hicule et ce, avec un montage tr\u00e8s simple gr\u00e2ce aux composants Plug&rsquo;n Play pr\u00e9configur\u00e9s et sans risque de confusion.<\/p>\n<p><strong>Une installation simple:<\/strong> Le Power Hub EcoFlow int\u00e9gr\u00e9 dispose d&rsquo;une conception plug-and-play simple qui vous permet d&rsquo;\u00e9tendre et d&rsquo;adapter votre kit plus rapidement que toute autre solution d&rsquo;alimentation \u00e9lectrique sur le march\u00e9.<\/p>\n<p><strong>Gain de place: <\/strong>l&rsquo;EcoFlow Power Hub combine deux r\u00e9gulateurs de charge solaire MPPT, un chargeur de batterie avec MPPT, un convertisseur abaisseur DC-DC et un onduleur-chargeur. Avec moins de modules et des c\u00e2bles plus fins, ce syst\u00e8me 48V permet de gagner de la place et de r\u00e9duire les frais d&rsquo;installation.<\/p>\n<p><strong>Rechargez comme vous le souhaitez:<\/strong> Les kits d&rsquo;alimentation EcoFlow prennent en charge plusieurs m\u00e9thodes de charge. Vous pouvez utiliser une \u00e9nergie solaire abondante, utiliser le g\u00e9n\u00e9rateur, vous connecter au courant de quai ou m\u00eame utiliser un g\u00e9n\u00e9rateur EcoFlow Smart pour l&rsquo;alimentation de secours. Le \u00ab\u00a0Get Set Kit\u00a0\u00bb comprend le Power Hub ainsi que tous les c\u00e2bles n\u00e9cessaires pour connecter l&rsquo;appareil \u00e0 l&rsquo;alternateur, au panneau solaire, au courant de quai et aux c\u00e2bles de sortie AC et DC pour la distribution dans le v\u00e9hicule.<\/p>\n<p>\nContenu de la livraison:<br \/>\nInclus le Power Hub EcoFlow<br \/>\nKit de c\u00e2bles EcoFlow<\/p>\n","protected":false},"excerpt":{"rendered":"<p>EcoFlow Power Hub Get Set Kit Power Hub avec c\u00e2ble Set: Les kits Power Ecoflow sont la solution d&rsquo;alimentation \u00e9lectrique &lsquo;tout en un&rsquo; ultime pour votre camping-car ou votre caravane. Le c\u0153ur du syst\u00e8me, le Power Hub, est compact, puissant et l\u00e9ger. Il r\u00e9unit tous les composants n\u00e9cessaires \u00e0 une alimentation \u00e9lectrique autonome dans votre [&hellip;]<\/p>\n","protected":false},"featured_media":207434,"template":"","meta":{"_acf_changed":false},"product_featured_cat":[],"product_brand":[3628],"product_cat":[4911,4169,4877],"product_tag":[],"class_list":{"0":"post-199564","1":"product","2":"type-product","3":"status-publish","4":"has-post-thumbnail","6":"product_brand-ecoflow","7":"product_cat-chargeurs","8":"product_cat-onduleurs","9":"product_cat-regulateurs-de-charge-solaire","11":"first","12":"instock","13":"taxable","14":"shipping-taxable","15":"purchasable","16":"product-type-simple"},"acf":[],"yoast_head":"<!-- This site is optimized with the Yoast SEO plugin v27.5 - https:\/\/yoast.com\/product\/yoast-seo-wordpress\/ -->\n<title>Power Hub ECOFLOW Get Set Kit - Bantam<\/title>\n<meta name=\"robots\" content=\"index, follow, max-snippet:-1, max-image-preview:large, max-video-preview:-1\" \/>\n<link rel=\"canonical\" href=\"https:\/\/shop.bantam.ch\/fr\/produit\/power-hub-ecoflow-get-set-kit\/\" \/>\n<meta property=\"og:locale\" content=\"fr_FR\" \/>\n<meta property=\"og:type\" content=\"article\" \/>\n<meta property=\"og:title\" content=\"Power Hub ECOFLOW Get Set Kit - Bantam\" \/>\n<meta property=\"og:description\" content=\"EcoFlow Power Hub Get Set Kit Power Hub avec c\u00e2ble Set: Les kits Power Ecoflow sont la solution d&rsquo;alimentation \u00e9lectrique &lsquo;tout en un&rsquo; ultime pour votre camping-car ou votre caravane. Le c\u0153ur du syst\u00e8me, le Power Hub, est compact, puissant et l\u00e9ger. Il r\u00e9unit tous les composants n\u00e9cessaires \u00e0 une alimentation \u00e9lectrique autonome dans votre [&hellip;]\" \/>\n<meta property=\"og:url\" content=\"https:\/\/shop.bantam.ch\/fr\/produit\/power-hub-ecoflow-get-set-kit\/\" \/>\n<meta property=\"og:site_name\" content=\"Bantam\" \/>\n<meta property=\"article:modified_time\" content=\"2026-05-02T21:08:27+00:00\" \/>\n<meta property=\"og:image\" content=\"https:\/\/shop.bantam.ch\/wp-content\/uploads\/2024\/05\/Movera-L-9971012100.jpg\" \/>\n\t<meta property=\"og:image:width\" content=\"600\" \/>\n\t<meta property=\"og:image:height\" content=\"600\" \/>\n\t<meta property=\"og:image:type\" content=\"image\/jpeg\" \/>\n<meta name=\"twitter:card\" content=\"summary_large_image\" \/>\n<meta name=\"twitter:label1\" content=\"Dur\u00e9e de lecture estim\u00e9e\" \/>\n\t<meta name=\"twitter:data1\" content=\"1 minute\" \/>\n<script type=\"application\/ld+json\" class=\"yoast-schema-graph\">{\"@context\":\"https:\\\/\\\/schema.org\",\"@graph\":[{\"@type\":\"WebPage\",\"@id\":\"https:\\\/\\\/shop.bantam.ch\\\/fr\\\/produit\\\/power-hub-ecoflow-get-set-kit\\\/\",\"url\":\"https:\\\/\\\/shop.bantam.ch\\\/fr\\\/produit\\\/power-hub-ecoflow-get-set-kit\\\/\",\"name\":\"Power Hub ECOFLOW Get Set Kit - Bantam\",\"isPartOf\":{\"@id\":\"https:\\\/\\\/shop.bantam.ch\\\/fr\\\/#website\"},\"primaryImageOfPage\":{\"@id\":\"https:\\\/\\\/shop.bantam.ch\\\/fr\\\/produit\\\/power-hub-ecoflow-get-set-kit\\\/#primaryimage\"},\"image\":{\"@id\":\"https:\\\/\\\/shop.bantam.ch\\\/fr\\\/produit\\\/power-hub-ecoflow-get-set-kit\\\/#primaryimage\"},\"thumbnailUrl\":\"https:\\\/\\\/shop.bantam.ch\\\/wp-content\\\/uploads\\\/2024\\\/09\\\/Movera-L-9971012100.jpg\",\"datePublished\":\"2024-05-15T15:14:10+00:00\",\"dateModified\":\"2026-05-02T21:08:27+00:00\",\"breadcrumb\":{\"@id\":\"https:\\\/\\\/shop.bantam.ch\\\/fr\\\/produit\\\/power-hub-ecoflow-get-set-kit\\\/#breadcrumb\"},\"inLanguage\":\"fr-FR\",\"potentialAction\":[{\"@type\":\"ReadAction\",\"target\":[\"https:\\\/\\\/shop.bantam.ch\\\/fr\\\/produit\\\/power-hub-ecoflow-get-set-kit\\\/\"]}]},{\"@type\":\"ImageObject\",\"inLanguage\":\"fr-FR\",\"@id\":\"https:\\\/\\\/shop.bantam.ch\\\/fr\\\/produit\\\/power-hub-ecoflow-get-set-kit\\\/#primaryimage\",\"url\":\"https:\\\/\\\/shop.bantam.ch\\\/wp-content\\\/uploads\\\/2024\\\/09\\\/Movera-L-9971012100.jpg\",\"contentUrl\":\"https:\\\/\\\/shop.bantam.ch\\\/wp-content\\\/uploads\\\/2024\\\/09\\\/Movera-L-9971012100.jpg\",\"width\":600,\"height\":600},{\"@type\":\"BreadcrumbList\",\"@id\":\"https:\\\/\\\/shop.bantam.ch\\\/fr\\\/produit\\\/power-hub-ecoflow-get-set-kit\\\/#breadcrumb\",\"itemListElement\":[{\"@type\":\"ListItem\",\"position\":1,\"name\":\"Accueil\",\"item\":\"https:\\\/\\\/shop.bantam.ch\\\/fr\\\/\"},{\"@type\":\"ListItem\",\"position\":2,\"name\":\"Boutique\",\"item\":\"https:\\\/\\\/shop.bantam.ch\\\/fr\\\/boutique\\\/\"},{\"@type\":\"ListItem\",\"position\":3,\"name\":\"Power Hub ECOFLOW Get Set Kit\"}]},{\"@type\":\"WebSite\",\"@id\":\"https:\\\/\\\/shop.bantam.ch\\\/fr\\\/#website\",\"url\":\"https:\\\/\\\/shop.bantam.ch\\\/fr\\\/\",\"name\":\"Bantam\",\"description\":\"\",\"publisher\":{\"@id\":\"https:\\\/\\\/shop.bantam.ch\\\/fr\\\/#organization\"},\"inLanguage\":\"fr-FR\"},{\"@type\":\"Organization\",\"@id\":\"https:\\\/\\\/shop.bantam.ch\\\/fr\\\/#organization\",\"name\":\"Bantam\",\"url\":\"https:\\\/\\\/shop.bantam.ch\\\/fr\\\/\",\"logo\":{\"@type\":\"ImageObject\",\"inLanguage\":\"fr-FR\",\"@id\":\"https:\\\/\\\/shop.bantam.ch\\\/fr\\\/#\\\/schema\\\/logo\\\/image\\\/\",\"url\":\"https:\\\/\\\/shop.bantam.ch\\\/wp-content\\\/uploads\\\/2022\\\/12\\\/bantam-logo.png\",\"contentUrl\":\"https:\\\/\\\/shop.bantam.ch\\\/wp-content\\\/uploads\\\/2022\\\/12\\\/bantam-logo.png\",\"width\":320,\"height\":71,\"caption\":\"Bantam\"},\"image\":{\"@id\":\"https:\\\/\\\/shop.bantam.ch\\\/fr\\\/#\\\/schema\\\/logo\\\/image\\\/\"}}]}<\/script>\n<!-- \/ Yoast SEO plugin. -->","yoast_head_json":{"title":"Power Hub ECOFLOW Get Set Kit - Bantam","robots":{"index":"index","follow":"follow","max-snippet":"max-snippet:-1","max-image-preview":"max-image-preview:large","max-video-preview":"max-video-preview:-1"},"canonical":"https:\/\/shop.bantam.ch\/fr\/produit\/power-hub-ecoflow-get-set-kit\/","og_locale":"fr_FR","og_type":"article","og_title":"Power Hub ECOFLOW Get Set Kit - Bantam","og_description":"EcoFlow Power Hub Get Set Kit Power Hub avec c\u00e2ble Set: Les kits Power Ecoflow sont la solution d&rsquo;alimentation \u00e9lectrique &lsquo;tout en un&rsquo; ultime pour votre camping-car ou votre caravane. Le c\u0153ur du syst\u00e8me, le Power Hub, est compact, puissant et l\u00e9ger. Il r\u00e9unit tous les composants n\u00e9cessaires \u00e0 une alimentation \u00e9lectrique autonome dans votre [&hellip;]","og_url":"https:\/\/shop.bantam.ch\/fr\/produit\/power-hub-ecoflow-get-set-kit\/","og_site_name":"Bantam","article_modified_time":"2026-05-02T21:08:27+00:00","og_image":[{"width":600,"height":600,"url":"https:\/\/shop.bantam.ch\/wp-content\/uploads\/2024\/05\/Movera-L-9971012100.jpg","type":"image\/jpeg"}],"twitter_card":"summary_large_image","twitter_misc":{"Dur\u00e9e de lecture estim\u00e9e":"1 minute"},"schema":{"@context":"https:\/\/schema.org","@graph":[{"@type":"WebPage","@id":"https:\/\/shop.bantam.ch\/fr\/produit\/power-hub-ecoflow-get-set-kit\/","url":"https:\/\/shop.bantam.ch\/fr\/produit\/power-hub-ecoflow-get-set-kit\/","name":"Power Hub ECOFLOW Get Set Kit - Bantam","isPartOf":{"@id":"https:\/\/shop.bantam.ch\/fr\/#website"},"primaryImageOfPage":{"@id":"https:\/\/shop.bantam.ch\/fr\/produit\/power-hub-ecoflow-get-set-kit\/#primaryimage"},"image":{"@id":"https:\/\/shop.bantam.ch\/fr\/produit\/power-hub-ecoflow-get-set-kit\/#primaryimage"},"thumbnailUrl":"https:\/\/shop.bantam.ch\/wp-content\/uploads\/2024\/09\/Movera-L-9971012100.jpg","datePublished":"2024-05-15T15:14:10+00:00","dateModified":"2026-05-02T21:08:27+00:00","breadcrumb":{"@id":"https:\/\/shop.bantam.ch\/fr\/produit\/power-hub-ecoflow-get-set-kit\/#breadcrumb"},"inLanguage":"fr-FR","potentialAction":[{"@type":"ReadAction","target":["https:\/\/shop.bantam.ch\/fr\/produit\/power-hub-ecoflow-get-set-kit\/"]}]},{"@type":"ImageObject","inLanguage":"fr-FR","@id":"https:\/\/shop.bantam.ch\/fr\/produit\/power-hub-ecoflow-get-set-kit\/#primaryimage","url":"https:\/\/shop.bantam.ch\/wp-content\/uploads\/2024\/09\/Movera-L-9971012100.jpg","contentUrl":"https:\/\/shop.bantam.ch\/wp-content\/uploads\/2024\/09\/Movera-L-9971012100.jpg","width":600,"height":600},{"@type":"BreadcrumbList","@id":"https:\/\/shop.bantam.ch\/fr\/produit\/power-hub-ecoflow-get-set-kit\/#breadcrumb","itemListElement":[{"@type":"ListItem","position":1,"name":"Accueil","item":"https:\/\/shop.bantam.ch\/fr\/"},{"@type":"ListItem","position":2,"name":"Boutique","item":"https:\/\/shop.bantam.ch\/fr\/boutique\/"},{"@type":"ListItem","position":3,"name":"Power Hub ECOFLOW Get Set Kit"}]},{"@type":"WebSite","@id":"https:\/\/shop.bantam.ch\/fr\/#website","url":"https:\/\/shop.bantam.ch\/fr\/","name":"Bantam","description":"","publisher":{"@id":"https:\/\/shop.bantam.ch\/fr\/#organization"},"inLanguage":"fr-FR"},{"@type":"Organization","@id":"https:\/\/shop.bantam.ch\/fr\/#organization","name":"Bantam","url":"https:\/\/shop.bantam.ch\/fr\/","logo":{"@type":"ImageObject","inLanguage":"fr-FR","@id":"https:\/\/shop.bantam.ch\/fr\/#\/schema\/logo\/image\/","url":"https:\/\/shop.bantam.ch\/wp-content\/uploads\/2022\/12\/bantam-logo.png","contentUrl":"https:\/\/shop.bantam.ch\/wp-content\/uploads\/2022\/12\/bantam-logo.png","width":320,"height":71,"caption":"Bantam"},"image":{"@id":"https:\/\/shop.bantam.ch\/fr\/#\/schema\/logo\/image\/"}}]}},"_links":{"self":[{"href":"https:\/\/shop.bantam.ch\/fr\/wp-json\/wp\/v2\/product\/199564","targetHints":{"allow":["GET"]}}],"collection":[{"href":"https:\/\/shop.bantam.ch\/fr\/wp-json\/wp\/v2\/product"}],"about":[{"href":"https:\/\/shop.bantam.ch\/fr\/wp-json\/wp\/v2\/types\/product"}],"wp:featuredmedia":[{"embeddable":true,"href":"https:\/\/shop.bantam.ch\/fr\/wp-json\/wp\/v2\/media\/207434"}],"wp:attachment":[{"href":"https:\/\/shop.bantam.ch\/fr\/wp-json\/wp\/v2\/media?parent=199564"}],"wp:term":[{"taxonomy":"product_featured_cat","embeddable":true,"href":"https:\/\/shop.bantam.ch\/fr\/wp-json\/wp\/v2\/product_featured_cat?post=199564"},{"taxonomy":"product_brand","embeddable":true,"href":"https:\/\/shop.bantam.ch\/fr\/wp-json\/wp\/v2\/product_brand?post=199564"},{"taxonomy":"product_cat","embeddable":true,"href":"https:\/\/shop.bantam.ch\/fr\/wp-json\/wp\/v2\/product_cat?post=199564"},{"taxonomy":"product_tag","embeddable":true,"href":"https:\/\/shop.bantam.ch\/fr\/wp-json\/wp\/v2\/product_tag?post=199564"}],"curies":[{"name":"wp","href":"https:\/\/api.w.org\/{rel}","templated":true}]}}