{"id":199542,"date":"2024-05-15T17:13:54","date_gmt":"2024-05-15T15:13:54","guid":{"rendered":"https:\/\/shop.bantam.ch\/produit\/support-module-mobile-ecoflow-solar-tracker\/"},"modified":"2026-04-17T23:12:01","modified_gmt":"2026-04-17T21:12:01","slug":"support-module-mobile-ecoflow-solar-tracker","status":"publish","type":"product","link":"https:\/\/shop.bantam.ch\/fr\/produit\/support-module-mobile-ecoflow-solar-tracker\/","title":{"rendered":"Support module mobile ECOFLOW Solar Tracker"},"content":{"rendered":"<p>Syst\u00e8me de suivi solaire EcoFlow, EcoFlow vous propose le premier tracker solaire pour les particuliers. Placez votre appareil sur notre syst\u00e8me de tracking afin d&rsquo;am\u00e9liorer votre efficacit\u00e9 \u00e9nerg\u00e9tique. Notre Solar tracker tourne en permanence autour de ses deux axes et optimise l&rsquo;angle de vos panneaux par rapport aux rayons du soleil. Un accessoire indispensable pour am\u00e9liorer la recharge de votre station \u00e9lectrique portable et de vos appareils. Tracker solaire autonome, notre tracker solaire suit automatiquement la position du soleil. Vous n&rsquo;avez plus besoin d&rsquo;intervenir trois fois par jour, 7 jours par semaine, pour r\u00e9colter votre propre \u00e9nergie. Si vous tendez vers l&rsquo;autoconsommation, le syst\u00e8me de surveillance EcoFlow est indispensable. Il vous assiste du matin au soir pour vous fournir le maximum d&rsquo;\u00e9nergie possible. Enregistrez chaque photon, vous obtiendrez jusqu&rsquo;\u00e0 30 % de puissance en plus avec l&rsquo;EcoFlow Solar tracker. Contrairement aux solutions traditionnelles o\u00f9 les panneaux photovolta\u00efques sont pos\u00e9s \u00e0 plat, notre tracker am\u00e9liore la performance de vos panneaux solaires tout au long de la journ\u00e9e. L&rsquo;objectif ? Plus d&rsquo;\u00e9nergie verte pour vous ! Un tracker solaire robuste, stable et durable. L&rsquo;EcoFlow Solar Tracker est \u00e9quip\u00e9 de quatre pieds extensibles et peut \u00eatre fix\u00e9 n&rsquo;importe o\u00f9 pour garantir une installation s\u00fbre et solide. Les crochets de fixation peuvent \u00eatre adapt\u00e9s et ajust\u00e9s \u00e0 votre mod\u00e8le de panneau, tant \u00e0 l&rsquo;int\u00e9rieur qu&rsquo;\u00e0 l&rsquo;ext\u00e9rieur. Sur le toit de votre maison, de votre camping-car &#8211; au pied de votre tente ou m\u00eame au milieu de la for\u00eat pendant un week-end nature ; notre solution s&rsquo;adapte en permanence.<\/p>\n<p>&nbsp;<\/p>\n<p>Contenu de la livraison :<br \/>\nEcoflow Solar Tracker<\/p>\n<p>Syst\u00e8me de suivi solaire EcoFlow, EcoFlow vous propose le premier tracker solaire pour les particuliers. Placez votre appareil sur notre syst\u00e8me de tracking afin d&rsquo;am\u00e9liorer votre efficacit\u00e9 \u00e9nerg\u00e9tique. Notre Solar tracker tourne en permanence autour de ses deux axes et optimise l&rsquo;angle de vos panneaux par rapport aux rayons du soleil. Un accessoire indispensable pour am\u00e9liorer la recharge de votre station \u00e9lectrique portable et de vos appareils. Tracker solaire autonome, notre tracker solaire suit automatiquement la position du soleil. Vous n&rsquo;avez plus besoin d&rsquo;intervenir trois fois par jour, 7 jours par semaine, pour r\u00e9colter votre propre \u00e9nergie. Si vous tendez vers l&rsquo;autoconsommation, le syst\u00e8me de surveillance EcoFlow est indispensable. Il vous assiste du matin au soir pour vous fournir le maximum d&rsquo;\u00e9nergie possible. Enregistrez chaque photon, vous obtiendrez jusqu&rsquo;\u00e0 30 % de puissance en plus avec l&rsquo;EcoFlow Solar tracker. Contrairement aux solutions traditionnelles o\u00f9 les panneaux photovolta\u00efques sont pos\u00e9s \u00e0 plat, notre tracker am\u00e9liore la performance de vos panneaux solaires tout au long de la journ\u00e9e. L&rsquo;objectif ? Plus d&rsquo;\u00e9nergie verte pour vous ! Un tracker solaire robuste, stable et durable. L&rsquo;EcoFlow Solar Tracker est \u00e9quip\u00e9 de quatre pieds extensibles et peut \u00eatre fix\u00e9 n&rsquo;importe o\u00f9 pour garantir une installation s\u00fbre et solide. Les crochets de fixation peuvent \u00eatre adapt\u00e9s et ajust\u00e9s \u00e0 votre mod\u00e8le de panneau, tant \u00e0 l&rsquo;int\u00e9rieur qu&rsquo;\u00e0 l&rsquo;ext\u00e9rieur. Sur le toit de votre maison, de votre camping-car &#8211; au pied de votre tente ou m\u00eame au milieu de la for\u00eat pendant un week-end nature ; notre solution s&rsquo;adapte en permanence.<\/p>\n<p>\nContenu de la livraison:<br \/>\nInclus Ecoflow Solar Tracker<br \/>\nMode d&#8217;emploi<\/p>\n","protected":false},"excerpt":{"rendered":"<p>Syst\u00e8me de suivi solaire EcoFlow, EcoFlow vous propose le premier tracker solaire pour les particuliers. Placez votre appareil sur notre syst\u00e8me de tracking afin d&rsquo;am\u00e9liorer votre efficacit\u00e9 \u00e9nerg\u00e9tique. Notre Solar tracker tourne en permanence autour de ses deux axes et optimise l&rsquo;angle de vos panneaux par rapport aux rayons du soleil. Un accessoire indispensable pour [&hellip;]<\/p>\n","protected":false},"featured_media":207430,"template":"","meta":{"_acf_changed":false},"product_featured_cat":[],"product_brand":[3628],"product_cat":[5123],"product_tag":[],"class_list":{"0":"post-199542","1":"product","2":"type-product","3":"status-publish","4":"has-post-thumbnail","6":"product_brand-ecoflow","7":"product_cat-autres-accessoires-pour-la-technique-solaire","9":"first","10":"instock","11":"taxable","12":"shipping-taxable","13":"purchasable","14":"product-type-simple"},"acf":[],"yoast_head":"<!-- This site is optimized with the Yoast SEO plugin v27.4 - https:\/\/yoast.com\/product\/yoast-seo-wordpress\/ -->\n<title>Support module mobile ECOFLOW Solar Tracker - Bantam Wankm\u00fcller SA<\/title>\n<meta name=\"robots\" content=\"index, follow, max-snippet:-1, max-image-preview:large, max-video-preview:-1\" \/>\n<link rel=\"canonical\" href=\"https:\/\/shop.bantam.ch\/fr\/produit\/support-module-mobile-ecoflow-solar-tracker\/\" \/>\n<meta property=\"og:locale\" content=\"fr_FR\" \/>\n<meta property=\"og:type\" content=\"article\" \/>\n<meta property=\"og:title\" content=\"Support module mobile ECOFLOW Solar Tracker - Bantam Wankm\u00fcller SA\" \/>\n<meta property=\"og:description\" content=\"Syst\u00e8me de suivi solaire EcoFlow, EcoFlow vous propose le premier tracker solaire pour les particuliers. Placez votre appareil sur notre syst\u00e8me de tracking afin d&rsquo;am\u00e9liorer votre efficacit\u00e9 \u00e9nerg\u00e9tique. Notre Solar tracker tourne en permanence autour de ses deux axes et optimise l&rsquo;angle de vos panneaux par rapport aux rayons du soleil. Un accessoire indispensable pour [&hellip;]\" \/>\n<meta property=\"og:url\" content=\"https:\/\/shop.bantam.ch\/fr\/produit\/support-module-mobile-ecoflow-solar-tracker\/\" \/>\n<meta property=\"og:site_name\" content=\"Bantam Wankm\u00fcller SA\" \/>\n<meta property=\"article:modified_time\" content=\"2026-04-17T21:12:01+00:00\" \/>\n<meta property=\"og:image\" content=\"https:\/\/shop.bantam.ch\/wp-content\/uploads\/2024\/05\/Movera-L-9970994100.jpg\" \/>\n\t<meta property=\"og:image:width\" content=\"640\" \/>\n\t<meta property=\"og:image:height\" content=\"640\" \/>\n\t<meta property=\"og:image:type\" content=\"image\/jpeg\" \/>\n<meta name=\"twitter:card\" content=\"summary_large_image\" \/>\n<meta name=\"twitter:label1\" content=\"Dur\u00e9e de lecture estim\u00e9e\" \/>\n\t<meta name=\"twitter:data1\" content=\"3 minutes\" \/>\n<script type=\"application\/ld+json\" class=\"yoast-schema-graph\">{\"@context\":\"https:\\\/\\\/schema.org\",\"@graph\":[{\"@type\":\"WebPage\",\"@id\":\"https:\\\/\\\/shop.bantam.ch\\\/fr\\\/produit\\\/support-module-mobile-ecoflow-solar-tracker\\\/\",\"url\":\"https:\\\/\\\/shop.bantam.ch\\\/fr\\\/produit\\\/support-module-mobile-ecoflow-solar-tracker\\\/\",\"name\":\"Support module mobile ECOFLOW Solar Tracker - Bantam Wankm\u00fcller SA\",\"isPartOf\":{\"@id\":\"https:\\\/\\\/shop.bantam.ch\\\/fr\\\/#website\"},\"primaryImageOfPage\":{\"@id\":\"https:\\\/\\\/shop.bantam.ch\\\/fr\\\/produit\\\/support-module-mobile-ecoflow-solar-tracker\\\/#primaryimage\"},\"image\":{\"@id\":\"https:\\\/\\\/shop.bantam.ch\\\/fr\\\/produit\\\/support-module-mobile-ecoflow-solar-tracker\\\/#primaryimage\"},\"thumbnailUrl\":\"https:\\\/\\\/shop.bantam.ch\\\/wp-content\\\/uploads\\\/2024\\\/09\\\/Movera-L-9970994100.jpg\",\"datePublished\":\"2024-05-15T15:13:54+00:00\",\"dateModified\":\"2026-04-17T21:12:01+00:00\",\"breadcrumb\":{\"@id\":\"https:\\\/\\\/shop.bantam.ch\\\/fr\\\/produit\\\/support-module-mobile-ecoflow-solar-tracker\\\/#breadcrumb\"},\"inLanguage\":\"fr-FR\",\"potentialAction\":[{\"@type\":\"ReadAction\",\"target\":[\"https:\\\/\\\/shop.bantam.ch\\\/fr\\\/produit\\\/support-module-mobile-ecoflow-solar-tracker\\\/\"]}]},{\"@type\":\"ImageObject\",\"inLanguage\":\"fr-FR\",\"@id\":\"https:\\\/\\\/shop.bantam.ch\\\/fr\\\/produit\\\/support-module-mobile-ecoflow-solar-tracker\\\/#primaryimage\",\"url\":\"https:\\\/\\\/shop.bantam.ch\\\/wp-content\\\/uploads\\\/2024\\\/09\\\/Movera-L-9970994100.jpg\",\"contentUrl\":\"https:\\\/\\\/shop.bantam.ch\\\/wp-content\\\/uploads\\\/2024\\\/09\\\/Movera-L-9970994100.jpg\",\"width\":640,\"height\":640},{\"@type\":\"BreadcrumbList\",\"@id\":\"https:\\\/\\\/shop.bantam.ch\\\/fr\\\/produit\\\/support-module-mobile-ecoflow-solar-tracker\\\/#breadcrumb\",\"itemListElement\":[{\"@type\":\"ListItem\",\"position\":1,\"name\":\"Accueil\",\"item\":\"https:\\\/\\\/shop.bantam.ch\\\/fr\\\/\"},{\"@type\":\"ListItem\",\"position\":2,\"name\":\"Boutique\",\"item\":\"https:\\\/\\\/shop.bantam.ch\\\/fr\\\/boutique\\\/\"},{\"@type\":\"ListItem\",\"position\":3,\"name\":\"Support module mobile ECOFLOW Solar Tracker\"}]},{\"@type\":\"WebSite\",\"@id\":\"https:\\\/\\\/shop.bantam.ch\\\/fr\\\/#website\",\"url\":\"https:\\\/\\\/shop.bantam.ch\\\/fr\\\/\",\"name\":\"Bantam Wankm\u00fcller SA\",\"description\":\"\",\"publisher\":{\"@id\":\"https:\\\/\\\/shop.bantam.ch\\\/fr\\\/#organization\"},\"inLanguage\":\"fr-FR\"},{\"@type\":\"Organization\",\"@id\":\"https:\\\/\\\/shop.bantam.ch\\\/fr\\\/#organization\",\"name\":\"Bantam Wankm\u00fcller SA\",\"url\":\"https:\\\/\\\/shop.bantam.ch\\\/fr\\\/\",\"logo\":{\"@type\":\"ImageObject\",\"inLanguage\":\"fr-FR\",\"@id\":\"https:\\\/\\\/shop.bantam.ch\\\/fr\\\/#\\\/schema\\\/logo\\\/image\\\/\",\"url\":\"https:\\\/\\\/shop.bantam.ch\\\/wp-content\\\/uploads\\\/2022\\\/12\\\/bantam-logo.png\",\"contentUrl\":\"https:\\\/\\\/shop.bantam.ch\\\/wp-content\\\/uploads\\\/2022\\\/12\\\/bantam-logo.png\",\"width\":320,\"height\":71,\"caption\":\"Bantam Wankm\u00fcller SA\"},\"image\":{\"@id\":\"https:\\\/\\\/shop.bantam.ch\\\/fr\\\/#\\\/schema\\\/logo\\\/image\\\/\"}}]}<\/script>\n<!-- \/ Yoast SEO plugin. -->","yoast_head_json":{"title":"Support module mobile ECOFLOW Solar Tracker - Bantam Wankm\u00fcller SA","robots":{"index":"index","follow":"follow","max-snippet":"max-snippet:-1","max-image-preview":"max-image-preview:large","max-video-preview":"max-video-preview:-1"},"canonical":"https:\/\/shop.bantam.ch\/fr\/produit\/support-module-mobile-ecoflow-solar-tracker\/","og_locale":"fr_FR","og_type":"article","og_title":"Support module mobile ECOFLOW Solar Tracker - Bantam Wankm\u00fcller SA","og_description":"Syst\u00e8me de suivi solaire EcoFlow, EcoFlow vous propose le premier tracker solaire pour les particuliers. Placez votre appareil sur notre syst\u00e8me de tracking afin d&rsquo;am\u00e9liorer votre efficacit\u00e9 \u00e9nerg\u00e9tique. Notre Solar tracker tourne en permanence autour de ses deux axes et optimise l&rsquo;angle de vos panneaux par rapport aux rayons du soleil. Un accessoire indispensable pour [&hellip;]","og_url":"https:\/\/shop.bantam.ch\/fr\/produit\/support-module-mobile-ecoflow-solar-tracker\/","og_site_name":"Bantam Wankm\u00fcller SA","article_modified_time":"2026-04-17T21:12:01+00:00","og_image":[{"width":640,"height":640,"url":"https:\/\/shop.bantam.ch\/wp-content\/uploads\/2024\/05\/Movera-L-9970994100.jpg","type":"image\/jpeg"}],"twitter_card":"summary_large_image","twitter_misc":{"Dur\u00e9e de lecture estim\u00e9e":"3 minutes"},"schema":{"@context":"https:\/\/schema.org","@graph":[{"@type":"WebPage","@id":"https:\/\/shop.bantam.ch\/fr\/produit\/support-module-mobile-ecoflow-solar-tracker\/","url":"https:\/\/shop.bantam.ch\/fr\/produit\/support-module-mobile-ecoflow-solar-tracker\/","name":"Support module mobile ECOFLOW Solar Tracker - Bantam Wankm\u00fcller SA","isPartOf":{"@id":"https:\/\/shop.bantam.ch\/fr\/#website"},"primaryImageOfPage":{"@id":"https:\/\/shop.bantam.ch\/fr\/produit\/support-module-mobile-ecoflow-solar-tracker\/#primaryimage"},"image":{"@id":"https:\/\/shop.bantam.ch\/fr\/produit\/support-module-mobile-ecoflow-solar-tracker\/#primaryimage"},"thumbnailUrl":"https:\/\/shop.bantam.ch\/wp-content\/uploads\/2024\/09\/Movera-L-9970994100.jpg","datePublished":"2024-05-15T15:13:54+00:00","dateModified":"2026-04-17T21:12:01+00:00","breadcrumb":{"@id":"https:\/\/shop.bantam.ch\/fr\/produit\/support-module-mobile-ecoflow-solar-tracker\/#breadcrumb"},"inLanguage":"fr-FR","potentialAction":[{"@type":"ReadAction","target":["https:\/\/shop.bantam.ch\/fr\/produit\/support-module-mobile-ecoflow-solar-tracker\/"]}]},{"@type":"ImageObject","inLanguage":"fr-FR","@id":"https:\/\/shop.bantam.ch\/fr\/produit\/support-module-mobile-ecoflow-solar-tracker\/#primaryimage","url":"https:\/\/shop.bantam.ch\/wp-content\/uploads\/2024\/09\/Movera-L-9970994100.jpg","contentUrl":"https:\/\/shop.bantam.ch\/wp-content\/uploads\/2024\/09\/Movera-L-9970994100.jpg","width":640,"height":640},{"@type":"BreadcrumbList","@id":"https:\/\/shop.bantam.ch\/fr\/produit\/support-module-mobile-ecoflow-solar-tracker\/#breadcrumb","itemListElement":[{"@type":"ListItem","position":1,"name":"Accueil","item":"https:\/\/shop.bantam.ch\/fr\/"},{"@type":"ListItem","position":2,"name":"Boutique","item":"https:\/\/shop.bantam.ch\/fr\/boutique\/"},{"@type":"ListItem","position":3,"name":"Support module mobile ECOFLOW Solar Tracker"}]},{"@type":"WebSite","@id":"https:\/\/shop.bantam.ch\/fr\/#website","url":"https:\/\/shop.bantam.ch\/fr\/","name":"Bantam Wankm\u00fcller SA","description":"","publisher":{"@id":"https:\/\/shop.bantam.ch\/fr\/#organization"},"inLanguage":"fr-FR"},{"@type":"Organization","@id":"https:\/\/shop.bantam.ch\/fr\/#organization","name":"Bantam Wankm\u00fcller SA","url":"https:\/\/shop.bantam.ch\/fr\/","logo":{"@type":"ImageObject","inLanguage":"fr-FR","@id":"https:\/\/shop.bantam.ch\/fr\/#\/schema\/logo\/image\/","url":"https:\/\/shop.bantam.ch\/wp-content\/uploads\/2022\/12\/bantam-logo.png","contentUrl":"https:\/\/shop.bantam.ch\/wp-content\/uploads\/2022\/12\/bantam-logo.png","width":320,"height":71,"caption":"Bantam Wankm\u00fcller SA"},"image":{"@id":"https:\/\/shop.bantam.ch\/fr\/#\/schema\/logo\/image\/"}}]}},"_links":{"self":[{"href":"https:\/\/shop.bantam.ch\/fr\/wp-json\/wp\/v2\/product\/199542","targetHints":{"allow":["GET"]}}],"collection":[{"href":"https:\/\/shop.bantam.ch\/fr\/wp-json\/wp\/v2\/product"}],"about":[{"href":"https:\/\/shop.bantam.ch\/fr\/wp-json\/wp\/v2\/types\/product"}],"wp:featuredmedia":[{"embeddable":true,"href":"https:\/\/shop.bantam.ch\/fr\/wp-json\/wp\/v2\/media\/207430"}],"wp:attachment":[{"href":"https:\/\/shop.bantam.ch\/fr\/wp-json\/wp\/v2\/media?parent=199542"}],"wp:term":[{"taxonomy":"product_featured_cat","embeddable":true,"href":"https:\/\/shop.bantam.ch\/fr\/wp-json\/wp\/v2\/product_featured_cat?post=199542"},{"taxonomy":"product_brand","embeddable":true,"href":"https:\/\/shop.bantam.ch\/fr\/wp-json\/wp\/v2\/product_brand?post=199542"},{"taxonomy":"product_cat","embeddable":true,"href":"https:\/\/shop.bantam.ch\/fr\/wp-json\/wp\/v2\/product_cat?post=199542"},{"taxonomy":"product_tag","embeddable":true,"href":"https:\/\/shop.bantam.ch\/fr\/wp-json\/wp\/v2\/product_tag?post=199542"}],"curies":[{"name":"wp","href":"https:\/\/api.w.org\/{rel}","templated":true}]}}