{"id":199536,"date":"2024-05-15T17:13:48","date_gmt":"2024-05-15T15:13:48","guid":{"rendered":"https:\/\/shop.bantam.ch\/produit\/panneau-solaire-ecoflow-2-x-400-w-fixe\/"},"modified":"2026-04-17T23:12:01","modified_gmt":"2026-04-17T21:12:01","slug":"panneau-solaire-ecoflow-2-x-400-w-fixe","status":"publish","type":"product","link":"https:\/\/shop.bantam.ch\/fr\/produit\/panneau-solaire-ecoflow-2-x-400-w-fixe\/","title":{"rendered":"Panneau solaire ECOFLOW 2 x 400 W &#8211; fixe"},"content":{"rendered":"<p><strong>Une charge rapide:<\/strong> Gr\u00e2ce \u00e0 son rendement \u00e9lev\u00e9 allant jusqu&rsquo;\u00e0 23 %, le recharge vos batteries LFP plus rapidement que des panneaux solaires de taille similaire.<\/p>\n<p><strong>R\u00e9sistant aux intemp\u00e9ries et durable: <\/strong>le panneau rigide allie l&rsquo;esth\u00e9tique \u00e0 des mat\u00e9riaux robustes, ce qui lui permet de r\u00e9sister \u00e0 toutes les conditions m\u00e9t\u00e9orologiques, tout en offrant la m\u00eame performance et la m\u00eame esth\u00e9tique exceptionnelles pendant des ann\u00e9es.<\/p>\n<p><strong>Solution hors r\u00e9seau:<\/strong> ce panneau solaire haute performance convient aussi bien aux installations solaires int\u00e9gr\u00e9es au r\u00e9seau qu&rsquo;aux installations hors r\u00e9seau. Il permet ainsi de stocker de l&rsquo;\u00e9nergie en cas de coupure de courant, de r\u00e9duire la facture d&rsquo;\u00e9lectricit\u00e9 ou d&rsquo;alimenter une maison hors r\u00e9seau.<\/p>\n<p><strong>Compatibilit\u00e9 universelle:<\/strong> le module solaire est livr\u00e9 avec un c\u00e2ble MC4 d&rsquo;un m\u00e8tre de long qui vous offre une grande libert\u00e9 de mouvement et maximise ainsi le rayonnement solaire. Gr\u00e2ce \u00e0 un connecteur MC4, le module rigide est compatible avec d&rsquo;autres syst\u00e8mes solaires et stations de puissance de fournisseurs tiers.<\/p>\n<p>&nbsp;<\/p>\n<p>Contenu de la livraison:<br \/>\nInclus panneau solaire rigide Ecoflow 2 x 400 W<br \/>\nPieds de montage (8 pi\u00e8ces)<\/p>\n","protected":false},"excerpt":{"rendered":"<p>Une charge rapide: Gr\u00e2ce \u00e0 son rendement \u00e9lev\u00e9 allant jusqu&rsquo;\u00e0 23 %, le recharge vos batteries LFP plus rapidement que des panneaux solaires de taille similaire. R\u00e9sistant aux intemp\u00e9ries et durable: le panneau rigide allie l&rsquo;esth\u00e9tique \u00e0 des mat\u00e9riaux robustes, ce qui lui permet de r\u00e9sister \u00e0 toutes les conditions m\u00e9t\u00e9orologiques, tout en offrant la [&hellip;]<\/p>\n","protected":false},"featured_media":207428,"template":"","meta":{"_acf_changed":false},"product_featured_cat":[],"product_brand":[3628],"product_cat":[4883],"product_tag":[],"class_list":{"0":"post-199536","1":"product","2":"type-product","3":"status-publish","4":"has-post-thumbnail","6":"product_brand-ecoflow","7":"product_cat-modules-solaires","9":"first","10":"instock","11":"taxable","12":"shipping-taxable","13":"purchasable","14":"product-type-simple"},"acf":[],"yoast_head":"<!-- This site is optimized with the Yoast SEO plugin v27.4 - https:\/\/yoast.com\/product\/yoast-seo-wordpress\/ -->\n<title>Panneau solaire ECOFLOW 2 x 400 W - fixe - Bantam Wankm\u00fcller SA<\/title>\n<meta name=\"robots\" content=\"index, follow, max-snippet:-1, max-image-preview:large, max-video-preview:-1\" \/>\n<link rel=\"canonical\" href=\"https:\/\/shop.bantam.ch\/fr\/produit\/panneau-solaire-ecoflow-2-x-400-w-fixe\/\" \/>\n<meta property=\"og:locale\" content=\"fr_FR\" \/>\n<meta property=\"og:type\" content=\"article\" \/>\n<meta property=\"og:title\" content=\"Panneau solaire ECOFLOW 2 x 400 W - fixe - Bantam Wankm\u00fcller SA\" \/>\n<meta property=\"og:description\" content=\"Une charge rapide: Gr\u00e2ce \u00e0 son rendement \u00e9lev\u00e9 allant jusqu&rsquo;\u00e0 23 %, le recharge vos batteries LFP plus rapidement que des panneaux solaires de taille similaire. R\u00e9sistant aux intemp\u00e9ries et durable: le panneau rigide allie l&rsquo;esth\u00e9tique \u00e0 des mat\u00e9riaux robustes, ce qui lui permet de r\u00e9sister \u00e0 toutes les conditions m\u00e9t\u00e9orologiques, tout en offrant la [&hellip;]\" \/>\n<meta property=\"og:url\" content=\"https:\/\/shop.bantam.ch\/fr\/produit\/panneau-solaire-ecoflow-2-x-400-w-fixe\/\" \/>\n<meta property=\"og:site_name\" content=\"Bantam Wankm\u00fcller SA\" \/>\n<meta property=\"article:modified_time\" content=\"2026-04-17T21:12:01+00:00\" \/>\n<meta property=\"og:image\" content=\"https:\/\/shop.bantam.ch\/wp-content\/uploads\/2024\/05\/Movera-L-9970993100.png\" \/>\n\t<meta property=\"og:image:width\" content=\"640\" \/>\n\t<meta property=\"og:image:height\" content=\"640\" \/>\n\t<meta property=\"og:image:type\" content=\"image\/png\" \/>\n<meta name=\"twitter:card\" content=\"summary_large_image\" \/>\n<meta name=\"twitter:label1\" content=\"Dur\u00e9e de lecture estim\u00e9e\" \/>\n\t<meta name=\"twitter:data1\" content=\"1 minute\" \/>\n<script type=\"application\/ld+json\" class=\"yoast-schema-graph\">{\"@context\":\"https:\\\/\\\/schema.org\",\"@graph\":[{\"@type\":\"WebPage\",\"@id\":\"https:\\\/\\\/shop.bantam.ch\\\/fr\\\/produit\\\/panneau-solaire-ecoflow-2-x-400-w-fixe\\\/\",\"url\":\"https:\\\/\\\/shop.bantam.ch\\\/fr\\\/produit\\\/panneau-solaire-ecoflow-2-x-400-w-fixe\\\/\",\"name\":\"Panneau solaire ECOFLOW 2 x 400 W - fixe - Bantam Wankm\u00fcller SA\",\"isPartOf\":{\"@id\":\"https:\\\/\\\/shop.bantam.ch\\\/fr\\\/#website\"},\"primaryImageOfPage\":{\"@id\":\"https:\\\/\\\/shop.bantam.ch\\\/fr\\\/produit\\\/panneau-solaire-ecoflow-2-x-400-w-fixe\\\/#primaryimage\"},\"image\":{\"@id\":\"https:\\\/\\\/shop.bantam.ch\\\/fr\\\/produit\\\/panneau-solaire-ecoflow-2-x-400-w-fixe\\\/#primaryimage\"},\"thumbnailUrl\":\"https:\\\/\\\/shop.bantam.ch\\\/wp-content\\\/uploads\\\/2024\\\/09\\\/Movera-L-9970993100.png\",\"datePublished\":\"2024-05-15T15:13:48+00:00\",\"dateModified\":\"2026-04-17T21:12:01+00:00\",\"breadcrumb\":{\"@id\":\"https:\\\/\\\/shop.bantam.ch\\\/fr\\\/produit\\\/panneau-solaire-ecoflow-2-x-400-w-fixe\\\/#breadcrumb\"},\"inLanguage\":\"fr-FR\",\"potentialAction\":[{\"@type\":\"ReadAction\",\"target\":[\"https:\\\/\\\/shop.bantam.ch\\\/fr\\\/produit\\\/panneau-solaire-ecoflow-2-x-400-w-fixe\\\/\"]}]},{\"@type\":\"ImageObject\",\"inLanguage\":\"fr-FR\",\"@id\":\"https:\\\/\\\/shop.bantam.ch\\\/fr\\\/produit\\\/panneau-solaire-ecoflow-2-x-400-w-fixe\\\/#primaryimage\",\"url\":\"https:\\\/\\\/shop.bantam.ch\\\/wp-content\\\/uploads\\\/2024\\\/09\\\/Movera-L-9970993100.png\",\"contentUrl\":\"https:\\\/\\\/shop.bantam.ch\\\/wp-content\\\/uploads\\\/2024\\\/09\\\/Movera-L-9970993100.png\",\"width\":640,\"height\":640},{\"@type\":\"BreadcrumbList\",\"@id\":\"https:\\\/\\\/shop.bantam.ch\\\/fr\\\/produit\\\/panneau-solaire-ecoflow-2-x-400-w-fixe\\\/#breadcrumb\",\"itemListElement\":[{\"@type\":\"ListItem\",\"position\":1,\"name\":\"Accueil\",\"item\":\"https:\\\/\\\/shop.bantam.ch\\\/fr\\\/\"},{\"@type\":\"ListItem\",\"position\":2,\"name\":\"Boutique\",\"item\":\"https:\\\/\\\/shop.bantam.ch\\\/fr\\\/boutique\\\/\"},{\"@type\":\"ListItem\",\"position\":3,\"name\":\"Panneau solaire ECOFLOW 2 x 400 W &#8211; fixe\"}]},{\"@type\":\"WebSite\",\"@id\":\"https:\\\/\\\/shop.bantam.ch\\\/fr\\\/#website\",\"url\":\"https:\\\/\\\/shop.bantam.ch\\\/fr\\\/\",\"name\":\"Bantam Wankm\u00fcller SA\",\"description\":\"\",\"publisher\":{\"@id\":\"https:\\\/\\\/shop.bantam.ch\\\/fr\\\/#organization\"},\"inLanguage\":\"fr-FR\"},{\"@type\":\"Organization\",\"@id\":\"https:\\\/\\\/shop.bantam.ch\\\/fr\\\/#organization\",\"name\":\"Bantam Wankm\u00fcller SA\",\"url\":\"https:\\\/\\\/shop.bantam.ch\\\/fr\\\/\",\"logo\":{\"@type\":\"ImageObject\",\"inLanguage\":\"fr-FR\",\"@id\":\"https:\\\/\\\/shop.bantam.ch\\\/fr\\\/#\\\/schema\\\/logo\\\/image\\\/\",\"url\":\"https:\\\/\\\/shop.bantam.ch\\\/wp-content\\\/uploads\\\/2022\\\/12\\\/bantam-logo.png\",\"contentUrl\":\"https:\\\/\\\/shop.bantam.ch\\\/wp-content\\\/uploads\\\/2022\\\/12\\\/bantam-logo.png\",\"width\":320,\"height\":71,\"caption\":\"Bantam Wankm\u00fcller SA\"},\"image\":{\"@id\":\"https:\\\/\\\/shop.bantam.ch\\\/fr\\\/#\\\/schema\\\/logo\\\/image\\\/\"}}]}<\/script>\n<!-- \/ Yoast SEO plugin. -->","yoast_head_json":{"title":"Panneau solaire ECOFLOW 2 x 400 W - fixe - Bantam Wankm\u00fcller SA","robots":{"index":"index","follow":"follow","max-snippet":"max-snippet:-1","max-image-preview":"max-image-preview:large","max-video-preview":"max-video-preview:-1"},"canonical":"https:\/\/shop.bantam.ch\/fr\/produit\/panneau-solaire-ecoflow-2-x-400-w-fixe\/","og_locale":"fr_FR","og_type":"article","og_title":"Panneau solaire ECOFLOW 2 x 400 W - fixe - Bantam Wankm\u00fcller SA","og_description":"Une charge rapide: Gr\u00e2ce \u00e0 son rendement \u00e9lev\u00e9 allant jusqu&rsquo;\u00e0 23 %, le recharge vos batteries LFP plus rapidement que des panneaux solaires de taille similaire. R\u00e9sistant aux intemp\u00e9ries et durable: le panneau rigide allie l&rsquo;esth\u00e9tique \u00e0 des mat\u00e9riaux robustes, ce qui lui permet de r\u00e9sister \u00e0 toutes les conditions m\u00e9t\u00e9orologiques, tout en offrant la [&hellip;]","og_url":"https:\/\/shop.bantam.ch\/fr\/produit\/panneau-solaire-ecoflow-2-x-400-w-fixe\/","og_site_name":"Bantam Wankm\u00fcller SA","article_modified_time":"2026-04-17T21:12:01+00:00","og_image":[{"width":640,"height":640,"url":"https:\/\/shop.bantam.ch\/wp-content\/uploads\/2024\/05\/Movera-L-9970993100.png","type":"image\/png"}],"twitter_card":"summary_large_image","twitter_misc":{"Dur\u00e9e de lecture estim\u00e9e":"1 minute"},"schema":{"@context":"https:\/\/schema.org","@graph":[{"@type":"WebPage","@id":"https:\/\/shop.bantam.ch\/fr\/produit\/panneau-solaire-ecoflow-2-x-400-w-fixe\/","url":"https:\/\/shop.bantam.ch\/fr\/produit\/panneau-solaire-ecoflow-2-x-400-w-fixe\/","name":"Panneau solaire ECOFLOW 2 x 400 W - fixe - Bantam Wankm\u00fcller SA","isPartOf":{"@id":"https:\/\/shop.bantam.ch\/fr\/#website"},"primaryImageOfPage":{"@id":"https:\/\/shop.bantam.ch\/fr\/produit\/panneau-solaire-ecoflow-2-x-400-w-fixe\/#primaryimage"},"image":{"@id":"https:\/\/shop.bantam.ch\/fr\/produit\/panneau-solaire-ecoflow-2-x-400-w-fixe\/#primaryimage"},"thumbnailUrl":"https:\/\/shop.bantam.ch\/wp-content\/uploads\/2024\/09\/Movera-L-9970993100.png","datePublished":"2024-05-15T15:13:48+00:00","dateModified":"2026-04-17T21:12:01+00:00","breadcrumb":{"@id":"https:\/\/shop.bantam.ch\/fr\/produit\/panneau-solaire-ecoflow-2-x-400-w-fixe\/#breadcrumb"},"inLanguage":"fr-FR","potentialAction":[{"@type":"ReadAction","target":["https:\/\/shop.bantam.ch\/fr\/produit\/panneau-solaire-ecoflow-2-x-400-w-fixe\/"]}]},{"@type":"ImageObject","inLanguage":"fr-FR","@id":"https:\/\/shop.bantam.ch\/fr\/produit\/panneau-solaire-ecoflow-2-x-400-w-fixe\/#primaryimage","url":"https:\/\/shop.bantam.ch\/wp-content\/uploads\/2024\/09\/Movera-L-9970993100.png","contentUrl":"https:\/\/shop.bantam.ch\/wp-content\/uploads\/2024\/09\/Movera-L-9970993100.png","width":640,"height":640},{"@type":"BreadcrumbList","@id":"https:\/\/shop.bantam.ch\/fr\/produit\/panneau-solaire-ecoflow-2-x-400-w-fixe\/#breadcrumb","itemListElement":[{"@type":"ListItem","position":1,"name":"Accueil","item":"https:\/\/shop.bantam.ch\/fr\/"},{"@type":"ListItem","position":2,"name":"Boutique","item":"https:\/\/shop.bantam.ch\/fr\/boutique\/"},{"@type":"ListItem","position":3,"name":"Panneau solaire ECOFLOW 2 x 400 W &#8211; fixe"}]},{"@type":"WebSite","@id":"https:\/\/shop.bantam.ch\/fr\/#website","url":"https:\/\/shop.bantam.ch\/fr\/","name":"Bantam Wankm\u00fcller SA","description":"","publisher":{"@id":"https:\/\/shop.bantam.ch\/fr\/#organization"},"inLanguage":"fr-FR"},{"@type":"Organization","@id":"https:\/\/shop.bantam.ch\/fr\/#organization","name":"Bantam Wankm\u00fcller SA","url":"https:\/\/shop.bantam.ch\/fr\/","logo":{"@type":"ImageObject","inLanguage":"fr-FR","@id":"https:\/\/shop.bantam.ch\/fr\/#\/schema\/logo\/image\/","url":"https:\/\/shop.bantam.ch\/wp-content\/uploads\/2022\/12\/bantam-logo.png","contentUrl":"https:\/\/shop.bantam.ch\/wp-content\/uploads\/2022\/12\/bantam-logo.png","width":320,"height":71,"caption":"Bantam Wankm\u00fcller SA"},"image":{"@id":"https:\/\/shop.bantam.ch\/fr\/#\/schema\/logo\/image\/"}}]}},"_links":{"self":[{"href":"https:\/\/shop.bantam.ch\/fr\/wp-json\/wp\/v2\/product\/199536","targetHints":{"allow":["GET"]}}],"collection":[{"href":"https:\/\/shop.bantam.ch\/fr\/wp-json\/wp\/v2\/product"}],"about":[{"href":"https:\/\/shop.bantam.ch\/fr\/wp-json\/wp\/v2\/types\/product"}],"wp:featuredmedia":[{"embeddable":true,"href":"https:\/\/shop.bantam.ch\/fr\/wp-json\/wp\/v2\/media\/207428"}],"wp:attachment":[{"href":"https:\/\/shop.bantam.ch\/fr\/wp-json\/wp\/v2\/media?parent=199536"}],"wp:term":[{"taxonomy":"product_featured_cat","embeddable":true,"href":"https:\/\/shop.bantam.ch\/fr\/wp-json\/wp\/v2\/product_featured_cat?post=199536"},{"taxonomy":"product_brand","embeddable":true,"href":"https:\/\/shop.bantam.ch\/fr\/wp-json\/wp\/v2\/product_brand?post=199536"},{"taxonomy":"product_cat","embeddable":true,"href":"https:\/\/shop.bantam.ch\/fr\/wp-json\/wp\/v2\/product_cat?post=199536"},{"taxonomy":"product_tag","embeddable":true,"href":"https:\/\/shop.bantam.ch\/fr\/wp-json\/wp\/v2\/product_tag?post=199536"}],"curies":[{"name":"wp","href":"https:\/\/api.w.org\/{rel}","templated":true}]}}