{"id":199532,"date":"2024-05-15T17:13:40","date_gmt":"2024-05-15T15:13:40","guid":{"rendered":"https:\/\/shop.bantam.ch\/produit\/batterie-de-rechange-ecoflow-delta-2-extra-battery\/"},"modified":"2026-04-18T23:15:09","modified_gmt":"2026-04-18T21:15:09","slug":"batterie-de-rechange-ecoflow-delta-2-extra-battery","status":"publish","type":"product","link":"https:\/\/shop.bantam.ch\/fr\/produit\/batterie-de-rechange-ecoflow-delta-2-extra-battery\/","title":{"rendered":"Batterie de rechange ECOFLOW Delta 2, Extra Battery"},"content":{"rendered":"<p><strong>Capacit\u00e9 extensible:<\/strong> DELTA 2 offre jusqu&rsquo;\u00e0 2 048 Wh de plus gr\u00e2ce \u00e0 la batterie suppl\u00e9mentaire intelligente, ce qui permet \u00e0 votre maison de continuer \u00e0 \u00eatre aliment\u00e9e en \u00e9lectricit\u00e9 en cas d&rsquo;urgence.<\/p>\n<p><strong>Une recharge pratique:<\/strong> DELTA 2 et ses batteries suppl\u00e9mentaires se chargent et se d\u00e9chargent simultan\u00e9ment. Recharge facile avec des panneaux solaires, le courant du secteur ou notre g\u00e9n\u00e9rateur intelligent.<\/p>\n<p>Recharge rapide : DELTA 2 se charge de 0 \u00e0 80% en 70 minutes et de 0 \u00e0 100% en 120 minutes avec une entr\u00e9e AC.<\/p>\n<p><strong>Compartiment de rangement interne:<\/strong> le rangement suppl\u00e9mentaire des accessoires est pratique et permet de gagner de la place \u00e0 la maison ou en d\u00e9placement.<\/p>\n<p><strong>Alimentation de plusieurs appareils:<\/strong> DELTA 2 est \u00e9quip\u00e9e de toutes les connexions dont vous avez besoin pour alimenter vos appareils o\u00f9 que vous soyez, pour que vous vous sentiez toujours \u00e0 l&rsquo;aise.<\/p>\n<p><strong>Tout sous contr\u00f4le, o\u00f9 que vous soyez:<\/strong> l&rsquo;\u00e9cran int\u00e9gr\u00e9 affiche toutes les informations sur l&rsquo;\u00e9tat de la batterie, le temps de charge restant, les heures restantes et bien plus encore. Vous pouvez v\u00e9rifier l&rsquo;\u00e9tat de la batterie partout via l&rsquo;application EcoFlow.<\/p>\n<p>\nContenu de la livraison:<br \/>\nIncluse Batterie intelligente de rechange EcoFlow DELTA 2<br \/>\nC\u00e2ble de batterie de rechange DELTA 2<br \/>\nManuel d&rsquo;utilisation<br \/>\nCarte de garantie<\/p>\n","protected":false},"excerpt":{"rendered":"<p>Capacit\u00e9 extensible: DELTA 2 offre jusqu&rsquo;\u00e0 2 048 Wh de plus gr\u00e2ce \u00e0 la batterie suppl\u00e9mentaire intelligente, ce qui permet \u00e0 votre maison de continuer \u00e0 \u00eatre aliment\u00e9e en \u00e9lectricit\u00e9 en cas d&rsquo;urgence. Une recharge pratique: DELTA 2 et ses batteries suppl\u00e9mentaires se chargent et se d\u00e9chargent simultan\u00e9ment. Recharge facile avec des panneaux solaires, le [&hellip;]<\/p>\n","protected":false},"featured_media":207426,"template":"","meta":{"_acf_changed":false},"product_featured_cat":[],"product_brand":[3628],"product_cat":[5113,5129],"product_tag":[],"class_list":{"0":"post-199532","1":"product","2":"type-product","3":"status-publish","4":"has-post-thumbnail","6":"product_brand-ecoflow","7":"product_cat-batteries-lithium","8":"product_cat-batteries-portables","10":"first","11":"instock","12":"taxable","13":"shipping-taxable","14":"purchasable","15":"product-type-simple"},"acf":[],"yoast_head":"<!-- This site is optimized with the Yoast SEO plugin v27.4 - https:\/\/yoast.com\/product\/yoast-seo-wordpress\/ -->\n<title>Batterie de rechange ECOFLOW Delta 2, Extra Battery - Bantam Wankm\u00fcller SA<\/title>\n<meta name=\"robots\" content=\"index, follow, max-snippet:-1, max-image-preview:large, max-video-preview:-1\" \/>\n<link rel=\"canonical\" href=\"https:\/\/shop.bantam.ch\/fr\/produit\/batterie-de-rechange-ecoflow-delta-2-extra-battery\/\" \/>\n<meta property=\"og:locale\" content=\"fr_FR\" \/>\n<meta property=\"og:type\" content=\"article\" \/>\n<meta property=\"og:title\" content=\"Batterie de rechange ECOFLOW Delta 2, Extra Battery - Bantam Wankm\u00fcller SA\" \/>\n<meta property=\"og:description\" content=\"Capacit\u00e9 extensible: DELTA 2 offre jusqu&rsquo;\u00e0 2 048 Wh de plus gr\u00e2ce \u00e0 la batterie suppl\u00e9mentaire intelligente, ce qui permet \u00e0 votre maison de continuer \u00e0 \u00eatre aliment\u00e9e en \u00e9lectricit\u00e9 en cas d&rsquo;urgence. Une recharge pratique: DELTA 2 et ses batteries suppl\u00e9mentaires se chargent et se d\u00e9chargent simultan\u00e9ment. Recharge facile avec des panneaux solaires, le [&hellip;]\" \/>\n<meta property=\"og:url\" content=\"https:\/\/shop.bantam.ch\/fr\/produit\/batterie-de-rechange-ecoflow-delta-2-extra-battery\/\" \/>\n<meta property=\"og:site_name\" content=\"Bantam Wankm\u00fcller SA\" \/>\n<meta property=\"article:modified_time\" content=\"2026-04-18T21:15:09+00:00\" \/>\n<meta property=\"og:image\" content=\"https:\/\/shop.bantam.ch\/wp-content\/uploads\/2024\/05\/Movera-L-9970992100.jpg\" \/>\n\t<meta property=\"og:image:width\" content=\"600\" \/>\n\t<meta property=\"og:image:height\" content=\"600\" \/>\n\t<meta property=\"og:image:type\" content=\"image\/jpeg\" \/>\n<meta name=\"twitter:card\" content=\"summary_large_image\" \/>\n<meta name=\"twitter:label1\" content=\"Dur\u00e9e de lecture estim\u00e9e\" \/>\n\t<meta name=\"twitter:data1\" content=\"1 minute\" \/>\n<script type=\"application\/ld+json\" class=\"yoast-schema-graph\">{\"@context\":\"https:\\\/\\\/schema.org\",\"@graph\":[{\"@type\":\"WebPage\",\"@id\":\"https:\\\/\\\/shop.bantam.ch\\\/fr\\\/produit\\\/batterie-de-rechange-ecoflow-delta-2-extra-battery\\\/\",\"url\":\"https:\\\/\\\/shop.bantam.ch\\\/fr\\\/produit\\\/batterie-de-rechange-ecoflow-delta-2-extra-battery\\\/\",\"name\":\"Batterie de rechange ECOFLOW Delta 2, Extra Battery - Bantam Wankm\u00fcller SA\",\"isPartOf\":{\"@id\":\"https:\\\/\\\/shop.bantam.ch\\\/fr\\\/#website\"},\"primaryImageOfPage\":{\"@id\":\"https:\\\/\\\/shop.bantam.ch\\\/fr\\\/produit\\\/batterie-de-rechange-ecoflow-delta-2-extra-battery\\\/#primaryimage\"},\"image\":{\"@id\":\"https:\\\/\\\/shop.bantam.ch\\\/fr\\\/produit\\\/batterie-de-rechange-ecoflow-delta-2-extra-battery\\\/#primaryimage\"},\"thumbnailUrl\":\"https:\\\/\\\/shop.bantam.ch\\\/wp-content\\\/uploads\\\/2024\\\/09\\\/Movera-L-9970992100.jpg\",\"datePublished\":\"2024-05-15T15:13:40+00:00\",\"dateModified\":\"2026-04-18T21:15:09+00:00\",\"breadcrumb\":{\"@id\":\"https:\\\/\\\/shop.bantam.ch\\\/fr\\\/produit\\\/batterie-de-rechange-ecoflow-delta-2-extra-battery\\\/#breadcrumb\"},\"inLanguage\":\"fr-FR\",\"potentialAction\":[{\"@type\":\"ReadAction\",\"target\":[\"https:\\\/\\\/shop.bantam.ch\\\/fr\\\/produit\\\/batterie-de-rechange-ecoflow-delta-2-extra-battery\\\/\"]}]},{\"@type\":\"ImageObject\",\"inLanguage\":\"fr-FR\",\"@id\":\"https:\\\/\\\/shop.bantam.ch\\\/fr\\\/produit\\\/batterie-de-rechange-ecoflow-delta-2-extra-battery\\\/#primaryimage\",\"url\":\"https:\\\/\\\/shop.bantam.ch\\\/wp-content\\\/uploads\\\/2024\\\/09\\\/Movera-L-9970992100.jpg\",\"contentUrl\":\"https:\\\/\\\/shop.bantam.ch\\\/wp-content\\\/uploads\\\/2024\\\/09\\\/Movera-L-9970992100.jpg\",\"width\":600,\"height\":600},{\"@type\":\"BreadcrumbList\",\"@id\":\"https:\\\/\\\/shop.bantam.ch\\\/fr\\\/produit\\\/batterie-de-rechange-ecoflow-delta-2-extra-battery\\\/#breadcrumb\",\"itemListElement\":[{\"@type\":\"ListItem\",\"position\":1,\"name\":\"Accueil\",\"item\":\"https:\\\/\\\/shop.bantam.ch\\\/fr\\\/\"},{\"@type\":\"ListItem\",\"position\":2,\"name\":\"Boutique\",\"item\":\"https:\\\/\\\/shop.bantam.ch\\\/fr\\\/boutique\\\/\"},{\"@type\":\"ListItem\",\"position\":3,\"name\":\"Batterie de rechange ECOFLOW Delta 2, Extra Battery\"}]},{\"@type\":\"WebSite\",\"@id\":\"https:\\\/\\\/shop.bantam.ch\\\/fr\\\/#website\",\"url\":\"https:\\\/\\\/shop.bantam.ch\\\/fr\\\/\",\"name\":\"Bantam Wankm\u00fcller SA\",\"description\":\"\",\"publisher\":{\"@id\":\"https:\\\/\\\/shop.bantam.ch\\\/fr\\\/#organization\"},\"inLanguage\":\"fr-FR\"},{\"@type\":\"Organization\",\"@id\":\"https:\\\/\\\/shop.bantam.ch\\\/fr\\\/#organization\",\"name\":\"Bantam Wankm\u00fcller SA\",\"url\":\"https:\\\/\\\/shop.bantam.ch\\\/fr\\\/\",\"logo\":{\"@type\":\"ImageObject\",\"inLanguage\":\"fr-FR\",\"@id\":\"https:\\\/\\\/shop.bantam.ch\\\/fr\\\/#\\\/schema\\\/logo\\\/image\\\/\",\"url\":\"https:\\\/\\\/shop.bantam.ch\\\/wp-content\\\/uploads\\\/2022\\\/12\\\/bantam-logo.png\",\"contentUrl\":\"https:\\\/\\\/shop.bantam.ch\\\/wp-content\\\/uploads\\\/2022\\\/12\\\/bantam-logo.png\",\"width\":320,\"height\":71,\"caption\":\"Bantam Wankm\u00fcller SA\"},\"image\":{\"@id\":\"https:\\\/\\\/shop.bantam.ch\\\/fr\\\/#\\\/schema\\\/logo\\\/image\\\/\"}}]}<\/script>\n<!-- \/ Yoast SEO plugin. -->","yoast_head_json":{"title":"Batterie de rechange ECOFLOW Delta 2, Extra Battery - Bantam Wankm\u00fcller SA","robots":{"index":"index","follow":"follow","max-snippet":"max-snippet:-1","max-image-preview":"max-image-preview:large","max-video-preview":"max-video-preview:-1"},"canonical":"https:\/\/shop.bantam.ch\/fr\/produit\/batterie-de-rechange-ecoflow-delta-2-extra-battery\/","og_locale":"fr_FR","og_type":"article","og_title":"Batterie de rechange ECOFLOW Delta 2, Extra Battery - Bantam Wankm\u00fcller SA","og_description":"Capacit\u00e9 extensible: DELTA 2 offre jusqu&rsquo;\u00e0 2 048 Wh de plus gr\u00e2ce \u00e0 la batterie suppl\u00e9mentaire intelligente, ce qui permet \u00e0 votre maison de continuer \u00e0 \u00eatre aliment\u00e9e en \u00e9lectricit\u00e9 en cas d&rsquo;urgence. Une recharge pratique: DELTA 2 et ses batteries suppl\u00e9mentaires se chargent et se d\u00e9chargent simultan\u00e9ment. Recharge facile avec des panneaux solaires, le [&hellip;]","og_url":"https:\/\/shop.bantam.ch\/fr\/produit\/batterie-de-rechange-ecoflow-delta-2-extra-battery\/","og_site_name":"Bantam Wankm\u00fcller SA","article_modified_time":"2026-04-18T21:15:09+00:00","og_image":[{"width":600,"height":600,"url":"https:\/\/shop.bantam.ch\/wp-content\/uploads\/2024\/05\/Movera-L-9970992100.jpg","type":"image\/jpeg"}],"twitter_card":"summary_large_image","twitter_misc":{"Dur\u00e9e de lecture estim\u00e9e":"1 minute"},"schema":{"@context":"https:\/\/schema.org","@graph":[{"@type":"WebPage","@id":"https:\/\/shop.bantam.ch\/fr\/produit\/batterie-de-rechange-ecoflow-delta-2-extra-battery\/","url":"https:\/\/shop.bantam.ch\/fr\/produit\/batterie-de-rechange-ecoflow-delta-2-extra-battery\/","name":"Batterie de rechange ECOFLOW Delta 2, Extra Battery - Bantam Wankm\u00fcller SA","isPartOf":{"@id":"https:\/\/shop.bantam.ch\/fr\/#website"},"primaryImageOfPage":{"@id":"https:\/\/shop.bantam.ch\/fr\/produit\/batterie-de-rechange-ecoflow-delta-2-extra-battery\/#primaryimage"},"image":{"@id":"https:\/\/shop.bantam.ch\/fr\/produit\/batterie-de-rechange-ecoflow-delta-2-extra-battery\/#primaryimage"},"thumbnailUrl":"https:\/\/shop.bantam.ch\/wp-content\/uploads\/2024\/09\/Movera-L-9970992100.jpg","datePublished":"2024-05-15T15:13:40+00:00","dateModified":"2026-04-18T21:15:09+00:00","breadcrumb":{"@id":"https:\/\/shop.bantam.ch\/fr\/produit\/batterie-de-rechange-ecoflow-delta-2-extra-battery\/#breadcrumb"},"inLanguage":"fr-FR","potentialAction":[{"@type":"ReadAction","target":["https:\/\/shop.bantam.ch\/fr\/produit\/batterie-de-rechange-ecoflow-delta-2-extra-battery\/"]}]},{"@type":"ImageObject","inLanguage":"fr-FR","@id":"https:\/\/shop.bantam.ch\/fr\/produit\/batterie-de-rechange-ecoflow-delta-2-extra-battery\/#primaryimage","url":"https:\/\/shop.bantam.ch\/wp-content\/uploads\/2024\/09\/Movera-L-9970992100.jpg","contentUrl":"https:\/\/shop.bantam.ch\/wp-content\/uploads\/2024\/09\/Movera-L-9970992100.jpg","width":600,"height":600},{"@type":"BreadcrumbList","@id":"https:\/\/shop.bantam.ch\/fr\/produit\/batterie-de-rechange-ecoflow-delta-2-extra-battery\/#breadcrumb","itemListElement":[{"@type":"ListItem","position":1,"name":"Accueil","item":"https:\/\/shop.bantam.ch\/fr\/"},{"@type":"ListItem","position":2,"name":"Boutique","item":"https:\/\/shop.bantam.ch\/fr\/boutique\/"},{"@type":"ListItem","position":3,"name":"Batterie de rechange ECOFLOW Delta 2, Extra Battery"}]},{"@type":"WebSite","@id":"https:\/\/shop.bantam.ch\/fr\/#website","url":"https:\/\/shop.bantam.ch\/fr\/","name":"Bantam Wankm\u00fcller SA","description":"","publisher":{"@id":"https:\/\/shop.bantam.ch\/fr\/#organization"},"inLanguage":"fr-FR"},{"@type":"Organization","@id":"https:\/\/shop.bantam.ch\/fr\/#organization","name":"Bantam Wankm\u00fcller SA","url":"https:\/\/shop.bantam.ch\/fr\/","logo":{"@type":"ImageObject","inLanguage":"fr-FR","@id":"https:\/\/shop.bantam.ch\/fr\/#\/schema\/logo\/image\/","url":"https:\/\/shop.bantam.ch\/wp-content\/uploads\/2022\/12\/bantam-logo.png","contentUrl":"https:\/\/shop.bantam.ch\/wp-content\/uploads\/2022\/12\/bantam-logo.png","width":320,"height":71,"caption":"Bantam Wankm\u00fcller SA"},"image":{"@id":"https:\/\/shop.bantam.ch\/fr\/#\/schema\/logo\/image\/"}}]}},"_links":{"self":[{"href":"https:\/\/shop.bantam.ch\/fr\/wp-json\/wp\/v2\/product\/199532","targetHints":{"allow":["GET"]}}],"collection":[{"href":"https:\/\/shop.bantam.ch\/fr\/wp-json\/wp\/v2\/product"}],"about":[{"href":"https:\/\/shop.bantam.ch\/fr\/wp-json\/wp\/v2\/types\/product"}],"wp:featuredmedia":[{"embeddable":true,"href":"https:\/\/shop.bantam.ch\/fr\/wp-json\/wp\/v2\/media\/207426"}],"wp:attachment":[{"href":"https:\/\/shop.bantam.ch\/fr\/wp-json\/wp\/v2\/media?parent=199532"}],"wp:term":[{"taxonomy":"product_featured_cat","embeddable":true,"href":"https:\/\/shop.bantam.ch\/fr\/wp-json\/wp\/v2\/product_featured_cat?post=199532"},{"taxonomy":"product_brand","embeddable":true,"href":"https:\/\/shop.bantam.ch\/fr\/wp-json\/wp\/v2\/product_brand?post=199532"},{"taxonomy":"product_cat","embeddable":true,"href":"https:\/\/shop.bantam.ch\/fr\/wp-json\/wp\/v2\/product_cat?post=199532"},{"taxonomy":"product_tag","embeddable":true,"href":"https:\/\/shop.bantam.ch\/fr\/wp-json\/wp\/v2\/product_tag?post=199532"}],"curies":[{"name":"wp","href":"https:\/\/api.w.org\/{rel}","templated":true}]}}