{"id":199510,"date":"2024-05-15T17:13:25","date_gmt":"2024-05-15T15:13:25","guid":{"rendered":"https:\/\/shop.bantam.ch\/produit\/power-station-ecoflow-river-2-max-portable\/"},"modified":"2026-04-17T23:11:59","modified_gmt":"2026-04-17T21:11:59","slug":"power-station-ecoflow-river-2-max-portable","status":"publish","type":"product","link":"https:\/\/shop.bantam.ch\/fr\/produit\/power-station-ecoflow-river-2-max-portable\/","title":{"rendered":"Power Station ECOFLOW River 2 Max portable"},"content":{"rendered":"<p><strong>Recharge de 0 \u00e0 100 % en seulement 60 minutes: <\/strong>Gr\u00e2ce au temps de charge ultra-rapide de 60 minutes, vous \u00eates toujours pr\u00eat pour la prochaine sortie. Recharge de 0 \u00e0 100 % sur une prise de courant en seulement 1 heure. C&rsquo;est 5 fois plus rapide que la norme du secteur et 38 % plus rapide que la g\u00e9n\u00e9ration pr\u00e9c\u00e9dente. Rechargez compl\u00e8tement RIVER 2 Max tout en emballant vos valises &#8211; vous \u00eates donc toujours pr\u00eat pour un voyage de derni\u00e8re minute.<\/p>\n<p><strong>S\u00fbre et fiable pour 10 ans d&rsquo;utilisation:<\/strong> avec plus de 3000+ cycles de batterie \u00e0 100% de charge, vous pouvez utiliser la RIVER 2 Max presque tous les jours pendant environ dix ans. La chimie de la batterie LFP n&rsquo;offre pas seulement une longue dur\u00e9e de vie. Elle est \u00e9galement plus fiable, plus efficace et plus s\u00fbre, m\u00eame \u00e0 des temp\u00e9ratures \u00e9lev\u00e9es. Gr\u00e2ce aux cellules LFP, la s\u00e9rie RIVER 2 est s\u00fbre, durable et tr\u00e8s efficace, m\u00eame \u00e0 des temp\u00e9ratures \u00e9lev\u00e9es.<\/p>\n<p><strong>Recharge sans limites:<\/strong> Avec quatre options de charge polyvalentes, vous pouvez recharger la RIVER 2 Max o\u00f9 que vous soyez. Chargez-le sur une prise de courant pour une charge ultra-rapide d&rsquo;une heure, rechargez-le en voiture lors de vos d\u00e9placements et rechargez-le hors r\u00e9seau ou de mani\u00e8re \u00e9cologique avec une charge solaire rapide. RIVER 2 Max dispose d&rsquo;une toute nouvelle option de chargement: USB-C. Connectez-le et rechargez-le \u00e0 n&rsquo;importe quel endroit o\u00f9 il y a une prise de courant.<\/p>\n<p>Alimentez jusqu&rsquo;\u00e0 80% de vos appareils les plus importants. X-Boost jusqu&rsquo;\u00e0 1000 W : avec une puissance de sortie de 500 W, le RIVER 2 Max couvre la plupart de vos appareils les plus importants. Mais pourquoi ne pas porter la puissance \u00e0 un autre niveau avec le mode X-Boost ? Allumez-le pour faire fonctionner des appareils d&rsquo;une puissance allant jusqu&rsquo;\u00e0 1000 W, y compris un aspirateur ou un grille-pain \u00e0 sandwich.<\/p>\n<p><strong>Grab-and-go power:<\/strong> le RIVER 2 Max ne p\u00e8se que 6 kg et est con\u00e7u pour \u00eatre facilement transportable, ce qui permet d&rsquo;obtenir du courant n&rsquo;importe o\u00f9 et n&rsquo;importe quand. Avec son poids inf\u00e9rieur de 22 % \u00e0 celui de la g\u00e9n\u00e9ration pr\u00e9c\u00e9dente, le RIVER 2 est id\u00e9al pour les aventures en plein air, du camping en pleine nature aux barbecues sur la plage.<\/p>\n<p>Sauvegarde \u00e0 domicile indispensable avec un mode de commutation de 30 ms : pr\u00e9parez vos appareils \u00e0 des pannes inattendues. Avec une vitesse de commutation rapide de 30 ms, le RIVER 2 Max veille \u00e0 ce que vos appareils qui doivent absolument \u00eatre aliment\u00e9s continuent de fonctionner. Avec une vitesse de commutation inf\u00e9rieure \u00e0 30 ms, vous ne remarquez m\u00eame pas qu&rsquo;il y a eu une panne de courant. Utilisez la s\u00e9rie RIVER 2 comme alimentation de secours en cas de panne de courant nocturne, afin que les appareils importants comme les respirateurs CPAP ou les aquariums continuent d&rsquo;\u00eatre aliment\u00e9s.<\/p>\n<p><strong>De l&rsquo;\u00e9nergie sous le bouton: <\/strong>utilisez l&rsquo;application EcoFlow pour commander et surveiller facilement le RIVER 2 Max avec votre t\u00e9l\u00e9phone portable. Connectez-vous via WLAN ou Bluetooth pour utiliser l&rsquo;appareil \u00e0 proximit\u00e9 ou \u00e0 distance. Consultez les niveaux de charge, ajustez les param\u00e8tres et modifiez la vitesse de charge &#8211; en toute simplicit\u00e9 depuis votre t\u00e9l\u00e9phone.<\/p>\n<p><strong>Syst\u00e8me intelligent de protection de la batterie:&nbsp;<\/strong>notre syst\u00e8me de gestion de la batterie (BMS) ultramoderne surveille en permanence la tension, le courant et la temp\u00e9rature de la s\u00e9rie RIVER 2 sous diff\u00e9rents aspects de protection, ce qui maximise sa dur\u00e9e de vie.<\/p>\n<p>&nbsp;<\/p>\n<p>Contenu de la livraison:<br \/>\nInclus RIVER 2 Max<\/p>\n<p>C\u00e2ble de charge AC<br \/>\nC\u00e2ble de charge pour voiture<br \/>\nC\u00e2ble de raccordement DC5521<br \/>\nGuide de d\u00e9marrage rapide<\/p>\n","protected":false},"excerpt":{"rendered":"<p>Recharge de 0 \u00e0 100 % en seulement 60 minutes: Gr\u00e2ce au temps de charge ultra-rapide de 60 minutes, vous \u00eates toujours pr\u00eat pour la prochaine sortie. Recharge de 0 \u00e0 100 % sur une prise de courant en seulement 1 heure. C&rsquo;est 5 fois plus rapide que la norme du secteur et 38 % [&hellip;]<\/p>\n","protected":false},"featured_media":207422,"template":"","meta":{"_acf_changed":false},"product_featured_cat":[],"product_brand":[3628],"product_cat":[5129],"product_tag":[],"class_list":{"0":"post-199510","1":"product","2":"type-product","3":"status-publish","4":"has-post-thumbnail","6":"product_brand-ecoflow","7":"product_cat-batteries-portables","9":"first","10":"instock","11":"taxable","12":"shipping-taxable","13":"purchasable","14":"product-type-simple"},"acf":[],"yoast_head":"<!-- This site is optimized with the Yoast SEO plugin v27.4 - https:\/\/yoast.com\/product\/yoast-seo-wordpress\/ -->\n<title>Power Station ECOFLOW River 2 Max portable - Bantam Wankm\u00fcller SA<\/title>\n<meta name=\"robots\" content=\"index, follow, max-snippet:-1, max-image-preview:large, max-video-preview:-1\" \/>\n<link rel=\"canonical\" href=\"https:\/\/shop.bantam.ch\/fr\/produit\/power-station-ecoflow-river-2-max-portable\/\" \/>\n<meta property=\"og:locale\" content=\"fr_FR\" \/>\n<meta property=\"og:type\" content=\"article\" \/>\n<meta property=\"og:title\" content=\"Power Station ECOFLOW River 2 Max portable - Bantam Wankm\u00fcller SA\" \/>\n<meta property=\"og:description\" content=\"Recharge de 0 \u00e0 100 % en seulement 60 minutes: Gr\u00e2ce au temps de charge ultra-rapide de 60 minutes, vous \u00eates toujours pr\u00eat pour la prochaine sortie. Recharge de 0 \u00e0 100 % sur une prise de courant en seulement 1 heure. C&rsquo;est 5 fois plus rapide que la norme du secteur et 38 % [&hellip;]\" \/>\n<meta property=\"og:url\" content=\"https:\/\/shop.bantam.ch\/fr\/produit\/power-station-ecoflow-river-2-max-portable\/\" \/>\n<meta property=\"og:site_name\" content=\"Bantam Wankm\u00fcller SA\" \/>\n<meta property=\"article:modified_time\" content=\"2026-04-17T21:11:59+00:00\" \/>\n<meta property=\"og:image\" content=\"https:\/\/shop.bantam.ch\/wp-content\/uploads\/2024\/05\/Movera-L-9970988100.jpg\" \/>\n\t<meta property=\"og:image:width\" content=\"600\" \/>\n\t<meta property=\"og:image:height\" content=\"600\" \/>\n\t<meta property=\"og:image:type\" content=\"image\/jpeg\" \/>\n<meta name=\"twitter:card\" content=\"summary_large_image\" \/>\n<meta name=\"twitter:label1\" content=\"Dur\u00e9e de lecture estim\u00e9e\" \/>\n\t<meta name=\"twitter:data1\" content=\"3 minutes\" \/>\n<script type=\"application\/ld+json\" class=\"yoast-schema-graph\">{\"@context\":\"https:\\\/\\\/schema.org\",\"@graph\":[{\"@type\":\"WebPage\",\"@id\":\"https:\\\/\\\/shop.bantam.ch\\\/fr\\\/produit\\\/power-station-ecoflow-river-2-max-portable\\\/\",\"url\":\"https:\\\/\\\/shop.bantam.ch\\\/fr\\\/produit\\\/power-station-ecoflow-river-2-max-portable\\\/\",\"name\":\"Power Station ECOFLOW River 2 Max portable - Bantam Wankm\u00fcller SA\",\"isPartOf\":{\"@id\":\"https:\\\/\\\/shop.bantam.ch\\\/fr\\\/#website\"},\"primaryImageOfPage\":{\"@id\":\"https:\\\/\\\/shop.bantam.ch\\\/fr\\\/produit\\\/power-station-ecoflow-river-2-max-portable\\\/#primaryimage\"},\"image\":{\"@id\":\"https:\\\/\\\/shop.bantam.ch\\\/fr\\\/produit\\\/power-station-ecoflow-river-2-max-portable\\\/#primaryimage\"},\"thumbnailUrl\":\"https:\\\/\\\/shop.bantam.ch\\\/wp-content\\\/uploads\\\/2024\\\/09\\\/Movera-L-9970988100.jpg\",\"datePublished\":\"2024-05-15T15:13:25+00:00\",\"dateModified\":\"2026-04-17T21:11:59+00:00\",\"breadcrumb\":{\"@id\":\"https:\\\/\\\/shop.bantam.ch\\\/fr\\\/produit\\\/power-station-ecoflow-river-2-max-portable\\\/#breadcrumb\"},\"inLanguage\":\"fr-FR\",\"potentialAction\":[{\"@type\":\"ReadAction\",\"target\":[\"https:\\\/\\\/shop.bantam.ch\\\/fr\\\/produit\\\/power-station-ecoflow-river-2-max-portable\\\/\"]}]},{\"@type\":\"ImageObject\",\"inLanguage\":\"fr-FR\",\"@id\":\"https:\\\/\\\/shop.bantam.ch\\\/fr\\\/produit\\\/power-station-ecoflow-river-2-max-portable\\\/#primaryimage\",\"url\":\"https:\\\/\\\/shop.bantam.ch\\\/wp-content\\\/uploads\\\/2024\\\/09\\\/Movera-L-9970988100.jpg\",\"contentUrl\":\"https:\\\/\\\/shop.bantam.ch\\\/wp-content\\\/uploads\\\/2024\\\/09\\\/Movera-L-9970988100.jpg\",\"width\":600,\"height\":600},{\"@type\":\"BreadcrumbList\",\"@id\":\"https:\\\/\\\/shop.bantam.ch\\\/fr\\\/produit\\\/power-station-ecoflow-river-2-max-portable\\\/#breadcrumb\",\"itemListElement\":[{\"@type\":\"ListItem\",\"position\":1,\"name\":\"Accueil\",\"item\":\"https:\\\/\\\/shop.bantam.ch\\\/fr\\\/\"},{\"@type\":\"ListItem\",\"position\":2,\"name\":\"Boutique\",\"item\":\"https:\\\/\\\/shop.bantam.ch\\\/fr\\\/boutique\\\/\"},{\"@type\":\"ListItem\",\"position\":3,\"name\":\"Power Station ECOFLOW River 2 Max portable\"}]},{\"@type\":\"WebSite\",\"@id\":\"https:\\\/\\\/shop.bantam.ch\\\/fr\\\/#website\",\"url\":\"https:\\\/\\\/shop.bantam.ch\\\/fr\\\/\",\"name\":\"Bantam Wankm\u00fcller SA\",\"description\":\"\",\"publisher\":{\"@id\":\"https:\\\/\\\/shop.bantam.ch\\\/fr\\\/#organization\"},\"inLanguage\":\"fr-FR\"},{\"@type\":\"Organization\",\"@id\":\"https:\\\/\\\/shop.bantam.ch\\\/fr\\\/#organization\",\"name\":\"Bantam Wankm\u00fcller SA\",\"url\":\"https:\\\/\\\/shop.bantam.ch\\\/fr\\\/\",\"logo\":{\"@type\":\"ImageObject\",\"inLanguage\":\"fr-FR\",\"@id\":\"https:\\\/\\\/shop.bantam.ch\\\/fr\\\/#\\\/schema\\\/logo\\\/image\\\/\",\"url\":\"https:\\\/\\\/shop.bantam.ch\\\/wp-content\\\/uploads\\\/2022\\\/12\\\/bantam-logo.png\",\"contentUrl\":\"https:\\\/\\\/shop.bantam.ch\\\/wp-content\\\/uploads\\\/2022\\\/12\\\/bantam-logo.png\",\"width\":320,\"height\":71,\"caption\":\"Bantam Wankm\u00fcller SA\"},\"image\":{\"@id\":\"https:\\\/\\\/shop.bantam.ch\\\/fr\\\/#\\\/schema\\\/logo\\\/image\\\/\"}}]}<\/script>\n<!-- \/ Yoast SEO plugin. -->","yoast_head_json":{"title":"Power Station ECOFLOW River 2 Max portable - Bantam Wankm\u00fcller SA","robots":{"index":"index","follow":"follow","max-snippet":"max-snippet:-1","max-image-preview":"max-image-preview:large","max-video-preview":"max-video-preview:-1"},"canonical":"https:\/\/shop.bantam.ch\/fr\/produit\/power-station-ecoflow-river-2-max-portable\/","og_locale":"fr_FR","og_type":"article","og_title":"Power Station ECOFLOW River 2 Max portable - Bantam Wankm\u00fcller SA","og_description":"Recharge de 0 \u00e0 100 % en seulement 60 minutes: Gr\u00e2ce au temps de charge ultra-rapide de 60 minutes, vous \u00eates toujours pr\u00eat pour la prochaine sortie. Recharge de 0 \u00e0 100 % sur une prise de courant en seulement 1 heure. C&rsquo;est 5 fois plus rapide que la norme du secteur et 38 % [&hellip;]","og_url":"https:\/\/shop.bantam.ch\/fr\/produit\/power-station-ecoflow-river-2-max-portable\/","og_site_name":"Bantam Wankm\u00fcller SA","article_modified_time":"2026-04-17T21:11:59+00:00","og_image":[{"width":600,"height":600,"url":"https:\/\/shop.bantam.ch\/wp-content\/uploads\/2024\/05\/Movera-L-9970988100.jpg","type":"image\/jpeg"}],"twitter_card":"summary_large_image","twitter_misc":{"Dur\u00e9e de lecture estim\u00e9e":"3 minutes"},"schema":{"@context":"https:\/\/schema.org","@graph":[{"@type":"WebPage","@id":"https:\/\/shop.bantam.ch\/fr\/produit\/power-station-ecoflow-river-2-max-portable\/","url":"https:\/\/shop.bantam.ch\/fr\/produit\/power-station-ecoflow-river-2-max-portable\/","name":"Power Station ECOFLOW River 2 Max portable - Bantam Wankm\u00fcller SA","isPartOf":{"@id":"https:\/\/shop.bantam.ch\/fr\/#website"},"primaryImageOfPage":{"@id":"https:\/\/shop.bantam.ch\/fr\/produit\/power-station-ecoflow-river-2-max-portable\/#primaryimage"},"image":{"@id":"https:\/\/shop.bantam.ch\/fr\/produit\/power-station-ecoflow-river-2-max-portable\/#primaryimage"},"thumbnailUrl":"https:\/\/shop.bantam.ch\/wp-content\/uploads\/2024\/09\/Movera-L-9970988100.jpg","datePublished":"2024-05-15T15:13:25+00:00","dateModified":"2026-04-17T21:11:59+00:00","breadcrumb":{"@id":"https:\/\/shop.bantam.ch\/fr\/produit\/power-station-ecoflow-river-2-max-portable\/#breadcrumb"},"inLanguage":"fr-FR","potentialAction":[{"@type":"ReadAction","target":["https:\/\/shop.bantam.ch\/fr\/produit\/power-station-ecoflow-river-2-max-portable\/"]}]},{"@type":"ImageObject","inLanguage":"fr-FR","@id":"https:\/\/shop.bantam.ch\/fr\/produit\/power-station-ecoflow-river-2-max-portable\/#primaryimage","url":"https:\/\/shop.bantam.ch\/wp-content\/uploads\/2024\/09\/Movera-L-9970988100.jpg","contentUrl":"https:\/\/shop.bantam.ch\/wp-content\/uploads\/2024\/09\/Movera-L-9970988100.jpg","width":600,"height":600},{"@type":"BreadcrumbList","@id":"https:\/\/shop.bantam.ch\/fr\/produit\/power-station-ecoflow-river-2-max-portable\/#breadcrumb","itemListElement":[{"@type":"ListItem","position":1,"name":"Accueil","item":"https:\/\/shop.bantam.ch\/fr\/"},{"@type":"ListItem","position":2,"name":"Boutique","item":"https:\/\/shop.bantam.ch\/fr\/boutique\/"},{"@type":"ListItem","position":3,"name":"Power Station ECOFLOW River 2 Max portable"}]},{"@type":"WebSite","@id":"https:\/\/shop.bantam.ch\/fr\/#website","url":"https:\/\/shop.bantam.ch\/fr\/","name":"Bantam Wankm\u00fcller SA","description":"","publisher":{"@id":"https:\/\/shop.bantam.ch\/fr\/#organization"},"inLanguage":"fr-FR"},{"@type":"Organization","@id":"https:\/\/shop.bantam.ch\/fr\/#organization","name":"Bantam Wankm\u00fcller SA","url":"https:\/\/shop.bantam.ch\/fr\/","logo":{"@type":"ImageObject","inLanguage":"fr-FR","@id":"https:\/\/shop.bantam.ch\/fr\/#\/schema\/logo\/image\/","url":"https:\/\/shop.bantam.ch\/wp-content\/uploads\/2022\/12\/bantam-logo.png","contentUrl":"https:\/\/shop.bantam.ch\/wp-content\/uploads\/2022\/12\/bantam-logo.png","width":320,"height":71,"caption":"Bantam Wankm\u00fcller SA"},"image":{"@id":"https:\/\/shop.bantam.ch\/fr\/#\/schema\/logo\/image\/"}}]}},"_links":{"self":[{"href":"https:\/\/shop.bantam.ch\/fr\/wp-json\/wp\/v2\/product\/199510","targetHints":{"allow":["GET"]}}],"collection":[{"href":"https:\/\/shop.bantam.ch\/fr\/wp-json\/wp\/v2\/product"}],"about":[{"href":"https:\/\/shop.bantam.ch\/fr\/wp-json\/wp\/v2\/types\/product"}],"wp:featuredmedia":[{"embeddable":true,"href":"https:\/\/shop.bantam.ch\/fr\/wp-json\/wp\/v2\/media\/207422"}],"wp:attachment":[{"href":"https:\/\/shop.bantam.ch\/fr\/wp-json\/wp\/v2\/media?parent=199510"}],"wp:term":[{"taxonomy":"product_featured_cat","embeddable":true,"href":"https:\/\/shop.bantam.ch\/fr\/wp-json\/wp\/v2\/product_featured_cat?post=199510"},{"taxonomy":"product_brand","embeddable":true,"href":"https:\/\/shop.bantam.ch\/fr\/wp-json\/wp\/v2\/product_brand?post=199510"},{"taxonomy":"product_cat","embeddable":true,"href":"https:\/\/shop.bantam.ch\/fr\/wp-json\/wp\/v2\/product_cat?post=199510"},{"taxonomy":"product_tag","embeddable":true,"href":"https:\/\/shop.bantam.ch\/fr\/wp-json\/wp\/v2\/product_tag?post=199510"}],"curies":[{"name":"wp","href":"https:\/\/api.w.org\/{rel}","templated":true}]}}