{"id":199498,"date":"2024-05-15T17:13:18","date_gmt":"2024-05-15T15:13:18","guid":{"rendered":"https:\/\/shop.bantam.ch\/produit\/power-station-ecoflow-river-2-pro-portable\/"},"modified":"2026-05-01T23:08:37","modified_gmt":"2026-05-01T21:08:37","slug":"power-station-ecoflow-river-2-pro-portable","status":"publish","type":"product","link":"https:\/\/shop.bantam.ch\/fr\/produit\/power-station-ecoflow-river-2-pro-portable\/","title":{"rendered":"Power Station ECOFLOW River 2 Pro portable"},"content":{"rendered":"<p><strong>Rechargez de 0 \u00e0 100 % en seulement 70 minutes:<\/strong> gr\u00e2ce \u00e0 son temps de charge ultra-rapide de 70 minutes, vous \u00eates toujours pr\u00eat pour votre prochain voyage : chargez de 0 \u00e0 100 % sur une prise en seulement 70 minutes. C&rsquo;est 5 fois plus rapide que la norme de l&rsquo;industrie et 27 % plus rapide que la g\u00e9n\u00e9ration pr\u00e9c\u00e9dente.<\/p>\n<p><strong>S\u00fbr et fiable pour 10 ans d&rsquo;utilisation: <\/strong>avec plus de 3000 cycles de batterie \u00e0 100 % de charge, vous pouvez utiliser le RIVER 2 Pro presque tous les jours pendant environ 10 ans. La chimie de la batterie LFP n&rsquo;offre pas seulement une longue dur\u00e9e de vie. Elle est \u00e9galement plus fiable, plus efficace et plus s\u00fbre, m\u00eame \u00e0 des temp\u00e9ratures \u00e9lev\u00e9es. RIVER 2 Pro a l&rsquo;une des garanties les plus longues du secteur, nous vous prot\u00e9geons pour les 5 prochaines ann\u00e9es.<\/p>\n<p><strong>Recharge sans limites:<\/strong> Quatre options de recharge polyvalentes vous permettent de recharger le RIVER 2 Pro o\u00f9 que vous soyez. Rechargez-le \u00e0 partir d&rsquo;une prise de courant, en voiture ou de mani\u00e8re autonome et \u00e9cologique avec une recharge solaire rapide. RIVER 2 Pro dispose d&rsquo;une toute nouvelle option de recharge: USB-C. Branchez-le et chargez-le \u00e0 n&rsquo;importe quel endroit o\u00f9 il y a une prise de courant.<\/p>\n<p><strong>Alimentez jusqu&rsquo;\u00e0 80 % de vos appareils en consommant beaucoup d&rsquo;\u00e9nergie:<\/strong> avec une puissance de sortie de 800 W, le RIVER 2 Pro couvre la plupart de vos appareils les plus importants. Le mode X-Boost permet d&rsquo;augmenter la puissance jusqu&rsquo;\u00e0 1600 W.<\/p>\n<p><strong>Grab-and-go-power:<\/strong> Le RIVER 2 Pro ne p\u00e8se que 7,8 kg et est con\u00e7u pour \u00eatre facilement transport\u00e9, ce qui vous permet d&rsquo;obtenir de l&rsquo;\u00e9lectricit\u00e9 partout et \u00e0 tout moment.<\/p>\n<p><strong>Sauvegarde \u00e0 domicile indispensable avec un mode de commutation de 30 ms:<\/strong> pr\u00e9parez vos appareils en cas de panne inattendue. Avec une vitesse de commutation rapide de 30 ms, RIVER 2 Pro assure le bon fonctionnement de vos appareils qui ont besoin d&rsquo;\u00eatre aliment\u00e9s.<\/p>\n<p><strong>Puissance sur simple pression d&rsquo;un bouton:<\/strong> utilisez l&rsquo;application EcoFlow pour contr\u00f4ler et surveiller le RIVER 2 Pro avec votre t\u00e9l\u00e9phone portable. Connectez-vous via Wi-Fi ou Bluetooth pour utiliser l&rsquo;appareil \u00e0 proximit\u00e9 ou \u00e0 distance.<\/p>\n<p>\n\u00c9tendue de la livraison:<br \/>\nInclus RIVER 2 Pro<br \/>\nC\u00e2ble de charge AC<br \/>\nC\u00e2ble de recharge de voiture<br \/>\nC\u00e2ble de raccordement DC5521<br \/>\nBr\u00e8ve introduction<\/p>\n","protected":false},"excerpt":{"rendered":"<p>Rechargez de 0 \u00e0 100 % en seulement 70 minutes: gr\u00e2ce \u00e0 son temps de charge ultra-rapide de 70 minutes, vous \u00eates toujours pr\u00eat pour votre prochain voyage : chargez de 0 \u00e0 100 % sur une prise en seulement 70 minutes. C&rsquo;est 5 fois plus rapide que la norme de l&rsquo;industrie et 27 % [&hellip;]<\/p>\n","protected":false},"featured_media":207420,"template":"","meta":{"_acf_changed":false},"product_featured_cat":[],"product_brand":[3628],"product_cat":[5129],"product_tag":[],"class_list":{"0":"post-199498","1":"product","2":"type-product","3":"status-publish","4":"has-post-thumbnail","6":"product_brand-ecoflow","7":"product_cat-batteries-portables","9":"first","10":"instock","11":"taxable","12":"shipping-taxable","13":"purchasable","14":"product-type-simple"},"acf":[],"yoast_head":"<!-- This site is optimized with the Yoast SEO plugin v27.5 - https:\/\/yoast.com\/product\/yoast-seo-wordpress\/ -->\n<title>Power Station ECOFLOW River 2 Pro portable - Bantam<\/title>\n<meta name=\"robots\" content=\"index, follow, max-snippet:-1, max-image-preview:large, max-video-preview:-1\" \/>\n<link rel=\"canonical\" href=\"https:\/\/shop.bantam.ch\/fr\/produit\/power-station-ecoflow-river-2-pro-portable\/\" \/>\n<meta property=\"og:locale\" content=\"fr_FR\" \/>\n<meta property=\"og:type\" content=\"article\" \/>\n<meta property=\"og:title\" content=\"Power Station ECOFLOW River 2 Pro portable - Bantam\" \/>\n<meta property=\"og:description\" content=\"Rechargez de 0 \u00e0 100 % en seulement 70 minutes: gr\u00e2ce \u00e0 son temps de charge ultra-rapide de 70 minutes, vous \u00eates toujours pr\u00eat pour votre prochain voyage : chargez de 0 \u00e0 100 % sur une prise en seulement 70 minutes. C&rsquo;est 5 fois plus rapide que la norme de l&rsquo;industrie et 27 % [&hellip;]\" \/>\n<meta property=\"og:url\" content=\"https:\/\/shop.bantam.ch\/fr\/produit\/power-station-ecoflow-river-2-pro-portable\/\" \/>\n<meta property=\"og:site_name\" content=\"Bantam\" \/>\n<meta property=\"article:modified_time\" content=\"2026-05-01T21:08:37+00:00\" \/>\n<meta property=\"og:image\" content=\"https:\/\/shop.bantam.ch\/wp-content\/uploads\/2024\/05\/Movera-L-9970987100.jpg\" \/>\n\t<meta property=\"og:image:width\" content=\"600\" \/>\n\t<meta property=\"og:image:height\" content=\"600\" \/>\n\t<meta property=\"og:image:type\" content=\"image\/jpeg\" \/>\n<meta name=\"twitter:card\" content=\"summary_large_image\" \/>\n<meta name=\"twitter:label1\" content=\"Dur\u00e9e de lecture estim\u00e9e\" \/>\n\t<meta name=\"twitter:data1\" content=\"2 minutes\" \/>\n<script type=\"application\/ld+json\" class=\"yoast-schema-graph\">{\"@context\":\"https:\\\/\\\/schema.org\",\"@graph\":[{\"@type\":\"WebPage\",\"@id\":\"https:\\\/\\\/shop.bantam.ch\\\/fr\\\/produit\\\/power-station-ecoflow-river-2-pro-portable\\\/\",\"url\":\"https:\\\/\\\/shop.bantam.ch\\\/fr\\\/produit\\\/power-station-ecoflow-river-2-pro-portable\\\/\",\"name\":\"Power Station ECOFLOW River 2 Pro portable - Bantam\",\"isPartOf\":{\"@id\":\"https:\\\/\\\/shop.bantam.ch\\\/fr\\\/#website\"},\"primaryImageOfPage\":{\"@id\":\"https:\\\/\\\/shop.bantam.ch\\\/fr\\\/produit\\\/power-station-ecoflow-river-2-pro-portable\\\/#primaryimage\"},\"image\":{\"@id\":\"https:\\\/\\\/shop.bantam.ch\\\/fr\\\/produit\\\/power-station-ecoflow-river-2-pro-portable\\\/#primaryimage\"},\"thumbnailUrl\":\"https:\\\/\\\/shop.bantam.ch\\\/wp-content\\\/uploads\\\/2024\\\/09\\\/Movera-L-9970987100.jpg\",\"datePublished\":\"2024-05-15T15:13:18+00:00\",\"dateModified\":\"2026-05-01T21:08:37+00:00\",\"breadcrumb\":{\"@id\":\"https:\\\/\\\/shop.bantam.ch\\\/fr\\\/produit\\\/power-station-ecoflow-river-2-pro-portable\\\/#breadcrumb\"},\"inLanguage\":\"fr-FR\",\"potentialAction\":[{\"@type\":\"ReadAction\",\"target\":[\"https:\\\/\\\/shop.bantam.ch\\\/fr\\\/produit\\\/power-station-ecoflow-river-2-pro-portable\\\/\"]}]},{\"@type\":\"ImageObject\",\"inLanguage\":\"fr-FR\",\"@id\":\"https:\\\/\\\/shop.bantam.ch\\\/fr\\\/produit\\\/power-station-ecoflow-river-2-pro-portable\\\/#primaryimage\",\"url\":\"https:\\\/\\\/shop.bantam.ch\\\/wp-content\\\/uploads\\\/2024\\\/09\\\/Movera-L-9970987100.jpg\",\"contentUrl\":\"https:\\\/\\\/shop.bantam.ch\\\/wp-content\\\/uploads\\\/2024\\\/09\\\/Movera-L-9970987100.jpg\",\"width\":600,\"height\":600},{\"@type\":\"BreadcrumbList\",\"@id\":\"https:\\\/\\\/shop.bantam.ch\\\/fr\\\/produit\\\/power-station-ecoflow-river-2-pro-portable\\\/#breadcrumb\",\"itemListElement\":[{\"@type\":\"ListItem\",\"position\":1,\"name\":\"Accueil\",\"item\":\"https:\\\/\\\/shop.bantam.ch\\\/fr\\\/\"},{\"@type\":\"ListItem\",\"position\":2,\"name\":\"Boutique\",\"item\":\"https:\\\/\\\/shop.bantam.ch\\\/fr\\\/boutique\\\/\"},{\"@type\":\"ListItem\",\"position\":3,\"name\":\"Power Station ECOFLOW River 2 Pro portable\"}]},{\"@type\":\"WebSite\",\"@id\":\"https:\\\/\\\/shop.bantam.ch\\\/fr\\\/#website\",\"url\":\"https:\\\/\\\/shop.bantam.ch\\\/fr\\\/\",\"name\":\"Bantam\",\"description\":\"\",\"publisher\":{\"@id\":\"https:\\\/\\\/shop.bantam.ch\\\/fr\\\/#organization\"},\"inLanguage\":\"fr-FR\"},{\"@type\":\"Organization\",\"@id\":\"https:\\\/\\\/shop.bantam.ch\\\/fr\\\/#organization\",\"name\":\"Bantam\",\"url\":\"https:\\\/\\\/shop.bantam.ch\\\/fr\\\/\",\"logo\":{\"@type\":\"ImageObject\",\"inLanguage\":\"fr-FR\",\"@id\":\"https:\\\/\\\/shop.bantam.ch\\\/fr\\\/#\\\/schema\\\/logo\\\/image\\\/\",\"url\":\"https:\\\/\\\/shop.bantam.ch\\\/wp-content\\\/uploads\\\/2022\\\/12\\\/bantam-logo.png\",\"contentUrl\":\"https:\\\/\\\/shop.bantam.ch\\\/wp-content\\\/uploads\\\/2022\\\/12\\\/bantam-logo.png\",\"width\":320,\"height\":71,\"caption\":\"Bantam\"},\"image\":{\"@id\":\"https:\\\/\\\/shop.bantam.ch\\\/fr\\\/#\\\/schema\\\/logo\\\/image\\\/\"}}]}<\/script>\n<!-- \/ Yoast SEO plugin. -->","yoast_head_json":{"title":"Power Station ECOFLOW River 2 Pro portable - Bantam","robots":{"index":"index","follow":"follow","max-snippet":"max-snippet:-1","max-image-preview":"max-image-preview:large","max-video-preview":"max-video-preview:-1"},"canonical":"https:\/\/shop.bantam.ch\/fr\/produit\/power-station-ecoflow-river-2-pro-portable\/","og_locale":"fr_FR","og_type":"article","og_title":"Power Station ECOFLOW River 2 Pro portable - Bantam","og_description":"Rechargez de 0 \u00e0 100 % en seulement 70 minutes: gr\u00e2ce \u00e0 son temps de charge ultra-rapide de 70 minutes, vous \u00eates toujours pr\u00eat pour votre prochain voyage : chargez de 0 \u00e0 100 % sur une prise en seulement 70 minutes. C&rsquo;est 5 fois plus rapide que la norme de l&rsquo;industrie et 27 % [&hellip;]","og_url":"https:\/\/shop.bantam.ch\/fr\/produit\/power-station-ecoflow-river-2-pro-portable\/","og_site_name":"Bantam","article_modified_time":"2026-05-01T21:08:37+00:00","og_image":[{"width":600,"height":600,"url":"https:\/\/shop.bantam.ch\/wp-content\/uploads\/2024\/05\/Movera-L-9970987100.jpg","type":"image\/jpeg"}],"twitter_card":"summary_large_image","twitter_misc":{"Dur\u00e9e de lecture estim\u00e9e":"2 minutes"},"schema":{"@context":"https:\/\/schema.org","@graph":[{"@type":"WebPage","@id":"https:\/\/shop.bantam.ch\/fr\/produit\/power-station-ecoflow-river-2-pro-portable\/","url":"https:\/\/shop.bantam.ch\/fr\/produit\/power-station-ecoflow-river-2-pro-portable\/","name":"Power Station ECOFLOW River 2 Pro portable - Bantam","isPartOf":{"@id":"https:\/\/shop.bantam.ch\/fr\/#website"},"primaryImageOfPage":{"@id":"https:\/\/shop.bantam.ch\/fr\/produit\/power-station-ecoflow-river-2-pro-portable\/#primaryimage"},"image":{"@id":"https:\/\/shop.bantam.ch\/fr\/produit\/power-station-ecoflow-river-2-pro-portable\/#primaryimage"},"thumbnailUrl":"https:\/\/shop.bantam.ch\/wp-content\/uploads\/2024\/09\/Movera-L-9970987100.jpg","datePublished":"2024-05-15T15:13:18+00:00","dateModified":"2026-05-01T21:08:37+00:00","breadcrumb":{"@id":"https:\/\/shop.bantam.ch\/fr\/produit\/power-station-ecoflow-river-2-pro-portable\/#breadcrumb"},"inLanguage":"fr-FR","potentialAction":[{"@type":"ReadAction","target":["https:\/\/shop.bantam.ch\/fr\/produit\/power-station-ecoflow-river-2-pro-portable\/"]}]},{"@type":"ImageObject","inLanguage":"fr-FR","@id":"https:\/\/shop.bantam.ch\/fr\/produit\/power-station-ecoflow-river-2-pro-portable\/#primaryimage","url":"https:\/\/shop.bantam.ch\/wp-content\/uploads\/2024\/09\/Movera-L-9970987100.jpg","contentUrl":"https:\/\/shop.bantam.ch\/wp-content\/uploads\/2024\/09\/Movera-L-9970987100.jpg","width":600,"height":600},{"@type":"BreadcrumbList","@id":"https:\/\/shop.bantam.ch\/fr\/produit\/power-station-ecoflow-river-2-pro-portable\/#breadcrumb","itemListElement":[{"@type":"ListItem","position":1,"name":"Accueil","item":"https:\/\/shop.bantam.ch\/fr\/"},{"@type":"ListItem","position":2,"name":"Boutique","item":"https:\/\/shop.bantam.ch\/fr\/boutique\/"},{"@type":"ListItem","position":3,"name":"Power Station ECOFLOW River 2 Pro portable"}]},{"@type":"WebSite","@id":"https:\/\/shop.bantam.ch\/fr\/#website","url":"https:\/\/shop.bantam.ch\/fr\/","name":"Bantam","description":"","publisher":{"@id":"https:\/\/shop.bantam.ch\/fr\/#organization"},"inLanguage":"fr-FR"},{"@type":"Organization","@id":"https:\/\/shop.bantam.ch\/fr\/#organization","name":"Bantam","url":"https:\/\/shop.bantam.ch\/fr\/","logo":{"@type":"ImageObject","inLanguage":"fr-FR","@id":"https:\/\/shop.bantam.ch\/fr\/#\/schema\/logo\/image\/","url":"https:\/\/shop.bantam.ch\/wp-content\/uploads\/2022\/12\/bantam-logo.png","contentUrl":"https:\/\/shop.bantam.ch\/wp-content\/uploads\/2022\/12\/bantam-logo.png","width":320,"height":71,"caption":"Bantam"},"image":{"@id":"https:\/\/shop.bantam.ch\/fr\/#\/schema\/logo\/image\/"}}]}},"_links":{"self":[{"href":"https:\/\/shop.bantam.ch\/fr\/wp-json\/wp\/v2\/product\/199498","targetHints":{"allow":["GET"]}}],"collection":[{"href":"https:\/\/shop.bantam.ch\/fr\/wp-json\/wp\/v2\/product"}],"about":[{"href":"https:\/\/shop.bantam.ch\/fr\/wp-json\/wp\/v2\/types\/product"}],"wp:featuredmedia":[{"embeddable":true,"href":"https:\/\/shop.bantam.ch\/fr\/wp-json\/wp\/v2\/media\/207420"}],"wp:attachment":[{"href":"https:\/\/shop.bantam.ch\/fr\/wp-json\/wp\/v2\/media?parent=199498"}],"wp:term":[{"taxonomy":"product_featured_cat","embeddable":true,"href":"https:\/\/shop.bantam.ch\/fr\/wp-json\/wp\/v2\/product_featured_cat?post=199498"},{"taxonomy":"product_brand","embeddable":true,"href":"https:\/\/shop.bantam.ch\/fr\/wp-json\/wp\/v2\/product_brand?post=199498"},{"taxonomy":"product_cat","embeddable":true,"href":"https:\/\/shop.bantam.ch\/fr\/wp-json\/wp\/v2\/product_cat?post=199498"},{"taxonomy":"product_tag","embeddable":true,"href":"https:\/\/shop.bantam.ch\/fr\/wp-json\/wp\/v2\/product_tag?post=199498"}],"curies":[{"name":"wp","href":"https:\/\/api.w.org\/{rel}","templated":true}]}}