{"id":199392,"date":"2024-05-15T17:10:47","date_gmt":"2024-05-15T15:10:47","guid":{"rendered":"https:\/\/shop.bantam.ch\/produit\/store-mural-pw1100\/"},"modified":"2026-04-19T01:24:57","modified_gmt":"2026-04-18T23:24:57","slug":"store-mural-pw1100","status":"publish","type":"product","link":"https:\/\/shop.bantam.ch\/fr\/produit\/store-mural-pw1100\/","title":{"rendered":"Store mural PW1100"},"content":{"rendered":"<p>Les stores Dometic Perfect Wall PW 1100 offrent plusieurs nouvelles caract\u00e9ristiques brevet\u00e9es pour un meilleur confort. Les pieds de support sont extractibles des deux c\u00f4t\u00e9s du nouveau bo\u00eetier en forme de S et permettent une installation simple et intuitive. Le dispositif de tension de la toile du store peut \u00eatre rang\u00e9 dans le bo\u00eetier apr\u00e8s utilisation, ce qui permet de gagner de la place. La nouvelle g\u00e9n\u00e9ration de notre store mural classique pr\u00e9sente en outre toutes les caract\u00e9ristiques \u00e9prouv\u00e9es des produits Dometic : une toile de store r\u00e9sistante en une seule pi\u00e8ce sans soudures, un angle d&rsquo;inclinaison de la barre de charge automatiquement adapt\u00e9 et le syst\u00e8me brevet\u00e9 EasyLock Flipper pour la fixation des pieds de support.<\/p>\n<p>\nMat\u00e9riaux:<\/p>\n<p>Toile : 90 % polychlorure, 10 % polyester avec rev\u00eatement acrylique transparent<br \/>\nBo\u00eetier : 100 % aluminium<\/p>\n<p>\nContenu de la livraison:<br \/>\nInclus le store mural PW 1100<br \/>\nManivelle de store t\u00e9lescopique<br \/>\nBarre de tension Tension Rafter<br \/>\nPlaques de fixation (supports standard) pour les parois verticales du v\u00e9hicule<br \/>\nFixation des pieds de support sur le mur<br \/>\nPiquets pour fixation au sol<\/p>\n","protected":false},"excerpt":{"rendered":"<p>Les stores Dometic Perfect Wall PW 1100 offrent plusieurs nouvelles caract\u00e9ristiques brevet\u00e9es pour un meilleur confort. Les pieds de support sont extractibles des deux c\u00f4t\u00e9s du nouveau bo\u00eetier en forme de S et permettent une installation simple et intuitive. Le dispositif de tension de la toile du store peut \u00eatre rang\u00e9 dans le bo\u00eetier apr\u00e8s [&hellip;]<\/p>\n","protected":false},"featured_media":199386,"template":"","meta":{"_acf_changed":false},"product_featured_cat":[],"product_brand":[3028],"product_cat":[4213],"product_tag":[],"class_list":{"0":"post-199392","1":"product","2":"type-product","3":"status-publish","4":"has-post-thumbnail","6":"product_brand-dometic","7":"product_cat-stores-a-cassette","9":"first","10":"instock","11":"taxable","12":"shipping-taxable","13":"purchasable","14":"product-type-variable"},"acf":[],"yoast_head":"<!-- This site is optimized with the Yoast SEO plugin v27.4 - https:\/\/yoast.com\/product\/yoast-seo-wordpress\/ -->\n<title>Store mural PW1100 - Bantam Wankm\u00fcller SA<\/title>\n<meta name=\"robots\" content=\"index, follow, max-snippet:-1, max-image-preview:large, max-video-preview:-1\" \/>\n<link rel=\"canonical\" href=\"https:\/\/shop.bantam.ch\/fr\/produit\/store-mural-pw1100\/\" \/>\n<meta property=\"og:locale\" content=\"fr_FR\" \/>\n<meta property=\"og:type\" content=\"article\" \/>\n<meta property=\"og:title\" content=\"Store mural PW1100 - Bantam Wankm\u00fcller SA\" \/>\n<meta property=\"og:description\" content=\"Les stores Dometic Perfect Wall PW 1100 offrent plusieurs nouvelles caract\u00e9ristiques brevet\u00e9es pour un meilleur confort. Les pieds de support sont extractibles des deux c\u00f4t\u00e9s du nouveau bo\u00eetier en forme de S et permettent une installation simple et intuitive. Le dispositif de tension de la toile du store peut \u00eatre rang\u00e9 dans le bo\u00eetier apr\u00e8s [&hellip;]\" \/>\n<meta property=\"og:url\" content=\"https:\/\/shop.bantam.ch\/fr\/produit\/store-mural-pw1100\/\" \/>\n<meta property=\"og:site_name\" content=\"Bantam Wankm\u00fcller SA\" \/>\n<meta property=\"article:modified_time\" content=\"2026-04-18T23:24:57+00:00\" \/>\n<meta property=\"og:image\" content=\"https:\/\/shop.bantam.ch\/wp-content\/uploads\/2024\/05\/Movera-L-9970937100.jpg\" \/>\n\t<meta property=\"og:image:width\" content=\"640\" \/>\n\t<meta property=\"og:image:height\" content=\"640\" \/>\n\t<meta property=\"og:image:type\" content=\"image\/jpeg\" \/>\n<meta name=\"twitter:card\" content=\"summary_large_image\" \/>\n<meta name=\"twitter:label1\" content=\"Dur\u00e9e de lecture estim\u00e9e\" \/>\n\t<meta name=\"twitter:data1\" content=\"1 minute\" \/>\n<script type=\"application\/ld+json\" class=\"yoast-schema-graph\">{\"@context\":\"https:\\\/\\\/schema.org\",\"@graph\":[{\"@type\":\"WebPage\",\"@id\":\"https:\\\/\\\/shop.bantam.ch\\\/fr\\\/produit\\\/store-mural-pw1100\\\/\",\"url\":\"https:\\\/\\\/shop.bantam.ch\\\/fr\\\/produit\\\/store-mural-pw1100\\\/\",\"name\":\"Store mural PW1100 - Bantam Wankm\u00fcller SA\",\"isPartOf\":{\"@id\":\"https:\\\/\\\/shop.bantam.ch\\\/fr\\\/#website\"},\"primaryImageOfPage\":{\"@id\":\"https:\\\/\\\/shop.bantam.ch\\\/fr\\\/produit\\\/store-mural-pw1100\\\/#primaryimage\"},\"image\":{\"@id\":\"https:\\\/\\\/shop.bantam.ch\\\/fr\\\/produit\\\/store-mural-pw1100\\\/#primaryimage\"},\"thumbnailUrl\":\"https:\\\/\\\/shop.bantam.ch\\\/wp-content\\\/uploads\\\/2024\\\/05\\\/Movera-L-9970937100.jpg\",\"datePublished\":\"2024-05-15T15:10:47+00:00\",\"dateModified\":\"2026-04-18T23:24:57+00:00\",\"breadcrumb\":{\"@id\":\"https:\\\/\\\/shop.bantam.ch\\\/fr\\\/produit\\\/store-mural-pw1100\\\/#breadcrumb\"},\"inLanguage\":\"fr-FR\",\"potentialAction\":[{\"@type\":\"ReadAction\",\"target\":[\"https:\\\/\\\/shop.bantam.ch\\\/fr\\\/produit\\\/store-mural-pw1100\\\/\"]}]},{\"@type\":\"ImageObject\",\"inLanguage\":\"fr-FR\",\"@id\":\"https:\\\/\\\/shop.bantam.ch\\\/fr\\\/produit\\\/store-mural-pw1100\\\/#primaryimage\",\"url\":\"https:\\\/\\\/shop.bantam.ch\\\/wp-content\\\/uploads\\\/2024\\\/05\\\/Movera-L-9970937100.jpg\",\"contentUrl\":\"https:\\\/\\\/shop.bantam.ch\\\/wp-content\\\/uploads\\\/2024\\\/05\\\/Movera-L-9970937100.jpg\",\"width\":640,\"height\":640},{\"@type\":\"BreadcrumbList\",\"@id\":\"https:\\\/\\\/shop.bantam.ch\\\/fr\\\/produit\\\/store-mural-pw1100\\\/#breadcrumb\",\"itemListElement\":[{\"@type\":\"ListItem\",\"position\":1,\"name\":\"Accueil\",\"item\":\"https:\\\/\\\/shop.bantam.ch\\\/fr\\\/\"},{\"@type\":\"ListItem\",\"position\":2,\"name\":\"Boutique\",\"item\":\"https:\\\/\\\/shop.bantam.ch\\\/fr\\\/boutique\\\/\"},{\"@type\":\"ListItem\",\"position\":3,\"name\":\"Store mural PW1100\"}]},{\"@type\":\"WebSite\",\"@id\":\"https:\\\/\\\/shop.bantam.ch\\\/fr\\\/#website\",\"url\":\"https:\\\/\\\/shop.bantam.ch\\\/fr\\\/\",\"name\":\"Bantam Wankm\u00fcller SA\",\"description\":\"\",\"publisher\":{\"@id\":\"https:\\\/\\\/shop.bantam.ch\\\/fr\\\/#organization\"},\"inLanguage\":\"fr-FR\"},{\"@type\":\"Organization\",\"@id\":\"https:\\\/\\\/shop.bantam.ch\\\/fr\\\/#organization\",\"name\":\"Bantam Wankm\u00fcller SA\",\"url\":\"https:\\\/\\\/shop.bantam.ch\\\/fr\\\/\",\"logo\":{\"@type\":\"ImageObject\",\"inLanguage\":\"fr-FR\",\"@id\":\"https:\\\/\\\/shop.bantam.ch\\\/fr\\\/#\\\/schema\\\/logo\\\/image\\\/\",\"url\":\"https:\\\/\\\/shop.bantam.ch\\\/wp-content\\\/uploads\\\/2022\\\/12\\\/bantam-logo.png\",\"contentUrl\":\"https:\\\/\\\/shop.bantam.ch\\\/wp-content\\\/uploads\\\/2022\\\/12\\\/bantam-logo.png\",\"width\":320,\"height\":71,\"caption\":\"Bantam Wankm\u00fcller SA\"},\"image\":{\"@id\":\"https:\\\/\\\/shop.bantam.ch\\\/fr\\\/#\\\/schema\\\/logo\\\/image\\\/\"}}]}<\/script>\n<!-- \/ Yoast SEO plugin. -->","yoast_head_json":{"title":"Store mural PW1100 - Bantam Wankm\u00fcller SA","robots":{"index":"index","follow":"follow","max-snippet":"max-snippet:-1","max-image-preview":"max-image-preview:large","max-video-preview":"max-video-preview:-1"},"canonical":"https:\/\/shop.bantam.ch\/fr\/produit\/store-mural-pw1100\/","og_locale":"fr_FR","og_type":"article","og_title":"Store mural PW1100 - Bantam Wankm\u00fcller SA","og_description":"Les stores Dometic Perfect Wall PW 1100 offrent plusieurs nouvelles caract\u00e9ristiques brevet\u00e9es pour un meilleur confort. Les pieds de support sont extractibles des deux c\u00f4t\u00e9s du nouveau bo\u00eetier en forme de S et permettent une installation simple et intuitive. Le dispositif de tension de la toile du store peut \u00eatre rang\u00e9 dans le bo\u00eetier apr\u00e8s [&hellip;]","og_url":"https:\/\/shop.bantam.ch\/fr\/produit\/store-mural-pw1100\/","og_site_name":"Bantam Wankm\u00fcller SA","article_modified_time":"2026-04-18T23:24:57+00:00","og_image":[{"width":640,"height":640,"url":"https:\/\/shop.bantam.ch\/wp-content\/uploads\/2024\/05\/Movera-L-9970937100.jpg","type":"image\/jpeg"}],"twitter_card":"summary_large_image","twitter_misc":{"Dur\u00e9e de lecture estim\u00e9e":"1 minute"},"schema":{"@context":"https:\/\/schema.org","@graph":[{"@type":"WebPage","@id":"https:\/\/shop.bantam.ch\/fr\/produit\/store-mural-pw1100\/","url":"https:\/\/shop.bantam.ch\/fr\/produit\/store-mural-pw1100\/","name":"Store mural PW1100 - Bantam Wankm\u00fcller SA","isPartOf":{"@id":"https:\/\/shop.bantam.ch\/fr\/#website"},"primaryImageOfPage":{"@id":"https:\/\/shop.bantam.ch\/fr\/produit\/store-mural-pw1100\/#primaryimage"},"image":{"@id":"https:\/\/shop.bantam.ch\/fr\/produit\/store-mural-pw1100\/#primaryimage"},"thumbnailUrl":"https:\/\/shop.bantam.ch\/wp-content\/uploads\/2024\/05\/Movera-L-9970937100.jpg","datePublished":"2024-05-15T15:10:47+00:00","dateModified":"2026-04-18T23:24:57+00:00","breadcrumb":{"@id":"https:\/\/shop.bantam.ch\/fr\/produit\/store-mural-pw1100\/#breadcrumb"},"inLanguage":"fr-FR","potentialAction":[{"@type":"ReadAction","target":["https:\/\/shop.bantam.ch\/fr\/produit\/store-mural-pw1100\/"]}]},{"@type":"ImageObject","inLanguage":"fr-FR","@id":"https:\/\/shop.bantam.ch\/fr\/produit\/store-mural-pw1100\/#primaryimage","url":"https:\/\/shop.bantam.ch\/wp-content\/uploads\/2024\/05\/Movera-L-9970937100.jpg","contentUrl":"https:\/\/shop.bantam.ch\/wp-content\/uploads\/2024\/05\/Movera-L-9970937100.jpg","width":640,"height":640},{"@type":"BreadcrumbList","@id":"https:\/\/shop.bantam.ch\/fr\/produit\/store-mural-pw1100\/#breadcrumb","itemListElement":[{"@type":"ListItem","position":1,"name":"Accueil","item":"https:\/\/shop.bantam.ch\/fr\/"},{"@type":"ListItem","position":2,"name":"Boutique","item":"https:\/\/shop.bantam.ch\/fr\/boutique\/"},{"@type":"ListItem","position":3,"name":"Store mural PW1100"}]},{"@type":"WebSite","@id":"https:\/\/shop.bantam.ch\/fr\/#website","url":"https:\/\/shop.bantam.ch\/fr\/","name":"Bantam Wankm\u00fcller SA","description":"","publisher":{"@id":"https:\/\/shop.bantam.ch\/fr\/#organization"},"inLanguage":"fr-FR"},{"@type":"Organization","@id":"https:\/\/shop.bantam.ch\/fr\/#organization","name":"Bantam Wankm\u00fcller SA","url":"https:\/\/shop.bantam.ch\/fr\/","logo":{"@type":"ImageObject","inLanguage":"fr-FR","@id":"https:\/\/shop.bantam.ch\/fr\/#\/schema\/logo\/image\/","url":"https:\/\/shop.bantam.ch\/wp-content\/uploads\/2022\/12\/bantam-logo.png","contentUrl":"https:\/\/shop.bantam.ch\/wp-content\/uploads\/2022\/12\/bantam-logo.png","width":320,"height":71,"caption":"Bantam Wankm\u00fcller SA"},"image":{"@id":"https:\/\/shop.bantam.ch\/fr\/#\/schema\/logo\/image\/"}}]}},"_links":{"self":[{"href":"https:\/\/shop.bantam.ch\/fr\/wp-json\/wp\/v2\/product\/199392","targetHints":{"allow":["GET"]}}],"collection":[{"href":"https:\/\/shop.bantam.ch\/fr\/wp-json\/wp\/v2\/product"}],"about":[{"href":"https:\/\/shop.bantam.ch\/fr\/wp-json\/wp\/v2\/types\/product"}],"wp:featuredmedia":[{"embeddable":true,"href":"https:\/\/shop.bantam.ch\/fr\/wp-json\/wp\/v2\/media\/199386"}],"wp:attachment":[{"href":"https:\/\/shop.bantam.ch\/fr\/wp-json\/wp\/v2\/media?parent=199392"}],"wp:term":[{"taxonomy":"product_featured_cat","embeddable":true,"href":"https:\/\/shop.bantam.ch\/fr\/wp-json\/wp\/v2\/product_featured_cat?post=199392"},{"taxonomy":"product_brand","embeddable":true,"href":"https:\/\/shop.bantam.ch\/fr\/wp-json\/wp\/v2\/product_brand?post=199392"},{"taxonomy":"product_cat","embeddable":true,"href":"https:\/\/shop.bantam.ch\/fr\/wp-json\/wp\/v2\/product_cat?post=199392"},{"taxonomy":"product_tag","embeddable":true,"href":"https:\/\/shop.bantam.ch\/fr\/wp-json\/wp\/v2\/product_tag?post=199392"}],"curies":[{"name":"wp","href":"https:\/\/api.w.org\/{rel}","templated":true}]}}