{"id":199322,"date":"2024-05-15T17:08:39","date_gmt":"2024-05-15T15:08:39","guid":{"rendered":"https:\/\/shop.bantam.ch\/produit\/four-omnia-camping-kit-1-5-pieces\/"},"modified":"2026-04-18T23:15:00","modified_gmt":"2026-04-18T21:15:00","slug":"four-omnia-camping-kit-1-5-pieces","status":"publish","type":"product","link":"https:\/\/shop.bantam.ch\/fr\/produit\/four-omnia-camping-kit-1-5-pieces\/","title":{"rendered":"Four OMNIA Camping KIT\u00a01 5\u00a0pi\u00e8ces"},"content":{"rendered":"<p>OMNIA est le petit four intelligent qui vous permet de cuire et de faire des gratins lorsque vous \u00eates sur la route. Il suffit de le poser sur une source de chaleur, la flamme nue et la plaque de cuisson jouant chacune leur fonction pour que la chaleur n\u00e9cessaire \u00e0 la pr\u00e9paration de d\u00e9licieux plats gratin\u00e9s se diffuse \u00e0 l&rsquo;int\u00e9rieur gr\u00e2ce \u00e0 sa conception. Il marque des points par sa polyvalence et a d\u00e9j\u00e0 fait ses preuves des milliers de fois. Le moule en silicone est l\u2019accessoire id\u00e9al pour cuisiner et faire de la p\u00e2tisserie facilement. Il garantit un d\u00e9moulage ais\u00e9 de vos pr\u00e9parations et est facile \u00e0 nettoyer. Et la grille de cuisson est parfaite pour les petits pains, ainsi que pour cuire des l\u00e9gumes et du poisson \u00e0 la vapeur.<\/p>\n<p>Contenu de la livraison :<\/p>\n<ul>\n<li>Four de camping<\/li>\n<li>Moule en silicone<\/li>\n<li>Grille de cuisson<\/li>\n<li>2 maniques<\/li>\n<li>sac de rangement<\/li>\n<\/ul>\n","protected":false},"excerpt":{"rendered":"<p>OMNIA est le petit four intelligent qui vous permet de cuire et de faire des gratins lorsque vous \u00eates sur la route. Il suffit de le poser sur une source de chaleur, la flamme nue et la plaque de cuisson jouant chacune leur fonction pour que la chaleur n\u00e9cessaire \u00e0 la pr\u00e9paration de d\u00e9licieux plats [&hellip;]<\/p>\n","protected":false},"featured_media":207402,"template":"","meta":{"_acf_changed":false},"product_featured_cat":[],"product_brand":[3292],"product_cat":[4339,4341,4265],"product_tag":[],"class_list":{"0":"post-199322","1":"product","2":"type-product","3":"status-publish","4":"has-post-thumbnail","6":"product_brand-omnia","7":"product_cat-accessoires-pour-barbecue","8":"product_cat-accessoires-pour-rechaud","9":"product_cat-casseroles-poeles-et-sets","11":"first","12":"instock","13":"taxable","14":"shipping-taxable","15":"purchasable","16":"product-type-simple"},"acf":[],"yoast_head":"<!-- This site is optimized with the Yoast SEO plugin v27.4 - https:\/\/yoast.com\/product\/yoast-seo-wordpress\/ -->\n<title>Four OMNIA Camping KIT\u00a01 5\u00a0pi\u00e8ces - Bantam Wankm\u00fcller SA<\/title>\n<meta name=\"robots\" content=\"index, follow, max-snippet:-1, max-image-preview:large, max-video-preview:-1\" \/>\n<link rel=\"canonical\" href=\"https:\/\/shop.bantam.ch\/fr\/produit\/four-omnia-camping-kit-1-5-pieces\/\" \/>\n<meta property=\"og:locale\" content=\"fr_FR\" \/>\n<meta property=\"og:type\" content=\"article\" \/>\n<meta property=\"og:title\" content=\"Four OMNIA Camping KIT\u00a01 5\u00a0pi\u00e8ces - Bantam Wankm\u00fcller SA\" \/>\n<meta property=\"og:description\" content=\"OMNIA est le petit four intelligent qui vous permet de cuire et de faire des gratins lorsque vous \u00eates sur la route. Il suffit de le poser sur une source de chaleur, la flamme nue et la plaque de cuisson jouant chacune leur fonction pour que la chaleur n\u00e9cessaire \u00e0 la pr\u00e9paration de d\u00e9licieux plats [&hellip;]\" \/>\n<meta property=\"og:url\" content=\"https:\/\/shop.bantam.ch\/fr\/produit\/four-omnia-camping-kit-1-5-pieces\/\" \/>\n<meta property=\"og:site_name\" content=\"Bantam Wankm\u00fcller SA\" \/>\n<meta property=\"article:modified_time\" content=\"2026-04-18T21:15:00+00:00\" \/>\n<meta property=\"og:image\" content=\"https:\/\/shop.bantam.ch\/wp-content\/uploads\/2024\/05\/Movera-L-9970146100.jpg\" \/>\n\t<meta property=\"og:image:width\" content=\"640\" \/>\n\t<meta property=\"og:image:height\" content=\"532\" \/>\n\t<meta property=\"og:image:type\" content=\"image\/jpeg\" \/>\n<meta name=\"twitter:card\" content=\"summary_large_image\" \/>\n<meta name=\"twitter:label1\" content=\"Dur\u00e9e de lecture estim\u00e9e\" \/>\n\t<meta name=\"twitter:data1\" content=\"1 minute\" \/>\n<script type=\"application\/ld+json\" class=\"yoast-schema-graph\">{\"@context\":\"https:\\\/\\\/schema.org\",\"@graph\":[{\"@type\":\"WebPage\",\"@id\":\"https:\\\/\\\/shop.bantam.ch\\\/fr\\\/produit\\\/four-omnia-camping-kit-1-5-pieces\\\/\",\"url\":\"https:\\\/\\\/shop.bantam.ch\\\/fr\\\/produit\\\/four-omnia-camping-kit-1-5-pieces\\\/\",\"name\":\"Four OMNIA Camping KIT\u00a01 5\u00a0pi\u00e8ces - Bantam Wankm\u00fcller SA\",\"isPartOf\":{\"@id\":\"https:\\\/\\\/shop.bantam.ch\\\/fr\\\/#website\"},\"primaryImageOfPage\":{\"@id\":\"https:\\\/\\\/shop.bantam.ch\\\/fr\\\/produit\\\/four-omnia-camping-kit-1-5-pieces\\\/#primaryimage\"},\"image\":{\"@id\":\"https:\\\/\\\/shop.bantam.ch\\\/fr\\\/produit\\\/four-omnia-camping-kit-1-5-pieces\\\/#primaryimage\"},\"thumbnailUrl\":\"https:\\\/\\\/shop.bantam.ch\\\/wp-content\\\/uploads\\\/2024\\\/09\\\/Movera-L-9970146100.jpg\",\"datePublished\":\"2024-05-15T15:08:39+00:00\",\"dateModified\":\"2026-04-18T21:15:00+00:00\",\"breadcrumb\":{\"@id\":\"https:\\\/\\\/shop.bantam.ch\\\/fr\\\/produit\\\/four-omnia-camping-kit-1-5-pieces\\\/#breadcrumb\"},\"inLanguage\":\"fr-FR\",\"potentialAction\":[{\"@type\":\"ReadAction\",\"target\":[\"https:\\\/\\\/shop.bantam.ch\\\/fr\\\/produit\\\/four-omnia-camping-kit-1-5-pieces\\\/\"]}]},{\"@type\":\"ImageObject\",\"inLanguage\":\"fr-FR\",\"@id\":\"https:\\\/\\\/shop.bantam.ch\\\/fr\\\/produit\\\/four-omnia-camping-kit-1-5-pieces\\\/#primaryimage\",\"url\":\"https:\\\/\\\/shop.bantam.ch\\\/wp-content\\\/uploads\\\/2024\\\/09\\\/Movera-L-9970146100.jpg\",\"contentUrl\":\"https:\\\/\\\/shop.bantam.ch\\\/wp-content\\\/uploads\\\/2024\\\/09\\\/Movera-L-9970146100.jpg\",\"width\":640,\"height\":532},{\"@type\":\"BreadcrumbList\",\"@id\":\"https:\\\/\\\/shop.bantam.ch\\\/fr\\\/produit\\\/four-omnia-camping-kit-1-5-pieces\\\/#breadcrumb\",\"itemListElement\":[{\"@type\":\"ListItem\",\"position\":1,\"name\":\"Accueil\",\"item\":\"https:\\\/\\\/shop.bantam.ch\\\/fr\\\/\"},{\"@type\":\"ListItem\",\"position\":2,\"name\":\"Boutique\",\"item\":\"https:\\\/\\\/shop.bantam.ch\\\/fr\\\/boutique\\\/\"},{\"@type\":\"ListItem\",\"position\":3,\"name\":\"Four OMNIA Camping KIT\u00a01 5\u00a0pi\u00e8ces\"}]},{\"@type\":\"WebSite\",\"@id\":\"https:\\\/\\\/shop.bantam.ch\\\/fr\\\/#website\",\"url\":\"https:\\\/\\\/shop.bantam.ch\\\/fr\\\/\",\"name\":\"Bantam Wankm\u00fcller SA\",\"description\":\"\",\"publisher\":{\"@id\":\"https:\\\/\\\/shop.bantam.ch\\\/fr\\\/#organization\"},\"inLanguage\":\"fr-FR\"},{\"@type\":\"Organization\",\"@id\":\"https:\\\/\\\/shop.bantam.ch\\\/fr\\\/#organization\",\"name\":\"Bantam Wankm\u00fcller SA\",\"url\":\"https:\\\/\\\/shop.bantam.ch\\\/fr\\\/\",\"logo\":{\"@type\":\"ImageObject\",\"inLanguage\":\"fr-FR\",\"@id\":\"https:\\\/\\\/shop.bantam.ch\\\/fr\\\/#\\\/schema\\\/logo\\\/image\\\/\",\"url\":\"https:\\\/\\\/shop.bantam.ch\\\/wp-content\\\/uploads\\\/2022\\\/12\\\/bantam-logo.png\",\"contentUrl\":\"https:\\\/\\\/shop.bantam.ch\\\/wp-content\\\/uploads\\\/2022\\\/12\\\/bantam-logo.png\",\"width\":320,\"height\":71,\"caption\":\"Bantam Wankm\u00fcller SA\"},\"image\":{\"@id\":\"https:\\\/\\\/shop.bantam.ch\\\/fr\\\/#\\\/schema\\\/logo\\\/image\\\/\"}}]}<\/script>\n<!-- \/ Yoast SEO plugin. -->","yoast_head_json":{"title":"Four OMNIA Camping KIT\u00a01 5\u00a0pi\u00e8ces - Bantam Wankm\u00fcller SA","robots":{"index":"index","follow":"follow","max-snippet":"max-snippet:-1","max-image-preview":"max-image-preview:large","max-video-preview":"max-video-preview:-1"},"canonical":"https:\/\/shop.bantam.ch\/fr\/produit\/four-omnia-camping-kit-1-5-pieces\/","og_locale":"fr_FR","og_type":"article","og_title":"Four OMNIA Camping KIT\u00a01 5\u00a0pi\u00e8ces - Bantam Wankm\u00fcller SA","og_description":"OMNIA est le petit four intelligent qui vous permet de cuire et de faire des gratins lorsque vous \u00eates sur la route. Il suffit de le poser sur une source de chaleur, la flamme nue et la plaque de cuisson jouant chacune leur fonction pour que la chaleur n\u00e9cessaire \u00e0 la pr\u00e9paration de d\u00e9licieux plats [&hellip;]","og_url":"https:\/\/shop.bantam.ch\/fr\/produit\/four-omnia-camping-kit-1-5-pieces\/","og_site_name":"Bantam Wankm\u00fcller SA","article_modified_time":"2026-04-18T21:15:00+00:00","og_image":[{"width":640,"height":532,"url":"https:\/\/shop.bantam.ch\/wp-content\/uploads\/2024\/05\/Movera-L-9970146100.jpg","type":"image\/jpeg"}],"twitter_card":"summary_large_image","twitter_misc":{"Dur\u00e9e de lecture estim\u00e9e":"1 minute"},"schema":{"@context":"https:\/\/schema.org","@graph":[{"@type":"WebPage","@id":"https:\/\/shop.bantam.ch\/fr\/produit\/four-omnia-camping-kit-1-5-pieces\/","url":"https:\/\/shop.bantam.ch\/fr\/produit\/four-omnia-camping-kit-1-5-pieces\/","name":"Four OMNIA Camping KIT\u00a01 5\u00a0pi\u00e8ces - Bantam Wankm\u00fcller SA","isPartOf":{"@id":"https:\/\/shop.bantam.ch\/fr\/#website"},"primaryImageOfPage":{"@id":"https:\/\/shop.bantam.ch\/fr\/produit\/four-omnia-camping-kit-1-5-pieces\/#primaryimage"},"image":{"@id":"https:\/\/shop.bantam.ch\/fr\/produit\/four-omnia-camping-kit-1-5-pieces\/#primaryimage"},"thumbnailUrl":"https:\/\/shop.bantam.ch\/wp-content\/uploads\/2024\/09\/Movera-L-9970146100.jpg","datePublished":"2024-05-15T15:08:39+00:00","dateModified":"2026-04-18T21:15:00+00:00","breadcrumb":{"@id":"https:\/\/shop.bantam.ch\/fr\/produit\/four-omnia-camping-kit-1-5-pieces\/#breadcrumb"},"inLanguage":"fr-FR","potentialAction":[{"@type":"ReadAction","target":["https:\/\/shop.bantam.ch\/fr\/produit\/four-omnia-camping-kit-1-5-pieces\/"]}]},{"@type":"ImageObject","inLanguage":"fr-FR","@id":"https:\/\/shop.bantam.ch\/fr\/produit\/four-omnia-camping-kit-1-5-pieces\/#primaryimage","url":"https:\/\/shop.bantam.ch\/wp-content\/uploads\/2024\/09\/Movera-L-9970146100.jpg","contentUrl":"https:\/\/shop.bantam.ch\/wp-content\/uploads\/2024\/09\/Movera-L-9970146100.jpg","width":640,"height":532},{"@type":"BreadcrumbList","@id":"https:\/\/shop.bantam.ch\/fr\/produit\/four-omnia-camping-kit-1-5-pieces\/#breadcrumb","itemListElement":[{"@type":"ListItem","position":1,"name":"Accueil","item":"https:\/\/shop.bantam.ch\/fr\/"},{"@type":"ListItem","position":2,"name":"Boutique","item":"https:\/\/shop.bantam.ch\/fr\/boutique\/"},{"@type":"ListItem","position":3,"name":"Four OMNIA Camping KIT\u00a01 5\u00a0pi\u00e8ces"}]},{"@type":"WebSite","@id":"https:\/\/shop.bantam.ch\/fr\/#website","url":"https:\/\/shop.bantam.ch\/fr\/","name":"Bantam Wankm\u00fcller SA","description":"","publisher":{"@id":"https:\/\/shop.bantam.ch\/fr\/#organization"},"inLanguage":"fr-FR"},{"@type":"Organization","@id":"https:\/\/shop.bantam.ch\/fr\/#organization","name":"Bantam Wankm\u00fcller SA","url":"https:\/\/shop.bantam.ch\/fr\/","logo":{"@type":"ImageObject","inLanguage":"fr-FR","@id":"https:\/\/shop.bantam.ch\/fr\/#\/schema\/logo\/image\/","url":"https:\/\/shop.bantam.ch\/wp-content\/uploads\/2022\/12\/bantam-logo.png","contentUrl":"https:\/\/shop.bantam.ch\/wp-content\/uploads\/2022\/12\/bantam-logo.png","width":320,"height":71,"caption":"Bantam Wankm\u00fcller SA"},"image":{"@id":"https:\/\/shop.bantam.ch\/fr\/#\/schema\/logo\/image\/"}}]}},"_links":{"self":[{"href":"https:\/\/shop.bantam.ch\/fr\/wp-json\/wp\/v2\/product\/199322","targetHints":{"allow":["GET"]}}],"collection":[{"href":"https:\/\/shop.bantam.ch\/fr\/wp-json\/wp\/v2\/product"}],"about":[{"href":"https:\/\/shop.bantam.ch\/fr\/wp-json\/wp\/v2\/types\/product"}],"wp:featuredmedia":[{"embeddable":true,"href":"https:\/\/shop.bantam.ch\/fr\/wp-json\/wp\/v2\/media\/207402"}],"wp:attachment":[{"href":"https:\/\/shop.bantam.ch\/fr\/wp-json\/wp\/v2\/media?parent=199322"}],"wp:term":[{"taxonomy":"product_featured_cat","embeddable":true,"href":"https:\/\/shop.bantam.ch\/fr\/wp-json\/wp\/v2\/product_featured_cat?post=199322"},{"taxonomy":"product_brand","embeddable":true,"href":"https:\/\/shop.bantam.ch\/fr\/wp-json\/wp\/v2\/product_brand?post=199322"},{"taxonomy":"product_cat","embeddable":true,"href":"https:\/\/shop.bantam.ch\/fr\/wp-json\/wp\/v2\/product_cat?post=199322"},{"taxonomy":"product_tag","embeddable":true,"href":"https:\/\/shop.bantam.ch\/fr\/wp-json\/wp\/v2\/product_tag?post=199322"}],"curies":[{"name":"wp","href":"https:\/\/api.w.org\/{rel}","templated":true}]}}