{"id":199252,"date":"2024-05-15T17:07:01","date_gmt":"2024-05-15T15:07:01","guid":{"rendered":"https:\/\/shop.bantam.ch\/produit\/store-mural-pw1500\/"},"modified":"2026-04-21T01:21:24","modified_gmt":"2026-04-20T23:21:24","slug":"store-mural-pw1500","status":"publish","type":"product","link":"https:\/\/shop.bantam.ch\/fr\/produit\/store-mural-pw1500\/","title":{"rendered":"Store mural PW1500"},"content":{"rendered":"<p>Ce store mural robuste convient parfaitement aux v\u00e9hicules de grande taille. Le profil\u00e9 de d\u00e9ploiement automatique brevet\u00e9 permet de le d\u00e9ployer et de le replier facilement. Les embouts sont en aluminium pour une grande r\u00e9sistance. Il est \u00e9quip\u00e9 de s\u00e9rie d&rsquo;un moteur 12V command\u00e9 par t\u00e9l\u00e9commande.<\/p>\n<ul>\n<li>Installation facile par une seule personne.<\/li>\n<li>Un des stores les plus l\u00e9gers pour les grands v\u00e9hicules<\/li>\n<li>B\u00e9quilles avec Easy Lock Flipper brevet\u00e9 pour s\u00e9curiser le store<\/li>\n<li>Vinyle renforc\u00e9 robuste et prot\u00e9g\u00e9 contre les UV<\/li>\n<li>Manivelle extensible<\/li>\n<li>Qualit\u00e9 de premier ordre<\/li>\n<li>Embouts 100 % aluminium<\/li>\n<li>Mode de fonctionnement moteur 12 V<\/li>\n<\/ul>\n<p>Mat\u00e9riaux:<br \/>\nToile : 90 % polychlorure, 10 % polyester avec rev\u00eatement acrylique transparent<br \/>\nBo\u00eetier : 100 % aluminium<\/p>\n<p>\nContenu de la livraison:<br \/>\nInlcus store mural PW 1500<br \/>\nManivelle de store<br \/>\nPlaques de fixation (supports standard) pour les parois verticales du v\u00e9hicule<br \/>\nFixation des pieds de support sur le mur<br \/>\nPiquets pour la fixation au sol<br \/>\nBarre de tension (rafter) fournie \u00e0 partir d&rsquo;une longueur de store de 400 cm<\/p>\n","protected":false},"excerpt":{"rendered":"<p>Ce store mural robuste convient parfaitement aux v\u00e9hicules de grande taille. Le profil\u00e9 de d\u00e9ploiement automatique brevet\u00e9 permet de le d\u00e9ployer et de le replier facilement. Les embouts sont en aluminium pour une grande r\u00e9sistance. Il est \u00e9quip\u00e9 de s\u00e9rie d&rsquo;un moteur 12V command\u00e9 par t\u00e9l\u00e9commande. Installation facile par une seule personne. Un des stores [&hellip;]<\/p>\n","protected":false},"featured_media":199246,"template":"","meta":{"_acf_changed":false},"product_featured_cat":[],"product_brand":[3028],"product_cat":[4213],"product_tag":[],"class_list":{"0":"post-199252","1":"product","2":"type-product","3":"status-publish","4":"has-post-thumbnail","6":"product_brand-dometic","7":"product_cat-stores-a-cassette","9":"first","10":"instock","11":"taxable","12":"shipping-taxable","13":"purchasable","14":"product-type-variable"},"acf":[],"yoast_head":"<!-- This site is optimized with the Yoast SEO plugin v27.4 - https:\/\/yoast.com\/product\/yoast-seo-wordpress\/ -->\n<title>Store mural PW1500 - Bantam Wankm\u00fcller SA<\/title>\n<meta name=\"robots\" content=\"index, follow, max-snippet:-1, max-image-preview:large, max-video-preview:-1\" \/>\n<link rel=\"canonical\" href=\"https:\/\/shop.bantam.ch\/fr\/produit\/store-mural-pw1500\/\" \/>\n<meta property=\"og:locale\" content=\"fr_FR\" \/>\n<meta property=\"og:type\" content=\"article\" \/>\n<meta property=\"og:title\" content=\"Store mural PW1500 - Bantam Wankm\u00fcller SA\" \/>\n<meta property=\"og:description\" content=\"Ce store mural robuste convient parfaitement aux v\u00e9hicules de grande taille. Le profil\u00e9 de d\u00e9ploiement automatique brevet\u00e9 permet de le d\u00e9ployer et de le replier facilement. Les embouts sont en aluminium pour une grande r\u00e9sistance. Il est \u00e9quip\u00e9 de s\u00e9rie d&rsquo;un moteur 12V command\u00e9 par t\u00e9l\u00e9commande. Installation facile par une seule personne. Un des stores [&hellip;]\" \/>\n<meta property=\"og:url\" content=\"https:\/\/shop.bantam.ch\/fr\/produit\/store-mural-pw1500\/\" \/>\n<meta property=\"og:site_name\" content=\"Bantam Wankm\u00fcller SA\" \/>\n<meta property=\"article:modified_time\" content=\"2026-04-20T23:21:24+00:00\" \/>\n<meta property=\"og:image\" content=\"https:\/\/shop.bantam.ch\/wp-content\/uploads\/2024\/05\/Movera-L-9970929100.jpg\" \/>\n\t<meta property=\"og:image:width\" content=\"640\" \/>\n\t<meta property=\"og:image:height\" content=\"640\" \/>\n\t<meta property=\"og:image:type\" content=\"image\/jpeg\" \/>\n<meta name=\"twitter:card\" content=\"summary_large_image\" \/>\n<meta name=\"twitter:label1\" content=\"Dur\u00e9e de lecture estim\u00e9e\" \/>\n\t<meta name=\"twitter:data1\" content=\"1 minute\" \/>\n<script type=\"application\/ld+json\" class=\"yoast-schema-graph\">{\"@context\":\"https:\\\/\\\/schema.org\",\"@graph\":[{\"@type\":\"WebPage\",\"@id\":\"https:\\\/\\\/shop.bantam.ch\\\/fr\\\/produit\\\/store-mural-pw1500\\\/\",\"url\":\"https:\\\/\\\/shop.bantam.ch\\\/fr\\\/produit\\\/store-mural-pw1500\\\/\",\"name\":\"Store mural PW1500 - Bantam Wankm\u00fcller SA\",\"isPartOf\":{\"@id\":\"https:\\\/\\\/shop.bantam.ch\\\/fr\\\/#website\"},\"primaryImageOfPage\":{\"@id\":\"https:\\\/\\\/shop.bantam.ch\\\/fr\\\/produit\\\/store-mural-pw1500\\\/#primaryimage\"},\"image\":{\"@id\":\"https:\\\/\\\/shop.bantam.ch\\\/fr\\\/produit\\\/store-mural-pw1500\\\/#primaryimage\"},\"thumbnailUrl\":\"https:\\\/\\\/shop.bantam.ch\\\/wp-content\\\/uploads\\\/2024\\\/05\\\/Movera-L-9970929100.jpg\",\"datePublished\":\"2024-05-15T15:07:01+00:00\",\"dateModified\":\"2026-04-20T23:21:24+00:00\",\"breadcrumb\":{\"@id\":\"https:\\\/\\\/shop.bantam.ch\\\/fr\\\/produit\\\/store-mural-pw1500\\\/#breadcrumb\"},\"inLanguage\":\"fr-FR\",\"potentialAction\":[{\"@type\":\"ReadAction\",\"target\":[\"https:\\\/\\\/shop.bantam.ch\\\/fr\\\/produit\\\/store-mural-pw1500\\\/\"]}]},{\"@type\":\"ImageObject\",\"inLanguage\":\"fr-FR\",\"@id\":\"https:\\\/\\\/shop.bantam.ch\\\/fr\\\/produit\\\/store-mural-pw1500\\\/#primaryimage\",\"url\":\"https:\\\/\\\/shop.bantam.ch\\\/wp-content\\\/uploads\\\/2024\\\/05\\\/Movera-L-9970929100.jpg\",\"contentUrl\":\"https:\\\/\\\/shop.bantam.ch\\\/wp-content\\\/uploads\\\/2024\\\/05\\\/Movera-L-9970929100.jpg\",\"width\":640,\"height\":640},{\"@type\":\"BreadcrumbList\",\"@id\":\"https:\\\/\\\/shop.bantam.ch\\\/fr\\\/produit\\\/store-mural-pw1500\\\/#breadcrumb\",\"itemListElement\":[{\"@type\":\"ListItem\",\"position\":1,\"name\":\"Accueil\",\"item\":\"https:\\\/\\\/shop.bantam.ch\\\/fr\\\/\"},{\"@type\":\"ListItem\",\"position\":2,\"name\":\"Boutique\",\"item\":\"https:\\\/\\\/shop.bantam.ch\\\/fr\\\/boutique\\\/\"},{\"@type\":\"ListItem\",\"position\":3,\"name\":\"Store mural PW1500\"}]},{\"@type\":\"WebSite\",\"@id\":\"https:\\\/\\\/shop.bantam.ch\\\/fr\\\/#website\",\"url\":\"https:\\\/\\\/shop.bantam.ch\\\/fr\\\/\",\"name\":\"Bantam Wankm\u00fcller SA\",\"description\":\"\",\"publisher\":{\"@id\":\"https:\\\/\\\/shop.bantam.ch\\\/fr\\\/#organization\"},\"inLanguage\":\"fr-FR\"},{\"@type\":\"Organization\",\"@id\":\"https:\\\/\\\/shop.bantam.ch\\\/fr\\\/#organization\",\"name\":\"Bantam Wankm\u00fcller SA\",\"url\":\"https:\\\/\\\/shop.bantam.ch\\\/fr\\\/\",\"logo\":{\"@type\":\"ImageObject\",\"inLanguage\":\"fr-FR\",\"@id\":\"https:\\\/\\\/shop.bantam.ch\\\/fr\\\/#\\\/schema\\\/logo\\\/image\\\/\",\"url\":\"https:\\\/\\\/shop.bantam.ch\\\/wp-content\\\/uploads\\\/2022\\\/12\\\/bantam-logo.png\",\"contentUrl\":\"https:\\\/\\\/shop.bantam.ch\\\/wp-content\\\/uploads\\\/2022\\\/12\\\/bantam-logo.png\",\"width\":320,\"height\":71,\"caption\":\"Bantam Wankm\u00fcller SA\"},\"image\":{\"@id\":\"https:\\\/\\\/shop.bantam.ch\\\/fr\\\/#\\\/schema\\\/logo\\\/image\\\/\"}}]}<\/script>\n<!-- \/ Yoast SEO plugin. -->","yoast_head_json":{"title":"Store mural PW1500 - Bantam Wankm\u00fcller SA","robots":{"index":"index","follow":"follow","max-snippet":"max-snippet:-1","max-image-preview":"max-image-preview:large","max-video-preview":"max-video-preview:-1"},"canonical":"https:\/\/shop.bantam.ch\/fr\/produit\/store-mural-pw1500\/","og_locale":"fr_FR","og_type":"article","og_title":"Store mural PW1500 - Bantam Wankm\u00fcller SA","og_description":"Ce store mural robuste convient parfaitement aux v\u00e9hicules de grande taille. Le profil\u00e9 de d\u00e9ploiement automatique brevet\u00e9 permet de le d\u00e9ployer et de le replier facilement. Les embouts sont en aluminium pour une grande r\u00e9sistance. Il est \u00e9quip\u00e9 de s\u00e9rie d&rsquo;un moteur 12V command\u00e9 par t\u00e9l\u00e9commande. Installation facile par une seule personne. Un des stores [&hellip;]","og_url":"https:\/\/shop.bantam.ch\/fr\/produit\/store-mural-pw1500\/","og_site_name":"Bantam Wankm\u00fcller SA","article_modified_time":"2026-04-20T23:21:24+00:00","og_image":[{"width":640,"height":640,"url":"https:\/\/shop.bantam.ch\/wp-content\/uploads\/2024\/05\/Movera-L-9970929100.jpg","type":"image\/jpeg"}],"twitter_card":"summary_large_image","twitter_misc":{"Dur\u00e9e de lecture estim\u00e9e":"1 minute"},"schema":{"@context":"https:\/\/schema.org","@graph":[{"@type":"WebPage","@id":"https:\/\/shop.bantam.ch\/fr\/produit\/store-mural-pw1500\/","url":"https:\/\/shop.bantam.ch\/fr\/produit\/store-mural-pw1500\/","name":"Store mural PW1500 - Bantam Wankm\u00fcller SA","isPartOf":{"@id":"https:\/\/shop.bantam.ch\/fr\/#website"},"primaryImageOfPage":{"@id":"https:\/\/shop.bantam.ch\/fr\/produit\/store-mural-pw1500\/#primaryimage"},"image":{"@id":"https:\/\/shop.bantam.ch\/fr\/produit\/store-mural-pw1500\/#primaryimage"},"thumbnailUrl":"https:\/\/shop.bantam.ch\/wp-content\/uploads\/2024\/05\/Movera-L-9970929100.jpg","datePublished":"2024-05-15T15:07:01+00:00","dateModified":"2026-04-20T23:21:24+00:00","breadcrumb":{"@id":"https:\/\/shop.bantam.ch\/fr\/produit\/store-mural-pw1500\/#breadcrumb"},"inLanguage":"fr-FR","potentialAction":[{"@type":"ReadAction","target":["https:\/\/shop.bantam.ch\/fr\/produit\/store-mural-pw1500\/"]}]},{"@type":"ImageObject","inLanguage":"fr-FR","@id":"https:\/\/shop.bantam.ch\/fr\/produit\/store-mural-pw1500\/#primaryimage","url":"https:\/\/shop.bantam.ch\/wp-content\/uploads\/2024\/05\/Movera-L-9970929100.jpg","contentUrl":"https:\/\/shop.bantam.ch\/wp-content\/uploads\/2024\/05\/Movera-L-9970929100.jpg","width":640,"height":640},{"@type":"BreadcrumbList","@id":"https:\/\/shop.bantam.ch\/fr\/produit\/store-mural-pw1500\/#breadcrumb","itemListElement":[{"@type":"ListItem","position":1,"name":"Accueil","item":"https:\/\/shop.bantam.ch\/fr\/"},{"@type":"ListItem","position":2,"name":"Boutique","item":"https:\/\/shop.bantam.ch\/fr\/boutique\/"},{"@type":"ListItem","position":3,"name":"Store mural PW1500"}]},{"@type":"WebSite","@id":"https:\/\/shop.bantam.ch\/fr\/#website","url":"https:\/\/shop.bantam.ch\/fr\/","name":"Bantam Wankm\u00fcller SA","description":"","publisher":{"@id":"https:\/\/shop.bantam.ch\/fr\/#organization"},"inLanguage":"fr-FR"},{"@type":"Organization","@id":"https:\/\/shop.bantam.ch\/fr\/#organization","name":"Bantam Wankm\u00fcller SA","url":"https:\/\/shop.bantam.ch\/fr\/","logo":{"@type":"ImageObject","inLanguage":"fr-FR","@id":"https:\/\/shop.bantam.ch\/fr\/#\/schema\/logo\/image\/","url":"https:\/\/shop.bantam.ch\/wp-content\/uploads\/2022\/12\/bantam-logo.png","contentUrl":"https:\/\/shop.bantam.ch\/wp-content\/uploads\/2022\/12\/bantam-logo.png","width":320,"height":71,"caption":"Bantam Wankm\u00fcller SA"},"image":{"@id":"https:\/\/shop.bantam.ch\/fr\/#\/schema\/logo\/image\/"}}]}},"_links":{"self":[{"href":"https:\/\/shop.bantam.ch\/fr\/wp-json\/wp\/v2\/product\/199252","targetHints":{"allow":["GET"]}}],"collection":[{"href":"https:\/\/shop.bantam.ch\/fr\/wp-json\/wp\/v2\/product"}],"about":[{"href":"https:\/\/shop.bantam.ch\/fr\/wp-json\/wp\/v2\/types\/product"}],"wp:featuredmedia":[{"embeddable":true,"href":"https:\/\/shop.bantam.ch\/fr\/wp-json\/wp\/v2\/media\/199246"}],"wp:attachment":[{"href":"https:\/\/shop.bantam.ch\/fr\/wp-json\/wp\/v2\/media?parent=199252"}],"wp:term":[{"taxonomy":"product_featured_cat","embeddable":true,"href":"https:\/\/shop.bantam.ch\/fr\/wp-json\/wp\/v2\/product_featured_cat?post=199252"},{"taxonomy":"product_brand","embeddable":true,"href":"https:\/\/shop.bantam.ch\/fr\/wp-json\/wp\/v2\/product_brand?post=199252"},{"taxonomy":"product_cat","embeddable":true,"href":"https:\/\/shop.bantam.ch\/fr\/wp-json\/wp\/v2\/product_cat?post=199252"},{"taxonomy":"product_tag","embeddable":true,"href":"https:\/\/shop.bantam.ch\/fr\/wp-json\/wp\/v2\/product_tag?post=199252"}],"curies":[{"name":"wp","href":"https:\/\/api.w.org\/{rel}","templated":true}]}}