{"id":199210,"date":"2024-05-15T17:06:09","date_gmt":"2024-05-15T15:06:09","guid":{"rendered":"https:\/\/shop.bantam.ch\/produit\/ecran-tactile-buttner-dometic-td283\/"},"modified":"2026-05-01T23:08:29","modified_gmt":"2026-05-01T21:08:29","slug":"ecran-tactile-buttner-dometic-td283","status":"publish","type":"product","link":"https:\/\/shop.bantam.ch\/fr\/produit\/ecran-tactile-buttner-dometic-td283\/","title":{"rendered":"\u00c9cran tactile B\u00dcTTNER Dometic TD283"},"content":{"rendered":"<p>Un \u00e9cran pour surveiller le nouveau r\u00e9gulateur solaire et la nouvelle batterie lithium Tempra de B\u00fcttner Dometic. Il est d\u00e9sormais possible de surveiller et de contr\u00f4ler toutes les donn\u00e9es du nouveau r\u00e9gulateur solaire et de la nouvelle batterie Tempra \u00e0 partir d&rsquo;une seule interface. Cela peut \u00e9galement \u00eatre affich\u00e9 via Bluetooth pour les smartphones IOS et Android avec la nouvelle application B\u00fcttner Dometic sur votre terminal mobile.<\/p>\n","protected":false},"excerpt":{"rendered":"<p>Un \u00e9cran pour surveiller le nouveau r\u00e9gulateur solaire et la nouvelle batterie lithium Tempra de B\u00fcttner Dometic. Il est d\u00e9sormais possible de surveiller et de contr\u00f4ler toutes les donn\u00e9es du nouveau r\u00e9gulateur solaire et de la nouvelle batterie Tempra \u00e0 partir d&rsquo;une seule interface. Cela peut \u00e9galement \u00eatre affich\u00e9 via Bluetooth pour les smartphones IOS [&hellip;]<\/p>\n","protected":false},"featured_media":207372,"template":"","meta":{"_acf_changed":false},"product_featured_cat":[],"product_brand":[5221],"product_cat":[4881],"product_tag":[],"class_list":{"0":"post-199210","1":"product","2":"type-product","3":"status-publish","4":"has-post-thumbnail","6":"product_brand-buttner-dometic","7":"product_cat-indicateurs-solaires","9":"first","10":"instock","11":"taxable","12":"shipping-taxable","13":"purchasable","14":"product-type-simple"},"acf":[],"yoast_head":"<!-- This site is optimized with the Yoast SEO plugin v27.5 - https:\/\/yoast.com\/product\/yoast-seo-wordpress\/ -->\n<title>\u00c9cran tactile B\u00dcTTNER Dometic TD283 - Bantam<\/title>\n<meta name=\"robots\" content=\"index, follow, max-snippet:-1, max-image-preview:large, max-video-preview:-1\" \/>\n<link rel=\"canonical\" href=\"https:\/\/shop.bantam.ch\/fr\/produit\/ecran-tactile-buttner-dometic-td283\/\" \/>\n<meta property=\"og:locale\" content=\"fr_FR\" \/>\n<meta property=\"og:type\" content=\"article\" \/>\n<meta property=\"og:title\" content=\"\u00c9cran tactile B\u00dcTTNER Dometic TD283 - Bantam\" \/>\n<meta property=\"og:description\" content=\"Un \u00e9cran pour surveiller le nouveau r\u00e9gulateur solaire et la nouvelle batterie lithium Tempra de B\u00fcttner Dometic. Il est d\u00e9sormais possible de surveiller et de contr\u00f4ler toutes les donn\u00e9es du nouveau r\u00e9gulateur solaire et de la nouvelle batterie Tempra \u00e0 partir d&rsquo;une seule interface. Cela peut \u00e9galement \u00eatre affich\u00e9 via Bluetooth pour les smartphones IOS [&hellip;]\" \/>\n<meta property=\"og:url\" content=\"https:\/\/shop.bantam.ch\/fr\/produit\/ecran-tactile-buttner-dometic-td283\/\" \/>\n<meta property=\"og:site_name\" content=\"Bantam\" \/>\n<meta property=\"article:modified_time\" content=\"2026-05-01T21:08:29+00:00\" \/>\n<meta property=\"og:image\" content=\"https:\/\/shop.bantam.ch\/wp-content\/uploads\/2024\/05\/Movera-L-9962333100.png\" \/>\n\t<meta property=\"og:image:width\" content=\"640\" \/>\n\t<meta property=\"og:image:height\" content=\"640\" \/>\n\t<meta property=\"og:image:type\" content=\"image\/png\" \/>\n<meta name=\"twitter:card\" content=\"summary_large_image\" \/>\n<script type=\"application\/ld+json\" class=\"yoast-schema-graph\">{\"@context\":\"https:\\\/\\\/schema.org\",\"@graph\":[{\"@type\":\"WebPage\",\"@id\":\"https:\\\/\\\/shop.bantam.ch\\\/fr\\\/produit\\\/ecran-tactile-buttner-dometic-td283\\\/\",\"url\":\"https:\\\/\\\/shop.bantam.ch\\\/fr\\\/produit\\\/ecran-tactile-buttner-dometic-td283\\\/\",\"name\":\"\u00c9cran tactile B\u00dcTTNER Dometic TD283 - Bantam\",\"isPartOf\":{\"@id\":\"https:\\\/\\\/shop.bantam.ch\\\/fr\\\/#website\"},\"primaryImageOfPage\":{\"@id\":\"https:\\\/\\\/shop.bantam.ch\\\/fr\\\/produit\\\/ecran-tactile-buttner-dometic-td283\\\/#primaryimage\"},\"image\":{\"@id\":\"https:\\\/\\\/shop.bantam.ch\\\/fr\\\/produit\\\/ecran-tactile-buttner-dometic-td283\\\/#primaryimage\"},\"thumbnailUrl\":\"https:\\\/\\\/shop.bantam.ch\\\/wp-content\\\/uploads\\\/2024\\\/09\\\/Movera-L-9962333100.png\",\"datePublished\":\"2024-05-15T15:06:09+00:00\",\"dateModified\":\"2026-05-01T21:08:29+00:00\",\"breadcrumb\":{\"@id\":\"https:\\\/\\\/shop.bantam.ch\\\/fr\\\/produit\\\/ecran-tactile-buttner-dometic-td283\\\/#breadcrumb\"},\"inLanguage\":\"fr-FR\",\"potentialAction\":[{\"@type\":\"ReadAction\",\"target\":[\"https:\\\/\\\/shop.bantam.ch\\\/fr\\\/produit\\\/ecran-tactile-buttner-dometic-td283\\\/\"]}]},{\"@type\":\"ImageObject\",\"inLanguage\":\"fr-FR\",\"@id\":\"https:\\\/\\\/shop.bantam.ch\\\/fr\\\/produit\\\/ecran-tactile-buttner-dometic-td283\\\/#primaryimage\",\"url\":\"https:\\\/\\\/shop.bantam.ch\\\/wp-content\\\/uploads\\\/2024\\\/09\\\/Movera-L-9962333100.png\",\"contentUrl\":\"https:\\\/\\\/shop.bantam.ch\\\/wp-content\\\/uploads\\\/2024\\\/09\\\/Movera-L-9962333100.png\",\"width\":640,\"height\":640},{\"@type\":\"BreadcrumbList\",\"@id\":\"https:\\\/\\\/shop.bantam.ch\\\/fr\\\/produit\\\/ecran-tactile-buttner-dometic-td283\\\/#breadcrumb\",\"itemListElement\":[{\"@type\":\"ListItem\",\"position\":1,\"name\":\"Accueil\",\"item\":\"https:\\\/\\\/shop.bantam.ch\\\/fr\\\/\"},{\"@type\":\"ListItem\",\"position\":2,\"name\":\"Boutique\",\"item\":\"https:\\\/\\\/shop.bantam.ch\\\/fr\\\/boutique\\\/\"},{\"@type\":\"ListItem\",\"position\":3,\"name\":\"\u00c9cran tactile B\u00dcTTNER Dometic TD283\"}]},{\"@type\":\"WebSite\",\"@id\":\"https:\\\/\\\/shop.bantam.ch\\\/fr\\\/#website\",\"url\":\"https:\\\/\\\/shop.bantam.ch\\\/fr\\\/\",\"name\":\"Bantam\",\"description\":\"\",\"publisher\":{\"@id\":\"https:\\\/\\\/shop.bantam.ch\\\/fr\\\/#organization\"},\"inLanguage\":\"fr-FR\"},{\"@type\":\"Organization\",\"@id\":\"https:\\\/\\\/shop.bantam.ch\\\/fr\\\/#organization\",\"name\":\"Bantam\",\"url\":\"https:\\\/\\\/shop.bantam.ch\\\/fr\\\/\",\"logo\":{\"@type\":\"ImageObject\",\"inLanguage\":\"fr-FR\",\"@id\":\"https:\\\/\\\/shop.bantam.ch\\\/fr\\\/#\\\/schema\\\/logo\\\/image\\\/\",\"url\":\"https:\\\/\\\/shop.bantam.ch\\\/wp-content\\\/uploads\\\/2022\\\/12\\\/bantam-logo.png\",\"contentUrl\":\"https:\\\/\\\/shop.bantam.ch\\\/wp-content\\\/uploads\\\/2022\\\/12\\\/bantam-logo.png\",\"width\":320,\"height\":71,\"caption\":\"Bantam\"},\"image\":{\"@id\":\"https:\\\/\\\/shop.bantam.ch\\\/fr\\\/#\\\/schema\\\/logo\\\/image\\\/\"}}]}<\/script>\n<!-- \/ Yoast SEO plugin. -->","yoast_head_json":{"title":"\u00c9cran tactile B\u00dcTTNER Dometic TD283 - Bantam","robots":{"index":"index","follow":"follow","max-snippet":"max-snippet:-1","max-image-preview":"max-image-preview:large","max-video-preview":"max-video-preview:-1"},"canonical":"https:\/\/shop.bantam.ch\/fr\/produit\/ecran-tactile-buttner-dometic-td283\/","og_locale":"fr_FR","og_type":"article","og_title":"\u00c9cran tactile B\u00dcTTNER Dometic TD283 - Bantam","og_description":"Un \u00e9cran pour surveiller le nouveau r\u00e9gulateur solaire et la nouvelle batterie lithium Tempra de B\u00fcttner Dometic. Il est d\u00e9sormais possible de surveiller et de contr\u00f4ler toutes les donn\u00e9es du nouveau r\u00e9gulateur solaire et de la nouvelle batterie Tempra \u00e0 partir d&rsquo;une seule interface. Cela peut \u00e9galement \u00eatre affich\u00e9 via Bluetooth pour les smartphones IOS [&hellip;]","og_url":"https:\/\/shop.bantam.ch\/fr\/produit\/ecran-tactile-buttner-dometic-td283\/","og_site_name":"Bantam","article_modified_time":"2026-05-01T21:08:29+00:00","og_image":[{"url":"https:\/\/shop.bantam.ch\/wp-content\/uploads\/2024\/05\/Movera-L-9962333100.png","width":640,"height":640,"type":"image\/png"}],"twitter_card":"summary_large_image","schema":{"@context":"https:\/\/schema.org","@graph":[{"@type":"WebPage","@id":"https:\/\/shop.bantam.ch\/fr\/produit\/ecran-tactile-buttner-dometic-td283\/","url":"https:\/\/shop.bantam.ch\/fr\/produit\/ecran-tactile-buttner-dometic-td283\/","name":"\u00c9cran tactile B\u00dcTTNER Dometic TD283 - Bantam","isPartOf":{"@id":"https:\/\/shop.bantam.ch\/fr\/#website"},"primaryImageOfPage":{"@id":"https:\/\/shop.bantam.ch\/fr\/produit\/ecran-tactile-buttner-dometic-td283\/#primaryimage"},"image":{"@id":"https:\/\/shop.bantam.ch\/fr\/produit\/ecran-tactile-buttner-dometic-td283\/#primaryimage"},"thumbnailUrl":"https:\/\/shop.bantam.ch\/wp-content\/uploads\/2024\/09\/Movera-L-9962333100.png","datePublished":"2024-05-15T15:06:09+00:00","dateModified":"2026-05-01T21:08:29+00:00","breadcrumb":{"@id":"https:\/\/shop.bantam.ch\/fr\/produit\/ecran-tactile-buttner-dometic-td283\/#breadcrumb"},"inLanguage":"fr-FR","potentialAction":[{"@type":"ReadAction","target":["https:\/\/shop.bantam.ch\/fr\/produit\/ecran-tactile-buttner-dometic-td283\/"]}]},{"@type":"ImageObject","inLanguage":"fr-FR","@id":"https:\/\/shop.bantam.ch\/fr\/produit\/ecran-tactile-buttner-dometic-td283\/#primaryimage","url":"https:\/\/shop.bantam.ch\/wp-content\/uploads\/2024\/09\/Movera-L-9962333100.png","contentUrl":"https:\/\/shop.bantam.ch\/wp-content\/uploads\/2024\/09\/Movera-L-9962333100.png","width":640,"height":640},{"@type":"BreadcrumbList","@id":"https:\/\/shop.bantam.ch\/fr\/produit\/ecran-tactile-buttner-dometic-td283\/#breadcrumb","itemListElement":[{"@type":"ListItem","position":1,"name":"Accueil","item":"https:\/\/shop.bantam.ch\/fr\/"},{"@type":"ListItem","position":2,"name":"Boutique","item":"https:\/\/shop.bantam.ch\/fr\/boutique\/"},{"@type":"ListItem","position":3,"name":"\u00c9cran tactile B\u00dcTTNER Dometic TD283"}]},{"@type":"WebSite","@id":"https:\/\/shop.bantam.ch\/fr\/#website","url":"https:\/\/shop.bantam.ch\/fr\/","name":"Bantam","description":"","publisher":{"@id":"https:\/\/shop.bantam.ch\/fr\/#organization"},"inLanguage":"fr-FR"},{"@type":"Organization","@id":"https:\/\/shop.bantam.ch\/fr\/#organization","name":"Bantam","url":"https:\/\/shop.bantam.ch\/fr\/","logo":{"@type":"ImageObject","inLanguage":"fr-FR","@id":"https:\/\/shop.bantam.ch\/fr\/#\/schema\/logo\/image\/","url":"https:\/\/shop.bantam.ch\/wp-content\/uploads\/2022\/12\/bantam-logo.png","contentUrl":"https:\/\/shop.bantam.ch\/wp-content\/uploads\/2022\/12\/bantam-logo.png","width":320,"height":71,"caption":"Bantam"},"image":{"@id":"https:\/\/shop.bantam.ch\/fr\/#\/schema\/logo\/image\/"}}]}},"_links":{"self":[{"href":"https:\/\/shop.bantam.ch\/fr\/wp-json\/wp\/v2\/product\/199210","targetHints":{"allow":["GET"]}}],"collection":[{"href":"https:\/\/shop.bantam.ch\/fr\/wp-json\/wp\/v2\/product"}],"about":[{"href":"https:\/\/shop.bantam.ch\/fr\/wp-json\/wp\/v2\/types\/product"}],"wp:featuredmedia":[{"embeddable":true,"href":"https:\/\/shop.bantam.ch\/fr\/wp-json\/wp\/v2\/media\/207372"}],"wp:attachment":[{"href":"https:\/\/shop.bantam.ch\/fr\/wp-json\/wp\/v2\/media?parent=199210"}],"wp:term":[{"taxonomy":"product_featured_cat","embeddable":true,"href":"https:\/\/shop.bantam.ch\/fr\/wp-json\/wp\/v2\/product_featured_cat?post=199210"},{"taxonomy":"product_brand","embeddable":true,"href":"https:\/\/shop.bantam.ch\/fr\/wp-json\/wp\/v2\/product_brand?post=199210"},{"taxonomy":"product_cat","embeddable":true,"href":"https:\/\/shop.bantam.ch\/fr\/wp-json\/wp\/v2\/product_cat?post=199210"},{"taxonomy":"product_tag","embeddable":true,"href":"https:\/\/shop.bantam.ch\/fr\/wp-json\/wp\/v2\/product_tag?post=199210"}],"curies":[{"name":"wp","href":"https:\/\/api.w.org\/{rel}","templated":true}]}}