{"id":199202,"date":"2024-05-15T17:05:47","date_gmt":"2024-05-15T15:05:47","guid":{"rendered":"https:\/\/shop.bantam.ch\/produit\/controleur-solaire-mppt\/"},"modified":"2026-04-18T01:21:58","modified_gmt":"2026-04-17T23:21:58","slug":"controleur-solaire-mppt","status":"publish","type":"product","link":"https:\/\/shop.bantam.ch\/fr\/produit\/controleur-solaire-mppt\/","title":{"rendered":"Contr\u00f4leur solaire MPPT"},"content":{"rendered":"<p>R\u00e9gulateur solaire MPPT adapt\u00e9 \u00e0 tous les types de batteries. 2 entr\u00e9es solaires adapt\u00e9es \u00e0 diff\u00e9rents syst\u00e8mes solaires, par ex. une Black Line peut \u00eatre raccord\u00e9e \u00e0 l&rsquo;entr\u00e9e 1 et une Power Line \u00e0 l&rsquo;entr\u00e9e 2. Commande d&rsquo;application mobile possible par Bluetooth ou\/et un \u00e9cran de bus (en option). Sortie de charge pour la batterie de d\u00e9marrage. Livraison avec sonde de temp\u00e9rature, ce qui permet de garantir une charge \u00e0 temp\u00e9rature contr\u00f4l\u00e9e de tous les types de batteries.<\/p>\n","protected":false},"excerpt":{"rendered":"<p>R\u00e9gulateur solaire MPPT adapt\u00e9 \u00e0 tous les types de batteries. 2 entr\u00e9es solaires adapt\u00e9es \u00e0 diff\u00e9rents syst\u00e8mes solaires, par ex. une Black Line peut \u00eatre raccord\u00e9e \u00e0 l&rsquo;entr\u00e9e 1 et une Power Line \u00e0 l&rsquo;entr\u00e9e 2. Commande d&rsquo;application mobile possible par Bluetooth ou\/et un \u00e9cran de bus (en option). Sortie de charge pour la batterie [&hellip;]<\/p>\n","protected":false},"featured_media":199200,"template":"","meta":{"_acf_changed":false},"product_featured_cat":[],"product_brand":[5221],"product_cat":[4877],"product_tag":[],"class_list":{"0":"post-199202","1":"product","2":"type-product","3":"status-publish","4":"has-post-thumbnail","6":"product_brand-buttner-dometic","7":"product_cat-regulateurs-de-charge-solaire","9":"first","10":"instock","11":"taxable","12":"shipping-taxable","13":"purchasable","14":"product-type-variable"},"acf":[],"yoast_head":"<!-- This site is optimized with the Yoast SEO plugin v27.4 - https:\/\/yoast.com\/product\/yoast-seo-wordpress\/ -->\n<title>Contr\u00f4leur solaire MPPT - Bantam Wankm\u00fcller SA<\/title>\n<meta name=\"robots\" content=\"index, follow, max-snippet:-1, max-image-preview:large, max-video-preview:-1\" \/>\n<link rel=\"canonical\" href=\"https:\/\/shop.bantam.ch\/fr\/produit\/controleur-solaire-mppt\/\" \/>\n<meta property=\"og:locale\" content=\"fr_FR\" \/>\n<meta property=\"og:type\" content=\"article\" \/>\n<meta property=\"og:title\" content=\"Contr\u00f4leur solaire MPPT - Bantam Wankm\u00fcller SA\" \/>\n<meta property=\"og:description\" content=\"R\u00e9gulateur solaire MPPT adapt\u00e9 \u00e0 tous les types de batteries. 2 entr\u00e9es solaires adapt\u00e9es \u00e0 diff\u00e9rents syst\u00e8mes solaires, par ex. une Black Line peut \u00eatre raccord\u00e9e \u00e0 l&rsquo;entr\u00e9e 1 et une Power Line \u00e0 l&rsquo;entr\u00e9e 2. Commande d&rsquo;application mobile possible par Bluetooth ou\/et un \u00e9cran de bus (en option). Sortie de charge pour la batterie [&hellip;]\" \/>\n<meta property=\"og:url\" content=\"https:\/\/shop.bantam.ch\/fr\/produit\/controleur-solaire-mppt\/\" \/>\n<meta property=\"og:site_name\" content=\"Bantam Wankm\u00fcller SA\" \/>\n<meta property=\"article:modified_time\" content=\"2026-04-17T23:21:58+00:00\" \/>\n<meta property=\"og:image\" content=\"https:\/\/shop.bantam.ch\/wp-content\/uploads\/2024\/05\/Movera-L-9962331100.png\" \/>\n\t<meta property=\"og:image:width\" content=\"640\" \/>\n\t<meta property=\"og:image:height\" content=\"640\" \/>\n\t<meta property=\"og:image:type\" content=\"image\/png\" \/>\n<meta name=\"twitter:card\" content=\"summary_large_image\" \/>\n<script type=\"application\/ld+json\" class=\"yoast-schema-graph\">{\"@context\":\"https:\\\/\\\/schema.org\",\"@graph\":[{\"@type\":\"WebPage\",\"@id\":\"https:\\\/\\\/shop.bantam.ch\\\/fr\\\/produit\\\/controleur-solaire-mppt\\\/\",\"url\":\"https:\\\/\\\/shop.bantam.ch\\\/fr\\\/produit\\\/controleur-solaire-mppt\\\/\",\"name\":\"Contr\u00f4leur solaire MPPT - Bantam Wankm\u00fcller SA\",\"isPartOf\":{\"@id\":\"https:\\\/\\\/shop.bantam.ch\\\/fr\\\/#website\"},\"primaryImageOfPage\":{\"@id\":\"https:\\\/\\\/shop.bantam.ch\\\/fr\\\/produit\\\/controleur-solaire-mppt\\\/#primaryimage\"},\"image\":{\"@id\":\"https:\\\/\\\/shop.bantam.ch\\\/fr\\\/produit\\\/controleur-solaire-mppt\\\/#primaryimage\"},\"thumbnailUrl\":\"https:\\\/\\\/shop.bantam.ch\\\/wp-content\\\/uploads\\\/2024\\\/05\\\/Movera-L-9962331100.png\",\"datePublished\":\"2024-05-15T15:05:47+00:00\",\"dateModified\":\"2026-04-17T23:21:58+00:00\",\"breadcrumb\":{\"@id\":\"https:\\\/\\\/shop.bantam.ch\\\/fr\\\/produit\\\/controleur-solaire-mppt\\\/#breadcrumb\"},\"inLanguage\":\"fr-FR\",\"potentialAction\":[{\"@type\":\"ReadAction\",\"target\":[\"https:\\\/\\\/shop.bantam.ch\\\/fr\\\/produit\\\/controleur-solaire-mppt\\\/\"]}]},{\"@type\":\"ImageObject\",\"inLanguage\":\"fr-FR\",\"@id\":\"https:\\\/\\\/shop.bantam.ch\\\/fr\\\/produit\\\/controleur-solaire-mppt\\\/#primaryimage\",\"url\":\"https:\\\/\\\/shop.bantam.ch\\\/wp-content\\\/uploads\\\/2024\\\/05\\\/Movera-L-9962331100.png\",\"contentUrl\":\"https:\\\/\\\/shop.bantam.ch\\\/wp-content\\\/uploads\\\/2024\\\/05\\\/Movera-L-9962331100.png\",\"width\":640,\"height\":640},{\"@type\":\"BreadcrumbList\",\"@id\":\"https:\\\/\\\/shop.bantam.ch\\\/fr\\\/produit\\\/controleur-solaire-mppt\\\/#breadcrumb\",\"itemListElement\":[{\"@type\":\"ListItem\",\"position\":1,\"name\":\"Accueil\",\"item\":\"https:\\\/\\\/shop.bantam.ch\\\/fr\\\/\"},{\"@type\":\"ListItem\",\"position\":2,\"name\":\"Boutique\",\"item\":\"https:\\\/\\\/shop.bantam.ch\\\/fr\\\/boutique\\\/\"},{\"@type\":\"ListItem\",\"position\":3,\"name\":\"Contr\u00f4leur solaire MPPT\"}]},{\"@type\":\"WebSite\",\"@id\":\"https:\\\/\\\/shop.bantam.ch\\\/fr\\\/#website\",\"url\":\"https:\\\/\\\/shop.bantam.ch\\\/fr\\\/\",\"name\":\"Bantam Wankm\u00fcller SA\",\"description\":\"\",\"publisher\":{\"@id\":\"https:\\\/\\\/shop.bantam.ch\\\/fr\\\/#organization\"},\"inLanguage\":\"fr-FR\"},{\"@type\":\"Organization\",\"@id\":\"https:\\\/\\\/shop.bantam.ch\\\/fr\\\/#organization\",\"name\":\"Bantam Wankm\u00fcller SA\",\"url\":\"https:\\\/\\\/shop.bantam.ch\\\/fr\\\/\",\"logo\":{\"@type\":\"ImageObject\",\"inLanguage\":\"fr-FR\",\"@id\":\"https:\\\/\\\/shop.bantam.ch\\\/fr\\\/#\\\/schema\\\/logo\\\/image\\\/\",\"url\":\"https:\\\/\\\/shop.bantam.ch\\\/wp-content\\\/uploads\\\/2022\\\/12\\\/bantam-logo.png\",\"contentUrl\":\"https:\\\/\\\/shop.bantam.ch\\\/wp-content\\\/uploads\\\/2022\\\/12\\\/bantam-logo.png\",\"width\":320,\"height\":71,\"caption\":\"Bantam Wankm\u00fcller SA\"},\"image\":{\"@id\":\"https:\\\/\\\/shop.bantam.ch\\\/fr\\\/#\\\/schema\\\/logo\\\/image\\\/\"}}]}<\/script>\n<!-- \/ Yoast SEO plugin. -->","yoast_head_json":{"title":"Contr\u00f4leur solaire MPPT - Bantam Wankm\u00fcller SA","robots":{"index":"index","follow":"follow","max-snippet":"max-snippet:-1","max-image-preview":"max-image-preview:large","max-video-preview":"max-video-preview:-1"},"canonical":"https:\/\/shop.bantam.ch\/fr\/produit\/controleur-solaire-mppt\/","og_locale":"fr_FR","og_type":"article","og_title":"Contr\u00f4leur solaire MPPT - Bantam Wankm\u00fcller SA","og_description":"R\u00e9gulateur solaire MPPT adapt\u00e9 \u00e0 tous les types de batteries. 2 entr\u00e9es solaires adapt\u00e9es \u00e0 diff\u00e9rents syst\u00e8mes solaires, par ex. une Black Line peut \u00eatre raccord\u00e9e \u00e0 l&rsquo;entr\u00e9e 1 et une Power Line \u00e0 l&rsquo;entr\u00e9e 2. Commande d&rsquo;application mobile possible par Bluetooth ou\/et un \u00e9cran de bus (en option). Sortie de charge pour la batterie [&hellip;]","og_url":"https:\/\/shop.bantam.ch\/fr\/produit\/controleur-solaire-mppt\/","og_site_name":"Bantam Wankm\u00fcller SA","article_modified_time":"2026-04-17T23:21:58+00:00","og_image":[{"width":640,"height":640,"url":"https:\/\/shop.bantam.ch\/wp-content\/uploads\/2024\/05\/Movera-L-9962331100.png","type":"image\/png"}],"twitter_card":"summary_large_image","schema":{"@context":"https:\/\/schema.org","@graph":[{"@type":"WebPage","@id":"https:\/\/shop.bantam.ch\/fr\/produit\/controleur-solaire-mppt\/","url":"https:\/\/shop.bantam.ch\/fr\/produit\/controleur-solaire-mppt\/","name":"Contr\u00f4leur solaire MPPT - Bantam Wankm\u00fcller SA","isPartOf":{"@id":"https:\/\/shop.bantam.ch\/fr\/#website"},"primaryImageOfPage":{"@id":"https:\/\/shop.bantam.ch\/fr\/produit\/controleur-solaire-mppt\/#primaryimage"},"image":{"@id":"https:\/\/shop.bantam.ch\/fr\/produit\/controleur-solaire-mppt\/#primaryimage"},"thumbnailUrl":"https:\/\/shop.bantam.ch\/wp-content\/uploads\/2024\/05\/Movera-L-9962331100.png","datePublished":"2024-05-15T15:05:47+00:00","dateModified":"2026-04-17T23:21:58+00:00","breadcrumb":{"@id":"https:\/\/shop.bantam.ch\/fr\/produit\/controleur-solaire-mppt\/#breadcrumb"},"inLanguage":"fr-FR","potentialAction":[{"@type":"ReadAction","target":["https:\/\/shop.bantam.ch\/fr\/produit\/controleur-solaire-mppt\/"]}]},{"@type":"ImageObject","inLanguage":"fr-FR","@id":"https:\/\/shop.bantam.ch\/fr\/produit\/controleur-solaire-mppt\/#primaryimage","url":"https:\/\/shop.bantam.ch\/wp-content\/uploads\/2024\/05\/Movera-L-9962331100.png","contentUrl":"https:\/\/shop.bantam.ch\/wp-content\/uploads\/2024\/05\/Movera-L-9962331100.png","width":640,"height":640},{"@type":"BreadcrumbList","@id":"https:\/\/shop.bantam.ch\/fr\/produit\/controleur-solaire-mppt\/#breadcrumb","itemListElement":[{"@type":"ListItem","position":1,"name":"Accueil","item":"https:\/\/shop.bantam.ch\/fr\/"},{"@type":"ListItem","position":2,"name":"Boutique","item":"https:\/\/shop.bantam.ch\/fr\/boutique\/"},{"@type":"ListItem","position":3,"name":"Contr\u00f4leur solaire MPPT"}]},{"@type":"WebSite","@id":"https:\/\/shop.bantam.ch\/fr\/#website","url":"https:\/\/shop.bantam.ch\/fr\/","name":"Bantam Wankm\u00fcller SA","description":"","publisher":{"@id":"https:\/\/shop.bantam.ch\/fr\/#organization"},"inLanguage":"fr-FR"},{"@type":"Organization","@id":"https:\/\/shop.bantam.ch\/fr\/#organization","name":"Bantam Wankm\u00fcller SA","url":"https:\/\/shop.bantam.ch\/fr\/","logo":{"@type":"ImageObject","inLanguage":"fr-FR","@id":"https:\/\/shop.bantam.ch\/fr\/#\/schema\/logo\/image\/","url":"https:\/\/shop.bantam.ch\/wp-content\/uploads\/2022\/12\/bantam-logo.png","contentUrl":"https:\/\/shop.bantam.ch\/wp-content\/uploads\/2022\/12\/bantam-logo.png","width":320,"height":71,"caption":"Bantam Wankm\u00fcller SA"},"image":{"@id":"https:\/\/shop.bantam.ch\/fr\/#\/schema\/logo\/image\/"}}]}},"_links":{"self":[{"href":"https:\/\/shop.bantam.ch\/fr\/wp-json\/wp\/v2\/product\/199202","targetHints":{"allow":["GET"]}}],"collection":[{"href":"https:\/\/shop.bantam.ch\/fr\/wp-json\/wp\/v2\/product"}],"about":[{"href":"https:\/\/shop.bantam.ch\/fr\/wp-json\/wp\/v2\/types\/product"}],"wp:featuredmedia":[{"embeddable":true,"href":"https:\/\/shop.bantam.ch\/fr\/wp-json\/wp\/v2\/media\/199200"}],"wp:attachment":[{"href":"https:\/\/shop.bantam.ch\/fr\/wp-json\/wp\/v2\/media?parent=199202"}],"wp:term":[{"taxonomy":"product_featured_cat","embeddable":true,"href":"https:\/\/shop.bantam.ch\/fr\/wp-json\/wp\/v2\/product_featured_cat?post=199202"},{"taxonomy":"product_brand","embeddable":true,"href":"https:\/\/shop.bantam.ch\/fr\/wp-json\/wp\/v2\/product_brand?post=199202"},{"taxonomy":"product_cat","embeddable":true,"href":"https:\/\/shop.bantam.ch\/fr\/wp-json\/wp\/v2\/product_cat?post=199202"},{"taxonomy":"product_tag","embeddable":true,"href":"https:\/\/shop.bantam.ch\/fr\/wp-json\/wp\/v2\/product_tag?post=199202"}],"curies":[{"name":"wp","href":"https:\/\/api.w.org\/{rel}","templated":true}]}}