{"id":199170,"date":"2024-05-15T17:04:59","date_gmt":"2024-05-15T15:04:59","guid":{"rendered":"https:\/\/shop.bantam.ch\/produit\/glaciere-a-compresseur-brunner-polarys-portafreeze-8-l-coloris-noir-gris\/"},"modified":"2026-05-02T23:08:10","modified_gmt":"2026-05-02T21:08:10","slug":"glaciere-a-compresseur-brunner-polarys-portafreeze-8-l-coloris-noir-gris","status":"publish","type":"product","link":"https:\/\/shop.bantam.ch\/fr\/produit\/glaciere-a-compresseur-brunner-polarys-portafreeze-8-l-coloris-noir-gris\/","title":{"rendered":"Glaci\u00e8re \u00e0 compresseur BRUNNER Polarys Portafreeze 8 l, coloris noir\/gris"},"content":{"rendered":"<p>R\u00e9frig\u00e9rateur portable \u00e0 compresseur 12V\/230V, sp\u00e9cialement con\u00e7u pour \u00eatre utilis\u00e9 dans des espaces restreints et facile \u00e0 transporter gr\u00e2ce \u00e0 sa solide poign\u00e9e pliante. Id\u00e9al pour toutes les activit\u00e9s de plein air, notamment gr\u00e2ce \u00e0 la possibilit\u00e9 d&rsquo;une alimentation \u00e9lectrique mobile par l&rsquo;utilisation d&rsquo;une batterie au lithium (en option). Construction solide et robuste avec des mat\u00e9riaux de haute qualit\u00e9. \u00c9quip\u00e9 d&rsquo;un compresseur de derni\u00e8re g\u00e9n\u00e9ration qui optimise le rapport entre la consommation d&rsquo;\u00e9nergie et la puissance de refroidissement.<\/p>\n<ul>\n<li>Batterie amovible (en option) avec une autonomie de 4 \u00e0 24 heures.<\/li>\n<li>Compresseur de haute qualit\u00e9 pour une grande puissance de refroidissement<\/li>\n<li>Protection de la batterie \u00e0 trois niveaux<\/li>\n<li>Fonctionnement DC\/AC (avec bloc d&rsquo;alimentation externe fourni)<\/li>\n<li>AC 100-240V \/ DC 12\/24 V<\/li>\n<li>Design durable et r\u00e9sistant aux chocs<\/li>\n<li>\u00c9cran LCD<\/li>\n<li>Fonctionnement silencieux<\/li>\n<li>Poign\u00e9e de transport pliable<\/li>\n<\/ul>\n","protected":false},"excerpt":{"rendered":"<p>R\u00e9frig\u00e9rateur portable \u00e0 compresseur 12V\/230V, sp\u00e9cialement con\u00e7u pour \u00eatre utilis\u00e9 dans des espaces restreints et facile \u00e0 transporter gr\u00e2ce \u00e0 sa solide poign\u00e9e pliante. Id\u00e9al pour toutes les activit\u00e9s de plein air, notamment gr\u00e2ce \u00e0 la possibilit\u00e9 d&rsquo;une alimentation \u00e9lectrique mobile par l&rsquo;utilisation d&rsquo;une batterie au lithium (en option). Construction solide et robuste avec des [&hellip;]<\/p>\n","protected":false},"featured_media":207368,"template":"","meta":{"_acf_changed":false},"product_featured_cat":[],"product_brand":[3080],"product_cat":[4545],"product_tag":[],"class_list":{"0":"post-199170","1":"product","2":"type-product","3":"status-publish","4":"has-post-thumbnail","6":"product_brand-brunner","7":"product_cat-glacieres-a-compression","9":"first","10":"instock","11":"taxable","12":"shipping-taxable","13":"purchasable","14":"product-type-simple"},"acf":[],"yoast_head":"<!-- This site is optimized with the Yoast SEO plugin v27.5 - https:\/\/yoast.com\/product\/yoast-seo-wordpress\/ -->\n<title>Glaci\u00e8re \u00e0 compresseur BRUNNER Polarys Portafreeze 8 l, coloris noir\/gris - Bantam<\/title>\n<meta name=\"robots\" content=\"index, follow, max-snippet:-1, max-image-preview:large, max-video-preview:-1\" \/>\n<link rel=\"canonical\" href=\"https:\/\/shop.bantam.ch\/fr\/produit\/glaciere-a-compresseur-brunner-polarys-portafreeze-8-l-coloris-noir-gris\/\" \/>\n<meta property=\"og:locale\" content=\"fr_FR\" \/>\n<meta property=\"og:type\" content=\"article\" \/>\n<meta property=\"og:title\" content=\"Glaci\u00e8re \u00e0 compresseur BRUNNER Polarys Portafreeze 8 l, coloris noir\/gris - Bantam\" \/>\n<meta property=\"og:description\" content=\"R\u00e9frig\u00e9rateur portable \u00e0 compresseur 12V\/230V, sp\u00e9cialement con\u00e7u pour \u00eatre utilis\u00e9 dans des espaces restreints et facile \u00e0 transporter gr\u00e2ce \u00e0 sa solide poign\u00e9e pliante. Id\u00e9al pour toutes les activit\u00e9s de plein air, notamment gr\u00e2ce \u00e0 la possibilit\u00e9 d&rsquo;une alimentation \u00e9lectrique mobile par l&rsquo;utilisation d&rsquo;une batterie au lithium (en option). Construction solide et robuste avec des [&hellip;]\" \/>\n<meta property=\"og:url\" content=\"https:\/\/shop.bantam.ch\/fr\/produit\/glaciere-a-compresseur-brunner-polarys-portafreeze-8-l-coloris-noir-gris\/\" \/>\n<meta property=\"og:site_name\" content=\"Bantam\" \/>\n<meta property=\"article:modified_time\" content=\"2026-05-02T21:08:10+00:00\" \/>\n<meta property=\"og:image\" content=\"https:\/\/shop.bantam.ch\/wp-content\/uploads\/2024\/09\/Movera-L-9963529100.jpg\" \/>\n\t<meta property=\"og:image:width\" content=\"640\" \/>\n\t<meta property=\"og:image:height\" content=\"903\" \/>\n\t<meta property=\"og:image:type\" content=\"image\/jpeg\" \/>\n<meta name=\"twitter:card\" content=\"summary_large_image\" \/>\n<meta name=\"twitter:label1\" content=\"Dur\u00e9e de lecture estim\u00e9e\" \/>\n\t<meta name=\"twitter:data1\" content=\"1 minute\" \/>\n<script type=\"application\/ld+json\" class=\"yoast-schema-graph\">{\"@context\":\"https:\\\/\\\/schema.org\",\"@graph\":[{\"@type\":\"WebPage\",\"@id\":\"https:\\\/\\\/shop.bantam.ch\\\/fr\\\/produit\\\/glaciere-a-compresseur-brunner-polarys-portafreeze-8-l-coloris-noir-gris\\\/\",\"url\":\"https:\\\/\\\/shop.bantam.ch\\\/fr\\\/produit\\\/glaciere-a-compresseur-brunner-polarys-portafreeze-8-l-coloris-noir-gris\\\/\",\"name\":\"Glaci\u00e8re \u00e0 compresseur BRUNNER Polarys Portafreeze 8 l, coloris noir\\\/gris - Bantam\",\"isPartOf\":{\"@id\":\"https:\\\/\\\/shop.bantam.ch\\\/fr\\\/#website\"},\"primaryImageOfPage\":{\"@id\":\"https:\\\/\\\/shop.bantam.ch\\\/fr\\\/produit\\\/glaciere-a-compresseur-brunner-polarys-portafreeze-8-l-coloris-noir-gris\\\/#primaryimage\"},\"image\":{\"@id\":\"https:\\\/\\\/shop.bantam.ch\\\/fr\\\/produit\\\/glaciere-a-compresseur-brunner-polarys-portafreeze-8-l-coloris-noir-gris\\\/#primaryimage\"},\"thumbnailUrl\":\"https:\\\/\\\/shop.bantam.ch\\\/wp-content\\\/uploads\\\/2024\\\/09\\\/Movera-L-9963529100.jpg\",\"datePublished\":\"2024-05-15T15:04:59+00:00\",\"dateModified\":\"2026-05-02T21:08:10+00:00\",\"breadcrumb\":{\"@id\":\"https:\\\/\\\/shop.bantam.ch\\\/fr\\\/produit\\\/glaciere-a-compresseur-brunner-polarys-portafreeze-8-l-coloris-noir-gris\\\/#breadcrumb\"},\"inLanguage\":\"fr-FR\",\"potentialAction\":[{\"@type\":\"ReadAction\",\"target\":[\"https:\\\/\\\/shop.bantam.ch\\\/fr\\\/produit\\\/glaciere-a-compresseur-brunner-polarys-portafreeze-8-l-coloris-noir-gris\\\/\"]}]},{\"@type\":\"ImageObject\",\"inLanguage\":\"fr-FR\",\"@id\":\"https:\\\/\\\/shop.bantam.ch\\\/fr\\\/produit\\\/glaciere-a-compresseur-brunner-polarys-portafreeze-8-l-coloris-noir-gris\\\/#primaryimage\",\"url\":\"https:\\\/\\\/shop.bantam.ch\\\/wp-content\\\/uploads\\\/2024\\\/09\\\/Movera-L-9963529100.jpg\",\"contentUrl\":\"https:\\\/\\\/shop.bantam.ch\\\/wp-content\\\/uploads\\\/2024\\\/09\\\/Movera-L-9963529100.jpg\",\"width\":640,\"height\":903},{\"@type\":\"BreadcrumbList\",\"@id\":\"https:\\\/\\\/shop.bantam.ch\\\/fr\\\/produit\\\/glaciere-a-compresseur-brunner-polarys-portafreeze-8-l-coloris-noir-gris\\\/#breadcrumb\",\"itemListElement\":[{\"@type\":\"ListItem\",\"position\":1,\"name\":\"Accueil\",\"item\":\"https:\\\/\\\/shop.bantam.ch\\\/fr\\\/\"},{\"@type\":\"ListItem\",\"position\":2,\"name\":\"Boutique\",\"item\":\"https:\\\/\\\/shop.bantam.ch\\\/fr\\\/boutique\\\/\"},{\"@type\":\"ListItem\",\"position\":3,\"name\":\"Glaci\u00e8re \u00e0 compresseur BRUNNER Polarys Portafreeze 8 l, coloris noir\\\/gris\"}]},{\"@type\":\"WebSite\",\"@id\":\"https:\\\/\\\/shop.bantam.ch\\\/fr\\\/#website\",\"url\":\"https:\\\/\\\/shop.bantam.ch\\\/fr\\\/\",\"name\":\"Bantam\",\"description\":\"\",\"publisher\":{\"@id\":\"https:\\\/\\\/shop.bantam.ch\\\/fr\\\/#organization\"},\"inLanguage\":\"fr-FR\"},{\"@type\":\"Organization\",\"@id\":\"https:\\\/\\\/shop.bantam.ch\\\/fr\\\/#organization\",\"name\":\"Bantam\",\"url\":\"https:\\\/\\\/shop.bantam.ch\\\/fr\\\/\",\"logo\":{\"@type\":\"ImageObject\",\"inLanguage\":\"fr-FR\",\"@id\":\"https:\\\/\\\/shop.bantam.ch\\\/fr\\\/#\\\/schema\\\/logo\\\/image\\\/\",\"url\":\"https:\\\/\\\/shop.bantam.ch\\\/wp-content\\\/uploads\\\/2022\\\/12\\\/bantam-logo.png\",\"contentUrl\":\"https:\\\/\\\/shop.bantam.ch\\\/wp-content\\\/uploads\\\/2022\\\/12\\\/bantam-logo.png\",\"width\":320,\"height\":71,\"caption\":\"Bantam\"},\"image\":{\"@id\":\"https:\\\/\\\/shop.bantam.ch\\\/fr\\\/#\\\/schema\\\/logo\\\/image\\\/\"}}]}<\/script>\n<!-- \/ Yoast SEO plugin. -->","yoast_head_json":{"title":"Glaci\u00e8re \u00e0 compresseur BRUNNER Polarys Portafreeze 8 l, coloris noir\/gris - Bantam","robots":{"index":"index","follow":"follow","max-snippet":"max-snippet:-1","max-image-preview":"max-image-preview:large","max-video-preview":"max-video-preview:-1"},"canonical":"https:\/\/shop.bantam.ch\/fr\/produit\/glaciere-a-compresseur-brunner-polarys-portafreeze-8-l-coloris-noir-gris\/","og_locale":"fr_FR","og_type":"article","og_title":"Glaci\u00e8re \u00e0 compresseur BRUNNER Polarys Portafreeze 8 l, coloris noir\/gris - Bantam","og_description":"R\u00e9frig\u00e9rateur portable \u00e0 compresseur 12V\/230V, sp\u00e9cialement con\u00e7u pour \u00eatre utilis\u00e9 dans des espaces restreints et facile \u00e0 transporter gr\u00e2ce \u00e0 sa solide poign\u00e9e pliante. Id\u00e9al pour toutes les activit\u00e9s de plein air, notamment gr\u00e2ce \u00e0 la possibilit\u00e9 d&rsquo;une alimentation \u00e9lectrique mobile par l&rsquo;utilisation d&rsquo;une batterie au lithium (en option). Construction solide et robuste avec des [&hellip;]","og_url":"https:\/\/shop.bantam.ch\/fr\/produit\/glaciere-a-compresseur-brunner-polarys-portafreeze-8-l-coloris-noir-gris\/","og_site_name":"Bantam","article_modified_time":"2026-05-02T21:08:10+00:00","og_image":[{"width":640,"height":903,"url":"https:\/\/shop.bantam.ch\/wp-content\/uploads\/2024\/09\/Movera-L-9963529100.jpg","type":"image\/jpeg"}],"twitter_card":"summary_large_image","twitter_misc":{"Dur\u00e9e de lecture estim\u00e9e":"1 minute"},"schema":{"@context":"https:\/\/schema.org","@graph":[{"@type":"WebPage","@id":"https:\/\/shop.bantam.ch\/fr\/produit\/glaciere-a-compresseur-brunner-polarys-portafreeze-8-l-coloris-noir-gris\/","url":"https:\/\/shop.bantam.ch\/fr\/produit\/glaciere-a-compresseur-brunner-polarys-portafreeze-8-l-coloris-noir-gris\/","name":"Glaci\u00e8re \u00e0 compresseur BRUNNER Polarys Portafreeze 8 l, coloris noir\/gris - Bantam","isPartOf":{"@id":"https:\/\/shop.bantam.ch\/fr\/#website"},"primaryImageOfPage":{"@id":"https:\/\/shop.bantam.ch\/fr\/produit\/glaciere-a-compresseur-brunner-polarys-portafreeze-8-l-coloris-noir-gris\/#primaryimage"},"image":{"@id":"https:\/\/shop.bantam.ch\/fr\/produit\/glaciere-a-compresseur-brunner-polarys-portafreeze-8-l-coloris-noir-gris\/#primaryimage"},"thumbnailUrl":"https:\/\/shop.bantam.ch\/wp-content\/uploads\/2024\/09\/Movera-L-9963529100.jpg","datePublished":"2024-05-15T15:04:59+00:00","dateModified":"2026-05-02T21:08:10+00:00","breadcrumb":{"@id":"https:\/\/shop.bantam.ch\/fr\/produit\/glaciere-a-compresseur-brunner-polarys-portafreeze-8-l-coloris-noir-gris\/#breadcrumb"},"inLanguage":"fr-FR","potentialAction":[{"@type":"ReadAction","target":["https:\/\/shop.bantam.ch\/fr\/produit\/glaciere-a-compresseur-brunner-polarys-portafreeze-8-l-coloris-noir-gris\/"]}]},{"@type":"ImageObject","inLanguage":"fr-FR","@id":"https:\/\/shop.bantam.ch\/fr\/produit\/glaciere-a-compresseur-brunner-polarys-portafreeze-8-l-coloris-noir-gris\/#primaryimage","url":"https:\/\/shop.bantam.ch\/wp-content\/uploads\/2024\/09\/Movera-L-9963529100.jpg","contentUrl":"https:\/\/shop.bantam.ch\/wp-content\/uploads\/2024\/09\/Movera-L-9963529100.jpg","width":640,"height":903},{"@type":"BreadcrumbList","@id":"https:\/\/shop.bantam.ch\/fr\/produit\/glaciere-a-compresseur-brunner-polarys-portafreeze-8-l-coloris-noir-gris\/#breadcrumb","itemListElement":[{"@type":"ListItem","position":1,"name":"Accueil","item":"https:\/\/shop.bantam.ch\/fr\/"},{"@type":"ListItem","position":2,"name":"Boutique","item":"https:\/\/shop.bantam.ch\/fr\/boutique\/"},{"@type":"ListItem","position":3,"name":"Glaci\u00e8re \u00e0 compresseur BRUNNER Polarys Portafreeze 8 l, coloris noir\/gris"}]},{"@type":"WebSite","@id":"https:\/\/shop.bantam.ch\/fr\/#website","url":"https:\/\/shop.bantam.ch\/fr\/","name":"Bantam","description":"","publisher":{"@id":"https:\/\/shop.bantam.ch\/fr\/#organization"},"inLanguage":"fr-FR"},{"@type":"Organization","@id":"https:\/\/shop.bantam.ch\/fr\/#organization","name":"Bantam","url":"https:\/\/shop.bantam.ch\/fr\/","logo":{"@type":"ImageObject","inLanguage":"fr-FR","@id":"https:\/\/shop.bantam.ch\/fr\/#\/schema\/logo\/image\/","url":"https:\/\/shop.bantam.ch\/wp-content\/uploads\/2022\/12\/bantam-logo.png","contentUrl":"https:\/\/shop.bantam.ch\/wp-content\/uploads\/2022\/12\/bantam-logo.png","width":320,"height":71,"caption":"Bantam"},"image":{"@id":"https:\/\/shop.bantam.ch\/fr\/#\/schema\/logo\/image\/"}}]}},"_links":{"self":[{"href":"https:\/\/shop.bantam.ch\/fr\/wp-json\/wp\/v2\/product\/199170","targetHints":{"allow":["GET"]}}],"collection":[{"href":"https:\/\/shop.bantam.ch\/fr\/wp-json\/wp\/v2\/product"}],"about":[{"href":"https:\/\/shop.bantam.ch\/fr\/wp-json\/wp\/v2\/types\/product"}],"wp:featuredmedia":[{"embeddable":true,"href":"https:\/\/shop.bantam.ch\/fr\/wp-json\/wp\/v2\/media\/207368"}],"wp:attachment":[{"href":"https:\/\/shop.bantam.ch\/fr\/wp-json\/wp\/v2\/media?parent=199170"}],"wp:term":[{"taxonomy":"product_featured_cat","embeddable":true,"href":"https:\/\/shop.bantam.ch\/fr\/wp-json\/wp\/v2\/product_featured_cat?post=199170"},{"taxonomy":"product_brand","embeddable":true,"href":"https:\/\/shop.bantam.ch\/fr\/wp-json\/wp\/v2\/product_brand?post=199170"},{"taxonomy":"product_cat","embeddable":true,"href":"https:\/\/shop.bantam.ch\/fr\/wp-json\/wp\/v2\/product_cat?post=199170"},{"taxonomy":"product_tag","embeddable":true,"href":"https:\/\/shop.bantam.ch\/fr\/wp-json\/wp\/v2\/product_tag?post=199170"}],"curies":[{"name":"wp","href":"https:\/\/api.w.org\/{rel}","templated":true}]}}