{"id":199148,"date":"2024-05-15T17:04:35","date_gmt":"2024-05-15T15:04:35","guid":{"rendered":"https:\/\/shop.bantam.ch\/produit\/antenne-dvb-t2-teleco-wing11-omnidire-hd-ready-amp-at412-g5-cable-coaxial-de-5-m\/"},"modified":"2026-04-22T23:11:59","modified_gmt":"2026-04-22T21:11:59","slug":"antenne-dvb-t2-teleco-wing11-omnidire-hd-ready-amp-at412-g5-cable-coaxial-de-5-m","status":"publish","type":"product","link":"https:\/\/shop.bantam.ch\/fr\/produit\/antenne-dvb-t2-teleco-wing11-omnidire-hd-ready-amp-at412-g5-cable-coaxial-de-5-m\/","title":{"rendered":"Antenne DVB-T2 Teleco WING11 OMNIDIRE HD Ready + AMP. AT412 G5 C\u00e2ble coaxial de 5 m"},"content":{"rendered":"<p>Antennes de t\u00e9l\u00e9vision omnidirectionnelles \u00e0 grande vitesse<\/p>\n<p>.<\/p>\n<p>La s\u00e9rie d&rsquo;antennes Wing, a \u00e9t\u00e9 d\u00e9velopp\u00e9e pour pouvoir recevoir tous les signaux num\u00e9riques terrestres. Une attention particuli\u00e8re a \u00e9t\u00e9 accord\u00e9e \u00e0 une forme ultra-a\u00e9rodynamique lors du d\u00e9veloppement. Gr\u00e2ce \u00e0 ces caract\u00e9ristiques, le montage est \u00e9galement possible sur les camping-cars rapides. Un pied sp\u00e9cial permet d&rsquo;incliner l&rsquo;antenne dans n&rsquo;importe quelle direction. Cela garantit un montage facile m\u00eame sur les toits a\u00e9rodynamiques des caravanes de la derni\u00e8re g\u00e9n\u00e9ration. Rotation sur 3 axes pour une orientation parfaite sur le toit, assurant ainsi un montage facile m\u00eame sur les toits de v\u00e9hicules a\u00e9rodynamiques des camping-cars et des caravanes de la derni\u00e8re g\u00e9n\u00e9ration. La haute sensibilit\u00e9 de l&rsquo;amplificateur \u00e9lectronique, associ\u00e9e \u00e0 la structure particuli\u00e8re de l&rsquo;antenne, permet de recevoir des programmes TV m\u00eame dans la gamme des basses fr\u00e9quences, malgr\u00e9 les dimensions ext\u00e9rieures de 38 cm seulement. \u00c9quip\u00e9e d&rsquo;un filtre de blocage LTE pour \u00e9liminer les interf\u00e9rences g\u00e9n\u00e9r\u00e9es par les nouveaux smartphones 4G\/5G. (Uniquement pour les pays qui ont d\u00e9j\u00e0 int\u00e9gr\u00e9 les transmissions LTE sur une bande passante de 700 &#8211; 800 MHz).<\/p>\n<p>Am\u00e9lioration avec amplificateur:<br \/>\nCH 5-12 &nbsp;16 dB \/ CH 21-48 &nbsp;26 dB<\/p>\n<ul>\n<li>Alimentation \u00e9lectrique : 12\/24 volts<\/li>\n<li>Diam\u00e8tre : 38 cm<\/li>\n<li>Hauteur : 16,5 cm<\/li>\n<li>Poids : 1,2 kg<\/li>\n<\/ul>\n","protected":false},"excerpt":{"rendered":"<p>Antennes de t\u00e9l\u00e9vision omnidirectionnelles \u00e0 grande vitesse . La s\u00e9rie d&rsquo;antennes Wing, a \u00e9t\u00e9 d\u00e9velopp\u00e9e pour pouvoir recevoir tous les signaux num\u00e9riques terrestres. Une attention particuli\u00e8re a \u00e9t\u00e9 accord\u00e9e \u00e0 une forme ultra-a\u00e9rodynamique lors du d\u00e9veloppement. Gr\u00e2ce \u00e0 ces caract\u00e9ristiques, le montage est \u00e9galement possible sur les camping-cars rapides. Un pied sp\u00e9cial permet d&rsquo;incliner l&rsquo;antenne [&hellip;]<\/p>\n","protected":false},"featured_media":207356,"template":"","meta":{"_acf_changed":false},"product_featured_cat":[],"product_brand":[3230],"product_cat":[4989],"product_tag":[],"class_list":{"0":"post-199148","1":"product","2":"type-product","3":"status-publish","4":"has-post-thumbnail","6":"product_brand-teleco","7":"product_cat-antennes","9":"first","10":"instock","11":"taxable","12":"shipping-taxable","13":"purchasable","14":"product-type-simple"},"acf":[],"yoast_head":"<!-- This site is optimized with the Yoast SEO plugin v27.4 - https:\/\/yoast.com\/product\/yoast-seo-wordpress\/ -->\n<title>Antenne DVB-T2 Teleco WING11 OMNIDIRE HD Ready + AMP. AT412 G5 C\u00e2ble coaxial de 5 m - Bantam Wankm\u00fcller SA<\/title>\n<meta name=\"robots\" content=\"index, follow, max-snippet:-1, max-image-preview:large, max-video-preview:-1\" \/>\n<link rel=\"canonical\" href=\"https:\/\/shop.bantam.ch\/fr\/produit\/antenne-dvb-t2-teleco-wing11-omnidire-hd-ready-amp-at412-g5-cable-coaxial-de-5-m\/\" \/>\n<meta property=\"og:locale\" content=\"fr_FR\" \/>\n<meta property=\"og:type\" content=\"article\" \/>\n<meta property=\"og:title\" content=\"Antenne DVB-T2 Teleco WING11 OMNIDIRE HD Ready + AMP. AT412 G5 C\u00e2ble coaxial de 5 m - Bantam Wankm\u00fcller SA\" \/>\n<meta property=\"og:description\" content=\"Antennes de t\u00e9l\u00e9vision omnidirectionnelles \u00e0 grande vitesse . La s\u00e9rie d&rsquo;antennes Wing, a \u00e9t\u00e9 d\u00e9velopp\u00e9e pour pouvoir recevoir tous les signaux num\u00e9riques terrestres. Une attention particuli\u00e8re a \u00e9t\u00e9 accord\u00e9e \u00e0 une forme ultra-a\u00e9rodynamique lors du d\u00e9veloppement. Gr\u00e2ce \u00e0 ces caract\u00e9ristiques, le montage est \u00e9galement possible sur les camping-cars rapides. Un pied sp\u00e9cial permet d&rsquo;incliner l&rsquo;antenne [&hellip;]\" \/>\n<meta property=\"og:url\" content=\"https:\/\/shop.bantam.ch\/fr\/produit\/antenne-dvb-t2-teleco-wing11-omnidire-hd-ready-amp-at412-g5-cable-coaxial-de-5-m\/\" \/>\n<meta property=\"og:site_name\" content=\"Bantam Wankm\u00fcller SA\" \/>\n<meta property=\"article:modified_time\" content=\"2026-04-22T21:11:59+00:00\" \/>\n<meta property=\"og:image\" content=\"https:\/\/shop.bantam.ch\/wp-content\/uploads\/2024\/05\/Movera-L-9963515100.jpg\" \/>\n\t<meta property=\"og:image:width\" content=\"640\" \/>\n\t<meta property=\"og:image:height\" content=\"326\" \/>\n\t<meta property=\"og:image:type\" content=\"image\/jpeg\" \/>\n<meta name=\"twitter:card\" content=\"summary_large_image\" \/>\n<meta name=\"twitter:label1\" content=\"Dur\u00e9e de lecture estim\u00e9e\" \/>\n\t<meta name=\"twitter:data1\" content=\"1 minute\" \/>\n<script type=\"application\/ld+json\" class=\"yoast-schema-graph\">{\"@context\":\"https:\\\/\\\/schema.org\",\"@graph\":[{\"@type\":\"WebPage\",\"@id\":\"https:\\\/\\\/shop.bantam.ch\\\/fr\\\/produit\\\/antenne-dvb-t2-teleco-wing11-omnidire-hd-ready-amp-at412-g5-cable-coaxial-de-5-m\\\/\",\"url\":\"https:\\\/\\\/shop.bantam.ch\\\/fr\\\/produit\\\/antenne-dvb-t2-teleco-wing11-omnidire-hd-ready-amp-at412-g5-cable-coaxial-de-5-m\\\/\",\"name\":\"Antenne DVB-T2 Teleco WING11 OMNIDIRE HD Ready + AMP. AT412 G5 C\u00e2ble coaxial de 5 m - Bantam Wankm\u00fcller SA\",\"isPartOf\":{\"@id\":\"https:\\\/\\\/shop.bantam.ch\\\/fr\\\/#website\"},\"primaryImageOfPage\":{\"@id\":\"https:\\\/\\\/shop.bantam.ch\\\/fr\\\/produit\\\/antenne-dvb-t2-teleco-wing11-omnidire-hd-ready-amp-at412-g5-cable-coaxial-de-5-m\\\/#primaryimage\"},\"image\":{\"@id\":\"https:\\\/\\\/shop.bantam.ch\\\/fr\\\/produit\\\/antenne-dvb-t2-teleco-wing11-omnidire-hd-ready-amp-at412-g5-cable-coaxial-de-5-m\\\/#primaryimage\"},\"thumbnailUrl\":\"https:\\\/\\\/shop.bantam.ch\\\/wp-content\\\/uploads\\\/2024\\\/09\\\/Movera-L-9963515100.jpg\",\"datePublished\":\"2024-05-15T15:04:35+00:00\",\"dateModified\":\"2026-04-22T21:11:59+00:00\",\"breadcrumb\":{\"@id\":\"https:\\\/\\\/shop.bantam.ch\\\/fr\\\/produit\\\/antenne-dvb-t2-teleco-wing11-omnidire-hd-ready-amp-at412-g5-cable-coaxial-de-5-m\\\/#breadcrumb\"},\"inLanguage\":\"fr-FR\",\"potentialAction\":[{\"@type\":\"ReadAction\",\"target\":[\"https:\\\/\\\/shop.bantam.ch\\\/fr\\\/produit\\\/antenne-dvb-t2-teleco-wing11-omnidire-hd-ready-amp-at412-g5-cable-coaxial-de-5-m\\\/\"]}]},{\"@type\":\"ImageObject\",\"inLanguage\":\"fr-FR\",\"@id\":\"https:\\\/\\\/shop.bantam.ch\\\/fr\\\/produit\\\/antenne-dvb-t2-teleco-wing11-omnidire-hd-ready-amp-at412-g5-cable-coaxial-de-5-m\\\/#primaryimage\",\"url\":\"https:\\\/\\\/shop.bantam.ch\\\/wp-content\\\/uploads\\\/2024\\\/09\\\/Movera-L-9963515100.jpg\",\"contentUrl\":\"https:\\\/\\\/shop.bantam.ch\\\/wp-content\\\/uploads\\\/2024\\\/09\\\/Movera-L-9963515100.jpg\",\"width\":640,\"height\":326},{\"@type\":\"BreadcrumbList\",\"@id\":\"https:\\\/\\\/shop.bantam.ch\\\/fr\\\/produit\\\/antenne-dvb-t2-teleco-wing11-omnidire-hd-ready-amp-at412-g5-cable-coaxial-de-5-m\\\/#breadcrumb\",\"itemListElement\":[{\"@type\":\"ListItem\",\"position\":1,\"name\":\"Accueil\",\"item\":\"https:\\\/\\\/shop.bantam.ch\\\/fr\\\/\"},{\"@type\":\"ListItem\",\"position\":2,\"name\":\"Boutique\",\"item\":\"https:\\\/\\\/shop.bantam.ch\\\/fr\\\/boutique\\\/\"},{\"@type\":\"ListItem\",\"position\":3,\"name\":\"Antenne DVB-T2 Teleco WING11 OMNIDIRE HD Ready + AMP. AT412 G5 C\u00e2ble coaxial de 5 m\"}]},{\"@type\":\"WebSite\",\"@id\":\"https:\\\/\\\/shop.bantam.ch\\\/fr\\\/#website\",\"url\":\"https:\\\/\\\/shop.bantam.ch\\\/fr\\\/\",\"name\":\"Bantam Wankm\u00fcller SA\",\"description\":\"\",\"publisher\":{\"@id\":\"https:\\\/\\\/shop.bantam.ch\\\/fr\\\/#organization\"},\"inLanguage\":\"fr-FR\"},{\"@type\":\"Organization\",\"@id\":\"https:\\\/\\\/shop.bantam.ch\\\/fr\\\/#organization\",\"name\":\"Bantam Wankm\u00fcller SA\",\"url\":\"https:\\\/\\\/shop.bantam.ch\\\/fr\\\/\",\"logo\":{\"@type\":\"ImageObject\",\"inLanguage\":\"fr-FR\",\"@id\":\"https:\\\/\\\/shop.bantam.ch\\\/fr\\\/#\\\/schema\\\/logo\\\/image\\\/\",\"url\":\"https:\\\/\\\/shop.bantam.ch\\\/wp-content\\\/uploads\\\/2022\\\/12\\\/bantam-logo.png\",\"contentUrl\":\"https:\\\/\\\/shop.bantam.ch\\\/wp-content\\\/uploads\\\/2022\\\/12\\\/bantam-logo.png\",\"width\":320,\"height\":71,\"caption\":\"Bantam Wankm\u00fcller SA\"},\"image\":{\"@id\":\"https:\\\/\\\/shop.bantam.ch\\\/fr\\\/#\\\/schema\\\/logo\\\/image\\\/\"}}]}<\/script>\n<!-- \/ Yoast SEO plugin. -->","yoast_head_json":{"title":"Antenne DVB-T2 Teleco WING11 OMNIDIRE HD Ready + AMP. AT412 G5 C\u00e2ble coaxial de 5 m - Bantam Wankm\u00fcller SA","robots":{"index":"index","follow":"follow","max-snippet":"max-snippet:-1","max-image-preview":"max-image-preview:large","max-video-preview":"max-video-preview:-1"},"canonical":"https:\/\/shop.bantam.ch\/fr\/produit\/antenne-dvb-t2-teleco-wing11-omnidire-hd-ready-amp-at412-g5-cable-coaxial-de-5-m\/","og_locale":"fr_FR","og_type":"article","og_title":"Antenne DVB-T2 Teleco WING11 OMNIDIRE HD Ready + AMP. AT412 G5 C\u00e2ble coaxial de 5 m - Bantam Wankm\u00fcller SA","og_description":"Antennes de t\u00e9l\u00e9vision omnidirectionnelles \u00e0 grande vitesse . La s\u00e9rie d&rsquo;antennes Wing, a \u00e9t\u00e9 d\u00e9velopp\u00e9e pour pouvoir recevoir tous les signaux num\u00e9riques terrestres. Une attention particuli\u00e8re a \u00e9t\u00e9 accord\u00e9e \u00e0 une forme ultra-a\u00e9rodynamique lors du d\u00e9veloppement. Gr\u00e2ce \u00e0 ces caract\u00e9ristiques, le montage est \u00e9galement possible sur les camping-cars rapides. Un pied sp\u00e9cial permet d&rsquo;incliner l&rsquo;antenne [&hellip;]","og_url":"https:\/\/shop.bantam.ch\/fr\/produit\/antenne-dvb-t2-teleco-wing11-omnidire-hd-ready-amp-at412-g5-cable-coaxial-de-5-m\/","og_site_name":"Bantam Wankm\u00fcller SA","article_modified_time":"2026-04-22T21:11:59+00:00","og_image":[{"width":640,"height":326,"url":"https:\/\/shop.bantam.ch\/wp-content\/uploads\/2024\/05\/Movera-L-9963515100.jpg","type":"image\/jpeg"}],"twitter_card":"summary_large_image","twitter_misc":{"Dur\u00e9e de lecture estim\u00e9e":"1 minute"},"schema":{"@context":"https:\/\/schema.org","@graph":[{"@type":"WebPage","@id":"https:\/\/shop.bantam.ch\/fr\/produit\/antenne-dvb-t2-teleco-wing11-omnidire-hd-ready-amp-at412-g5-cable-coaxial-de-5-m\/","url":"https:\/\/shop.bantam.ch\/fr\/produit\/antenne-dvb-t2-teleco-wing11-omnidire-hd-ready-amp-at412-g5-cable-coaxial-de-5-m\/","name":"Antenne DVB-T2 Teleco WING11 OMNIDIRE HD Ready + AMP. AT412 G5 C\u00e2ble coaxial de 5 m - Bantam Wankm\u00fcller SA","isPartOf":{"@id":"https:\/\/shop.bantam.ch\/fr\/#website"},"primaryImageOfPage":{"@id":"https:\/\/shop.bantam.ch\/fr\/produit\/antenne-dvb-t2-teleco-wing11-omnidire-hd-ready-amp-at412-g5-cable-coaxial-de-5-m\/#primaryimage"},"image":{"@id":"https:\/\/shop.bantam.ch\/fr\/produit\/antenne-dvb-t2-teleco-wing11-omnidire-hd-ready-amp-at412-g5-cable-coaxial-de-5-m\/#primaryimage"},"thumbnailUrl":"https:\/\/shop.bantam.ch\/wp-content\/uploads\/2024\/09\/Movera-L-9963515100.jpg","datePublished":"2024-05-15T15:04:35+00:00","dateModified":"2026-04-22T21:11:59+00:00","breadcrumb":{"@id":"https:\/\/shop.bantam.ch\/fr\/produit\/antenne-dvb-t2-teleco-wing11-omnidire-hd-ready-amp-at412-g5-cable-coaxial-de-5-m\/#breadcrumb"},"inLanguage":"fr-FR","potentialAction":[{"@type":"ReadAction","target":["https:\/\/shop.bantam.ch\/fr\/produit\/antenne-dvb-t2-teleco-wing11-omnidire-hd-ready-amp-at412-g5-cable-coaxial-de-5-m\/"]}]},{"@type":"ImageObject","inLanguage":"fr-FR","@id":"https:\/\/shop.bantam.ch\/fr\/produit\/antenne-dvb-t2-teleco-wing11-omnidire-hd-ready-amp-at412-g5-cable-coaxial-de-5-m\/#primaryimage","url":"https:\/\/shop.bantam.ch\/wp-content\/uploads\/2024\/09\/Movera-L-9963515100.jpg","contentUrl":"https:\/\/shop.bantam.ch\/wp-content\/uploads\/2024\/09\/Movera-L-9963515100.jpg","width":640,"height":326},{"@type":"BreadcrumbList","@id":"https:\/\/shop.bantam.ch\/fr\/produit\/antenne-dvb-t2-teleco-wing11-omnidire-hd-ready-amp-at412-g5-cable-coaxial-de-5-m\/#breadcrumb","itemListElement":[{"@type":"ListItem","position":1,"name":"Accueil","item":"https:\/\/shop.bantam.ch\/fr\/"},{"@type":"ListItem","position":2,"name":"Boutique","item":"https:\/\/shop.bantam.ch\/fr\/boutique\/"},{"@type":"ListItem","position":3,"name":"Antenne DVB-T2 Teleco WING11 OMNIDIRE HD Ready + AMP. AT412 G5 C\u00e2ble coaxial de 5 m"}]},{"@type":"WebSite","@id":"https:\/\/shop.bantam.ch\/fr\/#website","url":"https:\/\/shop.bantam.ch\/fr\/","name":"Bantam Wankm\u00fcller SA","description":"","publisher":{"@id":"https:\/\/shop.bantam.ch\/fr\/#organization"},"inLanguage":"fr-FR"},{"@type":"Organization","@id":"https:\/\/shop.bantam.ch\/fr\/#organization","name":"Bantam Wankm\u00fcller SA","url":"https:\/\/shop.bantam.ch\/fr\/","logo":{"@type":"ImageObject","inLanguage":"fr-FR","@id":"https:\/\/shop.bantam.ch\/fr\/#\/schema\/logo\/image\/","url":"https:\/\/shop.bantam.ch\/wp-content\/uploads\/2022\/12\/bantam-logo.png","contentUrl":"https:\/\/shop.bantam.ch\/wp-content\/uploads\/2022\/12\/bantam-logo.png","width":320,"height":71,"caption":"Bantam Wankm\u00fcller SA"},"image":{"@id":"https:\/\/shop.bantam.ch\/fr\/#\/schema\/logo\/image\/"}}]}},"_links":{"self":[{"href":"https:\/\/shop.bantam.ch\/fr\/wp-json\/wp\/v2\/product\/199148","targetHints":{"allow":["GET"]}}],"collection":[{"href":"https:\/\/shop.bantam.ch\/fr\/wp-json\/wp\/v2\/product"}],"about":[{"href":"https:\/\/shop.bantam.ch\/fr\/wp-json\/wp\/v2\/types\/product"}],"wp:featuredmedia":[{"embeddable":true,"href":"https:\/\/shop.bantam.ch\/fr\/wp-json\/wp\/v2\/media\/207356"}],"wp:attachment":[{"href":"https:\/\/shop.bantam.ch\/fr\/wp-json\/wp\/v2\/media?parent=199148"}],"wp:term":[{"taxonomy":"product_featured_cat","embeddable":true,"href":"https:\/\/shop.bantam.ch\/fr\/wp-json\/wp\/v2\/product_featured_cat?post=199148"},{"taxonomy":"product_brand","embeddable":true,"href":"https:\/\/shop.bantam.ch\/fr\/wp-json\/wp\/v2\/product_brand?post=199148"},{"taxonomy":"product_cat","embeddable":true,"href":"https:\/\/shop.bantam.ch\/fr\/wp-json\/wp\/v2\/product_cat?post=199148"},{"taxonomy":"product_tag","embeddable":true,"href":"https:\/\/shop.bantam.ch\/fr\/wp-json\/wp\/v2\/product_tag?post=199148"}],"curies":[{"name":"wp","href":"https:\/\/api.w.org\/{rel}","templated":true}]}}