{"id":199015,"date":"2024-05-15T17:01:22","date_gmt":"2024-05-15T15:01:22","guid":{"rendered":"https:\/\/shop.bantam.ch\/produit\/batterie-lithium-mobilite-easydriver\/"},"modified":"2026-05-02T01:16:05","modified_gmt":"2026-05-01T23:16:05","slug":"batterie-lithium-mobilite-easydriver","status":"publish","type":"product","link":"https:\/\/shop.bantam.ch\/fr\/produit\/batterie-lithium-mobilite-easydriver\/","title":{"rendered":"Batterie lithium mobilit\u00e9 easydriver"},"content":{"rendered":"<p>Avec 50 Ah et gr\u00e2ce \u00e0 la technologie lithium-ion (LiFePO4) la plus moderne, la batterie du MPC a de la puissance \u00e0 revendre. Cela en fait une source d&rsquo;\u00e9nergie id\u00e9ale chaque fois que l&rsquo;autarcie est souhait\u00e9e ou n\u00e9cessaire &#8211; m\u00eame ind\u00e9pendamment du MPC.<\/p>\n<ul>\n<li>Alimentation autonome pour au moins 2 jours (selon la consommation)<\/li>\n<li>L&rsquo;application gratuite myCaravaning d&rsquo;easydriver permet de consulter toutes les informations relatives \u00e0 l&rsquo;alimentation \u00e9lectrique<\/li>\n<li>Utilisable toute l&rsquo;ann\u00e9e comme station d&rsquo;alimentation (ind\u00e9pendamment du caravaning)<\/li>\n<li>Entreposage facile en cas de non-utilisation<\/li>\n<li>Longue dur\u00e9e de vie d&rsquo;au moins 2000 cycles de charge<\/li>\n<li>Fonction d&rsquo;auto-chauffage intelligente : le chauffage de batterie int\u00e9gr\u00e9 permet de charger la batterie m\u00eame par un froid glacial<\/li>\n<li>Le MPC peut \u00eatre rang\u00e9 dans le v\u00e9hicule tracteur lorsqu&rsquo;il n&rsquo;est pas utilis\u00e9, ce qui r\u00e9duit la charge de la caravane<\/li>\n<li>Alimentation \u00e9lectrique autonome pour au moins 2 jours : il suffit de brancher la fiche 13 p\u00f4les de la caravane sur le MPC<\/li>\n<li>Optimal aussi pour les loueurs : seuls les clients payants re\u00e7oivent la valise et ont ainsi acc\u00e8s \u00e0 la fonction de man\u0153uvre<\/li>\n<li>L&rsquo;auto-\u00e9chauffement de la batterie d\u00e9marre automatiquement \u00e0 une temp\u00e9rature de cellule de 0 \u00b0C et s&rsquo;arr\u00eate lorsque la temp\u00e9rature de 10 \u00b0C est atteinte<\/li>\n<\/ul>\n","protected":false},"excerpt":{"rendered":"<p>Avec 50 Ah et gr\u00e2ce \u00e0 la technologie lithium-ion (LiFePO4) la plus moderne, la batterie du MPC a de la puissance \u00e0 revendre. Cela en fait une source d&rsquo;\u00e9nergie id\u00e9ale chaque fois que l&rsquo;autarcie est souhait\u00e9e ou n\u00e9cessaire &#8211; m\u00eame ind\u00e9pendamment du MPC. Alimentation autonome pour au moins 2 jours (selon la consommation) L&rsquo;application gratuite [&hellip;]<\/p>\n","protected":false},"featured_media":199013,"template":"","meta":{"_acf_changed":false},"product_featured_cat":[],"product_brand":[3132],"product_cat":[5113],"product_tag":[],"class_list":{"0":"post-199015","1":"product","2":"type-product","3":"status-publish","4":"has-post-thumbnail","6":"product_brand-easydriver","7":"product_cat-batteries-lithium","9":"first","10":"instock","11":"taxable","12":"shipping-taxable","13":"purchasable","14":"product-type-variable"},"acf":[],"yoast_head":"<!-- This site is optimized with the Yoast SEO plugin v27.5 - https:\/\/yoast.com\/product\/yoast-seo-wordpress\/ -->\n<title>Batterie lithium mobilit\u00e9 easydriver - Bantam<\/title>\n<meta name=\"robots\" content=\"index, follow, max-snippet:-1, max-image-preview:large, max-video-preview:-1\" \/>\n<link rel=\"canonical\" href=\"https:\/\/shop.bantam.ch\/fr\/produit\/batterie-lithium-mobilite-easydriver\/\" \/>\n<meta property=\"og:locale\" content=\"fr_FR\" \/>\n<meta property=\"og:type\" content=\"article\" \/>\n<meta property=\"og:title\" content=\"Batterie lithium mobilit\u00e9 easydriver - Bantam\" \/>\n<meta property=\"og:description\" content=\"Avec 50 Ah et gr\u00e2ce \u00e0 la technologie lithium-ion (LiFePO4) la plus moderne, la batterie du MPC a de la puissance \u00e0 revendre. Cela en fait une source d&rsquo;\u00e9nergie id\u00e9ale chaque fois que l&rsquo;autarcie est souhait\u00e9e ou n\u00e9cessaire &#8211; m\u00eame ind\u00e9pendamment du MPC. Alimentation autonome pour au moins 2 jours (selon la consommation) L&rsquo;application gratuite [&hellip;]\" \/>\n<meta property=\"og:url\" content=\"https:\/\/shop.bantam.ch\/fr\/produit\/batterie-lithium-mobilite-easydriver\/\" \/>\n<meta property=\"og:site_name\" content=\"Bantam\" \/>\n<meta property=\"article:modified_time\" content=\"2026-05-01T23:16:05+00:00\" \/>\n<meta property=\"og:image\" content=\"https:\/\/shop.bantam.ch\/wp-content\/uploads\/2024\/05\/Movera-L-9962297100.jpg\" \/>\n\t<meta property=\"og:image:width\" content=\"640\" \/>\n\t<meta property=\"og:image:height\" content=\"506\" \/>\n\t<meta property=\"og:image:type\" content=\"image\/jpeg\" \/>\n<meta name=\"twitter:card\" content=\"summary_large_image\" \/>\n<meta name=\"twitter:label1\" content=\"Dur\u00e9e de lecture estim\u00e9e\" \/>\n\t<meta name=\"twitter:data1\" content=\"1 minute\" \/>\n<script type=\"application\/ld+json\" class=\"yoast-schema-graph\">{\"@context\":\"https:\\\/\\\/schema.org\",\"@graph\":[{\"@type\":\"WebPage\",\"@id\":\"https:\\\/\\\/shop.bantam.ch\\\/fr\\\/produit\\\/batterie-lithium-mobilite-easydriver\\\/\",\"url\":\"https:\\\/\\\/shop.bantam.ch\\\/fr\\\/produit\\\/batterie-lithium-mobilite-easydriver\\\/\",\"name\":\"Batterie lithium mobilit\u00e9 easydriver - Bantam\",\"isPartOf\":{\"@id\":\"https:\\\/\\\/shop.bantam.ch\\\/fr\\\/#website\"},\"primaryImageOfPage\":{\"@id\":\"https:\\\/\\\/shop.bantam.ch\\\/fr\\\/produit\\\/batterie-lithium-mobilite-easydriver\\\/#primaryimage\"},\"image\":{\"@id\":\"https:\\\/\\\/shop.bantam.ch\\\/fr\\\/produit\\\/batterie-lithium-mobilite-easydriver\\\/#primaryimage\"},\"thumbnailUrl\":\"https:\\\/\\\/shop.bantam.ch\\\/wp-content\\\/uploads\\\/2024\\\/05\\\/Movera-L-9962297100.jpg\",\"datePublished\":\"2024-05-15T15:01:22+00:00\",\"dateModified\":\"2026-05-01T23:16:05+00:00\",\"breadcrumb\":{\"@id\":\"https:\\\/\\\/shop.bantam.ch\\\/fr\\\/produit\\\/batterie-lithium-mobilite-easydriver\\\/#breadcrumb\"},\"inLanguage\":\"fr-FR\",\"potentialAction\":[{\"@type\":\"ReadAction\",\"target\":[\"https:\\\/\\\/shop.bantam.ch\\\/fr\\\/produit\\\/batterie-lithium-mobilite-easydriver\\\/\"]}]},{\"@type\":\"ImageObject\",\"inLanguage\":\"fr-FR\",\"@id\":\"https:\\\/\\\/shop.bantam.ch\\\/fr\\\/produit\\\/batterie-lithium-mobilite-easydriver\\\/#primaryimage\",\"url\":\"https:\\\/\\\/shop.bantam.ch\\\/wp-content\\\/uploads\\\/2024\\\/05\\\/Movera-L-9962297100.jpg\",\"contentUrl\":\"https:\\\/\\\/shop.bantam.ch\\\/wp-content\\\/uploads\\\/2024\\\/05\\\/Movera-L-9962297100.jpg\",\"width\":640,\"height\":506},{\"@type\":\"BreadcrumbList\",\"@id\":\"https:\\\/\\\/shop.bantam.ch\\\/fr\\\/produit\\\/batterie-lithium-mobilite-easydriver\\\/#breadcrumb\",\"itemListElement\":[{\"@type\":\"ListItem\",\"position\":1,\"name\":\"Accueil\",\"item\":\"https:\\\/\\\/shop.bantam.ch\\\/fr\\\/\"},{\"@type\":\"ListItem\",\"position\":2,\"name\":\"Boutique\",\"item\":\"https:\\\/\\\/shop.bantam.ch\\\/fr\\\/boutique\\\/\"},{\"@type\":\"ListItem\",\"position\":3,\"name\":\"Batterie lithium mobilit\u00e9 easydriver\"}]},{\"@type\":\"WebSite\",\"@id\":\"https:\\\/\\\/shop.bantam.ch\\\/fr\\\/#website\",\"url\":\"https:\\\/\\\/shop.bantam.ch\\\/fr\\\/\",\"name\":\"Bantam\",\"description\":\"\",\"publisher\":{\"@id\":\"https:\\\/\\\/shop.bantam.ch\\\/fr\\\/#organization\"},\"inLanguage\":\"fr-FR\"},{\"@type\":\"Organization\",\"@id\":\"https:\\\/\\\/shop.bantam.ch\\\/fr\\\/#organization\",\"name\":\"Bantam\",\"url\":\"https:\\\/\\\/shop.bantam.ch\\\/fr\\\/\",\"logo\":{\"@type\":\"ImageObject\",\"inLanguage\":\"fr-FR\",\"@id\":\"https:\\\/\\\/shop.bantam.ch\\\/fr\\\/#\\\/schema\\\/logo\\\/image\\\/\",\"url\":\"https:\\\/\\\/shop.bantam.ch\\\/wp-content\\\/uploads\\\/2022\\\/12\\\/bantam-logo.png\",\"contentUrl\":\"https:\\\/\\\/shop.bantam.ch\\\/wp-content\\\/uploads\\\/2022\\\/12\\\/bantam-logo.png\",\"width\":320,\"height\":71,\"caption\":\"Bantam\"},\"image\":{\"@id\":\"https:\\\/\\\/shop.bantam.ch\\\/fr\\\/#\\\/schema\\\/logo\\\/image\\\/\"}}]}<\/script>\n<!-- \/ Yoast SEO plugin. -->","yoast_head_json":{"title":"Batterie lithium mobilit\u00e9 easydriver - Bantam","robots":{"index":"index","follow":"follow","max-snippet":"max-snippet:-1","max-image-preview":"max-image-preview:large","max-video-preview":"max-video-preview:-1"},"canonical":"https:\/\/shop.bantam.ch\/fr\/produit\/batterie-lithium-mobilite-easydriver\/","og_locale":"fr_FR","og_type":"article","og_title":"Batterie lithium mobilit\u00e9 easydriver - Bantam","og_description":"Avec 50 Ah et gr\u00e2ce \u00e0 la technologie lithium-ion (LiFePO4) la plus moderne, la batterie du MPC a de la puissance \u00e0 revendre. Cela en fait une source d&rsquo;\u00e9nergie id\u00e9ale chaque fois que l&rsquo;autarcie est souhait\u00e9e ou n\u00e9cessaire &#8211; m\u00eame ind\u00e9pendamment du MPC. Alimentation autonome pour au moins 2 jours (selon la consommation) L&rsquo;application gratuite [&hellip;]","og_url":"https:\/\/shop.bantam.ch\/fr\/produit\/batterie-lithium-mobilite-easydriver\/","og_site_name":"Bantam","article_modified_time":"2026-05-01T23:16:05+00:00","og_image":[{"width":640,"height":506,"url":"https:\/\/shop.bantam.ch\/wp-content\/uploads\/2024\/05\/Movera-L-9962297100.jpg","type":"image\/jpeg"}],"twitter_card":"summary_large_image","twitter_misc":{"Dur\u00e9e de lecture estim\u00e9e":"1 minute"},"schema":{"@context":"https:\/\/schema.org","@graph":[{"@type":"WebPage","@id":"https:\/\/shop.bantam.ch\/fr\/produit\/batterie-lithium-mobilite-easydriver\/","url":"https:\/\/shop.bantam.ch\/fr\/produit\/batterie-lithium-mobilite-easydriver\/","name":"Batterie lithium mobilit\u00e9 easydriver - Bantam","isPartOf":{"@id":"https:\/\/shop.bantam.ch\/fr\/#website"},"primaryImageOfPage":{"@id":"https:\/\/shop.bantam.ch\/fr\/produit\/batterie-lithium-mobilite-easydriver\/#primaryimage"},"image":{"@id":"https:\/\/shop.bantam.ch\/fr\/produit\/batterie-lithium-mobilite-easydriver\/#primaryimage"},"thumbnailUrl":"https:\/\/shop.bantam.ch\/wp-content\/uploads\/2024\/05\/Movera-L-9962297100.jpg","datePublished":"2024-05-15T15:01:22+00:00","dateModified":"2026-05-01T23:16:05+00:00","breadcrumb":{"@id":"https:\/\/shop.bantam.ch\/fr\/produit\/batterie-lithium-mobilite-easydriver\/#breadcrumb"},"inLanguage":"fr-FR","potentialAction":[{"@type":"ReadAction","target":["https:\/\/shop.bantam.ch\/fr\/produit\/batterie-lithium-mobilite-easydriver\/"]}]},{"@type":"ImageObject","inLanguage":"fr-FR","@id":"https:\/\/shop.bantam.ch\/fr\/produit\/batterie-lithium-mobilite-easydriver\/#primaryimage","url":"https:\/\/shop.bantam.ch\/wp-content\/uploads\/2024\/05\/Movera-L-9962297100.jpg","contentUrl":"https:\/\/shop.bantam.ch\/wp-content\/uploads\/2024\/05\/Movera-L-9962297100.jpg","width":640,"height":506},{"@type":"BreadcrumbList","@id":"https:\/\/shop.bantam.ch\/fr\/produit\/batterie-lithium-mobilite-easydriver\/#breadcrumb","itemListElement":[{"@type":"ListItem","position":1,"name":"Accueil","item":"https:\/\/shop.bantam.ch\/fr\/"},{"@type":"ListItem","position":2,"name":"Boutique","item":"https:\/\/shop.bantam.ch\/fr\/boutique\/"},{"@type":"ListItem","position":3,"name":"Batterie lithium mobilit\u00e9 easydriver"}]},{"@type":"WebSite","@id":"https:\/\/shop.bantam.ch\/fr\/#website","url":"https:\/\/shop.bantam.ch\/fr\/","name":"Bantam","description":"","publisher":{"@id":"https:\/\/shop.bantam.ch\/fr\/#organization"},"inLanguage":"fr-FR"},{"@type":"Organization","@id":"https:\/\/shop.bantam.ch\/fr\/#organization","name":"Bantam","url":"https:\/\/shop.bantam.ch\/fr\/","logo":{"@type":"ImageObject","inLanguage":"fr-FR","@id":"https:\/\/shop.bantam.ch\/fr\/#\/schema\/logo\/image\/","url":"https:\/\/shop.bantam.ch\/wp-content\/uploads\/2022\/12\/bantam-logo.png","contentUrl":"https:\/\/shop.bantam.ch\/wp-content\/uploads\/2022\/12\/bantam-logo.png","width":320,"height":71,"caption":"Bantam"},"image":{"@id":"https:\/\/shop.bantam.ch\/fr\/#\/schema\/logo\/image\/"}}]}},"_links":{"self":[{"href":"https:\/\/shop.bantam.ch\/fr\/wp-json\/wp\/v2\/product\/199015","targetHints":{"allow":["GET"]}}],"collection":[{"href":"https:\/\/shop.bantam.ch\/fr\/wp-json\/wp\/v2\/product"}],"about":[{"href":"https:\/\/shop.bantam.ch\/fr\/wp-json\/wp\/v2\/types\/product"}],"wp:featuredmedia":[{"embeddable":true,"href":"https:\/\/shop.bantam.ch\/fr\/wp-json\/wp\/v2\/media\/199013"}],"wp:attachment":[{"href":"https:\/\/shop.bantam.ch\/fr\/wp-json\/wp\/v2\/media?parent=199015"}],"wp:term":[{"taxonomy":"product_featured_cat","embeddable":true,"href":"https:\/\/shop.bantam.ch\/fr\/wp-json\/wp\/v2\/product_featured_cat?post=199015"},{"taxonomy":"product_brand","embeddable":true,"href":"https:\/\/shop.bantam.ch\/fr\/wp-json\/wp\/v2\/product_brand?post=199015"},{"taxonomy":"product_cat","embeddable":true,"href":"https:\/\/shop.bantam.ch\/fr\/wp-json\/wp\/v2\/product_cat?post=199015"},{"taxonomy":"product_tag","embeddable":true,"href":"https:\/\/shop.bantam.ch\/fr\/wp-json\/wp\/v2\/product_tag?post=199015"}],"curies":[{"name":"wp","href":"https:\/\/api.w.org\/{rel}","templated":true}]}}