{"id":198848,"date":"2024-05-15T16:58:00","date_gmt":"2024-05-15T14:58:00","guid":{"rendered":"https:\/\/shop.bantam.ch\/produit\/set-round-net-schildkrot\/"},"modified":"2026-04-23T23:12:41","modified_gmt":"2026-04-23T21:12:41","slug":"set-round-net-schildkrot","status":"publish","type":"product","link":"https:\/\/shop.bantam.ch\/fr\/produit\/set-round-net-schildkrot\/","title":{"rendered":"Set Round Net SCHILDKR\u00d6T"},"content":{"rendered":"<p>Roundnet est le nouveau sport fun ultime pour jeunes et moins jeunes. Deux \u00e9quipes de deux joueurs s&rsquo;affrontent. Tous sont r\u00e9partis \u00e9quitablement autour du filet. Pour servir, le ballon est frapp\u00e9 du plat de la main sur le filet, de sorte qu&rsquo;il vole dans le camp adverse. L&rsquo;\u00e9quipe adverse peut alors se passer le ballon jusqu&rsquo;\u00e0 trois fois avant de le renvoyer dans le filet. L&rsquo;objectif est que le ballon ainsi frapp\u00e9 ne soit pas atteint par l&rsquo;\u00e9quipe adverse, dans la mesure du possible. Apr\u00e8s le service, chaque joueur peut se d\u00e9placer librement autour du filet. C&rsquo;est ce qui rend le jeu si rapide. On essaie de faire sortir l&rsquo;adversaire de sa r\u00e9serve par des passes courtes et longues, des attaques simul\u00e9es et d&rsquo;autres astuces. Si ce dernier ne parvient pas \u00e0 renvoyer le ballon et que celui-ci tombe par terre, l&rsquo;\u00e9quipe re\u00e7oit 1 point. D\u00e8s qu&rsquo;un joueur est g\u00ean\u00e9, il re\u00e7oit \u00e9galement 1 point. Le premier joueur \u00e0 atteindre 21 points et \u00e0 mener de 2 points a gagn\u00e9 le match. Le set contient tout ce qu&rsquo;il faut pour commencer imm\u00e9diatement un match de roundnet : filet de roundnet complet (\u00d8 90cm, env. 20cm de haut), 1 ballon d&rsquo;entra\u00eenement (\u00d811cm), 2 ballons de comp\u00e9tition (\u00d89cm), pompe \u00e0 balle avec aiguille ainsi qu&rsquo;un sac en filet pour le rangement et le transport. Veuillez noter que l&rsquo;aiguille de la pompe se trouve dans la poign\u00e9e. Veuillez gonfler les balles \u00e0 0,5 bar maximum. Le nouveau sport fun ultime pour jeunes et moins jeunes. Le roundnet peut \u00eatre jou\u00e9 avec des amis et la famille \u00e0 la plage, dans un parc ou m\u00eame \u00e0 l&rsquo;int\u00e9rieur. Ce jeu rapide enthousiasme tout le monde et on trouve rapidement des co\u00e9quipiers int\u00e9ress\u00e9s. \u00c0 propos de Schildkr\u00f6t : La marque allemande Schildkr\u00f6t, vieille de plus de 100 ans, est consid\u00e9r\u00e9e comme l&rsquo;inventeur de la balle de ping-pong. Aujourd&rsquo;hui, Schildkr\u00f6t propose, outre le tennis de table, une tr\u00e8s vaste collection de sports fun, de sports sur roulettes et de fitness et est consid\u00e9r\u00e9 comme le leader du march\u00e9 dans certains domaines. Le d\u00e9veloppement des produits se fait sans exception en Allemagne. Les sites de production dans le monde entier sont strictement contr\u00f4l\u00e9s et r\u00e9pondent aux normes sociales les plus \u00e9lev\u00e9es.<\/p>\n","protected":false},"excerpt":{"rendered":"<p>Roundnet est le nouveau sport fun ultime pour jeunes et moins jeunes. Deux \u00e9quipes de deux joueurs s&rsquo;affrontent. Tous sont r\u00e9partis \u00e9quitablement autour du filet. Pour servir, le ballon est frapp\u00e9 du plat de la main sur le filet, de sorte qu&rsquo;il vole dans le camp adverse. L&rsquo;\u00e9quipe adverse peut alors se passer le ballon [&hellip;]<\/p>\n","protected":false},"featured_media":207296,"template":"","meta":{"_acf_changed":false},"product_featured_cat":[1857],"product_brand":[5267],"product_cat":[4457],"product_tag":[],"class_list":{"0":"post-198848","1":"product","2":"type-product","3":"status-publish","4":"has-post-thumbnail","6":"product_featured_cat-equipement-du-camping-cariste","7":"product_brand-schildkrot","8":"product_cat-jouets","10":"first","11":"instock","12":"taxable","13":"shipping-taxable","14":"purchasable","15":"product-type-simple"},"acf":[],"yoast_head":"<!-- This site is optimized with the Yoast SEO plugin v27.4 - https:\/\/yoast.com\/product\/yoast-seo-wordpress\/ -->\n<title>Set Round Net SCHILDKR\u00d6T - Bantam Wankm\u00fcller SA<\/title>\n<meta name=\"robots\" content=\"index, follow, max-snippet:-1, max-image-preview:large, max-video-preview:-1\" \/>\n<link rel=\"canonical\" href=\"https:\/\/shop.bantam.ch\/fr\/produit\/set-round-net-schildkrot\/\" \/>\n<meta property=\"og:locale\" content=\"fr_FR\" \/>\n<meta property=\"og:type\" content=\"article\" \/>\n<meta property=\"og:title\" content=\"Set Round Net SCHILDKR\u00d6T - Bantam Wankm\u00fcller SA\" \/>\n<meta property=\"og:description\" content=\"Roundnet est le nouveau sport fun ultime pour jeunes et moins jeunes. Deux \u00e9quipes de deux joueurs s&rsquo;affrontent. Tous sont r\u00e9partis \u00e9quitablement autour du filet. Pour servir, le ballon est frapp\u00e9 du plat de la main sur le filet, de sorte qu&rsquo;il vole dans le camp adverse. L&rsquo;\u00e9quipe adverse peut alors se passer le ballon [&hellip;]\" \/>\n<meta property=\"og:url\" content=\"https:\/\/shop.bantam.ch\/fr\/produit\/set-round-net-schildkrot\/\" \/>\n<meta property=\"og:site_name\" content=\"Bantam Wankm\u00fcller SA\" \/>\n<meta property=\"article:modified_time\" content=\"2026-04-23T21:12:41+00:00\" \/>\n<meta property=\"og:image\" content=\"https:\/\/shop.bantam.ch\/wp-content\/uploads\/2024\/05\/Movera-L-9962278100.jpg\" \/>\n\t<meta property=\"og:image:width\" content=\"640\" \/>\n\t<meta property=\"og:image:height\" content=\"301\" \/>\n\t<meta property=\"og:image:type\" content=\"image\/jpeg\" \/>\n<meta name=\"twitter:card\" content=\"summary_large_image\" \/>\n<meta name=\"twitter:label1\" content=\"Dur\u00e9e de lecture estim\u00e9e\" \/>\n\t<meta name=\"twitter:data1\" content=\"2 minutes\" \/>\n<script type=\"application\/ld+json\" class=\"yoast-schema-graph\">{\"@context\":\"https:\\\/\\\/schema.org\",\"@graph\":[{\"@type\":\"WebPage\",\"@id\":\"https:\\\/\\\/shop.bantam.ch\\\/fr\\\/produit\\\/set-round-net-schildkrot\\\/\",\"url\":\"https:\\\/\\\/shop.bantam.ch\\\/fr\\\/produit\\\/set-round-net-schildkrot\\\/\",\"name\":\"Set Round Net SCHILDKR\u00d6T - Bantam Wankm\u00fcller SA\",\"isPartOf\":{\"@id\":\"https:\\\/\\\/shop.bantam.ch\\\/fr\\\/#website\"},\"primaryImageOfPage\":{\"@id\":\"https:\\\/\\\/shop.bantam.ch\\\/fr\\\/produit\\\/set-round-net-schildkrot\\\/#primaryimage\"},\"image\":{\"@id\":\"https:\\\/\\\/shop.bantam.ch\\\/fr\\\/produit\\\/set-round-net-schildkrot\\\/#primaryimage\"},\"thumbnailUrl\":\"https:\\\/\\\/shop.bantam.ch\\\/wp-content\\\/uploads\\\/2024\\\/09\\\/Movera-L-9962278100.jpg\",\"datePublished\":\"2024-05-15T14:58:00+00:00\",\"dateModified\":\"2026-04-23T21:12:41+00:00\",\"breadcrumb\":{\"@id\":\"https:\\\/\\\/shop.bantam.ch\\\/fr\\\/produit\\\/set-round-net-schildkrot\\\/#breadcrumb\"},\"inLanguage\":\"fr-FR\",\"potentialAction\":[{\"@type\":\"ReadAction\",\"target\":[\"https:\\\/\\\/shop.bantam.ch\\\/fr\\\/produit\\\/set-round-net-schildkrot\\\/\"]}]},{\"@type\":\"ImageObject\",\"inLanguage\":\"fr-FR\",\"@id\":\"https:\\\/\\\/shop.bantam.ch\\\/fr\\\/produit\\\/set-round-net-schildkrot\\\/#primaryimage\",\"url\":\"https:\\\/\\\/shop.bantam.ch\\\/wp-content\\\/uploads\\\/2024\\\/09\\\/Movera-L-9962278100.jpg\",\"contentUrl\":\"https:\\\/\\\/shop.bantam.ch\\\/wp-content\\\/uploads\\\/2024\\\/09\\\/Movera-L-9962278100.jpg\",\"width\":640,\"height\":301},{\"@type\":\"BreadcrumbList\",\"@id\":\"https:\\\/\\\/shop.bantam.ch\\\/fr\\\/produit\\\/set-round-net-schildkrot\\\/#breadcrumb\",\"itemListElement\":[{\"@type\":\"ListItem\",\"position\":1,\"name\":\"Accueil\",\"item\":\"https:\\\/\\\/shop.bantam.ch\\\/fr\\\/\"},{\"@type\":\"ListItem\",\"position\":2,\"name\":\"Boutique\",\"item\":\"https:\\\/\\\/shop.bantam.ch\\\/fr\\\/boutique\\\/\"},{\"@type\":\"ListItem\",\"position\":3,\"name\":\"Set Round Net SCHILDKR\u00d6T\"}]},{\"@type\":\"WebSite\",\"@id\":\"https:\\\/\\\/shop.bantam.ch\\\/fr\\\/#website\",\"url\":\"https:\\\/\\\/shop.bantam.ch\\\/fr\\\/\",\"name\":\"Bantam Wankm\u00fcller SA\",\"description\":\"\",\"publisher\":{\"@id\":\"https:\\\/\\\/shop.bantam.ch\\\/fr\\\/#organization\"},\"inLanguage\":\"fr-FR\"},{\"@type\":\"Organization\",\"@id\":\"https:\\\/\\\/shop.bantam.ch\\\/fr\\\/#organization\",\"name\":\"Bantam Wankm\u00fcller SA\",\"url\":\"https:\\\/\\\/shop.bantam.ch\\\/fr\\\/\",\"logo\":{\"@type\":\"ImageObject\",\"inLanguage\":\"fr-FR\",\"@id\":\"https:\\\/\\\/shop.bantam.ch\\\/fr\\\/#\\\/schema\\\/logo\\\/image\\\/\",\"url\":\"https:\\\/\\\/shop.bantam.ch\\\/wp-content\\\/uploads\\\/2022\\\/12\\\/bantam-logo.png\",\"contentUrl\":\"https:\\\/\\\/shop.bantam.ch\\\/wp-content\\\/uploads\\\/2022\\\/12\\\/bantam-logo.png\",\"width\":320,\"height\":71,\"caption\":\"Bantam Wankm\u00fcller SA\"},\"image\":{\"@id\":\"https:\\\/\\\/shop.bantam.ch\\\/fr\\\/#\\\/schema\\\/logo\\\/image\\\/\"}}]}<\/script>\n<!-- \/ Yoast SEO plugin. -->","yoast_head_json":{"title":"Set Round Net SCHILDKR\u00d6T - Bantam Wankm\u00fcller SA","robots":{"index":"index","follow":"follow","max-snippet":"max-snippet:-1","max-image-preview":"max-image-preview:large","max-video-preview":"max-video-preview:-1"},"canonical":"https:\/\/shop.bantam.ch\/fr\/produit\/set-round-net-schildkrot\/","og_locale":"fr_FR","og_type":"article","og_title":"Set Round Net SCHILDKR\u00d6T - Bantam Wankm\u00fcller SA","og_description":"Roundnet est le nouveau sport fun ultime pour jeunes et moins jeunes. Deux \u00e9quipes de deux joueurs s&rsquo;affrontent. Tous sont r\u00e9partis \u00e9quitablement autour du filet. Pour servir, le ballon est frapp\u00e9 du plat de la main sur le filet, de sorte qu&rsquo;il vole dans le camp adverse. L&rsquo;\u00e9quipe adverse peut alors se passer le ballon [&hellip;]","og_url":"https:\/\/shop.bantam.ch\/fr\/produit\/set-round-net-schildkrot\/","og_site_name":"Bantam Wankm\u00fcller SA","article_modified_time":"2026-04-23T21:12:41+00:00","og_image":[{"width":640,"height":301,"url":"https:\/\/shop.bantam.ch\/wp-content\/uploads\/2024\/05\/Movera-L-9962278100.jpg","type":"image\/jpeg"}],"twitter_card":"summary_large_image","twitter_misc":{"Dur\u00e9e de lecture estim\u00e9e":"2 minutes"},"schema":{"@context":"https:\/\/schema.org","@graph":[{"@type":"WebPage","@id":"https:\/\/shop.bantam.ch\/fr\/produit\/set-round-net-schildkrot\/","url":"https:\/\/shop.bantam.ch\/fr\/produit\/set-round-net-schildkrot\/","name":"Set Round Net SCHILDKR\u00d6T - Bantam Wankm\u00fcller SA","isPartOf":{"@id":"https:\/\/shop.bantam.ch\/fr\/#website"},"primaryImageOfPage":{"@id":"https:\/\/shop.bantam.ch\/fr\/produit\/set-round-net-schildkrot\/#primaryimage"},"image":{"@id":"https:\/\/shop.bantam.ch\/fr\/produit\/set-round-net-schildkrot\/#primaryimage"},"thumbnailUrl":"https:\/\/shop.bantam.ch\/wp-content\/uploads\/2024\/09\/Movera-L-9962278100.jpg","datePublished":"2024-05-15T14:58:00+00:00","dateModified":"2026-04-23T21:12:41+00:00","breadcrumb":{"@id":"https:\/\/shop.bantam.ch\/fr\/produit\/set-round-net-schildkrot\/#breadcrumb"},"inLanguage":"fr-FR","potentialAction":[{"@type":"ReadAction","target":["https:\/\/shop.bantam.ch\/fr\/produit\/set-round-net-schildkrot\/"]}]},{"@type":"ImageObject","inLanguage":"fr-FR","@id":"https:\/\/shop.bantam.ch\/fr\/produit\/set-round-net-schildkrot\/#primaryimage","url":"https:\/\/shop.bantam.ch\/wp-content\/uploads\/2024\/09\/Movera-L-9962278100.jpg","contentUrl":"https:\/\/shop.bantam.ch\/wp-content\/uploads\/2024\/09\/Movera-L-9962278100.jpg","width":640,"height":301},{"@type":"BreadcrumbList","@id":"https:\/\/shop.bantam.ch\/fr\/produit\/set-round-net-schildkrot\/#breadcrumb","itemListElement":[{"@type":"ListItem","position":1,"name":"Accueil","item":"https:\/\/shop.bantam.ch\/fr\/"},{"@type":"ListItem","position":2,"name":"Boutique","item":"https:\/\/shop.bantam.ch\/fr\/boutique\/"},{"@type":"ListItem","position":3,"name":"Set Round Net SCHILDKR\u00d6T"}]},{"@type":"WebSite","@id":"https:\/\/shop.bantam.ch\/fr\/#website","url":"https:\/\/shop.bantam.ch\/fr\/","name":"Bantam Wankm\u00fcller SA","description":"","publisher":{"@id":"https:\/\/shop.bantam.ch\/fr\/#organization"},"inLanguage":"fr-FR"},{"@type":"Organization","@id":"https:\/\/shop.bantam.ch\/fr\/#organization","name":"Bantam Wankm\u00fcller SA","url":"https:\/\/shop.bantam.ch\/fr\/","logo":{"@type":"ImageObject","inLanguage":"fr-FR","@id":"https:\/\/shop.bantam.ch\/fr\/#\/schema\/logo\/image\/","url":"https:\/\/shop.bantam.ch\/wp-content\/uploads\/2022\/12\/bantam-logo.png","contentUrl":"https:\/\/shop.bantam.ch\/wp-content\/uploads\/2022\/12\/bantam-logo.png","width":320,"height":71,"caption":"Bantam Wankm\u00fcller SA"},"image":{"@id":"https:\/\/shop.bantam.ch\/fr\/#\/schema\/logo\/image\/"}}]}},"_links":{"self":[{"href":"https:\/\/shop.bantam.ch\/fr\/wp-json\/wp\/v2\/product\/198848","targetHints":{"allow":["GET"]}}],"collection":[{"href":"https:\/\/shop.bantam.ch\/fr\/wp-json\/wp\/v2\/product"}],"about":[{"href":"https:\/\/shop.bantam.ch\/fr\/wp-json\/wp\/v2\/types\/product"}],"wp:featuredmedia":[{"embeddable":true,"href":"https:\/\/shop.bantam.ch\/fr\/wp-json\/wp\/v2\/media\/207296"}],"wp:attachment":[{"href":"https:\/\/shop.bantam.ch\/fr\/wp-json\/wp\/v2\/media?parent=198848"}],"wp:term":[{"taxonomy":"product_featured_cat","embeddable":true,"href":"https:\/\/shop.bantam.ch\/fr\/wp-json\/wp\/v2\/product_featured_cat?post=198848"},{"taxonomy":"product_brand","embeddable":true,"href":"https:\/\/shop.bantam.ch\/fr\/wp-json\/wp\/v2\/product_brand?post=198848"},{"taxonomy":"product_cat","embeddable":true,"href":"https:\/\/shop.bantam.ch\/fr\/wp-json\/wp\/v2\/product_cat?post=198848"},{"taxonomy":"product_tag","embeddable":true,"href":"https:\/\/shop.bantam.ch\/fr\/wp-json\/wp\/v2\/product_tag?post=198848"}],"curies":[{"name":"wp","href":"https:\/\/api.w.org\/{rel}","templated":true}]}}