{"id":198838,"date":"2024-05-15T16:57:47","date_gmt":"2024-05-15T14:57:47","guid":{"rendered":"https:\/\/shop.bantam.ch\/produit\/kit-de-ping-pong-schildkrot-outdoor-waterproof\/"},"modified":"2026-04-19T23:16:50","modified_gmt":"2026-04-19T21:16:50","slug":"kit-de-ping-pong-schildkrot-outdoor-waterproof","status":"publish","type":"product","link":"https:\/\/shop.bantam.ch\/fr\/produit\/kit-de-ping-pong-schildkrot-outdoor-waterproof\/","title":{"rendered":"Kit de ping pong SCHILDKR\u00d6T Outdoor Waterproof"},"content":{"rendered":"<p>Le set Outdoor Weatherproof de Donic-Schildkr\u00f6t contient 2 pi\u00e8ces des nouvelles raquettes d&rsquo;ext\u00e9rieur innovantes en plastique \u00e0 2 composants. Un noyau dur r\u00e9sistant \u00e0 la torsion en plastique noir plus un deuxi\u00e8me plastique mou et adh\u00e9rent (caoutchouteux) inject\u00e9 en rouge pour l&rsquo;adh\u00e9rence, la tenue s\u00fbre de la raquette, le spin, l&rsquo;acc\u00e9l\u00e9ration, etc. Ces raquettes d&rsquo;un nouveau genre peuvent rivaliser sans probl\u00e8me avec n&rsquo;importe quelle raquette de loisirs en bois ! En m\u00eame temps, elles sont r\u00e9sistantes \u00e0 l&rsquo;eau (on peut donc les oublier dans le jardin m\u00eame s&rsquo;il pleut), elles sont lavables et donc plus hygi\u00e9niques (id\u00e9ales pour les \u00e9tablissements publics comme les \u00e9coles, les clubs de jeunes, les presbyt\u00e8res, etc.) En outre, elles sont nettement plus robustes, elles peuvent tomber sans qu&rsquo;un bois ne se fende. Le set comprend \u00e9galement trois balles de ping-pong de bonne qualit\u00e9 pour les loisirs ainsi qu&rsquo;un sac de transport pratique et refermable pour un rangement propre du set. Donic jouit d&rsquo;une excellente r\u00e9putation dans le monde entier dans le segment du tennis de table de comp\u00e9tition et est l&rsquo;\u00e9quipementier de nombreux joueurs de haut niveau connus. La marque traditionnelle allemande Schildkr\u00f6t est \u00e9tablie sur le march\u00e9 depuis plus de 100 ans et est consid\u00e9r\u00e9e comme l&rsquo;inventeur de la balle de tennis de table. Donic-Schildkr\u00f6t est aujourd&rsquo;hui le leader incontest\u00e9 du march\u00e9 du tennis de table de loisir en Europe centrale. La production a lieu dans l&rsquo;usine de Schildkr\u00f6t en Chine, certifi\u00e9e BSCI et r\u00e9pondant aux normes sociales les plus strictes.<\/p>\n","protected":false},"excerpt":{"rendered":"<p>Le set Outdoor Weatherproof de Donic-Schildkr\u00f6t contient 2 pi\u00e8ces des nouvelles raquettes d&rsquo;ext\u00e9rieur innovantes en plastique \u00e0 2 composants. Un noyau dur r\u00e9sistant \u00e0 la torsion en plastique noir plus un deuxi\u00e8me plastique mou et adh\u00e9rent (caoutchouteux) inject\u00e9 en rouge pour l&rsquo;adh\u00e9rence, la tenue s\u00fbre de la raquette, le spin, l&rsquo;acc\u00e9l\u00e9ration, etc. Ces raquettes d&rsquo;un [&hellip;]<\/p>\n","protected":false},"featured_media":207292,"template":"","meta":{"_acf_changed":false},"product_featured_cat":[],"product_brand":[5267],"product_cat":[4457],"product_tag":[],"class_list":{"0":"post-198838","1":"product","2":"type-product","3":"status-publish","4":"has-post-thumbnail","6":"product_brand-schildkrot","7":"product_cat-jouets","9":"first","10":"instock","11":"taxable","12":"shipping-taxable","13":"purchasable","14":"product-type-simple"},"acf":[],"yoast_head":"<!-- This site is optimized with the Yoast SEO plugin v27.4 - https:\/\/yoast.com\/product\/yoast-seo-wordpress\/ -->\n<title>Kit de ping pong SCHILDKR\u00d6T Outdoor Waterproof - Bantam Wankm\u00fcller SA<\/title>\n<meta name=\"robots\" content=\"index, follow, max-snippet:-1, max-image-preview:large, max-video-preview:-1\" \/>\n<link rel=\"canonical\" href=\"https:\/\/shop.bantam.ch\/fr\/produit\/kit-de-ping-pong-schildkrot-outdoor-waterproof\/\" \/>\n<meta property=\"og:locale\" content=\"fr_FR\" \/>\n<meta property=\"og:type\" content=\"article\" \/>\n<meta property=\"og:title\" content=\"Kit de ping pong SCHILDKR\u00d6T Outdoor Waterproof - Bantam Wankm\u00fcller SA\" \/>\n<meta property=\"og:description\" content=\"Le set Outdoor Weatherproof de Donic-Schildkr\u00f6t contient 2 pi\u00e8ces des nouvelles raquettes d&rsquo;ext\u00e9rieur innovantes en plastique \u00e0 2 composants. Un noyau dur r\u00e9sistant \u00e0 la torsion en plastique noir plus un deuxi\u00e8me plastique mou et adh\u00e9rent (caoutchouteux) inject\u00e9 en rouge pour l&rsquo;adh\u00e9rence, la tenue s\u00fbre de la raquette, le spin, l&rsquo;acc\u00e9l\u00e9ration, etc. Ces raquettes d&rsquo;un [&hellip;]\" \/>\n<meta property=\"og:url\" content=\"https:\/\/shop.bantam.ch\/fr\/produit\/kit-de-ping-pong-schildkrot-outdoor-waterproof\/\" \/>\n<meta property=\"og:site_name\" content=\"Bantam Wankm\u00fcller SA\" \/>\n<meta property=\"article:modified_time\" content=\"2026-04-19T21:16:50+00:00\" \/>\n<meta property=\"og:image\" content=\"https:\/\/shop.bantam.ch\/wp-content\/uploads\/2024\/05\/Movera-L-9962276100.jpg\" \/>\n\t<meta property=\"og:image:width\" content=\"640\" \/>\n\t<meta property=\"og:image:height\" content=\"498\" \/>\n\t<meta property=\"og:image:type\" content=\"image\/jpeg\" \/>\n<meta name=\"twitter:card\" content=\"summary_large_image\" \/>\n<meta name=\"twitter:label1\" content=\"Dur\u00e9e de lecture estim\u00e9e\" \/>\n\t<meta name=\"twitter:data1\" content=\"1 minute\" \/>\n<script type=\"application\/ld+json\" class=\"yoast-schema-graph\">{\"@context\":\"https:\\\/\\\/schema.org\",\"@graph\":[{\"@type\":\"WebPage\",\"@id\":\"https:\\\/\\\/shop.bantam.ch\\\/fr\\\/produit\\\/kit-de-ping-pong-schildkrot-outdoor-waterproof\\\/\",\"url\":\"https:\\\/\\\/shop.bantam.ch\\\/fr\\\/produit\\\/kit-de-ping-pong-schildkrot-outdoor-waterproof\\\/\",\"name\":\"Kit de ping pong SCHILDKR\u00d6T Outdoor Waterproof - Bantam Wankm\u00fcller SA\",\"isPartOf\":{\"@id\":\"https:\\\/\\\/shop.bantam.ch\\\/fr\\\/#website\"},\"primaryImageOfPage\":{\"@id\":\"https:\\\/\\\/shop.bantam.ch\\\/fr\\\/produit\\\/kit-de-ping-pong-schildkrot-outdoor-waterproof\\\/#primaryimage\"},\"image\":{\"@id\":\"https:\\\/\\\/shop.bantam.ch\\\/fr\\\/produit\\\/kit-de-ping-pong-schildkrot-outdoor-waterproof\\\/#primaryimage\"},\"thumbnailUrl\":\"https:\\\/\\\/shop.bantam.ch\\\/wp-content\\\/uploads\\\/2024\\\/09\\\/Movera-L-9962276100.jpg\",\"datePublished\":\"2024-05-15T14:57:47+00:00\",\"dateModified\":\"2026-04-19T21:16:50+00:00\",\"breadcrumb\":{\"@id\":\"https:\\\/\\\/shop.bantam.ch\\\/fr\\\/produit\\\/kit-de-ping-pong-schildkrot-outdoor-waterproof\\\/#breadcrumb\"},\"inLanguage\":\"fr-FR\",\"potentialAction\":[{\"@type\":\"ReadAction\",\"target\":[\"https:\\\/\\\/shop.bantam.ch\\\/fr\\\/produit\\\/kit-de-ping-pong-schildkrot-outdoor-waterproof\\\/\"]}]},{\"@type\":\"ImageObject\",\"inLanguage\":\"fr-FR\",\"@id\":\"https:\\\/\\\/shop.bantam.ch\\\/fr\\\/produit\\\/kit-de-ping-pong-schildkrot-outdoor-waterproof\\\/#primaryimage\",\"url\":\"https:\\\/\\\/shop.bantam.ch\\\/wp-content\\\/uploads\\\/2024\\\/09\\\/Movera-L-9962276100.jpg\",\"contentUrl\":\"https:\\\/\\\/shop.bantam.ch\\\/wp-content\\\/uploads\\\/2024\\\/09\\\/Movera-L-9962276100.jpg\",\"width\":640,\"height\":498},{\"@type\":\"BreadcrumbList\",\"@id\":\"https:\\\/\\\/shop.bantam.ch\\\/fr\\\/produit\\\/kit-de-ping-pong-schildkrot-outdoor-waterproof\\\/#breadcrumb\",\"itemListElement\":[{\"@type\":\"ListItem\",\"position\":1,\"name\":\"Accueil\",\"item\":\"https:\\\/\\\/shop.bantam.ch\\\/fr\\\/\"},{\"@type\":\"ListItem\",\"position\":2,\"name\":\"Boutique\",\"item\":\"https:\\\/\\\/shop.bantam.ch\\\/fr\\\/boutique\\\/\"},{\"@type\":\"ListItem\",\"position\":3,\"name\":\"Kit de ping pong SCHILDKR\u00d6T Outdoor Waterproof\"}]},{\"@type\":\"WebSite\",\"@id\":\"https:\\\/\\\/shop.bantam.ch\\\/fr\\\/#website\",\"url\":\"https:\\\/\\\/shop.bantam.ch\\\/fr\\\/\",\"name\":\"Bantam Wankm\u00fcller SA\",\"description\":\"\",\"publisher\":{\"@id\":\"https:\\\/\\\/shop.bantam.ch\\\/fr\\\/#organization\"},\"inLanguage\":\"fr-FR\"},{\"@type\":\"Organization\",\"@id\":\"https:\\\/\\\/shop.bantam.ch\\\/fr\\\/#organization\",\"name\":\"Bantam Wankm\u00fcller SA\",\"url\":\"https:\\\/\\\/shop.bantam.ch\\\/fr\\\/\",\"logo\":{\"@type\":\"ImageObject\",\"inLanguage\":\"fr-FR\",\"@id\":\"https:\\\/\\\/shop.bantam.ch\\\/fr\\\/#\\\/schema\\\/logo\\\/image\\\/\",\"url\":\"https:\\\/\\\/shop.bantam.ch\\\/wp-content\\\/uploads\\\/2022\\\/12\\\/bantam-logo.png\",\"contentUrl\":\"https:\\\/\\\/shop.bantam.ch\\\/wp-content\\\/uploads\\\/2022\\\/12\\\/bantam-logo.png\",\"width\":320,\"height\":71,\"caption\":\"Bantam Wankm\u00fcller SA\"},\"image\":{\"@id\":\"https:\\\/\\\/shop.bantam.ch\\\/fr\\\/#\\\/schema\\\/logo\\\/image\\\/\"}}]}<\/script>\n<!-- \/ Yoast SEO plugin. -->","yoast_head_json":{"title":"Kit de ping pong SCHILDKR\u00d6T Outdoor Waterproof - Bantam Wankm\u00fcller SA","robots":{"index":"index","follow":"follow","max-snippet":"max-snippet:-1","max-image-preview":"max-image-preview:large","max-video-preview":"max-video-preview:-1"},"canonical":"https:\/\/shop.bantam.ch\/fr\/produit\/kit-de-ping-pong-schildkrot-outdoor-waterproof\/","og_locale":"fr_FR","og_type":"article","og_title":"Kit de ping pong SCHILDKR\u00d6T Outdoor Waterproof - Bantam Wankm\u00fcller SA","og_description":"Le set Outdoor Weatherproof de Donic-Schildkr\u00f6t contient 2 pi\u00e8ces des nouvelles raquettes d&rsquo;ext\u00e9rieur innovantes en plastique \u00e0 2 composants. Un noyau dur r\u00e9sistant \u00e0 la torsion en plastique noir plus un deuxi\u00e8me plastique mou et adh\u00e9rent (caoutchouteux) inject\u00e9 en rouge pour l&rsquo;adh\u00e9rence, la tenue s\u00fbre de la raquette, le spin, l&rsquo;acc\u00e9l\u00e9ration, etc. Ces raquettes d&rsquo;un [&hellip;]","og_url":"https:\/\/shop.bantam.ch\/fr\/produit\/kit-de-ping-pong-schildkrot-outdoor-waterproof\/","og_site_name":"Bantam Wankm\u00fcller SA","article_modified_time":"2026-04-19T21:16:50+00:00","og_image":[{"width":640,"height":498,"url":"https:\/\/shop.bantam.ch\/wp-content\/uploads\/2024\/05\/Movera-L-9962276100.jpg","type":"image\/jpeg"}],"twitter_card":"summary_large_image","twitter_misc":{"Dur\u00e9e de lecture estim\u00e9e":"1 minute"},"schema":{"@context":"https:\/\/schema.org","@graph":[{"@type":"WebPage","@id":"https:\/\/shop.bantam.ch\/fr\/produit\/kit-de-ping-pong-schildkrot-outdoor-waterproof\/","url":"https:\/\/shop.bantam.ch\/fr\/produit\/kit-de-ping-pong-schildkrot-outdoor-waterproof\/","name":"Kit de ping pong SCHILDKR\u00d6T Outdoor Waterproof - Bantam Wankm\u00fcller SA","isPartOf":{"@id":"https:\/\/shop.bantam.ch\/fr\/#website"},"primaryImageOfPage":{"@id":"https:\/\/shop.bantam.ch\/fr\/produit\/kit-de-ping-pong-schildkrot-outdoor-waterproof\/#primaryimage"},"image":{"@id":"https:\/\/shop.bantam.ch\/fr\/produit\/kit-de-ping-pong-schildkrot-outdoor-waterproof\/#primaryimage"},"thumbnailUrl":"https:\/\/shop.bantam.ch\/wp-content\/uploads\/2024\/09\/Movera-L-9962276100.jpg","datePublished":"2024-05-15T14:57:47+00:00","dateModified":"2026-04-19T21:16:50+00:00","breadcrumb":{"@id":"https:\/\/shop.bantam.ch\/fr\/produit\/kit-de-ping-pong-schildkrot-outdoor-waterproof\/#breadcrumb"},"inLanguage":"fr-FR","potentialAction":[{"@type":"ReadAction","target":["https:\/\/shop.bantam.ch\/fr\/produit\/kit-de-ping-pong-schildkrot-outdoor-waterproof\/"]}]},{"@type":"ImageObject","inLanguage":"fr-FR","@id":"https:\/\/shop.bantam.ch\/fr\/produit\/kit-de-ping-pong-schildkrot-outdoor-waterproof\/#primaryimage","url":"https:\/\/shop.bantam.ch\/wp-content\/uploads\/2024\/09\/Movera-L-9962276100.jpg","contentUrl":"https:\/\/shop.bantam.ch\/wp-content\/uploads\/2024\/09\/Movera-L-9962276100.jpg","width":640,"height":498},{"@type":"BreadcrumbList","@id":"https:\/\/shop.bantam.ch\/fr\/produit\/kit-de-ping-pong-schildkrot-outdoor-waterproof\/#breadcrumb","itemListElement":[{"@type":"ListItem","position":1,"name":"Accueil","item":"https:\/\/shop.bantam.ch\/fr\/"},{"@type":"ListItem","position":2,"name":"Boutique","item":"https:\/\/shop.bantam.ch\/fr\/boutique\/"},{"@type":"ListItem","position":3,"name":"Kit de ping pong SCHILDKR\u00d6T Outdoor Waterproof"}]},{"@type":"WebSite","@id":"https:\/\/shop.bantam.ch\/fr\/#website","url":"https:\/\/shop.bantam.ch\/fr\/","name":"Bantam Wankm\u00fcller SA","description":"","publisher":{"@id":"https:\/\/shop.bantam.ch\/fr\/#organization"},"inLanguage":"fr-FR"},{"@type":"Organization","@id":"https:\/\/shop.bantam.ch\/fr\/#organization","name":"Bantam Wankm\u00fcller SA","url":"https:\/\/shop.bantam.ch\/fr\/","logo":{"@type":"ImageObject","inLanguage":"fr-FR","@id":"https:\/\/shop.bantam.ch\/fr\/#\/schema\/logo\/image\/","url":"https:\/\/shop.bantam.ch\/wp-content\/uploads\/2022\/12\/bantam-logo.png","contentUrl":"https:\/\/shop.bantam.ch\/wp-content\/uploads\/2022\/12\/bantam-logo.png","width":320,"height":71,"caption":"Bantam Wankm\u00fcller SA"},"image":{"@id":"https:\/\/shop.bantam.ch\/fr\/#\/schema\/logo\/image\/"}}]}},"_links":{"self":[{"href":"https:\/\/shop.bantam.ch\/fr\/wp-json\/wp\/v2\/product\/198838","targetHints":{"allow":["GET"]}}],"collection":[{"href":"https:\/\/shop.bantam.ch\/fr\/wp-json\/wp\/v2\/product"}],"about":[{"href":"https:\/\/shop.bantam.ch\/fr\/wp-json\/wp\/v2\/types\/product"}],"wp:featuredmedia":[{"embeddable":true,"href":"https:\/\/shop.bantam.ch\/fr\/wp-json\/wp\/v2\/media\/207292"}],"wp:attachment":[{"href":"https:\/\/shop.bantam.ch\/fr\/wp-json\/wp\/v2\/media?parent=198838"}],"wp:term":[{"taxonomy":"product_featured_cat","embeddable":true,"href":"https:\/\/shop.bantam.ch\/fr\/wp-json\/wp\/v2\/product_featured_cat?post=198838"},{"taxonomy":"product_brand","embeddable":true,"href":"https:\/\/shop.bantam.ch\/fr\/wp-json\/wp\/v2\/product_brand?post=198838"},{"taxonomy":"product_cat","embeddable":true,"href":"https:\/\/shop.bantam.ch\/fr\/wp-json\/wp\/v2\/product_cat?post=198838"},{"taxonomy":"product_tag","embeddable":true,"href":"https:\/\/shop.bantam.ch\/fr\/wp-json\/wp\/v2\/product_tag?post=198838"}],"curies":[{"name":"wp","href":"https:\/\/api.w.org\/{rel}","templated":true}]}}