{"id":198788,"date":"2024-05-15T16:56:44","date_gmt":"2024-05-15T14:56:44","guid":{"rendered":"https:\/\/shop.bantam.ch\/produit\/unite-exterieure-quipon-air-light-2650\/"},"modified":"2026-04-18T01:20:35","modified_gmt":"2026-04-17T23:20:35","slug":"unite-exterieure-quipon-air-light-2650","status":"publish","type":"product","link":"https:\/\/shop.bantam.ch\/fr\/produit\/unite-exterieure-quipon-air-light-2650\/","title":{"rendered":"Unit\u00e9 ext\u00e9rieure Quipon AIR Light 2650"},"content":{"rendered":"<p>Avec le climatiseur Quipon AIR 2650, vous \u00eates compl\u00e8tement ind\u00e9pendant en vacances en camping-car &#8211; m\u00eame du temps. Avec une puissance frigorifique de 2600 W et une puissance calorifique de 2400 W, le climatiseur Quipon AIR 2650 est tr\u00e8s puissant et maintient ainsi la chaleur ou le froid \u00e0 l&rsquo;ext\u00e9rieur de votre maison mobile, selon les besoins. Malgr\u00e9 une hauteur de seulement 4,9 cm du diffuseur d&rsquo;air int\u00e9rieur, le Quipon AIR poss\u00e8de des sorties d&rsquo;air de grand volume, ce qui lui conf\u00e8re un rendement et une puissance \u00e9lev\u00e9s. De plus, le Quipon AIR 2600 contient un filtre \u00e0 air int\u00e9gr\u00e9 et r\u00e9gule l&rsquo;humidit\u00e9 de l&rsquo;air. Le Quipon AIR marque des points gr\u00e2ce \u00e0 son fonctionnement silencieux et \u00e0 sa facilit\u00e9 d&rsquo;utilisation. L&rsquo;utilisation se fait tr\u00e8s simplement via la barre de commande tactile fonctionnelle ou, plus confortablement encore, avec la t\u00e9l\u00e9commande fournie. Le Quipon AIR est adapt\u00e9 \u00e0 des \u00e9paisseurs de toit de 30 \u00e0 80 mm et \u00e0 des v\u00e9hicules de loisirs d&rsquo;une longueur maximale de 8 m.<\/p>\n<p>.<\/p>\n<p>Equipement et fonctions:<\/p>\n<ul>\n<li>Utilisation simple au moyen d&rsquo;une t\u00e9l\u00e9commande<\/li>\n<p>.<\/p>\n<li>puissant par tous les temps<\/li>\n<li>rafra\u00eechit et chauffe<\/li>\n<p>.<\/p>\n<li>r\u00e9gule l&rsquo;humidit\u00e9 de l&rsquo;air<\/li>\n<li>Tr\u00e8s silencieux en fonctionnement<\/li>\n<li>Montage facile pour les v\u00e9hicules de loisirs jusqu&rsquo;\u00e0 8 m maximum<\/li>\n<p>.\n<\/ul>\n","protected":false},"excerpt":{"rendered":"<p>Avec le climatiseur Quipon AIR 2650, vous \u00eates compl\u00e8tement ind\u00e9pendant en vacances en camping-car &#8211; m\u00eame du temps. Avec une puissance frigorifique de 2600 W et une puissance calorifique de 2400 W, le climatiseur Quipon AIR 2650 est tr\u00e8s puissant et maintient ainsi la chaleur ou le froid \u00e0 l&rsquo;ext\u00e9rieur de votre maison mobile, selon [&hellip;]<\/p>\n","protected":false},"featured_media":198780,"template":"","meta":{"_acf_changed":false},"product_featured_cat":[],"product_brand":[3350],"product_cat":[4089],"product_tag":[],"class_list":{"0":"post-198788","1":"product","2":"type-product","3":"status-publish","4":"has-post-thumbnail","6":"product_brand-quipon","7":"product_cat-climatisations","9":"first","10":"instock","11":"taxable","12":"shipping-taxable","13":"purchasable","14":"product-type-variable"},"acf":[],"yoast_head":"<!-- This site is optimized with the Yoast SEO plugin v27.4 - https:\/\/yoast.com\/product\/yoast-seo-wordpress\/ -->\n<title>Unit\u00e9 ext\u00e9rieure Quipon AIR Light 2650 - Bantam Wankm\u00fcller SA<\/title>\n<meta name=\"robots\" content=\"index, follow, max-snippet:-1, max-image-preview:large, max-video-preview:-1\" \/>\n<link rel=\"canonical\" href=\"https:\/\/shop.bantam.ch\/fr\/produit\/unite-exterieure-quipon-air-light-2650\/\" \/>\n<meta property=\"og:locale\" content=\"fr_FR\" \/>\n<meta property=\"og:type\" content=\"article\" \/>\n<meta property=\"og:title\" content=\"Unit\u00e9 ext\u00e9rieure Quipon AIR Light 2650 - Bantam Wankm\u00fcller SA\" \/>\n<meta property=\"og:description\" content=\"Avec le climatiseur Quipon AIR 2650, vous \u00eates compl\u00e8tement ind\u00e9pendant en vacances en camping-car &#8211; m\u00eame du temps. Avec une puissance frigorifique de 2600 W et une puissance calorifique de 2400 W, le climatiseur Quipon AIR 2650 est tr\u00e8s puissant et maintient ainsi la chaleur ou le froid \u00e0 l&rsquo;ext\u00e9rieur de votre maison mobile, selon [&hellip;]\" \/>\n<meta property=\"og:url\" content=\"https:\/\/shop.bantam.ch\/fr\/produit\/unite-exterieure-quipon-air-light-2650\/\" \/>\n<meta property=\"og:site_name\" content=\"Bantam Wankm\u00fcller SA\" \/>\n<meta property=\"article:modified_time\" content=\"2026-04-17T23:20:35+00:00\" \/>\n<meta property=\"og:image\" content=\"https:\/\/shop.bantam.ch\/wp-content\/uploads\/2024\/05\/Movera-L-9963426100.jpg\" \/>\n\t<meta property=\"og:image:width\" content=\"640\" \/>\n\t<meta property=\"og:image:height\" content=\"449\" \/>\n\t<meta property=\"og:image:type\" content=\"image\/jpeg\" \/>\n<meta name=\"twitter:card\" content=\"summary_large_image\" \/>\n<meta name=\"twitter:label1\" content=\"Dur\u00e9e de lecture estim\u00e9e\" \/>\n\t<meta name=\"twitter:data1\" content=\"1 minute\" \/>\n<script type=\"application\/ld+json\" class=\"yoast-schema-graph\">{\"@context\":\"https:\\\/\\\/schema.org\",\"@graph\":[{\"@type\":\"WebPage\",\"@id\":\"https:\\\/\\\/shop.bantam.ch\\\/fr\\\/produit\\\/unite-exterieure-quipon-air-light-2650\\\/\",\"url\":\"https:\\\/\\\/shop.bantam.ch\\\/fr\\\/produit\\\/unite-exterieure-quipon-air-light-2650\\\/\",\"name\":\"Unit\u00e9 ext\u00e9rieure Quipon AIR Light 2650 - Bantam Wankm\u00fcller SA\",\"isPartOf\":{\"@id\":\"https:\\\/\\\/shop.bantam.ch\\\/fr\\\/#website\"},\"primaryImageOfPage\":{\"@id\":\"https:\\\/\\\/shop.bantam.ch\\\/fr\\\/produit\\\/unite-exterieure-quipon-air-light-2650\\\/#primaryimage\"},\"image\":{\"@id\":\"https:\\\/\\\/shop.bantam.ch\\\/fr\\\/produit\\\/unite-exterieure-quipon-air-light-2650\\\/#primaryimage\"},\"thumbnailUrl\":\"https:\\\/\\\/shop.bantam.ch\\\/wp-content\\\/uploads\\\/2024\\\/05\\\/Movera-L-9963426100.jpg\",\"datePublished\":\"2024-05-15T14:56:44+00:00\",\"dateModified\":\"2026-04-17T23:20:35+00:00\",\"breadcrumb\":{\"@id\":\"https:\\\/\\\/shop.bantam.ch\\\/fr\\\/produit\\\/unite-exterieure-quipon-air-light-2650\\\/#breadcrumb\"},\"inLanguage\":\"fr-FR\",\"potentialAction\":[{\"@type\":\"ReadAction\",\"target\":[\"https:\\\/\\\/shop.bantam.ch\\\/fr\\\/produit\\\/unite-exterieure-quipon-air-light-2650\\\/\"]}]},{\"@type\":\"ImageObject\",\"inLanguage\":\"fr-FR\",\"@id\":\"https:\\\/\\\/shop.bantam.ch\\\/fr\\\/produit\\\/unite-exterieure-quipon-air-light-2650\\\/#primaryimage\",\"url\":\"https:\\\/\\\/shop.bantam.ch\\\/wp-content\\\/uploads\\\/2024\\\/05\\\/Movera-L-9963426100.jpg\",\"contentUrl\":\"https:\\\/\\\/shop.bantam.ch\\\/wp-content\\\/uploads\\\/2024\\\/05\\\/Movera-L-9963426100.jpg\",\"width\":640,\"height\":449},{\"@type\":\"BreadcrumbList\",\"@id\":\"https:\\\/\\\/shop.bantam.ch\\\/fr\\\/produit\\\/unite-exterieure-quipon-air-light-2650\\\/#breadcrumb\",\"itemListElement\":[{\"@type\":\"ListItem\",\"position\":1,\"name\":\"Accueil\",\"item\":\"https:\\\/\\\/shop.bantam.ch\\\/fr\\\/\"},{\"@type\":\"ListItem\",\"position\":2,\"name\":\"Boutique\",\"item\":\"https:\\\/\\\/shop.bantam.ch\\\/fr\\\/boutique\\\/\"},{\"@type\":\"ListItem\",\"position\":3,\"name\":\"Unit\u00e9 ext\u00e9rieure Quipon AIR Light 2650\"}]},{\"@type\":\"WebSite\",\"@id\":\"https:\\\/\\\/shop.bantam.ch\\\/fr\\\/#website\",\"url\":\"https:\\\/\\\/shop.bantam.ch\\\/fr\\\/\",\"name\":\"Bantam Wankm\u00fcller SA\",\"description\":\"\",\"publisher\":{\"@id\":\"https:\\\/\\\/shop.bantam.ch\\\/fr\\\/#organization\"},\"inLanguage\":\"fr-FR\"},{\"@type\":\"Organization\",\"@id\":\"https:\\\/\\\/shop.bantam.ch\\\/fr\\\/#organization\",\"name\":\"Bantam Wankm\u00fcller SA\",\"url\":\"https:\\\/\\\/shop.bantam.ch\\\/fr\\\/\",\"logo\":{\"@type\":\"ImageObject\",\"inLanguage\":\"fr-FR\",\"@id\":\"https:\\\/\\\/shop.bantam.ch\\\/fr\\\/#\\\/schema\\\/logo\\\/image\\\/\",\"url\":\"https:\\\/\\\/shop.bantam.ch\\\/wp-content\\\/uploads\\\/2022\\\/12\\\/bantam-logo.png\",\"contentUrl\":\"https:\\\/\\\/shop.bantam.ch\\\/wp-content\\\/uploads\\\/2022\\\/12\\\/bantam-logo.png\",\"width\":320,\"height\":71,\"caption\":\"Bantam Wankm\u00fcller SA\"},\"image\":{\"@id\":\"https:\\\/\\\/shop.bantam.ch\\\/fr\\\/#\\\/schema\\\/logo\\\/image\\\/\"}}]}<\/script>\n<!-- \/ Yoast SEO plugin. -->","yoast_head_json":{"title":"Unit\u00e9 ext\u00e9rieure Quipon AIR Light 2650 - Bantam Wankm\u00fcller SA","robots":{"index":"index","follow":"follow","max-snippet":"max-snippet:-1","max-image-preview":"max-image-preview:large","max-video-preview":"max-video-preview:-1"},"canonical":"https:\/\/shop.bantam.ch\/fr\/produit\/unite-exterieure-quipon-air-light-2650\/","og_locale":"fr_FR","og_type":"article","og_title":"Unit\u00e9 ext\u00e9rieure Quipon AIR Light 2650 - Bantam Wankm\u00fcller SA","og_description":"Avec le climatiseur Quipon AIR 2650, vous \u00eates compl\u00e8tement ind\u00e9pendant en vacances en camping-car &#8211; m\u00eame du temps. Avec une puissance frigorifique de 2600 W et une puissance calorifique de 2400 W, le climatiseur Quipon AIR 2650 est tr\u00e8s puissant et maintient ainsi la chaleur ou le froid \u00e0 l&rsquo;ext\u00e9rieur de votre maison mobile, selon [&hellip;]","og_url":"https:\/\/shop.bantam.ch\/fr\/produit\/unite-exterieure-quipon-air-light-2650\/","og_site_name":"Bantam Wankm\u00fcller SA","article_modified_time":"2026-04-17T23:20:35+00:00","og_image":[{"width":640,"height":449,"url":"https:\/\/shop.bantam.ch\/wp-content\/uploads\/2024\/05\/Movera-L-9963426100.jpg","type":"image\/jpeg"}],"twitter_card":"summary_large_image","twitter_misc":{"Dur\u00e9e de lecture estim\u00e9e":"1 minute"},"schema":{"@context":"https:\/\/schema.org","@graph":[{"@type":"WebPage","@id":"https:\/\/shop.bantam.ch\/fr\/produit\/unite-exterieure-quipon-air-light-2650\/","url":"https:\/\/shop.bantam.ch\/fr\/produit\/unite-exterieure-quipon-air-light-2650\/","name":"Unit\u00e9 ext\u00e9rieure Quipon AIR Light 2650 - Bantam Wankm\u00fcller SA","isPartOf":{"@id":"https:\/\/shop.bantam.ch\/fr\/#website"},"primaryImageOfPage":{"@id":"https:\/\/shop.bantam.ch\/fr\/produit\/unite-exterieure-quipon-air-light-2650\/#primaryimage"},"image":{"@id":"https:\/\/shop.bantam.ch\/fr\/produit\/unite-exterieure-quipon-air-light-2650\/#primaryimage"},"thumbnailUrl":"https:\/\/shop.bantam.ch\/wp-content\/uploads\/2024\/05\/Movera-L-9963426100.jpg","datePublished":"2024-05-15T14:56:44+00:00","dateModified":"2026-04-17T23:20:35+00:00","breadcrumb":{"@id":"https:\/\/shop.bantam.ch\/fr\/produit\/unite-exterieure-quipon-air-light-2650\/#breadcrumb"},"inLanguage":"fr-FR","potentialAction":[{"@type":"ReadAction","target":["https:\/\/shop.bantam.ch\/fr\/produit\/unite-exterieure-quipon-air-light-2650\/"]}]},{"@type":"ImageObject","inLanguage":"fr-FR","@id":"https:\/\/shop.bantam.ch\/fr\/produit\/unite-exterieure-quipon-air-light-2650\/#primaryimage","url":"https:\/\/shop.bantam.ch\/wp-content\/uploads\/2024\/05\/Movera-L-9963426100.jpg","contentUrl":"https:\/\/shop.bantam.ch\/wp-content\/uploads\/2024\/05\/Movera-L-9963426100.jpg","width":640,"height":449},{"@type":"BreadcrumbList","@id":"https:\/\/shop.bantam.ch\/fr\/produit\/unite-exterieure-quipon-air-light-2650\/#breadcrumb","itemListElement":[{"@type":"ListItem","position":1,"name":"Accueil","item":"https:\/\/shop.bantam.ch\/fr\/"},{"@type":"ListItem","position":2,"name":"Boutique","item":"https:\/\/shop.bantam.ch\/fr\/boutique\/"},{"@type":"ListItem","position":3,"name":"Unit\u00e9 ext\u00e9rieure Quipon AIR Light 2650"}]},{"@type":"WebSite","@id":"https:\/\/shop.bantam.ch\/fr\/#website","url":"https:\/\/shop.bantam.ch\/fr\/","name":"Bantam Wankm\u00fcller SA","description":"","publisher":{"@id":"https:\/\/shop.bantam.ch\/fr\/#organization"},"inLanguage":"fr-FR"},{"@type":"Organization","@id":"https:\/\/shop.bantam.ch\/fr\/#organization","name":"Bantam Wankm\u00fcller SA","url":"https:\/\/shop.bantam.ch\/fr\/","logo":{"@type":"ImageObject","inLanguage":"fr-FR","@id":"https:\/\/shop.bantam.ch\/fr\/#\/schema\/logo\/image\/","url":"https:\/\/shop.bantam.ch\/wp-content\/uploads\/2022\/12\/bantam-logo.png","contentUrl":"https:\/\/shop.bantam.ch\/wp-content\/uploads\/2022\/12\/bantam-logo.png","width":320,"height":71,"caption":"Bantam Wankm\u00fcller SA"},"image":{"@id":"https:\/\/shop.bantam.ch\/fr\/#\/schema\/logo\/image\/"}}]}},"_links":{"self":[{"href":"https:\/\/shop.bantam.ch\/fr\/wp-json\/wp\/v2\/product\/198788","targetHints":{"allow":["GET"]}}],"collection":[{"href":"https:\/\/shop.bantam.ch\/fr\/wp-json\/wp\/v2\/product"}],"about":[{"href":"https:\/\/shop.bantam.ch\/fr\/wp-json\/wp\/v2\/types\/product"}],"wp:featuredmedia":[{"embeddable":true,"href":"https:\/\/shop.bantam.ch\/fr\/wp-json\/wp\/v2\/media\/198780"}],"wp:attachment":[{"href":"https:\/\/shop.bantam.ch\/fr\/wp-json\/wp\/v2\/media?parent=198788"}],"wp:term":[{"taxonomy":"product_featured_cat","embeddable":true,"href":"https:\/\/shop.bantam.ch\/fr\/wp-json\/wp\/v2\/product_featured_cat?post=198788"},{"taxonomy":"product_brand","embeddable":true,"href":"https:\/\/shop.bantam.ch\/fr\/wp-json\/wp\/v2\/product_brand?post=198788"},{"taxonomy":"product_cat","embeddable":true,"href":"https:\/\/shop.bantam.ch\/fr\/wp-json\/wp\/v2\/product_cat?post=198788"},{"taxonomy":"product_tag","embeddable":true,"href":"https:\/\/shop.bantam.ch\/fr\/wp-json\/wp\/v2\/product_tag?post=198788"}],"curies":[{"name":"wp","href":"https:\/\/api.w.org\/{rel}","templated":true}]}}