{"id":198640,"date":"2024-05-15T16:52:28","date_gmt":"2024-05-15T14:52:28","guid":{"rendered":"https:\/\/shop.bantam.ch\/produit\/systeme-satellite-automatique-alden-as2-60-a-i-o-smart\/"},"modified":"2026-04-19T01:21:36","modified_gmt":"2026-04-18T23:21:36","slug":"systeme-satellite-automatique-alden-as2-60-a-i-o-smart","status":"publish","type":"product","link":"https:\/\/shop.bantam.ch\/fr\/produit\/systeme-satellite-automatique-alden-as2-60-a-i-o-smart\/","title":{"rendered":"Syst\u00e8me satellite automatique Alden AS2@ 60 \/ A.I.O. SMART"},"content":{"rendered":"<p>Avec la s\u00e9rie AS2@ HD, ALDEN pr\u00e9sente des installations satellite enti\u00e8rement automatiques avec une garantie \u00e0 vie sur les unit\u00e9s motrices. La s\u00e9rie AS2@ HD offre une qualit\u00e9 et une fonctionnalit\u00e9 maximales, une utilisation simple et une faible consommation d&rsquo;\u00e9nergie. Les installations convainquent par une orientation tr\u00e8s rapide et une port\u00e9e de r\u00e9ception maximale avec des miroirs de 80. Le design moderne est soulign\u00e9 par l&rsquo;utilisation de miroirs offset tamis\u00e9s.<\/p>\n<ul>\n<li>Garantie \u00e0 vie sur l&rsquo;unit\u00e9 de moteur<\/li>\n<li>Miroir offset tamis\u00e9<\/li>\n<li>Alignement tr\u00e8s rapide<\/li>\n<li>De s\u00e9rie avec LTEasy<\/li>\n<\/ul>\n<p>LTEasy Antenne LTE int\u00e9gr\u00e9e dans la travers\u00e9e de toit<br \/>\nPour tous ceux qui, en plus d&rsquo;une r\u00e9ception satellite parfaite, attachent de l&rsquo;importance \u00e0 une connexion de t\u00e9l\u00e9phonie mobile dans leur camping-car ou leur caravane, ALDEN a d\u00e9velopp\u00e9 le syst\u00e8me LTE-Ready. LTEasy est id\u00e9al pour utiliser toutes les fonctionnalit\u00e9s des t\u00e9l\u00e9viseurs intelligents ALDEN.<\/p>\n<p>A.I.O.\u00ae HD EVO Smart tout-en-un<br \/>\nL&rsquo;appareil combine un t\u00e9l\u00e9viseur intelligent avec un r\u00e9cepteur et un module de commande (interchangeable) dans un seul bo\u00eetier. Seule une t\u00e9l\u00e9commande pour un menu de commande est n\u00e9cessaire. Appareil peu encombrant avec triple tuner int\u00e9gr\u00e9, ainsi que fonction Android Smart, Bluetooth et lecteur USB. Angle de vision \u00e9norme 178 \/ 178 (V \/ H).<\/p>\n","protected":false},"excerpt":{"rendered":"<p>Avec la s\u00e9rie AS2@ HD, ALDEN pr\u00e9sente des installations satellite enti\u00e8rement automatiques avec une garantie \u00e0 vie sur les unit\u00e9s motrices. La s\u00e9rie AS2@ HD offre une qualit\u00e9 et une fonctionnalit\u00e9 maximales, une utilisation simple et une faible consommation d&rsquo;\u00e9nergie. Les installations convainquent par une orientation tr\u00e8s rapide et une port\u00e9e de r\u00e9ception maximale avec [&hellip;]<\/p>\n","protected":false},"featured_media":198634,"template":"","meta":{"_acf_changed":false},"product_featured_cat":[],"product_brand":[3076],"product_cat":[4529],"product_tag":[],"class_list":{"0":"post-198640","1":"product","2":"type-product","3":"status-publish","4":"has-post-thumbnail","6":"product_brand-alden","7":"product_cat-systemes-complets-de-satellites-et-televiseurs","9":"first","10":"instock","11":"taxable","12":"shipping-taxable","13":"purchasable","14":"product-type-variable"},"acf":[],"yoast_head":"<!-- This site is optimized with the Yoast SEO plugin v27.4 - https:\/\/yoast.com\/product\/yoast-seo-wordpress\/ -->\n<title>Syst\u00e8me satellite automatique Alden AS2@ 60 \/ A.I.O. SMART - Bantam Wankm\u00fcller SA<\/title>\n<meta name=\"robots\" content=\"index, follow, max-snippet:-1, max-image-preview:large, max-video-preview:-1\" \/>\n<link rel=\"canonical\" href=\"https:\/\/shop.bantam.ch\/fr\/produit\/systeme-satellite-automatique-alden-as2-60-a-i-o-smart\/\" \/>\n<meta property=\"og:locale\" content=\"fr_FR\" \/>\n<meta property=\"og:type\" content=\"article\" \/>\n<meta property=\"og:title\" content=\"Syst\u00e8me satellite automatique Alden AS2@ 60 \/ A.I.O. SMART - Bantam Wankm\u00fcller SA\" \/>\n<meta property=\"og:description\" content=\"Avec la s\u00e9rie AS2@ HD, ALDEN pr\u00e9sente des installations satellite enti\u00e8rement automatiques avec une garantie \u00e0 vie sur les unit\u00e9s motrices. La s\u00e9rie AS2@ HD offre une qualit\u00e9 et une fonctionnalit\u00e9 maximales, une utilisation simple et une faible consommation d&rsquo;\u00e9nergie. Les installations convainquent par une orientation tr\u00e8s rapide et une port\u00e9e de r\u00e9ception maximale avec [&hellip;]\" \/>\n<meta property=\"og:url\" content=\"https:\/\/shop.bantam.ch\/fr\/produit\/systeme-satellite-automatique-alden-as2-60-a-i-o-smart\/\" \/>\n<meta property=\"og:site_name\" content=\"Bantam Wankm\u00fcller SA\" \/>\n<meta property=\"article:modified_time\" content=\"2026-04-18T23:21:36+00:00\" \/>\n<meta property=\"og:image\" content=\"https:\/\/shop.bantam.ch\/wp-content\/uploads\/2024\/05\/Movera-L-9963714100.jpg\" \/>\n\t<meta property=\"og:image:width\" content=\"640\" \/>\n\t<meta property=\"og:image:height\" content=\"743\" \/>\n\t<meta property=\"og:image:type\" content=\"image\/jpeg\" \/>\n<meta name=\"twitter:card\" content=\"summary_large_image\" \/>\n<meta name=\"twitter:label1\" content=\"Dur\u00e9e de lecture estim\u00e9e\" \/>\n\t<meta name=\"twitter:data1\" content=\"1 minute\" \/>\n<script type=\"application\/ld+json\" class=\"yoast-schema-graph\">{\"@context\":\"https:\\\/\\\/schema.org\",\"@graph\":[{\"@type\":\"WebPage\",\"@id\":\"https:\\\/\\\/shop.bantam.ch\\\/fr\\\/produit\\\/systeme-satellite-automatique-alden-as2-60-a-i-o-smart\\\/\",\"url\":\"https:\\\/\\\/shop.bantam.ch\\\/fr\\\/produit\\\/systeme-satellite-automatique-alden-as2-60-a-i-o-smart\\\/\",\"name\":\"Syst\u00e8me satellite automatique Alden AS2@ 60 \\\/ A.I.O. SMART - Bantam Wankm\u00fcller SA\",\"isPartOf\":{\"@id\":\"https:\\\/\\\/shop.bantam.ch\\\/fr\\\/#website\"},\"primaryImageOfPage\":{\"@id\":\"https:\\\/\\\/shop.bantam.ch\\\/fr\\\/produit\\\/systeme-satellite-automatique-alden-as2-60-a-i-o-smart\\\/#primaryimage\"},\"image\":{\"@id\":\"https:\\\/\\\/shop.bantam.ch\\\/fr\\\/produit\\\/systeme-satellite-automatique-alden-as2-60-a-i-o-smart\\\/#primaryimage\"},\"thumbnailUrl\":\"https:\\\/\\\/shop.bantam.ch\\\/wp-content\\\/uploads\\\/2024\\\/05\\\/Movera-L-9963714100.jpg\",\"datePublished\":\"2024-05-15T14:52:28+00:00\",\"dateModified\":\"2026-04-18T23:21:36+00:00\",\"breadcrumb\":{\"@id\":\"https:\\\/\\\/shop.bantam.ch\\\/fr\\\/produit\\\/systeme-satellite-automatique-alden-as2-60-a-i-o-smart\\\/#breadcrumb\"},\"inLanguage\":\"fr-FR\",\"potentialAction\":[{\"@type\":\"ReadAction\",\"target\":[\"https:\\\/\\\/shop.bantam.ch\\\/fr\\\/produit\\\/systeme-satellite-automatique-alden-as2-60-a-i-o-smart\\\/\"]}]},{\"@type\":\"ImageObject\",\"inLanguage\":\"fr-FR\",\"@id\":\"https:\\\/\\\/shop.bantam.ch\\\/fr\\\/produit\\\/systeme-satellite-automatique-alden-as2-60-a-i-o-smart\\\/#primaryimage\",\"url\":\"https:\\\/\\\/shop.bantam.ch\\\/wp-content\\\/uploads\\\/2024\\\/05\\\/Movera-L-9963714100.jpg\",\"contentUrl\":\"https:\\\/\\\/shop.bantam.ch\\\/wp-content\\\/uploads\\\/2024\\\/05\\\/Movera-L-9963714100.jpg\",\"width\":640,\"height\":743},{\"@type\":\"BreadcrumbList\",\"@id\":\"https:\\\/\\\/shop.bantam.ch\\\/fr\\\/produit\\\/systeme-satellite-automatique-alden-as2-60-a-i-o-smart\\\/#breadcrumb\",\"itemListElement\":[{\"@type\":\"ListItem\",\"position\":1,\"name\":\"Accueil\",\"item\":\"https:\\\/\\\/shop.bantam.ch\\\/fr\\\/\"},{\"@type\":\"ListItem\",\"position\":2,\"name\":\"Boutique\",\"item\":\"https:\\\/\\\/shop.bantam.ch\\\/fr\\\/boutique\\\/\"},{\"@type\":\"ListItem\",\"position\":3,\"name\":\"Syst\u00e8me satellite automatique Alden AS2@ 60 \\\/ A.I.O. SMART\"}]},{\"@type\":\"WebSite\",\"@id\":\"https:\\\/\\\/shop.bantam.ch\\\/fr\\\/#website\",\"url\":\"https:\\\/\\\/shop.bantam.ch\\\/fr\\\/\",\"name\":\"Bantam Wankm\u00fcller SA\",\"description\":\"\",\"publisher\":{\"@id\":\"https:\\\/\\\/shop.bantam.ch\\\/fr\\\/#organization\"},\"inLanguage\":\"fr-FR\"},{\"@type\":\"Organization\",\"@id\":\"https:\\\/\\\/shop.bantam.ch\\\/fr\\\/#organization\",\"name\":\"Bantam Wankm\u00fcller SA\",\"url\":\"https:\\\/\\\/shop.bantam.ch\\\/fr\\\/\",\"logo\":{\"@type\":\"ImageObject\",\"inLanguage\":\"fr-FR\",\"@id\":\"https:\\\/\\\/shop.bantam.ch\\\/fr\\\/#\\\/schema\\\/logo\\\/image\\\/\",\"url\":\"https:\\\/\\\/shop.bantam.ch\\\/wp-content\\\/uploads\\\/2022\\\/12\\\/bantam-logo.png\",\"contentUrl\":\"https:\\\/\\\/shop.bantam.ch\\\/wp-content\\\/uploads\\\/2022\\\/12\\\/bantam-logo.png\",\"width\":320,\"height\":71,\"caption\":\"Bantam Wankm\u00fcller SA\"},\"image\":{\"@id\":\"https:\\\/\\\/shop.bantam.ch\\\/fr\\\/#\\\/schema\\\/logo\\\/image\\\/\"}}]}<\/script>\n<!-- \/ Yoast SEO plugin. -->","yoast_head_json":{"title":"Syst\u00e8me satellite automatique Alden AS2@ 60 \/ A.I.O. SMART - Bantam Wankm\u00fcller SA","robots":{"index":"index","follow":"follow","max-snippet":"max-snippet:-1","max-image-preview":"max-image-preview:large","max-video-preview":"max-video-preview:-1"},"canonical":"https:\/\/shop.bantam.ch\/fr\/produit\/systeme-satellite-automatique-alden-as2-60-a-i-o-smart\/","og_locale":"fr_FR","og_type":"article","og_title":"Syst\u00e8me satellite automatique Alden AS2@ 60 \/ A.I.O. SMART - Bantam Wankm\u00fcller SA","og_description":"Avec la s\u00e9rie AS2@ HD, ALDEN pr\u00e9sente des installations satellite enti\u00e8rement automatiques avec une garantie \u00e0 vie sur les unit\u00e9s motrices. La s\u00e9rie AS2@ HD offre une qualit\u00e9 et une fonctionnalit\u00e9 maximales, une utilisation simple et une faible consommation d&rsquo;\u00e9nergie. Les installations convainquent par une orientation tr\u00e8s rapide et une port\u00e9e de r\u00e9ception maximale avec [&hellip;]","og_url":"https:\/\/shop.bantam.ch\/fr\/produit\/systeme-satellite-automatique-alden-as2-60-a-i-o-smart\/","og_site_name":"Bantam Wankm\u00fcller SA","article_modified_time":"2026-04-18T23:21:36+00:00","og_image":[{"width":640,"height":743,"url":"https:\/\/shop.bantam.ch\/wp-content\/uploads\/2024\/05\/Movera-L-9963714100.jpg","type":"image\/jpeg"}],"twitter_card":"summary_large_image","twitter_misc":{"Dur\u00e9e de lecture estim\u00e9e":"1 minute"},"schema":{"@context":"https:\/\/schema.org","@graph":[{"@type":"WebPage","@id":"https:\/\/shop.bantam.ch\/fr\/produit\/systeme-satellite-automatique-alden-as2-60-a-i-o-smart\/","url":"https:\/\/shop.bantam.ch\/fr\/produit\/systeme-satellite-automatique-alden-as2-60-a-i-o-smart\/","name":"Syst\u00e8me satellite automatique Alden AS2@ 60 \/ A.I.O. SMART - Bantam Wankm\u00fcller SA","isPartOf":{"@id":"https:\/\/shop.bantam.ch\/fr\/#website"},"primaryImageOfPage":{"@id":"https:\/\/shop.bantam.ch\/fr\/produit\/systeme-satellite-automatique-alden-as2-60-a-i-o-smart\/#primaryimage"},"image":{"@id":"https:\/\/shop.bantam.ch\/fr\/produit\/systeme-satellite-automatique-alden-as2-60-a-i-o-smart\/#primaryimage"},"thumbnailUrl":"https:\/\/shop.bantam.ch\/wp-content\/uploads\/2024\/05\/Movera-L-9963714100.jpg","datePublished":"2024-05-15T14:52:28+00:00","dateModified":"2026-04-18T23:21:36+00:00","breadcrumb":{"@id":"https:\/\/shop.bantam.ch\/fr\/produit\/systeme-satellite-automatique-alden-as2-60-a-i-o-smart\/#breadcrumb"},"inLanguage":"fr-FR","potentialAction":[{"@type":"ReadAction","target":["https:\/\/shop.bantam.ch\/fr\/produit\/systeme-satellite-automatique-alden-as2-60-a-i-o-smart\/"]}]},{"@type":"ImageObject","inLanguage":"fr-FR","@id":"https:\/\/shop.bantam.ch\/fr\/produit\/systeme-satellite-automatique-alden-as2-60-a-i-o-smart\/#primaryimage","url":"https:\/\/shop.bantam.ch\/wp-content\/uploads\/2024\/05\/Movera-L-9963714100.jpg","contentUrl":"https:\/\/shop.bantam.ch\/wp-content\/uploads\/2024\/05\/Movera-L-9963714100.jpg","width":640,"height":743},{"@type":"BreadcrumbList","@id":"https:\/\/shop.bantam.ch\/fr\/produit\/systeme-satellite-automatique-alden-as2-60-a-i-o-smart\/#breadcrumb","itemListElement":[{"@type":"ListItem","position":1,"name":"Accueil","item":"https:\/\/shop.bantam.ch\/fr\/"},{"@type":"ListItem","position":2,"name":"Boutique","item":"https:\/\/shop.bantam.ch\/fr\/boutique\/"},{"@type":"ListItem","position":3,"name":"Syst\u00e8me satellite automatique Alden AS2@ 60 \/ A.I.O. SMART"}]},{"@type":"WebSite","@id":"https:\/\/shop.bantam.ch\/fr\/#website","url":"https:\/\/shop.bantam.ch\/fr\/","name":"Bantam Wankm\u00fcller SA","description":"","publisher":{"@id":"https:\/\/shop.bantam.ch\/fr\/#organization"},"inLanguage":"fr-FR"},{"@type":"Organization","@id":"https:\/\/shop.bantam.ch\/fr\/#organization","name":"Bantam Wankm\u00fcller SA","url":"https:\/\/shop.bantam.ch\/fr\/","logo":{"@type":"ImageObject","inLanguage":"fr-FR","@id":"https:\/\/shop.bantam.ch\/fr\/#\/schema\/logo\/image\/","url":"https:\/\/shop.bantam.ch\/wp-content\/uploads\/2022\/12\/bantam-logo.png","contentUrl":"https:\/\/shop.bantam.ch\/wp-content\/uploads\/2022\/12\/bantam-logo.png","width":320,"height":71,"caption":"Bantam Wankm\u00fcller SA"},"image":{"@id":"https:\/\/shop.bantam.ch\/fr\/#\/schema\/logo\/image\/"}}]}},"_links":{"self":[{"href":"https:\/\/shop.bantam.ch\/fr\/wp-json\/wp\/v2\/product\/198640","targetHints":{"allow":["GET"]}}],"collection":[{"href":"https:\/\/shop.bantam.ch\/fr\/wp-json\/wp\/v2\/product"}],"about":[{"href":"https:\/\/shop.bantam.ch\/fr\/wp-json\/wp\/v2\/types\/product"}],"wp:featuredmedia":[{"embeddable":true,"href":"https:\/\/shop.bantam.ch\/fr\/wp-json\/wp\/v2\/media\/198634"}],"wp:attachment":[{"href":"https:\/\/shop.bantam.ch\/fr\/wp-json\/wp\/v2\/media?parent=198640"}],"wp:term":[{"taxonomy":"product_featured_cat","embeddable":true,"href":"https:\/\/shop.bantam.ch\/fr\/wp-json\/wp\/v2\/product_featured_cat?post=198640"},{"taxonomy":"product_brand","embeddable":true,"href":"https:\/\/shop.bantam.ch\/fr\/wp-json\/wp\/v2\/product_brand?post=198640"},{"taxonomy":"product_cat","embeddable":true,"href":"https:\/\/shop.bantam.ch\/fr\/wp-json\/wp\/v2\/product_cat?post=198640"},{"taxonomy":"product_tag","embeddable":true,"href":"https:\/\/shop.bantam.ch\/fr\/wp-json\/wp\/v2\/product_tag?post=198640"}],"curies":[{"name":"wp","href":"https:\/\/api.w.org\/{rel}","templated":true}]}}