{"id":198512,"date":"2024-05-15T16:49:35","date_gmt":"2024-05-15T14:49:35","guid":{"rendered":"https:\/\/shop.bantam.ch\/produit\/ordinateur-solaire-lcd-campere\/"},"modified":"2026-04-18T23:13:48","modified_gmt":"2026-04-18T21:13:48","slug":"ordinateur-solaire-lcd-campere","status":"publish","type":"product","link":"https:\/\/shop.bantam.ch\/fr\/produit\/ordinateur-solaire-lcd-campere\/","title":{"rendered":"Ordinateur solaire LCD campere"},"content":{"rendered":"<p>Ordinateur de batterie id\u00e9alement adapt\u00e9 \u00e0 tous les r\u00e9gulateurs de charge solaire LILIE. Au choix comme appareil encastr\u00e9 ou en option avec bo\u00eetier pour montage en saillie (compris dans la livraison). Affichage de la tension de charge, du courant de charge, de l&rsquo;\u00e9tat de la batterie, de la tension de soutirage, du courant de soutirage, du courant diff\u00e9rentiel de charge\/de soutirage, de l&rsquo;affichage jour\/nuit. Fonction d&rsquo;alarme commutable vers le haut\/bas en cas de d\u00e9tection d&rsquo;erreur. Reconnaissance automatique du type de r\u00e9gulateur de charge et prise en compte des param\u00e8tres sp\u00e9cifiques. Repr\u00e9sentation en temps r\u00e9el des valeurs mesur\u00e9es sous forme num\u00e9rique, graphique et textuelle. Appel direct et rapide via les touches de fonction et d&rsquo;entr\u00e9e. Connexion directe \u00e0 l&rsquo;interface RS485 du r\u00e9gulateur de charge solaire via le c\u00e2ble fourni (2 m). Peut \u00e9galement \u00eatre utilis\u00e9 comme ordinateur de batterie sans \u00e9nergie solaire.<br \/>\nEn cas de montage 9,8 x 2,8 x 9,8 cm (H x L x P), fixation avec 4 vis, distance entre les trous de per\u00e7age 8,4 cm, dimensions de d\u00e9coupe \u00d8 7,5cm, 115 g. En cas d&rsquo;utilisation du bo\u00eetier en saillie 11,4 x 11,4 x 4,8 cm (L x H x P), fixation avec 4 vis, distance entre les trous de per\u00e7age 8,7 cm, 180g.<\/p>\n","protected":false},"excerpt":{"rendered":"<p>Ordinateur de batterie id\u00e9alement adapt\u00e9 \u00e0 tous les r\u00e9gulateurs de charge solaire LILIE. Au choix comme appareil encastr\u00e9 ou en option avec bo\u00eetier pour montage en saillie (compris dans la livraison). Affichage de la tension de charge, du courant de charge, de l&rsquo;\u00e9tat de la batterie, de la tension de soutirage, du courant de soutirage, [&hellip;]<\/p>\n","protected":false},"featured_media":207262,"template":"","meta":{"_acf_changed":false},"product_featured_cat":[],"product_brand":[5263],"product_cat":[5123],"product_tag":[],"class_list":{"0":"post-198512","1":"product","2":"type-product","3":"status-publish","4":"has-post-thumbnail","6":"product_brand-campere","7":"product_cat-autres-accessoires-pour-la-technique-solaire","9":"first","10":"instock","11":"taxable","12":"shipping-taxable","13":"purchasable","14":"product-type-simple"},"acf":[],"yoast_head":"<!-- This site is optimized with the Yoast SEO plugin v27.4 - https:\/\/yoast.com\/product\/yoast-seo-wordpress\/ -->\n<title>Ordinateur solaire LCD campere - Bantam Wankm\u00fcller SA<\/title>\n<meta name=\"robots\" content=\"index, follow, max-snippet:-1, max-image-preview:large, max-video-preview:-1\" \/>\n<link rel=\"canonical\" href=\"https:\/\/shop.bantam.ch\/fr\/produit\/ordinateur-solaire-lcd-campere\/\" \/>\n<meta property=\"og:locale\" content=\"fr_FR\" \/>\n<meta property=\"og:type\" content=\"article\" \/>\n<meta property=\"og:title\" content=\"Ordinateur solaire LCD campere - Bantam Wankm\u00fcller SA\" \/>\n<meta property=\"og:description\" content=\"Ordinateur de batterie id\u00e9alement adapt\u00e9 \u00e0 tous les r\u00e9gulateurs de charge solaire LILIE. Au choix comme appareil encastr\u00e9 ou en option avec bo\u00eetier pour montage en saillie (compris dans la livraison). Affichage de la tension de charge, du courant de charge, de l&rsquo;\u00e9tat de la batterie, de la tension de soutirage, du courant de soutirage, [&hellip;]\" \/>\n<meta property=\"og:url\" content=\"https:\/\/shop.bantam.ch\/fr\/produit\/ordinateur-solaire-lcd-campere\/\" \/>\n<meta property=\"og:site_name\" content=\"Bantam Wankm\u00fcller SA\" \/>\n<meta property=\"article:modified_time\" content=\"2026-04-18T21:13:48+00:00\" \/>\n<meta property=\"og:image\" content=\"https:\/\/shop.bantam.ch\/wp-content\/uploads\/2024\/05\/Movera-L-9962250100.jpg\" \/>\n\t<meta property=\"og:image:width\" content=\"640\" \/>\n\t<meta property=\"og:image:height\" content=\"663\" \/>\n\t<meta property=\"og:image:type\" content=\"image\/jpeg\" \/>\n<meta name=\"twitter:card\" content=\"summary_large_image\" \/>\n<meta name=\"twitter:label1\" content=\"Dur\u00e9e de lecture estim\u00e9e\" \/>\n\t<meta name=\"twitter:data1\" content=\"1 minute\" \/>\n<script type=\"application\/ld+json\" class=\"yoast-schema-graph\">{\"@context\":\"https:\\\/\\\/schema.org\",\"@graph\":[{\"@type\":\"WebPage\",\"@id\":\"https:\\\/\\\/shop.bantam.ch\\\/fr\\\/produit\\\/ordinateur-solaire-lcd-campere\\\/\",\"url\":\"https:\\\/\\\/shop.bantam.ch\\\/fr\\\/produit\\\/ordinateur-solaire-lcd-campere\\\/\",\"name\":\"Ordinateur solaire LCD campere - Bantam Wankm\u00fcller SA\",\"isPartOf\":{\"@id\":\"https:\\\/\\\/shop.bantam.ch\\\/fr\\\/#website\"},\"primaryImageOfPage\":{\"@id\":\"https:\\\/\\\/shop.bantam.ch\\\/fr\\\/produit\\\/ordinateur-solaire-lcd-campere\\\/#primaryimage\"},\"image\":{\"@id\":\"https:\\\/\\\/shop.bantam.ch\\\/fr\\\/produit\\\/ordinateur-solaire-lcd-campere\\\/#primaryimage\"},\"thumbnailUrl\":\"https:\\\/\\\/shop.bantam.ch\\\/wp-content\\\/uploads\\\/2024\\\/09\\\/Movera-L-9962250100.jpg\",\"datePublished\":\"2024-05-15T14:49:35+00:00\",\"dateModified\":\"2026-04-18T21:13:48+00:00\",\"breadcrumb\":{\"@id\":\"https:\\\/\\\/shop.bantam.ch\\\/fr\\\/produit\\\/ordinateur-solaire-lcd-campere\\\/#breadcrumb\"},\"inLanguage\":\"fr-FR\",\"potentialAction\":[{\"@type\":\"ReadAction\",\"target\":[\"https:\\\/\\\/shop.bantam.ch\\\/fr\\\/produit\\\/ordinateur-solaire-lcd-campere\\\/\"]}]},{\"@type\":\"ImageObject\",\"inLanguage\":\"fr-FR\",\"@id\":\"https:\\\/\\\/shop.bantam.ch\\\/fr\\\/produit\\\/ordinateur-solaire-lcd-campere\\\/#primaryimage\",\"url\":\"https:\\\/\\\/shop.bantam.ch\\\/wp-content\\\/uploads\\\/2024\\\/09\\\/Movera-L-9962250100.jpg\",\"contentUrl\":\"https:\\\/\\\/shop.bantam.ch\\\/wp-content\\\/uploads\\\/2024\\\/09\\\/Movera-L-9962250100.jpg\",\"width\":640,\"height\":663},{\"@type\":\"BreadcrumbList\",\"@id\":\"https:\\\/\\\/shop.bantam.ch\\\/fr\\\/produit\\\/ordinateur-solaire-lcd-campere\\\/#breadcrumb\",\"itemListElement\":[{\"@type\":\"ListItem\",\"position\":1,\"name\":\"Accueil\",\"item\":\"https:\\\/\\\/shop.bantam.ch\\\/fr\\\/\"},{\"@type\":\"ListItem\",\"position\":2,\"name\":\"Boutique\",\"item\":\"https:\\\/\\\/shop.bantam.ch\\\/fr\\\/boutique\\\/\"},{\"@type\":\"ListItem\",\"position\":3,\"name\":\"Ordinateur solaire LCD campere\"}]},{\"@type\":\"WebSite\",\"@id\":\"https:\\\/\\\/shop.bantam.ch\\\/fr\\\/#website\",\"url\":\"https:\\\/\\\/shop.bantam.ch\\\/fr\\\/\",\"name\":\"Bantam Wankm\u00fcller SA\",\"description\":\"\",\"publisher\":{\"@id\":\"https:\\\/\\\/shop.bantam.ch\\\/fr\\\/#organization\"},\"inLanguage\":\"fr-FR\"},{\"@type\":\"Organization\",\"@id\":\"https:\\\/\\\/shop.bantam.ch\\\/fr\\\/#organization\",\"name\":\"Bantam Wankm\u00fcller SA\",\"url\":\"https:\\\/\\\/shop.bantam.ch\\\/fr\\\/\",\"logo\":{\"@type\":\"ImageObject\",\"inLanguage\":\"fr-FR\",\"@id\":\"https:\\\/\\\/shop.bantam.ch\\\/fr\\\/#\\\/schema\\\/logo\\\/image\\\/\",\"url\":\"https:\\\/\\\/shop.bantam.ch\\\/wp-content\\\/uploads\\\/2022\\\/12\\\/bantam-logo.png\",\"contentUrl\":\"https:\\\/\\\/shop.bantam.ch\\\/wp-content\\\/uploads\\\/2022\\\/12\\\/bantam-logo.png\",\"width\":320,\"height\":71,\"caption\":\"Bantam Wankm\u00fcller SA\"},\"image\":{\"@id\":\"https:\\\/\\\/shop.bantam.ch\\\/fr\\\/#\\\/schema\\\/logo\\\/image\\\/\"}}]}<\/script>\n<!-- \/ Yoast SEO plugin. -->","yoast_head_json":{"title":"Ordinateur solaire LCD campere - Bantam Wankm\u00fcller SA","robots":{"index":"index","follow":"follow","max-snippet":"max-snippet:-1","max-image-preview":"max-image-preview:large","max-video-preview":"max-video-preview:-1"},"canonical":"https:\/\/shop.bantam.ch\/fr\/produit\/ordinateur-solaire-lcd-campere\/","og_locale":"fr_FR","og_type":"article","og_title":"Ordinateur solaire LCD campere - Bantam Wankm\u00fcller SA","og_description":"Ordinateur de batterie id\u00e9alement adapt\u00e9 \u00e0 tous les r\u00e9gulateurs de charge solaire LILIE. Au choix comme appareil encastr\u00e9 ou en option avec bo\u00eetier pour montage en saillie (compris dans la livraison). Affichage de la tension de charge, du courant de charge, de l&rsquo;\u00e9tat de la batterie, de la tension de soutirage, du courant de soutirage, [&hellip;]","og_url":"https:\/\/shop.bantam.ch\/fr\/produit\/ordinateur-solaire-lcd-campere\/","og_site_name":"Bantam Wankm\u00fcller SA","article_modified_time":"2026-04-18T21:13:48+00:00","og_image":[{"width":640,"height":663,"url":"https:\/\/shop.bantam.ch\/wp-content\/uploads\/2024\/05\/Movera-L-9962250100.jpg","type":"image\/jpeg"}],"twitter_card":"summary_large_image","twitter_misc":{"Dur\u00e9e de lecture estim\u00e9e":"1 minute"},"schema":{"@context":"https:\/\/schema.org","@graph":[{"@type":"WebPage","@id":"https:\/\/shop.bantam.ch\/fr\/produit\/ordinateur-solaire-lcd-campere\/","url":"https:\/\/shop.bantam.ch\/fr\/produit\/ordinateur-solaire-lcd-campere\/","name":"Ordinateur solaire LCD campere - Bantam Wankm\u00fcller SA","isPartOf":{"@id":"https:\/\/shop.bantam.ch\/fr\/#website"},"primaryImageOfPage":{"@id":"https:\/\/shop.bantam.ch\/fr\/produit\/ordinateur-solaire-lcd-campere\/#primaryimage"},"image":{"@id":"https:\/\/shop.bantam.ch\/fr\/produit\/ordinateur-solaire-lcd-campere\/#primaryimage"},"thumbnailUrl":"https:\/\/shop.bantam.ch\/wp-content\/uploads\/2024\/09\/Movera-L-9962250100.jpg","datePublished":"2024-05-15T14:49:35+00:00","dateModified":"2026-04-18T21:13:48+00:00","breadcrumb":{"@id":"https:\/\/shop.bantam.ch\/fr\/produit\/ordinateur-solaire-lcd-campere\/#breadcrumb"},"inLanguage":"fr-FR","potentialAction":[{"@type":"ReadAction","target":["https:\/\/shop.bantam.ch\/fr\/produit\/ordinateur-solaire-lcd-campere\/"]}]},{"@type":"ImageObject","inLanguage":"fr-FR","@id":"https:\/\/shop.bantam.ch\/fr\/produit\/ordinateur-solaire-lcd-campere\/#primaryimage","url":"https:\/\/shop.bantam.ch\/wp-content\/uploads\/2024\/09\/Movera-L-9962250100.jpg","contentUrl":"https:\/\/shop.bantam.ch\/wp-content\/uploads\/2024\/09\/Movera-L-9962250100.jpg","width":640,"height":663},{"@type":"BreadcrumbList","@id":"https:\/\/shop.bantam.ch\/fr\/produit\/ordinateur-solaire-lcd-campere\/#breadcrumb","itemListElement":[{"@type":"ListItem","position":1,"name":"Accueil","item":"https:\/\/shop.bantam.ch\/fr\/"},{"@type":"ListItem","position":2,"name":"Boutique","item":"https:\/\/shop.bantam.ch\/fr\/boutique\/"},{"@type":"ListItem","position":3,"name":"Ordinateur solaire LCD campere"}]},{"@type":"WebSite","@id":"https:\/\/shop.bantam.ch\/fr\/#website","url":"https:\/\/shop.bantam.ch\/fr\/","name":"Bantam Wankm\u00fcller SA","description":"","publisher":{"@id":"https:\/\/shop.bantam.ch\/fr\/#organization"},"inLanguage":"fr-FR"},{"@type":"Organization","@id":"https:\/\/shop.bantam.ch\/fr\/#organization","name":"Bantam Wankm\u00fcller SA","url":"https:\/\/shop.bantam.ch\/fr\/","logo":{"@type":"ImageObject","inLanguage":"fr-FR","@id":"https:\/\/shop.bantam.ch\/fr\/#\/schema\/logo\/image\/","url":"https:\/\/shop.bantam.ch\/wp-content\/uploads\/2022\/12\/bantam-logo.png","contentUrl":"https:\/\/shop.bantam.ch\/wp-content\/uploads\/2022\/12\/bantam-logo.png","width":320,"height":71,"caption":"Bantam Wankm\u00fcller SA"},"image":{"@id":"https:\/\/shop.bantam.ch\/fr\/#\/schema\/logo\/image\/"}}]}},"_links":{"self":[{"href":"https:\/\/shop.bantam.ch\/fr\/wp-json\/wp\/v2\/product\/198512","targetHints":{"allow":["GET"]}}],"collection":[{"href":"https:\/\/shop.bantam.ch\/fr\/wp-json\/wp\/v2\/product"}],"about":[{"href":"https:\/\/shop.bantam.ch\/fr\/wp-json\/wp\/v2\/types\/product"}],"wp:featuredmedia":[{"embeddable":true,"href":"https:\/\/shop.bantam.ch\/fr\/wp-json\/wp\/v2\/media\/207262"}],"wp:attachment":[{"href":"https:\/\/shop.bantam.ch\/fr\/wp-json\/wp\/v2\/media?parent=198512"}],"wp:term":[{"taxonomy":"product_featured_cat","embeddable":true,"href":"https:\/\/shop.bantam.ch\/fr\/wp-json\/wp\/v2\/product_featured_cat?post=198512"},{"taxonomy":"product_brand","embeddable":true,"href":"https:\/\/shop.bantam.ch\/fr\/wp-json\/wp\/v2\/product_brand?post=198512"},{"taxonomy":"product_cat","embeddable":true,"href":"https:\/\/shop.bantam.ch\/fr\/wp-json\/wp\/v2\/product_cat?post=198512"},{"taxonomy":"product_tag","embeddable":true,"href":"https:\/\/shop.bantam.ch\/fr\/wp-json\/wp\/v2\/product_tag?post=198512"}],"curies":[{"name":"wp","href":"https:\/\/api.w.org\/{rel}","templated":true}]}}